{"id":77944,"date":"2012-08-24T22:24:47","date_gmt":"2012-08-24T20:24:47","guid":{"rendered":"https:\/\/www.bagnoitalia.com\/product\/sauna-de-infrarrojos-150x65x120-para-4-personas-con-cromoterapia-e-ionizador-sn012"},"modified":"2024-05-11T00:16:18","modified_gmt":"2024-05-10T22:16:18","slug":"sauna-de-infrarrojos-150x65x120-para-4-personas-con-cromoterapia-e-ionizador-sn012","status":"publish","type":"product","link":"https:\/\/www.bagnoitalia.com\/es\/producto\/sauna-de-infrarrojos-150x65x120-para-4-personas-con-cromoterapia-e-ionizador-sn012.html","title":{"rendered":"Sauna de Infrarrojos 150x65x120 para 4 personas con cromoterapia e ionizador SN012"},"content":{"rendered":"<p style=\"margin-top: 0.18cm; margin-bottom: 0.18cm;\"><strong>SAUNA Infrarrojo 150 65x 120 con cromoterapia. <br \/><\/strong><\/p>\n<p style=\"margin-top: 0.18cm; margin-bottom: 0.18cm;\"><strong>Caracter\u00edsticas t\u00e9cnicas<\/strong> Dimensiones: 150 x 65 x 120 x 190H cm &#8211; Marco externo con iluminaci\u00f3n &#8211; Panel de control doble &#8211; 6 radiadores de cer\u00e1mica infrarrojos &#8211; Radio &#8211; Reproductor de CD &#8211; Ionizador para perfume terapia &#8211; Cromoterapia de 7 colores &#8211; Temperatura: 18 a 60 \u00b0 C &#8211; Potencia: 2000 W &#8211; Madera: Hemlock<\/p>\n<p style=\"margin-top: 0.18cm; margin-bottom: 0.18cm;\">\n<p style=\"margin-top: 0.18cm; margin-bottom: 0.18cm;\">Este modelo es infrarrojo a unos 40\/50 minutos para la calefacci\u00f3n, a diferencia del finland\u00e9s que dura aproximadamente 1 hora y media, por lo que tiene costos mucho m\u00e1s bajos. Adem\u00e1s, en la sauna finlandesa el aire es completamente calentado por la estufa y La persona se calienta con el aire, por lo que hay un vapor intenso que no todos pueden soportar, en el infrarrojo los rayos calientan el aire en un 80% y en un 20% directamente en el cuerpo, creando una situaci\u00f3n m\u00e1s f\u00e1cilmente tolerable.<\/p>\n<p style=\"margin-top: 0.18cm; margin-bottom: 0.18cm;\">\n<p style=\"margin: 0px; padding: 0px;\"><span style=\"color: #000000;\"><strong>La sauna<\/strong> tiene una capacidad de <strong>relajaci\u00f3n<\/strong> y <strong>desintoxicaci\u00f3n<\/strong> . La piel se purifica y la transpiraci\u00f3n elimina \u00e1cidos y toxinas. El sistema neurovegetativo se estimula mejorando el metabolismo general. A nivel est\u00e9tico, la <strong>disminuci\u00f3n de la celulitis<\/strong> y una mayor elasticidad de los tejidos son los mejores.<\/span><\/p>\n<p style=\"margin: 0px; padding: 0px;\"><span style=\"color: #000000;\">Puedes conseguirlo combinando la sauna con una dieta. Los beneficios son igualmente evidentes.<\/span><\/p>\n<p style=\"margin: 0px; padding: 0px;\"><span style=\"color: #000000;\">La est\u00e9tica que se deriva de la <strong>limpieza profunda de la epidermis<\/strong> que revela una pureza y brillo renovados.<\/span><\/p><\/p>\n","protected":false},"excerpt":{"rendered":"<p>Sauna 150x65x120x190H 4 lugares con cabina de madera, infrarrojos, CROMOTERAPIA, OZONOTERAPIA<\/p>\n","protected":false},"featured_media":16066,"comment_status":"open","ping_status":"closed","template":"","meta":[],"product_brand":[9911],"product_cat":[9753],"product_tag":[],"class_list":{"0":"post-77944","1":"product","2":"type-product","3":"status-publish","4":"has-post-thumbnail","6":"product_brand-puntorelax-es","7":"product_cat-sauna-de-infrarrojos","9":"first","10":"instock","11":"sale","12":"taxable","13":"shipping-taxable","14":"purchasable","15":"product-type-simple"},"exclude_global_add_ons":[],"addons":[],"yoast_head":"<!-- This site is optimized with the Yoast SEO plugin v26.7 - https:\/\/yoast.com\/wordpress\/plugins\/seo\/ -->\n<title>Sauna de infrarrojos, ideal para 4 personas cromoterapia pr<\/title>\n<meta name=\"description\" content=\"Sauna de infrarrojos con terapia de color y perfumer\u00eda de 7 colores, tama\u00f1o 150x65x120cm, ideal para 3 o 4 personas. Con radio, reproductor de CD. \u00a1Descubre m\u00e1s!\" \/>\n<meta name=\"robots\" content=\"index, follow, max-snippet:-1, max-image-preview:large, max-video-preview:-1\" \/>\n<link rel=\"canonical\" href=\"https:\/\/www.bagnoitalia.com\/es\/producto\/sauna-de-infrarrojos-150x65x120-para-4-personas-con-cromoterapia-e-ionizador-sn012.html\" \/>\n<meta property=\"og:locale\" content=\"es_ES\" \/>\n<meta property=\"og:type\" content=\"article\" \/>\n<meta property=\"og:title\" content=\"Sauna de infrarrojos, ideal para 4 personas cromoterapia pr\" \/>\n<meta property=\"og:description\" content=\"Sauna de infrarrojos con terapia de color y perfumer\u00eda de 7 colores, tama\u00f1o 150x65x120cm, ideal para 3 o 4 personas. Con radio, reproductor de CD. \u00a1Descubre m\u00e1s!\" \/>\n<meta property=\"og:url\" content=\"https:\/\/www.bagnoitalia.com\/es\/producto\/sauna-de-infrarrojos-150x65x120-para-4-personas-con-cromoterapia-e-ionizador-sn012.html\" \/>\n<meta property=\"og:site_name\" content=\"Bagno Italia\" \/>\n<meta property=\"article:modified_time\" content=\"2024-05-10T22:16:18+00:00\" \/>\n<meta property=\"og:image\" content=\"https:\/\/img.bagnoitalia.com\/wp-content\/uploads\/virtuemart\/product\/sauna-infrarossi-150-cm.jpg\" \/>\n\t<meta property=\"og:image:width\" content=\"549\" \/>\n\t<meta property=\"og:image:height\" content=\"550\" \/>\n\t<meta property=\"og:image:type\" content=\"image\/jpeg\" \/>\n<meta name=\"twitter:card\" content=\"summary_large_image\" \/>\n<meta name=\"twitter:label1\" content=\"Tiempo de lectura\" \/>\n\t<meta name=\"twitter:data1\" content=\"1 minuto\" \/>\n<script type=\"application\/ld+json\" class=\"yoast-schema-graph\">{\"@context\":\"https:\/\/schema.org\",\"@graph\":[{\"@type\":\"WebPage\",\"@id\":\"https:\/\/www.bagnoitalia.com\/es\/producto\/sauna-de-infrarrojos-150x65x120-para-4-personas-con-cromoterapia-e-ionizador-sn012.html\",\"url\":\"https:\/\/www.bagnoitalia.com\/es\/producto\/sauna-de-infrarrojos-150x65x120-para-4-personas-con-cromoterapia-e-ionizador-sn012.html\",\"name\":\"Sauna de infrarrojos, ideal para 4 personas cromoterapia pr\",\"isPartOf\":{\"@id\":\"https:\/\/www.bagnoitalia.com\/es#website\"},\"primaryImageOfPage\":{\"@id\":\"https:\/\/www.bagnoitalia.com\/es\/producto\/sauna-de-infrarrojos-150x65x120-para-4-personas-con-cromoterapia-e-ionizador-sn012.html#primaryimage\"},\"image\":{\"@id\":\"https:\/\/www.bagnoitalia.com\/es\/producto\/sauna-de-infrarrojos-150x65x120-para-4-personas-con-cromoterapia-e-ionizador-sn012.html#primaryimage\"},\"thumbnailUrl\":\"https:\/\/img.bagnoitalia.com\/wp-content\/uploads\/virtuemart\/product\/sauna-infrarossi-150-cm.jpg\",\"datePublished\":\"2012-08-24T20:24:47+00:00\",\"dateModified\":\"2024-05-10T22:16:18+00:00\",\"description\":\"Sauna de infrarrojos con terapia de color y perfumer\u00eda de 7 colores, tama\u00f1o 150x65x120cm, ideal para 3 o 4 personas. Con radio, reproductor de CD. \u00a1Descubre m\u00e1s!\",\"breadcrumb\":{\"@id\":\"https:\/\/www.bagnoitalia.com\/es\/producto\/sauna-de-infrarrojos-150x65x120-para-4-personas-con-cromoterapia-e-ionizador-sn012.html#breadcrumb\"},\"inLanguage\":\"es\",\"potentialAction\":[{\"@type\":\"ReadAction\",\"target\":[\"https:\/\/www.bagnoitalia.com\/es\/producto\/sauna-de-infrarrojos-150x65x120-para-4-personas-con-cromoterapia-e-ionizador-sn012.html\"]}]},{\"@type\":\"ImageObject\",\"inLanguage\":\"es\",\"@id\":\"https:\/\/www.bagnoitalia.com\/es\/producto\/sauna-de-infrarrojos-150x65x120-para-4-personas-con-cromoterapia-e-ionizador-sn012.html#primaryimage\",\"url\":\"https:\/\/img.bagnoitalia.com\/wp-content\/uploads\/virtuemart\/product\/sauna-infrarossi-150-cm.jpg\",\"contentUrl\":\"https:\/\/img.bagnoitalia.com\/wp-content\/uploads\/virtuemart\/product\/sauna-infrarossi-150-cm.jpg\",\"width\":549,\"height\":550},{\"@type\":\"BreadcrumbList\",\"@id\":\"https:\/\/www.bagnoitalia.com\/es\/producto\/sauna-de-infrarrojos-150x65x120-para-4-personas-con-cromoterapia-e-ionizador-sn012.html#breadcrumb\",\"itemListElement\":[{\"@type\":\"ListItem\",\"position\":1,\"name\":\"Home\",\"item\":\"https:\/\/www.bagnoitalia.com\/es\"},{\"@type\":\"ListItem\",\"position\":2,\"name\":\"Productos\",\"item\":\"https:\/\/www.bagnoitalia.com\/es\/shop\"},{\"@type\":\"ListItem\",\"position\":3,\"name\":\"Sauna de Infrarrojos 150x65x120 para 4 personas con cromoterapia e ionizador SN012\"}]},{\"@type\":\"WebSite\",\"@id\":\"https:\/\/www.bagnoitalia.com\/es#website\",\"url\":\"https:\/\/www.bagnoitalia.com\/es\",\"name\":\"Bagno Italia\",\"description\":\"\",\"publisher\":{\"@id\":\"https:\/\/www.bagnoitalia.com\/es#organization\"},\"potentialAction\":[{\"@type\":\"SearchAction\",\"target\":{\"@type\":\"EntryPoint\",\"urlTemplate\":\"https:\/\/www.bagnoitalia.com\/es?s={search_term_string}\"},\"query-input\":{\"@type\":\"PropertyValueSpecification\",\"valueRequired\":true,\"valueName\":\"search_term_string\"}}],\"inLanguage\":\"es\"},{\"@type\":\"Organization\",\"@id\":\"https:\/\/www.bagnoitalia.com\/es#organization\",\"name\":\"Bagno Italia\",\"url\":\"https:\/\/www.bagnoitalia.com\/es\",\"logo\":{\"@type\":\"ImageObject\",\"inLanguage\":\"es\",\"@id\":\"https:\/\/www.bagnoitalia.com\/es#\/schema\/logo\/image\/\",\"url\":\"https:\/\/img.bagnoitalia.com\/wp-content\/uploads\/logo-bagnoitalia.webp\",\"contentUrl\":\"https:\/\/img.bagnoitalia.com\/wp-content\/uploads\/logo-bagnoitalia.webp\",\"width\":400,\"height\":70,\"caption\":\"Bagno Italia\"},\"image\":{\"@id\":\"https:\/\/www.bagnoitalia.com\/es#\/schema\/logo\/image\/\"}}]}<\/script>\n<!-- \/ Yoast SEO plugin. -->","yoast_head_json":{"title":"Sauna de infrarrojos, ideal para 4 personas cromoterapia pr","description":"Sauna de infrarrojos con terapia de color y perfumer\u00eda de 7 colores, tama\u00f1o 150x65x120cm, ideal para 3 o 4 personas. Con radio, reproductor de CD. \u00a1Descubre m\u00e1s!","robots":{"index":"index","follow":"follow","max-snippet":"max-snippet:-1","max-image-preview":"max-image-preview:large","max-video-preview":"max-video-preview:-1"},"canonical":"https:\/\/www.bagnoitalia.com\/es\/producto\/sauna-de-infrarrojos-150x65x120-para-4-personas-con-cromoterapia-e-ionizador-sn012.html","og_locale":"es_ES","og_type":"article","og_title":"Sauna de infrarrojos, ideal para 4 personas cromoterapia pr","og_description":"Sauna de infrarrojos con terapia de color y perfumer\u00eda de 7 colores, tama\u00f1o 150x65x120cm, ideal para 3 o 4 personas. Con radio, reproductor de CD. \u00a1Descubre m\u00e1s!","og_url":"https:\/\/www.bagnoitalia.com\/es\/producto\/sauna-de-infrarrojos-150x65x120-para-4-personas-con-cromoterapia-e-ionizador-sn012.html","og_site_name":"Bagno Italia","article_modified_time":"2024-05-10T22:16:18+00:00","og_image":[{"width":549,"height":550,"url":"https:\/\/img.bagnoitalia.com\/wp-content\/uploads\/virtuemart\/product\/sauna-infrarossi-150-cm.jpg","type":"image\/jpeg"}],"twitter_card":"summary_large_image","twitter_misc":{"Tiempo de lectura":"1 minuto"},"schema":{"@context":"https:\/\/schema.org","@graph":[{"@type":"WebPage","@id":"https:\/\/www.bagnoitalia.com\/es\/producto\/sauna-de-infrarrojos-150x65x120-para-4-personas-con-cromoterapia-e-ionizador-sn012.html","url":"https:\/\/www.bagnoitalia.com\/es\/producto\/sauna-de-infrarrojos-150x65x120-para-4-personas-con-cromoterapia-e-ionizador-sn012.html","name":"Sauna de infrarrojos, ideal para 4 personas cromoterapia pr","isPartOf":{"@id":"https:\/\/www.bagnoitalia.com\/es#website"},"primaryImageOfPage":{"@id":"https:\/\/www.bagnoitalia.com\/es\/producto\/sauna-de-infrarrojos-150x65x120-para-4-personas-con-cromoterapia-e-ionizador-sn012.html#primaryimage"},"image":{"@id":"https:\/\/www.bagnoitalia.com\/es\/producto\/sauna-de-infrarrojos-150x65x120-para-4-personas-con-cromoterapia-e-ionizador-sn012.html#primaryimage"},"thumbnailUrl":"https:\/\/img.bagnoitalia.com\/wp-content\/uploads\/virtuemart\/product\/sauna-infrarossi-150-cm.jpg","datePublished":"2012-08-24T20:24:47+00:00","dateModified":"2024-05-10T22:16:18+00:00","description":"Sauna de infrarrojos con terapia de color y perfumer\u00eda de 7 colores, tama\u00f1o 150x65x120cm, ideal para 3 o 4 personas. Con radio, reproductor de CD. \u00a1Descubre m\u00e1s!","breadcrumb":{"@id":"https:\/\/www.bagnoitalia.com\/es\/producto\/sauna-de-infrarrojos-150x65x120-para-4-personas-con-cromoterapia-e-ionizador-sn012.html#breadcrumb"},"inLanguage":"es","potentialAction":[{"@type":"ReadAction","target":["https:\/\/www.bagnoitalia.com\/es\/producto\/sauna-de-infrarrojos-150x65x120-para-4-personas-con-cromoterapia-e-ionizador-sn012.html"]}]},{"@type":"ImageObject","inLanguage":"es","@id":"https:\/\/www.bagnoitalia.com\/es\/producto\/sauna-de-infrarrojos-150x65x120-para-4-personas-con-cromoterapia-e-ionizador-sn012.html#primaryimage","url":"https:\/\/img.bagnoitalia.com\/wp-content\/uploads\/virtuemart\/product\/sauna-infrarossi-150-cm.jpg","contentUrl":"https:\/\/img.bagnoitalia.com\/wp-content\/uploads\/virtuemart\/product\/sauna-infrarossi-150-cm.jpg","width":549,"height":550},{"@type":"BreadcrumbList","@id":"https:\/\/www.bagnoitalia.com\/es\/producto\/sauna-de-infrarrojos-150x65x120-para-4-personas-con-cromoterapia-e-ionizador-sn012.html#breadcrumb","itemListElement":[{"@type":"ListItem","position":1,"name":"Home","item":"https:\/\/www.bagnoitalia.com\/es"},{"@type":"ListItem","position":2,"name":"Productos","item":"https:\/\/www.bagnoitalia.com\/es\/shop"},{"@type":"ListItem","position":3,"name":"Sauna de Infrarrojos 150x65x120 para 4 personas con cromoterapia e ionizador SN012"}]},{"@type":"WebSite","@id":"https:\/\/www.bagnoitalia.com\/es#website","url":"https:\/\/www.bagnoitalia.com\/es","name":"Bagno Italia","description":"","publisher":{"@id":"https:\/\/www.bagnoitalia.com\/es#organization"},"potentialAction":[{"@type":"SearchAction","target":{"@type":"EntryPoint","urlTemplate":"https:\/\/www.bagnoitalia.com\/es?s={search_term_string}"},"query-input":{"@type":"PropertyValueSpecification","valueRequired":true,"valueName":"search_term_string"}}],"inLanguage":"es"},{"@type":"Organization","@id":"https:\/\/www.bagnoitalia.com\/es#organization","name":"Bagno Italia","url":"https:\/\/www.bagnoitalia.com\/es","logo":{"@type":"ImageObject","inLanguage":"es","@id":"https:\/\/www.bagnoitalia.com\/es#\/schema\/logo\/image\/","url":"https:\/\/img.bagnoitalia.com\/wp-content\/uploads\/logo-bagnoitalia.webp","contentUrl":"https:\/\/img.bagnoitalia.com\/wp-content\/uploads\/logo-bagnoitalia.webp","width":400,"height":70,"caption":"Bagno Italia"},"image":{"@id":"https:\/\/www.bagnoitalia.com\/es#\/schema\/logo\/image\/"}}]}},"_links":{"self":[{"href":"https:\/\/www.bagnoitalia.com\/es\/wp-json\/wp\/v2\/product\/77944","targetHints":{"allow":["GET"]}}],"collection":[{"href":"https:\/\/www.bagnoitalia.com\/es\/wp-json\/wp\/v2\/product"}],"about":[{"href":"https:\/\/www.bagnoitalia.com\/es\/wp-json\/wp\/v2\/types\/product"}],"replies":[{"embeddable":true,"href":"https:\/\/www.bagnoitalia.com\/es\/wp-json\/wp\/v2\/comments?post=77944"}],"version-history":[{"count":0,"href":"https:\/\/www.bagnoitalia.com\/es\/wp-json\/wp\/v2\/product\/77944\/revisions"}],"wp:featuredmedia":[{"embeddable":true,"href":"https:\/\/www.bagnoitalia.com\/es\/wp-json\/wp\/v2\/media\/16066"}],"wp:attachment":[{"href":"https:\/\/www.bagnoitalia.com\/es\/wp-json\/wp\/v2\/media?parent=77944"}],"wp:term":[{"taxonomy":"product_brand","embeddable":true,"href":"https:\/\/www.bagnoitalia.com\/es\/wp-json\/wp\/v2\/product_brand?post=77944"},{"taxonomy":"product_cat","embeddable":true,"href":"https:\/\/www.bagnoitalia.com\/es\/wp-json\/wp\/v2\/product_cat?post=77944"},{"taxonomy":"product_tag","embeddable":true,"href":"https:\/\/www.bagnoitalia.com\/es\/wp-json\/wp\/v2\/product_tag?post=77944"}],"curies":[{"name":"wp","href":"https:\/\/api.w.org\/{rel}","templated":true}]}}