{"id":77864,"date":"2012-08-01T02:16:55","date_gmt":"2012-08-01T00:16:55","guid":{"rendered":"https:\/\/www.bagnoitalia.com\/product\/cabina-de-ducha-de-vidrio-semicircular-transparente-o-mate-80x80-90x90-box005"},"modified":"2024-06-05T16:22:40","modified_gmt":"2024-06-05T14:22:40","slug":"cabina-de-ducha-de-vidrio-semicircular-transparente-o-mate-80x80-90x90-box005","status":"publish","type":"product","link":"https:\/\/www.bagnoitalia.com\/es\/producto\/cabina-de-ducha-de-vidrio-semicircular-transparente-o-mate-80x80-90x90-box005.html","title":{"rendered":"Cabina de Ducha Semicircular de vidrio transparente o mate 80&#215;80 90&#215;90, Apertura corrediza BOX005"},"content":{"rendered":"<p><strong><span style=\"color: #ff0000;\">A petici\u00f3n enviamos fotos en alta resoluci\u00f3n.<\/span><\/strong><\/p>\n<p><strong><span style=\"color: #ff0000;\">ATENCI\u00d3N: el tama\u00f1o de 75&#215;75 solo est\u00e1 disponible con una altura de 185 cm <strong><span style=\"color: #ff0000;\"><br \/>\n<\/span><\/strong><\/span><\/strong><\/p>\n<p>Mampara de ducha de esquina en perfil de aluminio, con puertas corredizas, disponible en vidrio templado, transparten (grosor 6 mm) o mate (grosor 5 mm) de 80&#215;80 o 90&#215;90<\/p>\n<p>Altura 200 cm o 185 cm (puede elegirla en el men\u00fa de abajo)<\/p>\n<p>&nbsp;<\/p>\n<p>TOLERANCIA en la caja de 185 cm de altura:<\/p>\n<p><strong>80&#215;80 ajustable (de 78 a 81 por lado)<\/strong><\/p>\n<p><strong>90&#215;90 ajustables (de 88 a 91 por lado)<\/strong><\/p>\n<p>_____________________________________<\/p>\n<p>TOLERANCIA en la caja de 200 cm de altura.<\/p>\n<p><strong>80&#215;80 ajustable (de 78 a 80 por lado)<\/strong><\/p>\n<p><strong>90&#215;90 ajustables (de 88 a 90 por lado)<\/strong><\/p>\n<p>_____________________________________<\/p>\n<p>&nbsp;<\/p>\n<p><img fetchpriority=\"high\" decoding=\"async\" class=\" size-full wp-image-15381\" src=\"https:\/\/img.bagnoitalia.com\/wp-content\/uploads\/1b.jpg\" alt=\"https:\/\/www.bagnoitalia.it\/https:\/\/img.bagnoitalia.com\/wp-content\/uploads\/1b.jpg\" width=\"943\" height=\"81\" srcset=\"https:\/\/img.bagnoitalia.com\/wp-content\/uploads\/1b.jpg 658w, https:\/\/img.bagnoitalia.com\/wp-content\/uploads\/1b-441x38.jpg 441w, https:\/\/img.bagnoitalia.com\/wp-content\/uploads\/1b-600x51.jpg 600w, https:\/\/img.bagnoitalia.com\/wp-content\/uploads\/1b-150x13.jpg 150w\" sizes=\"(max-width: 943px) 100vw, 943px\" \/><\/p>\n<p>&nbsp;<\/p>\n<p><strong>Caracter\u00edsticas t\u00e9cnicas:<\/strong><\/p>\n<p>&nbsp;<\/p>\n<p>acabados cromados<\/p>\n<p>vidrio templado<\/p>\n<p>Estructura de aluminio anodizado.<\/p>\n<p>8 cojinetes en t\u00e1ndem para una mejor suavidad.<\/p>\n<p>El producto cumple con todas las normativas vigentes y se completa con las instrucciones de montaje.<\/p>\n<p>Cabina adaptable<br \/>\nEspacio de entrada: unos 45-50cm.<br \/>\nCierre magnetico<\/p>\n<p>Manillas en acero cromado.<\/p>\n<p>Plato de ducha excluido<\/p>\n<p><strong>\u00a0la tolerancia es de -2 cm (por lo que la caja de 80&#215;80 es compatible con un tama\u00f1o de 78\/80 cm)<\/strong><\/p>\n<p>&nbsp;<\/p>\n<p>Producto certificado por la UE<\/p>\n","protected":false},"excerpt":{"rendered":"<p>Cabina de ducha semicircular 80&#215;80, 90&#215;90 con vidrio transparente u opaco Altura 185 o 200 cm<\/p>\n","protected":false},"featured_media":15386,"comment_status":"open","ping_status":"closed","template":"","meta":[],"product_brand":[5007],"product_cat":[9813,9713],"product_tag":[],"class_list":{"0":"post-77864","1":"product","2":"type-product","3":"status-publish","4":"has-post-thumbnail","6":"product_brand-hydrastar","7":"product_cat-cabina-de-ducha-semicircular-cabina-de-ducha","8":"product_cat-cabina-de-ducha","10":"first","11":"instock","12":"sale","13":"taxable","14":"shipping-taxable","15":"purchasable","16":"product-type-simple"},"exclude_global_add_ons":false,"addons":[{"name":"Cabina de ducha","type":"multiple_choice","position":0,"required":true,"title_format":"heading","default":"","description_enable":false,"description":"","placeholder_enable":false,"placeholder":"","display":"select","restrictions_type":"any_text","adjust_price":false,"price":"","price_type":"flat_fee","restrictions":false,"min":"0","max":"0","options":[{"label":"80x80","price":"","price_type":"quantity_based","image":0,"visibility":true},{"label":"90x90","price":"10","price_type":"quantity_based","image":0,"visibility":true}],"id":1717604561},{"name":"Cristal","type":"multiple_choice","position":1,"required":true,"title_format":"heading","default":"","description_enable":false,"description":"","placeholder_enable":false,"placeholder":"","display":"select","restrictions_type":"any_text","adjust_price":false,"price":"","price_type":"flat_fee","restrictions":false,"min":"0","max":"0","options":[{"label":"transparente","price":"","price_type":"quantity_based","image":0,"visibility":true},{"label":"no disponible - Moteado","price":"","price_type":"quantity_based","image":0,"visibility":true}],"id":1717604562},{"name":"Perfil de compensaci\u00f3n","type":"multiple_choice","position":2,"required":true,"title_format":"heading","default":"","description_enable":false,"description":"","placeholder_enable":false,"placeholder":"","display":"select","restrictions_type":"any_text","adjust_price":false,"price":"","price_type":"flat_fee","restrictions":false,"min":"0","max":"0","options":[{"label":"sin perfil","price":"","price_type":"quantity_based","image":0,"visibility":true},{"label":"1 perfil 1 cm","price":"35","price_type":"quantity_based","image":0,"visibility":true},{"label":"2 perfiles 2 cm","price":"70","price_type":"quantity_based","image":0,"visibility":true},{"label":"3 a 6 cm perfil en forma de H","price":"45","price_type":"quantity_based","image":0,"visibility":true},{"label":"6 a 12 cm dos perfiles en forma de H","price":"90","price_type":"quantity_based","image":0,"visibility":true}],"id":1717604563}],"yoast_head":"<!-- This site is optimized with the Yoast SEO plugin v26.7 - https:\/\/yoast.com\/wordpress\/plugins\/seo\/ -->\n<title>Cabina de ducha semicircular, vidrio templado transparente \/ mate pa<\/title>\n<meta name=\"description\" content=\"Cabina de ducha semicircular, con vidrio transparente u opaco, acabados cromados y puertas correderas, disponible en diferentes tama\u00f1os. Cierre magn\u00e9tico. \u00a1Descubre m\u00e1s!\" \/>\n<meta name=\"robots\" content=\"index, follow, max-snippet:-1, max-image-preview:large, max-video-preview:-1\" \/>\n<link rel=\"canonical\" href=\"https:\/\/www.bagnoitalia.com\/es\/producto\/cabina-de-ducha-de-vidrio-semicircular-transparente-o-mate-80x80-90x90-box005.html\" \/>\n<meta property=\"og:locale\" content=\"es_ES\" \/>\n<meta property=\"og:type\" content=\"article\" \/>\n<meta property=\"og:title\" content=\"Cabina de ducha semicircular, vidrio templado transparente \/ mate pa\" \/>\n<meta property=\"og:description\" content=\"Cabina de ducha semicircular, con vidrio transparente u opaco, acabados cromados y puertas correderas, disponible en diferentes tama\u00f1os. Cierre magn\u00e9tico. \u00a1Descubre m\u00e1s!\" \/>\n<meta property=\"og:url\" content=\"https:\/\/www.bagnoitalia.com\/es\/producto\/cabina-de-ducha-de-vidrio-semicircular-transparente-o-mate-80x80-90x90-box005.html\" \/>\n<meta property=\"og:site_name\" content=\"Bagno Italia\" \/>\n<meta property=\"article:modified_time\" content=\"2024-06-05T14:22:40+00:00\" \/>\n<meta property=\"og:image\" content=\"https:\/\/img.bagnoitalia.com\/wp-content\/uploads\/virtuemart\/product\/semicircular-shower-enclosure-box005-1_1543764783_376.jpg\" \/>\n\t<meta property=\"og:image:width\" content=\"632\" \/>\n\t<meta property=\"og:image:height\" content=\"632\" \/>\n\t<meta property=\"og:image:type\" content=\"image\/jpeg\" \/>\n<meta name=\"twitter:card\" content=\"summary_large_image\" \/>\n<meta name=\"twitter:label1\" content=\"Tiempo de lectura\" \/>\n\t<meta name=\"twitter:data1\" content=\"2 minutos\" \/>\n<script type=\"application\/ld+json\" class=\"yoast-schema-graph\">{\"@context\":\"https:\/\/schema.org\",\"@graph\":[{\"@type\":\"WebPage\",\"@id\":\"https:\/\/www.bagnoitalia.com\/es\/producto\/cabina-de-ducha-de-vidrio-semicircular-transparente-o-mate-80x80-90x90-box005.html\",\"url\":\"https:\/\/www.bagnoitalia.com\/es\/producto\/cabina-de-ducha-de-vidrio-semicircular-transparente-o-mate-80x80-90x90-box005.html\",\"name\":\"Cabina de ducha semicircular, vidrio templado transparente \/ mate pa\",\"isPartOf\":{\"@id\":\"https:\/\/www.bagnoitalia.com\/es#website\"},\"primaryImageOfPage\":{\"@id\":\"https:\/\/www.bagnoitalia.com\/es\/producto\/cabina-de-ducha-de-vidrio-semicircular-transparente-o-mate-80x80-90x90-box005.html#primaryimage\"},\"image\":{\"@id\":\"https:\/\/www.bagnoitalia.com\/es\/producto\/cabina-de-ducha-de-vidrio-semicircular-transparente-o-mate-80x80-90x90-box005.html#primaryimage\"},\"thumbnailUrl\":\"https:\/\/img.bagnoitalia.com\/wp-content\/uploads\/virtuemart\/product\/semicircular-shower-enclosure-box005-1_1543764783_376.jpg\",\"datePublished\":\"2012-08-01T00:16:55+00:00\",\"dateModified\":\"2024-06-05T14:22:40+00:00\",\"description\":\"Cabina de ducha semicircular, con vidrio transparente u opaco, acabados cromados y puertas correderas, disponible en diferentes tama\u00f1os. Cierre magn\u00e9tico. \u00a1Descubre m\u00e1s!\",\"breadcrumb\":{\"@id\":\"https:\/\/www.bagnoitalia.com\/es\/producto\/cabina-de-ducha-de-vidrio-semicircular-transparente-o-mate-80x80-90x90-box005.html#breadcrumb\"},\"inLanguage\":\"es\",\"potentialAction\":[{\"@type\":\"ReadAction\",\"target\":[\"https:\/\/www.bagnoitalia.com\/es\/producto\/cabina-de-ducha-de-vidrio-semicircular-transparente-o-mate-80x80-90x90-box005.html\"]}]},{\"@type\":\"ImageObject\",\"inLanguage\":\"es\",\"@id\":\"https:\/\/www.bagnoitalia.com\/es\/producto\/cabina-de-ducha-de-vidrio-semicircular-transparente-o-mate-80x80-90x90-box005.html#primaryimage\",\"url\":\"https:\/\/img.bagnoitalia.com\/wp-content\/uploads\/virtuemart\/product\/semicircular-shower-enclosure-box005-1_1543764783_376.jpg\",\"contentUrl\":\"https:\/\/img.bagnoitalia.com\/wp-content\/uploads\/virtuemart\/product\/semicircular-shower-enclosure-box005-1_1543764783_376.jpg\",\"width\":632,\"height\":632},{\"@type\":\"BreadcrumbList\",\"@id\":\"https:\/\/www.bagnoitalia.com\/es\/producto\/cabina-de-ducha-de-vidrio-semicircular-transparente-o-mate-80x80-90x90-box005.html#breadcrumb\",\"itemListElement\":[{\"@type\":\"ListItem\",\"position\":1,\"name\":\"Home\",\"item\":\"https:\/\/www.bagnoitalia.com\/es\"},{\"@type\":\"ListItem\",\"position\":2,\"name\":\"Productos\",\"item\":\"https:\/\/www.bagnoitalia.com\/es\/shop\"},{\"@type\":\"ListItem\",\"position\":3,\"name\":\"Cabina de Ducha Semicircular de vidrio transparente o mate 80&#215;80 90&#215;90, Apertura corrediza BOX005\"}]},{\"@type\":\"WebSite\",\"@id\":\"https:\/\/www.bagnoitalia.com\/es#website\",\"url\":\"https:\/\/www.bagnoitalia.com\/es\",\"name\":\"Bagno Italia\",\"description\":\"\",\"publisher\":{\"@id\":\"https:\/\/www.bagnoitalia.com\/es#organization\"},\"potentialAction\":[{\"@type\":\"SearchAction\",\"target\":{\"@type\":\"EntryPoint\",\"urlTemplate\":\"https:\/\/www.bagnoitalia.com\/es?s={search_term_string}\"},\"query-input\":{\"@type\":\"PropertyValueSpecification\",\"valueRequired\":true,\"valueName\":\"search_term_string\"}}],\"inLanguage\":\"es\"},{\"@type\":\"Organization\",\"@id\":\"https:\/\/www.bagnoitalia.com\/es#organization\",\"name\":\"Bagno Italia\",\"url\":\"https:\/\/www.bagnoitalia.com\/es\",\"logo\":{\"@type\":\"ImageObject\",\"inLanguage\":\"es\",\"@id\":\"https:\/\/www.bagnoitalia.com\/es#\/schema\/logo\/image\/\",\"url\":\"https:\/\/img.bagnoitalia.com\/wp-content\/uploads\/logo-bagnoitalia.webp\",\"contentUrl\":\"https:\/\/img.bagnoitalia.com\/wp-content\/uploads\/logo-bagnoitalia.webp\",\"width\":400,\"height\":70,\"caption\":\"Bagno Italia\"},\"image\":{\"@id\":\"https:\/\/www.bagnoitalia.com\/es#\/schema\/logo\/image\/\"}}]}<\/script>\n<!-- \/ Yoast SEO plugin. -->","yoast_head_json":{"title":"Cabina de ducha semicircular, vidrio templado transparente \/ mate pa","description":"Cabina de ducha semicircular, con vidrio transparente u opaco, acabados cromados y puertas correderas, disponible en diferentes tama\u00f1os. Cierre magn\u00e9tico. \u00a1Descubre m\u00e1s!","robots":{"index":"index","follow":"follow","max-snippet":"max-snippet:-1","max-image-preview":"max-image-preview:large","max-video-preview":"max-video-preview:-1"},"canonical":"https:\/\/www.bagnoitalia.com\/es\/producto\/cabina-de-ducha-de-vidrio-semicircular-transparente-o-mate-80x80-90x90-box005.html","og_locale":"es_ES","og_type":"article","og_title":"Cabina de ducha semicircular, vidrio templado transparente \/ mate pa","og_description":"Cabina de ducha semicircular, con vidrio transparente u opaco, acabados cromados y puertas correderas, disponible en diferentes tama\u00f1os. Cierre magn\u00e9tico. \u00a1Descubre m\u00e1s!","og_url":"https:\/\/www.bagnoitalia.com\/es\/producto\/cabina-de-ducha-de-vidrio-semicircular-transparente-o-mate-80x80-90x90-box005.html","og_site_name":"Bagno Italia","article_modified_time":"2024-06-05T14:22:40+00:00","og_image":[{"width":632,"height":632,"url":"https:\/\/img.bagnoitalia.com\/wp-content\/uploads\/virtuemart\/product\/semicircular-shower-enclosure-box005-1_1543764783_376.jpg","type":"image\/jpeg"}],"twitter_card":"summary_large_image","twitter_misc":{"Tiempo de lectura":"2 minutos"},"schema":{"@context":"https:\/\/schema.org","@graph":[{"@type":"WebPage","@id":"https:\/\/www.bagnoitalia.com\/es\/producto\/cabina-de-ducha-de-vidrio-semicircular-transparente-o-mate-80x80-90x90-box005.html","url":"https:\/\/www.bagnoitalia.com\/es\/producto\/cabina-de-ducha-de-vidrio-semicircular-transparente-o-mate-80x80-90x90-box005.html","name":"Cabina de ducha semicircular, vidrio templado transparente \/ mate pa","isPartOf":{"@id":"https:\/\/www.bagnoitalia.com\/es#website"},"primaryImageOfPage":{"@id":"https:\/\/www.bagnoitalia.com\/es\/producto\/cabina-de-ducha-de-vidrio-semicircular-transparente-o-mate-80x80-90x90-box005.html#primaryimage"},"image":{"@id":"https:\/\/www.bagnoitalia.com\/es\/producto\/cabina-de-ducha-de-vidrio-semicircular-transparente-o-mate-80x80-90x90-box005.html#primaryimage"},"thumbnailUrl":"https:\/\/img.bagnoitalia.com\/wp-content\/uploads\/virtuemart\/product\/semicircular-shower-enclosure-box005-1_1543764783_376.jpg","datePublished":"2012-08-01T00:16:55+00:00","dateModified":"2024-06-05T14:22:40+00:00","description":"Cabina de ducha semicircular, con vidrio transparente u opaco, acabados cromados y puertas correderas, disponible en diferentes tama\u00f1os. Cierre magn\u00e9tico. \u00a1Descubre m\u00e1s!","breadcrumb":{"@id":"https:\/\/www.bagnoitalia.com\/es\/producto\/cabina-de-ducha-de-vidrio-semicircular-transparente-o-mate-80x80-90x90-box005.html#breadcrumb"},"inLanguage":"es","potentialAction":[{"@type":"ReadAction","target":["https:\/\/www.bagnoitalia.com\/es\/producto\/cabina-de-ducha-de-vidrio-semicircular-transparente-o-mate-80x80-90x90-box005.html"]}]},{"@type":"ImageObject","inLanguage":"es","@id":"https:\/\/www.bagnoitalia.com\/es\/producto\/cabina-de-ducha-de-vidrio-semicircular-transparente-o-mate-80x80-90x90-box005.html#primaryimage","url":"https:\/\/img.bagnoitalia.com\/wp-content\/uploads\/virtuemart\/product\/semicircular-shower-enclosure-box005-1_1543764783_376.jpg","contentUrl":"https:\/\/img.bagnoitalia.com\/wp-content\/uploads\/virtuemart\/product\/semicircular-shower-enclosure-box005-1_1543764783_376.jpg","width":632,"height":632},{"@type":"BreadcrumbList","@id":"https:\/\/www.bagnoitalia.com\/es\/producto\/cabina-de-ducha-de-vidrio-semicircular-transparente-o-mate-80x80-90x90-box005.html#breadcrumb","itemListElement":[{"@type":"ListItem","position":1,"name":"Home","item":"https:\/\/www.bagnoitalia.com\/es"},{"@type":"ListItem","position":2,"name":"Productos","item":"https:\/\/www.bagnoitalia.com\/es\/shop"},{"@type":"ListItem","position":3,"name":"Cabina de Ducha Semicircular de vidrio transparente o mate 80&#215;80 90&#215;90, Apertura corrediza BOX005"}]},{"@type":"WebSite","@id":"https:\/\/www.bagnoitalia.com\/es#website","url":"https:\/\/www.bagnoitalia.com\/es","name":"Bagno Italia","description":"","publisher":{"@id":"https:\/\/www.bagnoitalia.com\/es#organization"},"potentialAction":[{"@type":"SearchAction","target":{"@type":"EntryPoint","urlTemplate":"https:\/\/www.bagnoitalia.com\/es?s={search_term_string}"},"query-input":{"@type":"PropertyValueSpecification","valueRequired":true,"valueName":"search_term_string"}}],"inLanguage":"es"},{"@type":"Organization","@id":"https:\/\/www.bagnoitalia.com\/es#organization","name":"Bagno Italia","url":"https:\/\/www.bagnoitalia.com\/es","logo":{"@type":"ImageObject","inLanguage":"es","@id":"https:\/\/www.bagnoitalia.com\/es#\/schema\/logo\/image\/","url":"https:\/\/img.bagnoitalia.com\/wp-content\/uploads\/logo-bagnoitalia.webp","contentUrl":"https:\/\/img.bagnoitalia.com\/wp-content\/uploads\/logo-bagnoitalia.webp","width":400,"height":70,"caption":"Bagno Italia"},"image":{"@id":"https:\/\/www.bagnoitalia.com\/es#\/schema\/logo\/image\/"}}]}},"_links":{"self":[{"href":"https:\/\/www.bagnoitalia.com\/es\/wp-json\/wp\/v2\/product\/77864","targetHints":{"allow":["GET"]}}],"collection":[{"href":"https:\/\/www.bagnoitalia.com\/es\/wp-json\/wp\/v2\/product"}],"about":[{"href":"https:\/\/www.bagnoitalia.com\/es\/wp-json\/wp\/v2\/types\/product"}],"replies":[{"embeddable":true,"href":"https:\/\/www.bagnoitalia.com\/es\/wp-json\/wp\/v2\/comments?post=77864"}],"version-history":[{"count":1,"href":"https:\/\/www.bagnoitalia.com\/es\/wp-json\/wp\/v2\/product\/77864\/revisions"}],"predecessor-version":[{"id":89477,"href":"https:\/\/www.bagnoitalia.com\/es\/wp-json\/wp\/v2\/product\/77864\/revisions\/89477"}],"wp:featuredmedia":[{"embeddable":true,"href":"https:\/\/www.bagnoitalia.com\/es\/wp-json\/wp\/v2\/media\/15386"}],"wp:attachment":[{"href":"https:\/\/www.bagnoitalia.com\/es\/wp-json\/wp\/v2\/media?parent=77864"}],"wp:term":[{"taxonomy":"product_brand","embeddable":true,"href":"https:\/\/www.bagnoitalia.com\/es\/wp-json\/wp\/v2\/product_brand?post=77864"},{"taxonomy":"product_cat","embeddable":true,"href":"https:\/\/www.bagnoitalia.com\/es\/wp-json\/wp\/v2\/product_cat?post=77864"},{"taxonomy":"product_tag","embeddable":true,"href":"https:\/\/www.bagnoitalia.com\/es\/wp-json\/wp\/v2\/product_tag?post=77864"}],"curies":[{"name":"wp","href":"https:\/\/api.w.org\/{rel}","templated":true}]}}