{"id":77720,"date":"2011-05-19T15:28:02","date_gmt":"2011-05-19T13:28:02","guid":{"rendered":"https:\/\/www.bagnoitalia.com\/product\/z-muebles-de-bano-bigol2-teak-y-nero-con-doble-lavabo-de-ceramica-off"},"modified":"2011-05-19T15:28:02","modified_gmt":"2011-05-19T13:28:02","slug":"z-muebles-de-bano-bigol2-teak-y-nero-con-doble-lavabo-de-ceramica-off","status":"publish","type":"product","link":"https:\/\/www.bagnoitalia.com\/es\/producto\/z-muebles-de-bano-bigol2-teak-y-nero-con-doble-lavabo-de-ceramica-off.html","title":{"rendered":"Z Muebles de ba\u00f1o Bigol2 Teak y Nero con doble lavabo de cer\u00e1mica OFF"},"content":{"rendered":"<p style=\"text-align: justify;\"> <strong><big><img fetchpriority=\"high\" decoding=\"async\" class=\" size-full wp-image-8414\" src=\"https:\/\/img.bagnoitalia.com\/wp-content\/uploads\/1a.png\" alt=\"alto\" width=\"676\" height=\"165\" srcset=\"https:\/\/img.bagnoitalia.com\/wp-content\/uploads\/1a.png 676w, https:\/\/img.bagnoitalia.com\/wp-content\/uploads\/1a-441x108.png 441w, https:\/\/img.bagnoitalia.com\/wp-content\/uploads\/1a-600x146.png 600w, https:\/\/img.bagnoitalia.com\/wp-content\/uploads\/1a-150x37.png 150w\" sizes=\"(max-width: 676px) 100vw, 676px\" \/><\/big><\/strong> <\/p>\n<p style=\"text-align: justify;\">\n<p style=\"text-align: justify;\"> <strong>El precio anterior incluye:<\/strong> <\/p>\n<p> Base N \u00b0 1 desde 131x48x53h cm <\/p>\n<p> Fregadero de m\u00e1rmol blanco N \u00b0 1 cm 131&#215;48 <\/p>\n<p> Espejos N \u00b0 2 50&#215;80 <\/p>\n<p style=\"text-align: justify;\"> <span style=\"text-decoration: underline;\"><strong>En el men\u00fa de abajo tambi\u00e9n puede agregar el grifo que est\u00e1 presente en las fotos de los muebles<\/strong><\/span> <\/p>\n<p> <strong>Materiales usados<\/strong> <\/p>\n<p> Lavabo para lavabo: estructura en melamina lacada. <\/p>\n<p> Puertas: en MDF lacado (mediodensit), <\/p>\n<p> Gu\u00eda: amortiguador <\/p>\n<p> Manijas: acero cromado brillante. <\/p>\n<p> Colores disponibles: teca, negro estriado. <\/p><\/p>\n","protected":false},"excerpt":{"rendered":"<p>Mueble de ba\u00f1o Bigol2 Teak y Nero 131 cm con doble lavabo<\/p>\n","protected":false},"featured_media":14218,"comment_status":"open","ping_status":"closed","template":"","meta":[],"product_brand":[],"product_cat":[15],"product_tag":[],"class_list":{"0":"post-77720","1":"product","2":"type-product","3":"status-publish","4":"has-post-thumbnail","6":"product_cat-senza-categoria","8":"first","9":"outofstock","10":"taxable","11":"shipping-taxable","12":"purchasable","13":"product-type-simple"},"exclude_global_add_ons":false,"addons":[{"name":"CAMPI_SPECCHIO\r\n","type":"select","position":0,"required":true,"title_format":"label","default":"","description_enable":false,"description":"","placeholder_enable":false,"placeholder":"","display":"select","restrictions_type":"any_text","adjust_price":false,"price":"","price_type":"","restrictions":false,"min":"0","max":"0","options":[]},{"name":"CAMPI_MOBILE\r\n","type":"select","position":0,"required":true,"title_format":"label","default":"","description_enable":false,"description":"","placeholder_enable":false,"placeholder":"","display":"select","restrictions_type":"any_text","adjust_price":false,"price":"","price_type":"","restrictions":false,"min":"0","max":"0","options":[]},{"name":"CAMPI_MISCELATORE\r\n","type":"select","position":0,"required":true,"title_format":"label","default":"","description_enable":false,"description":"","placeholder_enable":false,"placeholder":"","display":"select","restrictions_type":"any_text","adjust_price":false,"price":"","price_type":"","restrictions":false,"min":"0","max":"0","options":[]},{"name":"CAMPI_COLONNA_160CM\r\n","type":"select","position":0,"required":true,"title_format":"label","default":"","description_enable":false,"description":"","placeholder_enable":false,"placeholder":"","display":"select","restrictions_type":"any_text","adjust_price":false,"price":"","price_type":"","restrictions":false,"min":"0","max":"0","options":[]}],"yoast_head":"<!-- This site is optimized with the Yoast SEO plugin v26.7 - https:\/\/yoast.com\/wordpress\/plugins\/seo\/ -->\n<title>Z Muebles de ba\u00f1o Bigol2 Teak y Nero con doble lavabo de cer\u00e1mica OFF - Bagno Italia<\/title>\n<meta name=\"robots\" content=\"index, follow, max-snippet:-1, max-image-preview:large, max-video-preview:-1\" \/>\n<link rel=\"canonical\" href=\"https:\/\/www.bagnoitalia.com\/es\/producto\/z-muebles-de-bano-bigol2-teak-y-nero-con-doble-lavabo-de-ceramica-off.html\" \/>\n<meta property=\"og:locale\" content=\"es_ES\" \/>\n<meta property=\"og:type\" content=\"article\" \/>\n<meta property=\"og:title\" content=\"Z Muebles de ba\u00f1o Bigol2 Teak y Nero con doble lavabo de cer\u00e1mica OFF - Bagno Italia\" \/>\n<meta property=\"og:description\" content=\"Mueble de ba\u00f1o Bigol2 Teak y Nero 131 cm con doble lavabo\" \/>\n<meta property=\"og:url\" content=\"https:\/\/www.bagnoitalia.com\/es\/producto\/z-muebles-de-bano-bigol2-teak-y-nero-con-doble-lavabo-de-ceramica-off.html\" \/>\n<meta property=\"og:site_name\" content=\"Bagno Italia\" \/>\n<meta property=\"og:image\" content=\"https:\/\/img.bagnoitalia.com\/wp-content\/uploads\/virtuemart\/product\/prodotto-non-disponibile-0985.jpg\" \/>\n\t<meta property=\"og:image:width\" content=\"345\" \/>\n\t<meta property=\"og:image:height\" content=\"315\" \/>\n\t<meta property=\"og:image:type\" content=\"image\/jpeg\" \/>\n<meta name=\"twitter:card\" content=\"summary_large_image\" \/>\n<script type=\"application\/ld+json\" class=\"yoast-schema-graph\">{\"@context\":\"https:\/\/schema.org\",\"@graph\":[{\"@type\":\"WebPage\",\"@id\":\"https:\/\/www.bagnoitalia.com\/es\/producto\/z-muebles-de-bano-bigol2-teak-y-nero-con-doble-lavabo-de-ceramica-off.html\",\"url\":\"https:\/\/www.bagnoitalia.com\/es\/producto\/z-muebles-de-bano-bigol2-teak-y-nero-con-doble-lavabo-de-ceramica-off.html\",\"name\":\"Z Muebles de ba\u00f1o Bigol2 Teak y Nero con doble lavabo de cer\u00e1mica OFF - Bagno Italia\",\"isPartOf\":{\"@id\":\"https:\/\/www.bagnoitalia.com\/es#website\"},\"primaryImageOfPage\":{\"@id\":\"https:\/\/www.bagnoitalia.com\/es\/producto\/z-muebles-de-bano-bigol2-teak-y-nero-con-doble-lavabo-de-ceramica-off.html#primaryimage\"},\"image\":{\"@id\":\"https:\/\/www.bagnoitalia.com\/es\/producto\/z-muebles-de-bano-bigol2-teak-y-nero-con-doble-lavabo-de-ceramica-off.html#primaryimage\"},\"thumbnailUrl\":\"https:\/\/img.bagnoitalia.com\/wp-content\/uploads\/virtuemart\/product\/prodotto-non-disponibile-0985.jpg\",\"datePublished\":\"2011-05-19T13:28:02+00:00\",\"breadcrumb\":{\"@id\":\"https:\/\/www.bagnoitalia.com\/es\/producto\/z-muebles-de-bano-bigol2-teak-y-nero-con-doble-lavabo-de-ceramica-off.html#breadcrumb\"},\"inLanguage\":\"es\",\"potentialAction\":[{\"@type\":\"ReadAction\",\"target\":[\"https:\/\/www.bagnoitalia.com\/es\/producto\/z-muebles-de-bano-bigol2-teak-y-nero-con-doble-lavabo-de-ceramica-off.html\"]}]},{\"@type\":\"ImageObject\",\"inLanguage\":\"es\",\"@id\":\"https:\/\/www.bagnoitalia.com\/es\/producto\/z-muebles-de-bano-bigol2-teak-y-nero-con-doble-lavabo-de-ceramica-off.html#primaryimage\",\"url\":\"https:\/\/img.bagnoitalia.com\/wp-content\/uploads\/virtuemart\/product\/prodotto-non-disponibile-0985.jpg\",\"contentUrl\":\"https:\/\/img.bagnoitalia.com\/wp-content\/uploads\/virtuemart\/product\/prodotto-non-disponibile-0985.jpg\",\"width\":345,\"height\":315},{\"@type\":\"BreadcrumbList\",\"@id\":\"https:\/\/www.bagnoitalia.com\/es\/producto\/z-muebles-de-bano-bigol2-teak-y-nero-con-doble-lavabo-de-ceramica-off.html#breadcrumb\",\"itemListElement\":[{\"@type\":\"ListItem\",\"position\":1,\"name\":\"Home\",\"item\":\"https:\/\/www.bagnoitalia.com\/es\"},{\"@type\":\"ListItem\",\"position\":2,\"name\":\"Productos\",\"item\":\"https:\/\/www.bagnoitalia.com\/es\/shop\"},{\"@type\":\"ListItem\",\"position\":3,\"name\":\"Z Muebles de ba\u00f1o Bigol2 Teak y Nero con doble lavabo de cer\u00e1mica OFF\"}]},{\"@type\":\"WebSite\",\"@id\":\"https:\/\/www.bagnoitalia.com\/es#website\",\"url\":\"https:\/\/www.bagnoitalia.com\/es\",\"name\":\"Bagno Italia\",\"description\":\"\",\"publisher\":{\"@id\":\"https:\/\/www.bagnoitalia.com\/es#organization\"},\"potentialAction\":[{\"@type\":\"SearchAction\",\"target\":{\"@type\":\"EntryPoint\",\"urlTemplate\":\"https:\/\/www.bagnoitalia.com\/es?s={search_term_string}\"},\"query-input\":{\"@type\":\"PropertyValueSpecification\",\"valueRequired\":true,\"valueName\":\"search_term_string\"}}],\"inLanguage\":\"es\"},{\"@type\":\"Organization\",\"@id\":\"https:\/\/www.bagnoitalia.com\/es#organization\",\"name\":\"Bagno Italia\",\"url\":\"https:\/\/www.bagnoitalia.com\/es\",\"logo\":{\"@type\":\"ImageObject\",\"inLanguage\":\"es\",\"@id\":\"https:\/\/www.bagnoitalia.com\/es#\/schema\/logo\/image\/\",\"url\":\"https:\/\/img.bagnoitalia.com\/wp-content\/uploads\/logo-bagnoitalia.webp\",\"contentUrl\":\"https:\/\/img.bagnoitalia.com\/wp-content\/uploads\/logo-bagnoitalia.webp\",\"width\":400,\"height\":70,\"caption\":\"Bagno Italia\"},\"image\":{\"@id\":\"https:\/\/www.bagnoitalia.com\/es#\/schema\/logo\/image\/\"}}]}<\/script>\n<!-- \/ Yoast SEO plugin. -->","yoast_head_json":{"title":"Z Muebles de ba\u00f1o Bigol2 Teak y Nero con doble lavabo de cer\u00e1mica OFF - Bagno Italia","robots":{"index":"index","follow":"follow","max-snippet":"max-snippet:-1","max-image-preview":"max-image-preview:large","max-video-preview":"max-video-preview:-1"},"canonical":"https:\/\/www.bagnoitalia.com\/es\/producto\/z-muebles-de-bano-bigol2-teak-y-nero-con-doble-lavabo-de-ceramica-off.html","og_locale":"es_ES","og_type":"article","og_title":"Z Muebles de ba\u00f1o Bigol2 Teak y Nero con doble lavabo de cer\u00e1mica OFF - Bagno Italia","og_description":"Mueble de ba\u00f1o Bigol2 Teak y Nero 131 cm con doble lavabo","og_url":"https:\/\/www.bagnoitalia.com\/es\/producto\/z-muebles-de-bano-bigol2-teak-y-nero-con-doble-lavabo-de-ceramica-off.html","og_site_name":"Bagno Italia","og_image":[{"width":345,"height":315,"url":"https:\/\/img.bagnoitalia.com\/wp-content\/uploads\/virtuemart\/product\/prodotto-non-disponibile-0985.jpg","type":"image\/jpeg"}],"twitter_card":"summary_large_image","schema":{"@context":"https:\/\/schema.org","@graph":[{"@type":"WebPage","@id":"https:\/\/www.bagnoitalia.com\/es\/producto\/z-muebles-de-bano-bigol2-teak-y-nero-con-doble-lavabo-de-ceramica-off.html","url":"https:\/\/www.bagnoitalia.com\/es\/producto\/z-muebles-de-bano-bigol2-teak-y-nero-con-doble-lavabo-de-ceramica-off.html","name":"Z Muebles de ba\u00f1o Bigol2 Teak y Nero con doble lavabo de cer\u00e1mica OFF - Bagno Italia","isPartOf":{"@id":"https:\/\/www.bagnoitalia.com\/es#website"},"primaryImageOfPage":{"@id":"https:\/\/www.bagnoitalia.com\/es\/producto\/z-muebles-de-bano-bigol2-teak-y-nero-con-doble-lavabo-de-ceramica-off.html#primaryimage"},"image":{"@id":"https:\/\/www.bagnoitalia.com\/es\/producto\/z-muebles-de-bano-bigol2-teak-y-nero-con-doble-lavabo-de-ceramica-off.html#primaryimage"},"thumbnailUrl":"https:\/\/img.bagnoitalia.com\/wp-content\/uploads\/virtuemart\/product\/prodotto-non-disponibile-0985.jpg","datePublished":"2011-05-19T13:28:02+00:00","breadcrumb":{"@id":"https:\/\/www.bagnoitalia.com\/es\/producto\/z-muebles-de-bano-bigol2-teak-y-nero-con-doble-lavabo-de-ceramica-off.html#breadcrumb"},"inLanguage":"es","potentialAction":[{"@type":"ReadAction","target":["https:\/\/www.bagnoitalia.com\/es\/producto\/z-muebles-de-bano-bigol2-teak-y-nero-con-doble-lavabo-de-ceramica-off.html"]}]},{"@type":"ImageObject","inLanguage":"es","@id":"https:\/\/www.bagnoitalia.com\/es\/producto\/z-muebles-de-bano-bigol2-teak-y-nero-con-doble-lavabo-de-ceramica-off.html#primaryimage","url":"https:\/\/img.bagnoitalia.com\/wp-content\/uploads\/virtuemart\/product\/prodotto-non-disponibile-0985.jpg","contentUrl":"https:\/\/img.bagnoitalia.com\/wp-content\/uploads\/virtuemart\/product\/prodotto-non-disponibile-0985.jpg","width":345,"height":315},{"@type":"BreadcrumbList","@id":"https:\/\/www.bagnoitalia.com\/es\/producto\/z-muebles-de-bano-bigol2-teak-y-nero-con-doble-lavabo-de-ceramica-off.html#breadcrumb","itemListElement":[{"@type":"ListItem","position":1,"name":"Home","item":"https:\/\/www.bagnoitalia.com\/es"},{"@type":"ListItem","position":2,"name":"Productos","item":"https:\/\/www.bagnoitalia.com\/es\/shop"},{"@type":"ListItem","position":3,"name":"Z Muebles de ba\u00f1o Bigol2 Teak y Nero con doble lavabo de cer\u00e1mica OFF"}]},{"@type":"WebSite","@id":"https:\/\/www.bagnoitalia.com\/es#website","url":"https:\/\/www.bagnoitalia.com\/es","name":"Bagno Italia","description":"","publisher":{"@id":"https:\/\/www.bagnoitalia.com\/es#organization"},"potentialAction":[{"@type":"SearchAction","target":{"@type":"EntryPoint","urlTemplate":"https:\/\/www.bagnoitalia.com\/es?s={search_term_string}"},"query-input":{"@type":"PropertyValueSpecification","valueRequired":true,"valueName":"search_term_string"}}],"inLanguage":"es"},{"@type":"Organization","@id":"https:\/\/www.bagnoitalia.com\/es#organization","name":"Bagno Italia","url":"https:\/\/www.bagnoitalia.com\/es","logo":{"@type":"ImageObject","inLanguage":"es","@id":"https:\/\/www.bagnoitalia.com\/es#\/schema\/logo\/image\/","url":"https:\/\/img.bagnoitalia.com\/wp-content\/uploads\/logo-bagnoitalia.webp","contentUrl":"https:\/\/img.bagnoitalia.com\/wp-content\/uploads\/logo-bagnoitalia.webp","width":400,"height":70,"caption":"Bagno Italia"},"image":{"@id":"https:\/\/www.bagnoitalia.com\/es#\/schema\/logo\/image\/"}}]}},"_links":{"self":[{"href":"https:\/\/www.bagnoitalia.com\/es\/wp-json\/wp\/v2\/product\/77720","targetHints":{"allow":["GET"]}}],"collection":[{"href":"https:\/\/www.bagnoitalia.com\/es\/wp-json\/wp\/v2\/product"}],"about":[{"href":"https:\/\/www.bagnoitalia.com\/es\/wp-json\/wp\/v2\/types\/product"}],"replies":[{"embeddable":true,"href":"https:\/\/www.bagnoitalia.com\/es\/wp-json\/wp\/v2\/comments?post=77720"}],"version-history":[{"count":0,"href":"https:\/\/www.bagnoitalia.com\/es\/wp-json\/wp\/v2\/product\/77720\/revisions"}],"wp:featuredmedia":[{"embeddable":true,"href":"https:\/\/www.bagnoitalia.com\/es\/wp-json\/wp\/v2\/media\/14218"}],"wp:attachment":[{"href":"https:\/\/www.bagnoitalia.com\/es\/wp-json\/wp\/v2\/media?parent=77720"}],"wp:term":[{"taxonomy":"product_brand","embeddable":true,"href":"https:\/\/www.bagnoitalia.com\/es\/wp-json\/wp\/v2\/product_brand?post=77720"},{"taxonomy":"product_cat","embeddable":true,"href":"https:\/\/www.bagnoitalia.com\/es\/wp-json\/wp\/v2\/product_cat?post=77720"},{"taxonomy":"product_tag","embeddable":true,"href":"https:\/\/www.bagnoitalia.com\/es\/wp-json\/wp\/v2\/product_tag?post=77720"}],"curies":[{"name":"wp","href":"https:\/\/api.w.org\/{rel}","templated":true}]}}