{"id":77504,"date":"2014-03-13T11:26:38","date_gmt":"2014-03-13T10:26:38","guid":{"rendered":"https:\/\/www.bagnoitalia.com\/product\/lavamanos-en-resina-con-copilavatrice-para-exterior-o-interior"},"modified":"2025-06-02T23:51:56","modified_gmt":"2025-06-02T21:51:56","slug":"lavamanos-en-resina-con-copilavatrice-para-exterior-o-interior","status":"publish","type":"product","link":"https:\/\/www.bagnoitalia.com\/es\/producto\/lavamanos-en-resina-con-copilavatrice-para-exterior-o-interior.html","title":{"rendered":"Lavamanos en resina con copilavatrice para exterior o interior."},"content":{"rendered":"<p> Lavadora m\u00f3vil Lavadora INDICADA TAMBI\u00c9N PARA EXTERIORES, adecuada para todo tipo de lavadoras <\/p>\n<\/p>\n<p> El mezclador se puede montar en la pared o en el lado del fregadero usando el dise\u00f1o DX o LH <\/p>\n<blockquote dir=\"ltr\">\n<p dir=\"ltr\" align=\"left\"> <span style=\"text-decoration: underline;\">CARACTER\u00cdSTICAS:<\/span> <\/p>\n<\/blockquote>\n<ul dir=\"ltr\">\n<li dir=\"ltr\">\n<p> Estructura abs <\/p>\n<\/li>\n<li dir=\"ltr\">\n<p> Puerta de 1 puerta, 8mm de espesor. <\/p>\n<\/li>\n<li dir=\"ltr\">\n<p> Fregadero de polipropileno, resistente a todos los \u00e1cidos. <\/p>\n<\/li>\n<li dir=\"ltr\">\n<p> Plan de lavado desmontable y desmontable. <\/p>\n<\/li>\n<li dir=\"ltr\">\n<p> Color blanco perla <\/p>\n<\/li>\n<li dir=\"ltr\">\n<p> Estructura de aluminio <\/p>\n<\/li>\n<li dir=\"ltr\">\n<p> Las bisagras, todas de metal, son ajustables por posici\u00f3n y correcta simetr\u00eda de las puertas. <\/p>\n<\/p>\n<\/li>\n<\/ul>\n<blockquote dir=\"ltr\">\n<p dir=\"ltr\" align=\"left\"> <span style=\"text-decoration: underline;\">MEDIDAS DE MUEBLES Y MAQUINAS DE RECUBRIMIENTO:<\/span> <\/p>\n<\/blockquote>\n<ul dir=\"ltr\">\n<li> Altura: 89 cm. <\/li>\n<li> Ancho total: 107 cm. <\/li>\n<li> Profundidad: 60 cm. <\/li>\n<li> Ancho de la plataforma: 67 cm. <\/li>\n<li> Ancho de lavado: 40 cm. <\/li>\n<li> Dimensiones internas de los 60x55x80H cm. <\/li>\n<li> Peso: 29 kg. <\/li>\n<\/ul>\n<blockquote dir=\"ltr\">\n<p dir=\"ltr\" align=\"left\"> <span style=\"text-decoration: underline;\">EN EL PRECIO EST\u00c1N INCLUIDOS:<\/span> <\/p>\n<\/blockquote>\n<ul dir=\"ltr\">\n<li dir=\"ltr\"> Lavadora Copilavatrice <\/li>\n<li dir=\"ltr\"> Sif\u00f3n con conexi\u00f3n para lavadora. <\/li>\n<li dir=\"ltr\"> Plan de lavado <\/li>\n<li dir=\"ltr\"> Kit de fijaci\u00f3n <\/li>\n<\/ul>\n<p> La versi\u00f3n con puertas en el coprilavatice est\u00e1 disponible (en este caso, el costo se incrementa en 60 euros como se indica en el men\u00fa al final de la p\u00e1gina) y la versi\u00f3n sin puertas. <\/p>\n<\/p>\n<p> <span style=\"text-decoration: underline; font-size: 12pt;\"><strong>La versi\u00f3n correcta est\u00e1 disponible:<\/strong><\/span> <\/p>\n<p><img fetchpriority=\"high\" decoding=\"async\" class=\" size-full wp-image-12490\" src=\"https:\/\/img.bagnoitalia.com\/wp-content\/uploads\/virtuemart\/product\/lavatoio-coprilavatrice-bianco-3-ante-destra-1.jpg\" alt=\"Lavapanni_Lavato_4cd3406ae20dc.jpg_product_product_product_product_product_product_product\" width=\"610\" height=\"610\" id=\"fancybox-img\" srcset=\"https:\/\/img.bagnoitalia.com\/wp-content\/uploads\/virtuemart\/product\/lavatoio-coprilavatrice-bianco-3-ante-destra-1.jpg 1600w, https:\/\/img.bagnoitalia.com\/wp-content\/uploads\/virtuemart\/product\/lavatoio-coprilavatrice-bianco-3-ante-destra-1-768x768.jpg 768w, https:\/\/img.bagnoitalia.com\/wp-content\/uploads\/virtuemart\/product\/lavatoio-coprilavatrice-bianco-3-ante-destra-1-1536x1536.jpg 1536w, https:\/\/img.bagnoitalia.com\/wp-content\/uploads\/virtuemart\/product\/lavatoio-coprilavatrice-bianco-3-ante-destra-1-990x990.jpg 990w, https:\/\/img.bagnoitalia.com\/wp-content\/uploads\/virtuemart\/product\/lavatoio-coprilavatrice-bianco-3-ante-destra-1-441x441.jpg 441w, https:\/\/img.bagnoitalia.com\/wp-content\/uploads\/virtuemart\/product\/lavatoio-coprilavatrice-bianco-3-ante-destra-1-100x100.jpg 100w, https:\/\/img.bagnoitalia.com\/wp-content\/uploads\/virtuemart\/product\/lavatoio-coprilavatrice-bianco-3-ante-destra-1-600x600.jpg 600w, https:\/\/img.bagnoitalia.com\/wp-content\/uploads\/virtuemart\/product\/lavatoio-coprilavatrice-bianco-3-ante-destra-1-150x150.jpg 150w\" sizes=\"(max-width: 610px) 100vw, 610px\" \/><\/p>\n<p> ____________________________________________________________________________________________ <\/p>\n<\/p>\n<p> <span style=\"text-decoration: underline; font-size: 12pt;\"><strong>Versi\u00f3n izquierda:<\/strong><\/span> <\/p>\n<p><img decoding=\"async\" class=\" size-full wp-image-12494\" src=\"https:\/\/img.bagnoitalia.com\/wp-content\/uploads\/virtuemart\/product\/lavatoio-coprilavatrice-bianco-3-ante-sinistra-2.jpg\" alt=\"Lavapanni_Lavato_4cd3406ae20dc.jpg_product_product_product_product_product_product\" width=\"612\" height=\"612\" id=\"fancybox-img\" srcset=\"https:\/\/img.bagnoitalia.com\/wp-content\/uploads\/virtuemart\/product\/lavatoio-coprilavatrice-bianco-3-ante-sinistra-2.jpg 1600w, https:\/\/img.bagnoitalia.com\/wp-content\/uploads\/virtuemart\/product\/lavatoio-coprilavatrice-bianco-3-ante-sinistra-2-768x768.jpg 768w, https:\/\/img.bagnoitalia.com\/wp-content\/uploads\/virtuemart\/product\/lavatoio-coprilavatrice-bianco-3-ante-sinistra-2-1536x1536.jpg 1536w, https:\/\/img.bagnoitalia.com\/wp-content\/uploads\/virtuemart\/product\/lavatoio-coprilavatrice-bianco-3-ante-sinistra-2-990x990.jpg 990w, https:\/\/img.bagnoitalia.com\/wp-content\/uploads\/virtuemart\/product\/lavatoio-coprilavatrice-bianco-3-ante-sinistra-2-441x441.jpg 441w, https:\/\/img.bagnoitalia.com\/wp-content\/uploads\/virtuemart\/product\/lavatoio-coprilavatrice-bianco-3-ante-sinistra-2-100x100.jpg 100w, https:\/\/img.bagnoitalia.com\/wp-content\/uploads\/virtuemart\/product\/lavatoio-coprilavatrice-bianco-3-ante-sinistra-2-600x600.jpg 600w, https:\/\/img.bagnoitalia.com\/wp-content\/uploads\/virtuemart\/product\/lavatoio-coprilavatrice-bianco-3-ante-sinistra-2-150x150.jpg 150w\" sizes=\"(max-width: 612px) 100vw, 612px\" \/><\/p>\n","protected":false},"excerpt":{"rendered":"<p>Tapa de lavadora 107x89hx60prof. Con fregadero disponible tanto a la izquierda como a la derecha, puerta en resina, tanto para interior como para exterior.<\/p>\n","protected":false},"featured_media":12458,"comment_status":"open","ping_status":"closed","template":"","meta":[],"product_brand":[9884],"product_cat":[15,10117],"product_tag":[],"class_list":{"0":"post-77504","1":"product","2":"type-product","3":"status-publish","4":"has-post-thumbnail","6":"product_brand-deghi-es","7":"product_cat-senza-categoria","8":"product_cat-senza-categoria-es","10":"first","11":"outofstock","12":"taxable","13":"shipping-taxable","14":"purchasable","15":"product-type-simple"},"exclude_global_add_ons":false,"addons":[{"name":"CAMPI_COPRILAVATRICE\r\n","type":"select","position":0,"required":true,"title_format":"label","default":"","description_enable":false,"description":"","placeholder_enable":false,"placeholder":"","display":"select","restrictions_type":"any_text","adjust_price":false,"price":"","price_type":"","restrictions":false,"min":"0","max":"0","options":[]},{"name":"CAMPI_TIPOLOGIA\r\n","type":"select","position":0,"required":true,"title_format":"label","default":"","description_enable":false,"description":"","placeholder_enable":false,"placeholder":"","display":"select","restrictions_type":"any_text","adjust_price":false,"price":"","price_type":"","restrictions":false,"min":"0","max":"0","options":[]}],"yoast_head":"<!-- This site is optimized with the Yoast SEO plugin v26.7 - https:\/\/yoast.com\/wordpress\/plugins\/seo\/ -->\n<title>Lavatoio con coprilavatrice Lavapanni externo dentro de<\/title>\n<meta name=\"description\" content=\"Lavabo de resina, Lavabo con copilavate, modelo para exterior o interior, color blanco brillante.\" \/>\n<meta name=\"robots\" content=\"index, follow, max-snippet:-1, max-image-preview:large, max-video-preview:-1\" \/>\n<link rel=\"canonical\" href=\"https:\/\/www.bagnoitalia.com\/es\/producto\/lavamanos-en-resina-con-copilavatrice-para-exterior-o-interior.html\" \/>\n<meta property=\"og:locale\" content=\"es_ES\" \/>\n<meta property=\"og:type\" content=\"article\" \/>\n<meta property=\"og:title\" content=\"Lavatoio con coprilavatrice Lavapanni externo dentro de\" \/>\n<meta property=\"og:description\" content=\"Lavabo de resina, Lavabo con copilavate, modelo para exterior o interior, color blanco brillante.\" \/>\n<meta property=\"og:url\" content=\"https:\/\/www.bagnoitalia.com\/es\/producto\/lavamanos-en-resina-con-copilavatrice-para-exterior-o-interior.html\" \/>\n<meta property=\"og:site_name\" content=\"Bagno Italia\" \/>\n<meta property=\"article:modified_time\" content=\"2025-06-02T21:51:56+00:00\" \/>\n<meta property=\"og:image\" content=\"https:\/\/img.bagnoitalia.com\/wp-content\/uploads\/virtuemart\/product\/Resin-laundry-sink-washing-machine-cover-18564_1542708609_150.jpg\" \/>\n\t<meta property=\"og:image:width\" content=\"1600\" \/>\n\t<meta property=\"og:image:height\" content=\"1600\" \/>\n\t<meta property=\"og:image:type\" content=\"image\/jpeg\" \/>\n<meta name=\"twitter:card\" content=\"summary_large_image\" \/>\n<meta name=\"twitter:label1\" content=\"Tiempo de lectura\" \/>\n\t<meta name=\"twitter:data1\" content=\"1 minuto\" \/>\n<script type=\"application\/ld+json\" class=\"yoast-schema-graph\">{\"@context\":\"https:\/\/schema.org\",\"@graph\":[{\"@type\":\"WebPage\",\"@id\":\"https:\/\/www.bagnoitalia.com\/es\/producto\/lavamanos-en-resina-con-copilavatrice-para-exterior-o-interior.html\",\"url\":\"https:\/\/www.bagnoitalia.com\/es\/producto\/lavamanos-en-resina-con-copilavatrice-para-exterior-o-interior.html\",\"name\":\"Lavatoio con coprilavatrice Lavapanni externo dentro de\",\"isPartOf\":{\"@id\":\"https:\/\/www.bagnoitalia.com\/es#website\"},\"primaryImageOfPage\":{\"@id\":\"https:\/\/www.bagnoitalia.com\/es\/producto\/lavamanos-en-resina-con-copilavatrice-para-exterior-o-interior.html#primaryimage\"},\"image\":{\"@id\":\"https:\/\/www.bagnoitalia.com\/es\/producto\/lavamanos-en-resina-con-copilavatrice-para-exterior-o-interior.html#primaryimage\"},\"thumbnailUrl\":\"https:\/\/img.bagnoitalia.com\/wp-content\/uploads\/virtuemart\/product\/Resin-laundry-sink-washing-machine-cover-18564_1542708609_150.jpg\",\"datePublished\":\"2014-03-13T10:26:38+00:00\",\"dateModified\":\"2025-06-02T21:51:56+00:00\",\"description\":\"Lavabo de resina, Lavabo con copilavate, modelo para exterior o interior, color blanco brillante.\",\"breadcrumb\":{\"@id\":\"https:\/\/www.bagnoitalia.com\/es\/producto\/lavamanos-en-resina-con-copilavatrice-para-exterior-o-interior.html#breadcrumb\"},\"inLanguage\":\"es\",\"potentialAction\":[{\"@type\":\"ReadAction\",\"target\":[\"https:\/\/www.bagnoitalia.com\/es\/producto\/lavamanos-en-resina-con-copilavatrice-para-exterior-o-interior.html\"]}]},{\"@type\":\"ImageObject\",\"inLanguage\":\"es\",\"@id\":\"https:\/\/www.bagnoitalia.com\/es\/producto\/lavamanos-en-resina-con-copilavatrice-para-exterior-o-interior.html#primaryimage\",\"url\":\"https:\/\/img.bagnoitalia.com\/wp-content\/uploads\/virtuemart\/product\/Resin-laundry-sink-washing-machine-cover-18564_1542708609_150.jpg\",\"contentUrl\":\"https:\/\/img.bagnoitalia.com\/wp-content\/uploads\/virtuemart\/product\/Resin-laundry-sink-washing-machine-cover-18564_1542708609_150.jpg\",\"width\":1600,\"height\":1600},{\"@type\":\"BreadcrumbList\",\"@id\":\"https:\/\/www.bagnoitalia.com\/es\/producto\/lavamanos-en-resina-con-copilavatrice-para-exterior-o-interior.html#breadcrumb\",\"itemListElement\":[{\"@type\":\"ListItem\",\"position\":1,\"name\":\"Home\",\"item\":\"https:\/\/www.bagnoitalia.com\/es\"},{\"@type\":\"ListItem\",\"position\":2,\"name\":\"Productos\",\"item\":\"https:\/\/www.bagnoitalia.com\/es\/shop\"},{\"@type\":\"ListItem\",\"position\":3,\"name\":\"Lavamanos en resina con copilavatrice para exterior o interior.\"}]},{\"@type\":\"WebSite\",\"@id\":\"https:\/\/www.bagnoitalia.com\/es#website\",\"url\":\"https:\/\/www.bagnoitalia.com\/es\",\"name\":\"Bagno Italia\",\"description\":\"\",\"publisher\":{\"@id\":\"https:\/\/www.bagnoitalia.com\/es#organization\"},\"potentialAction\":[{\"@type\":\"SearchAction\",\"target\":{\"@type\":\"EntryPoint\",\"urlTemplate\":\"https:\/\/www.bagnoitalia.com\/es?s={search_term_string}\"},\"query-input\":{\"@type\":\"PropertyValueSpecification\",\"valueRequired\":true,\"valueName\":\"search_term_string\"}}],\"inLanguage\":\"es\"},{\"@type\":\"Organization\",\"@id\":\"https:\/\/www.bagnoitalia.com\/es#organization\",\"name\":\"Bagno Italia\",\"url\":\"https:\/\/www.bagnoitalia.com\/es\",\"logo\":{\"@type\":\"ImageObject\",\"inLanguage\":\"es\",\"@id\":\"https:\/\/www.bagnoitalia.com\/es#\/schema\/logo\/image\/\",\"url\":\"https:\/\/img.bagnoitalia.com\/wp-content\/uploads\/logo-bagnoitalia.webp\",\"contentUrl\":\"https:\/\/img.bagnoitalia.com\/wp-content\/uploads\/logo-bagnoitalia.webp\",\"width\":400,\"height\":70,\"caption\":\"Bagno Italia\"},\"image\":{\"@id\":\"https:\/\/www.bagnoitalia.com\/es#\/schema\/logo\/image\/\"}}]}<\/script>\n<!-- \/ Yoast SEO plugin. -->","yoast_head_json":{"title":"Lavatoio con coprilavatrice Lavapanni externo dentro de","description":"Lavabo de resina, Lavabo con copilavate, modelo para exterior o interior, color blanco brillante.","robots":{"index":"index","follow":"follow","max-snippet":"max-snippet:-1","max-image-preview":"max-image-preview:large","max-video-preview":"max-video-preview:-1"},"canonical":"https:\/\/www.bagnoitalia.com\/es\/producto\/lavamanos-en-resina-con-copilavatrice-para-exterior-o-interior.html","og_locale":"es_ES","og_type":"article","og_title":"Lavatoio con coprilavatrice Lavapanni externo dentro de","og_description":"Lavabo de resina, Lavabo con copilavate, modelo para exterior o interior, color blanco brillante.","og_url":"https:\/\/www.bagnoitalia.com\/es\/producto\/lavamanos-en-resina-con-copilavatrice-para-exterior-o-interior.html","og_site_name":"Bagno Italia","article_modified_time":"2025-06-02T21:51:56+00:00","og_image":[{"width":1600,"height":1600,"url":"https:\/\/img.bagnoitalia.com\/wp-content\/uploads\/virtuemart\/product\/Resin-laundry-sink-washing-machine-cover-18564_1542708609_150.jpg","type":"image\/jpeg"}],"twitter_card":"summary_large_image","twitter_misc":{"Tiempo de lectura":"1 minuto"},"schema":{"@context":"https:\/\/schema.org","@graph":[{"@type":"WebPage","@id":"https:\/\/www.bagnoitalia.com\/es\/producto\/lavamanos-en-resina-con-copilavatrice-para-exterior-o-interior.html","url":"https:\/\/www.bagnoitalia.com\/es\/producto\/lavamanos-en-resina-con-copilavatrice-para-exterior-o-interior.html","name":"Lavatoio con coprilavatrice Lavapanni externo dentro de","isPartOf":{"@id":"https:\/\/www.bagnoitalia.com\/es#website"},"primaryImageOfPage":{"@id":"https:\/\/www.bagnoitalia.com\/es\/producto\/lavamanos-en-resina-con-copilavatrice-para-exterior-o-interior.html#primaryimage"},"image":{"@id":"https:\/\/www.bagnoitalia.com\/es\/producto\/lavamanos-en-resina-con-copilavatrice-para-exterior-o-interior.html#primaryimage"},"thumbnailUrl":"https:\/\/img.bagnoitalia.com\/wp-content\/uploads\/virtuemart\/product\/Resin-laundry-sink-washing-machine-cover-18564_1542708609_150.jpg","datePublished":"2014-03-13T10:26:38+00:00","dateModified":"2025-06-02T21:51:56+00:00","description":"Lavabo de resina, Lavabo con copilavate, modelo para exterior o interior, color blanco brillante.","breadcrumb":{"@id":"https:\/\/www.bagnoitalia.com\/es\/producto\/lavamanos-en-resina-con-copilavatrice-para-exterior-o-interior.html#breadcrumb"},"inLanguage":"es","potentialAction":[{"@type":"ReadAction","target":["https:\/\/www.bagnoitalia.com\/es\/producto\/lavamanos-en-resina-con-copilavatrice-para-exterior-o-interior.html"]}]},{"@type":"ImageObject","inLanguage":"es","@id":"https:\/\/www.bagnoitalia.com\/es\/producto\/lavamanos-en-resina-con-copilavatrice-para-exterior-o-interior.html#primaryimage","url":"https:\/\/img.bagnoitalia.com\/wp-content\/uploads\/virtuemart\/product\/Resin-laundry-sink-washing-machine-cover-18564_1542708609_150.jpg","contentUrl":"https:\/\/img.bagnoitalia.com\/wp-content\/uploads\/virtuemart\/product\/Resin-laundry-sink-washing-machine-cover-18564_1542708609_150.jpg","width":1600,"height":1600},{"@type":"BreadcrumbList","@id":"https:\/\/www.bagnoitalia.com\/es\/producto\/lavamanos-en-resina-con-copilavatrice-para-exterior-o-interior.html#breadcrumb","itemListElement":[{"@type":"ListItem","position":1,"name":"Home","item":"https:\/\/www.bagnoitalia.com\/es"},{"@type":"ListItem","position":2,"name":"Productos","item":"https:\/\/www.bagnoitalia.com\/es\/shop"},{"@type":"ListItem","position":3,"name":"Lavamanos en resina con copilavatrice para exterior o interior."}]},{"@type":"WebSite","@id":"https:\/\/www.bagnoitalia.com\/es#website","url":"https:\/\/www.bagnoitalia.com\/es","name":"Bagno Italia","description":"","publisher":{"@id":"https:\/\/www.bagnoitalia.com\/es#organization"},"potentialAction":[{"@type":"SearchAction","target":{"@type":"EntryPoint","urlTemplate":"https:\/\/www.bagnoitalia.com\/es?s={search_term_string}"},"query-input":{"@type":"PropertyValueSpecification","valueRequired":true,"valueName":"search_term_string"}}],"inLanguage":"es"},{"@type":"Organization","@id":"https:\/\/www.bagnoitalia.com\/es#organization","name":"Bagno Italia","url":"https:\/\/www.bagnoitalia.com\/es","logo":{"@type":"ImageObject","inLanguage":"es","@id":"https:\/\/www.bagnoitalia.com\/es#\/schema\/logo\/image\/","url":"https:\/\/img.bagnoitalia.com\/wp-content\/uploads\/logo-bagnoitalia.webp","contentUrl":"https:\/\/img.bagnoitalia.com\/wp-content\/uploads\/logo-bagnoitalia.webp","width":400,"height":70,"caption":"Bagno Italia"},"image":{"@id":"https:\/\/www.bagnoitalia.com\/es#\/schema\/logo\/image\/"}}]}},"_links":{"self":[{"href":"https:\/\/www.bagnoitalia.com\/es\/wp-json\/wp\/v2\/product\/77504","targetHints":{"allow":["GET"]}}],"collection":[{"href":"https:\/\/www.bagnoitalia.com\/es\/wp-json\/wp\/v2\/product"}],"about":[{"href":"https:\/\/www.bagnoitalia.com\/es\/wp-json\/wp\/v2\/types\/product"}],"replies":[{"embeddable":true,"href":"https:\/\/www.bagnoitalia.com\/es\/wp-json\/wp\/v2\/comments?post=77504"}],"version-history":[{"count":0,"href":"https:\/\/www.bagnoitalia.com\/es\/wp-json\/wp\/v2\/product\/77504\/revisions"}],"wp:featuredmedia":[{"embeddable":true,"href":"https:\/\/www.bagnoitalia.com\/es\/wp-json\/wp\/v2\/media\/12458"}],"wp:attachment":[{"href":"https:\/\/www.bagnoitalia.com\/es\/wp-json\/wp\/v2\/media?parent=77504"}],"wp:term":[{"taxonomy":"product_brand","embeddable":true,"href":"https:\/\/www.bagnoitalia.com\/es\/wp-json\/wp\/v2\/product_brand?post=77504"},{"taxonomy":"product_cat","embeddable":true,"href":"https:\/\/www.bagnoitalia.com\/es\/wp-json\/wp\/v2\/product_cat?post=77504"},{"taxonomy":"product_tag","embeddable":true,"href":"https:\/\/www.bagnoitalia.com\/es\/wp-json\/wp\/v2\/product_tag?post=77504"}],"curies":[{"name":"wp","href":"https:\/\/api.w.org\/{rel}","templated":true}]}}