{"id":77368,"date":"2010-06-11T01:14:37","date_gmt":"2010-06-10T23:14:37","guid":{"rendered":"https:\/\/www.bagnoitalia.com\/product\/grifo-mezclador-en-laton-bronceado-para-bidet-rb018"},"modified":"2024-05-11T00:14:44","modified_gmt":"2024-05-10T22:14:44","slug":"grifo-mezclador-en-laton-bronceado-para-bidet-rb018","status":"publish","type":"product","link":"https:\/\/www.bagnoitalia.com\/es\/producto\/grifo-mezclador-en-laton-bronceado-para-bidet-rb018.html","title":{"rendered":"Grifo mezclador en lat\u00f3n bronceado para bidet RB018"},"content":{"rendered":"<\/p>\n<\/p>\n<p> Completamente en lat\u00f3n <\/p>\n<p> 1 &quot;1\/4 residuos con saltarello <\/p>\n<p> Mangueras de conexion <\/p>\n<p> Cartucho de 35mm <\/p>\n","protected":false},"excerpt":{"rendered":"<p>Mezclador en lat\u00f3n bronceado para bidet RB018<\/p>\n","protected":false},"featured_media":11778,"comment_status":"open","ping_status":"closed","template":"","meta":[],"product_brand":[5004],"product_cat":[10041],"product_tag":[],"class_list":{"0":"post-77368","1":"product","2":"type-product","3":"status-publish","4":"has-post-thumbnail","6":"product_brand-vari-produttori","7":"product_cat-griferia-para-bide","9":"first","10":"instock","11":"sale","12":"taxable","13":"shipping-taxable","14":"purchasable","15":"product-type-simple"},"exclude_global_add_ons":[],"addons":[],"yoast_head":"<!-- This site is optimized with the Yoast SEO plugin v26.7 - https:\/\/yoast.com\/wordpress\/plugins\/seo\/ -->\n<title>Grifo mezclador en lat\u00f3n bronceado para bid\u00e9 con tiradores<\/title>\n<meta name=\"description\" content=\"Grifo mezclador en lat\u00f3n bronceado, para bid\u00e9, con tiradores. Kit de fijaci\u00f3n incluido y cartucho de apertura \/ cierre de 100000 ciclos. \u00a1Compra ahora!\" \/>\n<meta name=\"robots\" content=\"index, follow, max-snippet:-1, max-image-preview:large, max-video-preview:-1\" \/>\n<link rel=\"canonical\" href=\"https:\/\/www.bagnoitalia.com\/es\/producto\/grifo-mezclador-en-laton-bronceado-para-bidet-rb018.html\" \/>\n<meta property=\"og:locale\" content=\"es_ES\" \/>\n<meta property=\"og:type\" content=\"article\" \/>\n<meta property=\"og:title\" content=\"Grifo mezclador en lat\u00f3n bronceado para bid\u00e9 con tiradores\" \/>\n<meta property=\"og:description\" content=\"Grifo mezclador en lat\u00f3n bronceado, para bid\u00e9, con tiradores. Kit de fijaci\u00f3n incluido y cartucho de apertura \/ cierre de 100000 ciclos. \u00a1Compra ahora!\" \/>\n<meta property=\"og:url\" content=\"https:\/\/www.bagnoitalia.com\/es\/producto\/grifo-mezclador-en-laton-bronceado-para-bidet-rb018.html\" \/>\n<meta property=\"og:site_name\" content=\"Bagno Italia\" \/>\n<meta property=\"article:modified_time\" content=\"2024-05-10T22:14:44+00:00\" \/>\n<meta property=\"og:image\" content=\"https:\/\/img.bagnoitalia.com\/wp-content\/uploads\/virtuemart\/product\/Bronzed-brass-bidet-mixer-faucet-RB018-1_1542730909_534.jpg\" \/>\n\t<meta property=\"og:image:width\" content=\"425\" \/>\n\t<meta property=\"og:image:height\" content=\"319\" \/>\n\t<meta property=\"og:image:type\" content=\"image\/jpeg\" \/>\n<meta name=\"twitter:card\" content=\"summary_large_image\" \/>\n<script type=\"application\/ld+json\" class=\"yoast-schema-graph\">{\"@context\":\"https:\/\/schema.org\",\"@graph\":[{\"@type\":\"WebPage\",\"@id\":\"https:\/\/www.bagnoitalia.com\/es\/producto\/grifo-mezclador-en-laton-bronceado-para-bidet-rb018.html\",\"url\":\"https:\/\/www.bagnoitalia.com\/es\/producto\/grifo-mezclador-en-laton-bronceado-para-bidet-rb018.html\",\"name\":\"Grifo mezclador en lat\u00f3n bronceado para bid\u00e9 con tiradores\",\"isPartOf\":{\"@id\":\"https:\/\/www.bagnoitalia.com\/es#website\"},\"primaryImageOfPage\":{\"@id\":\"https:\/\/www.bagnoitalia.com\/es\/producto\/grifo-mezclador-en-laton-bronceado-para-bidet-rb018.html#primaryimage\"},\"image\":{\"@id\":\"https:\/\/www.bagnoitalia.com\/es\/producto\/grifo-mezclador-en-laton-bronceado-para-bidet-rb018.html#primaryimage\"},\"thumbnailUrl\":\"https:\/\/img.bagnoitalia.com\/wp-content\/uploads\/virtuemart\/product\/Bronzed-brass-bidet-mixer-faucet-RB018-1_1542730909_534.jpg\",\"datePublished\":\"2010-06-10T23:14:37+00:00\",\"dateModified\":\"2024-05-10T22:14:44+00:00\",\"description\":\"Grifo mezclador en lat\u00f3n bronceado, para bid\u00e9, con tiradores. Kit de fijaci\u00f3n incluido y cartucho de apertura \/ cierre de 100000 ciclos. \u00a1Compra ahora!\",\"breadcrumb\":{\"@id\":\"https:\/\/www.bagnoitalia.com\/es\/producto\/grifo-mezclador-en-laton-bronceado-para-bidet-rb018.html#breadcrumb\"},\"inLanguage\":\"es\",\"potentialAction\":[{\"@type\":\"ReadAction\",\"target\":[\"https:\/\/www.bagnoitalia.com\/es\/producto\/grifo-mezclador-en-laton-bronceado-para-bidet-rb018.html\"]}]},{\"@type\":\"ImageObject\",\"inLanguage\":\"es\",\"@id\":\"https:\/\/www.bagnoitalia.com\/es\/producto\/grifo-mezclador-en-laton-bronceado-para-bidet-rb018.html#primaryimage\",\"url\":\"https:\/\/img.bagnoitalia.com\/wp-content\/uploads\/virtuemart\/product\/Bronzed-brass-bidet-mixer-faucet-RB018-1_1542730909_534.jpg\",\"contentUrl\":\"https:\/\/img.bagnoitalia.com\/wp-content\/uploads\/virtuemart\/product\/Bronzed-brass-bidet-mixer-faucet-RB018-1_1542730909_534.jpg\",\"width\":425,\"height\":319},{\"@type\":\"BreadcrumbList\",\"@id\":\"https:\/\/www.bagnoitalia.com\/es\/producto\/grifo-mezclador-en-laton-bronceado-para-bidet-rb018.html#breadcrumb\",\"itemListElement\":[{\"@type\":\"ListItem\",\"position\":1,\"name\":\"Home\",\"item\":\"https:\/\/www.bagnoitalia.com\/es\"},{\"@type\":\"ListItem\",\"position\":2,\"name\":\"Productos\",\"item\":\"https:\/\/www.bagnoitalia.com\/es\/shop\"},{\"@type\":\"ListItem\",\"position\":3,\"name\":\"Grifo mezclador en lat\u00f3n bronceado para bidet RB018\"}]},{\"@type\":\"WebSite\",\"@id\":\"https:\/\/www.bagnoitalia.com\/es#website\",\"url\":\"https:\/\/www.bagnoitalia.com\/es\",\"name\":\"Bagno Italia\",\"description\":\"\",\"publisher\":{\"@id\":\"https:\/\/www.bagnoitalia.com\/es#organization\"},\"potentialAction\":[{\"@type\":\"SearchAction\",\"target\":{\"@type\":\"EntryPoint\",\"urlTemplate\":\"https:\/\/www.bagnoitalia.com\/es?s={search_term_string}\"},\"query-input\":{\"@type\":\"PropertyValueSpecification\",\"valueRequired\":true,\"valueName\":\"search_term_string\"}}],\"inLanguage\":\"es\"},{\"@type\":\"Organization\",\"@id\":\"https:\/\/www.bagnoitalia.com\/es#organization\",\"name\":\"Bagno Italia\",\"url\":\"https:\/\/www.bagnoitalia.com\/es\",\"logo\":{\"@type\":\"ImageObject\",\"inLanguage\":\"es\",\"@id\":\"https:\/\/www.bagnoitalia.com\/es#\/schema\/logo\/image\/\",\"url\":\"https:\/\/img.bagnoitalia.com\/wp-content\/uploads\/logo-bagnoitalia.webp\",\"contentUrl\":\"https:\/\/img.bagnoitalia.com\/wp-content\/uploads\/logo-bagnoitalia.webp\",\"width\":400,\"height\":70,\"caption\":\"Bagno Italia\"},\"image\":{\"@id\":\"https:\/\/www.bagnoitalia.com\/es#\/schema\/logo\/image\/\"}}]}<\/script>\n<!-- \/ Yoast SEO plugin. -->","yoast_head_json":{"title":"Grifo mezclador en lat\u00f3n bronceado para bid\u00e9 con tiradores","description":"Grifo mezclador en lat\u00f3n bronceado, para bid\u00e9, con tiradores. Kit de fijaci\u00f3n incluido y cartucho de apertura \/ cierre de 100000 ciclos. \u00a1Compra ahora!","robots":{"index":"index","follow":"follow","max-snippet":"max-snippet:-1","max-image-preview":"max-image-preview:large","max-video-preview":"max-video-preview:-1"},"canonical":"https:\/\/www.bagnoitalia.com\/es\/producto\/grifo-mezclador-en-laton-bronceado-para-bidet-rb018.html","og_locale":"es_ES","og_type":"article","og_title":"Grifo mezclador en lat\u00f3n bronceado para bid\u00e9 con tiradores","og_description":"Grifo mezclador en lat\u00f3n bronceado, para bid\u00e9, con tiradores. Kit de fijaci\u00f3n incluido y cartucho de apertura \/ cierre de 100000 ciclos. \u00a1Compra ahora!","og_url":"https:\/\/www.bagnoitalia.com\/es\/producto\/grifo-mezclador-en-laton-bronceado-para-bidet-rb018.html","og_site_name":"Bagno Italia","article_modified_time":"2024-05-10T22:14:44+00:00","og_image":[{"width":425,"height":319,"url":"https:\/\/img.bagnoitalia.com\/wp-content\/uploads\/virtuemart\/product\/Bronzed-brass-bidet-mixer-faucet-RB018-1_1542730909_534.jpg","type":"image\/jpeg"}],"twitter_card":"summary_large_image","schema":{"@context":"https:\/\/schema.org","@graph":[{"@type":"WebPage","@id":"https:\/\/www.bagnoitalia.com\/es\/producto\/grifo-mezclador-en-laton-bronceado-para-bidet-rb018.html","url":"https:\/\/www.bagnoitalia.com\/es\/producto\/grifo-mezclador-en-laton-bronceado-para-bidet-rb018.html","name":"Grifo mezclador en lat\u00f3n bronceado para bid\u00e9 con tiradores","isPartOf":{"@id":"https:\/\/www.bagnoitalia.com\/es#website"},"primaryImageOfPage":{"@id":"https:\/\/www.bagnoitalia.com\/es\/producto\/grifo-mezclador-en-laton-bronceado-para-bidet-rb018.html#primaryimage"},"image":{"@id":"https:\/\/www.bagnoitalia.com\/es\/producto\/grifo-mezclador-en-laton-bronceado-para-bidet-rb018.html#primaryimage"},"thumbnailUrl":"https:\/\/img.bagnoitalia.com\/wp-content\/uploads\/virtuemart\/product\/Bronzed-brass-bidet-mixer-faucet-RB018-1_1542730909_534.jpg","datePublished":"2010-06-10T23:14:37+00:00","dateModified":"2024-05-10T22:14:44+00:00","description":"Grifo mezclador en lat\u00f3n bronceado, para bid\u00e9, con tiradores. Kit de fijaci\u00f3n incluido y cartucho de apertura \/ cierre de 100000 ciclos. \u00a1Compra ahora!","breadcrumb":{"@id":"https:\/\/www.bagnoitalia.com\/es\/producto\/grifo-mezclador-en-laton-bronceado-para-bidet-rb018.html#breadcrumb"},"inLanguage":"es","potentialAction":[{"@type":"ReadAction","target":["https:\/\/www.bagnoitalia.com\/es\/producto\/grifo-mezclador-en-laton-bronceado-para-bidet-rb018.html"]}]},{"@type":"ImageObject","inLanguage":"es","@id":"https:\/\/www.bagnoitalia.com\/es\/producto\/grifo-mezclador-en-laton-bronceado-para-bidet-rb018.html#primaryimage","url":"https:\/\/img.bagnoitalia.com\/wp-content\/uploads\/virtuemart\/product\/Bronzed-brass-bidet-mixer-faucet-RB018-1_1542730909_534.jpg","contentUrl":"https:\/\/img.bagnoitalia.com\/wp-content\/uploads\/virtuemart\/product\/Bronzed-brass-bidet-mixer-faucet-RB018-1_1542730909_534.jpg","width":425,"height":319},{"@type":"BreadcrumbList","@id":"https:\/\/www.bagnoitalia.com\/es\/producto\/grifo-mezclador-en-laton-bronceado-para-bidet-rb018.html#breadcrumb","itemListElement":[{"@type":"ListItem","position":1,"name":"Home","item":"https:\/\/www.bagnoitalia.com\/es"},{"@type":"ListItem","position":2,"name":"Productos","item":"https:\/\/www.bagnoitalia.com\/es\/shop"},{"@type":"ListItem","position":3,"name":"Grifo mezclador en lat\u00f3n bronceado para bidet RB018"}]},{"@type":"WebSite","@id":"https:\/\/www.bagnoitalia.com\/es#website","url":"https:\/\/www.bagnoitalia.com\/es","name":"Bagno Italia","description":"","publisher":{"@id":"https:\/\/www.bagnoitalia.com\/es#organization"},"potentialAction":[{"@type":"SearchAction","target":{"@type":"EntryPoint","urlTemplate":"https:\/\/www.bagnoitalia.com\/es?s={search_term_string}"},"query-input":{"@type":"PropertyValueSpecification","valueRequired":true,"valueName":"search_term_string"}}],"inLanguage":"es"},{"@type":"Organization","@id":"https:\/\/www.bagnoitalia.com\/es#organization","name":"Bagno Italia","url":"https:\/\/www.bagnoitalia.com\/es","logo":{"@type":"ImageObject","inLanguage":"es","@id":"https:\/\/www.bagnoitalia.com\/es#\/schema\/logo\/image\/","url":"https:\/\/img.bagnoitalia.com\/wp-content\/uploads\/logo-bagnoitalia.webp","contentUrl":"https:\/\/img.bagnoitalia.com\/wp-content\/uploads\/logo-bagnoitalia.webp","width":400,"height":70,"caption":"Bagno Italia"},"image":{"@id":"https:\/\/www.bagnoitalia.com\/es#\/schema\/logo\/image\/"}}]}},"_links":{"self":[{"href":"https:\/\/www.bagnoitalia.com\/es\/wp-json\/wp\/v2\/product\/77368","targetHints":{"allow":["GET"]}}],"collection":[{"href":"https:\/\/www.bagnoitalia.com\/es\/wp-json\/wp\/v2\/product"}],"about":[{"href":"https:\/\/www.bagnoitalia.com\/es\/wp-json\/wp\/v2\/types\/product"}],"replies":[{"embeddable":true,"href":"https:\/\/www.bagnoitalia.com\/es\/wp-json\/wp\/v2\/comments?post=77368"}],"version-history":[{"count":0,"href":"https:\/\/www.bagnoitalia.com\/es\/wp-json\/wp\/v2\/product\/77368\/revisions"}],"wp:featuredmedia":[{"embeddable":true,"href":"https:\/\/www.bagnoitalia.com\/es\/wp-json\/wp\/v2\/media\/11778"}],"wp:attachment":[{"href":"https:\/\/www.bagnoitalia.com\/es\/wp-json\/wp\/v2\/media?parent=77368"}],"wp:term":[{"taxonomy":"product_brand","embeddable":true,"href":"https:\/\/www.bagnoitalia.com\/es\/wp-json\/wp\/v2\/product_brand?post=77368"},{"taxonomy":"product_cat","embeddable":true,"href":"https:\/\/www.bagnoitalia.com\/es\/wp-json\/wp\/v2\/product_cat?post=77368"},{"taxonomy":"product_tag","embeddable":true,"href":"https:\/\/www.bagnoitalia.com\/es\/wp-json\/wp\/v2\/product_tag?post=77368"}],"curies":[{"name":"wp","href":"https:\/\/api.w.org\/{rel}","templated":true}]}}