{"id":77344,"date":"2010-06-03T13:37:43","date_gmt":"2010-06-03T11:37:43","guid":{"rendered":"https:\/\/www.bagnoitalia.com\/product\/mueble-de-bano-cleo-cm-75-blanco-brillante"},"modified":"2025-11-26T12:12:18","modified_gmt":"2025-11-26T11:12:18","slug":"mueble-de-bano-cleo-cm-75-blanco-brillante","status":"publish","type":"product","link":"https:\/\/www.bagnoitalia.com\/es\/producto\/mueble-de-bano-cleo-cm-75-blanco-brillante.html","title":{"rendered":"Mueble de ba\u00f1o Cleo 75 cm blanco brillante"},"content":{"rendered":"<p><strong><span dir=\"auto\">El precio anterior incluye:<\/span><\/strong><\/p>\n<p><span dir=\"auto\">N\u00b01 Base Cleo 70 cm x 34 profundidad x 190 alto<\/span><\/p>\n<p><span dir=\"auto\">Fregadero de cer\u00e1mica n\u00ba 1 de 75 cm<\/span><\/p>\n<p>&nbsp;<\/p>\n<p><strong><span dir=\"auto\">ATENCI\u00d3N: EL ESPEJO YA NO EST\u00c1 DISPONIBLE, POR LO TANTO\u00a0\u00a0<\/span><span dir=\"auto\">NO EST\u00c1 INCLUIDO EN LA OFERTA<\/span><\/strong><\/p>\n<p>&nbsp;<\/p>\n<p><strong><span dir=\"auto\">Materiales utilizados<\/span><\/strong><\/p>\n<p><span dir=\"auto\">Base de lavabo: en MDF<\/span><\/p>\n<p><span dir=\"auto\">Puertas: en MDF lacado (densidad media)<\/span><\/p>\n<p><span dir=\"auto\">Fregadero: cer\u00e1mica<\/span><\/p>\n<p><span dir=\"auto\">Manijas: cromo pulido<\/span><\/p>\n<p><span dir=\"auto\">Gu\u00edas: metal<\/span><\/p>\n<p>&nbsp;<\/p>\n","protected":false},"excerpt":{"rendered":"<div class=\"woocommerce-product-details__short-description\">\n<p><span dir=\"auto\">Mueble de ba\u00f1o Cleo con lavabo de cer\u00e1mica; mueble de suelo con z\u00f3calo. NOTA: EL ESPEJO YA NO EST\u00c1 DISPONIBLE Y NO EST\u00c1 INCLUIDO EN ESTA OFERTA.<\/span><\/p>\n<\/div>\n<div class=\"woocommerce-product-rating\">\n<div class=\"star-rating\" role=\"img\" aria-label=\"Calificado con 4,92 de 5\"><\/div>\n<\/div>\n","protected":false},"featured_media":11668,"comment_status":"open","ping_status":"closed","template":"","meta":[],"product_brand":[9899],"product_cat":[9661],"product_tag":[],"class_list":{"0":"post-77344","1":"product","2":"type-product","3":"status-publish","4":"has-post-thumbnail","6":"product_brand-baden-haus-es","7":"product_cat-muebles-de-bano-economicos","9":"first","10":"instock","11":"sale","12":"taxable","13":"shipping-taxable","14":"purchasable","15":"product-type-simple"},"exclude_global_add_ons":[],"addons":[],"yoast_head":"<!-- This site is optimized with the Yoast SEO plugin v26.7 - https:\/\/yoast.com\/wordpress\/plugins\/seo\/ -->\n<title>Mueble de ba\u00f1o Cleo cm 75 blanco bh<\/title>\n<meta name=\"description\" content=\"Mueble de ba\u00f1o Cleo 75 - Mueble de ba\u00f1o tradicional blanco brillante de 2 puertas, completo con lavabo y espejo de cer\u00e1mica integral. \u00a1Descubre m\u00e1s!\" \/>\n<meta name=\"robots\" content=\"index, follow, max-snippet:-1, max-image-preview:large, max-video-preview:-1\" \/>\n<link rel=\"canonical\" href=\"https:\/\/www.bagnoitalia.com\/es\/producto\/mueble-de-bano-cleo-cm-75-blanco-brillante.html\" \/>\n<meta property=\"og:locale\" content=\"es_ES\" \/>\n<meta property=\"og:type\" content=\"article\" \/>\n<meta property=\"og:title\" content=\"Mueble de ba\u00f1o Cleo cm 75 blanco bh\" \/>\n<meta property=\"og:description\" content=\"Mueble de ba\u00f1o Cleo 75 - Mueble de ba\u00f1o tradicional blanco brillante de 2 puertas, completo con lavabo y espejo de cer\u00e1mica integral. \u00a1Descubre m\u00e1s!\" \/>\n<meta property=\"og:url\" content=\"https:\/\/www.bagnoitalia.com\/es\/producto\/mueble-de-bano-cleo-cm-75-blanco-brillante.html\" \/>\n<meta property=\"og:site_name\" content=\"Bagno Italia\" \/>\n<meta property=\"article:modified_time\" content=\"2025-11-26T11:12:18+00:00\" \/>\n<meta property=\"og:image\" content=\"https:\/\/img.bagnoitalia.com\/wp-content\/uploads\/virtuemart\/product\/Cleo-Bathroom-Cabinet-cm-75-white-4548_1542706511_414.png\" \/>\n\t<meta property=\"og:image:width\" content=\"640\" \/>\n\t<meta property=\"og:image:height\" content=\"640\" \/>\n\t<meta property=\"og:image:type\" content=\"image\/png\" \/>\n<meta name=\"twitter:card\" content=\"summary_large_image\" \/>\n<meta name=\"twitter:label1\" content=\"Tiempo de lectura\" \/>\n\t<meta name=\"twitter:data1\" content=\"1 minuto\" \/>\n<script type=\"application\/ld+json\" class=\"yoast-schema-graph\">{\"@context\":\"https:\/\/schema.org\",\"@graph\":[{\"@type\":\"WebPage\",\"@id\":\"https:\/\/www.bagnoitalia.com\/es\/producto\/mueble-de-bano-cleo-cm-75-blanco-brillante.html\",\"url\":\"https:\/\/www.bagnoitalia.com\/es\/producto\/mueble-de-bano-cleo-cm-75-blanco-brillante.html\",\"name\":\"Mueble de ba\u00f1o Cleo cm 75 blanco bh\",\"isPartOf\":{\"@id\":\"https:\/\/www.bagnoitalia.com\/es#website\"},\"primaryImageOfPage\":{\"@id\":\"https:\/\/www.bagnoitalia.com\/es\/producto\/mueble-de-bano-cleo-cm-75-blanco-brillante.html#primaryimage\"},\"image\":{\"@id\":\"https:\/\/www.bagnoitalia.com\/es\/producto\/mueble-de-bano-cleo-cm-75-blanco-brillante.html#primaryimage\"},\"thumbnailUrl\":\"https:\/\/img.bagnoitalia.com\/wp-content\/uploads\/virtuemart\/product\/Cleo-Bathroom-Cabinet-cm-75-white-4548_1542706511_414.png\",\"datePublished\":\"2010-06-03T11:37:43+00:00\",\"dateModified\":\"2025-11-26T11:12:18+00:00\",\"description\":\"Mueble de ba\u00f1o Cleo 75 - Mueble de ba\u00f1o tradicional blanco brillante de 2 puertas, completo con lavabo y espejo de cer\u00e1mica integral. \u00a1Descubre m\u00e1s!\",\"breadcrumb\":{\"@id\":\"https:\/\/www.bagnoitalia.com\/es\/producto\/mueble-de-bano-cleo-cm-75-blanco-brillante.html#breadcrumb\"},\"inLanguage\":\"es\",\"potentialAction\":[{\"@type\":\"ReadAction\",\"target\":[\"https:\/\/www.bagnoitalia.com\/es\/producto\/mueble-de-bano-cleo-cm-75-blanco-brillante.html\"]}]},{\"@type\":\"ImageObject\",\"inLanguage\":\"es\",\"@id\":\"https:\/\/www.bagnoitalia.com\/es\/producto\/mueble-de-bano-cleo-cm-75-blanco-brillante.html#primaryimage\",\"url\":\"https:\/\/img.bagnoitalia.com\/wp-content\/uploads\/virtuemart\/product\/Cleo-Bathroom-Cabinet-cm-75-white-4548_1542706511_414.png\",\"contentUrl\":\"https:\/\/img.bagnoitalia.com\/wp-content\/uploads\/virtuemart\/product\/Cleo-Bathroom-Cabinet-cm-75-white-4548_1542706511_414.png\",\"width\":640,\"height\":640},{\"@type\":\"BreadcrumbList\",\"@id\":\"https:\/\/www.bagnoitalia.com\/es\/producto\/mueble-de-bano-cleo-cm-75-blanco-brillante.html#breadcrumb\",\"itemListElement\":[{\"@type\":\"ListItem\",\"position\":1,\"name\":\"Home\",\"item\":\"https:\/\/www.bagnoitalia.com\/es\"},{\"@type\":\"ListItem\",\"position\":2,\"name\":\"Productos\",\"item\":\"https:\/\/www.bagnoitalia.com\/es\/shop\"},{\"@type\":\"ListItem\",\"position\":3,\"name\":\"Mueble de ba\u00f1o Cleo 75 cm blanco brillante\"}]},{\"@type\":\"WebSite\",\"@id\":\"https:\/\/www.bagnoitalia.com\/es#website\",\"url\":\"https:\/\/www.bagnoitalia.com\/es\",\"name\":\"Bagno Italia\",\"description\":\"\",\"publisher\":{\"@id\":\"https:\/\/www.bagnoitalia.com\/es#organization\"},\"potentialAction\":[{\"@type\":\"SearchAction\",\"target\":{\"@type\":\"EntryPoint\",\"urlTemplate\":\"https:\/\/www.bagnoitalia.com\/es?s={search_term_string}\"},\"query-input\":{\"@type\":\"PropertyValueSpecification\",\"valueRequired\":true,\"valueName\":\"search_term_string\"}}],\"inLanguage\":\"es\"},{\"@type\":\"Organization\",\"@id\":\"https:\/\/www.bagnoitalia.com\/es#organization\",\"name\":\"Bagno Italia\",\"url\":\"https:\/\/www.bagnoitalia.com\/es\",\"logo\":{\"@type\":\"ImageObject\",\"inLanguage\":\"es\",\"@id\":\"https:\/\/www.bagnoitalia.com\/es#\/schema\/logo\/image\/\",\"url\":\"https:\/\/img.bagnoitalia.com\/wp-content\/uploads\/logo-bagnoitalia.webp\",\"contentUrl\":\"https:\/\/img.bagnoitalia.com\/wp-content\/uploads\/logo-bagnoitalia.webp\",\"width\":400,\"height\":70,\"caption\":\"Bagno Italia\"},\"image\":{\"@id\":\"https:\/\/www.bagnoitalia.com\/es#\/schema\/logo\/image\/\"}}]}<\/script>\n<!-- \/ Yoast SEO plugin. -->","yoast_head_json":{"title":"Mueble de ba\u00f1o Cleo cm 75 blanco bh","description":"Mueble de ba\u00f1o Cleo 75 - Mueble de ba\u00f1o tradicional blanco brillante de 2 puertas, completo con lavabo y espejo de cer\u00e1mica integral. \u00a1Descubre m\u00e1s!","robots":{"index":"index","follow":"follow","max-snippet":"max-snippet:-1","max-image-preview":"max-image-preview:large","max-video-preview":"max-video-preview:-1"},"canonical":"https:\/\/www.bagnoitalia.com\/es\/producto\/mueble-de-bano-cleo-cm-75-blanco-brillante.html","og_locale":"es_ES","og_type":"article","og_title":"Mueble de ba\u00f1o Cleo cm 75 blanco bh","og_description":"Mueble de ba\u00f1o Cleo 75 - Mueble de ba\u00f1o tradicional blanco brillante de 2 puertas, completo con lavabo y espejo de cer\u00e1mica integral. \u00a1Descubre m\u00e1s!","og_url":"https:\/\/www.bagnoitalia.com\/es\/producto\/mueble-de-bano-cleo-cm-75-blanco-brillante.html","og_site_name":"Bagno Italia","article_modified_time":"2025-11-26T11:12:18+00:00","og_image":[{"width":640,"height":640,"url":"https:\/\/img.bagnoitalia.com\/wp-content\/uploads\/virtuemart\/product\/Cleo-Bathroom-Cabinet-cm-75-white-4548_1542706511_414.png","type":"image\/png"}],"twitter_card":"summary_large_image","twitter_misc":{"Tiempo de lectura":"1 minuto"},"schema":{"@context":"https:\/\/schema.org","@graph":[{"@type":"WebPage","@id":"https:\/\/www.bagnoitalia.com\/es\/producto\/mueble-de-bano-cleo-cm-75-blanco-brillante.html","url":"https:\/\/www.bagnoitalia.com\/es\/producto\/mueble-de-bano-cleo-cm-75-blanco-brillante.html","name":"Mueble de ba\u00f1o Cleo cm 75 blanco bh","isPartOf":{"@id":"https:\/\/www.bagnoitalia.com\/es#website"},"primaryImageOfPage":{"@id":"https:\/\/www.bagnoitalia.com\/es\/producto\/mueble-de-bano-cleo-cm-75-blanco-brillante.html#primaryimage"},"image":{"@id":"https:\/\/www.bagnoitalia.com\/es\/producto\/mueble-de-bano-cleo-cm-75-blanco-brillante.html#primaryimage"},"thumbnailUrl":"https:\/\/img.bagnoitalia.com\/wp-content\/uploads\/virtuemart\/product\/Cleo-Bathroom-Cabinet-cm-75-white-4548_1542706511_414.png","datePublished":"2010-06-03T11:37:43+00:00","dateModified":"2025-11-26T11:12:18+00:00","description":"Mueble de ba\u00f1o Cleo 75 - Mueble de ba\u00f1o tradicional blanco brillante de 2 puertas, completo con lavabo y espejo de cer\u00e1mica integral. \u00a1Descubre m\u00e1s!","breadcrumb":{"@id":"https:\/\/www.bagnoitalia.com\/es\/producto\/mueble-de-bano-cleo-cm-75-blanco-brillante.html#breadcrumb"},"inLanguage":"es","potentialAction":[{"@type":"ReadAction","target":["https:\/\/www.bagnoitalia.com\/es\/producto\/mueble-de-bano-cleo-cm-75-blanco-brillante.html"]}]},{"@type":"ImageObject","inLanguage":"es","@id":"https:\/\/www.bagnoitalia.com\/es\/producto\/mueble-de-bano-cleo-cm-75-blanco-brillante.html#primaryimage","url":"https:\/\/img.bagnoitalia.com\/wp-content\/uploads\/virtuemart\/product\/Cleo-Bathroom-Cabinet-cm-75-white-4548_1542706511_414.png","contentUrl":"https:\/\/img.bagnoitalia.com\/wp-content\/uploads\/virtuemart\/product\/Cleo-Bathroom-Cabinet-cm-75-white-4548_1542706511_414.png","width":640,"height":640},{"@type":"BreadcrumbList","@id":"https:\/\/www.bagnoitalia.com\/es\/producto\/mueble-de-bano-cleo-cm-75-blanco-brillante.html#breadcrumb","itemListElement":[{"@type":"ListItem","position":1,"name":"Home","item":"https:\/\/www.bagnoitalia.com\/es"},{"@type":"ListItem","position":2,"name":"Productos","item":"https:\/\/www.bagnoitalia.com\/es\/shop"},{"@type":"ListItem","position":3,"name":"Mueble de ba\u00f1o Cleo 75 cm blanco brillante"}]},{"@type":"WebSite","@id":"https:\/\/www.bagnoitalia.com\/es#website","url":"https:\/\/www.bagnoitalia.com\/es","name":"Bagno Italia","description":"","publisher":{"@id":"https:\/\/www.bagnoitalia.com\/es#organization"},"potentialAction":[{"@type":"SearchAction","target":{"@type":"EntryPoint","urlTemplate":"https:\/\/www.bagnoitalia.com\/es?s={search_term_string}"},"query-input":{"@type":"PropertyValueSpecification","valueRequired":true,"valueName":"search_term_string"}}],"inLanguage":"es"},{"@type":"Organization","@id":"https:\/\/www.bagnoitalia.com\/es#organization","name":"Bagno Italia","url":"https:\/\/www.bagnoitalia.com\/es","logo":{"@type":"ImageObject","inLanguage":"es","@id":"https:\/\/www.bagnoitalia.com\/es#\/schema\/logo\/image\/","url":"https:\/\/img.bagnoitalia.com\/wp-content\/uploads\/logo-bagnoitalia.webp","contentUrl":"https:\/\/img.bagnoitalia.com\/wp-content\/uploads\/logo-bagnoitalia.webp","width":400,"height":70,"caption":"Bagno Italia"},"image":{"@id":"https:\/\/www.bagnoitalia.com\/es#\/schema\/logo\/image\/"}}]}},"_links":{"self":[{"href":"https:\/\/www.bagnoitalia.com\/es\/wp-json\/wp\/v2\/product\/77344","targetHints":{"allow":["GET"]}}],"collection":[{"href":"https:\/\/www.bagnoitalia.com\/es\/wp-json\/wp\/v2\/product"}],"about":[{"href":"https:\/\/www.bagnoitalia.com\/es\/wp-json\/wp\/v2\/types\/product"}],"replies":[{"embeddable":true,"href":"https:\/\/www.bagnoitalia.com\/es\/wp-json\/wp\/v2\/comments?post=77344"}],"version-history":[{"count":3,"href":"https:\/\/www.bagnoitalia.com\/es\/wp-json\/wp\/v2\/product\/77344\/revisions"}],"predecessor-version":[{"id":115058,"href":"https:\/\/www.bagnoitalia.com\/es\/wp-json\/wp\/v2\/product\/77344\/revisions\/115058"}],"wp:featuredmedia":[{"embeddable":true,"href":"https:\/\/www.bagnoitalia.com\/es\/wp-json\/wp\/v2\/media\/11668"}],"wp:attachment":[{"href":"https:\/\/www.bagnoitalia.com\/es\/wp-json\/wp\/v2\/media?parent=77344"}],"wp:term":[{"taxonomy":"product_brand","embeddable":true,"href":"https:\/\/www.bagnoitalia.com\/es\/wp-json\/wp\/v2\/product_brand?post=77344"},{"taxonomy":"product_cat","embeddable":true,"href":"https:\/\/www.bagnoitalia.com\/es\/wp-json\/wp\/v2\/product_cat?post=77344"},{"taxonomy":"product_tag","embeddable":true,"href":"https:\/\/www.bagnoitalia.com\/es\/wp-json\/wp\/v2\/product_tag?post=77344"}],"curies":[{"name":"wp","href":"https:\/\/api.w.org\/{rel}","templated":true}]}}