{"id":77316,"date":"2010-05-06T20:05:39","date_gmt":"2010-05-06T18:05:39","guid":{"rendered":"https:\/\/www.bagnoitalia.com\/product\/z-drain-clic-automatico-clak-universal-para-todos-los-lavabos"},"modified":"2024-05-17T17:28:14","modified_gmt":"2024-05-17T15:28:14","slug":"z-drain-clic-automatico-clak-universal-para-todos-los-lavabos","status":"publish","type":"product","link":"https:\/\/www.bagnoitalia.com\/es\/producto\/z-drain-clic-automatico-clak-universal-para-todos-los-lavabos.html","title":{"rendered":"Z Desag\u00fce autom\u00e1tico click clak universal para todos los lavabos"},"content":{"rendered":"<p align=\"center\"><strong><span style=\"text-decoration: underline;\"><span style=\"color: #000000;\">Adecuado para cualquier tipo de LAVABO, LAVADERO y BIDET.<\/span><\/span><\/strong><\/p>\n<p align=\"center\"><strong><span style=\"text-decoration: underline;\"><span style=\"color: #000000;\">Tambi\u00e9n funciona con GRIFER\u00cdA.<\/span><\/span><\/strong><\/p>\n<p align=\"center\"><strong><span style=\"text-decoration: underline;\"><span style=\"color: #000000;\">Instalaci\u00f3n c\u00f3moda, f\u00e1cil, r\u00e1pida \u00ab5 minutos\u00bb y alto DISE\u00d1O !!!<\/span><\/span><\/strong><\/p>\n","protected":false},"excerpt":{"rendered":"<p>Desag\u00fce autom\u00e1tico Click clak universal para todo tipo de lavabos.<\/p>\n","protected":false},"featured_media":11544,"comment_status":"open","ping_status":"closed","template":"","meta":[],"product_brand":[9881],"product_cat":[10041,10053],"product_tag":[],"class_list":{"0":"post-77316","1":"product","2":"type-product","3":"status-publish","4":"has-post-thumbnail","6":"product_brand-vari-produttori-es","7":"product_cat-griferia-para-bide","8":"product_cat-griferias-de-lavabo","10":"first","11":"instock","12":"sale","13":"taxable","14":"shipping-taxable","15":"purchasable","16":"product-type-simple"},"exclude_global_add_ons":false,"addons":[{"name":"color","type":"multiple_choice","position":0,"required":true,"title_format":"heading","default":"","description_enable":false,"description":"","placeholder_enable":false,"placeholder":"","display":"select","restrictions_type":"any_text","adjust_price":false,"price":"","price_type":"flat_fee","restrictions":false,"min":"0","max":"0","options":[{"label":"cromado","price":"","price_type":"quantity_based","image":0,"visibility":true},{"label":"Negro","price":"10","price_type":"quantity_based","image":0,"visibility":true}],"id":1715966895}],"yoast_head":"<!-- This site is optimized with the Yoast SEO plugin v26.7 - https:\/\/yoast.com\/wordpress\/plugins\/seo\/ -->\n<title>Taco autom\u00e1tico termo universal para todos los lavabos mx<\/title>\n<meta name=\"description\" content=\"Residuos autom\u00e1ticos, haga clic en el modelo clak, tipo universal para todos los lavabos\" \/>\n<meta name=\"robots\" content=\"index, follow, max-snippet:-1, max-image-preview:large, max-video-preview:-1\" \/>\n<link rel=\"canonical\" href=\"https:\/\/www.bagnoitalia.com\/es\/producto\/z-drain-clic-automatico-clak-universal-para-todos-los-lavabos.html\" \/>\n<meta property=\"og:locale\" content=\"es_ES\" \/>\n<meta property=\"og:type\" content=\"article\" \/>\n<meta property=\"og:title\" content=\"Taco autom\u00e1tico termo universal para todos los lavabos mx\" \/>\n<meta property=\"og:description\" content=\"Residuos autom\u00e1ticos, haga clic en el modelo clak, tipo universal para todos los lavabos\" \/>\n<meta property=\"og:url\" content=\"https:\/\/www.bagnoitalia.com\/es\/producto\/z-drain-clic-automatico-clak-universal-para-todos-los-lavabos.html\" \/>\n<meta property=\"og:site_name\" content=\"Bagno Italia\" \/>\n<meta property=\"article:modified_time\" content=\"2024-05-17T15:28:14+00:00\" \/>\n<meta property=\"og:image\" content=\"https:\/\/img.bagnoitalia.com\/wp-content\/uploads\/virtuemart\/product\/piletta-cromata-per-lavabo_1640782072_510.jpg\" \/>\n\t<meta property=\"og:image:width\" content=\"550\" \/>\n\t<meta property=\"og:image:height\" content=\"550\" \/>\n\t<meta property=\"og:image:type\" content=\"image\/jpeg\" \/>\n<meta name=\"twitter:card\" content=\"summary_large_image\" \/>\n<meta name=\"twitter:label1\" content=\"Tiempo de lectura\" \/>\n\t<meta name=\"twitter:data1\" content=\"1 minuto\" \/>\n<script type=\"application\/ld+json\" class=\"yoast-schema-graph\">{\"@context\":\"https:\/\/schema.org\",\"@graph\":[{\"@type\":\"WebPage\",\"@id\":\"https:\/\/www.bagnoitalia.com\/es\/producto\/z-drain-clic-automatico-clak-universal-para-todos-los-lavabos.html\",\"url\":\"https:\/\/www.bagnoitalia.com\/es\/producto\/z-drain-clic-automatico-clak-universal-para-todos-los-lavabos.html\",\"name\":\"Taco autom\u00e1tico termo universal para todos los lavabos mx\",\"isPartOf\":{\"@id\":\"https:\/\/www.bagnoitalia.com\/es#website\"},\"primaryImageOfPage\":{\"@id\":\"https:\/\/www.bagnoitalia.com\/es\/producto\/z-drain-clic-automatico-clak-universal-para-todos-los-lavabos.html#primaryimage\"},\"image\":{\"@id\":\"https:\/\/www.bagnoitalia.com\/es\/producto\/z-drain-clic-automatico-clak-universal-para-todos-los-lavabos.html#primaryimage\"},\"thumbnailUrl\":\"https:\/\/img.bagnoitalia.com\/wp-content\/uploads\/virtuemart\/product\/piletta-cromata-per-lavabo_1640782072_510.jpg\",\"datePublished\":\"2010-05-06T18:05:39+00:00\",\"dateModified\":\"2024-05-17T15:28:14+00:00\",\"description\":\"Residuos autom\u00e1ticos, haga clic en el modelo clak, tipo universal para todos los lavabos\",\"breadcrumb\":{\"@id\":\"https:\/\/www.bagnoitalia.com\/es\/producto\/z-drain-clic-automatico-clak-universal-para-todos-los-lavabos.html#breadcrumb\"},\"inLanguage\":\"es\",\"potentialAction\":[{\"@type\":\"ReadAction\",\"target\":[\"https:\/\/www.bagnoitalia.com\/es\/producto\/z-drain-clic-automatico-clak-universal-para-todos-los-lavabos.html\"]}]},{\"@type\":\"ImageObject\",\"inLanguage\":\"es\",\"@id\":\"https:\/\/www.bagnoitalia.com\/es\/producto\/z-drain-clic-automatico-clak-universal-para-todos-los-lavabos.html#primaryimage\",\"url\":\"https:\/\/img.bagnoitalia.com\/wp-content\/uploads\/virtuemart\/product\/piletta-cromata-per-lavabo_1640782072_510.jpg\",\"contentUrl\":\"https:\/\/img.bagnoitalia.com\/wp-content\/uploads\/virtuemart\/product\/piletta-cromata-per-lavabo_1640782072_510.jpg\",\"width\":550,\"height\":550},{\"@type\":\"BreadcrumbList\",\"@id\":\"https:\/\/www.bagnoitalia.com\/es\/producto\/z-drain-clic-automatico-clak-universal-para-todos-los-lavabos.html#breadcrumb\",\"itemListElement\":[{\"@type\":\"ListItem\",\"position\":1,\"name\":\"Home\",\"item\":\"https:\/\/www.bagnoitalia.com\/es\"},{\"@type\":\"ListItem\",\"position\":2,\"name\":\"Productos\",\"item\":\"https:\/\/www.bagnoitalia.com\/es\/shop\"},{\"@type\":\"ListItem\",\"position\":3,\"name\":\"Z Desag\u00fce autom\u00e1tico click clak universal para todos los lavabos\"}]},{\"@type\":\"WebSite\",\"@id\":\"https:\/\/www.bagnoitalia.com\/es#website\",\"url\":\"https:\/\/www.bagnoitalia.com\/es\",\"name\":\"Bagno Italia\",\"description\":\"\",\"publisher\":{\"@id\":\"https:\/\/www.bagnoitalia.com\/es#organization\"},\"potentialAction\":[{\"@type\":\"SearchAction\",\"target\":{\"@type\":\"EntryPoint\",\"urlTemplate\":\"https:\/\/www.bagnoitalia.com\/es?s={search_term_string}\"},\"query-input\":{\"@type\":\"PropertyValueSpecification\",\"valueRequired\":true,\"valueName\":\"search_term_string\"}}],\"inLanguage\":\"es\"},{\"@type\":\"Organization\",\"@id\":\"https:\/\/www.bagnoitalia.com\/es#organization\",\"name\":\"Bagno Italia\",\"url\":\"https:\/\/www.bagnoitalia.com\/es\",\"logo\":{\"@type\":\"ImageObject\",\"inLanguage\":\"es\",\"@id\":\"https:\/\/www.bagnoitalia.com\/es#\/schema\/logo\/image\/\",\"url\":\"https:\/\/img.bagnoitalia.com\/wp-content\/uploads\/logo-bagnoitalia.webp\",\"contentUrl\":\"https:\/\/img.bagnoitalia.com\/wp-content\/uploads\/logo-bagnoitalia.webp\",\"width\":400,\"height\":70,\"caption\":\"Bagno Italia\"},\"image\":{\"@id\":\"https:\/\/www.bagnoitalia.com\/es#\/schema\/logo\/image\/\"}}]}<\/script>\n<!-- \/ Yoast SEO plugin. -->","yoast_head_json":{"title":"Taco autom\u00e1tico termo universal para todos los lavabos mx","description":"Residuos autom\u00e1ticos, haga clic en el modelo clak, tipo universal para todos los lavabos","robots":{"index":"index","follow":"follow","max-snippet":"max-snippet:-1","max-image-preview":"max-image-preview:large","max-video-preview":"max-video-preview:-1"},"canonical":"https:\/\/www.bagnoitalia.com\/es\/producto\/z-drain-clic-automatico-clak-universal-para-todos-los-lavabos.html","og_locale":"es_ES","og_type":"article","og_title":"Taco autom\u00e1tico termo universal para todos los lavabos mx","og_description":"Residuos autom\u00e1ticos, haga clic en el modelo clak, tipo universal para todos los lavabos","og_url":"https:\/\/www.bagnoitalia.com\/es\/producto\/z-drain-clic-automatico-clak-universal-para-todos-los-lavabos.html","og_site_name":"Bagno Italia","article_modified_time":"2024-05-17T15:28:14+00:00","og_image":[{"width":550,"height":550,"url":"https:\/\/img.bagnoitalia.com\/wp-content\/uploads\/virtuemart\/product\/piletta-cromata-per-lavabo_1640782072_510.jpg","type":"image\/jpeg"}],"twitter_card":"summary_large_image","twitter_misc":{"Tiempo de lectura":"1 minuto"},"schema":{"@context":"https:\/\/schema.org","@graph":[{"@type":"WebPage","@id":"https:\/\/www.bagnoitalia.com\/es\/producto\/z-drain-clic-automatico-clak-universal-para-todos-los-lavabos.html","url":"https:\/\/www.bagnoitalia.com\/es\/producto\/z-drain-clic-automatico-clak-universal-para-todos-los-lavabos.html","name":"Taco autom\u00e1tico termo universal para todos los lavabos mx","isPartOf":{"@id":"https:\/\/www.bagnoitalia.com\/es#website"},"primaryImageOfPage":{"@id":"https:\/\/www.bagnoitalia.com\/es\/producto\/z-drain-clic-automatico-clak-universal-para-todos-los-lavabos.html#primaryimage"},"image":{"@id":"https:\/\/www.bagnoitalia.com\/es\/producto\/z-drain-clic-automatico-clak-universal-para-todos-los-lavabos.html#primaryimage"},"thumbnailUrl":"https:\/\/img.bagnoitalia.com\/wp-content\/uploads\/virtuemart\/product\/piletta-cromata-per-lavabo_1640782072_510.jpg","datePublished":"2010-05-06T18:05:39+00:00","dateModified":"2024-05-17T15:28:14+00:00","description":"Residuos autom\u00e1ticos, haga clic en el modelo clak, tipo universal para todos los lavabos","breadcrumb":{"@id":"https:\/\/www.bagnoitalia.com\/es\/producto\/z-drain-clic-automatico-clak-universal-para-todos-los-lavabos.html#breadcrumb"},"inLanguage":"es","potentialAction":[{"@type":"ReadAction","target":["https:\/\/www.bagnoitalia.com\/es\/producto\/z-drain-clic-automatico-clak-universal-para-todos-los-lavabos.html"]}]},{"@type":"ImageObject","inLanguage":"es","@id":"https:\/\/www.bagnoitalia.com\/es\/producto\/z-drain-clic-automatico-clak-universal-para-todos-los-lavabos.html#primaryimage","url":"https:\/\/img.bagnoitalia.com\/wp-content\/uploads\/virtuemart\/product\/piletta-cromata-per-lavabo_1640782072_510.jpg","contentUrl":"https:\/\/img.bagnoitalia.com\/wp-content\/uploads\/virtuemart\/product\/piletta-cromata-per-lavabo_1640782072_510.jpg","width":550,"height":550},{"@type":"BreadcrumbList","@id":"https:\/\/www.bagnoitalia.com\/es\/producto\/z-drain-clic-automatico-clak-universal-para-todos-los-lavabos.html#breadcrumb","itemListElement":[{"@type":"ListItem","position":1,"name":"Home","item":"https:\/\/www.bagnoitalia.com\/es"},{"@type":"ListItem","position":2,"name":"Productos","item":"https:\/\/www.bagnoitalia.com\/es\/shop"},{"@type":"ListItem","position":3,"name":"Z Desag\u00fce autom\u00e1tico click clak universal para todos los lavabos"}]},{"@type":"WebSite","@id":"https:\/\/www.bagnoitalia.com\/es#website","url":"https:\/\/www.bagnoitalia.com\/es","name":"Bagno Italia","description":"","publisher":{"@id":"https:\/\/www.bagnoitalia.com\/es#organization"},"potentialAction":[{"@type":"SearchAction","target":{"@type":"EntryPoint","urlTemplate":"https:\/\/www.bagnoitalia.com\/es?s={search_term_string}"},"query-input":{"@type":"PropertyValueSpecification","valueRequired":true,"valueName":"search_term_string"}}],"inLanguage":"es"},{"@type":"Organization","@id":"https:\/\/www.bagnoitalia.com\/es#organization","name":"Bagno Italia","url":"https:\/\/www.bagnoitalia.com\/es","logo":{"@type":"ImageObject","inLanguage":"es","@id":"https:\/\/www.bagnoitalia.com\/es#\/schema\/logo\/image\/","url":"https:\/\/img.bagnoitalia.com\/wp-content\/uploads\/logo-bagnoitalia.webp","contentUrl":"https:\/\/img.bagnoitalia.com\/wp-content\/uploads\/logo-bagnoitalia.webp","width":400,"height":70,"caption":"Bagno Italia"},"image":{"@id":"https:\/\/www.bagnoitalia.com\/es#\/schema\/logo\/image\/"}}]}},"_links":{"self":[{"href":"https:\/\/www.bagnoitalia.com\/es\/wp-json\/wp\/v2\/product\/77316","targetHints":{"allow":["GET"]}}],"collection":[{"href":"https:\/\/www.bagnoitalia.com\/es\/wp-json\/wp\/v2\/product"}],"about":[{"href":"https:\/\/www.bagnoitalia.com\/es\/wp-json\/wp\/v2\/types\/product"}],"replies":[{"embeddable":true,"href":"https:\/\/www.bagnoitalia.com\/es\/wp-json\/wp\/v2\/comments?post=77316"}],"version-history":[{"count":1,"href":"https:\/\/www.bagnoitalia.com\/es\/wp-json\/wp\/v2\/product\/77316\/revisions"}],"predecessor-version":[{"id":86800,"href":"https:\/\/www.bagnoitalia.com\/es\/wp-json\/wp\/v2\/product\/77316\/revisions\/86800"}],"wp:featuredmedia":[{"embeddable":true,"href":"https:\/\/www.bagnoitalia.com\/es\/wp-json\/wp\/v2\/media\/11544"}],"wp:attachment":[{"href":"https:\/\/www.bagnoitalia.com\/es\/wp-json\/wp\/v2\/media?parent=77316"}],"wp:term":[{"taxonomy":"product_brand","embeddable":true,"href":"https:\/\/www.bagnoitalia.com\/es\/wp-json\/wp\/v2\/product_brand?post=77316"},{"taxonomy":"product_cat","embeddable":true,"href":"https:\/\/www.bagnoitalia.com\/es\/wp-json\/wp\/v2\/product_cat?post=77316"},{"taxonomy":"product_tag","embeddable":true,"href":"https:\/\/www.bagnoitalia.com\/es\/wp-json\/wp\/v2\/product_tag?post=77316"}],"curies":[{"name":"wp","href":"https:\/\/api.w.org\/{rel}","templated":true}]}}