{"id":77232,"date":"2014-03-31T09:52:45","date_gmt":"2014-03-31T07:52:45","guid":{"rendered":"https:\/\/www.bagnoitalia.com\/product\/mueble-de-bano-magic-80x40-cm-en-25-colores-con-uno-o-dos-cajones"},"modified":"2025-02-20T12:28:44","modified_gmt":"2025-02-20T11:28:44","slug":"mueble-de-bano-magic-80x40-cm-en-25-colores-con-uno-o-dos-cajones","status":"publish","type":"product","link":"https:\/\/www.bagnoitalia.com\/es\/producto\/mueble-de-bano-magic-80x40-cm-en-25-colores-con-uno-o-dos-cajones.html","title":{"rendered":"Mueble de Ba\u00f1o Magic 80&#215;40 cm en 25 colores con uno o dos cajones"},"content":{"rendered":"<p style=\"text-align: left;\"><strong>El precio anterior incluye:<\/strong><\/p>\n<p>N \u00b0 1 Base cm 78, H 35, P 40 (con un caj\u00f3n) en el men\u00fa puede elegir la versi\u00f3n con dos cajones, en este caso la altura del gabinete es de 50 cm<\/p>\n<p>N \u00b0 1 Lavabo\u00a0m\u00e1rmol mineral 81 cm.<\/p>\n<p>Espejo con aplique N \u00b0 1 80&#215;60<\/p>\n<p><strong><span style=\"color: #ff0000;\"><span style=\"text-decoration: underline;\">NB es posible cambiar el tipo de espejo en el men\u00fa de abajo<\/span><\/span><\/strong><\/p>\n<p><strong>Materiales usados<\/strong><\/p>\n<p>Lavabo para lavabo: estructura en MDF lacado.<\/p>\n<p>Gu\u00edas: metal, cierre amortiguado.<\/p>\n<p>Manijas: cromo<\/p>\n<p>Lavabo: m\u00e1rmol mineral\u00a0<strong>(en la \u00faltima foto secundaria se puede ver el lavabo con una vista desde arriba)<\/strong><\/p>\n<p style=\"text-align: left;\">\n<p style=\"text-align: left;\">en el men\u00fa de abajo es posible agregar la columna L 35, P 30, H 160<\/p>\n<p style=\"text-align: left;\">\n<p style=\"text-align: left;\"><strong><span style=\"color: #ff0000;\">A petici\u00f3n, enviamos fotos de alta resoluci\u00f3n de la carta de colores SIA LUCIDI CHE OPACHI o de los diversos muebles.<br \/>\n<\/span><\/strong><\/p>\n<p>&nbsp;<\/p>\n<p style=\"text-align: left;\">______________________________________________________<\/p>\n<p><strong>Puedes elegir tres tipos de asas:<br \/>\n<\/strong><\/p>\n<p><strong>Mango de diamante de imitaci\u00f3n:<\/strong><\/p>\n<p><strong><img fetchpriority=\"high\" decoding=\"async\" class=\" size-full wp-image-10894\" src=\"https:\/\/img.bagnoitalia.com\/wp-content\/uploads\/maniglia-strass1.jpg\" alt=\"\" width=\"406\" height=\"245\" srcset=\"https:\/\/img.bagnoitalia.com\/wp-content\/uploads\/maniglia-strass1.jpg 260w, https:\/\/img.bagnoitalia.com\/wp-content\/uploads\/maniglia-strass1-150x91.jpg 150w\" sizes=\"(max-width: 406px) 100vw, 406px\" \/><\/strong><\/p>\n<p>&nbsp;<\/p>\n<p>_____________________________________________________<\/p>\n<p><strong>L\u00ednea de mango:<\/strong><\/p>\n<p><img decoding=\"async\" class=\" size-full wp-image-10898\" src=\"https:\/\/img.bagnoitalia.com\/wp-content\/uploads\/bh_7099-nero-venato.jpg\" alt=\"\" width=\"401\" height=\"352\" srcset=\"https:\/\/img.bagnoitalia.com\/wp-content\/uploads\/bh_7099-nero-venato.jpg 320w, https:\/\/img.bagnoitalia.com\/wp-content\/uploads\/bh_7099-nero-venato-150x132.jpg 150w\" sizes=\"(max-width: 401px) 100vw, 401px\" \/><\/p>\n<p>&nbsp;<\/p>\n<p>____________________________________________________<\/p>\n<p><strong>Asa de arte chic<\/strong><\/p>\n<p><img decoding=\"async\" class=\" size-full wp-image-10902\" src=\"https:\/\/img.bagnoitalia.com\/wp-content\/uploads\/maniglia-artechic.jpg\" alt=\"\" width=\"293\" height=\"296\" srcset=\"https:\/\/img.bagnoitalia.com\/wp-content\/uploads\/maniglia-artechic.jpg 169w, https:\/\/img.bagnoitalia.com\/wp-content\/uploads\/maniglia-artechic-100x100.jpg 100w, https:\/\/img.bagnoitalia.com\/wp-content\/uploads\/maniglia-artechic-150x152.jpg 150w\" sizes=\"(max-width: 293px) 100vw, 293px\" \/><\/p>\n<p><img loading=\"lazy\" decoding=\"async\" class=\" size-full wp-image-10814\" style=\"display: block;\" src=\"https:\/\/img.bagnoitalia.com\/wp-content\/uploads\/virtuemart\/product\/cartellacolori887.jpg\" alt=\"Mueble de ba\u00f1o Argus 90cm en 20 colores tambi\u00e9n blanco.\" width=\"937\" height=\"807\" srcset=\"https:\/\/img.bagnoitalia.com\/wp-content\/uploads\/virtuemart\/product\/cartellacolori887.jpg 937w, https:\/\/img.bagnoitalia.com\/wp-content\/uploads\/virtuemart\/product\/cartellacolori887-768x661.jpg 768w, https:\/\/img.bagnoitalia.com\/wp-content\/uploads\/virtuemart\/product\/cartellacolori887-441x380.jpg 441w, https:\/\/img.bagnoitalia.com\/wp-content\/uploads\/virtuemart\/product\/cartellacolori887-600x517.jpg 600w, https:\/\/img.bagnoitalia.com\/wp-content\/uploads\/virtuemart\/product\/cartellacolori887-150x129.jpg 150w\" sizes=\"(max-width: 937px) 100vw, 937px\" \/><\/p>\n<p style=\"text-align: left;\"><span style=\"text-decoration: underline; font-size: 12pt; background-color: #ffffff;\"><strong><span style=\"color: #ff0000; text-decoration: underline;\">PRECAUCI\u00d3N:<\/span><\/strong><\/span><\/p>\n<p style=\"text-align: left;\"><strong><span style=\"color: #ff0000;\">M\u00d3VIL DISPONIBLE EN M\u00c1S DE 20 COLORES, BRILLANTE Y OPAQUE<\/span><\/strong><\/p>\n<p style=\"text-align: left;\"><strong><span style=\"color: #ff0000;\"><span style=\"text-decoration: underline;\"><span style=\"color: #ff00ff;\">(Tambi\u00e9n puedes hacerlo en colores RAL en este caso debes contar un aumento de 60 euros).<\/span><\/span><\/span><\/strong><\/p>\n<p style=\"text-align: left;\"><strong><span style=\"color: #ff0000;\"><span style=\"color: #000000;\">Tambi\u00e9n es posible pedir el lavabo de Cristal (los tiempos de producci\u00f3n son siempre de 15 d\u00edas si elige un cristal que tenga los mismos colores que los muebles)<\/span><\/span><\/strong><\/p>\n<p style=\"text-align: left;\"><strong><span style=\"color: #ff0000;\"><span style=\"color: #000000;\">Pero todos los c\u00f3digos RAL tambi\u00e9n est\u00e1n disponibles (en este caso hay un recargo de 48 euros)<\/span><\/span><\/strong><\/p>\n<p><strong><span style=\"color: #ff0000;\"><br \/>\n<strong><span style=\"font-size: 14pt;\"><a href=\"http:\/\/www.themeter.net\/ral.htm\" target=\"_blank\" rel=\"noopener noreferrer\">TABLA DE COLORES RAL<\/a><\/span><\/strong><\/span><\/strong> <span style=\"font-size: 12pt;\">&lt;== haga clic aqu\u00ed para ver todos los colores RAL <\/span> <strong><span style=\"color: #ff0000;\"><br \/>\n<\/span><\/strong><\/p>\n","protected":false},"excerpt":{"rendered":"<p>El mueble de ba\u00f1o Magic es de 80&#215;40 cm y est\u00e1 disponible en 20 colores, ya sea brillante u opaco, un mueble individual con una profundidad de 40 cm, disponible con uno o dos cajones<\/p>\n","protected":false},"featured_media":10826,"comment_status":"open","ping_status":"closed","template":"","meta":[],"product_brand":[5010],"product_cat":[10117],"product_tag":[],"class_list":{"0":"post-77232","1":"product","2":"type-product","3":"status-publish","4":"has-post-thumbnail","6":"product_brand-baden-bauen","7":"product_cat-senza-categoria-es","9":"first","10":"outofstock","11":"taxable","12":"shipping-taxable","13":"purchasable","14":"product-type-simple"},"exclude_global_add_ons":false,"addons":[{"name":"espejo","type":"multiple_choice","position":0,"required":true,"title_format":"heading","default":"","description_enable":false,"description":"","placeholder_enable":false,"placeholder":"","display":"select","restrictions_type":"any_text","adjust_price":false,"price":"","price_type":"flat_fee","restrictions":false,"min":"0","max":"0","options":[{"label":"rectangular 80x60 con aplique","price":"","price_type":"quantity_based","image":0,"visibility":true},{"label":"redondo 80x80 Aplique","price":"108","price_type":"quantity_based","image":0,"visibility":true},{"label":"sin espejo","price":"-50","price_type":"quantity_based","image":0,"visibility":true}],"id":1718292583},{"name":"colores de muebles","type":"multiple_choice","position":1,"required":true,"title_format":"heading","default":"","description_enable":false,"description":"","placeholder_enable":false,"placeholder":"","display":"select","restrictions_type":"any_text","adjust_price":false,"price":"","price_type":"flat_fee","restrictions":false,"min":"0","max":"0","options":[{"label":"Blanco","price":"","price_type":"quantity_based","image":0,"visibility":true},{"label":"verde","price":"12","price_type":"quantity_based","image":0,"visibility":true},{"label":"Verde agua","price":"12","price_type":"quantity_based","image":0,"visibility":true},{"label":"verde pastel","price":"12","price_type":"quantity_based","image":0,"visibility":true},{"label":"verde \u00e1cido","price":"12","price_type":"quantity_based","image":0,"visibility":true},{"label":"azul claro","price":"12","price_type":"quantity_based","image":0,"visibility":true},{"label":"Azul cielo","price":"12","price_type":"quantity_based","image":0,"visibility":true},{"label":"Azul","price":"12","price_type":"quantity_based","image":0,"visibility":true},{"label":"marfil","price":"12","price_type":"quantity_based","image":0,"visibility":true},{"label":"rojo vino","price":"12","price_type":"quantity_based","image":0,"visibility":true},{"label":"rojo se\u00f1al","price":"12","price_type":"quantity_based","image":0,"visibility":true},{"label":"amarillo","price":"12","price_type":"quantity_based","image":0,"visibility":true},{"label":"Naranja","price":"12","price_type":"quantity_based","image":0,"visibility":true},{"label":"lila","price":"12","price_type":"quantity_based","image":0,"visibility":true},{"label":"Plata","price":"12","price_type":"quantity_based","image":0,"visibility":true},{"label":"Oro","price":"12","price_type":"quantity_based","image":0,"visibility":true},{"label":"Rosa","price":"12","price_type":"quantity_based","image":0,"visibility":true},{"label":"Negro","price":"12","price_type":"quantity_based","image":0,"visibility":true},{"label":"morado","price":"12","price_type":"quantity_based","image":0,"visibility":true},{"label":"Color Ral","price":"60","price_type":"quantity_based","image":0,"visibility":true}],"id":1718292584},{"name":"columna","type":"multiple_choice","position":2,"required":true,"title_format":"heading","default":"","description_enable":false,"description":"","placeholder_enable":false,"placeholder":"","display":"select","restrictions_type":"any_text","adjust_price":false,"price":"","price_type":"flat_fee","restrictions":false,"min":"0","max":"0","options":[{"label":"sin columna armario","price":"","price_type":"quantity_based","image":0,"visibility":true},{"label":"34 H163 D27 apertura lateral izquierda","price":"240","price_type":"quantity_based","image":0,"visibility":true},{"label":"34 H163 D27 apertura lateral derecha","price":"240","price_type":"quantity_based","image":0,"visibility":true}],"id":1718292585},{"name":"color","type":"multiple_choice","position":3,"required":true,"title_format":"heading","default":"","description_enable":false,"description":"","placeholder_enable":false,"placeholder":"","display":"select","restrictions_type":"any_text","adjust_price":false,"price":"","price_type":"flat_fee","restrictions":false,"min":"0","max":"0","options":[{"label":"Brillante","price":"","price_type":"quantity_based","image":0,"visibility":true},{"label":"Opaco","price":"","price_type":"quantity_based","image":0,"visibility":true}],"id":1718292586},{"name":"armario","type":"multiple_choice","position":4,"required":true,"title_format":"heading","default":"","description_enable":false,"description":"","placeholder_enable":false,"placeholder":"","display":"select","restrictions_type":"any_text","adjust_price":false,"price":"","price_type":"flat_fee","restrictions":false,"min":"0","max":"0","options":[{"label":"con 1 caj\u00f3n","price":"","price_type":"quantity_based","image":0,"visibility":true},{"label":"con 2 cajones","price":"72","price_type":"quantity_based","image":0,"visibility":true}],"id":1718292587},{"name":"tipo","type":"multiple_choice","position":5,"required":true,"title_format":"heading","default":"","description_enable":false,"description":"","placeholder_enable":false,"placeholder":"","display":"select","restrictions_type":"any_text","adjust_price":false,"price":"","price_type":"flat_fee","restrictions":false,"min":"0","max":"0","options":[{"label":"tirador strass","price":"","price_type":"quantity_based","image":0,"visibility":true},{"label":"tirador lineal","price":"","price_type":"quantity_based","image":0,"visibility":true},{"label":"tirador chic art","price":"","price_type":"quantity_based","image":0,"visibility":true}],"id":1718292588}],"yoast_head":"<!-- This site is optimized with the Yoast SEO plugin v26.7 - https:\/\/yoast.com\/wordpress\/plugins\/seo\/ -->\n<title>Mueble de ba\u00f1o moderno Magic, en 20 colores bb<\/title>\n<meta name=\"description\" content=\"Juego de muebles de ba\u00f1o moderno lacado m\u00e1gico, completo con lavabo de cer\u00e1mica de 80 cm y espejo de 80x60 cm con apliques. Disponible en 20 colores - Bagno Italia\" \/>\n<meta name=\"robots\" content=\"index, follow, max-snippet:-1, max-image-preview:large, max-video-preview:-1\" \/>\n<link rel=\"canonical\" href=\"https:\/\/www.bagnoitalia.com\/es\/producto\/mueble-de-bano-magic-80x40-cm-en-25-colores-con-uno-o-dos-cajones.html\" \/>\n<meta property=\"og:locale\" content=\"es_ES\" \/>\n<meta property=\"og:type\" content=\"article\" \/>\n<meta property=\"og:title\" content=\"Mueble de ba\u00f1o moderno Magic, en 20 colores bb\" \/>\n<meta property=\"og:description\" content=\"Juego de muebles de ba\u00f1o moderno lacado m\u00e1gico, completo con lavabo de cer\u00e1mica de 80 cm y espejo de 80x60 cm con apliques. Disponible en 20 colores - Bagno Italia\" \/>\n<meta property=\"og:url\" content=\"https:\/\/www.bagnoitalia.com\/es\/producto\/mueble-de-bano-magic-80x40-cm-en-25-colores-con-uno-o-dos-cajones.html\" \/>\n<meta property=\"og:site_name\" content=\"Bagno Italia\" \/>\n<meta property=\"article:modified_time\" content=\"2025-02-20T11:28:44+00:00\" \/>\n<meta property=\"og:image\" content=\"https:\/\/img.bagnoitalia.com\/wp-content\/uploads\/virtuemart\/product\/80x40cn-bathroom-vanity-Magic-1_1542299628_5.jpg\" \/>\n\t<meta property=\"og:image:width\" content=\"565\" \/>\n\t<meta property=\"og:image:height\" content=\"565\" \/>\n\t<meta property=\"og:image:type\" content=\"image\/jpeg\" \/>\n<meta name=\"twitter:card\" content=\"summary_large_image\" \/>\n<meta name=\"twitter:label1\" content=\"Tiempo de lectura\" \/>\n\t<meta name=\"twitter:data1\" content=\"3 minutos\" \/>\n<script type=\"application\/ld+json\" class=\"yoast-schema-graph\">{\"@context\":\"https:\/\/schema.org\",\"@graph\":[{\"@type\":\"WebPage\",\"@id\":\"https:\/\/www.bagnoitalia.com\/es\/producto\/mueble-de-bano-magic-80x40-cm-en-25-colores-con-uno-o-dos-cajones.html\",\"url\":\"https:\/\/www.bagnoitalia.com\/es\/producto\/mueble-de-bano-magic-80x40-cm-en-25-colores-con-uno-o-dos-cajones.html\",\"name\":\"Mueble de ba\u00f1o moderno Magic, en 20 colores bb\",\"isPartOf\":{\"@id\":\"https:\/\/www.bagnoitalia.com\/es#website\"},\"primaryImageOfPage\":{\"@id\":\"https:\/\/www.bagnoitalia.com\/es\/producto\/mueble-de-bano-magic-80x40-cm-en-25-colores-con-uno-o-dos-cajones.html#primaryimage\"},\"image\":{\"@id\":\"https:\/\/www.bagnoitalia.com\/es\/producto\/mueble-de-bano-magic-80x40-cm-en-25-colores-con-uno-o-dos-cajones.html#primaryimage\"},\"thumbnailUrl\":\"https:\/\/img.bagnoitalia.com\/wp-content\/uploads\/virtuemart\/product\/80x40cn-bathroom-vanity-Magic-1_1542299628_5.jpg\",\"datePublished\":\"2014-03-31T07:52:45+00:00\",\"dateModified\":\"2025-02-20T11:28:44+00:00\",\"description\":\"Juego de muebles de ba\u00f1o moderno lacado m\u00e1gico, completo con lavabo de cer\u00e1mica de 80 cm y espejo de 80x60 cm con apliques. Disponible en 20 colores - Bagno Italia\",\"breadcrumb\":{\"@id\":\"https:\/\/www.bagnoitalia.com\/es\/producto\/mueble-de-bano-magic-80x40-cm-en-25-colores-con-uno-o-dos-cajones.html#breadcrumb\"},\"inLanguage\":\"es\",\"potentialAction\":[{\"@type\":\"ReadAction\",\"target\":[\"https:\/\/www.bagnoitalia.com\/es\/producto\/mueble-de-bano-magic-80x40-cm-en-25-colores-con-uno-o-dos-cajones.html\"]}]},{\"@type\":\"ImageObject\",\"inLanguage\":\"es\",\"@id\":\"https:\/\/www.bagnoitalia.com\/es\/producto\/mueble-de-bano-magic-80x40-cm-en-25-colores-con-uno-o-dos-cajones.html#primaryimage\",\"url\":\"https:\/\/img.bagnoitalia.com\/wp-content\/uploads\/virtuemart\/product\/80x40cn-bathroom-vanity-Magic-1_1542299628_5.jpg\",\"contentUrl\":\"https:\/\/img.bagnoitalia.com\/wp-content\/uploads\/virtuemart\/product\/80x40cn-bathroom-vanity-Magic-1_1542299628_5.jpg\",\"width\":565,\"height\":565},{\"@type\":\"BreadcrumbList\",\"@id\":\"https:\/\/www.bagnoitalia.com\/es\/producto\/mueble-de-bano-magic-80x40-cm-en-25-colores-con-uno-o-dos-cajones.html#breadcrumb\",\"itemListElement\":[{\"@type\":\"ListItem\",\"position\":1,\"name\":\"Home\",\"item\":\"https:\/\/www.bagnoitalia.com\/es\"},{\"@type\":\"ListItem\",\"position\":2,\"name\":\"Productos\",\"item\":\"https:\/\/www.bagnoitalia.com\/es\/shop\"},{\"@type\":\"ListItem\",\"position\":3,\"name\":\"Mueble de Ba\u00f1o Magic 80&#215;40 cm en 25 colores con uno o dos cajones\"}]},{\"@type\":\"WebSite\",\"@id\":\"https:\/\/www.bagnoitalia.com\/es#website\",\"url\":\"https:\/\/www.bagnoitalia.com\/es\",\"name\":\"Bagno Italia\",\"description\":\"\",\"publisher\":{\"@id\":\"https:\/\/www.bagnoitalia.com\/es#organization\"},\"potentialAction\":[{\"@type\":\"SearchAction\",\"target\":{\"@type\":\"EntryPoint\",\"urlTemplate\":\"https:\/\/www.bagnoitalia.com\/es?s={search_term_string}\"},\"query-input\":{\"@type\":\"PropertyValueSpecification\",\"valueRequired\":true,\"valueName\":\"search_term_string\"}}],\"inLanguage\":\"es\"},{\"@type\":\"Organization\",\"@id\":\"https:\/\/www.bagnoitalia.com\/es#organization\",\"name\":\"Bagno Italia\",\"url\":\"https:\/\/www.bagnoitalia.com\/es\",\"logo\":{\"@type\":\"ImageObject\",\"inLanguage\":\"es\",\"@id\":\"https:\/\/www.bagnoitalia.com\/es#\/schema\/logo\/image\/\",\"url\":\"https:\/\/img.bagnoitalia.com\/wp-content\/uploads\/logo-bagnoitalia.webp\",\"contentUrl\":\"https:\/\/img.bagnoitalia.com\/wp-content\/uploads\/logo-bagnoitalia.webp\",\"width\":400,\"height\":70,\"caption\":\"Bagno Italia\"},\"image\":{\"@id\":\"https:\/\/www.bagnoitalia.com\/es#\/schema\/logo\/image\/\"}}]}<\/script>\n<!-- \/ Yoast SEO plugin. -->","yoast_head_json":{"title":"Mueble de ba\u00f1o moderno Magic, en 20 colores bb","description":"Juego de muebles de ba\u00f1o moderno lacado m\u00e1gico, completo con lavabo de cer\u00e1mica de 80 cm y espejo de 80x60 cm con apliques. Disponible en 20 colores - Bagno Italia","robots":{"index":"index","follow":"follow","max-snippet":"max-snippet:-1","max-image-preview":"max-image-preview:large","max-video-preview":"max-video-preview:-1"},"canonical":"https:\/\/www.bagnoitalia.com\/es\/producto\/mueble-de-bano-magic-80x40-cm-en-25-colores-con-uno-o-dos-cajones.html","og_locale":"es_ES","og_type":"article","og_title":"Mueble de ba\u00f1o moderno Magic, en 20 colores bb","og_description":"Juego de muebles de ba\u00f1o moderno lacado m\u00e1gico, completo con lavabo de cer\u00e1mica de 80 cm y espejo de 80x60 cm con apliques. Disponible en 20 colores - Bagno Italia","og_url":"https:\/\/www.bagnoitalia.com\/es\/producto\/mueble-de-bano-magic-80x40-cm-en-25-colores-con-uno-o-dos-cajones.html","og_site_name":"Bagno Italia","article_modified_time":"2025-02-20T11:28:44+00:00","og_image":[{"width":565,"height":565,"url":"https:\/\/img.bagnoitalia.com\/wp-content\/uploads\/virtuemart\/product\/80x40cn-bathroom-vanity-Magic-1_1542299628_5.jpg","type":"image\/jpeg"}],"twitter_card":"summary_large_image","twitter_misc":{"Tiempo de lectura":"3 minutos"},"schema":{"@context":"https:\/\/schema.org","@graph":[{"@type":"WebPage","@id":"https:\/\/www.bagnoitalia.com\/es\/producto\/mueble-de-bano-magic-80x40-cm-en-25-colores-con-uno-o-dos-cajones.html","url":"https:\/\/www.bagnoitalia.com\/es\/producto\/mueble-de-bano-magic-80x40-cm-en-25-colores-con-uno-o-dos-cajones.html","name":"Mueble de ba\u00f1o moderno Magic, en 20 colores bb","isPartOf":{"@id":"https:\/\/www.bagnoitalia.com\/es#website"},"primaryImageOfPage":{"@id":"https:\/\/www.bagnoitalia.com\/es\/producto\/mueble-de-bano-magic-80x40-cm-en-25-colores-con-uno-o-dos-cajones.html#primaryimage"},"image":{"@id":"https:\/\/www.bagnoitalia.com\/es\/producto\/mueble-de-bano-magic-80x40-cm-en-25-colores-con-uno-o-dos-cajones.html#primaryimage"},"thumbnailUrl":"https:\/\/img.bagnoitalia.com\/wp-content\/uploads\/virtuemart\/product\/80x40cn-bathroom-vanity-Magic-1_1542299628_5.jpg","datePublished":"2014-03-31T07:52:45+00:00","dateModified":"2025-02-20T11:28:44+00:00","description":"Juego de muebles de ba\u00f1o moderno lacado m\u00e1gico, completo con lavabo de cer\u00e1mica de 80 cm y espejo de 80x60 cm con apliques. Disponible en 20 colores - Bagno Italia","breadcrumb":{"@id":"https:\/\/www.bagnoitalia.com\/es\/producto\/mueble-de-bano-magic-80x40-cm-en-25-colores-con-uno-o-dos-cajones.html#breadcrumb"},"inLanguage":"es","potentialAction":[{"@type":"ReadAction","target":["https:\/\/www.bagnoitalia.com\/es\/producto\/mueble-de-bano-magic-80x40-cm-en-25-colores-con-uno-o-dos-cajones.html"]}]},{"@type":"ImageObject","inLanguage":"es","@id":"https:\/\/www.bagnoitalia.com\/es\/producto\/mueble-de-bano-magic-80x40-cm-en-25-colores-con-uno-o-dos-cajones.html#primaryimage","url":"https:\/\/img.bagnoitalia.com\/wp-content\/uploads\/virtuemart\/product\/80x40cn-bathroom-vanity-Magic-1_1542299628_5.jpg","contentUrl":"https:\/\/img.bagnoitalia.com\/wp-content\/uploads\/virtuemart\/product\/80x40cn-bathroom-vanity-Magic-1_1542299628_5.jpg","width":565,"height":565},{"@type":"BreadcrumbList","@id":"https:\/\/www.bagnoitalia.com\/es\/producto\/mueble-de-bano-magic-80x40-cm-en-25-colores-con-uno-o-dos-cajones.html#breadcrumb","itemListElement":[{"@type":"ListItem","position":1,"name":"Home","item":"https:\/\/www.bagnoitalia.com\/es"},{"@type":"ListItem","position":2,"name":"Productos","item":"https:\/\/www.bagnoitalia.com\/es\/shop"},{"@type":"ListItem","position":3,"name":"Mueble de Ba\u00f1o Magic 80&#215;40 cm en 25 colores con uno o dos cajones"}]},{"@type":"WebSite","@id":"https:\/\/www.bagnoitalia.com\/es#website","url":"https:\/\/www.bagnoitalia.com\/es","name":"Bagno Italia","description":"","publisher":{"@id":"https:\/\/www.bagnoitalia.com\/es#organization"},"potentialAction":[{"@type":"SearchAction","target":{"@type":"EntryPoint","urlTemplate":"https:\/\/www.bagnoitalia.com\/es?s={search_term_string}"},"query-input":{"@type":"PropertyValueSpecification","valueRequired":true,"valueName":"search_term_string"}}],"inLanguage":"es"},{"@type":"Organization","@id":"https:\/\/www.bagnoitalia.com\/es#organization","name":"Bagno Italia","url":"https:\/\/www.bagnoitalia.com\/es","logo":{"@type":"ImageObject","inLanguage":"es","@id":"https:\/\/www.bagnoitalia.com\/es#\/schema\/logo\/image\/","url":"https:\/\/img.bagnoitalia.com\/wp-content\/uploads\/logo-bagnoitalia.webp","contentUrl":"https:\/\/img.bagnoitalia.com\/wp-content\/uploads\/logo-bagnoitalia.webp","width":400,"height":70,"caption":"Bagno Italia"},"image":{"@id":"https:\/\/www.bagnoitalia.com\/es#\/schema\/logo\/image\/"}}]}},"_links":{"self":[{"href":"https:\/\/www.bagnoitalia.com\/es\/wp-json\/wp\/v2\/product\/77232","targetHints":{"allow":["GET"]}}],"collection":[{"href":"https:\/\/www.bagnoitalia.com\/es\/wp-json\/wp\/v2\/product"}],"about":[{"href":"https:\/\/www.bagnoitalia.com\/es\/wp-json\/wp\/v2\/types\/product"}],"replies":[{"embeddable":true,"href":"https:\/\/www.bagnoitalia.com\/es\/wp-json\/wp\/v2\/comments?post=77232"}],"version-history":[{"count":1,"href":"https:\/\/www.bagnoitalia.com\/es\/wp-json\/wp\/v2\/product\/77232\/revisions"}],"predecessor-version":[{"id":90121,"href":"https:\/\/www.bagnoitalia.com\/es\/wp-json\/wp\/v2\/product\/77232\/revisions\/90121"}],"wp:featuredmedia":[{"embeddable":true,"href":"https:\/\/www.bagnoitalia.com\/es\/wp-json\/wp\/v2\/media\/10826"}],"wp:attachment":[{"href":"https:\/\/www.bagnoitalia.com\/es\/wp-json\/wp\/v2\/media?parent=77232"}],"wp:term":[{"taxonomy":"product_brand","embeddable":true,"href":"https:\/\/www.bagnoitalia.com\/es\/wp-json\/wp\/v2\/product_brand?post=77232"},{"taxonomy":"product_cat","embeddable":true,"href":"https:\/\/www.bagnoitalia.com\/es\/wp-json\/wp\/v2\/product_cat?post=77232"},{"taxonomy":"product_tag","embeddable":true,"href":"https:\/\/www.bagnoitalia.com\/es\/wp-json\/wp\/v2\/product_tag?post=77232"}],"curies":[{"name":"wp","href":"https:\/\/api.w.org\/{rel}","templated":true}]}}