{"id":77204,"date":"2010-04-13T22:13:44","date_gmt":"2010-04-13T20:13:44","guid":{"rendered":"https:\/\/www.bagnoitalia.com\/product\/mueble-de-bano-cleo-cm-70-30-con-lavabo-blanco-brillante-semiempotrado"},"modified":"2025-12-11T09:47:27","modified_gmt":"2025-12-11T08:47:27","slug":"mueble-de-bano-cleo-cm-70-30-con-lavabo-blanco-brillante-semiempotrado","status":"publish","type":"product","link":"https:\/\/www.bagnoitalia.com\/es\/producto\/mueble-de-bano-cleo-cm-70-30-con-lavabo-blanco-brillante-semiempotrado.html","title":{"rendered":"Mueble de ba\u00f1o Cleo 70+30 cm con lavabo semiencastrado en blanco brillante"},"content":{"rendered":"<p><span dir=\"auto\">CLEO es un mueble de ba\u00f1o con lavabo de cer\u00e1mica semiempotrado y encimera de m\u00e1rmol blanco de Carrara. Tambi\u00e9n puede a\u00f1adir un mueble de 30 cm de alto con estantes de cristal o un armario alto mediante el men\u00fa desplegable.<\/span><\/p>\n<p><strong><span dir=\"auto\">ATENCI\u00d3N:\u00a0<\/span><span dir=\"auto\">EL ESPEJO YA NO EST\u00c1 DISPONIBLE, POR LO TANTO<\/span><span dir=\"auto\">\u00a0NO EST\u00c1 INCLUIDO EN LA OFERTA<\/span><\/strong><\/p>\n<p>&nbsp;<\/p>\n<p><strong><span dir=\"auto\">El precio anterior incluye:<\/span><\/strong><\/p>\n<p><span dir=\"auto\">N\u00b01 Base Cleo 70 cm (profundidad del mueble 34 cm)<\/span><\/p>\n<p><span dir=\"auto\">Fregadero de cer\u00e1mica semiempotrado n.\u00ba 1 (profundidad desde el centro del fregadero 57 cm)<\/span><\/p>\n<p><span dir=\"auto\">Encimera de m\u00e1rmol blanco Carrara n.\u00ba 1 de 70 cm<\/span><\/p>\n<p>&nbsp;<\/p>\n<p><span dir=\"auto\">La\u00a0<\/span><strong><span dir=\"auto\">semicolumna<\/span><\/strong><span dir=\"auto\">\u00a0de 30 cm con estantes de cristal no est\u00e1 incluida en el precio anterior, pero se puede\u00a0<\/span><strong><span dir=\"auto\">a\u00f1adir<\/span><\/strong><span dir=\"auto\">\u00a0en el men\u00fa de la parte superior derecha.<\/span><\/p>\n<p>&nbsp;<\/p>\n<p><span dir=\"auto\">Medidas: 70+30(columna opcional) x34 profundidad x190H<\/span><\/p>\n<p><strong><span dir=\"auto\">Materiales utilizados<\/span><\/strong><\/p>\n<p><span dir=\"auto\">Base de lavabo: en MDF<\/span><\/p>\n<p><span dir=\"auto\">Puertas: en MDF lacado (densidad media)<\/span><\/p>\n<p><span dir=\"auto\">Fregadero: cer\u00e1mica<\/span><\/p>\n<p><span dir=\"auto\">Manijas: cromo pulido<\/span><\/p>\n<p><span dir=\"auto\">Gu\u00edas: metal<\/span><\/p>\n<p><strong><span dir=\"auto\">ATENCI\u00d3N: LA COLUMNA ALTA NO TIENE ASA, SEG\u00daN LA FOTO DE ABAJO:<\/span><\/strong><\/p>\n<p><img fetchpriority=\"high\" decoding=\"async\" class=\"alignnone size-full wp-image-118595\" src=\"https:\/\/img.bagnoitalia.it\/wp-content\/uploads\/colonna-alta-ante-cassetti-bianca.jpg\" sizes=\"(max-width: 550px) 100vw, 550px\" srcset=\"https:\/\/translate.google.com\/website?sl=it&amp;tl=fr&amp;hl=it&amp;client=webapp&amp;u=https:\/\/img.bagnoitalia.it\/wp-content\/uploads\/colonna-alta-ante-cassetti-bianca.jpg 550w,https:\/\/translate.google.com\/website?sl=it&amp;tl=fr&amp;hl=it&amp;client=webapp&amp;u=https:\/\/img.bagnoitalia.it\/wp-content\/uploads\/colonna-alta-ante-cassetti-bianca-441x441.jpg 441w,https:\/\/translate.google.com\/website?sl=it&amp;tl=fr&amp;hl=it&amp;client=webapp&amp;u=https:\/\/img.bagnoitalia.it\/wp-content\/uploads\/colonna-alta-ante-cassetti-bianca-100x100.jpg 100w,https:\/\/translate.google.com\/website?sl=it&amp;tl=fr&amp;hl=it&amp;client=webapp&amp;u=https:\/\/img.bagnoitalia.it\/wp-content\/uploads\/colonna-alta-ante-cassetti-bianca-150x150.jpg 150w\" alt=\"\" width=\"550\" height=\"550\" \/><\/p>\n","protected":false},"excerpt":{"rendered":"<p>El mueble de ba\u00f1o Cleo de 70 cm cuenta con dos puertas. Tambi\u00e9n se puede adquirir una semicolumna con estantes de 30 cm (a juego con la composici\u00f3n de la imagen principal). El lavabo es de cer\u00e1mica. NOTA: EL ESPEJO YA NO EST\u00c1 DISPONIBLE Y NO EST\u00c1 INCLUIDO EN ESTA OFERTA.<\/p>\n","protected":false},"featured_media":10644,"comment_status":"open","ping_status":"closed","template":"","meta":[],"product_brand":[9899],"product_cat":[9661],"product_tag":[],"class_list":{"0":"post-77204","1":"product","2":"type-product","3":"status-publish","4":"has-post-thumbnail","6":"product_brand-baden-haus-es","7":"product_cat-muebles-de-bano-economicos","9":"first","10":"instock","11":"sale","12":"taxable","13":"shipping-taxable","14":"purchasable","15":"product-type-simple"},"exclude_global_add_ons":false,"addons":[{"name":"Semipedestal de 30 cm","type":"multiple_choice","position":0,"required":true,"title_format":"heading","default":"","description_enable":false,"description":"","placeholder_enable":false,"placeholder":"","display":"select","restrictions_type":"any_text","adjust_price":false,"price":"","price_type":"flat_fee","restrictions":false,"min":"0","max":"0","options":[{"label":"sin armario de media columna","price":"","price_type":"quantity_based","image":0,"visibility":true},{"label":"con estantes y armario de media columna","price":"150","price_type":"quantity_based","image":0,"visibility":true}],"id":1716304342}],"yoast_head":"<!-- This site is optimized with the Yoast SEO plugin v26.7 - https:\/\/yoast.com\/wordpress\/plugins\/seo\/ -->\n<title>Mueble de ba\u00f1o Cleo Bianco con lavabo semi-empotrado bh<\/title>\n<meta name=\"description\" content=\"Mueble de ba\u00f1o Cleo White - Completo con base Leo, lavabo de cer\u00e1mica, encimera de m\u00e1rmol, espejo de 70x103cm y Tettino con iluminaci\u00f3n.\" \/>\n<meta name=\"robots\" content=\"index, follow, max-snippet:-1, max-image-preview:large, max-video-preview:-1\" \/>\n<link rel=\"canonical\" href=\"https:\/\/www.bagnoitalia.com\/es\/producto\/mueble-de-bano-cleo-cm-70-30-con-lavabo-blanco-brillante-semiempotrado.html\" \/>\n<meta property=\"og:locale\" content=\"es_ES\" \/>\n<meta property=\"og:type\" content=\"article\" \/>\n<meta property=\"og:title\" content=\"Mueble de ba\u00f1o Cleo Bianco con lavabo semi-empotrado bh\" \/>\n<meta property=\"og:description\" content=\"Mueble de ba\u00f1o Cleo White - Completo con base Leo, lavabo de cer\u00e1mica, encimera de m\u00e1rmol, espejo de 70x103cm y Tettino con iluminaci\u00f3n.\" \/>\n<meta property=\"og:url\" content=\"https:\/\/www.bagnoitalia.com\/es\/producto\/mueble-de-bano-cleo-cm-70-30-con-lavabo-blanco-brillante-semiempotrado.html\" \/>\n<meta property=\"og:site_name\" content=\"Bagno Italia\" \/>\n<meta property=\"article:modified_time\" content=\"2025-12-11T08:47:27+00:00\" \/>\n<meta property=\"og:image\" content=\"https:\/\/img.bagnoitalia.com\/wp-content\/uploads\/virtuemart\/product\/Bathroom-white-cm-70-washbasin-Cleo-model-2165_1542706759_578.jpg\" \/>\n\t<meta property=\"og:image:width\" content=\"712\" \/>\n\t<meta property=\"og:image:height\" content=\"998\" \/>\n\t<meta property=\"og:image:type\" content=\"image\/jpeg\" \/>\n<meta name=\"twitter:card\" content=\"summary_large_image\" \/>\n<meta name=\"twitter:label1\" content=\"Tiempo de lectura\" \/>\n\t<meta name=\"twitter:data1\" content=\"1 minuto\" \/>\n<script type=\"application\/ld+json\" class=\"yoast-schema-graph\">{\"@context\":\"https:\/\/schema.org\",\"@graph\":[{\"@type\":\"WebPage\",\"@id\":\"https:\/\/www.bagnoitalia.com\/es\/producto\/mueble-de-bano-cleo-cm-70-30-con-lavabo-blanco-brillante-semiempotrado.html\",\"url\":\"https:\/\/www.bagnoitalia.com\/es\/producto\/mueble-de-bano-cleo-cm-70-30-con-lavabo-blanco-brillante-semiempotrado.html\",\"name\":\"Mueble de ba\u00f1o Cleo Bianco con lavabo semi-empotrado bh\",\"isPartOf\":{\"@id\":\"https:\/\/www.bagnoitalia.com\/es#website\"},\"primaryImageOfPage\":{\"@id\":\"https:\/\/www.bagnoitalia.com\/es\/producto\/mueble-de-bano-cleo-cm-70-30-con-lavabo-blanco-brillante-semiempotrado.html#primaryimage\"},\"image\":{\"@id\":\"https:\/\/www.bagnoitalia.com\/es\/producto\/mueble-de-bano-cleo-cm-70-30-con-lavabo-blanco-brillante-semiempotrado.html#primaryimage\"},\"thumbnailUrl\":\"https:\/\/img.bagnoitalia.com\/wp-content\/uploads\/virtuemart\/product\/Bathroom-white-cm-70-washbasin-Cleo-model-2165_1542706759_578.jpg\",\"datePublished\":\"2010-04-13T20:13:44+00:00\",\"dateModified\":\"2025-12-11T08:47:27+00:00\",\"description\":\"Mueble de ba\u00f1o Cleo White - Completo con base Leo, lavabo de cer\u00e1mica, encimera de m\u00e1rmol, espejo de 70x103cm y Tettino con iluminaci\u00f3n.\",\"breadcrumb\":{\"@id\":\"https:\/\/www.bagnoitalia.com\/es\/producto\/mueble-de-bano-cleo-cm-70-30-con-lavabo-blanco-brillante-semiempotrado.html#breadcrumb\"},\"inLanguage\":\"es\",\"potentialAction\":[{\"@type\":\"ReadAction\",\"target\":[\"https:\/\/www.bagnoitalia.com\/es\/producto\/mueble-de-bano-cleo-cm-70-30-con-lavabo-blanco-brillante-semiempotrado.html\"]}]},{\"@type\":\"ImageObject\",\"inLanguage\":\"es\",\"@id\":\"https:\/\/www.bagnoitalia.com\/es\/producto\/mueble-de-bano-cleo-cm-70-30-con-lavabo-blanco-brillante-semiempotrado.html#primaryimage\",\"url\":\"https:\/\/img.bagnoitalia.com\/wp-content\/uploads\/virtuemart\/product\/Bathroom-white-cm-70-washbasin-Cleo-model-2165_1542706759_578.jpg\",\"contentUrl\":\"https:\/\/img.bagnoitalia.com\/wp-content\/uploads\/virtuemart\/product\/Bathroom-white-cm-70-washbasin-Cleo-model-2165_1542706759_578.jpg\",\"width\":712,\"height\":998},{\"@type\":\"BreadcrumbList\",\"@id\":\"https:\/\/www.bagnoitalia.com\/es\/producto\/mueble-de-bano-cleo-cm-70-30-con-lavabo-blanco-brillante-semiempotrado.html#breadcrumb\",\"itemListElement\":[{\"@type\":\"ListItem\",\"position\":1,\"name\":\"Home\",\"item\":\"https:\/\/www.bagnoitalia.com\/es\"},{\"@type\":\"ListItem\",\"position\":2,\"name\":\"Productos\",\"item\":\"https:\/\/www.bagnoitalia.com\/es\/shop\"},{\"@type\":\"ListItem\",\"position\":3,\"name\":\"Mueble de ba\u00f1o Cleo 70+30 cm con lavabo semiencastrado en blanco brillante\"}]},{\"@type\":\"WebSite\",\"@id\":\"https:\/\/www.bagnoitalia.com\/es#website\",\"url\":\"https:\/\/www.bagnoitalia.com\/es\",\"name\":\"Bagno Italia\",\"description\":\"\",\"publisher\":{\"@id\":\"https:\/\/www.bagnoitalia.com\/es#organization\"},\"potentialAction\":[{\"@type\":\"SearchAction\",\"target\":{\"@type\":\"EntryPoint\",\"urlTemplate\":\"https:\/\/www.bagnoitalia.com\/es?s={search_term_string}\"},\"query-input\":{\"@type\":\"PropertyValueSpecification\",\"valueRequired\":true,\"valueName\":\"search_term_string\"}}],\"inLanguage\":\"es\"},{\"@type\":\"Organization\",\"@id\":\"https:\/\/www.bagnoitalia.com\/es#organization\",\"name\":\"Bagno Italia\",\"url\":\"https:\/\/www.bagnoitalia.com\/es\",\"logo\":{\"@type\":\"ImageObject\",\"inLanguage\":\"es\",\"@id\":\"https:\/\/www.bagnoitalia.com\/es#\/schema\/logo\/image\/\",\"url\":\"https:\/\/img.bagnoitalia.com\/wp-content\/uploads\/logo-bagnoitalia.webp\",\"contentUrl\":\"https:\/\/img.bagnoitalia.com\/wp-content\/uploads\/logo-bagnoitalia.webp\",\"width\":400,\"height\":70,\"caption\":\"Bagno Italia\"},\"image\":{\"@id\":\"https:\/\/www.bagnoitalia.com\/es#\/schema\/logo\/image\/\"}}]}<\/script>\n<!-- \/ Yoast SEO plugin. -->","yoast_head_json":{"title":"Mueble de ba\u00f1o Cleo Bianco con lavabo semi-empotrado bh","description":"Mueble de ba\u00f1o Cleo White - Completo con base Leo, lavabo de cer\u00e1mica, encimera de m\u00e1rmol, espejo de 70x103cm y Tettino con iluminaci\u00f3n.","robots":{"index":"index","follow":"follow","max-snippet":"max-snippet:-1","max-image-preview":"max-image-preview:large","max-video-preview":"max-video-preview:-1"},"canonical":"https:\/\/www.bagnoitalia.com\/es\/producto\/mueble-de-bano-cleo-cm-70-30-con-lavabo-blanco-brillante-semiempotrado.html","og_locale":"es_ES","og_type":"article","og_title":"Mueble de ba\u00f1o Cleo Bianco con lavabo semi-empotrado bh","og_description":"Mueble de ba\u00f1o Cleo White - Completo con base Leo, lavabo de cer\u00e1mica, encimera de m\u00e1rmol, espejo de 70x103cm y Tettino con iluminaci\u00f3n.","og_url":"https:\/\/www.bagnoitalia.com\/es\/producto\/mueble-de-bano-cleo-cm-70-30-con-lavabo-blanco-brillante-semiempotrado.html","og_site_name":"Bagno Italia","article_modified_time":"2025-12-11T08:47:27+00:00","og_image":[{"width":712,"height":998,"url":"https:\/\/img.bagnoitalia.com\/wp-content\/uploads\/virtuemart\/product\/Bathroom-white-cm-70-washbasin-Cleo-model-2165_1542706759_578.jpg","type":"image\/jpeg"}],"twitter_card":"summary_large_image","twitter_misc":{"Tiempo de lectura":"1 minuto"},"schema":{"@context":"https:\/\/schema.org","@graph":[{"@type":"WebPage","@id":"https:\/\/www.bagnoitalia.com\/es\/producto\/mueble-de-bano-cleo-cm-70-30-con-lavabo-blanco-brillante-semiempotrado.html","url":"https:\/\/www.bagnoitalia.com\/es\/producto\/mueble-de-bano-cleo-cm-70-30-con-lavabo-blanco-brillante-semiempotrado.html","name":"Mueble de ba\u00f1o Cleo Bianco con lavabo semi-empotrado bh","isPartOf":{"@id":"https:\/\/www.bagnoitalia.com\/es#website"},"primaryImageOfPage":{"@id":"https:\/\/www.bagnoitalia.com\/es\/producto\/mueble-de-bano-cleo-cm-70-30-con-lavabo-blanco-brillante-semiempotrado.html#primaryimage"},"image":{"@id":"https:\/\/www.bagnoitalia.com\/es\/producto\/mueble-de-bano-cleo-cm-70-30-con-lavabo-blanco-brillante-semiempotrado.html#primaryimage"},"thumbnailUrl":"https:\/\/img.bagnoitalia.com\/wp-content\/uploads\/virtuemart\/product\/Bathroom-white-cm-70-washbasin-Cleo-model-2165_1542706759_578.jpg","datePublished":"2010-04-13T20:13:44+00:00","dateModified":"2025-12-11T08:47:27+00:00","description":"Mueble de ba\u00f1o Cleo White - Completo con base Leo, lavabo de cer\u00e1mica, encimera de m\u00e1rmol, espejo de 70x103cm y Tettino con iluminaci\u00f3n.","breadcrumb":{"@id":"https:\/\/www.bagnoitalia.com\/es\/producto\/mueble-de-bano-cleo-cm-70-30-con-lavabo-blanco-brillante-semiempotrado.html#breadcrumb"},"inLanguage":"es","potentialAction":[{"@type":"ReadAction","target":["https:\/\/www.bagnoitalia.com\/es\/producto\/mueble-de-bano-cleo-cm-70-30-con-lavabo-blanco-brillante-semiempotrado.html"]}]},{"@type":"ImageObject","inLanguage":"es","@id":"https:\/\/www.bagnoitalia.com\/es\/producto\/mueble-de-bano-cleo-cm-70-30-con-lavabo-blanco-brillante-semiempotrado.html#primaryimage","url":"https:\/\/img.bagnoitalia.com\/wp-content\/uploads\/virtuemart\/product\/Bathroom-white-cm-70-washbasin-Cleo-model-2165_1542706759_578.jpg","contentUrl":"https:\/\/img.bagnoitalia.com\/wp-content\/uploads\/virtuemart\/product\/Bathroom-white-cm-70-washbasin-Cleo-model-2165_1542706759_578.jpg","width":712,"height":998},{"@type":"BreadcrumbList","@id":"https:\/\/www.bagnoitalia.com\/es\/producto\/mueble-de-bano-cleo-cm-70-30-con-lavabo-blanco-brillante-semiempotrado.html#breadcrumb","itemListElement":[{"@type":"ListItem","position":1,"name":"Home","item":"https:\/\/www.bagnoitalia.com\/es"},{"@type":"ListItem","position":2,"name":"Productos","item":"https:\/\/www.bagnoitalia.com\/es\/shop"},{"@type":"ListItem","position":3,"name":"Mueble de ba\u00f1o Cleo 70+30 cm con lavabo semiencastrado en blanco brillante"}]},{"@type":"WebSite","@id":"https:\/\/www.bagnoitalia.com\/es#website","url":"https:\/\/www.bagnoitalia.com\/es","name":"Bagno Italia","description":"","publisher":{"@id":"https:\/\/www.bagnoitalia.com\/es#organization"},"potentialAction":[{"@type":"SearchAction","target":{"@type":"EntryPoint","urlTemplate":"https:\/\/www.bagnoitalia.com\/es?s={search_term_string}"},"query-input":{"@type":"PropertyValueSpecification","valueRequired":true,"valueName":"search_term_string"}}],"inLanguage":"es"},{"@type":"Organization","@id":"https:\/\/www.bagnoitalia.com\/es#organization","name":"Bagno Italia","url":"https:\/\/www.bagnoitalia.com\/es","logo":{"@type":"ImageObject","inLanguage":"es","@id":"https:\/\/www.bagnoitalia.com\/es#\/schema\/logo\/image\/","url":"https:\/\/img.bagnoitalia.com\/wp-content\/uploads\/logo-bagnoitalia.webp","contentUrl":"https:\/\/img.bagnoitalia.com\/wp-content\/uploads\/logo-bagnoitalia.webp","width":400,"height":70,"caption":"Bagno Italia"},"image":{"@id":"https:\/\/www.bagnoitalia.com\/es#\/schema\/logo\/image\/"}}]}},"_links":{"self":[{"href":"https:\/\/www.bagnoitalia.com\/es\/wp-json\/wp\/v2\/product\/77204","targetHints":{"allow":["GET"]}}],"collection":[{"href":"https:\/\/www.bagnoitalia.com\/es\/wp-json\/wp\/v2\/product"}],"about":[{"href":"https:\/\/www.bagnoitalia.com\/es\/wp-json\/wp\/v2\/types\/product"}],"replies":[{"embeddable":true,"href":"https:\/\/www.bagnoitalia.com\/es\/wp-json\/wp\/v2\/comments?post=77204"}],"version-history":[{"count":3,"href":"https:\/\/www.bagnoitalia.com\/es\/wp-json\/wp\/v2\/product\/77204\/revisions"}],"predecessor-version":[{"id":115144,"href":"https:\/\/www.bagnoitalia.com\/es\/wp-json\/wp\/v2\/product\/77204\/revisions\/115144"}],"wp:featuredmedia":[{"embeddable":true,"href":"https:\/\/www.bagnoitalia.com\/es\/wp-json\/wp\/v2\/media\/10644"}],"wp:attachment":[{"href":"https:\/\/www.bagnoitalia.com\/es\/wp-json\/wp\/v2\/media?parent=77204"}],"wp:term":[{"taxonomy":"product_brand","embeddable":true,"href":"https:\/\/www.bagnoitalia.com\/es\/wp-json\/wp\/v2\/product_brand?post=77204"},{"taxonomy":"product_cat","embeddable":true,"href":"https:\/\/www.bagnoitalia.com\/es\/wp-json\/wp\/v2\/product_cat?post=77204"},{"taxonomy":"product_tag","embeddable":true,"href":"https:\/\/www.bagnoitalia.com\/es\/wp-json\/wp\/v2\/product_tag?post=77204"}],"curies":[{"name":"wp","href":"https:\/\/api.w.org\/{rel}","templated":true}]}}