{"id":76976,"date":"2009-08-06T02:20:11","date_gmt":"2009-08-06T00:20:11","guid":{"rendered":"https:\/\/www.bagnoitalia.com\/product\/b3-gabinete-de-pared-simple-blanco-o-tabaco-30x74hx27"},"modified":"2024-09-20T16:28:21","modified_gmt":"2024-09-20T14:28:21","slug":"b3-gabinete-de-pared-simple-blanco-o-tabaco-30x74hx27","status":"publish","type":"product","link":"https:\/\/www.bagnoitalia.com\/es\/producto\/b3-gabinete-de-pared-simple-blanco-o-tabaco-30x74hx27.html","title":{"rendered":"B3 Gabinete de pared simple blanco o tabaco 30x74hx27. BM002"},"content":{"rendered":"<p><span style=\"font-size: 12pt;\"><strong><span style=\"color: #ff0000;\">Mueble de ba\u00f1o suspendido, lacado brillante (o tabaco), tanto interno como externo, en madera MDF (que es de una calidad superior a la de aglomerado comprimido).<\/span><\/strong> <strong><span style=\"color: #ff0000;\"><br \/>\n<\/span><\/strong><\/span><\/p>\n<p><span style=\"font-size: 12pt;\"><strong><span style=\"color: #ff0000;\">La unidad de doble pared tambi\u00e9n est\u00e1 disponible, se puede combinar con todos los muebles tradicionales, pero tambi\u00e9n la laca blanca (o tabaco) es la misma para todos los modelos.<br \/>\n<\/span><\/strong><\/span><\/p>\n<p><span style=\"font-size: 12pt;\"><strong><span style=\"color: #ff0000;\">La unidad de pared en cuesti\u00f3n est\u00e1 equipada con ganchos y montaje en pared, tiene una excelente relaci\u00f3n calidad \/ precio y tiene un precio promocional.<br \/>\n<\/span><\/strong><\/span><\/p>\n<p>&nbsp;<\/p>\n<p><span style=\"font-size: 12pt;\">La unidad de pared es reversible, por lo que al realizar el pedido no es necesario especificar si la apertura es hacia la derecha o hacia la izquierda<\/span><\/p>\n<p>&nbsp;<\/p>\n<p><span style=\"font-size: 12pt;\"><strong>Materiales usados<\/strong><\/span><\/p>\n<ul>\n<li><span style=\"font-size: 12pt;\">Estructura de MDF<\/span><\/li>\n<li><span style=\"font-size: 12pt;\">Puertas: en MDF (mediodensit)<\/span><\/li>\n<li><span style=\"font-size: 12pt;\">Armario de pared con ranura para facilitar la apertura (sin asa)<\/span><\/li>\n<li><span style=\"font-size: 12pt;\">Colores: blanco brillante o tabaco.<\/span><\/li>\n<li><span style=\"font-size: 12pt;\">Puerta con cierre suave.<\/span><\/li>\n<\/ul>\n","protected":false},"excerpt":{"rendered":"<p>Gabinete individual 30x74hx27 lacado blanco o tabaco<\/p>\n","protected":false},"featured_media":9454,"comment_status":"open","ping_status":"closed","template":"","meta":[],"product_brand":[9899],"product_cat":[9669,9665],"product_tag":[],"class_list":{"0":"post-76976","1":"product","2":"type-product","3":"status-publish","4":"has-post-thumbnail","6":"product_brand-baden-haus-es","7":"product_cat-complementos-modernos","8":"product_cat-complementos-economicos","10":"first","11":"instock","12":"sale","13":"taxable","14":"shipping-taxable","15":"purchasable","16":"product-type-simple"},"exclude_global_add_ons":false,"addons":[{"name":"Color","type":"multiple_choice","position":0,"required":true,"title_format":"heading","default":"","description_enable":false,"description":"","placeholder_enable":false,"placeholder":"","display":"select","restrictions_type":"any_text","adjust_price":false,"price":"","price_type":"flat_fee","restrictions":false,"min":"0","max":"0","options":[{"label":"Blanco brillante","price":"","price_type":"quantity_based","image":0,"visibility":true},{"label":"tabaco","price":"10","price_type":"quantity_based","image":0,"visibility":true}],"id":1716393055}],"yoast_head":"<!-- This site is optimized with the Yoast SEO plugin v26.7 - https:\/\/yoast.com\/wordpress\/plugins\/seo\/ -->\n<title>Mueble de pared simple B3, blanco brillante o tabaco bh.<\/title>\n<meta name=\"description\" content=\"Mueble de ba\u00f1o simple suspendido B3, tambi\u00e9n disponible doble. Hecho en tabaco blanco brillante o madera de Mediodensit, dimensiones 30x74x27cm. \u00a1Compra ahora!\" \/>\n<meta name=\"robots\" content=\"index, follow, max-snippet:-1, max-image-preview:large, max-video-preview:-1\" \/>\n<link rel=\"canonical\" href=\"https:\/\/www.bagnoitalia.com\/es\/producto\/b3-gabinete-de-pared-simple-blanco-o-tabaco-30x74hx27.html\" \/>\n<meta property=\"og:locale\" content=\"es_ES\" \/>\n<meta property=\"og:type\" content=\"article\" \/>\n<meta property=\"og:title\" content=\"Mueble de pared simple B3, blanco brillante o tabaco bh.\" \/>\n<meta property=\"og:description\" content=\"Mueble de ba\u00f1o simple suspendido B3, tambi\u00e9n disponible doble. Hecho en tabaco blanco brillante o madera de Mediodensit, dimensiones 30x74x27cm. \u00a1Compra ahora!\" \/>\n<meta property=\"og:url\" content=\"https:\/\/www.bagnoitalia.com\/es\/producto\/b3-gabinete-de-pared-simple-blanco-o-tabaco-30x74hx27.html\" \/>\n<meta property=\"og:site_name\" content=\"Bagno Italia\" \/>\n<meta property=\"article:modified_time\" content=\"2024-09-20T14:28:21+00:00\" \/>\n<meta property=\"og:image\" content=\"https:\/\/img.bagnoitalia.com\/wp-content\/uploads\/virtuemart\/product\/Single-wall-cabinet-4854_1542711775_946.jpg\" \/>\n\t<meta property=\"og:image:width\" content=\"600\" \/>\n\t<meta property=\"og:image:height\" content=\"600\" \/>\n\t<meta property=\"og:image:type\" content=\"image\/jpeg\" \/>\n<meta name=\"twitter:card\" content=\"summary_large_image\" \/>\n<meta name=\"twitter:label1\" content=\"Tiempo de lectura\" \/>\n\t<meta name=\"twitter:data1\" content=\"1 minuto\" \/>\n<script type=\"application\/ld+json\" class=\"yoast-schema-graph\">{\"@context\":\"https:\/\/schema.org\",\"@graph\":[{\"@type\":\"WebPage\",\"@id\":\"https:\/\/www.bagnoitalia.com\/es\/producto\/b3-gabinete-de-pared-simple-blanco-o-tabaco-30x74hx27.html\",\"url\":\"https:\/\/www.bagnoitalia.com\/es\/producto\/b3-gabinete-de-pared-simple-blanco-o-tabaco-30x74hx27.html\",\"name\":\"Mueble de pared simple B3, blanco brillante o tabaco bh.\",\"isPartOf\":{\"@id\":\"https:\/\/www.bagnoitalia.com\/es#website\"},\"primaryImageOfPage\":{\"@id\":\"https:\/\/www.bagnoitalia.com\/es\/producto\/b3-gabinete-de-pared-simple-blanco-o-tabaco-30x74hx27.html#primaryimage\"},\"image\":{\"@id\":\"https:\/\/www.bagnoitalia.com\/es\/producto\/b3-gabinete-de-pared-simple-blanco-o-tabaco-30x74hx27.html#primaryimage\"},\"thumbnailUrl\":\"https:\/\/img.bagnoitalia.com\/wp-content\/uploads\/virtuemart\/product\/Single-wall-cabinet-4854_1542711775_946.jpg\",\"datePublished\":\"2009-08-06T00:20:11+00:00\",\"dateModified\":\"2024-09-20T14:28:21+00:00\",\"description\":\"Mueble de ba\u00f1o simple suspendido B3, tambi\u00e9n disponible doble. Hecho en tabaco blanco brillante o madera de Mediodensit, dimensiones 30x74x27cm. \u00a1Compra ahora!\",\"breadcrumb\":{\"@id\":\"https:\/\/www.bagnoitalia.com\/es\/producto\/b3-gabinete-de-pared-simple-blanco-o-tabaco-30x74hx27.html#breadcrumb\"},\"inLanguage\":\"es\",\"potentialAction\":[{\"@type\":\"ReadAction\",\"target\":[\"https:\/\/www.bagnoitalia.com\/es\/producto\/b3-gabinete-de-pared-simple-blanco-o-tabaco-30x74hx27.html\"]}]},{\"@type\":\"ImageObject\",\"inLanguage\":\"es\",\"@id\":\"https:\/\/www.bagnoitalia.com\/es\/producto\/b3-gabinete-de-pared-simple-blanco-o-tabaco-30x74hx27.html#primaryimage\",\"url\":\"https:\/\/img.bagnoitalia.com\/wp-content\/uploads\/virtuemart\/product\/Single-wall-cabinet-4854_1542711775_946.jpg\",\"contentUrl\":\"https:\/\/img.bagnoitalia.com\/wp-content\/uploads\/virtuemart\/product\/Single-wall-cabinet-4854_1542711775_946.jpg\",\"width\":600,\"height\":600},{\"@type\":\"BreadcrumbList\",\"@id\":\"https:\/\/www.bagnoitalia.com\/es\/producto\/b3-gabinete-de-pared-simple-blanco-o-tabaco-30x74hx27.html#breadcrumb\",\"itemListElement\":[{\"@type\":\"ListItem\",\"position\":1,\"name\":\"Home\",\"item\":\"https:\/\/www.bagnoitalia.com\/es\"},{\"@type\":\"ListItem\",\"position\":2,\"name\":\"Productos\",\"item\":\"https:\/\/www.bagnoitalia.com\/es\/shop\"},{\"@type\":\"ListItem\",\"position\":3,\"name\":\"B3 Gabinete de pared simple blanco o tabaco 30x74hx27. BM002\"}]},{\"@type\":\"WebSite\",\"@id\":\"https:\/\/www.bagnoitalia.com\/es#website\",\"url\":\"https:\/\/www.bagnoitalia.com\/es\",\"name\":\"Bagno Italia\",\"description\":\"\",\"publisher\":{\"@id\":\"https:\/\/www.bagnoitalia.com\/es#organization\"},\"potentialAction\":[{\"@type\":\"SearchAction\",\"target\":{\"@type\":\"EntryPoint\",\"urlTemplate\":\"https:\/\/www.bagnoitalia.com\/es?s={search_term_string}\"},\"query-input\":{\"@type\":\"PropertyValueSpecification\",\"valueRequired\":true,\"valueName\":\"search_term_string\"}}],\"inLanguage\":\"es\"},{\"@type\":\"Organization\",\"@id\":\"https:\/\/www.bagnoitalia.com\/es#organization\",\"name\":\"Bagno Italia\",\"url\":\"https:\/\/www.bagnoitalia.com\/es\",\"logo\":{\"@type\":\"ImageObject\",\"inLanguage\":\"es\",\"@id\":\"https:\/\/www.bagnoitalia.com\/es#\/schema\/logo\/image\/\",\"url\":\"https:\/\/img.bagnoitalia.com\/wp-content\/uploads\/logo-bagnoitalia.webp\",\"contentUrl\":\"https:\/\/img.bagnoitalia.com\/wp-content\/uploads\/logo-bagnoitalia.webp\",\"width\":400,\"height\":70,\"caption\":\"Bagno Italia\"},\"image\":{\"@id\":\"https:\/\/www.bagnoitalia.com\/es#\/schema\/logo\/image\/\"}}]}<\/script>\n<!-- \/ Yoast SEO plugin. -->","yoast_head_json":{"title":"Mueble de pared simple B3, blanco brillante o tabaco bh.","description":"Mueble de ba\u00f1o simple suspendido B3, tambi\u00e9n disponible doble. Hecho en tabaco blanco brillante o madera de Mediodensit, dimensiones 30x74x27cm. \u00a1Compra ahora!","robots":{"index":"index","follow":"follow","max-snippet":"max-snippet:-1","max-image-preview":"max-image-preview:large","max-video-preview":"max-video-preview:-1"},"canonical":"https:\/\/www.bagnoitalia.com\/es\/producto\/b3-gabinete-de-pared-simple-blanco-o-tabaco-30x74hx27.html","og_locale":"es_ES","og_type":"article","og_title":"Mueble de pared simple B3, blanco brillante o tabaco bh.","og_description":"Mueble de ba\u00f1o simple suspendido B3, tambi\u00e9n disponible doble. Hecho en tabaco blanco brillante o madera de Mediodensit, dimensiones 30x74x27cm. \u00a1Compra ahora!","og_url":"https:\/\/www.bagnoitalia.com\/es\/producto\/b3-gabinete-de-pared-simple-blanco-o-tabaco-30x74hx27.html","og_site_name":"Bagno Italia","article_modified_time":"2024-09-20T14:28:21+00:00","og_image":[{"width":600,"height":600,"url":"https:\/\/img.bagnoitalia.com\/wp-content\/uploads\/virtuemart\/product\/Single-wall-cabinet-4854_1542711775_946.jpg","type":"image\/jpeg"}],"twitter_card":"summary_large_image","twitter_misc":{"Tiempo de lectura":"1 minuto"},"schema":{"@context":"https:\/\/schema.org","@graph":[{"@type":"WebPage","@id":"https:\/\/www.bagnoitalia.com\/es\/producto\/b3-gabinete-de-pared-simple-blanco-o-tabaco-30x74hx27.html","url":"https:\/\/www.bagnoitalia.com\/es\/producto\/b3-gabinete-de-pared-simple-blanco-o-tabaco-30x74hx27.html","name":"Mueble de pared simple B3, blanco brillante o tabaco bh.","isPartOf":{"@id":"https:\/\/www.bagnoitalia.com\/es#website"},"primaryImageOfPage":{"@id":"https:\/\/www.bagnoitalia.com\/es\/producto\/b3-gabinete-de-pared-simple-blanco-o-tabaco-30x74hx27.html#primaryimage"},"image":{"@id":"https:\/\/www.bagnoitalia.com\/es\/producto\/b3-gabinete-de-pared-simple-blanco-o-tabaco-30x74hx27.html#primaryimage"},"thumbnailUrl":"https:\/\/img.bagnoitalia.com\/wp-content\/uploads\/virtuemart\/product\/Single-wall-cabinet-4854_1542711775_946.jpg","datePublished":"2009-08-06T00:20:11+00:00","dateModified":"2024-09-20T14:28:21+00:00","description":"Mueble de ba\u00f1o simple suspendido B3, tambi\u00e9n disponible doble. Hecho en tabaco blanco brillante o madera de Mediodensit, dimensiones 30x74x27cm. \u00a1Compra ahora!","breadcrumb":{"@id":"https:\/\/www.bagnoitalia.com\/es\/producto\/b3-gabinete-de-pared-simple-blanco-o-tabaco-30x74hx27.html#breadcrumb"},"inLanguage":"es","potentialAction":[{"@type":"ReadAction","target":["https:\/\/www.bagnoitalia.com\/es\/producto\/b3-gabinete-de-pared-simple-blanco-o-tabaco-30x74hx27.html"]}]},{"@type":"ImageObject","inLanguage":"es","@id":"https:\/\/www.bagnoitalia.com\/es\/producto\/b3-gabinete-de-pared-simple-blanco-o-tabaco-30x74hx27.html#primaryimage","url":"https:\/\/img.bagnoitalia.com\/wp-content\/uploads\/virtuemart\/product\/Single-wall-cabinet-4854_1542711775_946.jpg","contentUrl":"https:\/\/img.bagnoitalia.com\/wp-content\/uploads\/virtuemart\/product\/Single-wall-cabinet-4854_1542711775_946.jpg","width":600,"height":600},{"@type":"BreadcrumbList","@id":"https:\/\/www.bagnoitalia.com\/es\/producto\/b3-gabinete-de-pared-simple-blanco-o-tabaco-30x74hx27.html#breadcrumb","itemListElement":[{"@type":"ListItem","position":1,"name":"Home","item":"https:\/\/www.bagnoitalia.com\/es"},{"@type":"ListItem","position":2,"name":"Productos","item":"https:\/\/www.bagnoitalia.com\/es\/shop"},{"@type":"ListItem","position":3,"name":"B3 Gabinete de pared simple blanco o tabaco 30x74hx27. BM002"}]},{"@type":"WebSite","@id":"https:\/\/www.bagnoitalia.com\/es#website","url":"https:\/\/www.bagnoitalia.com\/es","name":"Bagno Italia","description":"","publisher":{"@id":"https:\/\/www.bagnoitalia.com\/es#organization"},"potentialAction":[{"@type":"SearchAction","target":{"@type":"EntryPoint","urlTemplate":"https:\/\/www.bagnoitalia.com\/es?s={search_term_string}"},"query-input":{"@type":"PropertyValueSpecification","valueRequired":true,"valueName":"search_term_string"}}],"inLanguage":"es"},{"@type":"Organization","@id":"https:\/\/www.bagnoitalia.com\/es#organization","name":"Bagno Italia","url":"https:\/\/www.bagnoitalia.com\/es","logo":{"@type":"ImageObject","inLanguage":"es","@id":"https:\/\/www.bagnoitalia.com\/es#\/schema\/logo\/image\/","url":"https:\/\/img.bagnoitalia.com\/wp-content\/uploads\/logo-bagnoitalia.webp","contentUrl":"https:\/\/img.bagnoitalia.com\/wp-content\/uploads\/logo-bagnoitalia.webp","width":400,"height":70,"caption":"Bagno Italia"},"image":{"@id":"https:\/\/www.bagnoitalia.com\/es#\/schema\/logo\/image\/"}}]}},"_links":{"self":[{"href":"https:\/\/www.bagnoitalia.com\/es\/wp-json\/wp\/v2\/product\/76976","targetHints":{"allow":["GET"]}}],"collection":[{"href":"https:\/\/www.bagnoitalia.com\/es\/wp-json\/wp\/v2\/product"}],"about":[{"href":"https:\/\/www.bagnoitalia.com\/es\/wp-json\/wp\/v2\/types\/product"}],"replies":[{"embeddable":true,"href":"https:\/\/www.bagnoitalia.com\/es\/wp-json\/wp\/v2\/comments?post=76976"}],"version-history":[{"count":3,"href":"https:\/\/www.bagnoitalia.com\/es\/wp-json\/wp\/v2\/product\/76976\/revisions"}],"predecessor-version":[{"id":92176,"href":"https:\/\/www.bagnoitalia.com\/es\/wp-json\/wp\/v2\/product\/76976\/revisions\/92176"}],"wp:featuredmedia":[{"embeddable":true,"href":"https:\/\/www.bagnoitalia.com\/es\/wp-json\/wp\/v2\/media\/9454"}],"wp:attachment":[{"href":"https:\/\/www.bagnoitalia.com\/es\/wp-json\/wp\/v2\/media?parent=76976"}],"wp:term":[{"taxonomy":"product_brand","embeddable":true,"href":"https:\/\/www.bagnoitalia.com\/es\/wp-json\/wp\/v2\/product_brand?post=76976"},{"taxonomy":"product_cat","embeddable":true,"href":"https:\/\/www.bagnoitalia.com\/es\/wp-json\/wp\/v2\/product_cat?post=76976"},{"taxonomy":"product_tag","embeddable":true,"href":"https:\/\/www.bagnoitalia.com\/es\/wp-json\/wp\/v2\/product_tag?post=76976"}],"curies":[{"name":"wp","href":"https:\/\/api.w.org\/{rel}","templated":true}]}}