{"id":76968,"date":"2009-08-06T00:11:39","date_gmt":"2009-08-05T22:11:39","guid":{"rendered":"https:\/\/www.bagnoitalia.com\/product\/columna-giratoria-de-bano-blanco-b2-b2x190hx35-con-espejo"},"modified":"2024-06-17T10:28:34","modified_gmt":"2024-06-17T08:28:34","slug":"columna-giratoria-de-bano-blanco-b2-b2x190hx35-con-espejo","status":"publish","type":"product","link":"https:\/\/www.bagnoitalia.com\/es\/producto\/columna-giratoria-de-bano-blanco-b2-b2x190hx35-con-espejo.html","title":{"rendered":"Columna giratoria de ba\u00f1o blanco B2 B2x190hx35 con espejo BM035"},"content":{"rendered":"<p><span style=\"font-size: 12pt;\"><strong>COLUMNA de ba\u00f1o giratorio lacado blanco brillante 35x190x35, la parte trasera est\u00e1 equipada con un espejo, los paneles laterales est\u00e1n equipados con colgador de acero cromado y toallero (los accesorios son est\u00e1ndar).<\/strong><\/span><\/p>\n<p><span style=\"font-size: 12pt;\"><strong>La columna est\u00e1 formada por una puerta inferior, un caj\u00f3n, un compartimento abierto y una puerta superior de vidrio.<\/strong><\/span><\/p>\n<p><span style=\"font-size: 12pt;\"><strong>Produccion de ba\u00f1o italia<br \/>\n<\/strong><\/span><\/p>\n<p><span style=\"font-size: 12pt;\"><strong>\u00a0<\/strong><\/span><\/p>\n<p><span style=\"font-size: 12pt;\"><strong>Materiales usados<\/strong><\/span><\/p>\n<p><span style=\"font-size: 12pt;\">Estructura en MDF<\/span><\/p>\n<p><span style=\"font-size: 12pt;\">Puertas: en MDF (mediodensit) lacadas en PVC.<\/span><\/p>\n<p><span style=\"font-size: 12pt;\"><span style=\"color: #000000;\"><span style=\"font-size: 12pt;\">Puertas y cajones con cierre de cierre suave y una ranura para facilitar la apertura (sin manijas)<\/span><\/span><\/span><\/p>\n<p>&nbsp;<\/p>\n<p>&nbsp;<\/p>\n<p>ATENCI\u00d3N este producto no se puede enviar individualmente, sino exclusivamente junto con otro mueble.<\/p>\n","protected":false},"excerpt":{"rendered":"<p>Columna giratoria 35x190x35 blanco brillante con espejo, con gancho y toallero<\/p>\n","protected":false},"featured_media":9434,"comment_status":"open","ping_status":"closed","template":"","meta":[],"product_brand":[9899],"product_cat":[9669,9665],"product_tag":[],"class_list":{"0":"post-76968","1":"product","2":"type-product","3":"status-publish","4":"has-post-thumbnail","6":"product_brand-baden-haus-es","7":"product_cat-complementos-modernos","8":"product_cat-complementos-economicos","10":"first","11":"instock","12":"sale","13":"taxable","14":"shipping-taxable","15":"purchasable","16":"product-type-simple"},"exclude_global_add_ons":[],"addons":[],"yoast_head":"<!-- This site is optimized with the Yoast SEO plugin v26.7 - https:\/\/yoast.com\/wordpress\/plugins\/seo\/ -->\n<title>Columna giratoria de PVC B2 - Blanco bh<\/title>\n<meta name=\"description\" content=\"Columna giratoria de ba\u00f1o B2 con espejo. Disponible en blanco brillante en madera PVC lacada Mediodensit, dimensiones 33x190x35cm. \u00a1Compra ahora!\" \/>\n<meta name=\"robots\" content=\"index, follow, max-snippet:-1, max-image-preview:large, max-video-preview:-1\" \/>\n<link rel=\"canonical\" href=\"https:\/\/www.bagnoitalia.com\/es\/producto\/columna-giratoria-de-bano-blanco-b2-b2x190hx35-con-espejo.html\" \/>\n<meta property=\"og:locale\" content=\"es_ES\" \/>\n<meta property=\"og:type\" content=\"article\" \/>\n<meta property=\"og:title\" content=\"Columna giratoria de PVC B2 - Blanco bh\" \/>\n<meta property=\"og:description\" content=\"Columna giratoria de ba\u00f1o B2 con espejo. Disponible en blanco brillante en madera PVC lacada Mediodensit, dimensiones 33x190x35cm. \u00a1Compra ahora!\" \/>\n<meta property=\"og:url\" content=\"https:\/\/www.bagnoitalia.com\/es\/producto\/columna-giratoria-de-bano-blanco-b2-b2x190hx35-con-espejo.html\" \/>\n<meta property=\"og:site_name\" content=\"Bagno Italia\" \/>\n<meta property=\"article:modified_time\" content=\"2024-06-17T08:28:34+00:00\" \/>\n<meta property=\"og:image\" content=\"https:\/\/img.bagnoitalia.com\/wp-content\/uploads\/virtuemart\/product\/Bathroom-Swivel-Column-Cabinet-8648_1542711895_288.jpg\" \/>\n\t<meta property=\"og:image:width\" content=\"730\" \/>\n\t<meta property=\"og:image:height\" content=\"911\" \/>\n\t<meta property=\"og:image:type\" content=\"image\/jpeg\" \/>\n<meta name=\"twitter:card\" content=\"summary_large_image\" \/>\n<meta name=\"twitter:label1\" content=\"Tiempo de lectura\" \/>\n\t<meta name=\"twitter:data1\" content=\"1 minuto\" \/>\n<script type=\"application\/ld+json\" class=\"yoast-schema-graph\">{\"@context\":\"https:\/\/schema.org\",\"@graph\":[{\"@type\":\"WebPage\",\"@id\":\"https:\/\/www.bagnoitalia.com\/es\/producto\/columna-giratoria-de-bano-blanco-b2-b2x190hx35-con-espejo.html\",\"url\":\"https:\/\/www.bagnoitalia.com\/es\/producto\/columna-giratoria-de-bano-blanco-b2-b2x190hx35-con-espejo.html\",\"name\":\"Columna giratoria de PVC B2 - Blanco bh\",\"isPartOf\":{\"@id\":\"https:\/\/www.bagnoitalia.com\/es#website\"},\"primaryImageOfPage\":{\"@id\":\"https:\/\/www.bagnoitalia.com\/es\/producto\/columna-giratoria-de-bano-blanco-b2-b2x190hx35-con-espejo.html#primaryimage\"},\"image\":{\"@id\":\"https:\/\/www.bagnoitalia.com\/es\/producto\/columna-giratoria-de-bano-blanco-b2-b2x190hx35-con-espejo.html#primaryimage\"},\"thumbnailUrl\":\"https:\/\/img.bagnoitalia.com\/wp-content\/uploads\/virtuemart\/product\/Bathroom-Swivel-Column-Cabinet-8648_1542711895_288.jpg\",\"datePublished\":\"2009-08-05T22:11:39+00:00\",\"dateModified\":\"2024-06-17T08:28:34+00:00\",\"description\":\"Columna giratoria de ba\u00f1o B2 con espejo. Disponible en blanco brillante en madera PVC lacada Mediodensit, dimensiones 33x190x35cm. \u00a1Compra ahora!\",\"breadcrumb\":{\"@id\":\"https:\/\/www.bagnoitalia.com\/es\/producto\/columna-giratoria-de-bano-blanco-b2-b2x190hx35-con-espejo.html#breadcrumb\"},\"inLanguage\":\"es\",\"potentialAction\":[{\"@type\":\"ReadAction\",\"target\":[\"https:\/\/www.bagnoitalia.com\/es\/producto\/columna-giratoria-de-bano-blanco-b2-b2x190hx35-con-espejo.html\"]}]},{\"@type\":\"ImageObject\",\"inLanguage\":\"es\",\"@id\":\"https:\/\/www.bagnoitalia.com\/es\/producto\/columna-giratoria-de-bano-blanco-b2-b2x190hx35-con-espejo.html#primaryimage\",\"url\":\"https:\/\/img.bagnoitalia.com\/wp-content\/uploads\/virtuemart\/product\/Bathroom-Swivel-Column-Cabinet-8648_1542711895_288.jpg\",\"contentUrl\":\"https:\/\/img.bagnoitalia.com\/wp-content\/uploads\/virtuemart\/product\/Bathroom-Swivel-Column-Cabinet-8648_1542711895_288.jpg\",\"width\":730,\"height\":911},{\"@type\":\"BreadcrumbList\",\"@id\":\"https:\/\/www.bagnoitalia.com\/es\/producto\/columna-giratoria-de-bano-blanco-b2-b2x190hx35-con-espejo.html#breadcrumb\",\"itemListElement\":[{\"@type\":\"ListItem\",\"position\":1,\"name\":\"Home\",\"item\":\"https:\/\/www.bagnoitalia.com\/es\"},{\"@type\":\"ListItem\",\"position\":2,\"name\":\"Productos\",\"item\":\"https:\/\/www.bagnoitalia.com\/es\/shop\"},{\"@type\":\"ListItem\",\"position\":3,\"name\":\"Columna giratoria de ba\u00f1o blanco B2 B2x190hx35 con espejo BM035\"}]},{\"@type\":\"WebSite\",\"@id\":\"https:\/\/www.bagnoitalia.com\/es#website\",\"url\":\"https:\/\/www.bagnoitalia.com\/es\",\"name\":\"Bagno Italia\",\"description\":\"\",\"publisher\":{\"@id\":\"https:\/\/www.bagnoitalia.com\/es#organization\"},\"potentialAction\":[{\"@type\":\"SearchAction\",\"target\":{\"@type\":\"EntryPoint\",\"urlTemplate\":\"https:\/\/www.bagnoitalia.com\/es?s={search_term_string}\"},\"query-input\":{\"@type\":\"PropertyValueSpecification\",\"valueRequired\":true,\"valueName\":\"search_term_string\"}}],\"inLanguage\":\"es\"},{\"@type\":\"Organization\",\"@id\":\"https:\/\/www.bagnoitalia.com\/es#organization\",\"name\":\"Bagno Italia\",\"url\":\"https:\/\/www.bagnoitalia.com\/es\",\"logo\":{\"@type\":\"ImageObject\",\"inLanguage\":\"es\",\"@id\":\"https:\/\/www.bagnoitalia.com\/es#\/schema\/logo\/image\/\",\"url\":\"https:\/\/img.bagnoitalia.com\/wp-content\/uploads\/logo-bagnoitalia.webp\",\"contentUrl\":\"https:\/\/img.bagnoitalia.com\/wp-content\/uploads\/logo-bagnoitalia.webp\",\"width\":400,\"height\":70,\"caption\":\"Bagno Italia\"},\"image\":{\"@id\":\"https:\/\/www.bagnoitalia.com\/es#\/schema\/logo\/image\/\"}}]}<\/script>\n<!-- \/ Yoast SEO plugin. -->","yoast_head_json":{"title":"Columna giratoria de PVC B2 - Blanco bh","description":"Columna giratoria de ba\u00f1o B2 con espejo. Disponible en blanco brillante en madera PVC lacada Mediodensit, dimensiones 33x190x35cm. \u00a1Compra ahora!","robots":{"index":"index","follow":"follow","max-snippet":"max-snippet:-1","max-image-preview":"max-image-preview:large","max-video-preview":"max-video-preview:-1"},"canonical":"https:\/\/www.bagnoitalia.com\/es\/producto\/columna-giratoria-de-bano-blanco-b2-b2x190hx35-con-espejo.html","og_locale":"es_ES","og_type":"article","og_title":"Columna giratoria de PVC B2 - Blanco bh","og_description":"Columna giratoria de ba\u00f1o B2 con espejo. Disponible en blanco brillante en madera PVC lacada Mediodensit, dimensiones 33x190x35cm. \u00a1Compra ahora!","og_url":"https:\/\/www.bagnoitalia.com\/es\/producto\/columna-giratoria-de-bano-blanco-b2-b2x190hx35-con-espejo.html","og_site_name":"Bagno Italia","article_modified_time":"2024-06-17T08:28:34+00:00","og_image":[{"width":730,"height":911,"url":"https:\/\/img.bagnoitalia.com\/wp-content\/uploads\/virtuemart\/product\/Bathroom-Swivel-Column-Cabinet-8648_1542711895_288.jpg","type":"image\/jpeg"}],"twitter_card":"summary_large_image","twitter_misc":{"Tiempo de lectura":"1 minuto"},"schema":{"@context":"https:\/\/schema.org","@graph":[{"@type":"WebPage","@id":"https:\/\/www.bagnoitalia.com\/es\/producto\/columna-giratoria-de-bano-blanco-b2-b2x190hx35-con-espejo.html","url":"https:\/\/www.bagnoitalia.com\/es\/producto\/columna-giratoria-de-bano-blanco-b2-b2x190hx35-con-espejo.html","name":"Columna giratoria de PVC B2 - Blanco bh","isPartOf":{"@id":"https:\/\/www.bagnoitalia.com\/es#website"},"primaryImageOfPage":{"@id":"https:\/\/www.bagnoitalia.com\/es\/producto\/columna-giratoria-de-bano-blanco-b2-b2x190hx35-con-espejo.html#primaryimage"},"image":{"@id":"https:\/\/www.bagnoitalia.com\/es\/producto\/columna-giratoria-de-bano-blanco-b2-b2x190hx35-con-espejo.html#primaryimage"},"thumbnailUrl":"https:\/\/img.bagnoitalia.com\/wp-content\/uploads\/virtuemart\/product\/Bathroom-Swivel-Column-Cabinet-8648_1542711895_288.jpg","datePublished":"2009-08-05T22:11:39+00:00","dateModified":"2024-06-17T08:28:34+00:00","description":"Columna giratoria de ba\u00f1o B2 con espejo. Disponible en blanco brillante en madera PVC lacada Mediodensit, dimensiones 33x190x35cm. \u00a1Compra ahora!","breadcrumb":{"@id":"https:\/\/www.bagnoitalia.com\/es\/producto\/columna-giratoria-de-bano-blanco-b2-b2x190hx35-con-espejo.html#breadcrumb"},"inLanguage":"es","potentialAction":[{"@type":"ReadAction","target":["https:\/\/www.bagnoitalia.com\/es\/producto\/columna-giratoria-de-bano-blanco-b2-b2x190hx35-con-espejo.html"]}]},{"@type":"ImageObject","inLanguage":"es","@id":"https:\/\/www.bagnoitalia.com\/es\/producto\/columna-giratoria-de-bano-blanco-b2-b2x190hx35-con-espejo.html#primaryimage","url":"https:\/\/img.bagnoitalia.com\/wp-content\/uploads\/virtuemart\/product\/Bathroom-Swivel-Column-Cabinet-8648_1542711895_288.jpg","contentUrl":"https:\/\/img.bagnoitalia.com\/wp-content\/uploads\/virtuemart\/product\/Bathroom-Swivel-Column-Cabinet-8648_1542711895_288.jpg","width":730,"height":911},{"@type":"BreadcrumbList","@id":"https:\/\/www.bagnoitalia.com\/es\/producto\/columna-giratoria-de-bano-blanco-b2-b2x190hx35-con-espejo.html#breadcrumb","itemListElement":[{"@type":"ListItem","position":1,"name":"Home","item":"https:\/\/www.bagnoitalia.com\/es"},{"@type":"ListItem","position":2,"name":"Productos","item":"https:\/\/www.bagnoitalia.com\/es\/shop"},{"@type":"ListItem","position":3,"name":"Columna giratoria de ba\u00f1o blanco B2 B2x190hx35 con espejo BM035"}]},{"@type":"WebSite","@id":"https:\/\/www.bagnoitalia.com\/es#website","url":"https:\/\/www.bagnoitalia.com\/es","name":"Bagno Italia","description":"","publisher":{"@id":"https:\/\/www.bagnoitalia.com\/es#organization"},"potentialAction":[{"@type":"SearchAction","target":{"@type":"EntryPoint","urlTemplate":"https:\/\/www.bagnoitalia.com\/es?s={search_term_string}"},"query-input":{"@type":"PropertyValueSpecification","valueRequired":true,"valueName":"search_term_string"}}],"inLanguage":"es"},{"@type":"Organization","@id":"https:\/\/www.bagnoitalia.com\/es#organization","name":"Bagno Italia","url":"https:\/\/www.bagnoitalia.com\/es","logo":{"@type":"ImageObject","inLanguage":"es","@id":"https:\/\/www.bagnoitalia.com\/es#\/schema\/logo\/image\/","url":"https:\/\/img.bagnoitalia.com\/wp-content\/uploads\/logo-bagnoitalia.webp","contentUrl":"https:\/\/img.bagnoitalia.com\/wp-content\/uploads\/logo-bagnoitalia.webp","width":400,"height":70,"caption":"Bagno Italia"},"image":{"@id":"https:\/\/www.bagnoitalia.com\/es#\/schema\/logo\/image\/"}}]}},"_links":{"self":[{"href":"https:\/\/www.bagnoitalia.com\/es\/wp-json\/wp\/v2\/product\/76968","targetHints":{"allow":["GET"]}}],"collection":[{"href":"https:\/\/www.bagnoitalia.com\/es\/wp-json\/wp\/v2\/product"}],"about":[{"href":"https:\/\/www.bagnoitalia.com\/es\/wp-json\/wp\/v2\/types\/product"}],"replies":[{"embeddable":true,"href":"https:\/\/www.bagnoitalia.com\/es\/wp-json\/wp\/v2\/comments?post=76968"}],"version-history":[{"count":2,"href":"https:\/\/www.bagnoitalia.com\/es\/wp-json\/wp\/v2\/product\/76968\/revisions"}],"predecessor-version":[{"id":92185,"href":"https:\/\/www.bagnoitalia.com\/es\/wp-json\/wp\/v2\/product\/76968\/revisions\/92185"}],"wp:featuredmedia":[{"embeddable":true,"href":"https:\/\/www.bagnoitalia.com\/es\/wp-json\/wp\/v2\/media\/9434"}],"wp:attachment":[{"href":"https:\/\/www.bagnoitalia.com\/es\/wp-json\/wp\/v2\/media?parent=76968"}],"wp:term":[{"taxonomy":"product_brand","embeddable":true,"href":"https:\/\/www.bagnoitalia.com\/es\/wp-json\/wp\/v2\/product_brand?post=76968"},{"taxonomy":"product_cat","embeddable":true,"href":"https:\/\/www.bagnoitalia.com\/es\/wp-json\/wp\/v2\/product_cat?post=76968"},{"taxonomy":"product_tag","embeddable":true,"href":"https:\/\/www.bagnoitalia.com\/es\/wp-json\/wp\/v2\/product_tag?post=76968"}],"curies":[{"name":"wp","href":"https:\/\/api.w.org\/{rel}","templated":true}]}}