{"id":76888,"date":"2014-08-01T14:51:33","date_gmt":"2014-08-01T12:51:33","guid":{"rendered":"https:\/\/www.bagnoitalia.com\/product\/mueble-de-bano-portofino-lavabo-completo-cm85-arte-povera"},"modified":"2025-07-08T00:42:31","modified_gmt":"2025-07-07T22:42:31","slug":"mueble-de-bano-portofino-lavabo-completo-cm85-arte-povera","status":"publish","type":"product","link":"https:\/\/www.bagnoitalia.com\/es\/producto\/mueble-de-bano-portofino-lavabo-completo-cm85-arte-povera.html","title":{"rendered":"Mueble de Ba\u00f1o Portofino cm85 arte povera Lavabo integral"},"content":{"rendered":"<p><strong><span style=\"color: #000000;\"><span style=\"font-size: 10pt;\"><img fetchpriority=\"high\" decoding=\"async\" class=\" size-full wp-image-8414\" src=\"https:\/\/img.bagnoitalia.com\/wp-content\/uploads\/1a.png\" alt=\"alto\" width=\"676\" height=\"165\" srcset=\"https:\/\/img.bagnoitalia.com\/wp-content\/uploads\/1a.png 676w, https:\/\/img.bagnoitalia.com\/wp-content\/uploads\/1a-441x108.png 441w, https:\/\/img.bagnoitalia.com\/wp-content\/uploads\/1a-600x146.png 600w, https:\/\/img.bagnoitalia.com\/wp-content\/uploads\/1a-150x37.png 150w\" sizes=\"(max-width: 676px) 100vw, 676px\" \/><\/span><\/span><\/strong><\/p>\n<\/p>\n<p><strong><span style=\"color: #000000;\"><span style=\"font-size: 10pt;\">El precio anterior incluye:<\/span><\/span><\/strong><\/p>\n<p><span style=\"color: #000000;\"><span style=\"font-size: 10pt;\">N \u00b0 1 Base con 3 puertas Portofino cm80x84x32 prof. M\u00ednimo (max 50 cm en el centro del fregadero) <br \/><\/span><\/span><\/p>\n<p><span style=\"color: #000000;\"><span style=\"font-size: 10pt;\">Lavabo de cer\u00e1mica N \u00b0 1 cm85<\/span><\/span><\/p>\n<p><span style=\"color: #000000;\"><span style=\"font-size: 10pt;\">Espejo N \u00b0 1 cm 80&#215;112<\/span><\/span><\/p>\n<p><span style=\"color: #000000;\"><span style=\"font-size: 10pt;\">Apliques N \u00b0 1<\/span><\/span><\/p>\n<p style=\"margin-top: 0px; margin-bottom: 5px; text-align: justify;\"><span style=\"font-size: 10pt;\"><\/span><\/p>\n<p style=\"margin-top: 0px; margin-bottom: 5px; text-align: justify;\"><span style=\"font-size: 10pt;\"><\/span><\/p>\n<p style=\"margin-top: 0px; margin-bottom: 5px; text-align: justify;\"><span style=\"font-size: 10pt;\"><span style=\"color: #000000;\"><strong>Materiales usados<\/strong><\/span><\/span><\/p>\n<p style=\"margin-top: 0px; margin-bottom: 5px; text-align: justify;\"><span style=\"font-size: 10pt;\"><span style=\"color: #000000;\">Base lavabo: \u00c1lamo macizo. <br \/><\/span><\/span><\/p>\n<p style=\"margin-top: 0px; margin-bottom: 5px; text-align: justify;\"><span style=\"font-size: 10pt;\"><span style=\"color: #000000;\">Puertas: Marco en Aius macizo, panel central en contrachapado.<\/span><\/span><\/p>\n<p style=\"margin-top: 0px; margin-bottom: 5px; text-align: justify;\"><span style=\"font-size: 10pt;\"><span style=\"color: #000000;\">Cajones: estructura en contrachapado de abedul. <br \/><\/span><\/span><\/p>\n<p style=\"margin-top: 0px; margin-bottom: 5px; text-align: justify;\"><span style=\"font-size: 10pt;\"><span style=\"color: #000000;\"><span style=\"font-size: 13.3333330154419px; text-align: justify;\">Lavabo: cer\u00e1mico<\/span><\/span><\/span><\/p>\n<p style=\"margin-top: 0px; margin-bottom: 5px; text-align: justify;\"><span style=\"font-size: 10pt;\"><span style=\"color: #000000;\"><span style=\"font-size: 13.3333330154419px; text-align: justify;\"><\/span><\/span><\/span><\/p>\n<p style=\"margin-top: 0px; margin-bottom: 5px; text-align: justify;\">\n<p style=\"margin-top: 0px; margin-bottom: 5px; text-align: justify;\"><span style=\"font-size: 10pt;\"><span style=\"color: #000000;\"><\/span><\/span><\/p>\n<p style=\"margin-top: 0px; margin-bottom: 5px; text-align: justify;\"><span style=\"font-size: 10pt;\"><span style=\"color: #000000;\"><\/span><\/span><\/p>\n<p style=\"margin-top: 0px; margin-bottom: 5px; text-align: justify;\"><span style=\"font-size: 10pt;\"><span style=\"color: #000000;\"><\/span><\/span><\/p>\n<p style=\"margin-top: 0px; margin-bottom: 5px; text-align: justify;\"><span style=\"font-size: 10pt;\"><span style=\"color: #000000;\"><\/span><\/span><\/p><\/p>\n","protected":false},"excerpt":{"rendered":"<p>Los muebles de ba\u00f1o Portofino arte povera est\u00e1n disponibles en varios tama\u00f1os, 65.75,85,105 109 semi-empotrados y 102 debajo del mostrador. El Lavabo es de cer\u00e1mica.<\/p>\n","protected":false},"featured_media":9058,"comment_status":"open","ping_status":"closed","template":"","meta":[],"product_brand":[9884],"product_cat":[15,10117],"product_tag":[],"class_list":{"0":"post-76888","1":"product","2":"type-product","3":"status-publish","4":"has-post-thumbnail","6":"product_brand-deghi-es","7":"product_cat-senza-categoria","8":"product_cat-senza-categoria-es","10":"first","11":"outofstock","12":"taxable","13":"shipping-taxable","14":"purchasable","15":"product-type-simple"},"exclude_global_add_ons":false,"addons":[{"name":"CAMPI_SPECCHIO\r\n","type":"select","position":0,"required":true,"title_format":"label","default":"","description_enable":false,"description":"","placeholder_enable":false,"placeholder":"","display":"select","restrictions_type":"any_text","adjust_price":false,"price":"","price_type":"","restrictions":false,"min":"0","max":"0","options":[]},{"name":"CAMPI_TIPOLOGIA\r\n","type":"select","position":0,"required":true,"title_format":"label","default":"","description_enable":false,"description":"","placeholder_enable":false,"placeholder":"","display":"select","restrictions_type":"any_text","adjust_price":false,"price":"","price_type":"","restrictions":false,"min":"0","max":"0","options":[]}],"yoast_head":"<!-- This site is optimized with the Yoast SEO plugin v26.7 - https:\/\/yoast.com\/wordpress\/plugins\/seo\/ -->\n<title>Ba\u00f1o m\u00f3vil Portofino 85 arte povera de<\/title>\n<meta name=\"description\" content=\"Portofino 85 Muebles de ba\u00f1o en Arte Povera en madera de nogal y pioppo macizo. Completo con lavabo cer\u00e1mico, espejo y aplique. \u00a1Compra ahora!\" \/>\n<meta name=\"robots\" content=\"index, follow, max-snippet:-1, max-image-preview:large, max-video-preview:-1\" \/>\n<link rel=\"canonical\" href=\"https:\/\/www.bagnoitalia.com\/es\/producto\/mueble-de-bano-portofino-lavabo-completo-cm85-arte-povera.html\" \/>\n<meta property=\"og:locale\" content=\"es_ES\" \/>\n<meta property=\"og:type\" content=\"article\" \/>\n<meta property=\"og:title\" content=\"Ba\u00f1o m\u00f3vil Portofino 85 arte povera de\" \/>\n<meta property=\"og:description\" content=\"Portofino 85 Muebles de ba\u00f1o en Arte Povera en madera de nogal y pioppo macizo. Completo con lavabo cer\u00e1mico, espejo y aplique. \u00a1Compra ahora!\" \/>\n<meta property=\"og:url\" content=\"https:\/\/www.bagnoitalia.com\/es\/producto\/mueble-de-bano-portofino-lavabo-completo-cm85-arte-povera.html\" \/>\n<meta property=\"og:site_name\" content=\"Bagno Italia\" \/>\n<meta property=\"article:modified_time\" content=\"2025-07-07T22:42:31+00:00\" \/>\n<meta property=\"og:image\" content=\"https:\/\/img.bagnoitalia.com\/wp-content\/uploads\/virtuemart\/product\/mobile-arte-povera-85-cm-3-ante_1637851641_471.jpg\" \/>\n\t<meta property=\"og:image:width\" content=\"550\" \/>\n\t<meta property=\"og:image:height\" content=\"550\" \/>\n\t<meta property=\"og:image:type\" content=\"image\/jpeg\" \/>\n<meta name=\"twitter:card\" content=\"summary_large_image\" \/>\n<script type=\"application\/ld+json\" class=\"yoast-schema-graph\">{\"@context\":\"https:\/\/schema.org\",\"@graph\":[{\"@type\":\"WebPage\",\"@id\":\"https:\/\/www.bagnoitalia.com\/es\/producto\/mueble-de-bano-portofino-lavabo-completo-cm85-arte-povera.html\",\"url\":\"https:\/\/www.bagnoitalia.com\/es\/producto\/mueble-de-bano-portofino-lavabo-completo-cm85-arte-povera.html\",\"name\":\"Ba\u00f1o m\u00f3vil Portofino 85 arte povera de\",\"isPartOf\":{\"@id\":\"https:\/\/www.bagnoitalia.com\/es#website\"},\"primaryImageOfPage\":{\"@id\":\"https:\/\/www.bagnoitalia.com\/es\/producto\/mueble-de-bano-portofino-lavabo-completo-cm85-arte-povera.html#primaryimage\"},\"image\":{\"@id\":\"https:\/\/www.bagnoitalia.com\/es\/producto\/mueble-de-bano-portofino-lavabo-completo-cm85-arte-povera.html#primaryimage\"},\"thumbnailUrl\":\"https:\/\/img.bagnoitalia.com\/wp-content\/uploads\/virtuemart\/product\/mobile-arte-povera-85-cm-3-ante_1637851641_471.jpg\",\"datePublished\":\"2014-08-01T12:51:33+00:00\",\"dateModified\":\"2025-07-07T22:42:31+00:00\",\"description\":\"Portofino 85 Muebles de ba\u00f1o en Arte Povera en madera de nogal y pioppo macizo. Completo con lavabo cer\u00e1mico, espejo y aplique. \u00a1Compra ahora!\",\"breadcrumb\":{\"@id\":\"https:\/\/www.bagnoitalia.com\/es\/producto\/mueble-de-bano-portofino-lavabo-completo-cm85-arte-povera.html#breadcrumb\"},\"inLanguage\":\"es\",\"potentialAction\":[{\"@type\":\"ReadAction\",\"target\":[\"https:\/\/www.bagnoitalia.com\/es\/producto\/mueble-de-bano-portofino-lavabo-completo-cm85-arte-povera.html\"]}]},{\"@type\":\"ImageObject\",\"inLanguage\":\"es\",\"@id\":\"https:\/\/www.bagnoitalia.com\/es\/producto\/mueble-de-bano-portofino-lavabo-completo-cm85-arte-povera.html#primaryimage\",\"url\":\"https:\/\/img.bagnoitalia.com\/wp-content\/uploads\/virtuemart\/product\/mobile-arte-povera-85-cm-3-ante_1637851641_471.jpg\",\"contentUrl\":\"https:\/\/img.bagnoitalia.com\/wp-content\/uploads\/virtuemart\/product\/mobile-arte-povera-85-cm-3-ante_1637851641_471.jpg\",\"width\":550,\"height\":550},{\"@type\":\"BreadcrumbList\",\"@id\":\"https:\/\/www.bagnoitalia.com\/es\/producto\/mueble-de-bano-portofino-lavabo-completo-cm85-arte-povera.html#breadcrumb\",\"itemListElement\":[{\"@type\":\"ListItem\",\"position\":1,\"name\":\"Home\",\"item\":\"https:\/\/www.bagnoitalia.com\/es\"},{\"@type\":\"ListItem\",\"position\":2,\"name\":\"Productos\",\"item\":\"https:\/\/www.bagnoitalia.com\/es\/shop\"},{\"@type\":\"ListItem\",\"position\":3,\"name\":\"Mueble de Ba\u00f1o Portofino cm85 arte povera Lavabo integral\"}]},{\"@type\":\"WebSite\",\"@id\":\"https:\/\/www.bagnoitalia.com\/es#website\",\"url\":\"https:\/\/www.bagnoitalia.com\/es\",\"name\":\"Bagno Italia\",\"description\":\"\",\"publisher\":{\"@id\":\"https:\/\/www.bagnoitalia.com\/es#organization\"},\"potentialAction\":[{\"@type\":\"SearchAction\",\"target\":{\"@type\":\"EntryPoint\",\"urlTemplate\":\"https:\/\/www.bagnoitalia.com\/es?s={search_term_string}\"},\"query-input\":{\"@type\":\"PropertyValueSpecification\",\"valueRequired\":true,\"valueName\":\"search_term_string\"}}],\"inLanguage\":\"es\"},{\"@type\":\"Organization\",\"@id\":\"https:\/\/www.bagnoitalia.com\/es#organization\",\"name\":\"Bagno Italia\",\"url\":\"https:\/\/www.bagnoitalia.com\/es\",\"logo\":{\"@type\":\"ImageObject\",\"inLanguage\":\"es\",\"@id\":\"https:\/\/www.bagnoitalia.com\/es#\/schema\/logo\/image\/\",\"url\":\"https:\/\/img.bagnoitalia.com\/wp-content\/uploads\/logo-bagnoitalia.webp\",\"contentUrl\":\"https:\/\/img.bagnoitalia.com\/wp-content\/uploads\/logo-bagnoitalia.webp\",\"width\":400,\"height\":70,\"caption\":\"Bagno Italia\"},\"image\":{\"@id\":\"https:\/\/www.bagnoitalia.com\/es#\/schema\/logo\/image\/\"}}]}<\/script>\n<!-- \/ Yoast SEO plugin. -->","yoast_head_json":{"title":"Ba\u00f1o m\u00f3vil Portofino 85 arte povera de","description":"Portofino 85 Muebles de ba\u00f1o en Arte Povera en madera de nogal y pioppo macizo. Completo con lavabo cer\u00e1mico, espejo y aplique. \u00a1Compra ahora!","robots":{"index":"index","follow":"follow","max-snippet":"max-snippet:-1","max-image-preview":"max-image-preview:large","max-video-preview":"max-video-preview:-1"},"canonical":"https:\/\/www.bagnoitalia.com\/es\/producto\/mueble-de-bano-portofino-lavabo-completo-cm85-arte-povera.html","og_locale":"es_ES","og_type":"article","og_title":"Ba\u00f1o m\u00f3vil Portofino 85 arte povera de","og_description":"Portofino 85 Muebles de ba\u00f1o en Arte Povera en madera de nogal y pioppo macizo. Completo con lavabo cer\u00e1mico, espejo y aplique. \u00a1Compra ahora!","og_url":"https:\/\/www.bagnoitalia.com\/es\/producto\/mueble-de-bano-portofino-lavabo-completo-cm85-arte-povera.html","og_site_name":"Bagno Italia","article_modified_time":"2025-07-07T22:42:31+00:00","og_image":[{"width":550,"height":550,"url":"https:\/\/img.bagnoitalia.com\/wp-content\/uploads\/virtuemart\/product\/mobile-arte-povera-85-cm-3-ante_1637851641_471.jpg","type":"image\/jpeg"}],"twitter_card":"summary_large_image","schema":{"@context":"https:\/\/schema.org","@graph":[{"@type":"WebPage","@id":"https:\/\/www.bagnoitalia.com\/es\/producto\/mueble-de-bano-portofino-lavabo-completo-cm85-arte-povera.html","url":"https:\/\/www.bagnoitalia.com\/es\/producto\/mueble-de-bano-portofino-lavabo-completo-cm85-arte-povera.html","name":"Ba\u00f1o m\u00f3vil Portofino 85 arte povera de","isPartOf":{"@id":"https:\/\/www.bagnoitalia.com\/es#website"},"primaryImageOfPage":{"@id":"https:\/\/www.bagnoitalia.com\/es\/producto\/mueble-de-bano-portofino-lavabo-completo-cm85-arte-povera.html#primaryimage"},"image":{"@id":"https:\/\/www.bagnoitalia.com\/es\/producto\/mueble-de-bano-portofino-lavabo-completo-cm85-arte-povera.html#primaryimage"},"thumbnailUrl":"https:\/\/img.bagnoitalia.com\/wp-content\/uploads\/virtuemart\/product\/mobile-arte-povera-85-cm-3-ante_1637851641_471.jpg","datePublished":"2014-08-01T12:51:33+00:00","dateModified":"2025-07-07T22:42:31+00:00","description":"Portofino 85 Muebles de ba\u00f1o en Arte Povera en madera de nogal y pioppo macizo. Completo con lavabo cer\u00e1mico, espejo y aplique. \u00a1Compra ahora!","breadcrumb":{"@id":"https:\/\/www.bagnoitalia.com\/es\/producto\/mueble-de-bano-portofino-lavabo-completo-cm85-arte-povera.html#breadcrumb"},"inLanguage":"es","potentialAction":[{"@type":"ReadAction","target":["https:\/\/www.bagnoitalia.com\/es\/producto\/mueble-de-bano-portofino-lavabo-completo-cm85-arte-povera.html"]}]},{"@type":"ImageObject","inLanguage":"es","@id":"https:\/\/www.bagnoitalia.com\/es\/producto\/mueble-de-bano-portofino-lavabo-completo-cm85-arte-povera.html#primaryimage","url":"https:\/\/img.bagnoitalia.com\/wp-content\/uploads\/virtuemart\/product\/mobile-arte-povera-85-cm-3-ante_1637851641_471.jpg","contentUrl":"https:\/\/img.bagnoitalia.com\/wp-content\/uploads\/virtuemart\/product\/mobile-arte-povera-85-cm-3-ante_1637851641_471.jpg","width":550,"height":550},{"@type":"BreadcrumbList","@id":"https:\/\/www.bagnoitalia.com\/es\/producto\/mueble-de-bano-portofino-lavabo-completo-cm85-arte-povera.html#breadcrumb","itemListElement":[{"@type":"ListItem","position":1,"name":"Home","item":"https:\/\/www.bagnoitalia.com\/es"},{"@type":"ListItem","position":2,"name":"Productos","item":"https:\/\/www.bagnoitalia.com\/es\/shop"},{"@type":"ListItem","position":3,"name":"Mueble de Ba\u00f1o Portofino cm85 arte povera Lavabo integral"}]},{"@type":"WebSite","@id":"https:\/\/www.bagnoitalia.com\/es#website","url":"https:\/\/www.bagnoitalia.com\/es","name":"Bagno Italia","description":"","publisher":{"@id":"https:\/\/www.bagnoitalia.com\/es#organization"},"potentialAction":[{"@type":"SearchAction","target":{"@type":"EntryPoint","urlTemplate":"https:\/\/www.bagnoitalia.com\/es?s={search_term_string}"},"query-input":{"@type":"PropertyValueSpecification","valueRequired":true,"valueName":"search_term_string"}}],"inLanguage":"es"},{"@type":"Organization","@id":"https:\/\/www.bagnoitalia.com\/es#organization","name":"Bagno Italia","url":"https:\/\/www.bagnoitalia.com\/es","logo":{"@type":"ImageObject","inLanguage":"es","@id":"https:\/\/www.bagnoitalia.com\/es#\/schema\/logo\/image\/","url":"https:\/\/img.bagnoitalia.com\/wp-content\/uploads\/logo-bagnoitalia.webp","contentUrl":"https:\/\/img.bagnoitalia.com\/wp-content\/uploads\/logo-bagnoitalia.webp","width":400,"height":70,"caption":"Bagno Italia"},"image":{"@id":"https:\/\/www.bagnoitalia.com\/es#\/schema\/logo\/image\/"}}]}},"_links":{"self":[{"href":"https:\/\/www.bagnoitalia.com\/es\/wp-json\/wp\/v2\/product\/76888","targetHints":{"allow":["GET"]}}],"collection":[{"href":"https:\/\/www.bagnoitalia.com\/es\/wp-json\/wp\/v2\/product"}],"about":[{"href":"https:\/\/www.bagnoitalia.com\/es\/wp-json\/wp\/v2\/types\/product"}],"replies":[{"embeddable":true,"href":"https:\/\/www.bagnoitalia.com\/es\/wp-json\/wp\/v2\/comments?post=76888"}],"version-history":[{"count":0,"href":"https:\/\/www.bagnoitalia.com\/es\/wp-json\/wp\/v2\/product\/76888\/revisions"}],"wp:featuredmedia":[{"embeddable":true,"href":"https:\/\/www.bagnoitalia.com\/es\/wp-json\/wp\/v2\/media\/9058"}],"wp:attachment":[{"href":"https:\/\/www.bagnoitalia.com\/es\/wp-json\/wp\/v2\/media?parent=76888"}],"wp:term":[{"taxonomy":"product_brand","embeddable":true,"href":"https:\/\/www.bagnoitalia.com\/es\/wp-json\/wp\/v2\/product_brand?post=76888"},{"taxonomy":"product_cat","embeddable":true,"href":"https:\/\/www.bagnoitalia.com\/es\/wp-json\/wp\/v2\/product_cat?post=76888"},{"taxonomy":"product_tag","embeddable":true,"href":"https:\/\/www.bagnoitalia.com\/es\/wp-json\/wp\/v2\/product_tag?post=76888"}],"curies":[{"name":"wp","href":"https:\/\/api.w.org\/{rel}","templated":true}]}}