{"id":76872,"date":"2009-07-27T23:37:49","date_gmt":"2009-07-27T21:37:49","guid":{"rendered":"https:\/\/www.bagnoitalia.com\/product\/mueble-de-bano-leo-85-cm-blanco-u-oscuro-wengue"},"modified":"2025-02-26T20:39:25","modified_gmt":"2025-02-26T19:39:25","slug":"mueble-de-bano-leo-85-cm-blanco-u-oscuro-wengue","status":"publish","type":"product","link":"https:\/\/www.bagnoitalia.com\/es\/producto\/mueble-de-bano-leo-85-cm-blanco-u-oscuro-wengue.html","title":{"rendered":"Mueble de ba\u00f1o Leo 85 cm blanco u oscuro wengu\u00e9."},"content":{"rendered":"<p> <strong><img fetchpriority=\"high\" decoding=\"async\" class=\" size-full wp-image-8414\" src=\"https:\/\/img.bagnoitalia.com\/wp-content\/uploads\/1a.png\" alt=\"alto\" width=\"676\" height=\"165\" srcset=\"https:\/\/img.bagnoitalia.com\/wp-content\/uploads\/1a.png 676w, https:\/\/img.bagnoitalia.com\/wp-content\/uploads\/1a-441x108.png 441w, https:\/\/img.bagnoitalia.com\/wp-content\/uploads\/1a-600x146.png 600w, https:\/\/img.bagnoitalia.com\/wp-content\/uploads\/1a-150x37.png 150w\" sizes=\"(max-width: 676px) 100vw, 676px\" \/><\/strong> <\/p>\n<p><strong>&nbsp;<\/strong><\/p>\n<p> <strong>El precio anterior incluye:<\/strong> <\/p>\n<p> N \u00b0 1 Leo base cm 80 x 34 prof. x190 h <\/p>\n<\/p>\n<p> Fregadero de cer\u00e1mica N \u00b0 1 cm 85 <\/p>\n<p> Espejo N \u00b0 1 55&#215;90 cm + Aplique <\/p>\n<p> <strong>Los pies que se entregan solo los de la foto secundaria!<\/strong> <\/p>\n<p> <strong>NB es posible cambiar el tipo de espejo en el men\u00fa de abajo<\/strong> <\/p>\n<p> <strong>Materiales usados<\/strong> <\/p>\n<p> Lavabo para lavabo: MDF <\/p>\n<p> Puertas: en MDF (mediodensit) <\/p>\n<p> Gu\u00edas: Blum con extracci\u00f3n total, con amortiguador. <\/p>\n<p> Lavabo: cer\u00e1mico <\/p>\n<p> Colores: juguet\u00f3n blanco, oscuro wengu\u00e9. <\/p>\n<p> Manijas: cromo brillante <\/p>\n","protected":false},"excerpt":{"rendered":"<p>El mueble de ba\u00f1o Leo mide 85 cm y est\u00e1 disponible en blanco brillante y negro oscuro. El fregadero es de cer\u00e1mica.<\/p>\n","protected":false},"featured_media":8934,"comment_status":"open","ping_status":"closed","template":"","meta":[],"product_brand":[],"product_cat":[15,10117],"product_tag":[],"class_list":{"0":"post-76872","1":"product","2":"type-product","3":"status-publish","4":"has-post-thumbnail","6":"product_cat-senza-categoria","7":"product_cat-senza-categoria-es","9":"first","10":"outofstock","11":"taxable","12":"shipping-taxable","13":"purchasable","14":"product-type-simple"},"exclude_global_add_ons":false,"addons":[{"name":"CAMPI_BASE_CM_80\r\n","type":"select","position":0,"required":true,"title_format":"label","default":"","description_enable":false,"description":"","placeholder_enable":false,"placeholder":"","display":"select","restrictions_type":"any_text","adjust_price":false,"price":"","price_type":"","restrictions":false,"min":"0","max":"0","options":[]},{"name":"CAMPI_LAVABO\r\n","type":"select","position":0,"required":true,"title_format":"label","default":"","description_enable":false,"description":"","placeholder_enable":false,"placeholder":"","display":"select","restrictions_type":"any_text","adjust_price":false,"price":"","price_type":"","restrictions":false,"min":"0","max":"0","options":[]},{"name":"CAMPI_SPECCHIERA\r\n","type":"select","position":0,"required":true,"title_format":"label","default":"","description_enable":false,"description":"","placeholder_enable":false,"placeholder":"","display":"select","restrictions_type":"any_text","adjust_price":false,"price":"","price_type":"","restrictions":false,"min":"0","max":"0","options":[]}],"yoast_head":"<!-- This site is optimized with the Yoast SEO plugin v26.7 - https:\/\/yoast.com\/wordpress\/plugins\/seo\/ -->\n<title>Leo White o Wenge &#039;Scuro Bathroom Cabinet, lavabo de cer\u00e1mica bh<\/title>\n<meta name=\"description\" content=\"Gabinete de ba\u00f1o Leo - Completo con base Leo, lavabo de cer\u00e1mica, espejo + l\u00e1mpara de pared. Disponible en blanco o en wengu\u00e9 oscuro. Precio super conveniente!\" \/>\n<meta name=\"robots\" content=\"index, follow, max-snippet:-1, max-image-preview:large, max-video-preview:-1\" \/>\n<link rel=\"canonical\" href=\"https:\/\/www.bagnoitalia.com\/es\/producto\/mueble-de-bano-leo-85-cm-blanco-u-oscuro-wengue.html\" \/>\n<meta property=\"og:locale\" content=\"es_ES\" \/>\n<meta property=\"og:type\" content=\"article\" \/>\n<meta property=\"og:title\" content=\"Leo White o Wenge &#039;Scuro Bathroom Cabinet, lavabo de cer\u00e1mica bh\" \/>\n<meta property=\"og:description\" content=\"Gabinete de ba\u00f1o Leo - Completo con base Leo, lavabo de cer\u00e1mica, espejo + l\u00e1mpara de pared. Disponible en blanco o en wengu\u00e9 oscuro. Precio super conveniente!\" \/>\n<meta property=\"og:url\" content=\"https:\/\/www.bagnoitalia.com\/es\/producto\/mueble-de-bano-leo-85-cm-blanco-u-oscuro-wengue.html\" \/>\n<meta property=\"og:site_name\" content=\"Bagno Italia\" \/>\n<meta property=\"article:modified_time\" content=\"2025-02-26T19:39:25+00:00\" \/>\n<meta property=\"og:image\" content=\"https:\/\/img.bagnoitalia.com\/wp-content\/uploads\/virtuemart\/product\/3.jpg4aba5d243306d.jpg\" \/>\n\t<meta property=\"og:image:width\" content=\"461\" \/>\n\t<meta property=\"og:image:height\" content=\"500\" \/>\n\t<meta property=\"og:image:type\" content=\"image\/jpeg\" \/>\n<meta name=\"twitter:card\" content=\"summary_large_image\" \/>\n<script type=\"application\/ld+json\" class=\"yoast-schema-graph\">{\"@context\":\"https:\/\/schema.org\",\"@graph\":[{\"@type\":\"WebPage\",\"@id\":\"https:\/\/www.bagnoitalia.com\/es\/producto\/mueble-de-bano-leo-85-cm-blanco-u-oscuro-wengue.html\",\"url\":\"https:\/\/www.bagnoitalia.com\/es\/producto\/mueble-de-bano-leo-85-cm-blanco-u-oscuro-wengue.html\",\"name\":\"Leo White o Wenge &#39;Scuro Bathroom Cabinet, lavabo de cer\u00e1mica bh\",\"isPartOf\":{\"@id\":\"https:\/\/www.bagnoitalia.com\/es#website\"},\"primaryImageOfPage\":{\"@id\":\"https:\/\/www.bagnoitalia.com\/es\/producto\/mueble-de-bano-leo-85-cm-blanco-u-oscuro-wengue.html#primaryimage\"},\"image\":{\"@id\":\"https:\/\/www.bagnoitalia.com\/es\/producto\/mueble-de-bano-leo-85-cm-blanco-u-oscuro-wengue.html#primaryimage\"},\"thumbnailUrl\":\"https:\/\/img.bagnoitalia.com\/wp-content\/uploads\/virtuemart\/product\/3.jpg4aba5d243306d.jpg\",\"datePublished\":\"2009-07-27T21:37:49+00:00\",\"dateModified\":\"2025-02-26T19:39:25+00:00\",\"description\":\"Gabinete de ba\u00f1o Leo - Completo con base Leo, lavabo de cer\u00e1mica, espejo + l\u00e1mpara de pared. Disponible en blanco o en wengu\u00e9 oscuro. Precio super conveniente!\",\"breadcrumb\":{\"@id\":\"https:\/\/www.bagnoitalia.com\/es\/producto\/mueble-de-bano-leo-85-cm-blanco-u-oscuro-wengue.html#breadcrumb\"},\"inLanguage\":\"es\",\"potentialAction\":[{\"@type\":\"ReadAction\",\"target\":[\"https:\/\/www.bagnoitalia.com\/es\/producto\/mueble-de-bano-leo-85-cm-blanco-u-oscuro-wengue.html\"]}]},{\"@type\":\"ImageObject\",\"inLanguage\":\"es\",\"@id\":\"https:\/\/www.bagnoitalia.com\/es\/producto\/mueble-de-bano-leo-85-cm-blanco-u-oscuro-wengue.html#primaryimage\",\"url\":\"https:\/\/img.bagnoitalia.com\/wp-content\/uploads\/virtuemart\/product\/3.jpg4aba5d243306d.jpg\",\"contentUrl\":\"https:\/\/img.bagnoitalia.com\/wp-content\/uploads\/virtuemart\/product\/3.jpg4aba5d243306d.jpg\",\"width\":461,\"height\":500},{\"@type\":\"BreadcrumbList\",\"@id\":\"https:\/\/www.bagnoitalia.com\/es\/producto\/mueble-de-bano-leo-85-cm-blanco-u-oscuro-wengue.html#breadcrumb\",\"itemListElement\":[{\"@type\":\"ListItem\",\"position\":1,\"name\":\"Home\",\"item\":\"https:\/\/www.bagnoitalia.com\/es\"},{\"@type\":\"ListItem\",\"position\":2,\"name\":\"Productos\",\"item\":\"https:\/\/www.bagnoitalia.com\/es\/shop\"},{\"@type\":\"ListItem\",\"position\":3,\"name\":\"Mueble de ba\u00f1o Leo 85 cm blanco u oscuro wengu\u00e9.\"}]},{\"@type\":\"WebSite\",\"@id\":\"https:\/\/www.bagnoitalia.com\/es#website\",\"url\":\"https:\/\/www.bagnoitalia.com\/es\",\"name\":\"Bagno Italia\",\"description\":\"\",\"publisher\":{\"@id\":\"https:\/\/www.bagnoitalia.com\/es#organization\"},\"potentialAction\":[{\"@type\":\"SearchAction\",\"target\":{\"@type\":\"EntryPoint\",\"urlTemplate\":\"https:\/\/www.bagnoitalia.com\/es?s={search_term_string}\"},\"query-input\":{\"@type\":\"PropertyValueSpecification\",\"valueRequired\":true,\"valueName\":\"search_term_string\"}}],\"inLanguage\":\"es\"},{\"@type\":\"Organization\",\"@id\":\"https:\/\/www.bagnoitalia.com\/es#organization\",\"name\":\"Bagno Italia\",\"url\":\"https:\/\/www.bagnoitalia.com\/es\",\"logo\":{\"@type\":\"ImageObject\",\"inLanguage\":\"es\",\"@id\":\"https:\/\/www.bagnoitalia.com\/es#\/schema\/logo\/image\/\",\"url\":\"https:\/\/img.bagnoitalia.com\/wp-content\/uploads\/logo-bagnoitalia.webp\",\"contentUrl\":\"https:\/\/img.bagnoitalia.com\/wp-content\/uploads\/logo-bagnoitalia.webp\",\"width\":400,\"height\":70,\"caption\":\"Bagno Italia\"},\"image\":{\"@id\":\"https:\/\/www.bagnoitalia.com\/es#\/schema\/logo\/image\/\"}}]}<\/script>\n<!-- \/ Yoast SEO plugin. -->","yoast_head_json":{"title":"Leo White o Wenge &#39;Scuro Bathroom Cabinet, lavabo de cer\u00e1mica bh","description":"Gabinete de ba\u00f1o Leo - Completo con base Leo, lavabo de cer\u00e1mica, espejo + l\u00e1mpara de pared. Disponible en blanco o en wengu\u00e9 oscuro. Precio super conveniente!","robots":{"index":"index","follow":"follow","max-snippet":"max-snippet:-1","max-image-preview":"max-image-preview:large","max-video-preview":"max-video-preview:-1"},"canonical":"https:\/\/www.bagnoitalia.com\/es\/producto\/mueble-de-bano-leo-85-cm-blanco-u-oscuro-wengue.html","og_locale":"es_ES","og_type":"article","og_title":"Leo White o Wenge &#39;Scuro Bathroom Cabinet, lavabo de cer\u00e1mica bh","og_description":"Gabinete de ba\u00f1o Leo - Completo con base Leo, lavabo de cer\u00e1mica, espejo + l\u00e1mpara de pared. Disponible en blanco o en wengu\u00e9 oscuro. Precio super conveniente!","og_url":"https:\/\/www.bagnoitalia.com\/es\/producto\/mueble-de-bano-leo-85-cm-blanco-u-oscuro-wengue.html","og_site_name":"Bagno Italia","article_modified_time":"2025-02-26T19:39:25+00:00","og_image":[{"width":461,"height":500,"url":"https:\/\/img.bagnoitalia.com\/wp-content\/uploads\/virtuemart\/product\/3.jpg4aba5d243306d.jpg","type":"image\/jpeg"}],"twitter_card":"summary_large_image","schema":{"@context":"https:\/\/schema.org","@graph":[{"@type":"WebPage","@id":"https:\/\/www.bagnoitalia.com\/es\/producto\/mueble-de-bano-leo-85-cm-blanco-u-oscuro-wengue.html","url":"https:\/\/www.bagnoitalia.com\/es\/producto\/mueble-de-bano-leo-85-cm-blanco-u-oscuro-wengue.html","name":"Leo White o Wenge &#39;Scuro Bathroom Cabinet, lavabo de cer\u00e1mica bh","isPartOf":{"@id":"https:\/\/www.bagnoitalia.com\/es#website"},"primaryImageOfPage":{"@id":"https:\/\/www.bagnoitalia.com\/es\/producto\/mueble-de-bano-leo-85-cm-blanco-u-oscuro-wengue.html#primaryimage"},"image":{"@id":"https:\/\/www.bagnoitalia.com\/es\/producto\/mueble-de-bano-leo-85-cm-blanco-u-oscuro-wengue.html#primaryimage"},"thumbnailUrl":"https:\/\/img.bagnoitalia.com\/wp-content\/uploads\/virtuemart\/product\/3.jpg4aba5d243306d.jpg","datePublished":"2009-07-27T21:37:49+00:00","dateModified":"2025-02-26T19:39:25+00:00","description":"Gabinete de ba\u00f1o Leo - Completo con base Leo, lavabo de cer\u00e1mica, espejo + l\u00e1mpara de pared. Disponible en blanco o en wengu\u00e9 oscuro. Precio super conveniente!","breadcrumb":{"@id":"https:\/\/www.bagnoitalia.com\/es\/producto\/mueble-de-bano-leo-85-cm-blanco-u-oscuro-wengue.html#breadcrumb"},"inLanguage":"es","potentialAction":[{"@type":"ReadAction","target":["https:\/\/www.bagnoitalia.com\/es\/producto\/mueble-de-bano-leo-85-cm-blanco-u-oscuro-wengue.html"]}]},{"@type":"ImageObject","inLanguage":"es","@id":"https:\/\/www.bagnoitalia.com\/es\/producto\/mueble-de-bano-leo-85-cm-blanco-u-oscuro-wengue.html#primaryimage","url":"https:\/\/img.bagnoitalia.com\/wp-content\/uploads\/virtuemart\/product\/3.jpg4aba5d243306d.jpg","contentUrl":"https:\/\/img.bagnoitalia.com\/wp-content\/uploads\/virtuemart\/product\/3.jpg4aba5d243306d.jpg","width":461,"height":500},{"@type":"BreadcrumbList","@id":"https:\/\/www.bagnoitalia.com\/es\/producto\/mueble-de-bano-leo-85-cm-blanco-u-oscuro-wengue.html#breadcrumb","itemListElement":[{"@type":"ListItem","position":1,"name":"Home","item":"https:\/\/www.bagnoitalia.com\/es"},{"@type":"ListItem","position":2,"name":"Productos","item":"https:\/\/www.bagnoitalia.com\/es\/shop"},{"@type":"ListItem","position":3,"name":"Mueble de ba\u00f1o Leo 85 cm blanco u oscuro wengu\u00e9."}]},{"@type":"WebSite","@id":"https:\/\/www.bagnoitalia.com\/es#website","url":"https:\/\/www.bagnoitalia.com\/es","name":"Bagno Italia","description":"","publisher":{"@id":"https:\/\/www.bagnoitalia.com\/es#organization"},"potentialAction":[{"@type":"SearchAction","target":{"@type":"EntryPoint","urlTemplate":"https:\/\/www.bagnoitalia.com\/es?s={search_term_string}"},"query-input":{"@type":"PropertyValueSpecification","valueRequired":true,"valueName":"search_term_string"}}],"inLanguage":"es"},{"@type":"Organization","@id":"https:\/\/www.bagnoitalia.com\/es#organization","name":"Bagno Italia","url":"https:\/\/www.bagnoitalia.com\/es","logo":{"@type":"ImageObject","inLanguage":"es","@id":"https:\/\/www.bagnoitalia.com\/es#\/schema\/logo\/image\/","url":"https:\/\/img.bagnoitalia.com\/wp-content\/uploads\/logo-bagnoitalia.webp","contentUrl":"https:\/\/img.bagnoitalia.com\/wp-content\/uploads\/logo-bagnoitalia.webp","width":400,"height":70,"caption":"Bagno Italia"},"image":{"@id":"https:\/\/www.bagnoitalia.com\/es#\/schema\/logo\/image\/"}}]}},"_links":{"self":[{"href":"https:\/\/www.bagnoitalia.com\/es\/wp-json\/wp\/v2\/product\/76872","targetHints":{"allow":["GET"]}}],"collection":[{"href":"https:\/\/www.bagnoitalia.com\/es\/wp-json\/wp\/v2\/product"}],"about":[{"href":"https:\/\/www.bagnoitalia.com\/es\/wp-json\/wp\/v2\/types\/product"}],"replies":[{"embeddable":true,"href":"https:\/\/www.bagnoitalia.com\/es\/wp-json\/wp\/v2\/comments?post=76872"}],"version-history":[{"count":0,"href":"https:\/\/www.bagnoitalia.com\/es\/wp-json\/wp\/v2\/product\/76872\/revisions"}],"wp:featuredmedia":[{"embeddable":true,"href":"https:\/\/www.bagnoitalia.com\/es\/wp-json\/wp\/v2\/media\/8934"}],"wp:attachment":[{"href":"https:\/\/www.bagnoitalia.com\/es\/wp-json\/wp\/v2\/media?parent=76872"}],"wp:term":[{"taxonomy":"product_brand","embeddable":true,"href":"https:\/\/www.bagnoitalia.com\/es\/wp-json\/wp\/v2\/product_brand?post=76872"},{"taxonomy":"product_cat","embeddable":true,"href":"https:\/\/www.bagnoitalia.com\/es\/wp-json\/wp\/v2\/product_cat?post=76872"},{"taxonomy":"product_tag","embeddable":true,"href":"https:\/\/www.bagnoitalia.com\/es\/wp-json\/wp\/v2\/product_tag?post=76872"}],"curies":[{"name":"wp","href":"https:\/\/api.w.org\/{rel}","templated":true}]}}