{"id":117335,"date":"2026-04-21T14:59:03","date_gmt":"2026-04-21T12:59:03","guid":{"rendered":"https:\/\/www.bagnoitalia.com\/square-wooden-garden-shed-250x250-cm-with-or-without-a-floor-cs039.html"},"modified":"2026-04-21T15:05:31","modified_gmt":"2026-04-21T13:05:31","slug":"square-wooden-garden-shed-250x250-cm-with-or-without-a-floor-cs039","status":"publish","type":"product","link":"https:\/\/www.bagnoitalia.com\/es\/producto\/square-wooden-garden-shed-250x250-cm-with-or-without-a-floor-cs039.html","title":{"rendered":"Caseta de jard\u00edn cuadrada de madera, 250 x 250 cm, con o sin suelo \u2013 CS039"},"content":{"rendered":"<p>COBERTIZO DE JARD\u00cdN CUADRADO DE MADERA 250&#215;250 \u00abCS039\u00bb<\/p>\n<p>&nbsp;<\/p>\n<p>NOTA: el servicio de mensajer\u00eda no puede descargar este art\u00edculo, por lo que el cliente deber\u00e1 descargarlo manualmente, abrir el embalaje y retirar los paquetes individuales.<\/p>\n<p>&nbsp;<\/p>\n<p>CARACTER\u00cdSTICAS:<\/p>\n<p>Caseta de jard\u00edn cuadrada de madera de abeto marr\u00f3n, secada en horno y tratada en autoclave<\/p>\n<p>Dimensiones del suelo: 250 x 250 cm<\/p>\n<p>Altura m\u00e1xima: 235 cm<\/p>\n<p>Altura de las paredes: 194 cm<\/p>\n<p>Saliente frontal: 12 cm<\/p>\n<p>Dimensiones internas: 224 x 224 cm<\/p>\n<p>Superficie interna del suelo: 5 m\u00b2 (suelo OPCIONAL)<\/p>\n<p>Puerta doble con cerradura, 139 x 175 cm (alto)<\/p>\n<p>Espesor de las paredes: 28 mm<\/p>\n<p>Listones para el techo de 16 mm de espesor incluidos<\/p>\n<p>Fieltro bituminoso incluido<\/p>\n<p>Tipo de construcci\u00f3n: caseta de madera<\/p>\n<p>&nbsp;<\/p>\n<p>Dimensiones del embalaje: 260 x 120 x 40 cm<\/p>\n<p>Peso bruto del embalaje: 350 kg<\/p>\n<p>&nbsp;<\/p>\n<p>Nota: El suelo NO est\u00e1 incluido en el precio; se puede a\u00f1adir a trav\u00e9s del men\u00fa desplegable<\/p>\n<p>&nbsp;<\/p>\n<p>&nbsp;<\/p>\n<p>&nbsp;<\/p>\n<p>&nbsp;<\/p>\n<p>&nbsp;<\/p>\n<p>&nbsp;<\/p>\n<p>&nbsp;<\/p>\n<p>&nbsp;<\/p>\n<p>&nbsp;<\/p>\n<p>&nbsp;<\/p>\n<p>&nbsp;<\/p>\n<p>&nbsp;<\/p>\n<p>&nbsp;<\/p>\n<p>&nbsp;<\/p>\n<p>&nbsp;<\/p>\n<p>Arisa<\/p>\n","protected":false},"excerpt":{"rendered":"<p>Cobertizo exterior cuadrado, altura m\u00e1xima de 235 cm, con suelo opcional (se puede a\u00f1adir a trav\u00e9s del men\u00fa desplegable).<\/p>\n","protected":false},"featured_media":117307,"comment_status":"open","ping_status":"closed","template":"","meta":[],"product_brand":[9958],"product_cat":[10035],"product_tag":[],"class_list":{"0":"post-117335","1":"product","2":"type-product","3":"status-publish","4":"has-post-thumbnail","6":"product_brand-losa-legnami","7":"product_cat-cabanas-de-exterior","9":"first","10":"instock","11":"sale","12":"taxable","13":"shipping-taxable","14":"purchasable","15":"product-type-simple"},"exclude_global_add_ons":false,"addons":[{"name":"Tipo","type":"multiple_choice","position":0,"required":true,"title_format":"heading","default":"","description_enable":false,"description":"","placeholder_enable":false,"placeholder":"","display":"select","restrictions_type":"any_text","adjust_price":false,"price":"","price_type":"flat_fee","restrictions":false,"min":"0","max":"0","options":[{"label":"sin suelo","price":"","price_type":"quantity_based","image":0,"visibility":true},{"label":"con suelo","price":"349","price_type":"quantity_based","image":0,"visibility":true}],"id":1776783544}],"yoast_head":"<!-- This site is optimized with the Yoast SEO plugin v26.7 - https:\/\/yoast.com\/wordpress\/plugins\/seo\/ -->\n<title>Caseta de jard\u00edn cuadrada de madera, 250 x 250 cm, con o sin suelo \u2013 CS039 - Bagno Italia<\/title>\n<meta name=\"robots\" content=\"index, follow, max-snippet:-1, max-image-preview:large, max-video-preview:-1\" \/>\n<link rel=\"canonical\" href=\"https:\/\/www.bagnoitalia.com\/es\/producto\/square-wooden-garden-shed-250x250-cm-with-or-without-a-floor-cs039.html\" \/>\n<meta property=\"og:locale\" content=\"es_ES\" \/>\n<meta property=\"og:type\" content=\"article\" \/>\n<meta property=\"og:title\" content=\"Caseta de jard\u00edn cuadrada de madera, 250 x 250 cm, con o sin suelo \u2013 CS039 - Bagno Italia\" \/>\n<meta property=\"og:description\" content=\"Cobertizo exterior cuadrado, altura m\u00e1xima de 235 cm, con suelo opcional (se puede a\u00f1adir a trav\u00e9s del men\u00fa desplegable).\" \/>\n<meta property=\"og:url\" content=\"https:\/\/www.bagnoitalia.com\/es\/producto\/square-wooden-garden-shed-250x250-cm-with-or-without-a-floor-cs039.html\" \/>\n<meta property=\"og:site_name\" content=\"Bagno Italia\" \/>\n<meta property=\"article:modified_time\" content=\"2026-04-21T13:05:31+00:00\" \/>\n<meta property=\"og:image\" content=\"https:\/\/img.bagnoitalia.com\/wp-content\/uploads\/1-111.jpg\" \/>\n\t<meta property=\"og:image:width\" content=\"1000\" \/>\n\t<meta property=\"og:image:height\" content=\"1000\" \/>\n\t<meta property=\"og:image:type\" content=\"image\/jpeg\" \/>\n<meta name=\"twitter:card\" content=\"summary_large_image\" \/>\n<meta name=\"twitter:label1\" content=\"Tiempo de lectura\" \/>\n\t<meta name=\"twitter:data1\" content=\"1 minuto\" \/>\n<script type=\"application\/ld+json\" class=\"yoast-schema-graph\">{\"@context\":\"https:\/\/schema.org\",\"@graph\":[{\"@type\":\"WebPage\",\"@id\":\"https:\/\/www.bagnoitalia.com\/es\/producto\/square-wooden-garden-shed-250x250-cm-with-or-without-a-floor-cs039.html\",\"url\":\"https:\/\/www.bagnoitalia.com\/es\/producto\/square-wooden-garden-shed-250x250-cm-with-or-without-a-floor-cs039.html\",\"name\":\"Caseta de jard\u00edn cuadrada de madera, 250 x 250 cm, con o sin suelo \u2013 CS039 - Bagno Italia\",\"isPartOf\":{\"@id\":\"https:\/\/www.bagnoitalia.com\/es#website\"},\"primaryImageOfPage\":{\"@id\":\"https:\/\/www.bagnoitalia.com\/es\/producto\/square-wooden-garden-shed-250x250-cm-with-or-without-a-floor-cs039.html#primaryimage\"},\"image\":{\"@id\":\"https:\/\/www.bagnoitalia.com\/es\/producto\/square-wooden-garden-shed-250x250-cm-with-or-without-a-floor-cs039.html#primaryimage\"},\"thumbnailUrl\":\"https:\/\/img.bagnoitalia.com\/wp-content\/uploads\/1-111.jpg\",\"datePublished\":\"2026-04-21T12:59:03+00:00\",\"dateModified\":\"2026-04-21T13:05:31+00:00\",\"breadcrumb\":{\"@id\":\"https:\/\/www.bagnoitalia.com\/es\/producto\/square-wooden-garden-shed-250x250-cm-with-or-without-a-floor-cs039.html#breadcrumb\"},\"inLanguage\":\"es\",\"potentialAction\":[{\"@type\":\"ReadAction\",\"target\":[\"https:\/\/www.bagnoitalia.com\/es\/producto\/square-wooden-garden-shed-250x250-cm-with-or-without-a-floor-cs039.html\"]}]},{\"@type\":\"ImageObject\",\"inLanguage\":\"es\",\"@id\":\"https:\/\/www.bagnoitalia.com\/es\/producto\/square-wooden-garden-shed-250x250-cm-with-or-without-a-floor-cs039.html#primaryimage\",\"url\":\"https:\/\/img.bagnoitalia.com\/wp-content\/uploads\/1-111.jpg\",\"contentUrl\":\"https:\/\/img.bagnoitalia.com\/wp-content\/uploads\/1-111.jpg\",\"width\":1000,\"height\":1000},{\"@type\":\"BreadcrumbList\",\"@id\":\"https:\/\/www.bagnoitalia.com\/es\/producto\/square-wooden-garden-shed-250x250-cm-with-or-without-a-floor-cs039.html#breadcrumb\",\"itemListElement\":[{\"@type\":\"ListItem\",\"position\":1,\"name\":\"Home\",\"item\":\"https:\/\/www.bagnoitalia.com\/es\"},{\"@type\":\"ListItem\",\"position\":2,\"name\":\"Productos\",\"item\":\"https:\/\/www.bagnoitalia.com\/es\/shop\"},{\"@type\":\"ListItem\",\"position\":3,\"name\":\"Caseta de jard\u00edn cuadrada de madera, 250 x 250 cm, con o sin suelo \u2013 CS039\"}]},{\"@type\":\"WebSite\",\"@id\":\"https:\/\/www.bagnoitalia.com\/es#website\",\"url\":\"https:\/\/www.bagnoitalia.com\/es\",\"name\":\"Bagno Italia\",\"description\":\"\",\"publisher\":{\"@id\":\"https:\/\/www.bagnoitalia.com\/es#organization\"},\"potentialAction\":[{\"@type\":\"SearchAction\",\"target\":{\"@type\":\"EntryPoint\",\"urlTemplate\":\"https:\/\/www.bagnoitalia.com\/es?s={search_term_string}\"},\"query-input\":{\"@type\":\"PropertyValueSpecification\",\"valueRequired\":true,\"valueName\":\"search_term_string\"}}],\"inLanguage\":\"es\"},{\"@type\":\"Organization\",\"@id\":\"https:\/\/www.bagnoitalia.com\/es#organization\",\"name\":\"Bagno Italia\",\"url\":\"https:\/\/www.bagnoitalia.com\/es\",\"logo\":{\"@type\":\"ImageObject\",\"inLanguage\":\"es\",\"@id\":\"https:\/\/www.bagnoitalia.com\/es#\/schema\/logo\/image\/\",\"url\":\"https:\/\/img.bagnoitalia.com\/wp-content\/uploads\/logo-bagnoitalia.webp\",\"contentUrl\":\"https:\/\/img.bagnoitalia.com\/wp-content\/uploads\/logo-bagnoitalia.webp\",\"width\":400,\"height\":70,\"caption\":\"Bagno Italia\"},\"image\":{\"@id\":\"https:\/\/www.bagnoitalia.com\/es#\/schema\/logo\/image\/\"}}]}<\/script>\n<!-- \/ Yoast SEO plugin. -->","yoast_head_json":{"title":"Caseta de jard\u00edn cuadrada de madera, 250 x 250 cm, con o sin suelo \u2013 CS039 - Bagno Italia","robots":{"index":"index","follow":"follow","max-snippet":"max-snippet:-1","max-image-preview":"max-image-preview:large","max-video-preview":"max-video-preview:-1"},"canonical":"https:\/\/www.bagnoitalia.com\/es\/producto\/square-wooden-garden-shed-250x250-cm-with-or-without-a-floor-cs039.html","og_locale":"es_ES","og_type":"article","og_title":"Caseta de jard\u00edn cuadrada de madera, 250 x 250 cm, con o sin suelo \u2013 CS039 - Bagno Italia","og_description":"Cobertizo exterior cuadrado, altura m\u00e1xima de 235 cm, con suelo opcional (se puede a\u00f1adir a trav\u00e9s del men\u00fa desplegable).","og_url":"https:\/\/www.bagnoitalia.com\/es\/producto\/square-wooden-garden-shed-250x250-cm-with-or-without-a-floor-cs039.html","og_site_name":"Bagno Italia","article_modified_time":"2026-04-21T13:05:31+00:00","og_image":[{"width":1000,"height":1000,"url":"https:\/\/img.bagnoitalia.com\/wp-content\/uploads\/1-111.jpg","type":"image\/jpeg"}],"twitter_card":"summary_large_image","twitter_misc":{"Tiempo de lectura":"1 minuto"},"schema":{"@context":"https:\/\/schema.org","@graph":[{"@type":"WebPage","@id":"https:\/\/www.bagnoitalia.com\/es\/producto\/square-wooden-garden-shed-250x250-cm-with-or-without-a-floor-cs039.html","url":"https:\/\/www.bagnoitalia.com\/es\/producto\/square-wooden-garden-shed-250x250-cm-with-or-without-a-floor-cs039.html","name":"Caseta de jard\u00edn cuadrada de madera, 250 x 250 cm, con o sin suelo \u2013 CS039 - Bagno Italia","isPartOf":{"@id":"https:\/\/www.bagnoitalia.com\/es#website"},"primaryImageOfPage":{"@id":"https:\/\/www.bagnoitalia.com\/es\/producto\/square-wooden-garden-shed-250x250-cm-with-or-without-a-floor-cs039.html#primaryimage"},"image":{"@id":"https:\/\/www.bagnoitalia.com\/es\/producto\/square-wooden-garden-shed-250x250-cm-with-or-without-a-floor-cs039.html#primaryimage"},"thumbnailUrl":"https:\/\/img.bagnoitalia.com\/wp-content\/uploads\/1-111.jpg","datePublished":"2026-04-21T12:59:03+00:00","dateModified":"2026-04-21T13:05:31+00:00","breadcrumb":{"@id":"https:\/\/www.bagnoitalia.com\/es\/producto\/square-wooden-garden-shed-250x250-cm-with-or-without-a-floor-cs039.html#breadcrumb"},"inLanguage":"es","potentialAction":[{"@type":"ReadAction","target":["https:\/\/www.bagnoitalia.com\/es\/producto\/square-wooden-garden-shed-250x250-cm-with-or-without-a-floor-cs039.html"]}]},{"@type":"ImageObject","inLanguage":"es","@id":"https:\/\/www.bagnoitalia.com\/es\/producto\/square-wooden-garden-shed-250x250-cm-with-or-without-a-floor-cs039.html#primaryimage","url":"https:\/\/img.bagnoitalia.com\/wp-content\/uploads\/1-111.jpg","contentUrl":"https:\/\/img.bagnoitalia.com\/wp-content\/uploads\/1-111.jpg","width":1000,"height":1000},{"@type":"BreadcrumbList","@id":"https:\/\/www.bagnoitalia.com\/es\/producto\/square-wooden-garden-shed-250x250-cm-with-or-without-a-floor-cs039.html#breadcrumb","itemListElement":[{"@type":"ListItem","position":1,"name":"Home","item":"https:\/\/www.bagnoitalia.com\/es"},{"@type":"ListItem","position":2,"name":"Productos","item":"https:\/\/www.bagnoitalia.com\/es\/shop"},{"@type":"ListItem","position":3,"name":"Caseta de jard\u00edn cuadrada de madera, 250 x 250 cm, con o sin suelo \u2013 CS039"}]},{"@type":"WebSite","@id":"https:\/\/www.bagnoitalia.com\/es#website","url":"https:\/\/www.bagnoitalia.com\/es","name":"Bagno Italia","description":"","publisher":{"@id":"https:\/\/www.bagnoitalia.com\/es#organization"},"potentialAction":[{"@type":"SearchAction","target":{"@type":"EntryPoint","urlTemplate":"https:\/\/www.bagnoitalia.com\/es?s={search_term_string}"},"query-input":{"@type":"PropertyValueSpecification","valueRequired":true,"valueName":"search_term_string"}}],"inLanguage":"es"},{"@type":"Organization","@id":"https:\/\/www.bagnoitalia.com\/es#organization","name":"Bagno Italia","url":"https:\/\/www.bagnoitalia.com\/es","logo":{"@type":"ImageObject","inLanguage":"es","@id":"https:\/\/www.bagnoitalia.com\/es#\/schema\/logo\/image\/","url":"https:\/\/img.bagnoitalia.com\/wp-content\/uploads\/logo-bagnoitalia.webp","contentUrl":"https:\/\/img.bagnoitalia.com\/wp-content\/uploads\/logo-bagnoitalia.webp","width":400,"height":70,"caption":"Bagno Italia"},"image":{"@id":"https:\/\/www.bagnoitalia.com\/es#\/schema\/logo\/image\/"}}]}},"_links":{"self":[{"href":"https:\/\/www.bagnoitalia.com\/es\/wp-json\/wp\/v2\/product\/117335","targetHints":{"allow":["GET"]}}],"collection":[{"href":"https:\/\/www.bagnoitalia.com\/es\/wp-json\/wp\/v2\/product"}],"about":[{"href":"https:\/\/www.bagnoitalia.com\/es\/wp-json\/wp\/v2\/types\/product"}],"replies":[{"embeddable":true,"href":"https:\/\/www.bagnoitalia.com\/es\/wp-json\/wp\/v2\/comments?post=117335"}],"version-history":[{"count":2,"href":"https:\/\/www.bagnoitalia.com\/es\/wp-json\/wp\/v2\/product\/117335\/revisions"}],"predecessor-version":[{"id":117341,"href":"https:\/\/www.bagnoitalia.com\/es\/wp-json\/wp\/v2\/product\/117335\/revisions\/117341"}],"wp:featuredmedia":[{"embeddable":true,"href":"https:\/\/www.bagnoitalia.com\/es\/wp-json\/wp\/v2\/media\/117307"}],"wp:attachment":[{"href":"https:\/\/www.bagnoitalia.com\/es\/wp-json\/wp\/v2\/media?parent=117335"}],"wp:term":[{"taxonomy":"product_brand","embeddable":true,"href":"https:\/\/www.bagnoitalia.com\/es\/wp-json\/wp\/v2\/product_brand?post=117335"},{"taxonomy":"product_cat","embeddable":true,"href":"https:\/\/www.bagnoitalia.com\/es\/wp-json\/wp\/v2\/product_cat?post=117335"},{"taxonomy":"product_tag","embeddable":true,"href":"https:\/\/www.bagnoitalia.com\/es\/wp-json\/wp\/v2\/product_tag?post=117335"}],"curies":[{"name":"wp","href":"https:\/\/api.w.org\/{rel}","templated":true}]}}