{"id":117194,"date":"2026-04-20T15:10:06","date_gmt":"2026-04-20T13:10:06","guid":{"rendered":"https:\/\/www.bagnoitalia.com\/wooden-playhouse-296-x-200-cm-with-or-without-a-floor-cs037.html"},"modified":"2026-04-20T15:19:10","modified_gmt":"2026-04-20T13:19:10","slug":"wooden-playhouse-296-x-200-cm-with-or-without-a-floor-cs037","status":"publish","type":"product","link":"https:\/\/www.bagnoitalia.com\/es\/producto\/wooden-playhouse-296-x-200-cm-with-or-without-a-floor-cs037.html","title":{"rendered":"Casita de juegos de madera, 296 x 200 cm, con o sin suelo CS037"},"content":{"rendered":"<p>COBERTIZO DE JARD\u00cdN RECTANGULAR DE MADERA 296&#215;200 \u00abCS037\u00bb<\/p>\n<p>&nbsp;<\/p>\n<p>NOTA: el servicio de mensajer\u00eda no puede descargar este art\u00edculo, por lo que el cliente deber\u00e1 descargarlo manualmente, abrir el embalaje y retirar los paquetes individuales.<\/p>\n<p>&nbsp;<\/p>\n<p>CARACTER\u00cdSTICAS DEL PRODUCTO<\/p>\n<p>&nbsp;<\/p>\n<p>Caseta de exterior, fabricada en madera de abeto marr\u00f3n, secada en horno y tratada a presi\u00f3n<\/p>\n<p>Dimensiones del suelo: 296 x 200 cm<\/p>\n<p>Altura m\u00e1xima: 236 cm<\/p>\n<p>Altura de las paredes: 194 cm<\/p>\n<p>Dimensiones internas: 270 x 174 cm<\/p>\n<p>Superficie interior: 4,70 m\u00b2 (suelo OPCIONAL)<\/p>\n<p>Grosor de las paredes: 28 mm<\/p>\n<p>Puerta doble con cerradura: 149 x H182 cm<\/p>\n<p>Cristal simple de 4 mm<\/p>\n<p>Estilo de construcci\u00f3n \u00abblockhouse\u00bb<\/p>\n<p>Revestimiento del techo: 16 mm de grosor<\/p>\n<p>&nbsp;<\/p>\n<p>Dimensiones del embalaje: 320 x 120 x 50 cm<\/p>\n<p>Peso bruto del embalaje: 548 kg<\/p>\n<p>&nbsp;<\/p>\n<p>Nota: El suelo NO est\u00e1 incluido en el precio; se puede a\u00f1adir a trav\u00e9s del men\u00fa superior<\/p>\n<p>&nbsp;<\/p>\n<p>&nbsp;<\/p>\n<p>&nbsp;<\/p>\n<p>&nbsp;<\/p>\n<p>&nbsp;<\/p>\n<p>&nbsp;<\/p>\n<p>&nbsp;<\/p>\n<p>&nbsp;<\/p>\n<p>&nbsp;<\/p>\n<p>&nbsp;<\/p>\n<p>&nbsp;<\/p>\n<p>&nbsp;<\/p>\n<p>&nbsp;<\/p>\n<p>Valentine A<\/p>\n","protected":false},"excerpt":{"rendered":"<p>Caseta exterior rectangular, altura m\u00e1xima de 236 cm, con suelo opcional (se puede a\u00f1adir a trav\u00e9s del men\u00fa desplegable).<\/p>\n","protected":false},"featured_media":117166,"comment_status":"open","ping_status":"closed","template":"","meta":[],"product_brand":[9958],"product_cat":[10035],"product_tag":[],"class_list":{"0":"post-117194","1":"product","2":"type-product","3":"status-publish","4":"has-post-thumbnail","6":"product_brand-losa-legnami","7":"product_cat-cabanas-de-exterior","9":"first","10":"instock","11":"sale","12":"taxable","13":"shipping-taxable","14":"purchasable","15":"product-type-simple"},"exclude_global_add_ons":false,"addons":[{"name":"Tipo","type":"multiple_choice","position":0,"required":true,"title_format":"heading","default":"","description_enable":false,"description":"","placeholder_enable":false,"placeholder":"","display":"select","restrictions_type":"any_text","adjust_price":false,"price":"","price_type":"flat_fee","restrictions":false,"min":"0","max":"0","options":[{"label":"sin suelo","price":"","price_type":"quantity_based","image":0,"visibility":true},{"label":"con suelo","price":"379","price_type":"quantity_based","image":0,"visibility":true}],"id":1776697807}],"yoast_head":"<!-- This site is optimized with the Yoast SEO plugin v26.7 - https:\/\/yoast.com\/wordpress\/plugins\/seo\/ -->\n<title>Casita de juegos de madera, 296 x 200 cm, con o sin suelo CS037 - Bagno Italia<\/title>\n<meta name=\"robots\" content=\"index, follow, max-snippet:-1, max-image-preview:large, max-video-preview:-1\" \/>\n<link rel=\"canonical\" href=\"https:\/\/www.bagnoitalia.com\/es\/producto\/wooden-playhouse-296-x-200-cm-with-or-without-a-floor-cs037.html\" \/>\n<meta property=\"og:locale\" content=\"es_ES\" \/>\n<meta property=\"og:type\" content=\"article\" \/>\n<meta property=\"og:title\" content=\"Casita de juegos de madera, 296 x 200 cm, con o sin suelo CS037 - Bagno Italia\" \/>\n<meta property=\"og:description\" content=\"Caseta exterior rectangular, altura m\u00e1xima de 236 cm, con suelo opcional (se puede a\u00f1adir a trav\u00e9s del men\u00fa desplegable).\" \/>\n<meta property=\"og:url\" content=\"https:\/\/www.bagnoitalia.com\/es\/producto\/wooden-playhouse-296-x-200-cm-with-or-without-a-floor-cs037.html\" \/>\n<meta property=\"og:site_name\" content=\"Bagno Italia\" \/>\n<meta property=\"article:modified_time\" content=\"2026-04-20T13:19:10+00:00\" \/>\n<meta property=\"og:image\" content=\"https:\/\/img.bagnoitalia.com\/wp-content\/uploads\/1-109.jpg\" \/>\n\t<meta property=\"og:image:width\" content=\"1000\" \/>\n\t<meta property=\"og:image:height\" content=\"1000\" \/>\n\t<meta property=\"og:image:type\" content=\"image\/jpeg\" \/>\n<meta name=\"twitter:card\" content=\"summary_large_image\" \/>\n<meta name=\"twitter:label1\" content=\"Tiempo de lectura\" \/>\n\t<meta name=\"twitter:data1\" content=\"1 minuto\" \/>\n<script type=\"application\/ld+json\" class=\"yoast-schema-graph\">{\"@context\":\"https:\/\/schema.org\",\"@graph\":[{\"@type\":\"WebPage\",\"@id\":\"https:\/\/www.bagnoitalia.com\/es\/producto\/wooden-playhouse-296-x-200-cm-with-or-without-a-floor-cs037.html\",\"url\":\"https:\/\/www.bagnoitalia.com\/es\/producto\/wooden-playhouse-296-x-200-cm-with-or-without-a-floor-cs037.html\",\"name\":\"Casita de juegos de madera, 296 x 200 cm, con o sin suelo CS037 - Bagno Italia\",\"isPartOf\":{\"@id\":\"https:\/\/www.bagnoitalia.com\/es#website\"},\"primaryImageOfPage\":{\"@id\":\"https:\/\/www.bagnoitalia.com\/es\/producto\/wooden-playhouse-296-x-200-cm-with-or-without-a-floor-cs037.html#primaryimage\"},\"image\":{\"@id\":\"https:\/\/www.bagnoitalia.com\/es\/producto\/wooden-playhouse-296-x-200-cm-with-or-without-a-floor-cs037.html#primaryimage\"},\"thumbnailUrl\":\"https:\/\/img.bagnoitalia.com\/wp-content\/uploads\/1-109.jpg\",\"datePublished\":\"2026-04-20T13:10:06+00:00\",\"dateModified\":\"2026-04-20T13:19:10+00:00\",\"breadcrumb\":{\"@id\":\"https:\/\/www.bagnoitalia.com\/es\/producto\/wooden-playhouse-296-x-200-cm-with-or-without-a-floor-cs037.html#breadcrumb\"},\"inLanguage\":\"es\",\"potentialAction\":[{\"@type\":\"ReadAction\",\"target\":[\"https:\/\/www.bagnoitalia.com\/es\/producto\/wooden-playhouse-296-x-200-cm-with-or-without-a-floor-cs037.html\"]}]},{\"@type\":\"ImageObject\",\"inLanguage\":\"es\",\"@id\":\"https:\/\/www.bagnoitalia.com\/es\/producto\/wooden-playhouse-296-x-200-cm-with-or-without-a-floor-cs037.html#primaryimage\",\"url\":\"https:\/\/img.bagnoitalia.com\/wp-content\/uploads\/1-109.jpg\",\"contentUrl\":\"https:\/\/img.bagnoitalia.com\/wp-content\/uploads\/1-109.jpg\",\"width\":1000,\"height\":1000},{\"@type\":\"BreadcrumbList\",\"@id\":\"https:\/\/www.bagnoitalia.com\/es\/producto\/wooden-playhouse-296-x-200-cm-with-or-without-a-floor-cs037.html#breadcrumb\",\"itemListElement\":[{\"@type\":\"ListItem\",\"position\":1,\"name\":\"Home\",\"item\":\"https:\/\/www.bagnoitalia.com\/es\"},{\"@type\":\"ListItem\",\"position\":2,\"name\":\"Productos\",\"item\":\"https:\/\/www.bagnoitalia.com\/es\/shop\"},{\"@type\":\"ListItem\",\"position\":3,\"name\":\"Casita de juegos de madera, 296 x 200 cm, con o sin suelo CS037\"}]},{\"@type\":\"WebSite\",\"@id\":\"https:\/\/www.bagnoitalia.com\/es#website\",\"url\":\"https:\/\/www.bagnoitalia.com\/es\",\"name\":\"Bagno Italia\",\"description\":\"\",\"publisher\":{\"@id\":\"https:\/\/www.bagnoitalia.com\/es#organization\"},\"potentialAction\":[{\"@type\":\"SearchAction\",\"target\":{\"@type\":\"EntryPoint\",\"urlTemplate\":\"https:\/\/www.bagnoitalia.com\/es?s={search_term_string}\"},\"query-input\":{\"@type\":\"PropertyValueSpecification\",\"valueRequired\":true,\"valueName\":\"search_term_string\"}}],\"inLanguage\":\"es\"},{\"@type\":\"Organization\",\"@id\":\"https:\/\/www.bagnoitalia.com\/es#organization\",\"name\":\"Bagno Italia\",\"url\":\"https:\/\/www.bagnoitalia.com\/es\",\"logo\":{\"@type\":\"ImageObject\",\"inLanguage\":\"es\",\"@id\":\"https:\/\/www.bagnoitalia.com\/es#\/schema\/logo\/image\/\",\"url\":\"https:\/\/img.bagnoitalia.com\/wp-content\/uploads\/logo-bagnoitalia.webp\",\"contentUrl\":\"https:\/\/img.bagnoitalia.com\/wp-content\/uploads\/logo-bagnoitalia.webp\",\"width\":400,\"height\":70,\"caption\":\"Bagno Italia\"},\"image\":{\"@id\":\"https:\/\/www.bagnoitalia.com\/es#\/schema\/logo\/image\/\"}}]}<\/script>\n<!-- \/ Yoast SEO plugin. -->","yoast_head_json":{"title":"Casita de juegos de madera, 296 x 200 cm, con o sin suelo CS037 - Bagno Italia","robots":{"index":"index","follow":"follow","max-snippet":"max-snippet:-1","max-image-preview":"max-image-preview:large","max-video-preview":"max-video-preview:-1"},"canonical":"https:\/\/www.bagnoitalia.com\/es\/producto\/wooden-playhouse-296-x-200-cm-with-or-without-a-floor-cs037.html","og_locale":"es_ES","og_type":"article","og_title":"Casita de juegos de madera, 296 x 200 cm, con o sin suelo CS037 - Bagno Italia","og_description":"Caseta exterior rectangular, altura m\u00e1xima de 236 cm, con suelo opcional (se puede a\u00f1adir a trav\u00e9s del men\u00fa desplegable).","og_url":"https:\/\/www.bagnoitalia.com\/es\/producto\/wooden-playhouse-296-x-200-cm-with-or-without-a-floor-cs037.html","og_site_name":"Bagno Italia","article_modified_time":"2026-04-20T13:19:10+00:00","og_image":[{"width":1000,"height":1000,"url":"https:\/\/img.bagnoitalia.com\/wp-content\/uploads\/1-109.jpg","type":"image\/jpeg"}],"twitter_card":"summary_large_image","twitter_misc":{"Tiempo de lectura":"1 minuto"},"schema":{"@context":"https:\/\/schema.org","@graph":[{"@type":"WebPage","@id":"https:\/\/www.bagnoitalia.com\/es\/producto\/wooden-playhouse-296-x-200-cm-with-or-without-a-floor-cs037.html","url":"https:\/\/www.bagnoitalia.com\/es\/producto\/wooden-playhouse-296-x-200-cm-with-or-without-a-floor-cs037.html","name":"Casita de juegos de madera, 296 x 200 cm, con o sin suelo CS037 - Bagno Italia","isPartOf":{"@id":"https:\/\/www.bagnoitalia.com\/es#website"},"primaryImageOfPage":{"@id":"https:\/\/www.bagnoitalia.com\/es\/producto\/wooden-playhouse-296-x-200-cm-with-or-without-a-floor-cs037.html#primaryimage"},"image":{"@id":"https:\/\/www.bagnoitalia.com\/es\/producto\/wooden-playhouse-296-x-200-cm-with-or-without-a-floor-cs037.html#primaryimage"},"thumbnailUrl":"https:\/\/img.bagnoitalia.com\/wp-content\/uploads\/1-109.jpg","datePublished":"2026-04-20T13:10:06+00:00","dateModified":"2026-04-20T13:19:10+00:00","breadcrumb":{"@id":"https:\/\/www.bagnoitalia.com\/es\/producto\/wooden-playhouse-296-x-200-cm-with-or-without-a-floor-cs037.html#breadcrumb"},"inLanguage":"es","potentialAction":[{"@type":"ReadAction","target":["https:\/\/www.bagnoitalia.com\/es\/producto\/wooden-playhouse-296-x-200-cm-with-or-without-a-floor-cs037.html"]}]},{"@type":"ImageObject","inLanguage":"es","@id":"https:\/\/www.bagnoitalia.com\/es\/producto\/wooden-playhouse-296-x-200-cm-with-or-without-a-floor-cs037.html#primaryimage","url":"https:\/\/img.bagnoitalia.com\/wp-content\/uploads\/1-109.jpg","contentUrl":"https:\/\/img.bagnoitalia.com\/wp-content\/uploads\/1-109.jpg","width":1000,"height":1000},{"@type":"BreadcrumbList","@id":"https:\/\/www.bagnoitalia.com\/es\/producto\/wooden-playhouse-296-x-200-cm-with-or-without-a-floor-cs037.html#breadcrumb","itemListElement":[{"@type":"ListItem","position":1,"name":"Home","item":"https:\/\/www.bagnoitalia.com\/es"},{"@type":"ListItem","position":2,"name":"Productos","item":"https:\/\/www.bagnoitalia.com\/es\/shop"},{"@type":"ListItem","position":3,"name":"Casita de juegos de madera, 296 x 200 cm, con o sin suelo CS037"}]},{"@type":"WebSite","@id":"https:\/\/www.bagnoitalia.com\/es#website","url":"https:\/\/www.bagnoitalia.com\/es","name":"Bagno Italia","description":"","publisher":{"@id":"https:\/\/www.bagnoitalia.com\/es#organization"},"potentialAction":[{"@type":"SearchAction","target":{"@type":"EntryPoint","urlTemplate":"https:\/\/www.bagnoitalia.com\/es?s={search_term_string}"},"query-input":{"@type":"PropertyValueSpecification","valueRequired":true,"valueName":"search_term_string"}}],"inLanguage":"es"},{"@type":"Organization","@id":"https:\/\/www.bagnoitalia.com\/es#organization","name":"Bagno Italia","url":"https:\/\/www.bagnoitalia.com\/es","logo":{"@type":"ImageObject","inLanguage":"es","@id":"https:\/\/www.bagnoitalia.com\/es#\/schema\/logo\/image\/","url":"https:\/\/img.bagnoitalia.com\/wp-content\/uploads\/logo-bagnoitalia.webp","contentUrl":"https:\/\/img.bagnoitalia.com\/wp-content\/uploads\/logo-bagnoitalia.webp","width":400,"height":70,"caption":"Bagno Italia"},"image":{"@id":"https:\/\/www.bagnoitalia.com\/es#\/schema\/logo\/image\/"}}]}},"_links":{"self":[{"href":"https:\/\/www.bagnoitalia.com\/es\/wp-json\/wp\/v2\/product\/117194","targetHints":{"allow":["GET"]}}],"collection":[{"href":"https:\/\/www.bagnoitalia.com\/es\/wp-json\/wp\/v2\/product"}],"about":[{"href":"https:\/\/www.bagnoitalia.com\/es\/wp-json\/wp\/v2\/types\/product"}],"replies":[{"embeddable":true,"href":"https:\/\/www.bagnoitalia.com\/es\/wp-json\/wp\/v2\/comments?post=117194"}],"version-history":[{"count":3,"href":"https:\/\/www.bagnoitalia.com\/es\/wp-json\/wp\/v2\/product\/117194\/revisions"}],"predecessor-version":[{"id":117203,"href":"https:\/\/www.bagnoitalia.com\/es\/wp-json\/wp\/v2\/product\/117194\/revisions\/117203"}],"wp:featuredmedia":[{"embeddable":true,"href":"https:\/\/www.bagnoitalia.com\/es\/wp-json\/wp\/v2\/media\/117166"}],"wp:attachment":[{"href":"https:\/\/www.bagnoitalia.com\/es\/wp-json\/wp\/v2\/media?parent=117194"}],"wp:term":[{"taxonomy":"product_brand","embeddable":true,"href":"https:\/\/www.bagnoitalia.com\/es\/wp-json\/wp\/v2\/product_brand?post=117194"},{"taxonomy":"product_cat","embeddable":true,"href":"https:\/\/www.bagnoitalia.com\/es\/wp-json\/wp\/v2\/product_cat?post=117194"},{"taxonomy":"product_tag","embeddable":true,"href":"https:\/\/www.bagnoitalia.com\/es\/wp-json\/wp\/v2\/product_tag?post=117194"}],"curies":[{"name":"wp","href":"https:\/\/api.w.org\/{rel}","templated":true}]}}