{"id":115978,"date":"2022-09-07T09:53:31","date_gmt":"2022-09-07T07:53:31","guid":{"rendered":"https:\/\/www.bagnoitalia.com\/led-mirror-60x80-or-120x80-cm-with-magnifying-glass-and-anti-fog-available-with-the-addition-of-30x80-cm-rgb-led-mirror-sp057.html"},"modified":"2026-01-27T15:59:12","modified_gmt":"2026-01-27T14:59:12","slug":"led-mirror-60x80-or-120x80-cm-with-magnifying-glass-and-anti-fog-available-with-the-addition-of-30x80-cm-rgb-led-mirror-sp057","status":"publish","type":"product","link":"https:\/\/www.bagnoitalia.com\/es\/producto\/led-mirror-60x80-or-120x80-cm-with-magnifying-glass-and-anti-fog-available-with-the-addition-of-30x80-cm-rgb-led-mirror-sp057.html","title":{"rendered":"Espejo LED de 60 x 80 o 120 x 80 cm con lupa y antivaho, disponible con la adici\u00f3n de un espejo LED RGB de 30 x 80 cm SP057"},"content":{"rendered":"<p>ESPEJO LED MODERNO EN 3 MODELOS<\/p>\n<p>&nbsp;<\/p>\n<p>Espejo con dise\u00f1o moderno, reversible, disponible en los siguientes tama\u00f1os:<\/p>\n<p>60&#215;80 cm<br \/>\n120&#215;80 cm<\/p>\n<p>Grosor: 2 cm<\/p>\n<p>En el men\u00fa desplegable, es posible a\u00f1adir un espejo de 30&#215;80 cm, con efecto bronceado y equipado con retroiluminaci\u00f3n LED rgb, que ofrece una variaci\u00f3n de colores (que van del rojo al verde y al azul); los distintos tonos de color se pueden configurar gracias al mando a distancia suministrado.<\/p>\n<p>Caracter\u00edsticas:<\/p>\n<p>los espejos de 60&#215;80 y 120&#215;80 cm tienen iluminaci\u00f3n LED en forma de franjas y est\u00e1n equipados con una lupa y un sistema antivaho (anti-fog).<\/p>\n<p>&nbsp;<\/p>\n<p>Detalles t\u00e9cnicos:<\/p>\n<p>este tipo de iluminaci\u00f3n LED garantiza un ahorro energ\u00e9tico del 90 % en comparaci\u00f3n con las bombillas hal\u00f3genas o incandescentes comunes y tiene una vida \u00fatil m\u00e1s larga<\/p>\n<p>Respaldo de madera (retr\u00e1ctil) con fijaciones incluidas.<\/p>\n<p>Color de la luz: fr\u00edo (6500k).<\/p>\n<p>Alimentaci\u00f3n: 220V.<\/p>\n<p>Consumo:<\/p>\n<p>Espejo 60&#215;80 cm: 23 vatios.<br \/>\nEspejo 120&#215;80 cm: 42 vatios.<br \/>\nEspejo 30&#215;80 cm: 17 vatios.<\/p>\n","protected":false},"excerpt":{"rendered":"<p>Espejo con iluminaci\u00f3n LED, reversible, equipado con lupa y sistema antivaho. Tambi\u00e9n disponible con la adici\u00f3n de un espejo LED RGB de 30&#215;80.<\/p>\n","protected":false},"featured_media":56309,"comment_status":"open","ping_status":"closed","template":"","meta":[],"product_brand":[9881],"product_cat":[9681],"product_tag":[],"class_list":{"0":"post-115978","1":"product","2":"type-product","3":"status-publish","4":"has-post-thumbnail","6":"product_brand-vari-produttori-es","7":"product_cat-espejos","9":"first","10":"instock","11":"sale","12":"taxable","13":"shipping-taxable","14":"purchasable","15":"product-type-simple"},"exclude_global_add_ons":false,"addons":[{"name":"Espejo","type":"multiple_choice","position":0,"required":true,"title_format":"heading","default":"","description_enable":false,"description":"","placeholder_enable":false,"placeholder":"","display":"select","restrictions_type":"any_text","adjust_price":false,"price":"","price_type":"flat_fee","restrictions":false,"min":"0","max":"0","options":[{"label":"60x80 cm","price":"","price_type":"quantity_based","image":0,"visibility":true},{"label":"120x80 cm","price":"108.2","price_type":"quantity_based","image":0,"visibility":true}],"id":1718632962},{"name":"Tipolog\u00eda","type":"multiple_choice","position":1,"required":true,"title_format":"heading","default":"","description_enable":false,"description":"","placeholder_enable":false,"placeholder":"","display":"select","restrictions_type":"any_text","adjust_price":false,"price":"","price_type":"flat_fee","restrictions":false,"min":"0","max":"0","options":[{"label":"est\u00e1ndar","price":"","price_type":"quantity_based","image":0,"visibility":true},{"label":"con espejo LED RGB de 30 x 80 cm","price":"176.07","price_type":"quantity_based","image":0,"visibility":true}],"id":1718632963}],"yoast_head":"<!-- This site is optimized with the Yoast SEO plugin v26.7 - https:\/\/yoast.com\/wordpress\/plugins\/seo\/ -->\n<title>Espejo LED de 60 x 80 o 120 x 80 cm con lupa y antivaho, disponible con la adici\u00f3n de un espejo LED RGB de 30 x 80 cm SP057 - Bagno Italia<\/title>\n<meta name=\"description\" content=\"Mirror with LED lighting, reversible, equipped with a magnifying glass and anti-fog system. Also available with the addition of a 30x80 RGB LED mirror\" \/>\n<meta name=\"robots\" content=\"index, follow, max-snippet:-1, max-image-preview:large, max-video-preview:-1\" \/>\n<link rel=\"canonical\" href=\"https:\/\/www.bagnoitalia.com\/es\/producto\/led-mirror-60x80-or-120x80-cm-with-magnifying-glass-and-anti-fog-available-with-the-addition-of-30x80-cm-rgb-led-mirror-sp057.html\" \/>\n<meta property=\"og:locale\" content=\"es_ES\" \/>\n<meta property=\"og:type\" content=\"article\" \/>\n<meta property=\"og:title\" content=\"Espejo LED de 60 x 80 o 120 x 80 cm con lupa y antivaho, disponible con la adici\u00f3n de un espejo LED RGB de 30 x 80 cm SP057 - Bagno Italia\" \/>\n<meta property=\"og:description\" content=\"Mirror with LED lighting, reversible, equipped with a magnifying glass and anti-fog system. Also available with the addition of a 30x80 RGB LED mirror\" \/>\n<meta property=\"og:url\" content=\"https:\/\/www.bagnoitalia.com\/es\/producto\/led-mirror-60x80-or-120x80-cm-with-magnifying-glass-and-anti-fog-available-with-the-addition-of-30x80-cm-rgb-led-mirror-sp057.html\" \/>\n<meta property=\"og:site_name\" content=\"Bagno Italia\" \/>\n<meta property=\"article:modified_time\" content=\"2026-01-27T14:59:12+00:00\" \/>\n<meta property=\"og:image\" content=\"https:\/\/img.bagnoitalia.com\/wp-content\/uploads\/virtuemart\/product\/led-mirror-60x80-or-120x80-cm.jpg\" \/>\n\t<meta property=\"og:image:width\" content=\"550\" \/>\n\t<meta property=\"og:image:height\" content=\"550\" \/>\n\t<meta property=\"og:image:type\" content=\"image\/jpeg\" \/>\n<meta name=\"twitter:card\" content=\"summary_large_image\" \/>\n<meta name=\"twitter:label1\" content=\"Tiempo de lectura\" \/>\n\t<meta name=\"twitter:data1\" content=\"1 minuto\" \/>\n<script type=\"application\/ld+json\" class=\"yoast-schema-graph\">{\"@context\":\"https:\/\/schema.org\",\"@graph\":[{\"@type\":\"WebPage\",\"@id\":\"https:\/\/www.bagnoitalia.com\/es\/producto\/led-mirror-60x80-or-120x80-cm-with-magnifying-glass-and-anti-fog-available-with-the-addition-of-30x80-cm-rgb-led-mirror-sp057.html\",\"url\":\"https:\/\/www.bagnoitalia.com\/es\/producto\/led-mirror-60x80-or-120x80-cm-with-magnifying-glass-and-anti-fog-available-with-the-addition-of-30x80-cm-rgb-led-mirror-sp057.html\",\"name\":\"Espejo LED de 60 x 80 o 120 x 80 cm con lupa y antivaho, disponible con la adici\u00f3n de un espejo LED RGB de 30 x 80 cm SP057 - Bagno Italia\",\"isPartOf\":{\"@id\":\"https:\/\/www.bagnoitalia.com\/es#website\"},\"primaryImageOfPage\":{\"@id\":\"https:\/\/www.bagnoitalia.com\/es\/producto\/led-mirror-60x80-or-120x80-cm-with-magnifying-glass-and-anti-fog-available-with-the-addition-of-30x80-cm-rgb-led-mirror-sp057.html#primaryimage\"},\"image\":{\"@id\":\"https:\/\/www.bagnoitalia.com\/es\/producto\/led-mirror-60x80-or-120x80-cm-with-magnifying-glass-and-anti-fog-available-with-the-addition-of-30x80-cm-rgb-led-mirror-sp057.html#primaryimage\"},\"thumbnailUrl\":\"https:\/\/img.bagnoitalia.com\/wp-content\/uploads\/virtuemart\/product\/led-mirror-60x80-or-120x80-cm.jpg\",\"datePublished\":\"2022-09-07T07:53:31+00:00\",\"dateModified\":\"2026-01-27T14:59:12+00:00\",\"description\":\"Mirror with LED lighting, reversible, equipped with a magnifying glass and anti-fog system. Also available with the addition of a 30x80 RGB LED mirror\",\"breadcrumb\":{\"@id\":\"https:\/\/www.bagnoitalia.com\/es\/producto\/led-mirror-60x80-or-120x80-cm-with-magnifying-glass-and-anti-fog-available-with-the-addition-of-30x80-cm-rgb-led-mirror-sp057.html#breadcrumb\"},\"inLanguage\":\"es\",\"potentialAction\":[{\"@type\":\"ReadAction\",\"target\":[\"https:\/\/www.bagnoitalia.com\/es\/producto\/led-mirror-60x80-or-120x80-cm-with-magnifying-glass-and-anti-fog-available-with-the-addition-of-30x80-cm-rgb-led-mirror-sp057.html\"]}]},{\"@type\":\"ImageObject\",\"inLanguage\":\"es\",\"@id\":\"https:\/\/www.bagnoitalia.com\/es\/producto\/led-mirror-60x80-or-120x80-cm-with-magnifying-glass-and-anti-fog-available-with-the-addition-of-30x80-cm-rgb-led-mirror-sp057.html#primaryimage\",\"url\":\"https:\/\/img.bagnoitalia.com\/wp-content\/uploads\/virtuemart\/product\/led-mirror-60x80-or-120x80-cm.jpg\",\"contentUrl\":\"https:\/\/img.bagnoitalia.com\/wp-content\/uploads\/virtuemart\/product\/led-mirror-60x80-or-120x80-cm.jpg\",\"width\":550,\"height\":550},{\"@type\":\"BreadcrumbList\",\"@id\":\"https:\/\/www.bagnoitalia.com\/es\/producto\/led-mirror-60x80-or-120x80-cm-with-magnifying-glass-and-anti-fog-available-with-the-addition-of-30x80-cm-rgb-led-mirror-sp057.html#breadcrumb\",\"itemListElement\":[{\"@type\":\"ListItem\",\"position\":1,\"name\":\"Home\",\"item\":\"https:\/\/www.bagnoitalia.com\/es\"},{\"@type\":\"ListItem\",\"position\":2,\"name\":\"Productos\",\"item\":\"https:\/\/www.bagnoitalia.com\/es\/shop\"},{\"@type\":\"ListItem\",\"position\":3,\"name\":\"Espejo LED de 60 x 80 o 120 x 80 cm con lupa y antivaho, disponible con la adici\u00f3n de un espejo LED RGB de 30 x 80 cm SP057\"}]},{\"@type\":\"WebSite\",\"@id\":\"https:\/\/www.bagnoitalia.com\/es#website\",\"url\":\"https:\/\/www.bagnoitalia.com\/es\",\"name\":\"Bagno Italia\",\"description\":\"\",\"publisher\":{\"@id\":\"https:\/\/www.bagnoitalia.com\/es#organization\"},\"potentialAction\":[{\"@type\":\"SearchAction\",\"target\":{\"@type\":\"EntryPoint\",\"urlTemplate\":\"https:\/\/www.bagnoitalia.com\/es?s={search_term_string}\"},\"query-input\":{\"@type\":\"PropertyValueSpecification\",\"valueRequired\":true,\"valueName\":\"search_term_string\"}}],\"inLanguage\":\"es\"},{\"@type\":\"Organization\",\"@id\":\"https:\/\/www.bagnoitalia.com\/es#organization\",\"name\":\"Bagno Italia\",\"url\":\"https:\/\/www.bagnoitalia.com\/es\",\"logo\":{\"@type\":\"ImageObject\",\"inLanguage\":\"es\",\"@id\":\"https:\/\/www.bagnoitalia.com\/es#\/schema\/logo\/image\/\",\"url\":\"https:\/\/img.bagnoitalia.com\/wp-content\/uploads\/logo-bagnoitalia.webp\",\"contentUrl\":\"https:\/\/img.bagnoitalia.com\/wp-content\/uploads\/logo-bagnoitalia.webp\",\"width\":400,\"height\":70,\"caption\":\"Bagno Italia\"},\"image\":{\"@id\":\"https:\/\/www.bagnoitalia.com\/es#\/schema\/logo\/image\/\"}}]}<\/script>\n<!-- \/ Yoast SEO plugin. -->","yoast_head_json":{"title":"Espejo LED de 60 x 80 o 120 x 80 cm con lupa y antivaho, disponible con la adici\u00f3n de un espejo LED RGB de 30 x 80 cm SP057 - Bagno Italia","description":"Mirror with LED lighting, reversible, equipped with a magnifying glass and anti-fog system. Also available with the addition of a 30x80 RGB LED mirror","robots":{"index":"index","follow":"follow","max-snippet":"max-snippet:-1","max-image-preview":"max-image-preview:large","max-video-preview":"max-video-preview:-1"},"canonical":"https:\/\/www.bagnoitalia.com\/es\/producto\/led-mirror-60x80-or-120x80-cm-with-magnifying-glass-and-anti-fog-available-with-the-addition-of-30x80-cm-rgb-led-mirror-sp057.html","og_locale":"es_ES","og_type":"article","og_title":"Espejo LED de 60 x 80 o 120 x 80 cm con lupa y antivaho, disponible con la adici\u00f3n de un espejo LED RGB de 30 x 80 cm SP057 - Bagno Italia","og_description":"Mirror with LED lighting, reversible, equipped with a magnifying glass and anti-fog system. Also available with the addition of a 30x80 RGB LED mirror","og_url":"https:\/\/www.bagnoitalia.com\/es\/producto\/led-mirror-60x80-or-120x80-cm-with-magnifying-glass-and-anti-fog-available-with-the-addition-of-30x80-cm-rgb-led-mirror-sp057.html","og_site_name":"Bagno Italia","article_modified_time":"2026-01-27T14:59:12+00:00","og_image":[{"width":550,"height":550,"url":"https:\/\/img.bagnoitalia.com\/wp-content\/uploads\/virtuemart\/product\/led-mirror-60x80-or-120x80-cm.jpg","type":"image\/jpeg"}],"twitter_card":"summary_large_image","twitter_misc":{"Tiempo de lectura":"1 minuto"},"schema":{"@context":"https:\/\/schema.org","@graph":[{"@type":"WebPage","@id":"https:\/\/www.bagnoitalia.com\/es\/producto\/led-mirror-60x80-or-120x80-cm-with-magnifying-glass-and-anti-fog-available-with-the-addition-of-30x80-cm-rgb-led-mirror-sp057.html","url":"https:\/\/www.bagnoitalia.com\/es\/producto\/led-mirror-60x80-or-120x80-cm-with-magnifying-glass-and-anti-fog-available-with-the-addition-of-30x80-cm-rgb-led-mirror-sp057.html","name":"Espejo LED de 60 x 80 o 120 x 80 cm con lupa y antivaho, disponible con la adici\u00f3n de un espejo LED RGB de 30 x 80 cm SP057 - Bagno Italia","isPartOf":{"@id":"https:\/\/www.bagnoitalia.com\/es#website"},"primaryImageOfPage":{"@id":"https:\/\/www.bagnoitalia.com\/es\/producto\/led-mirror-60x80-or-120x80-cm-with-magnifying-glass-and-anti-fog-available-with-the-addition-of-30x80-cm-rgb-led-mirror-sp057.html#primaryimage"},"image":{"@id":"https:\/\/www.bagnoitalia.com\/es\/producto\/led-mirror-60x80-or-120x80-cm-with-magnifying-glass-and-anti-fog-available-with-the-addition-of-30x80-cm-rgb-led-mirror-sp057.html#primaryimage"},"thumbnailUrl":"https:\/\/img.bagnoitalia.com\/wp-content\/uploads\/virtuemart\/product\/led-mirror-60x80-or-120x80-cm.jpg","datePublished":"2022-09-07T07:53:31+00:00","dateModified":"2026-01-27T14:59:12+00:00","description":"Mirror with LED lighting, reversible, equipped with a magnifying glass and anti-fog system. Also available with the addition of a 30x80 RGB LED mirror","breadcrumb":{"@id":"https:\/\/www.bagnoitalia.com\/es\/producto\/led-mirror-60x80-or-120x80-cm-with-magnifying-glass-and-anti-fog-available-with-the-addition-of-30x80-cm-rgb-led-mirror-sp057.html#breadcrumb"},"inLanguage":"es","potentialAction":[{"@type":"ReadAction","target":["https:\/\/www.bagnoitalia.com\/es\/producto\/led-mirror-60x80-or-120x80-cm-with-magnifying-glass-and-anti-fog-available-with-the-addition-of-30x80-cm-rgb-led-mirror-sp057.html"]}]},{"@type":"ImageObject","inLanguage":"es","@id":"https:\/\/www.bagnoitalia.com\/es\/producto\/led-mirror-60x80-or-120x80-cm-with-magnifying-glass-and-anti-fog-available-with-the-addition-of-30x80-cm-rgb-led-mirror-sp057.html#primaryimage","url":"https:\/\/img.bagnoitalia.com\/wp-content\/uploads\/virtuemart\/product\/led-mirror-60x80-or-120x80-cm.jpg","contentUrl":"https:\/\/img.bagnoitalia.com\/wp-content\/uploads\/virtuemart\/product\/led-mirror-60x80-or-120x80-cm.jpg","width":550,"height":550},{"@type":"BreadcrumbList","@id":"https:\/\/www.bagnoitalia.com\/es\/producto\/led-mirror-60x80-or-120x80-cm-with-magnifying-glass-and-anti-fog-available-with-the-addition-of-30x80-cm-rgb-led-mirror-sp057.html#breadcrumb","itemListElement":[{"@type":"ListItem","position":1,"name":"Home","item":"https:\/\/www.bagnoitalia.com\/es"},{"@type":"ListItem","position":2,"name":"Productos","item":"https:\/\/www.bagnoitalia.com\/es\/shop"},{"@type":"ListItem","position":3,"name":"Espejo LED de 60 x 80 o 120 x 80 cm con lupa y antivaho, disponible con la adici\u00f3n de un espejo LED RGB de 30 x 80 cm SP057"}]},{"@type":"WebSite","@id":"https:\/\/www.bagnoitalia.com\/es#website","url":"https:\/\/www.bagnoitalia.com\/es","name":"Bagno Italia","description":"","publisher":{"@id":"https:\/\/www.bagnoitalia.com\/es#organization"},"potentialAction":[{"@type":"SearchAction","target":{"@type":"EntryPoint","urlTemplate":"https:\/\/www.bagnoitalia.com\/es?s={search_term_string}"},"query-input":{"@type":"PropertyValueSpecification","valueRequired":true,"valueName":"search_term_string"}}],"inLanguage":"es"},{"@type":"Organization","@id":"https:\/\/www.bagnoitalia.com\/es#organization","name":"Bagno Italia","url":"https:\/\/www.bagnoitalia.com\/es","logo":{"@type":"ImageObject","inLanguage":"es","@id":"https:\/\/www.bagnoitalia.com\/es#\/schema\/logo\/image\/","url":"https:\/\/img.bagnoitalia.com\/wp-content\/uploads\/logo-bagnoitalia.webp","contentUrl":"https:\/\/img.bagnoitalia.com\/wp-content\/uploads\/logo-bagnoitalia.webp","width":400,"height":70,"caption":"Bagno Italia"},"image":{"@id":"https:\/\/www.bagnoitalia.com\/es#\/schema\/logo\/image\/"}}]}},"_links":{"self":[{"href":"https:\/\/www.bagnoitalia.com\/es\/wp-json\/wp\/v2\/product\/115978","targetHints":{"allow":["GET"]}}],"collection":[{"href":"https:\/\/www.bagnoitalia.com\/es\/wp-json\/wp\/v2\/product"}],"about":[{"href":"https:\/\/www.bagnoitalia.com\/es\/wp-json\/wp\/v2\/types\/product"}],"replies":[{"embeddable":true,"href":"https:\/\/www.bagnoitalia.com\/es\/wp-json\/wp\/v2\/comments?post=115978"}],"version-history":[{"count":2,"href":"https:\/\/www.bagnoitalia.com\/es\/wp-json\/wp\/v2\/product\/115978\/revisions"}],"predecessor-version":[{"id":115984,"href":"https:\/\/www.bagnoitalia.com\/es\/wp-json\/wp\/v2\/product\/115978\/revisions\/115984"}],"wp:featuredmedia":[{"embeddable":true,"href":"https:\/\/www.bagnoitalia.com\/es\/wp-json\/wp\/v2\/media\/56309"}],"wp:attachment":[{"href":"https:\/\/www.bagnoitalia.com\/es\/wp-json\/wp\/v2\/media?parent=115978"}],"wp:term":[{"taxonomy":"product_brand","embeddable":true,"href":"https:\/\/www.bagnoitalia.com\/es\/wp-json\/wp\/v2\/product_brand?post=115978"},{"taxonomy":"product_cat","embeddable":true,"href":"https:\/\/www.bagnoitalia.com\/es\/wp-json\/wp\/v2\/product_cat?post=115978"},{"taxonomy":"product_tag","embeddable":true,"href":"https:\/\/www.bagnoitalia.com\/es\/wp-json\/wp\/v2\/product_tag?post=115978"}],"curies":[{"name":"wp","href":"https:\/\/api.w.org\/{rel}","templated":true}]}}