{"id":115923,"date":"2022-08-04T12:17:19","date_gmt":"2022-08-04T10:17:19","guid":{"rendered":"https:\/\/www.bagnoitalia.com\/extending-table-140-to-180-cm-6-to-8-seats-wooden-top-and-crossed-metal-legs-tl016.html"},"modified":"2026-01-26T16:12:09","modified_gmt":"2026-01-26T15:12:09","slug":"extending-table-140-to-180-cm-6-to-8-seats-wooden-top-and-crossed-metal-legs-tl016","status":"publish","type":"product","link":"https:\/\/www.bagnoitalia.com\/es\/producto\/extending-table-140-to-180-cm-6-to-8-seats-wooden-top-and-crossed-metal-legs-tl016.html","title":{"rendered":"Mesa extensible de 140 a 180 cm, de 6 a 8 plazas. Tablero de madera y patas met\u00e1licas cruzadas. TL016"},"content":{"rendered":"<p>MESA EXTENSIBLE PARA SAL\u00d3N<\/p>\n<p>&nbsp;<\/p>\n<p>CARACTER\u00cdSTICAS DEL PRODUCTO:<\/p>\n<p>Mesa extensible para comedor y sal\u00f3n.<\/p>\n<p>Tama\u00f1o: 140 x 90 cm (extensi\u00f3n m\u00e1xima 180 x 90 cm).<\/p>\n<p>Altura: 74,5 cm.<\/p>\n<p>Material del tablero: madera con acabado natural.<\/p>\n<p>Material de las patas: metal.<\/p>\n<p>Acabado de las patas: recubrimiento de polvo epoxi negro.<\/p>\n<p>Tipo de patas: cruzadas.<\/p>\n<p>N\u00famero de comensales: de 6 a 8.<\/p>\n<p>&nbsp;<\/p>\n<p>&nbsp;<\/p>\n<p>&nbsp;<\/p>\n<p>&nbsp;<\/p>\n<p>&nbsp;<\/p>\n<p>&nbsp;<\/p>\n<p>SPI-RQ<\/p>\n","protected":false},"excerpt":{"rendered":"<p>Mesa de sal\u00f3n extensible de 140 a 180 x 90 cm. Tablero de madera y patas cruzadas de metal con recubrimiento de polvo epoxi negro. Capacidad para 6 a 8 personas.<\/p>\n","protected":false},"featured_media":54408,"comment_status":"open","ping_status":"closed","template":"","meta":[],"product_brand":[9884],"product_cat":[10008],"product_tag":[],"class_list":{"0":"post-115923","1":"product","2":"type-product","3":"status-publish","4":"has-post-thumbnail","6":"product_brand-deghi-es","7":"product_cat-tablas","9":"first","10":"instock","11":"sale","12":"taxable","13":"shipping-taxable","14":"purchasable","15":"product-type-simple"},"exclude_global_add_ons":[],"addons":[],"yoast_head":"<!-- This site is optimized with the Yoast SEO plugin v26.7 - https:\/\/yoast.com\/wordpress\/plugins\/seo\/ -->\n<title>Extending table 140 to 180 cm 6 to 8 seats Wooden top and crossed metal legs TL016<\/title>\n<meta name=\"description\" content=\"Living room table extendable from 140 to 180x90cm. Wooden top and crossed legs in black epoxy powder-coated metal. Seats from 6 to 8.\" \/>\n<meta name=\"robots\" content=\"index, follow, max-snippet:-1, max-image-preview:large, max-video-preview:-1\" \/>\n<link rel=\"canonical\" href=\"https:\/\/www.bagnoitalia.com\/es\/producto\/extending-table-140-to-180-cm-6-to-8-seats-wooden-top-and-crossed-metal-legs-tl016.html\" \/>\n<meta property=\"og:locale\" content=\"es_ES\" \/>\n<meta property=\"og:type\" content=\"article\" \/>\n<meta property=\"og:title\" content=\"Extending table 140 to 180 cm 6 to 8 seats Wooden top and crossed metal legs TL016\" \/>\n<meta property=\"og:description\" content=\"Living room table extendable from 140 to 180x90cm. Wooden top and crossed legs in black epoxy powder-coated metal. Seats from 6 to 8.\" \/>\n<meta property=\"og:url\" content=\"https:\/\/www.bagnoitalia.com\/es\/producto\/extending-table-140-to-180-cm-6-to-8-seats-wooden-top-and-crossed-metal-legs-tl016.html\" \/>\n<meta property=\"og:site_name\" content=\"Bagno Italia\" \/>\n<meta property=\"article:modified_time\" content=\"2026-01-26T15:12:09+00:00\" \/>\n<meta property=\"og:image\" content=\"https:\/\/img.bagnoitalia.com\/wp-content\/uploads\/virtuemart\/product\/tav016-1.jpg\" \/>\n\t<meta property=\"og:image:width\" content=\"550\" \/>\n\t<meta property=\"og:image:height\" content=\"550\" \/>\n\t<meta property=\"og:image:type\" content=\"image\/jpeg\" \/>\n<meta name=\"twitter:card\" content=\"summary_large_image\" \/>\n<meta name=\"twitter:label1\" content=\"Tiempo de lectura\" \/>\n\t<meta name=\"twitter:data1\" content=\"1 minuto\" \/>\n<script type=\"application\/ld+json\" class=\"yoast-schema-graph\">{\"@context\":\"https:\/\/schema.org\",\"@graph\":[{\"@type\":\"WebPage\",\"@id\":\"https:\/\/www.bagnoitalia.com\/es\/producto\/extending-table-140-to-180-cm-6-to-8-seats-wooden-top-and-crossed-metal-legs-tl016.html\",\"url\":\"https:\/\/www.bagnoitalia.com\/es\/producto\/extending-table-140-to-180-cm-6-to-8-seats-wooden-top-and-crossed-metal-legs-tl016.html\",\"name\":\"Extending table 140 to 180 cm 6 to 8 seats Wooden top and crossed metal legs TL016\",\"isPartOf\":{\"@id\":\"https:\/\/www.bagnoitalia.com\/es#website\"},\"primaryImageOfPage\":{\"@id\":\"https:\/\/www.bagnoitalia.com\/es\/producto\/extending-table-140-to-180-cm-6-to-8-seats-wooden-top-and-crossed-metal-legs-tl016.html#primaryimage\"},\"image\":{\"@id\":\"https:\/\/www.bagnoitalia.com\/es\/producto\/extending-table-140-to-180-cm-6-to-8-seats-wooden-top-and-crossed-metal-legs-tl016.html#primaryimage\"},\"thumbnailUrl\":\"https:\/\/img.bagnoitalia.com\/wp-content\/uploads\/virtuemart\/product\/tav016-1.jpg\",\"datePublished\":\"2022-08-04T10:17:19+00:00\",\"dateModified\":\"2026-01-26T15:12:09+00:00\",\"description\":\"Living room table extendable from 140 to 180x90cm. Wooden top and crossed legs in black epoxy powder-coated metal. Seats from 6 to 8.\",\"breadcrumb\":{\"@id\":\"https:\/\/www.bagnoitalia.com\/es\/producto\/extending-table-140-to-180-cm-6-to-8-seats-wooden-top-and-crossed-metal-legs-tl016.html#breadcrumb\"},\"inLanguage\":\"es\",\"potentialAction\":[{\"@type\":\"ReadAction\",\"target\":[\"https:\/\/www.bagnoitalia.com\/es\/producto\/extending-table-140-to-180-cm-6-to-8-seats-wooden-top-and-crossed-metal-legs-tl016.html\"]}]},{\"@type\":\"ImageObject\",\"inLanguage\":\"es\",\"@id\":\"https:\/\/www.bagnoitalia.com\/es\/producto\/extending-table-140-to-180-cm-6-to-8-seats-wooden-top-and-crossed-metal-legs-tl016.html#primaryimage\",\"url\":\"https:\/\/img.bagnoitalia.com\/wp-content\/uploads\/virtuemart\/product\/tav016-1.jpg\",\"contentUrl\":\"https:\/\/img.bagnoitalia.com\/wp-content\/uploads\/virtuemart\/product\/tav016-1.jpg\",\"width\":550,\"height\":550},{\"@type\":\"BreadcrumbList\",\"@id\":\"https:\/\/www.bagnoitalia.com\/es\/producto\/extending-table-140-to-180-cm-6-to-8-seats-wooden-top-and-crossed-metal-legs-tl016.html#breadcrumb\",\"itemListElement\":[{\"@type\":\"ListItem\",\"position\":1,\"name\":\"Home\",\"item\":\"https:\/\/www.bagnoitalia.com\/es\"},{\"@type\":\"ListItem\",\"position\":2,\"name\":\"Productos\",\"item\":\"https:\/\/www.bagnoitalia.com\/es\/shop\"},{\"@type\":\"ListItem\",\"position\":3,\"name\":\"Mesa extensible de 140 a 180 cm, de 6 a 8 plazas. Tablero de madera y patas met\u00e1licas cruzadas. TL016\"}]},{\"@type\":\"WebSite\",\"@id\":\"https:\/\/www.bagnoitalia.com\/es#website\",\"url\":\"https:\/\/www.bagnoitalia.com\/es\",\"name\":\"Bagno Italia\",\"description\":\"\",\"publisher\":{\"@id\":\"https:\/\/www.bagnoitalia.com\/es#organization\"},\"potentialAction\":[{\"@type\":\"SearchAction\",\"target\":{\"@type\":\"EntryPoint\",\"urlTemplate\":\"https:\/\/www.bagnoitalia.com\/es?s={search_term_string}\"},\"query-input\":{\"@type\":\"PropertyValueSpecification\",\"valueRequired\":true,\"valueName\":\"search_term_string\"}}],\"inLanguage\":\"es\"},{\"@type\":\"Organization\",\"@id\":\"https:\/\/www.bagnoitalia.com\/es#organization\",\"name\":\"Bagno Italia\",\"url\":\"https:\/\/www.bagnoitalia.com\/es\",\"logo\":{\"@type\":\"ImageObject\",\"inLanguage\":\"es\",\"@id\":\"https:\/\/www.bagnoitalia.com\/es#\/schema\/logo\/image\/\",\"url\":\"https:\/\/img.bagnoitalia.com\/wp-content\/uploads\/logo-bagnoitalia.webp\",\"contentUrl\":\"https:\/\/img.bagnoitalia.com\/wp-content\/uploads\/logo-bagnoitalia.webp\",\"width\":400,\"height\":70,\"caption\":\"Bagno Italia\"},\"image\":{\"@id\":\"https:\/\/www.bagnoitalia.com\/es#\/schema\/logo\/image\/\"}}]}<\/script>\n<!-- \/ Yoast SEO plugin. -->","yoast_head_json":{"title":"Extending table 140 to 180 cm 6 to 8 seats Wooden top and crossed metal legs TL016","description":"Living room table extendable from 140 to 180x90cm. Wooden top and crossed legs in black epoxy powder-coated metal. Seats from 6 to 8.","robots":{"index":"index","follow":"follow","max-snippet":"max-snippet:-1","max-image-preview":"max-image-preview:large","max-video-preview":"max-video-preview:-1"},"canonical":"https:\/\/www.bagnoitalia.com\/es\/producto\/extending-table-140-to-180-cm-6-to-8-seats-wooden-top-and-crossed-metal-legs-tl016.html","og_locale":"es_ES","og_type":"article","og_title":"Extending table 140 to 180 cm 6 to 8 seats Wooden top and crossed metal legs TL016","og_description":"Living room table extendable from 140 to 180x90cm. Wooden top and crossed legs in black epoxy powder-coated metal. Seats from 6 to 8.","og_url":"https:\/\/www.bagnoitalia.com\/es\/producto\/extending-table-140-to-180-cm-6-to-8-seats-wooden-top-and-crossed-metal-legs-tl016.html","og_site_name":"Bagno Italia","article_modified_time":"2026-01-26T15:12:09+00:00","og_image":[{"width":550,"height":550,"url":"https:\/\/img.bagnoitalia.com\/wp-content\/uploads\/virtuemart\/product\/tav016-1.jpg","type":"image\/jpeg"}],"twitter_card":"summary_large_image","twitter_misc":{"Tiempo de lectura":"1 minuto"},"schema":{"@context":"https:\/\/schema.org","@graph":[{"@type":"WebPage","@id":"https:\/\/www.bagnoitalia.com\/es\/producto\/extending-table-140-to-180-cm-6-to-8-seats-wooden-top-and-crossed-metal-legs-tl016.html","url":"https:\/\/www.bagnoitalia.com\/es\/producto\/extending-table-140-to-180-cm-6-to-8-seats-wooden-top-and-crossed-metal-legs-tl016.html","name":"Extending table 140 to 180 cm 6 to 8 seats Wooden top and crossed metal legs TL016","isPartOf":{"@id":"https:\/\/www.bagnoitalia.com\/es#website"},"primaryImageOfPage":{"@id":"https:\/\/www.bagnoitalia.com\/es\/producto\/extending-table-140-to-180-cm-6-to-8-seats-wooden-top-and-crossed-metal-legs-tl016.html#primaryimage"},"image":{"@id":"https:\/\/www.bagnoitalia.com\/es\/producto\/extending-table-140-to-180-cm-6-to-8-seats-wooden-top-and-crossed-metal-legs-tl016.html#primaryimage"},"thumbnailUrl":"https:\/\/img.bagnoitalia.com\/wp-content\/uploads\/virtuemart\/product\/tav016-1.jpg","datePublished":"2022-08-04T10:17:19+00:00","dateModified":"2026-01-26T15:12:09+00:00","description":"Living room table extendable from 140 to 180x90cm. Wooden top and crossed legs in black epoxy powder-coated metal. Seats from 6 to 8.","breadcrumb":{"@id":"https:\/\/www.bagnoitalia.com\/es\/producto\/extending-table-140-to-180-cm-6-to-8-seats-wooden-top-and-crossed-metal-legs-tl016.html#breadcrumb"},"inLanguage":"es","potentialAction":[{"@type":"ReadAction","target":["https:\/\/www.bagnoitalia.com\/es\/producto\/extending-table-140-to-180-cm-6-to-8-seats-wooden-top-and-crossed-metal-legs-tl016.html"]}]},{"@type":"ImageObject","inLanguage":"es","@id":"https:\/\/www.bagnoitalia.com\/es\/producto\/extending-table-140-to-180-cm-6-to-8-seats-wooden-top-and-crossed-metal-legs-tl016.html#primaryimage","url":"https:\/\/img.bagnoitalia.com\/wp-content\/uploads\/virtuemart\/product\/tav016-1.jpg","contentUrl":"https:\/\/img.bagnoitalia.com\/wp-content\/uploads\/virtuemart\/product\/tav016-1.jpg","width":550,"height":550},{"@type":"BreadcrumbList","@id":"https:\/\/www.bagnoitalia.com\/es\/producto\/extending-table-140-to-180-cm-6-to-8-seats-wooden-top-and-crossed-metal-legs-tl016.html#breadcrumb","itemListElement":[{"@type":"ListItem","position":1,"name":"Home","item":"https:\/\/www.bagnoitalia.com\/es"},{"@type":"ListItem","position":2,"name":"Productos","item":"https:\/\/www.bagnoitalia.com\/es\/shop"},{"@type":"ListItem","position":3,"name":"Mesa extensible de 140 a 180 cm, de 6 a 8 plazas. Tablero de madera y patas met\u00e1licas cruzadas. TL016"}]},{"@type":"WebSite","@id":"https:\/\/www.bagnoitalia.com\/es#website","url":"https:\/\/www.bagnoitalia.com\/es","name":"Bagno Italia","description":"","publisher":{"@id":"https:\/\/www.bagnoitalia.com\/es#organization"},"potentialAction":[{"@type":"SearchAction","target":{"@type":"EntryPoint","urlTemplate":"https:\/\/www.bagnoitalia.com\/es?s={search_term_string}"},"query-input":{"@type":"PropertyValueSpecification","valueRequired":true,"valueName":"search_term_string"}}],"inLanguage":"es"},{"@type":"Organization","@id":"https:\/\/www.bagnoitalia.com\/es#organization","name":"Bagno Italia","url":"https:\/\/www.bagnoitalia.com\/es","logo":{"@type":"ImageObject","inLanguage":"es","@id":"https:\/\/www.bagnoitalia.com\/es#\/schema\/logo\/image\/","url":"https:\/\/img.bagnoitalia.com\/wp-content\/uploads\/logo-bagnoitalia.webp","contentUrl":"https:\/\/img.bagnoitalia.com\/wp-content\/uploads\/logo-bagnoitalia.webp","width":400,"height":70,"caption":"Bagno Italia"},"image":{"@id":"https:\/\/www.bagnoitalia.com\/es#\/schema\/logo\/image\/"}}]}},"_links":{"self":[{"href":"https:\/\/www.bagnoitalia.com\/es\/wp-json\/wp\/v2\/product\/115923","targetHints":{"allow":["GET"]}}],"collection":[{"href":"https:\/\/www.bagnoitalia.com\/es\/wp-json\/wp\/v2\/product"}],"about":[{"href":"https:\/\/www.bagnoitalia.com\/es\/wp-json\/wp\/v2\/types\/product"}],"replies":[{"embeddable":true,"href":"https:\/\/www.bagnoitalia.com\/es\/wp-json\/wp\/v2\/comments?post=115923"}],"version-history":[{"count":1,"href":"https:\/\/www.bagnoitalia.com\/es\/wp-json\/wp\/v2\/product\/115923\/revisions"}],"predecessor-version":[{"id":115926,"href":"https:\/\/www.bagnoitalia.com\/es\/wp-json\/wp\/v2\/product\/115923\/revisions\/115926"}],"wp:featuredmedia":[{"embeddable":true,"href":"https:\/\/www.bagnoitalia.com\/es\/wp-json\/wp\/v2\/media\/54408"}],"wp:attachment":[{"href":"https:\/\/www.bagnoitalia.com\/es\/wp-json\/wp\/v2\/media?parent=115923"}],"wp:term":[{"taxonomy":"product_brand","embeddable":true,"href":"https:\/\/www.bagnoitalia.com\/es\/wp-json\/wp\/v2\/product_brand?post=115923"},{"taxonomy":"product_cat","embeddable":true,"href":"https:\/\/www.bagnoitalia.com\/es\/wp-json\/wp\/v2\/product_cat?post=115923"},{"taxonomy":"product_tag","embeddable":true,"href":"https:\/\/www.bagnoitalia.com\/es\/wp-json\/wp\/v2\/product_tag?post=115923"}],"curies":[{"name":"wp","href":"https:\/\/api.w.org\/{rel}","templated":true}]}}