{"id":114981,"date":"2025-11-18T14:54:36","date_gmt":"2025-11-18T13:54:36","guid":{"rendered":"https:\/\/www.bagnoitalia.com\/virgus-flush-to-wall-sanitary-ware-in-white-ceramic-with-monobloc-toilet-and-bidet-and-soft-close-toilet-seat.html"},"modified":"2025-11-18T15:04:22","modified_gmt":"2025-11-18T14:04:22","slug":"virgus-flush-to-wall-sanitary-ware-in-white-ceramic-with-monobloc-toilet-and-bidet-and-soft-close-toilet-seat","status":"publish","type":"product","link":"https:\/\/www.bagnoitalia.com\/es\/producto\/virgus-flush-to-wall-sanitary-ware-in-white-ceramic-with-monobloc-toilet-and-bidet-and-soft-close-toilet-seat.html","title":{"rendered":"Sanitarios Virgus empotrados en la pared de cer\u00e1mica blanca con inodoro y bid\u00e9 monobloque y asiento de inodoro con cierre suave"},"content":{"rendered":"<p>VIRGUS SANITARIOS MONOBLOQUE EMPOTRADOS EN LA PARED<\/p>\n<p>&nbsp;<\/p>\n<p>DIMENSIONES<\/p>\n<p>Bid\u00e9: 36,5 x 56 x 41 cm (alto)<\/p>\n<p>Inodoro monobloque: 38 x 68 cm (alto total 84 cm; altura del asiento 41 cm)<\/p>\n<p>&nbsp;<\/p>\n<p>DETALLES DEL PRODUCTO<\/p>\n<p>Serie completa de sanitarios de suelo.<\/p>\n<p>Bid\u00e9 monobloque empotrado de un solo orificio con rebosadero.<\/p>\n<p>Inodoro monobloque empotrado con reborde.<\/p>\n<p>Curva t\u00e9cnica NO incluida, se puede a\u00f1adir a trav\u00e9s del men\u00fa desplegable de arriba.<\/p>\n<p>Material de los sanitarios: cer\u00e1mica.<\/p>\n<p>Color: blanco brillante.<\/p>\n<p>Asiento de inodoro envolvente con mecanismo de cierre suave.<\/p>\n<p>Material de la tapa del asiento del inodoro: termoestable.<\/p>\n<p>Color de la tapa del asiento del inodoro: blanco brillante.<\/p>\n<p>&nbsp;<\/p>\n<p>NOTA: el grifo mezclador y el desag\u00fce no est\u00e1n incluidos en el precio.<\/p>\n<p>&nbsp;<\/p>\n<p>&nbsp;<\/p>\n<p>&nbsp;<\/p>\n<p>&nbsp;<\/p>\n<p>&nbsp;<\/p>\n<p>&nbsp;<\/p>\n<p>&nbsp;<\/p>\n<p>&nbsp;<\/p>\n<p>&nbsp;<\/p>\n<p>Volga INDMN<\/p>\n<p>CURV3<\/p>\n","protected":false},"excerpt":{"rendered":"<p>Juego de sanitarios con inodoro monobloque, asiento de inodoro Softclose y bid\u00e9. Posibilidad de elegir entre versi\u00f3n con desag\u00fce en el suelo o en la pared.<\/p>\n","protected":false},"featured_media":114949,"comment_status":"open","ping_status":"closed","template":"","meta":[],"product_brand":[9884],"product_cat":[9697],"product_tag":[],"class_list":{"0":"post-114981","1":"product","2":"type-product","3":"status-publish","4":"has-post-thumbnail","6":"product_brand-deghi-es","7":"product_cat-bano-sanitario","9":"first","10":"instock","11":"sale","12":"taxable","13":"shipping-taxable","14":"purchasable","15":"product-type-simple"},"exclude_global_add_ons":false,"addons":[{"name":"Tipo","type":"multiple_choice","position":0,"required":true,"title_format":"heading","default":"","description_enable":false,"description":"","placeholder_enable":false,"placeholder":"","display":"select","restrictions_type":"any_text","adjust_price":false,"price":"","price_type":"flat_fee","restrictions":false,"min":"0","max":"0","options":[{"label":"sin curva t\u00e9cnica","price":"","price_type":"quantity_based","image":0,"visibility":true},{"label":"CON curva t\u00e9cnica","price":"39","price_type":"quantity_based","image":0,"visibility":true}],"id":1763477677}],"yoast_head":"<!-- This site is optimized with the Yoast SEO plugin v26.7 - https:\/\/yoast.com\/wordpress\/plugins\/seo\/ -->\n<title>Sanitarios Virgus empotrados en la pared de cer\u00e1mica blanca con inodoro y bid\u00e9 monobloque y asiento de inodoro con cierre suave - Bagno Italia<\/title>\n<meta name=\"robots\" content=\"index, follow, max-snippet:-1, max-image-preview:large, max-video-preview:-1\" \/>\n<link rel=\"canonical\" href=\"https:\/\/www.bagnoitalia.com\/es\/producto\/virgus-flush-to-wall-sanitary-ware-in-white-ceramic-with-monobloc-toilet-and-bidet-and-soft-close-toilet-seat.html\" \/>\n<meta property=\"og:locale\" content=\"es_ES\" \/>\n<meta property=\"og:type\" content=\"article\" \/>\n<meta property=\"og:title\" content=\"Sanitarios Virgus empotrados en la pared de cer\u00e1mica blanca con inodoro y bid\u00e9 monobloque y asiento de inodoro con cierre suave - Bagno Italia\" \/>\n<meta property=\"og:description\" content=\"Juego de sanitarios con inodoro monobloque, asiento de inodoro Softclose y bid\u00e9. Posibilidad de elegir entre versi\u00f3n con desag\u00fce en el suelo o en la pared.\" \/>\n<meta property=\"og:url\" content=\"https:\/\/www.bagnoitalia.com\/es\/producto\/virgus-flush-to-wall-sanitary-ware-in-white-ceramic-with-monobloc-toilet-and-bidet-and-soft-close-toilet-seat.html\" \/>\n<meta property=\"og:site_name\" content=\"Bagno Italia\" \/>\n<meta property=\"article:modified_time\" content=\"2025-11-18T14:04:22+00:00\" \/>\n<meta property=\"og:image\" content=\"https:\/\/img.bagnoitalia.com\/wp-content\/uploads\/1-95.jpg\" \/>\n\t<meta property=\"og:image:width\" content=\"1000\" \/>\n\t<meta property=\"og:image:height\" content=\"1000\" \/>\n\t<meta property=\"og:image:type\" content=\"image\/jpeg\" \/>\n<meta name=\"twitter:card\" content=\"summary_large_image\" \/>\n<meta name=\"twitter:label1\" content=\"Tiempo de lectura\" \/>\n\t<meta name=\"twitter:data1\" content=\"1 minuto\" \/>\n<script type=\"application\/ld+json\" class=\"yoast-schema-graph\">{\"@context\":\"https:\/\/schema.org\",\"@graph\":[{\"@type\":\"WebPage\",\"@id\":\"https:\/\/www.bagnoitalia.com\/es\/producto\/virgus-flush-to-wall-sanitary-ware-in-white-ceramic-with-monobloc-toilet-and-bidet-and-soft-close-toilet-seat.html\",\"url\":\"https:\/\/www.bagnoitalia.com\/es\/producto\/virgus-flush-to-wall-sanitary-ware-in-white-ceramic-with-monobloc-toilet-and-bidet-and-soft-close-toilet-seat.html\",\"name\":\"Sanitarios Virgus empotrados en la pared de cer\u00e1mica blanca con inodoro y bid\u00e9 monobloque y asiento de inodoro con cierre suave - Bagno Italia\",\"isPartOf\":{\"@id\":\"https:\/\/www.bagnoitalia.com\/es#website\"},\"primaryImageOfPage\":{\"@id\":\"https:\/\/www.bagnoitalia.com\/es\/producto\/virgus-flush-to-wall-sanitary-ware-in-white-ceramic-with-monobloc-toilet-and-bidet-and-soft-close-toilet-seat.html#primaryimage\"},\"image\":{\"@id\":\"https:\/\/www.bagnoitalia.com\/es\/producto\/virgus-flush-to-wall-sanitary-ware-in-white-ceramic-with-monobloc-toilet-and-bidet-and-soft-close-toilet-seat.html#primaryimage\"},\"thumbnailUrl\":\"https:\/\/img.bagnoitalia.com\/wp-content\/uploads\/1-95.jpg\",\"datePublished\":\"2025-11-18T13:54:36+00:00\",\"dateModified\":\"2025-11-18T14:04:22+00:00\",\"breadcrumb\":{\"@id\":\"https:\/\/www.bagnoitalia.com\/es\/producto\/virgus-flush-to-wall-sanitary-ware-in-white-ceramic-with-monobloc-toilet-and-bidet-and-soft-close-toilet-seat.html#breadcrumb\"},\"inLanguage\":\"es\",\"potentialAction\":[{\"@type\":\"ReadAction\",\"target\":[\"https:\/\/www.bagnoitalia.com\/es\/producto\/virgus-flush-to-wall-sanitary-ware-in-white-ceramic-with-monobloc-toilet-and-bidet-and-soft-close-toilet-seat.html\"]}]},{\"@type\":\"ImageObject\",\"inLanguage\":\"es\",\"@id\":\"https:\/\/www.bagnoitalia.com\/es\/producto\/virgus-flush-to-wall-sanitary-ware-in-white-ceramic-with-monobloc-toilet-and-bidet-and-soft-close-toilet-seat.html#primaryimage\",\"url\":\"https:\/\/img.bagnoitalia.com\/wp-content\/uploads\/1-95.jpg\",\"contentUrl\":\"https:\/\/img.bagnoitalia.com\/wp-content\/uploads\/1-95.jpg\",\"width\":1000,\"height\":1000},{\"@type\":\"BreadcrumbList\",\"@id\":\"https:\/\/www.bagnoitalia.com\/es\/producto\/virgus-flush-to-wall-sanitary-ware-in-white-ceramic-with-monobloc-toilet-and-bidet-and-soft-close-toilet-seat.html#breadcrumb\",\"itemListElement\":[{\"@type\":\"ListItem\",\"position\":1,\"name\":\"Home\",\"item\":\"https:\/\/www.bagnoitalia.com\/es\"},{\"@type\":\"ListItem\",\"position\":2,\"name\":\"Productos\",\"item\":\"https:\/\/www.bagnoitalia.com\/es\/shop\"},{\"@type\":\"ListItem\",\"position\":3,\"name\":\"Sanitarios Virgus empotrados en la pared de cer\u00e1mica blanca con inodoro y bid\u00e9 monobloque y asiento de inodoro con cierre suave\"}]},{\"@type\":\"WebSite\",\"@id\":\"https:\/\/www.bagnoitalia.com\/es#website\",\"url\":\"https:\/\/www.bagnoitalia.com\/es\",\"name\":\"Bagno Italia\",\"description\":\"\",\"publisher\":{\"@id\":\"https:\/\/www.bagnoitalia.com\/es#organization\"},\"potentialAction\":[{\"@type\":\"SearchAction\",\"target\":{\"@type\":\"EntryPoint\",\"urlTemplate\":\"https:\/\/www.bagnoitalia.com\/es?s={search_term_string}\"},\"query-input\":{\"@type\":\"PropertyValueSpecification\",\"valueRequired\":true,\"valueName\":\"search_term_string\"}}],\"inLanguage\":\"es\"},{\"@type\":\"Organization\",\"@id\":\"https:\/\/www.bagnoitalia.com\/es#organization\",\"name\":\"Bagno Italia\",\"url\":\"https:\/\/www.bagnoitalia.com\/es\",\"logo\":{\"@type\":\"ImageObject\",\"inLanguage\":\"es\",\"@id\":\"https:\/\/www.bagnoitalia.com\/es#\/schema\/logo\/image\/\",\"url\":\"https:\/\/img.bagnoitalia.com\/wp-content\/uploads\/logo-bagnoitalia.webp\",\"contentUrl\":\"https:\/\/img.bagnoitalia.com\/wp-content\/uploads\/logo-bagnoitalia.webp\",\"width\":400,\"height\":70,\"caption\":\"Bagno Italia\"},\"image\":{\"@id\":\"https:\/\/www.bagnoitalia.com\/es#\/schema\/logo\/image\/\"}}]}<\/script>\n<!-- \/ Yoast SEO plugin. -->","yoast_head_json":{"title":"Sanitarios Virgus empotrados en la pared de cer\u00e1mica blanca con inodoro y bid\u00e9 monobloque y asiento de inodoro con cierre suave - Bagno Italia","robots":{"index":"index","follow":"follow","max-snippet":"max-snippet:-1","max-image-preview":"max-image-preview:large","max-video-preview":"max-video-preview:-1"},"canonical":"https:\/\/www.bagnoitalia.com\/es\/producto\/virgus-flush-to-wall-sanitary-ware-in-white-ceramic-with-monobloc-toilet-and-bidet-and-soft-close-toilet-seat.html","og_locale":"es_ES","og_type":"article","og_title":"Sanitarios Virgus empotrados en la pared de cer\u00e1mica blanca con inodoro y bid\u00e9 monobloque y asiento de inodoro con cierre suave - Bagno Italia","og_description":"Juego de sanitarios con inodoro monobloque, asiento de inodoro Softclose y bid\u00e9. Posibilidad de elegir entre versi\u00f3n con desag\u00fce en el suelo o en la pared.","og_url":"https:\/\/www.bagnoitalia.com\/es\/producto\/virgus-flush-to-wall-sanitary-ware-in-white-ceramic-with-monobloc-toilet-and-bidet-and-soft-close-toilet-seat.html","og_site_name":"Bagno Italia","article_modified_time":"2025-11-18T14:04:22+00:00","og_image":[{"width":1000,"height":1000,"url":"https:\/\/img.bagnoitalia.com\/wp-content\/uploads\/1-95.jpg","type":"image\/jpeg"}],"twitter_card":"summary_large_image","twitter_misc":{"Tiempo de lectura":"1 minuto"},"schema":{"@context":"https:\/\/schema.org","@graph":[{"@type":"WebPage","@id":"https:\/\/www.bagnoitalia.com\/es\/producto\/virgus-flush-to-wall-sanitary-ware-in-white-ceramic-with-monobloc-toilet-and-bidet-and-soft-close-toilet-seat.html","url":"https:\/\/www.bagnoitalia.com\/es\/producto\/virgus-flush-to-wall-sanitary-ware-in-white-ceramic-with-monobloc-toilet-and-bidet-and-soft-close-toilet-seat.html","name":"Sanitarios Virgus empotrados en la pared de cer\u00e1mica blanca con inodoro y bid\u00e9 monobloque y asiento de inodoro con cierre suave - Bagno Italia","isPartOf":{"@id":"https:\/\/www.bagnoitalia.com\/es#website"},"primaryImageOfPage":{"@id":"https:\/\/www.bagnoitalia.com\/es\/producto\/virgus-flush-to-wall-sanitary-ware-in-white-ceramic-with-monobloc-toilet-and-bidet-and-soft-close-toilet-seat.html#primaryimage"},"image":{"@id":"https:\/\/www.bagnoitalia.com\/es\/producto\/virgus-flush-to-wall-sanitary-ware-in-white-ceramic-with-monobloc-toilet-and-bidet-and-soft-close-toilet-seat.html#primaryimage"},"thumbnailUrl":"https:\/\/img.bagnoitalia.com\/wp-content\/uploads\/1-95.jpg","datePublished":"2025-11-18T13:54:36+00:00","dateModified":"2025-11-18T14:04:22+00:00","breadcrumb":{"@id":"https:\/\/www.bagnoitalia.com\/es\/producto\/virgus-flush-to-wall-sanitary-ware-in-white-ceramic-with-monobloc-toilet-and-bidet-and-soft-close-toilet-seat.html#breadcrumb"},"inLanguage":"es","potentialAction":[{"@type":"ReadAction","target":["https:\/\/www.bagnoitalia.com\/es\/producto\/virgus-flush-to-wall-sanitary-ware-in-white-ceramic-with-monobloc-toilet-and-bidet-and-soft-close-toilet-seat.html"]}]},{"@type":"ImageObject","inLanguage":"es","@id":"https:\/\/www.bagnoitalia.com\/es\/producto\/virgus-flush-to-wall-sanitary-ware-in-white-ceramic-with-monobloc-toilet-and-bidet-and-soft-close-toilet-seat.html#primaryimage","url":"https:\/\/img.bagnoitalia.com\/wp-content\/uploads\/1-95.jpg","contentUrl":"https:\/\/img.bagnoitalia.com\/wp-content\/uploads\/1-95.jpg","width":1000,"height":1000},{"@type":"BreadcrumbList","@id":"https:\/\/www.bagnoitalia.com\/es\/producto\/virgus-flush-to-wall-sanitary-ware-in-white-ceramic-with-monobloc-toilet-and-bidet-and-soft-close-toilet-seat.html#breadcrumb","itemListElement":[{"@type":"ListItem","position":1,"name":"Home","item":"https:\/\/www.bagnoitalia.com\/es"},{"@type":"ListItem","position":2,"name":"Productos","item":"https:\/\/www.bagnoitalia.com\/es\/shop"},{"@type":"ListItem","position":3,"name":"Sanitarios Virgus empotrados en la pared de cer\u00e1mica blanca con inodoro y bid\u00e9 monobloque y asiento de inodoro con cierre suave"}]},{"@type":"WebSite","@id":"https:\/\/www.bagnoitalia.com\/es#website","url":"https:\/\/www.bagnoitalia.com\/es","name":"Bagno Italia","description":"","publisher":{"@id":"https:\/\/www.bagnoitalia.com\/es#organization"},"potentialAction":[{"@type":"SearchAction","target":{"@type":"EntryPoint","urlTemplate":"https:\/\/www.bagnoitalia.com\/es?s={search_term_string}"},"query-input":{"@type":"PropertyValueSpecification","valueRequired":true,"valueName":"search_term_string"}}],"inLanguage":"es"},{"@type":"Organization","@id":"https:\/\/www.bagnoitalia.com\/es#organization","name":"Bagno Italia","url":"https:\/\/www.bagnoitalia.com\/es","logo":{"@type":"ImageObject","inLanguage":"es","@id":"https:\/\/www.bagnoitalia.com\/es#\/schema\/logo\/image\/","url":"https:\/\/img.bagnoitalia.com\/wp-content\/uploads\/logo-bagnoitalia.webp","contentUrl":"https:\/\/img.bagnoitalia.com\/wp-content\/uploads\/logo-bagnoitalia.webp","width":400,"height":70,"caption":"Bagno Italia"},"image":{"@id":"https:\/\/www.bagnoitalia.com\/es#\/schema\/logo\/image\/"}}]}},"_links":{"self":[{"href":"https:\/\/www.bagnoitalia.com\/es\/wp-json\/wp\/v2\/product\/114981","targetHints":{"allow":["GET"]}}],"collection":[{"href":"https:\/\/www.bagnoitalia.com\/es\/wp-json\/wp\/v2\/product"}],"about":[{"href":"https:\/\/www.bagnoitalia.com\/es\/wp-json\/wp\/v2\/types\/product"}],"replies":[{"embeddable":true,"href":"https:\/\/www.bagnoitalia.com\/es\/wp-json\/wp\/v2\/comments?post=114981"}],"version-history":[{"count":3,"href":"https:\/\/www.bagnoitalia.com\/es\/wp-json\/wp\/v2\/product\/114981\/revisions"}],"predecessor-version":[{"id":114990,"href":"https:\/\/www.bagnoitalia.com\/es\/wp-json\/wp\/v2\/product\/114981\/revisions\/114990"}],"wp:featuredmedia":[{"embeddable":true,"href":"https:\/\/www.bagnoitalia.com\/es\/wp-json\/wp\/v2\/media\/114949"}],"wp:attachment":[{"href":"https:\/\/www.bagnoitalia.com\/es\/wp-json\/wp\/v2\/media?parent=114981"}],"wp:term":[{"taxonomy":"product_brand","embeddable":true,"href":"https:\/\/www.bagnoitalia.com\/es\/wp-json\/wp\/v2\/product_brand?post=114981"},{"taxonomy":"product_cat","embeddable":true,"href":"https:\/\/www.bagnoitalia.com\/es\/wp-json\/wp\/v2\/product_cat?post=114981"},{"taxonomy":"product_tag","embeddable":true,"href":"https:\/\/www.bagnoitalia.com\/es\/wp-json\/wp\/v2\/product_tag?post=114981"}],"curies":[{"name":"wp","href":"https:\/\/api.w.org\/{rel}","templated":true}]}}