{"id":113824,"date":"2025-10-27T15:55:02","date_gmt":"2025-10-27T14:55:02","guid":{"rendered":"https:\/\/www.bagnoitalia.com\/mini-hot-tub-round-182-cm-6-seats-138-jets-full-optional-grey-or-brown-mp77.html"},"modified":"2025-10-27T16:05:30","modified_gmt":"2025-10-27T15:05:30","slug":"mini-hot-tub-round-182-cm-6-seats-138-jets-full-optional-grey-or-brown-mp77","status":"publish","type":"product","link":"https:\/\/www.bagnoitalia.com\/es\/producto\/mini-hot-tub-round-182-cm-6-seats-138-jets-full-optional-grey-or-brown-mp77.html","title":{"rendered":"Mini ba\u00f1era de hidromasaje redonda de 182 cm, 6 plazas, 138 chorros, totalmente equipada, gris o marr\u00f3n MP77"},"content":{"rendered":"<p>Mini ba\u00f1era de hidromasaje redonda MP77 de 182 cm<\/p>\n<p>&nbsp;<\/p>\n<p>CARACTER\u00cdSTICAS PRINCIPALES DEL PRODUCTO<\/p>\n<p>Mini ba\u00f1era de hidromasaje redonda para exteriores.<\/p>\n<p>Capacidad para hasta 6 personas.<\/p>\n<p>Dos colores disponibles para la estructura externa: GRIS o MARR\u00d3N (seleccione el color en el men\u00fa superior).<\/p>\n<p>Dimensiones: 182 x 70 cm (alto).<\/p>\n<p>138 chorros Eco-Pulse, incluidos 130 chorros de aire y 8 chorros de agua (ajustables)<\/p>\n<p>Nuevo PC de control Oled<\/p>\n<p>Wi-Fi para control remoto a trav\u00e9s de smartphone<\/p>\n<p>Cojines incluidos<\/p>\n<p>Desinfectante UVC Plus: elimina las bacterias nocivas para un hidromasaje m\u00e1s seguro, nueva tecnolog\u00eda de higienizaci\u00f3n<\/p>\n<p>Cromoterapia con tira LED multicolor circular interna alrededor del per\u00edmetro<\/p>\n<p>Calentador Eco-tech: permite aumentar la temperatura entre 1,4 y 1,8 \u00b0C\/hora (m\u00e1x. 42 \u00b0C).<\/p>\n<p>Sistema de bloqueo para ni\u00f1os.<\/p>\n<p>Cubierta.<\/p>\n<p>Skimmer.<\/p>\n<p>Cubierta para mantener la temperatura.<\/p>\n<p>Cubierta t\u00e9rmica.<\/p>\n<p>Esterilla de espuma incluida.<\/p>\n<p>Adaptador para tubo de desag\u00fce.<\/p>\n<p>&nbsp;<\/p>\n<p>MATERIALES Y ESPECIFICACIONES T\u00c9CNICAS<\/p>\n<p>Material innovador en PVC reforzado de 6 capas rhino-tech\u2122 premium.<\/p>\n<p>Cubierta de PVC reforzado incluida, cierre con cremallera.<\/p>\n<p>Tempxcel (capa intermedia t\u00e9rmica y aislamiento en la base).<\/p>\n<p>Acryskin: tecnolog\u00eda antibacteriana para facilitar la limpieza.<\/p>\n<p>Motor Whispa: motor silencioso (ultra silencioso).<\/p>\n<p>Sistema inteligente de filtraci\u00f3n de agua.<\/p>\n<p>Sistema anticongelante.<\/p>\n<p>Calentador: 2,2 kW.<\/p>\n<p>Capacidad m\u00e1xima: 970 litros.<\/p>\n<p>Bomba de agua: 1,1 kW.<\/p>\n<p>Bomba de aire de 3 niveles: Nivel 1 300 W; Nivel 2 500 W; Nivel 3 720 W.<\/p>\n<p>220-240 V.<\/p>\n<p>&nbsp;<\/p>\n<p>CERTIFICACIONES: CE, ISO9001-2008.<\/p>\n","protected":false},"excerpt":{"rendered":"<p>Ba\u00f1era de hidromasaje redonda para exteriores, con capacidad para hasta 6 personas. Exterior disponible en dos colores: marr\u00f3n o gris. Con estructura reforzada, motor ultrasilencioso, cromoterapia, desinfecci\u00f3n UVC, calentador y conexi\u00f3n Wi-Fi para control remoto.<\/p>\n","protected":false},"featured_media":113752,"comment_status":"open","ping_status":"closed","template":"","meta":[],"product_brand":[9926],"product_cat":[10071],"product_tag":[],"class_list":{"0":"post-113824","1":"product","2":"type-product","3":"status-publish","4":"has-post-thumbnail","6":"product_brand-predator-arredo-casa-es","7":"product_cat-piscinas-de-hidromasaje-al-aire-libre","9":"first","10":"instock","11":"sale","12":"taxable","13":"shipping-taxable","14":"purchasable","15":"product-type-simple"},"exclude_global_add_ons":false,"addons":[{"name":"Color de estructura","type":"multiple_choice","position":0,"required":true,"title_format":"heading","default":"","description_enable":false,"description":"","placeholder_enable":false,"placeholder":"","display":"select","restrictions_type":"any_text","adjust_price":false,"price":"","price_type":"flat_fee","restrictions":false,"min":"0","max":"0","options":[{"label":"marr\u00f3n","price":"","price_type":"quantity_based","image":0,"visibility":true},{"label":"gris","price":"","price_type":"quantity_based","image":0,"visibility":true}],"id":1761580503},{"name":"Accesorios","type":"multiple_choice","position":1,"required":true,"title_format":"heading","default":"","description_enable":false,"description":"","placeholder_enable":false,"placeholder":"","display":"select","restrictions_type":"any_text","adjust_price":false,"price":"","price_type":"flat_fee","restrictions":false,"min":"0","max":"0","options":[{"label":"sin escalera","price":"","price_type":"quantity_based","image":0,"visibility":true},{"label":"con escalera","price":"229","price_type":"quantity_based","image":0,"visibility":true}],"id":1761580504}],"yoast_head":"<!-- This site is optimized with the Yoast SEO plugin v26.7 - https:\/\/yoast.com\/wordpress\/plugins\/seo\/ -->\n<title>Mini ba\u00f1era de hidromasaje redonda de 182 cm, 6 plazas, 138 chorros, totalmente equipada, gris o marr\u00f3n MP77 - Bagno Italia<\/title>\n<meta name=\"robots\" content=\"index, follow, max-snippet:-1, max-image-preview:large, max-video-preview:-1\" \/>\n<link rel=\"canonical\" href=\"https:\/\/www.bagnoitalia.com\/es\/producto\/mini-hot-tub-round-182-cm-6-seats-138-jets-full-optional-grey-or-brown-mp77.html\" \/>\n<meta property=\"og:locale\" content=\"es_ES\" \/>\n<meta property=\"og:type\" content=\"article\" \/>\n<meta property=\"og:title\" content=\"Mini ba\u00f1era de hidromasaje redonda de 182 cm, 6 plazas, 138 chorros, totalmente equipada, gris o marr\u00f3n MP77 - Bagno Italia\" \/>\n<meta property=\"og:description\" content=\"Ba\u00f1era de hidromasaje redonda para exteriores, con capacidad para hasta 6 personas. Exterior disponible en dos colores: marr\u00f3n o gris. Con estructura reforzada, motor ultrasilencioso, cromoterapia, desinfecci\u00f3n UVC, calentador y conexi\u00f3n Wi-Fi para control remoto.\" \/>\n<meta property=\"og:url\" content=\"https:\/\/www.bagnoitalia.com\/es\/producto\/mini-hot-tub-round-182-cm-6-seats-138-jets-full-optional-grey-or-brown-mp77.html\" \/>\n<meta property=\"og:site_name\" content=\"Bagno Italia\" \/>\n<meta property=\"article:modified_time\" content=\"2025-10-27T15:05:30+00:00\" \/>\n<meta property=\"og:image\" content=\"https:\/\/img.bagnoitalia.com\/wp-content\/uploads\/1-78.jpg\" \/>\n\t<meta property=\"og:image:width\" content=\"1000\" \/>\n\t<meta property=\"og:image:height\" content=\"1000\" \/>\n\t<meta property=\"og:image:type\" content=\"image\/jpeg\" \/>\n<meta name=\"twitter:card\" content=\"summary_large_image\" \/>\n<meta name=\"twitter:label1\" content=\"Tiempo de lectura\" \/>\n\t<meta name=\"twitter:data1\" content=\"2 minutos\" \/>\n<script type=\"application\/ld+json\" class=\"yoast-schema-graph\">{\"@context\":\"https:\/\/schema.org\",\"@graph\":[{\"@type\":\"WebPage\",\"@id\":\"https:\/\/www.bagnoitalia.com\/es\/producto\/mini-hot-tub-round-182-cm-6-seats-138-jets-full-optional-grey-or-brown-mp77.html\",\"url\":\"https:\/\/www.bagnoitalia.com\/es\/producto\/mini-hot-tub-round-182-cm-6-seats-138-jets-full-optional-grey-or-brown-mp77.html\",\"name\":\"Mini ba\u00f1era de hidromasaje redonda de 182 cm, 6 plazas, 138 chorros, totalmente equipada, gris o marr\u00f3n MP77 - Bagno Italia\",\"isPartOf\":{\"@id\":\"https:\/\/www.bagnoitalia.com\/es#website\"},\"primaryImageOfPage\":{\"@id\":\"https:\/\/www.bagnoitalia.com\/es\/producto\/mini-hot-tub-round-182-cm-6-seats-138-jets-full-optional-grey-or-brown-mp77.html#primaryimage\"},\"image\":{\"@id\":\"https:\/\/www.bagnoitalia.com\/es\/producto\/mini-hot-tub-round-182-cm-6-seats-138-jets-full-optional-grey-or-brown-mp77.html#primaryimage\"},\"thumbnailUrl\":\"https:\/\/img.bagnoitalia.com\/wp-content\/uploads\/1-78.jpg\",\"datePublished\":\"2025-10-27T14:55:02+00:00\",\"dateModified\":\"2025-10-27T15:05:30+00:00\",\"breadcrumb\":{\"@id\":\"https:\/\/www.bagnoitalia.com\/es\/producto\/mini-hot-tub-round-182-cm-6-seats-138-jets-full-optional-grey-or-brown-mp77.html#breadcrumb\"},\"inLanguage\":\"es\",\"potentialAction\":[{\"@type\":\"ReadAction\",\"target\":[\"https:\/\/www.bagnoitalia.com\/es\/producto\/mini-hot-tub-round-182-cm-6-seats-138-jets-full-optional-grey-or-brown-mp77.html\"]}]},{\"@type\":\"ImageObject\",\"inLanguage\":\"es\",\"@id\":\"https:\/\/www.bagnoitalia.com\/es\/producto\/mini-hot-tub-round-182-cm-6-seats-138-jets-full-optional-grey-or-brown-mp77.html#primaryimage\",\"url\":\"https:\/\/img.bagnoitalia.com\/wp-content\/uploads\/1-78.jpg\",\"contentUrl\":\"https:\/\/img.bagnoitalia.com\/wp-content\/uploads\/1-78.jpg\",\"width\":1000,\"height\":1000},{\"@type\":\"BreadcrumbList\",\"@id\":\"https:\/\/www.bagnoitalia.com\/es\/producto\/mini-hot-tub-round-182-cm-6-seats-138-jets-full-optional-grey-or-brown-mp77.html#breadcrumb\",\"itemListElement\":[{\"@type\":\"ListItem\",\"position\":1,\"name\":\"Home\",\"item\":\"https:\/\/www.bagnoitalia.com\/es\"},{\"@type\":\"ListItem\",\"position\":2,\"name\":\"Productos\",\"item\":\"https:\/\/www.bagnoitalia.com\/es\/shop\"},{\"@type\":\"ListItem\",\"position\":3,\"name\":\"Mini ba\u00f1era de hidromasaje redonda de 182 cm, 6 plazas, 138 chorros, totalmente equipada, gris o marr\u00f3n MP77\"}]},{\"@type\":\"WebSite\",\"@id\":\"https:\/\/www.bagnoitalia.com\/es#website\",\"url\":\"https:\/\/www.bagnoitalia.com\/es\",\"name\":\"Bagno Italia\",\"description\":\"\",\"publisher\":{\"@id\":\"https:\/\/www.bagnoitalia.com\/es#organization\"},\"potentialAction\":[{\"@type\":\"SearchAction\",\"target\":{\"@type\":\"EntryPoint\",\"urlTemplate\":\"https:\/\/www.bagnoitalia.com\/es?s={search_term_string}\"},\"query-input\":{\"@type\":\"PropertyValueSpecification\",\"valueRequired\":true,\"valueName\":\"search_term_string\"}}],\"inLanguage\":\"es\"},{\"@type\":\"Organization\",\"@id\":\"https:\/\/www.bagnoitalia.com\/es#organization\",\"name\":\"Bagno Italia\",\"url\":\"https:\/\/www.bagnoitalia.com\/es\",\"logo\":{\"@type\":\"ImageObject\",\"inLanguage\":\"es\",\"@id\":\"https:\/\/www.bagnoitalia.com\/es#\/schema\/logo\/image\/\",\"url\":\"https:\/\/img.bagnoitalia.com\/wp-content\/uploads\/logo-bagnoitalia.webp\",\"contentUrl\":\"https:\/\/img.bagnoitalia.com\/wp-content\/uploads\/logo-bagnoitalia.webp\",\"width\":400,\"height\":70,\"caption\":\"Bagno Italia\"},\"image\":{\"@id\":\"https:\/\/www.bagnoitalia.com\/es#\/schema\/logo\/image\/\"}}]}<\/script>\n<!-- \/ Yoast SEO plugin. -->","yoast_head_json":{"title":"Mini ba\u00f1era de hidromasaje redonda de 182 cm, 6 plazas, 138 chorros, totalmente equipada, gris o marr\u00f3n MP77 - Bagno Italia","robots":{"index":"index","follow":"follow","max-snippet":"max-snippet:-1","max-image-preview":"max-image-preview:large","max-video-preview":"max-video-preview:-1"},"canonical":"https:\/\/www.bagnoitalia.com\/es\/producto\/mini-hot-tub-round-182-cm-6-seats-138-jets-full-optional-grey-or-brown-mp77.html","og_locale":"es_ES","og_type":"article","og_title":"Mini ba\u00f1era de hidromasaje redonda de 182 cm, 6 plazas, 138 chorros, totalmente equipada, gris o marr\u00f3n MP77 - Bagno Italia","og_description":"Ba\u00f1era de hidromasaje redonda para exteriores, con capacidad para hasta 6 personas. Exterior disponible en dos colores: marr\u00f3n o gris. Con estructura reforzada, motor ultrasilencioso, cromoterapia, desinfecci\u00f3n UVC, calentador y conexi\u00f3n Wi-Fi para control remoto.","og_url":"https:\/\/www.bagnoitalia.com\/es\/producto\/mini-hot-tub-round-182-cm-6-seats-138-jets-full-optional-grey-or-brown-mp77.html","og_site_name":"Bagno Italia","article_modified_time":"2025-10-27T15:05:30+00:00","og_image":[{"width":1000,"height":1000,"url":"https:\/\/img.bagnoitalia.com\/wp-content\/uploads\/1-78.jpg","type":"image\/jpeg"}],"twitter_card":"summary_large_image","twitter_misc":{"Tiempo de lectura":"2 minutos"},"schema":{"@context":"https:\/\/schema.org","@graph":[{"@type":"WebPage","@id":"https:\/\/www.bagnoitalia.com\/es\/producto\/mini-hot-tub-round-182-cm-6-seats-138-jets-full-optional-grey-or-brown-mp77.html","url":"https:\/\/www.bagnoitalia.com\/es\/producto\/mini-hot-tub-round-182-cm-6-seats-138-jets-full-optional-grey-or-brown-mp77.html","name":"Mini ba\u00f1era de hidromasaje redonda de 182 cm, 6 plazas, 138 chorros, totalmente equipada, gris o marr\u00f3n MP77 - Bagno Italia","isPartOf":{"@id":"https:\/\/www.bagnoitalia.com\/es#website"},"primaryImageOfPage":{"@id":"https:\/\/www.bagnoitalia.com\/es\/producto\/mini-hot-tub-round-182-cm-6-seats-138-jets-full-optional-grey-or-brown-mp77.html#primaryimage"},"image":{"@id":"https:\/\/www.bagnoitalia.com\/es\/producto\/mini-hot-tub-round-182-cm-6-seats-138-jets-full-optional-grey-or-brown-mp77.html#primaryimage"},"thumbnailUrl":"https:\/\/img.bagnoitalia.com\/wp-content\/uploads\/1-78.jpg","datePublished":"2025-10-27T14:55:02+00:00","dateModified":"2025-10-27T15:05:30+00:00","breadcrumb":{"@id":"https:\/\/www.bagnoitalia.com\/es\/producto\/mini-hot-tub-round-182-cm-6-seats-138-jets-full-optional-grey-or-brown-mp77.html#breadcrumb"},"inLanguage":"es","potentialAction":[{"@type":"ReadAction","target":["https:\/\/www.bagnoitalia.com\/es\/producto\/mini-hot-tub-round-182-cm-6-seats-138-jets-full-optional-grey-or-brown-mp77.html"]}]},{"@type":"ImageObject","inLanguage":"es","@id":"https:\/\/www.bagnoitalia.com\/es\/producto\/mini-hot-tub-round-182-cm-6-seats-138-jets-full-optional-grey-or-brown-mp77.html#primaryimage","url":"https:\/\/img.bagnoitalia.com\/wp-content\/uploads\/1-78.jpg","contentUrl":"https:\/\/img.bagnoitalia.com\/wp-content\/uploads\/1-78.jpg","width":1000,"height":1000},{"@type":"BreadcrumbList","@id":"https:\/\/www.bagnoitalia.com\/es\/producto\/mini-hot-tub-round-182-cm-6-seats-138-jets-full-optional-grey-or-brown-mp77.html#breadcrumb","itemListElement":[{"@type":"ListItem","position":1,"name":"Home","item":"https:\/\/www.bagnoitalia.com\/es"},{"@type":"ListItem","position":2,"name":"Productos","item":"https:\/\/www.bagnoitalia.com\/es\/shop"},{"@type":"ListItem","position":3,"name":"Mini ba\u00f1era de hidromasaje redonda de 182 cm, 6 plazas, 138 chorros, totalmente equipada, gris o marr\u00f3n MP77"}]},{"@type":"WebSite","@id":"https:\/\/www.bagnoitalia.com\/es#website","url":"https:\/\/www.bagnoitalia.com\/es","name":"Bagno Italia","description":"","publisher":{"@id":"https:\/\/www.bagnoitalia.com\/es#organization"},"potentialAction":[{"@type":"SearchAction","target":{"@type":"EntryPoint","urlTemplate":"https:\/\/www.bagnoitalia.com\/es?s={search_term_string}"},"query-input":{"@type":"PropertyValueSpecification","valueRequired":true,"valueName":"search_term_string"}}],"inLanguage":"es"},{"@type":"Organization","@id":"https:\/\/www.bagnoitalia.com\/es#organization","name":"Bagno Italia","url":"https:\/\/www.bagnoitalia.com\/es","logo":{"@type":"ImageObject","inLanguage":"es","@id":"https:\/\/www.bagnoitalia.com\/es#\/schema\/logo\/image\/","url":"https:\/\/img.bagnoitalia.com\/wp-content\/uploads\/logo-bagnoitalia.webp","contentUrl":"https:\/\/img.bagnoitalia.com\/wp-content\/uploads\/logo-bagnoitalia.webp","width":400,"height":70,"caption":"Bagno Italia"},"image":{"@id":"https:\/\/www.bagnoitalia.com\/es#\/schema\/logo\/image\/"}}]}},"_links":{"self":[{"href":"https:\/\/www.bagnoitalia.com\/es\/wp-json\/wp\/v2\/product\/113824","targetHints":{"allow":["GET"]}}],"collection":[{"href":"https:\/\/www.bagnoitalia.com\/es\/wp-json\/wp\/v2\/product"}],"about":[{"href":"https:\/\/www.bagnoitalia.com\/es\/wp-json\/wp\/v2\/types\/product"}],"replies":[{"embeddable":true,"href":"https:\/\/www.bagnoitalia.com\/es\/wp-json\/wp\/v2\/comments?post=113824"}],"version-history":[{"count":4,"href":"https:\/\/www.bagnoitalia.com\/es\/wp-json\/wp\/v2\/product\/113824\/revisions"}],"predecessor-version":[{"id":113836,"href":"https:\/\/www.bagnoitalia.com\/es\/wp-json\/wp\/v2\/product\/113824\/revisions\/113836"}],"wp:featuredmedia":[{"embeddable":true,"href":"https:\/\/www.bagnoitalia.com\/es\/wp-json\/wp\/v2\/media\/113752"}],"wp:attachment":[{"href":"https:\/\/www.bagnoitalia.com\/es\/wp-json\/wp\/v2\/media?parent=113824"}],"wp:term":[{"taxonomy":"product_brand","embeddable":true,"href":"https:\/\/www.bagnoitalia.com\/es\/wp-json\/wp\/v2\/product_brand?post=113824"},{"taxonomy":"product_cat","embeddable":true,"href":"https:\/\/www.bagnoitalia.com\/es\/wp-json\/wp\/v2\/product_cat?post=113824"},{"taxonomy":"product_tag","embeddable":true,"href":"https:\/\/www.bagnoitalia.com\/es\/wp-json\/wp\/v2\/product_tag?post=113824"}],"curies":[{"name":"wp","href":"https:\/\/api.w.org\/{rel}","templated":true}]}}