{"id":113732,"date":"2025-10-24T16:01:45","date_gmt":"2025-10-24T14:01:45","guid":{"rendered":"https:\/\/www.bagnoitalia.com\/mini-hot-tub-180x180-cm-with-8-seats-148-silent-pump-jets-and-mp76-eco-tech-heater.html"},"modified":"2025-12-15T15:36:32","modified_gmt":"2025-12-15T14:36:32","slug":"mini-hot-tub-180x180-cm-with-8-seats-148-silent-pump-jets-and-mp76-eco-tech-heater","status":"publish","type":"product","link":"https:\/\/www.bagnoitalia.com\/es\/producto\/mini-hot-tub-180x180-cm-with-8-seats-148-silent-pump-jets-and-mp76-eco-tech-heater.html","title":{"rendered":"Mini ba\u00f1era de hidromasaje de 180 x 180 cm con 8 asientos, 148 chorros con bomba silenciosa y calentador ecol\u00f3gico MP76"},"content":{"rendered":"<p>Mini ba\u00f1era de hidromasaje de 180 x 180 cm con todas las opciones MP76<\/p>\n<p>&nbsp;<\/p>\n<p>CARACTER\u00cdSTICAS<\/p>\n<p>Mini ba\u00f1era de hidromasaje cuadrada para exteriores con capacidad para 6-8 personas.<\/p>\n<p>Dimensiones: 180 x 180 x 65 cm (alto).<\/p>\n<p>148 chorros Eco-Pulse, incluidos 140 chorros de aire y 8 chorros de agua (ajustables).<\/p>\n<p>Cojines incluidos.<\/p>\n<p>Ozonoterapia.<\/p>\n<p>Desinfectante UVC Plus: elimina las bacterias nocivas para un hidromasaje m\u00e1s seguro, nueva tecnolog\u00eda de desinfecci\u00f3n.<\/p>\n<p>Cromoterapia.<\/p>\n<p>tiras LED multicolor internas<\/p>\n<p>Calentador Eco-tech.<\/p>\n<p>Pantalla de control t\u00e1ctil OLED.<\/p>\n<p>Temporizador de consumo ecol\u00f3gico.<\/p>\n<p>Mando a distancia Wi-Fi para aplicaci\u00f3n de smartphone.<\/p>\n<p>Bomba doble: aire y agua.<\/p>\n<p>Bloqueo de seguridad para ni\u00f1os.<\/p>\n<p>Sistema anticongelante.<\/p>\n<p>Capa intermedia t\u00e9rmica TempXcel\u2122 y base t\u00e9rmica para un calor duradero.<\/p>\n<p>Esterilla de apoyo.<\/p>\n<p>Cubierta t\u00e9rmica.<\/p>\n<p>Skimmer.<\/p>\n<p>&nbsp;<\/p>\n<p>M\u00c1S DETALLES<\/p>\n<p>Calentador: 2,2 kW.<\/p>\n<p>Ajuste de la potencia de la bomba en 3 velocidades.<\/p>\n<p>Aumento del 14 % en la eficiencia de la calefacci\u00f3n.<\/p>\n<p>Reducci\u00f3n del 38 % en el consumo de energ\u00eda t\u00e9rmica.<\/p>\n<p>Sistema de motor silenciado Whispa\u2122 Silent-Pump.<\/p>\n<p>Tejido Metal Aero de alta calidad y duradero (estructuras de soporte y refuerzos mejorados de WPC a componentes met\u00e1licos)<\/p>\n<p>Material pl\u00e1stico con efecto madera (Plastic Wood)<\/p>\n<p>Cloudy White Rhino-TechTM L\u00ednea de PVC reforzado de 6 capas<\/p>\n<p>AcrySkin\u2122<\/p>\n<p>Capacidad m\u00e1xima: 1150 litros<\/p>\n<p>Bomba de agua: 1,1 kW.<\/p>\n<p>Bomba de aire de 3 niveles: Nivel 1 300 W; Nivel 2 500 W; Nivel 3 720 W.<\/p>\n<p>220-240 V.<\/p>\n<p>CERTIFICACIONES: CE, ISO9001-2008.<\/p>\n","protected":false},"excerpt":{"rendered":"<p>Jacuzzi exterior cuadrado con capacidad para hasta 8 personas. Con estructura reforzada, motor ultrasilencioso, desinfecci\u00f3n UVC, calentador y conexi\u00f3n Wi-Fi para control remoto.<\/p>\n","protected":false},"featured_media":115248,"comment_status":"open","ping_status":"closed","template":"","meta":[],"product_brand":[9926],"product_cat":[10071],"product_tag":[],"class_list":{"0":"post-113732","1":"product","2":"type-product","3":"status-publish","4":"has-post-thumbnail","6":"product_brand-predator-arredo-casa-es","7":"product_cat-piscinas-de-hidromasaje-al-aire-libre","9":"first","10":"instock","11":"sale","12":"taxable","13":"shipping-taxable","14":"purchasable","15":"product-type-simple"},"exclude_global_add_ons":false,"addons":[{"name":"Accesorios","type":"multiple_choice","position":0,"required":true,"title_format":"heading","default":"","description_enable":false,"description":"","placeholder_enable":false,"placeholder":"","display":"select","restrictions_type":"any_text","adjust_price":false,"price":"","price_type":"flat_fee","restrictions":false,"min":"0","max":"0","options":[{"label":"sin escalera","price":"","price_type":"quantity_based","image":0,"visibility":true},{"label":"con escalera","price":"229","price_type":"quantity_based","image":0,"visibility":true}],"id":1761321706}],"yoast_head":"<!-- This site is optimized with the Yoast SEO plugin v26.7 - https:\/\/yoast.com\/wordpress\/plugins\/seo\/ -->\n<title>Mini ba\u00f1era de hidromasaje de 180 x 180 cm con 8 asientos, 148 chorros con bomba silenciosa y calentador ecol\u00f3gico MP76 - Bagno Italia<\/title>\n<meta name=\"robots\" content=\"index, follow, max-snippet:-1, max-image-preview:large, max-video-preview:-1\" \/>\n<link rel=\"canonical\" href=\"https:\/\/www.bagnoitalia.com\/es\/producto\/mini-hot-tub-180x180-cm-with-8-seats-148-silent-pump-jets-and-mp76-eco-tech-heater.html\" \/>\n<meta property=\"og:locale\" content=\"es_ES\" \/>\n<meta property=\"og:type\" content=\"article\" \/>\n<meta property=\"og:title\" content=\"Mini ba\u00f1era de hidromasaje de 180 x 180 cm con 8 asientos, 148 chorros con bomba silenciosa y calentador ecol\u00f3gico MP76 - Bagno Italia\" \/>\n<meta property=\"og:description\" content=\"Jacuzzi exterior cuadrado con capacidad para hasta 8 personas. Con estructura reforzada, motor ultrasilencioso, desinfecci\u00f3n UVC, calentador y conexi\u00f3n Wi-Fi para control remoto.\" \/>\n<meta property=\"og:url\" content=\"https:\/\/www.bagnoitalia.com\/es\/producto\/mini-hot-tub-180x180-cm-with-8-seats-148-silent-pump-jets-and-mp76-eco-tech-heater.html\" \/>\n<meta property=\"og:site_name\" content=\"Bagno Italia\" \/>\n<meta property=\"article:modified_time\" content=\"2025-12-15T14:36:32+00:00\" \/>\n<meta name=\"twitter:card\" content=\"summary_large_image\" \/>\n<meta name=\"twitter:label1\" content=\"Tiempo de lectura\" \/>\n\t<meta name=\"twitter:data1\" content=\"2 minutos\" \/>\n<script type=\"application\/ld+json\" class=\"yoast-schema-graph\">{\"@context\":\"https:\/\/schema.org\",\"@graph\":[{\"@type\":\"WebPage\",\"@id\":\"https:\/\/www.bagnoitalia.com\/es\/producto\/mini-hot-tub-180x180-cm-with-8-seats-148-silent-pump-jets-and-mp76-eco-tech-heater.html\",\"url\":\"https:\/\/www.bagnoitalia.com\/es\/producto\/mini-hot-tub-180x180-cm-with-8-seats-148-silent-pump-jets-and-mp76-eco-tech-heater.html\",\"name\":\"Mini ba\u00f1era de hidromasaje de 180 x 180 cm con 8 asientos, 148 chorros con bomba silenciosa y calentador ecol\u00f3gico MP76 - Bagno Italia\",\"isPartOf\":{\"@id\":\"https:\/\/www.bagnoitalia.com\/es#website\"},\"primaryImageOfPage\":{\"@id\":\"https:\/\/www.bagnoitalia.com\/es\/producto\/mini-hot-tub-180x180-cm-with-8-seats-148-silent-pump-jets-and-mp76-eco-tech-heater.html#primaryimage\"},\"image\":{\"@id\":\"https:\/\/www.bagnoitalia.com\/es\/producto\/mini-hot-tub-180x180-cm-with-8-seats-148-silent-pump-jets-and-mp76-eco-tech-heater.html#primaryimage\"},\"thumbnailUrl\":\"https:\/\/img.bagnoitalia.com\/wp-content\/uploads\/minipiscina-vasca-idromassaggio-180x180-led.jpg\",\"datePublished\":\"2025-10-24T14:01:45+00:00\",\"dateModified\":\"2025-12-15T14:36:32+00:00\",\"breadcrumb\":{\"@id\":\"https:\/\/www.bagnoitalia.com\/es\/producto\/mini-hot-tub-180x180-cm-with-8-seats-148-silent-pump-jets-and-mp76-eco-tech-heater.html#breadcrumb\"},\"inLanguage\":\"es\",\"potentialAction\":[{\"@type\":\"ReadAction\",\"target\":[\"https:\/\/www.bagnoitalia.com\/es\/producto\/mini-hot-tub-180x180-cm-with-8-seats-148-silent-pump-jets-and-mp76-eco-tech-heater.html\"]}]},{\"@type\":\"ImageObject\",\"inLanguage\":\"es\",\"@id\":\"https:\/\/www.bagnoitalia.com\/es\/producto\/mini-hot-tub-180x180-cm-with-8-seats-148-silent-pump-jets-and-mp76-eco-tech-heater.html#primaryimage\",\"url\":\"https:\/\/img.bagnoitalia.com\/wp-content\/uploads\/minipiscina-vasca-idromassaggio-180x180-led.jpg\",\"contentUrl\":\"https:\/\/img.bagnoitalia.com\/wp-content\/uploads\/minipiscina-vasca-idromassaggio-180x180-led.jpg\",\"width\":682,\"height\":682},{\"@type\":\"BreadcrumbList\",\"@id\":\"https:\/\/www.bagnoitalia.com\/es\/producto\/mini-hot-tub-180x180-cm-with-8-seats-148-silent-pump-jets-and-mp76-eco-tech-heater.html#breadcrumb\",\"itemListElement\":[{\"@type\":\"ListItem\",\"position\":1,\"name\":\"Home\",\"item\":\"https:\/\/www.bagnoitalia.com\/es\"},{\"@type\":\"ListItem\",\"position\":2,\"name\":\"Productos\",\"item\":\"https:\/\/www.bagnoitalia.com\/es\/shop\"},{\"@type\":\"ListItem\",\"position\":3,\"name\":\"Mini ba\u00f1era de hidromasaje de 180 x 180 cm con 8 asientos, 148 chorros con bomba silenciosa y calentador ecol\u00f3gico MP76\"}]},{\"@type\":\"WebSite\",\"@id\":\"https:\/\/www.bagnoitalia.com\/es#website\",\"url\":\"https:\/\/www.bagnoitalia.com\/es\",\"name\":\"Bagno Italia\",\"description\":\"\",\"publisher\":{\"@id\":\"https:\/\/www.bagnoitalia.com\/es#organization\"},\"potentialAction\":[{\"@type\":\"SearchAction\",\"target\":{\"@type\":\"EntryPoint\",\"urlTemplate\":\"https:\/\/www.bagnoitalia.com\/es?s={search_term_string}\"},\"query-input\":{\"@type\":\"PropertyValueSpecification\",\"valueRequired\":true,\"valueName\":\"search_term_string\"}}],\"inLanguage\":\"es\"},{\"@type\":\"Organization\",\"@id\":\"https:\/\/www.bagnoitalia.com\/es#organization\",\"name\":\"Bagno Italia\",\"url\":\"https:\/\/www.bagnoitalia.com\/es\",\"logo\":{\"@type\":\"ImageObject\",\"inLanguage\":\"es\",\"@id\":\"https:\/\/www.bagnoitalia.com\/es#\/schema\/logo\/image\/\",\"url\":\"https:\/\/img.bagnoitalia.com\/wp-content\/uploads\/logo-bagnoitalia.webp\",\"contentUrl\":\"https:\/\/img.bagnoitalia.com\/wp-content\/uploads\/logo-bagnoitalia.webp\",\"width\":400,\"height\":70,\"caption\":\"Bagno Italia\"},\"image\":{\"@id\":\"https:\/\/www.bagnoitalia.com\/es#\/schema\/logo\/image\/\"}}]}<\/script>\n<!-- \/ Yoast SEO plugin. -->","yoast_head_json":{"title":"Mini ba\u00f1era de hidromasaje de 180 x 180 cm con 8 asientos, 148 chorros con bomba silenciosa y calentador ecol\u00f3gico MP76 - Bagno Italia","robots":{"index":"index","follow":"follow","max-snippet":"max-snippet:-1","max-image-preview":"max-image-preview:large","max-video-preview":"max-video-preview:-1"},"canonical":"https:\/\/www.bagnoitalia.com\/es\/producto\/mini-hot-tub-180x180-cm-with-8-seats-148-silent-pump-jets-and-mp76-eco-tech-heater.html","og_locale":"es_ES","og_type":"article","og_title":"Mini ba\u00f1era de hidromasaje de 180 x 180 cm con 8 asientos, 148 chorros con bomba silenciosa y calentador ecol\u00f3gico MP76 - Bagno Italia","og_description":"Jacuzzi exterior cuadrado con capacidad para hasta 8 personas. Con estructura reforzada, motor ultrasilencioso, desinfecci\u00f3n UVC, calentador y conexi\u00f3n Wi-Fi para control remoto.","og_url":"https:\/\/www.bagnoitalia.com\/es\/producto\/mini-hot-tub-180x180-cm-with-8-seats-148-silent-pump-jets-and-mp76-eco-tech-heater.html","og_site_name":"Bagno Italia","article_modified_time":"2025-12-15T14:36:32+00:00","twitter_card":"summary_large_image","twitter_misc":{"Tiempo de lectura":"2 minutos"},"schema":{"@context":"https:\/\/schema.org","@graph":[{"@type":"WebPage","@id":"https:\/\/www.bagnoitalia.com\/es\/producto\/mini-hot-tub-180x180-cm-with-8-seats-148-silent-pump-jets-and-mp76-eco-tech-heater.html","url":"https:\/\/www.bagnoitalia.com\/es\/producto\/mini-hot-tub-180x180-cm-with-8-seats-148-silent-pump-jets-and-mp76-eco-tech-heater.html","name":"Mini ba\u00f1era de hidromasaje de 180 x 180 cm con 8 asientos, 148 chorros con bomba silenciosa y calentador ecol\u00f3gico MP76 - Bagno Italia","isPartOf":{"@id":"https:\/\/www.bagnoitalia.com\/es#website"},"primaryImageOfPage":{"@id":"https:\/\/www.bagnoitalia.com\/es\/producto\/mini-hot-tub-180x180-cm-with-8-seats-148-silent-pump-jets-and-mp76-eco-tech-heater.html#primaryimage"},"image":{"@id":"https:\/\/www.bagnoitalia.com\/es\/producto\/mini-hot-tub-180x180-cm-with-8-seats-148-silent-pump-jets-and-mp76-eco-tech-heater.html#primaryimage"},"thumbnailUrl":"https:\/\/img.bagnoitalia.com\/wp-content\/uploads\/minipiscina-vasca-idromassaggio-180x180-led.jpg","datePublished":"2025-10-24T14:01:45+00:00","dateModified":"2025-12-15T14:36:32+00:00","breadcrumb":{"@id":"https:\/\/www.bagnoitalia.com\/es\/producto\/mini-hot-tub-180x180-cm-with-8-seats-148-silent-pump-jets-and-mp76-eco-tech-heater.html#breadcrumb"},"inLanguage":"es","potentialAction":[{"@type":"ReadAction","target":["https:\/\/www.bagnoitalia.com\/es\/producto\/mini-hot-tub-180x180-cm-with-8-seats-148-silent-pump-jets-and-mp76-eco-tech-heater.html"]}]},{"@type":"ImageObject","inLanguage":"es","@id":"https:\/\/www.bagnoitalia.com\/es\/producto\/mini-hot-tub-180x180-cm-with-8-seats-148-silent-pump-jets-and-mp76-eco-tech-heater.html#primaryimage","url":"https:\/\/img.bagnoitalia.com\/wp-content\/uploads\/minipiscina-vasca-idromassaggio-180x180-led.jpg","contentUrl":"https:\/\/img.bagnoitalia.com\/wp-content\/uploads\/minipiscina-vasca-idromassaggio-180x180-led.jpg","width":682,"height":682},{"@type":"BreadcrumbList","@id":"https:\/\/www.bagnoitalia.com\/es\/producto\/mini-hot-tub-180x180-cm-with-8-seats-148-silent-pump-jets-and-mp76-eco-tech-heater.html#breadcrumb","itemListElement":[{"@type":"ListItem","position":1,"name":"Home","item":"https:\/\/www.bagnoitalia.com\/es"},{"@type":"ListItem","position":2,"name":"Productos","item":"https:\/\/www.bagnoitalia.com\/es\/shop"},{"@type":"ListItem","position":3,"name":"Mini ba\u00f1era de hidromasaje de 180 x 180 cm con 8 asientos, 148 chorros con bomba silenciosa y calentador ecol\u00f3gico MP76"}]},{"@type":"WebSite","@id":"https:\/\/www.bagnoitalia.com\/es#website","url":"https:\/\/www.bagnoitalia.com\/es","name":"Bagno Italia","description":"","publisher":{"@id":"https:\/\/www.bagnoitalia.com\/es#organization"},"potentialAction":[{"@type":"SearchAction","target":{"@type":"EntryPoint","urlTemplate":"https:\/\/www.bagnoitalia.com\/es?s={search_term_string}"},"query-input":{"@type":"PropertyValueSpecification","valueRequired":true,"valueName":"search_term_string"}}],"inLanguage":"es"},{"@type":"Organization","@id":"https:\/\/www.bagnoitalia.com\/es#organization","name":"Bagno Italia","url":"https:\/\/www.bagnoitalia.com\/es","logo":{"@type":"ImageObject","inLanguage":"es","@id":"https:\/\/www.bagnoitalia.com\/es#\/schema\/logo\/image\/","url":"https:\/\/img.bagnoitalia.com\/wp-content\/uploads\/logo-bagnoitalia.webp","contentUrl":"https:\/\/img.bagnoitalia.com\/wp-content\/uploads\/logo-bagnoitalia.webp","width":400,"height":70,"caption":"Bagno Italia"},"image":{"@id":"https:\/\/www.bagnoitalia.com\/es#\/schema\/logo\/image\/"}}]}},"_links":{"self":[{"href":"https:\/\/www.bagnoitalia.com\/es\/wp-json\/wp\/v2\/product\/113732","targetHints":{"allow":["GET"]}}],"collection":[{"href":"https:\/\/www.bagnoitalia.com\/es\/wp-json\/wp\/v2\/product"}],"about":[{"href":"https:\/\/www.bagnoitalia.com\/es\/wp-json\/wp\/v2\/types\/product"}],"replies":[{"embeddable":true,"href":"https:\/\/www.bagnoitalia.com\/es\/wp-json\/wp\/v2\/comments?post=113732"}],"version-history":[{"count":5,"href":"https:\/\/www.bagnoitalia.com\/es\/wp-json\/wp\/v2\/product\/113732\/revisions"}],"predecessor-version":[{"id":115187,"href":"https:\/\/www.bagnoitalia.com\/es\/wp-json\/wp\/v2\/product\/113732\/revisions\/115187"}],"wp:featuredmedia":[{"embeddable":true,"href":"https:\/\/www.bagnoitalia.com\/es\/wp-json\/wp\/v2\/media\/115248"}],"wp:attachment":[{"href":"https:\/\/www.bagnoitalia.com\/es\/wp-json\/wp\/v2\/media?parent=113732"}],"wp:term":[{"taxonomy":"product_brand","embeddable":true,"href":"https:\/\/www.bagnoitalia.com\/es\/wp-json\/wp\/v2\/product_brand?post=113732"},{"taxonomy":"product_cat","embeddable":true,"href":"https:\/\/www.bagnoitalia.com\/es\/wp-json\/wp\/v2\/product_cat?post=113732"},{"taxonomy":"product_tag","embeddable":true,"href":"https:\/\/www.bagnoitalia.com\/es\/wp-json\/wp\/v2\/product_tag?post=113732"}],"curies":[{"name":"wp","href":"https:\/\/api.w.org\/{rel}","templated":true}]}}