{"id":112453,"date":"2025-10-07T15:54:20","date_gmt":"2025-10-07T13:54:20","guid":{"rendered":"https:\/\/www.bagnoitalia.com\/lion7-cm-120-wall-mounted-bathroom-cabinet-with-right-or-left-sink-large-drawer-and-door.html"},"modified":"2025-10-07T16:07:27","modified_gmt":"2025-10-07T14:07:27","slug":"lion7-cm-120-wall-mounted-bathroom-cabinet-with-right-or-left-sink-large-drawer-and-door","status":"publish","type":"product","link":"https:\/\/www.bagnoitalia.com\/es\/producto\/lion7-cm-120-wall-mounted-bathroom-cabinet-with-right-or-left-sink-large-drawer-and-door.html","title":{"rendered":"Lion7 cm 120 mueble de ba\u00f1o suspendido con lavabo a la derecha o a la izquierda, caj\u00f3n grande y puerta."},"content":{"rendered":"<p>Armario suspendido Lion7, 120 cm, con caj\u00f3n y puerta<\/p>\n<p>&nbsp;<\/p>\n<p>CARACTER\u00cdSTICAS<\/p>\n<p>Armario de ba\u00f1o suspendido.<\/p>\n<p>Dimensiones: 120 x P 45 x H 40,5 cm.<\/p>\n<p>Disponible en dos versiones:<\/p>\n<p>DERECHA con lavabo desplazado hacia la derecha.<\/p>\n<p>IZQUIERDA con lavabo desplazado hacia la izquierda.<\/p>\n<p>Lavabo con orificio de rebosadero y orificio para grifo (grifo mezclador NO incluido en el precio)<\/p>\n<p>Espejo rectangular reversible, 110&#215;70 cm<\/p>\n<p>Base compuesta por un caj\u00f3n grande y una puerta<\/p>\n<p>Mecanismo de cierre suave<\/p>\n<p>Frente del caj\u00f3n con efecto estriado, puerta con acabado mate<\/p>\n<p>COLORES DISPONIBLES<\/p>\n<p>Roble africano<\/p>\n<p>Nogal Maya<\/p>\n<p>Blanco mate<\/p>\n<p>Terrarossa<\/p>\n<p>Verde selva<\/p>\n<p>Roble africano con PUERTA NEGRA<\/p>\n<p>Nogal maya con PUERTA NEGRA<\/p>\n<p>Blanco mate con PUERTA NEGRA<\/p>\n<p>Terrarossa con PUERTA NEGRA<\/p>\n<p>Verde selva con PUERTA NEGRA<\/p>\n<p>MATERIALES<\/p>\n<p>Base de MDF<\/p>\n<p>Lavabo de cer\u00e1mica blanca brillante<\/p>\n<p>Tiradores de aluminio<\/p>\n<p>El aplique NO est\u00e1 incluido en el precio, pero se puede a\u00f1adir desde el men\u00fa desplegable de arriba.<\/p>\n<p>EN EL MEN\u00da DESPLEGABLE tambi\u00e9n se puede a\u00f1adir una columna suspendida a juego, de 35x35H160 cm, con 2 puertas (push&amp;pull) y estantes internos.<\/p>\n<p>&nbsp;<\/p>\n<p>&nbsp;<\/p>\n<p>&nbsp;<\/p>\n<p>&nbsp;<\/p>\n<p>&nbsp;<\/p>\n<p>&nbsp;<\/p>\n<p>&nbsp;<\/p>\n<p>&nbsp;<\/p>\n<p>&nbsp;<\/p>\n<p>&nbsp;<\/p>\n<p>Lameck<\/p>\n","protected":false},"excerpt":{"rendered":"<p>Mueble de ba\u00f1o suspendido, disponible con lavabo desplazado a la derecha o a la izquierda. Disponible en 5 colores, con puerta a juego o negra. Mueble bajo compuesto por un caj\u00f3n grande con frente acanalado y puerta con acabado satinado. Espejo incluido en el precio.<\/p>\n","protected":false},"featured_media":112333,"comment_status":"open","ping_status":"closed","template":"","meta":[],"product_brand":[9884],"product_cat":[9725],"product_tag":[],"class_list":{"0":"post-112453","1":"product","2":"type-product","3":"status-publish","4":"has-post-thumbnail","6":"product_brand-deghi-es","7":"product_cat-mueble-de-bano-de-101-a-220-cm-muebles-modernos","9":"first","10":"instock","11":"sale","12":"taxable","13":"shipping-taxable","14":"purchasable","15":"product-type-simple"},"exclude_global_add_ons":false,"addons":[{"name":"Tipo","type":"multiple_choice","position":0,"required":true,"title_format":"heading","default":"","description_enable":false,"description":"","placeholder_enable":false,"placeholder":"","display":"select","restrictions_type":"any_text","adjust_price":false,"price":"","price_type":"flat_fee","restrictions":false,"min":"0","max":"0","options":[{"label":"DERECHA Roble africano","price":"","price_type":"quantity_based","image":0,"visibility":true},{"label":"DERECHA Nogal Maya","price":"","price_type":"quantity_based","image":0,"visibility":true},{"label":"DERECHA Blanco mate","price":"","price_type":"quantity_based","image":0,"visibility":true},{"label":"DERECHA Rojo terracota","price":"","price_type":"quantity_based","image":0,"visibility":true},{"label":"DERECHA Verde bosque","price":"","price_type":"quantity_based","image":0,"visibility":true},{"label":"DERECHA Roble africano con puerta negra","price":"","price_type":"quantity_based","image":0,"visibility":false},{"label":"DERECHA Nogal Maya con puerta negra","price":"","price_type":"quantity_based","image":0,"visibility":true},{"label":"DERECHA Blanco mate con puerta negra","price":"","price_type":"quantity_based","image":0,"visibility":true},{"label":"DERECHA Rojo terracota con puerta negra","price":"","price_type":"quantity_based","image":0,"visibility":true},{"label":"DERECHA verde bosque con puerta negra","price":"","price_type":"quantity_based","image":0,"visibility":true},{"label":"IZQUIERDA roble africano","price":"","price_type":"quantity_based","image":0,"visibility":true},{"label":"IZQUIERDA nogal maya","price":"","price_type":"quantity_based","image":0,"visibility":true},{"label":"IZQUIERDA blanco mate","price":"","price_type":"quantity_based","image":0,"visibility":false},{"label":"IZQUIERDA rojo terracota","price":"","price_type":"quantity_based","image":0,"visibility":true},{"label":"IZQUIERDA verde bosque","price":"","price_type":"quantity_based","image":0,"visibility":true},{"label":"IZQUIERDA roble africano con puerta negra","price":"","price_type":"quantity_based","image":0,"visibility":true},{"label":"IZQUIERDA nogal maya con puerta negra","price":"","price_type":"quantity_based","image":0,"visibility":true},{"label":"IZQUIERDA blanco mate con puerta negra","price":"","price_type":"quantity_based","image":0,"visibility":true},{"label":"IZQUIERDA rojo terracota con puerta negra","price":"","price_type":"quantity_based","image":0,"visibility":true},{"label":"IZQUIERDA verde bosque con puerta negra","price":"","price_type":"quantity_based","image":0,"visibility":true}],"id":1759852463},{"name":"Columna","type":"multiple_choice","position":1,"required":true,"title_format":"heading","default":"","description_enable":false,"description":"","placeholder_enable":false,"placeholder":"","display":"select","restrictions_type":"any_text","adjust_price":false,"price":"","price_type":"flat_fee","restrictions":false,"min":"0","max":"0","options":[{"label":"NO","price":"","price_type":"quantity_based","image":0,"visibility":true},{"label":"1 columna 35 x 35 x 160 cm","price":"619","price_type":"quantity_based","image":0,"visibility":true}],"id":1759852461},{"name":"L\u00e1mpara de pared LED","type":"multiple_choice","position":2,"required":true,"title_format":"heading","default":"","description_enable":false,"description":"","placeholder_enable":false,"placeholder":"","display":"select","restrictions_type":"any_text","adjust_price":false,"price":"","price_type":"flat_fee","restrictions":false,"min":"0","max":"0","options":[{"label":"NO","price":"","price_type":"quantity_based","image":0,"visibility":true},{"label":"L\u00e1mpara de pared LED cromada","price":"20","price_type":"quantity_based","image":0,"visibility":true},{"label":"L\u00e1mpara de pared LED negro mate","price":"25","price_type":"quantity_based","image":0,"visibility":true}],"id":1759852462}],"yoast_head":"<!-- This site is optimized with the Yoast SEO plugin v26.7 - https:\/\/yoast.com\/wordpress\/plugins\/seo\/ -->\n<title>Lion7 cm 120 mueble de ba\u00f1o suspendido con lavabo a la derecha o a la izquierda, caj\u00f3n grande y puerta. - Bagno Italia<\/title>\n<meta name=\"robots\" content=\"index, follow, max-snippet:-1, max-image-preview:large, max-video-preview:-1\" \/>\n<link rel=\"canonical\" href=\"https:\/\/www.bagnoitalia.com\/es\/producto\/lion7-cm-120-wall-mounted-bathroom-cabinet-with-right-or-left-sink-large-drawer-and-door.html\" \/>\n<meta property=\"og:locale\" content=\"es_ES\" \/>\n<meta property=\"og:type\" content=\"article\" \/>\n<meta property=\"og:title\" content=\"Lion7 cm 120 mueble de ba\u00f1o suspendido con lavabo a la derecha o a la izquierda, caj\u00f3n grande y puerta. - Bagno Italia\" \/>\n<meta property=\"og:description\" content=\"Mueble de ba\u00f1o suspendido, disponible con lavabo desplazado a la derecha o a la izquierda. Disponible en 5 colores, con puerta a juego o negra. Mueble bajo compuesto por un caj\u00f3n grande con frente acanalado y puerta con acabado satinado. Espejo incluido en el precio.\" \/>\n<meta property=\"og:url\" content=\"https:\/\/www.bagnoitalia.com\/es\/producto\/lion7-cm-120-wall-mounted-bathroom-cabinet-with-right-or-left-sink-large-drawer-and-door.html\" \/>\n<meta property=\"og:site_name\" content=\"Bagno Italia\" \/>\n<meta property=\"article:modified_time\" content=\"2025-10-07T14:07:27+00:00\" \/>\n<meta property=\"og:image\" content=\"https:\/\/img.bagnoitalia.com\/wp-content\/uploads\/1-58.jpg\" \/>\n\t<meta property=\"og:image:width\" content=\"1000\" \/>\n\t<meta property=\"og:image:height\" content=\"1000\" \/>\n\t<meta property=\"og:image:type\" content=\"image\/jpeg\" \/>\n<meta name=\"twitter:card\" content=\"summary_large_image\" \/>\n<meta name=\"twitter:label1\" content=\"Tiempo de lectura\" \/>\n\t<meta name=\"twitter:data1\" content=\"1 minuto\" \/>\n<script type=\"application\/ld+json\" class=\"yoast-schema-graph\">{\"@context\":\"https:\/\/schema.org\",\"@graph\":[{\"@type\":\"WebPage\",\"@id\":\"https:\/\/www.bagnoitalia.com\/es\/producto\/lion7-cm-120-wall-mounted-bathroom-cabinet-with-right-or-left-sink-large-drawer-and-door.html\",\"url\":\"https:\/\/www.bagnoitalia.com\/es\/producto\/lion7-cm-120-wall-mounted-bathroom-cabinet-with-right-or-left-sink-large-drawer-and-door.html\",\"name\":\"Lion7 cm 120 mueble de ba\u00f1o suspendido con lavabo a la derecha o a la izquierda, caj\u00f3n grande y puerta. - Bagno Italia\",\"isPartOf\":{\"@id\":\"https:\/\/www.bagnoitalia.com\/es#website\"},\"primaryImageOfPage\":{\"@id\":\"https:\/\/www.bagnoitalia.com\/es\/producto\/lion7-cm-120-wall-mounted-bathroom-cabinet-with-right-or-left-sink-large-drawer-and-door.html#primaryimage\"},\"image\":{\"@id\":\"https:\/\/www.bagnoitalia.com\/es\/producto\/lion7-cm-120-wall-mounted-bathroom-cabinet-with-right-or-left-sink-large-drawer-and-door.html#primaryimage\"},\"thumbnailUrl\":\"https:\/\/img.bagnoitalia.com\/wp-content\/uploads\/1-58.jpg\",\"datePublished\":\"2025-10-07T13:54:20+00:00\",\"dateModified\":\"2025-10-07T14:07:27+00:00\",\"breadcrumb\":{\"@id\":\"https:\/\/www.bagnoitalia.com\/es\/producto\/lion7-cm-120-wall-mounted-bathroom-cabinet-with-right-or-left-sink-large-drawer-and-door.html#breadcrumb\"},\"inLanguage\":\"es\",\"potentialAction\":[{\"@type\":\"ReadAction\",\"target\":[\"https:\/\/www.bagnoitalia.com\/es\/producto\/lion7-cm-120-wall-mounted-bathroom-cabinet-with-right-or-left-sink-large-drawer-and-door.html\"]}]},{\"@type\":\"ImageObject\",\"inLanguage\":\"es\",\"@id\":\"https:\/\/www.bagnoitalia.com\/es\/producto\/lion7-cm-120-wall-mounted-bathroom-cabinet-with-right-or-left-sink-large-drawer-and-door.html#primaryimage\",\"url\":\"https:\/\/img.bagnoitalia.com\/wp-content\/uploads\/1-58.jpg\",\"contentUrl\":\"https:\/\/img.bagnoitalia.com\/wp-content\/uploads\/1-58.jpg\",\"width\":1000,\"height\":1000},{\"@type\":\"BreadcrumbList\",\"@id\":\"https:\/\/www.bagnoitalia.com\/es\/producto\/lion7-cm-120-wall-mounted-bathroom-cabinet-with-right-or-left-sink-large-drawer-and-door.html#breadcrumb\",\"itemListElement\":[{\"@type\":\"ListItem\",\"position\":1,\"name\":\"Home\",\"item\":\"https:\/\/www.bagnoitalia.com\/es\"},{\"@type\":\"ListItem\",\"position\":2,\"name\":\"Productos\",\"item\":\"https:\/\/www.bagnoitalia.com\/es\/shop\"},{\"@type\":\"ListItem\",\"position\":3,\"name\":\"Lion7 cm 120 mueble de ba\u00f1o suspendido con lavabo a la derecha o a la izquierda, caj\u00f3n grande y puerta.\"}]},{\"@type\":\"WebSite\",\"@id\":\"https:\/\/www.bagnoitalia.com\/es#website\",\"url\":\"https:\/\/www.bagnoitalia.com\/es\",\"name\":\"Bagno Italia\",\"description\":\"\",\"publisher\":{\"@id\":\"https:\/\/www.bagnoitalia.com\/es#organization\"},\"potentialAction\":[{\"@type\":\"SearchAction\",\"target\":{\"@type\":\"EntryPoint\",\"urlTemplate\":\"https:\/\/www.bagnoitalia.com\/es?s={search_term_string}\"},\"query-input\":{\"@type\":\"PropertyValueSpecification\",\"valueRequired\":true,\"valueName\":\"search_term_string\"}}],\"inLanguage\":\"es\"},{\"@type\":\"Organization\",\"@id\":\"https:\/\/www.bagnoitalia.com\/es#organization\",\"name\":\"Bagno Italia\",\"url\":\"https:\/\/www.bagnoitalia.com\/es\",\"logo\":{\"@type\":\"ImageObject\",\"inLanguage\":\"es\",\"@id\":\"https:\/\/www.bagnoitalia.com\/es#\/schema\/logo\/image\/\",\"url\":\"https:\/\/img.bagnoitalia.com\/wp-content\/uploads\/logo-bagnoitalia.webp\",\"contentUrl\":\"https:\/\/img.bagnoitalia.com\/wp-content\/uploads\/logo-bagnoitalia.webp\",\"width\":400,\"height\":70,\"caption\":\"Bagno Italia\"},\"image\":{\"@id\":\"https:\/\/www.bagnoitalia.com\/es#\/schema\/logo\/image\/\"}}]}<\/script>\n<!-- \/ Yoast SEO plugin. -->","yoast_head_json":{"title":"Lion7 cm 120 mueble de ba\u00f1o suspendido con lavabo a la derecha o a la izquierda, caj\u00f3n grande y puerta. - Bagno Italia","robots":{"index":"index","follow":"follow","max-snippet":"max-snippet:-1","max-image-preview":"max-image-preview:large","max-video-preview":"max-video-preview:-1"},"canonical":"https:\/\/www.bagnoitalia.com\/es\/producto\/lion7-cm-120-wall-mounted-bathroom-cabinet-with-right-or-left-sink-large-drawer-and-door.html","og_locale":"es_ES","og_type":"article","og_title":"Lion7 cm 120 mueble de ba\u00f1o suspendido con lavabo a la derecha o a la izquierda, caj\u00f3n grande y puerta. - Bagno Italia","og_description":"Mueble de ba\u00f1o suspendido, disponible con lavabo desplazado a la derecha o a la izquierda. Disponible en 5 colores, con puerta a juego o negra. Mueble bajo compuesto por un caj\u00f3n grande con frente acanalado y puerta con acabado satinado. Espejo incluido en el precio.","og_url":"https:\/\/www.bagnoitalia.com\/es\/producto\/lion7-cm-120-wall-mounted-bathroom-cabinet-with-right-or-left-sink-large-drawer-and-door.html","og_site_name":"Bagno Italia","article_modified_time":"2025-10-07T14:07:27+00:00","og_image":[{"width":1000,"height":1000,"url":"https:\/\/img.bagnoitalia.com\/wp-content\/uploads\/1-58.jpg","type":"image\/jpeg"}],"twitter_card":"summary_large_image","twitter_misc":{"Tiempo de lectura":"1 minuto"},"schema":{"@context":"https:\/\/schema.org","@graph":[{"@type":"WebPage","@id":"https:\/\/www.bagnoitalia.com\/es\/producto\/lion7-cm-120-wall-mounted-bathroom-cabinet-with-right-or-left-sink-large-drawer-and-door.html","url":"https:\/\/www.bagnoitalia.com\/es\/producto\/lion7-cm-120-wall-mounted-bathroom-cabinet-with-right-or-left-sink-large-drawer-and-door.html","name":"Lion7 cm 120 mueble de ba\u00f1o suspendido con lavabo a la derecha o a la izquierda, caj\u00f3n grande y puerta. - Bagno Italia","isPartOf":{"@id":"https:\/\/www.bagnoitalia.com\/es#website"},"primaryImageOfPage":{"@id":"https:\/\/www.bagnoitalia.com\/es\/producto\/lion7-cm-120-wall-mounted-bathroom-cabinet-with-right-or-left-sink-large-drawer-and-door.html#primaryimage"},"image":{"@id":"https:\/\/www.bagnoitalia.com\/es\/producto\/lion7-cm-120-wall-mounted-bathroom-cabinet-with-right-or-left-sink-large-drawer-and-door.html#primaryimage"},"thumbnailUrl":"https:\/\/img.bagnoitalia.com\/wp-content\/uploads\/1-58.jpg","datePublished":"2025-10-07T13:54:20+00:00","dateModified":"2025-10-07T14:07:27+00:00","breadcrumb":{"@id":"https:\/\/www.bagnoitalia.com\/es\/producto\/lion7-cm-120-wall-mounted-bathroom-cabinet-with-right-or-left-sink-large-drawer-and-door.html#breadcrumb"},"inLanguage":"es","potentialAction":[{"@type":"ReadAction","target":["https:\/\/www.bagnoitalia.com\/es\/producto\/lion7-cm-120-wall-mounted-bathroom-cabinet-with-right-or-left-sink-large-drawer-and-door.html"]}]},{"@type":"ImageObject","inLanguage":"es","@id":"https:\/\/www.bagnoitalia.com\/es\/producto\/lion7-cm-120-wall-mounted-bathroom-cabinet-with-right-or-left-sink-large-drawer-and-door.html#primaryimage","url":"https:\/\/img.bagnoitalia.com\/wp-content\/uploads\/1-58.jpg","contentUrl":"https:\/\/img.bagnoitalia.com\/wp-content\/uploads\/1-58.jpg","width":1000,"height":1000},{"@type":"BreadcrumbList","@id":"https:\/\/www.bagnoitalia.com\/es\/producto\/lion7-cm-120-wall-mounted-bathroom-cabinet-with-right-or-left-sink-large-drawer-and-door.html#breadcrumb","itemListElement":[{"@type":"ListItem","position":1,"name":"Home","item":"https:\/\/www.bagnoitalia.com\/es"},{"@type":"ListItem","position":2,"name":"Productos","item":"https:\/\/www.bagnoitalia.com\/es\/shop"},{"@type":"ListItem","position":3,"name":"Lion7 cm 120 mueble de ba\u00f1o suspendido con lavabo a la derecha o a la izquierda, caj\u00f3n grande y puerta."}]},{"@type":"WebSite","@id":"https:\/\/www.bagnoitalia.com\/es#website","url":"https:\/\/www.bagnoitalia.com\/es","name":"Bagno Italia","description":"","publisher":{"@id":"https:\/\/www.bagnoitalia.com\/es#organization"},"potentialAction":[{"@type":"SearchAction","target":{"@type":"EntryPoint","urlTemplate":"https:\/\/www.bagnoitalia.com\/es?s={search_term_string}"},"query-input":{"@type":"PropertyValueSpecification","valueRequired":true,"valueName":"search_term_string"}}],"inLanguage":"es"},{"@type":"Organization","@id":"https:\/\/www.bagnoitalia.com\/es#organization","name":"Bagno Italia","url":"https:\/\/www.bagnoitalia.com\/es","logo":{"@type":"ImageObject","inLanguage":"es","@id":"https:\/\/www.bagnoitalia.com\/es#\/schema\/logo\/image\/","url":"https:\/\/img.bagnoitalia.com\/wp-content\/uploads\/logo-bagnoitalia.webp","contentUrl":"https:\/\/img.bagnoitalia.com\/wp-content\/uploads\/logo-bagnoitalia.webp","width":400,"height":70,"caption":"Bagno Italia"},"image":{"@id":"https:\/\/www.bagnoitalia.com\/es#\/schema\/logo\/image\/"}}]}},"_links":{"self":[{"href":"https:\/\/www.bagnoitalia.com\/es\/wp-json\/wp\/v2\/product\/112453","targetHints":{"allow":["GET"]}}],"collection":[{"href":"https:\/\/www.bagnoitalia.com\/es\/wp-json\/wp\/v2\/product"}],"about":[{"href":"https:\/\/www.bagnoitalia.com\/es\/wp-json\/wp\/v2\/types\/product"}],"replies":[{"embeddable":true,"href":"https:\/\/www.bagnoitalia.com\/es\/wp-json\/wp\/v2\/comments?post=112453"}],"version-history":[{"count":3,"href":"https:\/\/www.bagnoitalia.com\/es\/wp-json\/wp\/v2\/product\/112453\/revisions"}],"predecessor-version":[{"id":112462,"href":"https:\/\/www.bagnoitalia.com\/es\/wp-json\/wp\/v2\/product\/112453\/revisions\/112462"}],"wp:featuredmedia":[{"embeddable":true,"href":"https:\/\/www.bagnoitalia.com\/es\/wp-json\/wp\/v2\/media\/112333"}],"wp:attachment":[{"href":"https:\/\/www.bagnoitalia.com\/es\/wp-json\/wp\/v2\/media?parent=112453"}],"wp:term":[{"taxonomy":"product_brand","embeddable":true,"href":"https:\/\/www.bagnoitalia.com\/es\/wp-json\/wp\/v2\/product_brand?post=112453"},{"taxonomy":"product_cat","embeddable":true,"href":"https:\/\/www.bagnoitalia.com\/es\/wp-json\/wp\/v2\/product_cat?post=112453"},{"taxonomy":"product_tag","embeddable":true,"href":"https:\/\/www.bagnoitalia.com\/es\/wp-json\/wp\/v2\/product_tag?post=112453"}],"curies":[{"name":"wp","href":"https:\/\/api.w.org\/{rel}","templated":true}]}}