{"id":111739,"date":"2025-09-23T16:04:49","date_gmt":"2025-09-23T14:04:49","guid":{"rendered":"https:\/\/www.bagnoitalia.com\/lion4-bathroom-cabinet-with-drawer-unit-and-90-or-100-cm-door-right-or-left-hand-washbasin-available-in-11-colours.html"},"modified":"2025-09-23T16:28:43","modified_gmt":"2025-09-23T14:28:43","slug":"lion4-bathroom-cabinet-with-drawer-unit-and-90-or-100-cm-door-right-or-left-hand-washbasin-available-in-11-colours","status":"publish","type":"product","link":"https:\/\/www.bagnoitalia.com\/es\/producto\/lion4-bathroom-cabinet-with-drawer-unit-and-90-or-100-cm-door-right-or-left-hand-washbasin-available-in-11-colours.html","title":{"rendered":"Mueble de ba\u00f1o Lion4 con cajonera y puerta de 90 o 100 cm, lavabo a la derecha o a la izquierda, disponible en 11 colores."},"content":{"rendered":"<p>Mueble de ba\u00f1o con cajonera + puerta \u00abLion4\u00bb<\/p>\n<p>&nbsp;<\/p>\n<p>TIPOS Y MEDIDAS<\/p>\n<p>Base disponible en dos longitudes:<\/p>\n<p>90 cm con espejo de 70&#215;90 cm<br \/>\n100 cm con espejo de 70&#215;100 cm<\/p>\n<p>Profundidad: 45 cm<\/p>\n<p>Altura: 40,5 cm<\/p>\n<p>Lavabo con cubeta desplazada a la DERECHA o a la IZQUIERDA (sobre la cajonera)<\/p>\n<p>Base disponible en un solo color o en dos tonos, a elegir entre las siguientes opciones:<\/p>\n<p>Roble africano<br \/>\nNogal Maya<br \/>\nBlanco mate<br \/>\nTerrarossa<br \/>\nVerde bosque<br \/>\nRoble africano con PUERTA NEGRA<br \/>\nNogal maya con PUERTA NEGRA<br \/>\nBlanco mate con PUERTA NEGRA<br \/>\nTerrarossa con PUERTA NEGRA<br \/>\nVerde bosque con PUERTA NEGRA<br \/>\nRoble hierro con PUERTA NEGRA<\/p>\n<p>SELECCIONE EL TAMA\u00d1O, LA VERSI\u00d3N Y EL COLOR EN EL MEN\u00da DESPLEGABLE<\/p>\n<p>&nbsp;<\/p>\n<p>M\u00c1S DETALLES<\/p>\n<p>Mueble de ba\u00f1o suspendido<\/p>\n<p>Mueble bajo compuesto por un caj\u00f3n grande y una puerta con mecanismo de cierre suave.<\/p>\n<p>Frente del caj\u00f3n con efecto estriado, puerta con acabado mate.<\/p>\n<p>Lavabo de cer\u00e1mica blanco brillante.<\/p>\n<p>Con orificio de rebosadero.<\/p>\n<p>Con orificio para grifo (grifo mezclador NO incluido en el precio).<\/p>\n<p>Espejo rectangular, reversible.<\/p>\n<p>Estructura del mueble en madera MDF.<\/p>\n<p>Tiradores de aluminio.<\/p>\n<p>&nbsp;<\/p>\n<p>MEDIANTE EL MEN\u00da DESPLEGABLE, tambi\u00e9n puede completar el mueble con una columna suspendida de 35x35H160 cm, compuesta por 2 puertas (push&amp;pull) y estantes internos.<\/p>\n<p>&nbsp;<\/p>\n<p>&nbsp;<\/p>\n<p>&nbsp;<\/p>\n<p>&nbsp;<\/p>\n<p>&nbsp;<\/p>\n<p>&nbsp;<\/p>\n<p>&nbsp;<\/p>\n<p>Lameck<\/p>\n","protected":false},"excerpt":{"rendered":"<p>Mueble de ba\u00f1o suspendido, disponible en dos tama\u00f1os y 11 colores, en colores lisos o con puertas negras. Mueble bajo compuesto por un caj\u00f3n grande con frente acanalado y puerta satinada. El lavabo (con cubeta descentrada) y el espejo est\u00e1n incluidos en el precio.<\/p>\n","protected":false},"featured_media":111603,"comment_status":"open","ping_status":"closed","template":"","meta":[],"product_brand":[9884],"product_cat":[9721],"product_tag":[],"class_list":{"0":"post-111739","1":"product","2":"type-product","3":"status-publish","4":"has-post-thumbnail","6":"product_brand-deghi-es","7":"product_cat-mueble-de-bano-de-71-a-100-cm-muebles-modernos","9":"first","10":"instock","11":"sale","12":"taxable","13":"shipping-taxable","14":"purchasable","15":"product-type-simple"},"exclude_global_add_ons":false,"addons":[{"name":"Tipo","type":"multiple_choice","position":0,"required":true,"title_format":"heading","default":"","description_enable":false,"description":"","placeholder_enable":false,"placeholder":"","display":"select","restrictions_type":"any_text","adjust_price":false,"price":"","price_type":"flat_fee","restrictions":false,"min":"0","max":"0","options":[{"label":"90 cm DERECHA Roble africano","price":"","price_type":"quantity_based","image":0,"visibility":true},{"label":"90 cm DERECHA Nogal maya","price":"","price_type":"quantity_based","image":0,"visibility":true},{"label":"90 cm DERECHA Blanco mate","price":"","price_type":"quantity_based","image":0,"visibility":true},{"label":"90 cm DERECHA Rojo terracota","price":"","price_type":"quantity_based","image":0,"visibility":true},{"label":"90 cm DERECHA Verde selva","price":"","price_type":"quantity_based","image":0,"visibility":true},{"label":"90 cm DERECHA Roble africano con puerta negra","price":"","price_type":"quantity_based","image":0,"visibility":true},{"label":"90 cm DERECHA Nogal maya con puerta negra","price":"","price_type":"quantity_based","image":0,"visibility":true},{"label":"90 cm DERECHA Blanco mate con puerta negra","price":"","price_type":"quantity_based","image":0,"visibility":true},{"label":"90 cm DERECHA Rojo terracota con puerta negra","price":"","price_type":"quantity_based","image":0,"visibility":true},{"label":"90 cm DERECHA Verde selva con puerta negra","price":"","price_type":"quantity_based","image":0,"visibility":true},{"label":"90 cm DERECHA Roble IRON con puerta negra","price":"","price_type":"quantity_based","image":0,"visibility":true},{"label":"90 cm IZQUIERDA Roble africano","price":"","price_type":"quantity_based","image":0,"visibility":true},{"label":"90 cm IZQUIERDA Nogal Maya","price":"","price_type":"quantity_based","image":0,"visibility":true},{"label":"90 cm IZQUIERDA blanco mate","price":"","price_type":"quantity_based","image":0,"visibility":true},{"label":"90 cm IZQUIERDA rojo terracota","price":"","price_type":"quantity_based","image":0,"visibility":true},{"label":"90 cm IZQUIERDA verde selva","price":"","price_type":"quantity_based","image":0,"visibility":true},{"label":"90 cm IZQUIERDA roble africano con puerta negra","price":"","price_type":"quantity_based","image":0,"visibility":true},{"label":"90 cm IZQUIERDA nogal maya con puerta negra","price":"","price_type":"quantity_based","image":0,"visibility":true},{"label":"90 cm IZQUIERDA blanco mate con puerta negra","price":"","price_type":"quantity_based","image":0,"visibility":true},{"label":"90 cm IZQUIERDA rojo terracota con puerta negra","price":"","price_type":"quantity_based","image":0,"visibility":true},{"label":"90 cm IZQUIERDA verde selva con puerta negra","price":"","price_type":"quantity_based","image":0,"visibility":true},{"label":"90 cm IZQUIERDA roble IRON con puerta negra","price":"","price_type":"quantity_based","image":0,"visibility":true},{"label":"100 cm DERECHA Roble africano","price":"50","price_type":"quantity_based","image":0,"visibility":true},{"label":"100 cm DERECHA Nogal maya","price":"50","price_type":"quantity_based","image":0,"visibility":true},{"label":"100 cm DERECHA Blanco mate","price":"50","price_type":"quantity_based","image":0,"visibility":true},{"label":"100 cm DERECHA Rojo terracota","price":"50","price_type":"quantity_based","image":0,"visibility":true},{"label":"100 cm DERECHA Verde selva","price":"50","price_type":"quantity_based","image":0,"visibility":true},{"label":"100 cm DERECHA Roble africano con puerta negra","price":"50","price_type":"quantity_based","image":0,"visibility":true},{"label":"100 cm DERECHA Nogal maya con puerta negra","price":"50","price_type":"quantity_based","image":0,"visibility":true},{"label":"100 cm DERECHA Blanco mate con puerta negra","price":"50","price_type":"quantity_based","image":0,"visibility":true},{"label":"100 cm DERECHA Rojo terracota con puerta negra","price":"50","price_type":"quantity_based","image":0,"visibility":true},{"label":"100 cm DERECHA verde selva con puerta negra","price":"50","price_type":"quantity_based","image":0,"visibility":true},{"label":"100 cm DERECHA roble IRON con puerta negra","price":"50","price_type":"quantity_based","image":0,"visibility":true},{"label":"100 cm IZQUIERDA roble africano","price":"50","price_type":"quantity_based","image":0,"visibility":true},{"label":"100 cm IZQUIERDA nogal maya","price":"50","price_type":"quantity_based","image":0,"visibility":true},{"label":"100 cm IZQUIERDA blanco mate","price":"50","price_type":"quantity_based","image":0,"visibility":true},{"label":"100 cm IZQUIERDA rojo terracota","price":"50","price_type":"quantity_based","image":0,"visibility":true},{"label":"100 cm IZQUIERDA verde selva","price":"50","price_type":"quantity_based","image":0,"visibility":true},{"label":"100 cm IZQUIERDA roble africano con puerta negra","price":"50","price_type":"quantity_based","image":0,"visibility":true},{"label":"100 cm IZQUIERDA nogal Maya con puerta negra","price":"50","price_type":"quantity_based","image":0,"visibility":true},{"label":"100 cm IZQUIERDA blanco mate con puerta negra","price":"50","price_type":"quantity_based","image":0,"visibility":true},{"label":"100 cm IZQUIERDA rojo terra con puerta negra","price":"50","price_type":"quantity_based","image":0,"visibility":true},{"label":"100 cm IZQUIERDA verde selva con puerta negra","price":"50","price_type":"quantity_based","image":0,"visibility":true},{"label":"100 cm IZQUIERDA roble IRON con puerta negra","price":"50","price_type":"quantity_based","image":0,"visibility":true}],"id":1758643490},{"name":"Columna","type":"multiple_choice","position":1,"required":true,"title_format":"heading","default":"","description_enable":false,"description":"","placeholder_enable":false,"placeholder":"","display":"select","restrictions_type":"any_text","adjust_price":false,"price":"","price_type":"flat_fee","restrictions":false,"min":"0","max":"0","options":[{"label":"NO","price":"","price_type":"quantity_based","image":0,"visibility":true},{"label":"1 columna 35 x 35 x 160 cm","price":"619","price_type":"quantity_based","image":0,"visibility":true}],"id":1758643491}],"yoast_head":"<!-- This site is optimized with the Yoast SEO plugin v26.7 - https:\/\/yoast.com\/wordpress\/plugins\/seo\/ -->\n<title>Mueble de ba\u00f1o Lion4 con cajonera y puerta de 90 o 100 cm, lavabo a la derecha o a la izquierda, disponible en 11 colores. - Bagno Italia<\/title>\n<meta name=\"robots\" content=\"index, follow, max-snippet:-1, max-image-preview:large, max-video-preview:-1\" \/>\n<link rel=\"canonical\" href=\"https:\/\/www.bagnoitalia.com\/es\/producto\/lion4-bathroom-cabinet-with-drawer-unit-and-90-or-100-cm-door-right-or-left-hand-washbasin-available-in-11-colours.html\" \/>\n<meta property=\"og:locale\" content=\"es_ES\" \/>\n<meta property=\"og:type\" content=\"article\" \/>\n<meta property=\"og:title\" content=\"Mueble de ba\u00f1o Lion4 con cajonera y puerta de 90 o 100 cm, lavabo a la derecha o a la izquierda, disponible en 11 colores. - Bagno Italia\" \/>\n<meta property=\"og:description\" content=\"Mueble de ba\u00f1o suspendido, disponible en dos tama\u00f1os y 11 colores, en colores lisos o con puertas negras. Mueble bajo compuesto por un caj\u00f3n grande con frente acanalado y puerta satinada. El lavabo (con cubeta descentrada) y el espejo est\u00e1n incluidos en el precio.\" \/>\n<meta property=\"og:url\" content=\"https:\/\/www.bagnoitalia.com\/es\/producto\/lion4-bathroom-cabinet-with-drawer-unit-and-90-or-100-cm-door-right-or-left-hand-washbasin-available-in-11-colours.html\" \/>\n<meta property=\"og:site_name\" content=\"Bagno Italia\" \/>\n<meta property=\"article:modified_time\" content=\"2025-09-23T14:28:43+00:00\" \/>\n<meta property=\"og:image\" content=\"https:\/\/img.bagnoitalia.com\/wp-content\/uploads\/1-54.jpg\" \/>\n\t<meta property=\"og:image:width\" content=\"1000\" \/>\n\t<meta property=\"og:image:height\" content=\"1000\" \/>\n\t<meta property=\"og:image:type\" content=\"image\/jpeg\" \/>\n<meta name=\"twitter:card\" content=\"summary_large_image\" \/>\n<meta name=\"twitter:label1\" content=\"Tiempo de lectura\" \/>\n\t<meta name=\"twitter:data1\" content=\"2 minutos\" \/>\n<script type=\"application\/ld+json\" class=\"yoast-schema-graph\">{\"@context\":\"https:\/\/schema.org\",\"@graph\":[{\"@type\":\"WebPage\",\"@id\":\"https:\/\/www.bagnoitalia.com\/es\/producto\/lion4-bathroom-cabinet-with-drawer-unit-and-90-or-100-cm-door-right-or-left-hand-washbasin-available-in-11-colours.html\",\"url\":\"https:\/\/www.bagnoitalia.com\/es\/producto\/lion4-bathroom-cabinet-with-drawer-unit-and-90-or-100-cm-door-right-or-left-hand-washbasin-available-in-11-colours.html\",\"name\":\"Mueble de ba\u00f1o Lion4 con cajonera y puerta de 90 o 100 cm, lavabo a la derecha o a la izquierda, disponible en 11 colores. - Bagno Italia\",\"isPartOf\":{\"@id\":\"https:\/\/www.bagnoitalia.com\/es#website\"},\"primaryImageOfPage\":{\"@id\":\"https:\/\/www.bagnoitalia.com\/es\/producto\/lion4-bathroom-cabinet-with-drawer-unit-and-90-or-100-cm-door-right-or-left-hand-washbasin-available-in-11-colours.html#primaryimage\"},\"image\":{\"@id\":\"https:\/\/www.bagnoitalia.com\/es\/producto\/lion4-bathroom-cabinet-with-drawer-unit-and-90-or-100-cm-door-right-or-left-hand-washbasin-available-in-11-colours.html#primaryimage\"},\"thumbnailUrl\":\"https:\/\/img.bagnoitalia.com\/wp-content\/uploads\/1-54.jpg\",\"datePublished\":\"2025-09-23T14:04:49+00:00\",\"dateModified\":\"2025-09-23T14:28:43+00:00\",\"breadcrumb\":{\"@id\":\"https:\/\/www.bagnoitalia.com\/es\/producto\/lion4-bathroom-cabinet-with-drawer-unit-and-90-or-100-cm-door-right-or-left-hand-washbasin-available-in-11-colours.html#breadcrumb\"},\"inLanguage\":\"es\",\"potentialAction\":[{\"@type\":\"ReadAction\",\"target\":[\"https:\/\/www.bagnoitalia.com\/es\/producto\/lion4-bathroom-cabinet-with-drawer-unit-and-90-or-100-cm-door-right-or-left-hand-washbasin-available-in-11-colours.html\"]}]},{\"@type\":\"ImageObject\",\"inLanguage\":\"es\",\"@id\":\"https:\/\/www.bagnoitalia.com\/es\/producto\/lion4-bathroom-cabinet-with-drawer-unit-and-90-or-100-cm-door-right-or-left-hand-washbasin-available-in-11-colours.html#primaryimage\",\"url\":\"https:\/\/img.bagnoitalia.com\/wp-content\/uploads\/1-54.jpg\",\"contentUrl\":\"https:\/\/img.bagnoitalia.com\/wp-content\/uploads\/1-54.jpg\",\"width\":1000,\"height\":1000},{\"@type\":\"BreadcrumbList\",\"@id\":\"https:\/\/www.bagnoitalia.com\/es\/producto\/lion4-bathroom-cabinet-with-drawer-unit-and-90-or-100-cm-door-right-or-left-hand-washbasin-available-in-11-colours.html#breadcrumb\",\"itemListElement\":[{\"@type\":\"ListItem\",\"position\":1,\"name\":\"Home\",\"item\":\"https:\/\/www.bagnoitalia.com\/es\"},{\"@type\":\"ListItem\",\"position\":2,\"name\":\"Productos\",\"item\":\"https:\/\/www.bagnoitalia.com\/es\/shop\"},{\"@type\":\"ListItem\",\"position\":3,\"name\":\"Mueble de ba\u00f1o Lion4 con cajonera y puerta de 90 o 100 cm, lavabo a la derecha o a la izquierda, disponible en 11 colores.\"}]},{\"@type\":\"WebSite\",\"@id\":\"https:\/\/www.bagnoitalia.com\/es#website\",\"url\":\"https:\/\/www.bagnoitalia.com\/es\",\"name\":\"Bagno Italia\",\"description\":\"\",\"publisher\":{\"@id\":\"https:\/\/www.bagnoitalia.com\/es#organization\"},\"potentialAction\":[{\"@type\":\"SearchAction\",\"target\":{\"@type\":\"EntryPoint\",\"urlTemplate\":\"https:\/\/www.bagnoitalia.com\/es?s={search_term_string}\"},\"query-input\":{\"@type\":\"PropertyValueSpecification\",\"valueRequired\":true,\"valueName\":\"search_term_string\"}}],\"inLanguage\":\"es\"},{\"@type\":\"Organization\",\"@id\":\"https:\/\/www.bagnoitalia.com\/es#organization\",\"name\":\"Bagno Italia\",\"url\":\"https:\/\/www.bagnoitalia.com\/es\",\"logo\":{\"@type\":\"ImageObject\",\"inLanguage\":\"es\",\"@id\":\"https:\/\/www.bagnoitalia.com\/es#\/schema\/logo\/image\/\",\"url\":\"https:\/\/img.bagnoitalia.com\/wp-content\/uploads\/logo-bagnoitalia.webp\",\"contentUrl\":\"https:\/\/img.bagnoitalia.com\/wp-content\/uploads\/logo-bagnoitalia.webp\",\"width\":400,\"height\":70,\"caption\":\"Bagno Italia\"},\"image\":{\"@id\":\"https:\/\/www.bagnoitalia.com\/es#\/schema\/logo\/image\/\"}}]}<\/script>\n<!-- \/ Yoast SEO plugin. -->","yoast_head_json":{"title":"Mueble de ba\u00f1o Lion4 con cajonera y puerta de 90 o 100 cm, lavabo a la derecha o a la izquierda, disponible en 11 colores. - Bagno Italia","robots":{"index":"index","follow":"follow","max-snippet":"max-snippet:-1","max-image-preview":"max-image-preview:large","max-video-preview":"max-video-preview:-1"},"canonical":"https:\/\/www.bagnoitalia.com\/es\/producto\/lion4-bathroom-cabinet-with-drawer-unit-and-90-or-100-cm-door-right-or-left-hand-washbasin-available-in-11-colours.html","og_locale":"es_ES","og_type":"article","og_title":"Mueble de ba\u00f1o Lion4 con cajonera y puerta de 90 o 100 cm, lavabo a la derecha o a la izquierda, disponible en 11 colores. - Bagno Italia","og_description":"Mueble de ba\u00f1o suspendido, disponible en dos tama\u00f1os y 11 colores, en colores lisos o con puertas negras. Mueble bajo compuesto por un caj\u00f3n grande con frente acanalado y puerta satinada. El lavabo (con cubeta descentrada) y el espejo est\u00e1n incluidos en el precio.","og_url":"https:\/\/www.bagnoitalia.com\/es\/producto\/lion4-bathroom-cabinet-with-drawer-unit-and-90-or-100-cm-door-right-or-left-hand-washbasin-available-in-11-colours.html","og_site_name":"Bagno Italia","article_modified_time":"2025-09-23T14:28:43+00:00","og_image":[{"width":1000,"height":1000,"url":"https:\/\/img.bagnoitalia.com\/wp-content\/uploads\/1-54.jpg","type":"image\/jpeg"}],"twitter_card":"summary_large_image","twitter_misc":{"Tiempo de lectura":"2 minutos"},"schema":{"@context":"https:\/\/schema.org","@graph":[{"@type":"WebPage","@id":"https:\/\/www.bagnoitalia.com\/es\/producto\/lion4-bathroom-cabinet-with-drawer-unit-and-90-or-100-cm-door-right-or-left-hand-washbasin-available-in-11-colours.html","url":"https:\/\/www.bagnoitalia.com\/es\/producto\/lion4-bathroom-cabinet-with-drawer-unit-and-90-or-100-cm-door-right-or-left-hand-washbasin-available-in-11-colours.html","name":"Mueble de ba\u00f1o Lion4 con cajonera y puerta de 90 o 100 cm, lavabo a la derecha o a la izquierda, disponible en 11 colores. - Bagno Italia","isPartOf":{"@id":"https:\/\/www.bagnoitalia.com\/es#website"},"primaryImageOfPage":{"@id":"https:\/\/www.bagnoitalia.com\/es\/producto\/lion4-bathroom-cabinet-with-drawer-unit-and-90-or-100-cm-door-right-or-left-hand-washbasin-available-in-11-colours.html#primaryimage"},"image":{"@id":"https:\/\/www.bagnoitalia.com\/es\/producto\/lion4-bathroom-cabinet-with-drawer-unit-and-90-or-100-cm-door-right-or-left-hand-washbasin-available-in-11-colours.html#primaryimage"},"thumbnailUrl":"https:\/\/img.bagnoitalia.com\/wp-content\/uploads\/1-54.jpg","datePublished":"2025-09-23T14:04:49+00:00","dateModified":"2025-09-23T14:28:43+00:00","breadcrumb":{"@id":"https:\/\/www.bagnoitalia.com\/es\/producto\/lion4-bathroom-cabinet-with-drawer-unit-and-90-or-100-cm-door-right-or-left-hand-washbasin-available-in-11-colours.html#breadcrumb"},"inLanguage":"es","potentialAction":[{"@type":"ReadAction","target":["https:\/\/www.bagnoitalia.com\/es\/producto\/lion4-bathroom-cabinet-with-drawer-unit-and-90-or-100-cm-door-right-or-left-hand-washbasin-available-in-11-colours.html"]}]},{"@type":"ImageObject","inLanguage":"es","@id":"https:\/\/www.bagnoitalia.com\/es\/producto\/lion4-bathroom-cabinet-with-drawer-unit-and-90-or-100-cm-door-right-or-left-hand-washbasin-available-in-11-colours.html#primaryimage","url":"https:\/\/img.bagnoitalia.com\/wp-content\/uploads\/1-54.jpg","contentUrl":"https:\/\/img.bagnoitalia.com\/wp-content\/uploads\/1-54.jpg","width":1000,"height":1000},{"@type":"BreadcrumbList","@id":"https:\/\/www.bagnoitalia.com\/es\/producto\/lion4-bathroom-cabinet-with-drawer-unit-and-90-or-100-cm-door-right-or-left-hand-washbasin-available-in-11-colours.html#breadcrumb","itemListElement":[{"@type":"ListItem","position":1,"name":"Home","item":"https:\/\/www.bagnoitalia.com\/es"},{"@type":"ListItem","position":2,"name":"Productos","item":"https:\/\/www.bagnoitalia.com\/es\/shop"},{"@type":"ListItem","position":3,"name":"Mueble de ba\u00f1o Lion4 con cajonera y puerta de 90 o 100 cm, lavabo a la derecha o a la izquierda, disponible en 11 colores."}]},{"@type":"WebSite","@id":"https:\/\/www.bagnoitalia.com\/es#website","url":"https:\/\/www.bagnoitalia.com\/es","name":"Bagno Italia","description":"","publisher":{"@id":"https:\/\/www.bagnoitalia.com\/es#organization"},"potentialAction":[{"@type":"SearchAction","target":{"@type":"EntryPoint","urlTemplate":"https:\/\/www.bagnoitalia.com\/es?s={search_term_string}"},"query-input":{"@type":"PropertyValueSpecification","valueRequired":true,"valueName":"search_term_string"}}],"inLanguage":"es"},{"@type":"Organization","@id":"https:\/\/www.bagnoitalia.com\/es#organization","name":"Bagno Italia","url":"https:\/\/www.bagnoitalia.com\/es","logo":{"@type":"ImageObject","inLanguage":"es","@id":"https:\/\/www.bagnoitalia.com\/es#\/schema\/logo\/image\/","url":"https:\/\/img.bagnoitalia.com\/wp-content\/uploads\/logo-bagnoitalia.webp","contentUrl":"https:\/\/img.bagnoitalia.com\/wp-content\/uploads\/logo-bagnoitalia.webp","width":400,"height":70,"caption":"Bagno Italia"},"image":{"@id":"https:\/\/www.bagnoitalia.com\/es#\/schema\/logo\/image\/"}}]}},"_links":{"self":[{"href":"https:\/\/www.bagnoitalia.com\/es\/wp-json\/wp\/v2\/product\/111739","targetHints":{"allow":["GET"]}}],"collection":[{"href":"https:\/\/www.bagnoitalia.com\/es\/wp-json\/wp\/v2\/product"}],"about":[{"href":"https:\/\/www.bagnoitalia.com\/es\/wp-json\/wp\/v2\/types\/product"}],"replies":[{"embeddable":true,"href":"https:\/\/www.bagnoitalia.com\/es\/wp-json\/wp\/v2\/comments?post=111739"}],"version-history":[{"count":3,"href":"https:\/\/www.bagnoitalia.com\/es\/wp-json\/wp\/v2\/product\/111739\/revisions"}],"predecessor-version":[{"id":111748,"href":"https:\/\/www.bagnoitalia.com\/es\/wp-json\/wp\/v2\/product\/111739\/revisions\/111748"}],"wp:featuredmedia":[{"embeddable":true,"href":"https:\/\/www.bagnoitalia.com\/es\/wp-json\/wp\/v2\/media\/111603"}],"wp:attachment":[{"href":"https:\/\/www.bagnoitalia.com\/es\/wp-json\/wp\/v2\/media?parent=111739"}],"wp:term":[{"taxonomy":"product_brand","embeddable":true,"href":"https:\/\/www.bagnoitalia.com\/es\/wp-json\/wp\/v2\/product_brand?post=111739"},{"taxonomy":"product_cat","embeddable":true,"href":"https:\/\/www.bagnoitalia.com\/es\/wp-json\/wp\/v2\/product_cat?post=111739"},{"taxonomy":"product_tag","embeddable":true,"href":"https:\/\/www.bagnoitalia.com\/es\/wp-json\/wp\/v2\/product_tag?post=111739"}],"curies":[{"name":"wp","href":"https:\/\/api.w.org\/{rel}","templated":true}]}}