{"id":111589,"date":"2025-09-22T15:59:21","date_gmt":"2025-09-22T13:59:21","guid":{"rendered":"https:\/\/www.bagnoitalia.com\/lion3-wall-mounted-bathroom-cabinet-90-or-100-cm-with-2-drawers-and-1-door-washbasin-on-the-right-or-left.html"},"modified":"2025-09-22T16:25:31","modified_gmt":"2025-09-22T14:25:31","slug":"lion3-wall-mounted-bathroom-cabinet-90-or-100-cm-with-2-drawers-and-1-door-washbasin-on-the-right-or-left","status":"publish","type":"product","link":"https:\/\/www.bagnoitalia.com\/es\/producto\/lion3-wall-mounted-bathroom-cabinet-90-or-100-cm-with-2-drawers-and-1-door-washbasin-on-the-right-or-left.html","title":{"rendered":"Mueble de ba\u00f1o suspendido Lion3, 90 o 100 cm, con 2 cajones y 1 puerta, lavabo a la derecha o a la izquierda."},"content":{"rendered":"<p>Mueble de ba\u00f1o con 2 cajones + 1 puerta, modelo \u00abLion3\u00bb<\/p>\n<p>&nbsp;<\/p>\n<p>DIMENSIONES DEL MUEBLE<\/p>\n<p>2 longitudes disponibles (seleccione el tama\u00f1o en el men\u00fa desplegable superior):<\/p>\n<p>90 cm con espejo de 70 x 90 cm<\/p>\n<p>100 cm con espejo de 70 x 100 cm<\/p>\n<p>Profundidad: 45 cm<\/p>\n<p>Altura: 54 cm<\/p>\n<p>&nbsp;<\/p>\n<p>CARACTER\u00cdSTICAS PRINCIPALES DEL PRODUCTO<\/p>\n<p>Mueble de ba\u00f1o suspendido.<\/p>\n<p>Compuesto por dos cajones y una puerta, con mecanismo de cierre suave.<\/p>\n<p>Lavabo de cer\u00e1mica blanca brillante, con cubeta desplazada a la DERECHA o a la IZQUIERDA (por encima de los cajones).<\/p>\n<p>Con desag\u00fce.<\/p>\n<p>Con orificio para grifo (grifo mezclador NO incluido en el precio).<\/p>\n<p>Tiradores de aluminio.<\/p>\n<p>Frentes de los cajones con efecto estriado, puerta con acabado mate.<\/p>\n<p>Base disponible en un solo color o en dos tonos, a elegir entre las siguientes opciones:<\/p>\n<p>Roble africano.<\/p>\n<p>Nogal maya.<\/p>\n<p>Blanco mate.<\/p>\n<p>Terrarossa.<\/p>\n<p>Verde bosque.<\/p>\n<p>Roble africano con PUERTA NEGRA.<\/p>\n<p>Nogal maya con PUERTA NEGRA.<\/p>\n<p>Blanco mate con PUERTA NEGRA.<\/p>\n<p>Terrarossa con PUERTA NEGRA.<\/p>\n<p>Verde bosque con PUERTA NEGRA<\/p>\n<p>Estructura de madera MDF<\/p>\n<p>Espejo rectangular reversible<\/p>\n<p>MEDIANTE EL MEN\u00da DESPLEGABLE, tambi\u00e9n se puede a\u00f1adir una columna suspendida a juego, de 35x35H160 cm, con 2 puertas (push&amp;pull) y estantes internos<\/p>\n<p>&nbsp;<\/p>\n<p>&nbsp;<\/p>\n<p>&nbsp;<\/p>\n<p>&nbsp;<\/p>\n<p>&nbsp;<\/p>\n<p>&nbsp;<\/p>\n<p>&nbsp;<\/p>\n<p>Lameck<\/p>\n","protected":false},"excerpt":{"rendered":"<p>Mueble de ba\u00f1o suspendido, disponible en dos tama\u00f1os y 10 combinaciones de colores. Mueble bajo compuesto por dos cajones con frentes acanalados y puerta con acabado satinado. El lavabo (con cubeta descentrada) y el espejo est\u00e1n incluidos en el precio.<\/p>\n","protected":false},"featured_media":111461,"comment_status":"open","ping_status":"closed","template":"","meta":[],"product_brand":[9884],"product_cat":[9721],"product_tag":[],"class_list":{"0":"post-111589","1":"product","2":"type-product","3":"status-publish","4":"has-post-thumbnail","6":"product_brand-deghi-es","7":"product_cat-mueble-de-bano-de-71-a-100-cm-muebles-modernos","9":"first","10":"instock","11":"sale","12":"taxable","13":"shipping-taxable","14":"purchasable","15":"product-type-simple"},"exclude_global_add_ons":false,"addons":[{"name":"Tipo","type":"multiple_choice","position":0,"required":true,"title_format":"heading","default":"","description_enable":false,"description":"","placeholder_enable":false,"placeholder":"","display":"select","restrictions_type":"any_text","adjust_price":false,"price":"","price_type":"flat_fee","restrictions":false,"min":"0","max":"0","options":[{"label":"90 cm DERECHA roble africano","price":"","price_type":"quantity_based","image":0,"visibility":true},{"label":"90 cm DERECHA nogal maya","price":"","price_type":"quantity_based","image":0,"visibility":true},{"label":"90 cm DERECHA blanco mate","price":"","price_type":"quantity_based","image":0,"visibility":true},{"label":"90 cm DERECHA rojo tierra","price":"","price_type":"quantity_based","image":0,"visibility":true},{"label":"90 cm DERECHA verde selva","price":"","price_type":"quantity_based","image":0,"visibility":true},{"label":"90 cm DERECHA roble africano con puerta negra","price":"","price_type":"quantity_based","image":0,"visibility":true},{"label":"90 cm DERECHA nogal maya con puerta negra","price":"","price_type":"quantity_based","image":0,"visibility":true},{"label":"90 cm DERECHA blanco mate con puerta negra","price":"","price_type":"quantity_based","image":0,"visibility":true},{"label":"90 cm DERECHA rojo tierra con puerta negra","price":"","price_type":"quantity_based","image":0,"visibility":true},{"label":"90 cm DERECHA verde selva con puerta negra","price":"","price_type":"quantity_based","image":0,"visibility":true},{"label":"90 cm IZQUIERDA roble africano","price":"","price_type":"quantity_based","image":0,"visibility":true},{"label":"90 cm IZQUIERDA nogal maya","price":"","price_type":"quantity_based","image":0,"visibility":true},{"label":"90 cm IZQUIERDA blanco mate","price":"","price_type":"quantity_based","image":0,"visibility":true},{"label":"90 cm IZQUIERDA rojo tierra","price":"","price_type":"quantity_based","image":0,"visibility":true},{"label":"90 cm IZQUIERDA verde selva","price":"","price_type":"quantity_based","image":0,"visibility":true},{"label":"90 cm IZQUIERDA roble africano con puerta negra","price":"","price_type":"quantity_based","image":0,"visibility":true},{"label":"90 cm IZQUIERDO nogal maya con puerta negra","price":"","price_type":"quantity_based","image":0,"visibility":true},{"label":"90 cm IZQUIERDO blanco mate con puerta negra","price":"","price_type":"quantity_based","image":0,"visibility":true},{"label":"90 cm IZQUIERDO rojo tierra con puerta negra","price":"","price_type":"quantity_based","image":0,"visibility":true},{"label":"90 cm IZQUIERDO verde selva con puerta negra","price":"","price_type":"quantity_based","image":0,"visibility":true},{"label":"100 cm DERECHA roble africano","price":"40","price_type":"quantity_based","image":0,"visibility":true},{"label":"100 cm DERECHA nogal maya","price":"40","price_type":"quantity_based","image":0,"visibility":true},{"label":"100 cm DERECHA blanco mate","price":"40","price_type":"quantity_based","image":0,"visibility":true},{"label":"100 cm DERECHA rojo tierra","price":"40","price_type":"quantity_based","image":0,"visibility":true},{"label":"100 cm DERECHA verde selva","price":"40","price_type":"quantity_based","image":0,"visibility":true},{"label":"100 cm DERECHA roble africano con puerta negra","price":"40","price_type":"quantity_based","image":0,"visibility":true},{"label":"100 cm DERECHA nogal maya con puerta negra","price":"40","price_type":"quantity_based","image":0,"visibility":true},{"label":"100 cm DERECHA blanco mate con puerta negra","price":"40","price_type":"quantity_based","image":0,"visibility":true},{"label":"100 cm DERECHA rojo tierra con puerta negra","price":"40","price_type":"quantity_based","image":0,"visibility":true},{"label":"100 cm DERECHA verde selva con puerta negra","price":"40","price_type":"quantity_based","image":0,"visibility":true},{"label":"100 cm IZQUIERDA roble africano","price":"40","price_type":"quantity_based","image":0,"visibility":true},{"label":"100 cm IZQUIERDA nogal maya","price":"40","price_type":"quantity_based","image":0,"visibility":true},{"label":"100 cm IZQUIERDA blanco mate","price":"40","price_type":"quantity_based","image":0,"visibility":true},{"label":"100 cm IZQUIERDA rojo tierra","price":"40","price_type":"quantity_based","image":0,"visibility":true},{"label":"100 cm IZQUIERDO verde selva","price":"40","price_type":"quantity_based","image":0,"visibility":true},{"label":"100 cm IZQUIERDO roble africano con puerta negra","price":"40","price_type":"quantity_based","image":0,"visibility":true},{"label":"100 cm IZQUIERDO nogal maya con puerta negra","price":"40","price_type":"quantity_based","image":0,"visibility":true},{"label":"100 cm IZQUIERDO blanco mate con puerta negra","price":"40","price_type":"quantity_based","image":0,"visibility":true},{"label":"100 cm IZQUIERDO rojo tierra con puerta negra","price":"40","price_type":"quantity_based","image":0,"visibility":true},{"label":"100 cm IZQUIERDO verde selva con puerta negra","price":"40","price_type":"quantity_based","image":0,"visibility":true}],"id":1758556762},{"name":"Columna","type":"multiple_choice","position":1,"required":true,"title_format":"heading","default":"","description_enable":false,"description":"","placeholder_enable":false,"placeholder":"","display":"select","restrictions_type":"any_text","adjust_price":false,"price":"","price_type":"flat_fee","restrictions":false,"min":"0","max":"0","options":[{"label":"NO","price":"","price_type":"quantity_based","image":0,"visibility":true},{"label":"1 columna 35 x 35 x 160 cm","price":"619","price_type":"quantity_based","image":0,"visibility":true}],"id":1758556763}],"yoast_head":"<!-- This site is optimized with the Yoast SEO plugin v26.7 - https:\/\/yoast.com\/wordpress\/plugins\/seo\/ -->\n<title>Mueble de ba\u00f1o suspendido Lion3, 90 o 100 cm, con 2 cajones y 1 puerta, lavabo a la derecha o a la izquierda. - Bagno Italia<\/title>\n<meta name=\"robots\" content=\"index, follow, max-snippet:-1, max-image-preview:large, max-video-preview:-1\" \/>\n<link rel=\"canonical\" href=\"https:\/\/www.bagnoitalia.com\/es\/producto\/lion3-wall-mounted-bathroom-cabinet-90-or-100-cm-with-2-drawers-and-1-door-washbasin-on-the-right-or-left.html\" \/>\n<meta property=\"og:locale\" content=\"es_ES\" \/>\n<meta property=\"og:type\" content=\"article\" \/>\n<meta property=\"og:title\" content=\"Mueble de ba\u00f1o suspendido Lion3, 90 o 100 cm, con 2 cajones y 1 puerta, lavabo a la derecha o a la izquierda. - Bagno Italia\" \/>\n<meta property=\"og:description\" content=\"Mueble de ba\u00f1o suspendido, disponible en dos tama\u00f1os y 10 combinaciones de colores. Mueble bajo compuesto por dos cajones con frentes acanalados y puerta con acabado satinado. El lavabo (con cubeta descentrada) y el espejo est\u00e1n incluidos en el precio.\" \/>\n<meta property=\"og:url\" content=\"https:\/\/www.bagnoitalia.com\/es\/producto\/lion3-wall-mounted-bathroom-cabinet-90-or-100-cm-with-2-drawers-and-1-door-washbasin-on-the-right-or-left.html\" \/>\n<meta property=\"og:site_name\" content=\"Bagno Italia\" \/>\n<meta property=\"article:modified_time\" content=\"2025-09-22T14:25:31+00:00\" \/>\n<meta property=\"og:image\" content=\"https:\/\/img.bagnoitalia.com\/wp-content\/uploads\/1-53.jpg\" \/>\n\t<meta property=\"og:image:width\" content=\"1000\" \/>\n\t<meta property=\"og:image:height\" content=\"1000\" \/>\n\t<meta property=\"og:image:type\" content=\"image\/jpeg\" \/>\n<meta name=\"twitter:card\" content=\"summary_large_image\" \/>\n<meta name=\"twitter:label1\" content=\"Tiempo de lectura\" \/>\n\t<meta name=\"twitter:data1\" content=\"2 minutos\" \/>\n<script type=\"application\/ld+json\" class=\"yoast-schema-graph\">{\"@context\":\"https:\/\/schema.org\",\"@graph\":[{\"@type\":\"WebPage\",\"@id\":\"https:\/\/www.bagnoitalia.com\/es\/producto\/lion3-wall-mounted-bathroom-cabinet-90-or-100-cm-with-2-drawers-and-1-door-washbasin-on-the-right-or-left.html\",\"url\":\"https:\/\/www.bagnoitalia.com\/es\/producto\/lion3-wall-mounted-bathroom-cabinet-90-or-100-cm-with-2-drawers-and-1-door-washbasin-on-the-right-or-left.html\",\"name\":\"Mueble de ba\u00f1o suspendido Lion3, 90 o 100 cm, con 2 cajones y 1 puerta, lavabo a la derecha o a la izquierda. - Bagno Italia\",\"isPartOf\":{\"@id\":\"https:\/\/www.bagnoitalia.com\/es#website\"},\"primaryImageOfPage\":{\"@id\":\"https:\/\/www.bagnoitalia.com\/es\/producto\/lion3-wall-mounted-bathroom-cabinet-90-or-100-cm-with-2-drawers-and-1-door-washbasin-on-the-right-or-left.html#primaryimage\"},\"image\":{\"@id\":\"https:\/\/www.bagnoitalia.com\/es\/producto\/lion3-wall-mounted-bathroom-cabinet-90-or-100-cm-with-2-drawers-and-1-door-washbasin-on-the-right-or-left.html#primaryimage\"},\"thumbnailUrl\":\"https:\/\/img.bagnoitalia.com\/wp-content\/uploads\/1-53.jpg\",\"datePublished\":\"2025-09-22T13:59:21+00:00\",\"dateModified\":\"2025-09-22T14:25:31+00:00\",\"breadcrumb\":{\"@id\":\"https:\/\/www.bagnoitalia.com\/es\/producto\/lion3-wall-mounted-bathroom-cabinet-90-or-100-cm-with-2-drawers-and-1-door-washbasin-on-the-right-or-left.html#breadcrumb\"},\"inLanguage\":\"es\",\"potentialAction\":[{\"@type\":\"ReadAction\",\"target\":[\"https:\/\/www.bagnoitalia.com\/es\/producto\/lion3-wall-mounted-bathroom-cabinet-90-or-100-cm-with-2-drawers-and-1-door-washbasin-on-the-right-or-left.html\"]}]},{\"@type\":\"ImageObject\",\"inLanguage\":\"es\",\"@id\":\"https:\/\/www.bagnoitalia.com\/es\/producto\/lion3-wall-mounted-bathroom-cabinet-90-or-100-cm-with-2-drawers-and-1-door-washbasin-on-the-right-or-left.html#primaryimage\",\"url\":\"https:\/\/img.bagnoitalia.com\/wp-content\/uploads\/1-53.jpg\",\"contentUrl\":\"https:\/\/img.bagnoitalia.com\/wp-content\/uploads\/1-53.jpg\",\"width\":1000,\"height\":1000},{\"@type\":\"BreadcrumbList\",\"@id\":\"https:\/\/www.bagnoitalia.com\/es\/producto\/lion3-wall-mounted-bathroom-cabinet-90-or-100-cm-with-2-drawers-and-1-door-washbasin-on-the-right-or-left.html#breadcrumb\",\"itemListElement\":[{\"@type\":\"ListItem\",\"position\":1,\"name\":\"Home\",\"item\":\"https:\/\/www.bagnoitalia.com\/es\"},{\"@type\":\"ListItem\",\"position\":2,\"name\":\"Productos\",\"item\":\"https:\/\/www.bagnoitalia.com\/es\/shop\"},{\"@type\":\"ListItem\",\"position\":3,\"name\":\"Mueble de ba\u00f1o suspendido Lion3, 90 o 100 cm, con 2 cajones y 1 puerta, lavabo a la derecha o a la izquierda.\"}]},{\"@type\":\"WebSite\",\"@id\":\"https:\/\/www.bagnoitalia.com\/es#website\",\"url\":\"https:\/\/www.bagnoitalia.com\/es\",\"name\":\"Bagno Italia\",\"description\":\"\",\"publisher\":{\"@id\":\"https:\/\/www.bagnoitalia.com\/es#organization\"},\"potentialAction\":[{\"@type\":\"SearchAction\",\"target\":{\"@type\":\"EntryPoint\",\"urlTemplate\":\"https:\/\/www.bagnoitalia.com\/es?s={search_term_string}\"},\"query-input\":{\"@type\":\"PropertyValueSpecification\",\"valueRequired\":true,\"valueName\":\"search_term_string\"}}],\"inLanguage\":\"es\"},{\"@type\":\"Organization\",\"@id\":\"https:\/\/www.bagnoitalia.com\/es#organization\",\"name\":\"Bagno Italia\",\"url\":\"https:\/\/www.bagnoitalia.com\/es\",\"logo\":{\"@type\":\"ImageObject\",\"inLanguage\":\"es\",\"@id\":\"https:\/\/www.bagnoitalia.com\/es#\/schema\/logo\/image\/\",\"url\":\"https:\/\/img.bagnoitalia.com\/wp-content\/uploads\/logo-bagnoitalia.webp\",\"contentUrl\":\"https:\/\/img.bagnoitalia.com\/wp-content\/uploads\/logo-bagnoitalia.webp\",\"width\":400,\"height\":70,\"caption\":\"Bagno Italia\"},\"image\":{\"@id\":\"https:\/\/www.bagnoitalia.com\/es#\/schema\/logo\/image\/\"}}]}<\/script>\n<!-- \/ Yoast SEO plugin. -->","yoast_head_json":{"title":"Mueble de ba\u00f1o suspendido Lion3, 90 o 100 cm, con 2 cajones y 1 puerta, lavabo a la derecha o a la izquierda. - Bagno Italia","robots":{"index":"index","follow":"follow","max-snippet":"max-snippet:-1","max-image-preview":"max-image-preview:large","max-video-preview":"max-video-preview:-1"},"canonical":"https:\/\/www.bagnoitalia.com\/es\/producto\/lion3-wall-mounted-bathroom-cabinet-90-or-100-cm-with-2-drawers-and-1-door-washbasin-on-the-right-or-left.html","og_locale":"es_ES","og_type":"article","og_title":"Mueble de ba\u00f1o suspendido Lion3, 90 o 100 cm, con 2 cajones y 1 puerta, lavabo a la derecha o a la izquierda. - Bagno Italia","og_description":"Mueble de ba\u00f1o suspendido, disponible en dos tama\u00f1os y 10 combinaciones de colores. Mueble bajo compuesto por dos cajones con frentes acanalados y puerta con acabado satinado. El lavabo (con cubeta descentrada) y el espejo est\u00e1n incluidos en el precio.","og_url":"https:\/\/www.bagnoitalia.com\/es\/producto\/lion3-wall-mounted-bathroom-cabinet-90-or-100-cm-with-2-drawers-and-1-door-washbasin-on-the-right-or-left.html","og_site_name":"Bagno Italia","article_modified_time":"2025-09-22T14:25:31+00:00","og_image":[{"width":1000,"height":1000,"url":"https:\/\/img.bagnoitalia.com\/wp-content\/uploads\/1-53.jpg","type":"image\/jpeg"}],"twitter_card":"summary_large_image","twitter_misc":{"Tiempo de lectura":"2 minutos"},"schema":{"@context":"https:\/\/schema.org","@graph":[{"@type":"WebPage","@id":"https:\/\/www.bagnoitalia.com\/es\/producto\/lion3-wall-mounted-bathroom-cabinet-90-or-100-cm-with-2-drawers-and-1-door-washbasin-on-the-right-or-left.html","url":"https:\/\/www.bagnoitalia.com\/es\/producto\/lion3-wall-mounted-bathroom-cabinet-90-or-100-cm-with-2-drawers-and-1-door-washbasin-on-the-right-or-left.html","name":"Mueble de ba\u00f1o suspendido Lion3, 90 o 100 cm, con 2 cajones y 1 puerta, lavabo a la derecha o a la izquierda. - Bagno Italia","isPartOf":{"@id":"https:\/\/www.bagnoitalia.com\/es#website"},"primaryImageOfPage":{"@id":"https:\/\/www.bagnoitalia.com\/es\/producto\/lion3-wall-mounted-bathroom-cabinet-90-or-100-cm-with-2-drawers-and-1-door-washbasin-on-the-right-or-left.html#primaryimage"},"image":{"@id":"https:\/\/www.bagnoitalia.com\/es\/producto\/lion3-wall-mounted-bathroom-cabinet-90-or-100-cm-with-2-drawers-and-1-door-washbasin-on-the-right-or-left.html#primaryimage"},"thumbnailUrl":"https:\/\/img.bagnoitalia.com\/wp-content\/uploads\/1-53.jpg","datePublished":"2025-09-22T13:59:21+00:00","dateModified":"2025-09-22T14:25:31+00:00","breadcrumb":{"@id":"https:\/\/www.bagnoitalia.com\/es\/producto\/lion3-wall-mounted-bathroom-cabinet-90-or-100-cm-with-2-drawers-and-1-door-washbasin-on-the-right-or-left.html#breadcrumb"},"inLanguage":"es","potentialAction":[{"@type":"ReadAction","target":["https:\/\/www.bagnoitalia.com\/es\/producto\/lion3-wall-mounted-bathroom-cabinet-90-or-100-cm-with-2-drawers-and-1-door-washbasin-on-the-right-or-left.html"]}]},{"@type":"ImageObject","inLanguage":"es","@id":"https:\/\/www.bagnoitalia.com\/es\/producto\/lion3-wall-mounted-bathroom-cabinet-90-or-100-cm-with-2-drawers-and-1-door-washbasin-on-the-right-or-left.html#primaryimage","url":"https:\/\/img.bagnoitalia.com\/wp-content\/uploads\/1-53.jpg","contentUrl":"https:\/\/img.bagnoitalia.com\/wp-content\/uploads\/1-53.jpg","width":1000,"height":1000},{"@type":"BreadcrumbList","@id":"https:\/\/www.bagnoitalia.com\/es\/producto\/lion3-wall-mounted-bathroom-cabinet-90-or-100-cm-with-2-drawers-and-1-door-washbasin-on-the-right-or-left.html#breadcrumb","itemListElement":[{"@type":"ListItem","position":1,"name":"Home","item":"https:\/\/www.bagnoitalia.com\/es"},{"@type":"ListItem","position":2,"name":"Productos","item":"https:\/\/www.bagnoitalia.com\/es\/shop"},{"@type":"ListItem","position":3,"name":"Mueble de ba\u00f1o suspendido Lion3, 90 o 100 cm, con 2 cajones y 1 puerta, lavabo a la derecha o a la izquierda."}]},{"@type":"WebSite","@id":"https:\/\/www.bagnoitalia.com\/es#website","url":"https:\/\/www.bagnoitalia.com\/es","name":"Bagno Italia","description":"","publisher":{"@id":"https:\/\/www.bagnoitalia.com\/es#organization"},"potentialAction":[{"@type":"SearchAction","target":{"@type":"EntryPoint","urlTemplate":"https:\/\/www.bagnoitalia.com\/es?s={search_term_string}"},"query-input":{"@type":"PropertyValueSpecification","valueRequired":true,"valueName":"search_term_string"}}],"inLanguage":"es"},{"@type":"Organization","@id":"https:\/\/www.bagnoitalia.com\/es#organization","name":"Bagno Italia","url":"https:\/\/www.bagnoitalia.com\/es","logo":{"@type":"ImageObject","inLanguage":"es","@id":"https:\/\/www.bagnoitalia.com\/es#\/schema\/logo\/image\/","url":"https:\/\/img.bagnoitalia.com\/wp-content\/uploads\/logo-bagnoitalia.webp","contentUrl":"https:\/\/img.bagnoitalia.com\/wp-content\/uploads\/logo-bagnoitalia.webp","width":400,"height":70,"caption":"Bagno Italia"},"image":{"@id":"https:\/\/www.bagnoitalia.com\/es#\/schema\/logo\/image\/"}}]}},"_links":{"self":[{"href":"https:\/\/www.bagnoitalia.com\/es\/wp-json\/wp\/v2\/product\/111589","targetHints":{"allow":["GET"]}}],"collection":[{"href":"https:\/\/www.bagnoitalia.com\/es\/wp-json\/wp\/v2\/product"}],"about":[{"href":"https:\/\/www.bagnoitalia.com\/es\/wp-json\/wp\/v2\/types\/product"}],"replies":[{"embeddable":true,"href":"https:\/\/www.bagnoitalia.com\/es\/wp-json\/wp\/v2\/comments?post=111589"}],"version-history":[{"count":3,"href":"https:\/\/www.bagnoitalia.com\/es\/wp-json\/wp\/v2\/product\/111589\/revisions"}],"predecessor-version":[{"id":111598,"href":"https:\/\/www.bagnoitalia.com\/es\/wp-json\/wp\/v2\/product\/111589\/revisions\/111598"}],"wp:featuredmedia":[{"embeddable":true,"href":"https:\/\/www.bagnoitalia.com\/es\/wp-json\/wp\/v2\/media\/111461"}],"wp:attachment":[{"href":"https:\/\/www.bagnoitalia.com\/es\/wp-json\/wp\/v2\/media?parent=111589"}],"wp:term":[{"taxonomy":"product_brand","embeddable":true,"href":"https:\/\/www.bagnoitalia.com\/es\/wp-json\/wp\/v2\/product_brand?post=111589"},{"taxonomy":"product_cat","embeddable":true,"href":"https:\/\/www.bagnoitalia.com\/es\/wp-json\/wp\/v2\/product_cat?post=111589"},{"taxonomy":"product_tag","embeddable":true,"href":"https:\/\/www.bagnoitalia.com\/es\/wp-json\/wp\/v2\/product_tag?post=111589"}],"curies":[{"name":"wp","href":"https:\/\/api.w.org\/{rel}","templated":true}]}}