{"id":110998,"date":"2025-09-12T15:46:39","date_gmt":"2025-09-12T13:46:39","guid":{"rendered":"https:\/\/www.bagnoitalia.com\/70x35xh180-cm-display-cabinet-with-2-doors-and-slate-or-havana-metal-frame-bm151.html"},"modified":"2025-09-12T15:51:33","modified_gmt":"2025-09-12T13:51:33","slug":"70x35xh180-cm-display-cabinet-with-2-doors-and-slate-or-havana-metal-frame-bm151","status":"publish","type":"product","link":"https:\/\/www.bagnoitalia.com\/es\/producto\/70x35xh180-cm-display-cabinet-with-2-doors-and-slate-or-havana-metal-frame-bm151.html","title":{"rendered":"Vitrina de 70 x 35 x 180 cm con 2 puertas y estructura met\u00e1lica en color pizarra o habana BM151"},"content":{"rendered":"<p>VITRINA MET\u00c1LICA CON 2 PUERTAS \u00abBM151\u00bb<\/p>\n<p>&nbsp;<\/p>\n<p>Caracter\u00edsticas principales del producto<\/p>\n<p>&nbsp;<\/p>\n<p>Vitrina multiusos.<\/p>\n<p>Dimensiones: 70 x 35 x 180 cm.<\/p>\n<p>Compuesta por dos puertas y 4 estantes internos.<\/p>\n<p>Puertas de cristal.<\/p>\n<p>Estructura met\u00e1lica pintada.<\/p>\n<p>Colores disponibles: pizarra o habana.<\/p>\n<p>Resistente a los ara\u00f1azos.<\/p>\n<p>Montaje r\u00e1pido<\/p>\n<p>&nbsp;<\/p>\n<p>&nbsp;<\/p>\n<p>&nbsp;<\/p>\n<p>&nbsp;<\/p>\n<p>&nbsp;<\/p>\n<p>118188<br \/>\n118189<\/p>\n","protected":false},"excerpt":{"rendered":"<p>Vitrina con estructura met\u00e1lica y 2 puertas de cristal. Disponible en colores pizarra o habana. F\u00e1cil de montar.<\/p>\n","protected":false},"featured_media":110978,"comment_status":"open","ping_status":"closed","template":"","meta":[],"product_brand":[9881],"product_cat":[10117],"product_tag":[],"class_list":{"0":"post-110998","1":"product","2":"type-product","3":"status-publish","4":"has-post-thumbnail","6":"product_brand-vari-produttori-es","7":"product_cat-senza-categoria-es","9":"first","10":"outofstock","11":"taxable","12":"shipping-taxable","13":"purchasable","14":"product-type-simple"},"exclude_global_add_ons":false,"addons":[{"name":"Color","type":"multiple_choice","position":0,"required":true,"title_format":"heading","default":"","description_enable":false,"description":"","placeholder_enable":false,"placeholder":"","display":"select","restrictions_type":"any_text","adjust_price":false,"price":"","price_type":"flat_fee","restrictions":false,"min":"0","max":"0","options":[{"label":"pizarra","price":"","price_type":"quantity_based","image":0,"visibility":true},{"label":"habana","price":"","price_type":"quantity_based","image":0,"visibility":true}],"id":1757692000}],"yoast_head":"<!-- This site is optimized with the Yoast SEO plugin v26.7 - https:\/\/yoast.com\/wordpress\/plugins\/seo\/ -->\n<title>Vitrina de 70 x 35 x 180 cm con 2 puertas y estructura met\u00e1lica en color pizarra o habana BM151 - Bagno Italia<\/title>\n<meta name=\"robots\" content=\"index, follow, max-snippet:-1, max-image-preview:large, max-video-preview:-1\" \/>\n<link rel=\"canonical\" href=\"https:\/\/www.bagnoitalia.com\/es\/producto\/70x35xh180-cm-display-cabinet-with-2-doors-and-slate-or-havana-metal-frame-bm151.html\" \/>\n<meta property=\"og:locale\" content=\"es_ES\" \/>\n<meta property=\"og:type\" content=\"article\" \/>\n<meta property=\"og:title\" content=\"Vitrina de 70 x 35 x 180 cm con 2 puertas y estructura met\u00e1lica en color pizarra o habana BM151 - Bagno Italia\" \/>\n<meta property=\"og:description\" content=\"Vitrina con estructura met\u00e1lica y 2 puertas de cristal. Disponible en colores pizarra o habana. F\u00e1cil de montar.\" \/>\n<meta property=\"og:url\" content=\"https:\/\/www.bagnoitalia.com\/es\/producto\/70x35xh180-cm-display-cabinet-with-2-doors-and-slate-or-havana-metal-frame-bm151.html\" \/>\n<meta property=\"og:site_name\" content=\"Bagno Italia\" \/>\n<meta property=\"article:modified_time\" content=\"2025-09-12T13:51:33+00:00\" \/>\n<meta property=\"og:image\" content=\"https:\/\/img.bagnoitalia.com\/wp-content\/uploads\/1-47.jpg\" \/>\n\t<meta property=\"og:image:width\" content=\"1000\" \/>\n\t<meta property=\"og:image:height\" content=\"1000\" \/>\n\t<meta property=\"og:image:type\" content=\"image\/jpeg\" \/>\n<meta name=\"twitter:card\" content=\"summary_large_image\" \/>\n<meta name=\"twitter:label1\" content=\"Tiempo de lectura\" \/>\n\t<meta name=\"twitter:data1\" content=\"1 minuto\" \/>\n<script type=\"application\/ld+json\" class=\"yoast-schema-graph\">{\"@context\":\"https:\/\/schema.org\",\"@graph\":[{\"@type\":\"WebPage\",\"@id\":\"https:\/\/www.bagnoitalia.com\/es\/producto\/70x35xh180-cm-display-cabinet-with-2-doors-and-slate-or-havana-metal-frame-bm151.html\",\"url\":\"https:\/\/www.bagnoitalia.com\/es\/producto\/70x35xh180-cm-display-cabinet-with-2-doors-and-slate-or-havana-metal-frame-bm151.html\",\"name\":\"Vitrina de 70 x 35 x 180 cm con 2 puertas y estructura met\u00e1lica en color pizarra o habana BM151 - Bagno Italia\",\"isPartOf\":{\"@id\":\"https:\/\/www.bagnoitalia.com\/es#website\"},\"primaryImageOfPage\":{\"@id\":\"https:\/\/www.bagnoitalia.com\/es\/producto\/70x35xh180-cm-display-cabinet-with-2-doors-and-slate-or-havana-metal-frame-bm151.html#primaryimage\"},\"image\":{\"@id\":\"https:\/\/www.bagnoitalia.com\/es\/producto\/70x35xh180-cm-display-cabinet-with-2-doors-and-slate-or-havana-metal-frame-bm151.html#primaryimage\"},\"thumbnailUrl\":\"https:\/\/img.bagnoitalia.com\/wp-content\/uploads\/1-47.jpg\",\"datePublished\":\"2025-09-12T13:46:39+00:00\",\"dateModified\":\"2025-09-12T13:51:33+00:00\",\"breadcrumb\":{\"@id\":\"https:\/\/www.bagnoitalia.com\/es\/producto\/70x35xh180-cm-display-cabinet-with-2-doors-and-slate-or-havana-metal-frame-bm151.html#breadcrumb\"},\"inLanguage\":\"es\",\"potentialAction\":[{\"@type\":\"ReadAction\",\"target\":[\"https:\/\/www.bagnoitalia.com\/es\/producto\/70x35xh180-cm-display-cabinet-with-2-doors-and-slate-or-havana-metal-frame-bm151.html\"]}]},{\"@type\":\"ImageObject\",\"inLanguage\":\"es\",\"@id\":\"https:\/\/www.bagnoitalia.com\/es\/producto\/70x35xh180-cm-display-cabinet-with-2-doors-and-slate-or-havana-metal-frame-bm151.html#primaryimage\",\"url\":\"https:\/\/img.bagnoitalia.com\/wp-content\/uploads\/1-47.jpg\",\"contentUrl\":\"https:\/\/img.bagnoitalia.com\/wp-content\/uploads\/1-47.jpg\",\"width\":1000,\"height\":1000},{\"@type\":\"BreadcrumbList\",\"@id\":\"https:\/\/www.bagnoitalia.com\/es\/producto\/70x35xh180-cm-display-cabinet-with-2-doors-and-slate-or-havana-metal-frame-bm151.html#breadcrumb\",\"itemListElement\":[{\"@type\":\"ListItem\",\"position\":1,\"name\":\"Home\",\"item\":\"https:\/\/www.bagnoitalia.com\/es\"},{\"@type\":\"ListItem\",\"position\":2,\"name\":\"Productos\",\"item\":\"https:\/\/www.bagnoitalia.com\/es\/shop\"},{\"@type\":\"ListItem\",\"position\":3,\"name\":\"Vitrina de 70 x 35 x 180 cm con 2 puertas y estructura met\u00e1lica en color pizarra o habana BM151\"}]},{\"@type\":\"WebSite\",\"@id\":\"https:\/\/www.bagnoitalia.com\/es#website\",\"url\":\"https:\/\/www.bagnoitalia.com\/es\",\"name\":\"Bagno Italia\",\"description\":\"\",\"publisher\":{\"@id\":\"https:\/\/www.bagnoitalia.com\/es#organization\"},\"potentialAction\":[{\"@type\":\"SearchAction\",\"target\":{\"@type\":\"EntryPoint\",\"urlTemplate\":\"https:\/\/www.bagnoitalia.com\/es?s={search_term_string}\"},\"query-input\":{\"@type\":\"PropertyValueSpecification\",\"valueRequired\":true,\"valueName\":\"search_term_string\"}}],\"inLanguage\":\"es\"},{\"@type\":\"Organization\",\"@id\":\"https:\/\/www.bagnoitalia.com\/es#organization\",\"name\":\"Bagno Italia\",\"url\":\"https:\/\/www.bagnoitalia.com\/es\",\"logo\":{\"@type\":\"ImageObject\",\"inLanguage\":\"es\",\"@id\":\"https:\/\/www.bagnoitalia.com\/es#\/schema\/logo\/image\/\",\"url\":\"https:\/\/img.bagnoitalia.com\/wp-content\/uploads\/logo-bagnoitalia.webp\",\"contentUrl\":\"https:\/\/img.bagnoitalia.com\/wp-content\/uploads\/logo-bagnoitalia.webp\",\"width\":400,\"height\":70,\"caption\":\"Bagno Italia\"},\"image\":{\"@id\":\"https:\/\/www.bagnoitalia.com\/es#\/schema\/logo\/image\/\"}}]}<\/script>\n<!-- \/ Yoast SEO plugin. -->","yoast_head_json":{"title":"Vitrina de 70 x 35 x 180 cm con 2 puertas y estructura met\u00e1lica en color pizarra o habana BM151 - Bagno Italia","robots":{"index":"index","follow":"follow","max-snippet":"max-snippet:-1","max-image-preview":"max-image-preview:large","max-video-preview":"max-video-preview:-1"},"canonical":"https:\/\/www.bagnoitalia.com\/es\/producto\/70x35xh180-cm-display-cabinet-with-2-doors-and-slate-or-havana-metal-frame-bm151.html","og_locale":"es_ES","og_type":"article","og_title":"Vitrina de 70 x 35 x 180 cm con 2 puertas y estructura met\u00e1lica en color pizarra o habana BM151 - Bagno Italia","og_description":"Vitrina con estructura met\u00e1lica y 2 puertas de cristal. Disponible en colores pizarra o habana. F\u00e1cil de montar.","og_url":"https:\/\/www.bagnoitalia.com\/es\/producto\/70x35xh180-cm-display-cabinet-with-2-doors-and-slate-or-havana-metal-frame-bm151.html","og_site_name":"Bagno Italia","article_modified_time":"2025-09-12T13:51:33+00:00","og_image":[{"width":1000,"height":1000,"url":"https:\/\/img.bagnoitalia.com\/wp-content\/uploads\/1-47.jpg","type":"image\/jpeg"}],"twitter_card":"summary_large_image","twitter_misc":{"Tiempo de lectura":"1 minuto"},"schema":{"@context":"https:\/\/schema.org","@graph":[{"@type":"WebPage","@id":"https:\/\/www.bagnoitalia.com\/es\/producto\/70x35xh180-cm-display-cabinet-with-2-doors-and-slate-or-havana-metal-frame-bm151.html","url":"https:\/\/www.bagnoitalia.com\/es\/producto\/70x35xh180-cm-display-cabinet-with-2-doors-and-slate-or-havana-metal-frame-bm151.html","name":"Vitrina de 70 x 35 x 180 cm con 2 puertas y estructura met\u00e1lica en color pizarra o habana BM151 - Bagno Italia","isPartOf":{"@id":"https:\/\/www.bagnoitalia.com\/es#website"},"primaryImageOfPage":{"@id":"https:\/\/www.bagnoitalia.com\/es\/producto\/70x35xh180-cm-display-cabinet-with-2-doors-and-slate-or-havana-metal-frame-bm151.html#primaryimage"},"image":{"@id":"https:\/\/www.bagnoitalia.com\/es\/producto\/70x35xh180-cm-display-cabinet-with-2-doors-and-slate-or-havana-metal-frame-bm151.html#primaryimage"},"thumbnailUrl":"https:\/\/img.bagnoitalia.com\/wp-content\/uploads\/1-47.jpg","datePublished":"2025-09-12T13:46:39+00:00","dateModified":"2025-09-12T13:51:33+00:00","breadcrumb":{"@id":"https:\/\/www.bagnoitalia.com\/es\/producto\/70x35xh180-cm-display-cabinet-with-2-doors-and-slate-or-havana-metal-frame-bm151.html#breadcrumb"},"inLanguage":"es","potentialAction":[{"@type":"ReadAction","target":["https:\/\/www.bagnoitalia.com\/es\/producto\/70x35xh180-cm-display-cabinet-with-2-doors-and-slate-or-havana-metal-frame-bm151.html"]}]},{"@type":"ImageObject","inLanguage":"es","@id":"https:\/\/www.bagnoitalia.com\/es\/producto\/70x35xh180-cm-display-cabinet-with-2-doors-and-slate-or-havana-metal-frame-bm151.html#primaryimage","url":"https:\/\/img.bagnoitalia.com\/wp-content\/uploads\/1-47.jpg","contentUrl":"https:\/\/img.bagnoitalia.com\/wp-content\/uploads\/1-47.jpg","width":1000,"height":1000},{"@type":"BreadcrumbList","@id":"https:\/\/www.bagnoitalia.com\/es\/producto\/70x35xh180-cm-display-cabinet-with-2-doors-and-slate-or-havana-metal-frame-bm151.html#breadcrumb","itemListElement":[{"@type":"ListItem","position":1,"name":"Home","item":"https:\/\/www.bagnoitalia.com\/es"},{"@type":"ListItem","position":2,"name":"Productos","item":"https:\/\/www.bagnoitalia.com\/es\/shop"},{"@type":"ListItem","position":3,"name":"Vitrina de 70 x 35 x 180 cm con 2 puertas y estructura met\u00e1lica en color pizarra o habana BM151"}]},{"@type":"WebSite","@id":"https:\/\/www.bagnoitalia.com\/es#website","url":"https:\/\/www.bagnoitalia.com\/es","name":"Bagno Italia","description":"","publisher":{"@id":"https:\/\/www.bagnoitalia.com\/es#organization"},"potentialAction":[{"@type":"SearchAction","target":{"@type":"EntryPoint","urlTemplate":"https:\/\/www.bagnoitalia.com\/es?s={search_term_string}"},"query-input":{"@type":"PropertyValueSpecification","valueRequired":true,"valueName":"search_term_string"}}],"inLanguage":"es"},{"@type":"Organization","@id":"https:\/\/www.bagnoitalia.com\/es#organization","name":"Bagno Italia","url":"https:\/\/www.bagnoitalia.com\/es","logo":{"@type":"ImageObject","inLanguage":"es","@id":"https:\/\/www.bagnoitalia.com\/es#\/schema\/logo\/image\/","url":"https:\/\/img.bagnoitalia.com\/wp-content\/uploads\/logo-bagnoitalia.webp","contentUrl":"https:\/\/img.bagnoitalia.com\/wp-content\/uploads\/logo-bagnoitalia.webp","width":400,"height":70,"caption":"Bagno Italia"},"image":{"@id":"https:\/\/www.bagnoitalia.com\/es#\/schema\/logo\/image\/"}}]}},"_links":{"self":[{"href":"https:\/\/www.bagnoitalia.com\/es\/wp-json\/wp\/v2\/product\/110998","targetHints":{"allow":["GET"]}}],"collection":[{"href":"https:\/\/www.bagnoitalia.com\/es\/wp-json\/wp\/v2\/product"}],"about":[{"href":"https:\/\/www.bagnoitalia.com\/es\/wp-json\/wp\/v2\/types\/product"}],"replies":[{"embeddable":true,"href":"https:\/\/www.bagnoitalia.com\/es\/wp-json\/wp\/v2\/comments?post=110998"}],"version-history":[{"count":3,"href":"https:\/\/www.bagnoitalia.com\/es\/wp-json\/wp\/v2\/product\/110998\/revisions"}],"predecessor-version":[{"id":111006,"href":"https:\/\/www.bagnoitalia.com\/es\/wp-json\/wp\/v2\/product\/110998\/revisions\/111006"}],"wp:featuredmedia":[{"embeddable":true,"href":"https:\/\/www.bagnoitalia.com\/es\/wp-json\/wp\/v2\/media\/110978"}],"wp:attachment":[{"href":"https:\/\/www.bagnoitalia.com\/es\/wp-json\/wp\/v2\/media?parent=110998"}],"wp:term":[{"taxonomy":"product_brand","embeddable":true,"href":"https:\/\/www.bagnoitalia.com\/es\/wp-json\/wp\/v2\/product_brand?post=110998"},{"taxonomy":"product_cat","embeddable":true,"href":"https:\/\/www.bagnoitalia.com\/es\/wp-json\/wp\/v2\/product_cat?post=110998"},{"taxonomy":"product_tag","embeddable":true,"href":"https:\/\/www.bagnoitalia.com\/es\/wp-json\/wp\/v2\/product_tag?post=110998"}],"curies":[{"name":"wp","href":"https:\/\/api.w.org\/{rel}","templated":true}]}}