{"id":109005,"date":"2025-06-11T15:34:31","date_gmt":"2025-06-11T13:34:31","guid":{"rendered":"https:\/\/www.bagnoitalia.com\/whirlpool-210x160-cm-with-blue-interior-33-jets-heater-and-leds-mp72.html"},"modified":"2025-06-13T14:48:32","modified_gmt":"2025-06-13T12:48:32","slug":"whirlpool-210x160-cm-with-blue-interior-33-jets-heater-and-leds-mp72","status":"publish","type":"product","link":"https:\/\/www.bagnoitalia.com\/es\/producto\/whirlpool-210x160-cm-with-blue-interior-33-jets-heater-and-leds-mp72.html","title":{"rendered":"Hidromasaje 210&#215;160 cm con interior azul 33 jets calentador y LEDs MP72"},"content":{"rendered":"<p>Minipiscina para 3 personas con masaje de agua y aire MP72<\/p>\n<p>Hidromasaje acr\u00edlico, total 33 jets de aluminio, bomba de recirculaci\u00f3n, bomba de aire, bomba de hidromasaje, panel de control Balboa, calentador Balboa, Desinfectante UV, sistema de filtraci\u00f3n, iluminaci\u00f3n LED, 3 asientos (1 lounge).<\/p>\n<p>Cubierta isot\u00e9rmica incluida.<\/p>\n<p>Peso en vac\u00edo 270 kg, volumen de agua 0,95 m3, certificado CE.<\/p>\n<p>Color interior: azul;<\/p>\n<p>color exterior: gris.<\/p>\n<p>Dimensiones: 2100 x 1600 x 790 mm<\/p>\n<p>OFERTA: Cubierta ISOTHERMAL valorada en 380 euros de regalo.<\/p>\n<p>Instrucciones de instalaci\u00f3n del spa:<\/p>\n<p>&#8211; incluido el llenado\/vaciado mediante v\u00e1lvula de llenado y vaciado,<\/p>\n<p>&#8211; f\u00e1cil de conectar a la corriente dom\u00e9stica mediante un simple enchufe,<\/p>\n<p>&#8211; adaptable tanto a espacios cerrados como abiertos.<\/p>\n<p>El consumo m\u00e1ximo es de 3 kW, ya que est\u00e1 configurado para que si el calentador funciona, las bombas de hidromasaje se desconecten autom\u00e1ticamente y viceversa. Esta configuraci\u00f3n se puede modificar a trav\u00e9s del panel de control.<\/p>\n<p>&nbsp;<\/p>\n<p>MEDIDAS 2100 x 1600 x 790 mm<br \/>\nMATERIAL ACR\u00cdLICO (resina de vidrio reforzada)<br \/>\nREVESTIMIENTO EXTERIOR PVC EFECTO MADERA<br \/>\nREQUISITOS EL\u00c9CTRICOS 220V\/50HZ<br \/>\nBOMBAS DE HIDROMASAJE(2hp) 1<br \/>\nBOMBA DE AIRE (400w) 1<br \/>\nBOMBA DE RECICLAJE (0. 35hp) 1<br \/>\nCALENTADOR m\u00e1x. 40\u00b0 (3kw) 1 (BALBOA)<br \/>\nDESINFECTANTE UV 1<br \/>\nSISTEMA DE FILTRO 1 FILTRO<br \/>\nCAJA DE MANDO INFORM\u00c1TICA BALBOA GS501Z<br \/>\nILUMINADOR LED CROMOTERAPIA SUBTERR\u00c1NEA 1<br \/>\nCHORROS DE HIDROMASAJE 27<br \/>\nCHORROS DE AIRE 6<br \/>\nCOLOR INTERIOR AZUL<br \/>\nBASE ACR\u00cdLICA SI<br \/>\nASIENTOS 2<br \/>\nSAL\u00d3N 1<br \/>\nREPOSACABEZAS 3<br \/>\nCUBIERTA ISOTERMAL 1<br \/>\nPESO VAC\u00cdO 270kg<br \/>\nVOLUMEN DE AGUA 0. 95 m3<\/p>\n","protected":false},"excerpt":{"rendered":"<p>Mini hidromasaje con agua y aire, 33 chorros, para 3 personas, Desinfectante UV, calentador.<\/p>\n","protected":false},"featured_media":108984,"comment_status":"open","ping_status":"closed","template":"","meta":[],"product_brand":[9911],"product_cat":[10071],"product_tag":[],"class_list":{"0":"post-109005","1":"product","2":"type-product","3":"status-publish","4":"has-post-thumbnail","6":"product_brand-puntorelax-es","7":"product_cat-piscinas-de-hidromasaje-al-aire-libre","9":"first","10":"instock","11":"sale","12":"taxable","13":"shipping-taxable","14":"purchasable","15":"product-type-simple"},"exclude_global_add_ons":false,"addons":[{"name":"Accesorios","type":"multiple_choice","position":0,"required":true,"title_format":"heading","default":"","description_enable":false,"description":"","placeholder_enable":false,"placeholder":"","display":"select","restrictions_type":"any_text","adjust_price":false,"price":"","price_type":"flat_fee","restrictions":false,"min":"0","max":"0","options":[{"label":"sin escalera","price":"","price_type":"quantity_based","image":0,"visibility":true},{"label":"con escalera","price":"229","price_type":"quantity_based","image":0,"visibility":true}],"id":1749656073}],"yoast_head":"<!-- This site is optimized with the Yoast SEO plugin v26.7 - https:\/\/yoast.com\/wordpress\/plugins\/seo\/ -->\n<title>Hidromasaje 210x160 cm con interior azul 33 jets calentador y LEDs MP72 - Bagno Italia<\/title>\n<meta name=\"robots\" content=\"index, follow, max-snippet:-1, max-image-preview:large, max-video-preview:-1\" \/>\n<link rel=\"canonical\" href=\"https:\/\/www.bagnoitalia.com\/es\/producto\/whirlpool-210x160-cm-with-blue-interior-33-jets-heater-and-leds-mp72.html\" \/>\n<meta property=\"og:locale\" content=\"es_ES\" \/>\n<meta property=\"og:type\" content=\"article\" \/>\n<meta property=\"og:title\" content=\"Hidromasaje 210x160 cm con interior azul 33 jets calentador y LEDs MP72 - Bagno Italia\" \/>\n<meta property=\"og:description\" content=\"Mini hidromasaje con agua y aire, 33 chorros, para 3 personas, Desinfectante UV, calentador.\" \/>\n<meta property=\"og:url\" content=\"https:\/\/www.bagnoitalia.com\/es\/producto\/whirlpool-210x160-cm-with-blue-interior-33-jets-heater-and-leds-mp72.html\" \/>\n<meta property=\"og:site_name\" content=\"Bagno Italia\" \/>\n<meta property=\"article:modified_time\" content=\"2025-06-13T12:48:32+00:00\" \/>\n<meta property=\"og:image\" content=\"https:\/\/img.bagnoitalia.com\/wp-content\/uploads\/1-31.jpg\" \/>\n\t<meta property=\"og:image:width\" content=\"1000\" \/>\n\t<meta property=\"og:image:height\" content=\"1000\" \/>\n\t<meta property=\"og:image:type\" content=\"image\/jpeg\" \/>\n<meta name=\"twitter:card\" content=\"summary_large_image\" \/>\n<meta name=\"twitter:label1\" content=\"Tiempo de lectura\" \/>\n\t<meta name=\"twitter:data1\" content=\"2 minutos\" \/>\n<script type=\"application\/ld+json\" class=\"yoast-schema-graph\">{\"@context\":\"https:\/\/schema.org\",\"@graph\":[{\"@type\":\"WebPage\",\"@id\":\"https:\/\/www.bagnoitalia.com\/es\/producto\/whirlpool-210x160-cm-with-blue-interior-33-jets-heater-and-leds-mp72.html\",\"url\":\"https:\/\/www.bagnoitalia.com\/es\/producto\/whirlpool-210x160-cm-with-blue-interior-33-jets-heater-and-leds-mp72.html\",\"name\":\"Hidromasaje 210x160 cm con interior azul 33 jets calentador y LEDs MP72 - Bagno Italia\",\"isPartOf\":{\"@id\":\"https:\/\/www.bagnoitalia.com\/es#website\"},\"primaryImageOfPage\":{\"@id\":\"https:\/\/www.bagnoitalia.com\/es\/producto\/whirlpool-210x160-cm-with-blue-interior-33-jets-heater-and-leds-mp72.html#primaryimage\"},\"image\":{\"@id\":\"https:\/\/www.bagnoitalia.com\/es\/producto\/whirlpool-210x160-cm-with-blue-interior-33-jets-heater-and-leds-mp72.html#primaryimage\"},\"thumbnailUrl\":\"https:\/\/img.bagnoitalia.com\/wp-content\/uploads\/1-31.jpg\",\"datePublished\":\"2025-06-11T13:34:31+00:00\",\"dateModified\":\"2025-06-13T12:48:32+00:00\",\"breadcrumb\":{\"@id\":\"https:\/\/www.bagnoitalia.com\/es\/producto\/whirlpool-210x160-cm-with-blue-interior-33-jets-heater-and-leds-mp72.html#breadcrumb\"},\"inLanguage\":\"es\",\"potentialAction\":[{\"@type\":\"ReadAction\",\"target\":[\"https:\/\/www.bagnoitalia.com\/es\/producto\/whirlpool-210x160-cm-with-blue-interior-33-jets-heater-and-leds-mp72.html\"]}]},{\"@type\":\"ImageObject\",\"inLanguage\":\"es\",\"@id\":\"https:\/\/www.bagnoitalia.com\/es\/producto\/whirlpool-210x160-cm-with-blue-interior-33-jets-heater-and-leds-mp72.html#primaryimage\",\"url\":\"https:\/\/img.bagnoitalia.com\/wp-content\/uploads\/1-31.jpg\",\"contentUrl\":\"https:\/\/img.bagnoitalia.com\/wp-content\/uploads\/1-31.jpg\",\"width\":1000,\"height\":1000},{\"@type\":\"BreadcrumbList\",\"@id\":\"https:\/\/www.bagnoitalia.com\/es\/producto\/whirlpool-210x160-cm-with-blue-interior-33-jets-heater-and-leds-mp72.html#breadcrumb\",\"itemListElement\":[{\"@type\":\"ListItem\",\"position\":1,\"name\":\"Home\",\"item\":\"https:\/\/www.bagnoitalia.com\/es\"},{\"@type\":\"ListItem\",\"position\":2,\"name\":\"Productos\",\"item\":\"https:\/\/www.bagnoitalia.com\/es\/shop\"},{\"@type\":\"ListItem\",\"position\":3,\"name\":\"Hidromasaje 210&#215;160 cm con interior azul 33 jets calentador y LEDs MP72\"}]},{\"@type\":\"WebSite\",\"@id\":\"https:\/\/www.bagnoitalia.com\/es#website\",\"url\":\"https:\/\/www.bagnoitalia.com\/es\",\"name\":\"Bagno Italia\",\"description\":\"\",\"publisher\":{\"@id\":\"https:\/\/www.bagnoitalia.com\/es#organization\"},\"potentialAction\":[{\"@type\":\"SearchAction\",\"target\":{\"@type\":\"EntryPoint\",\"urlTemplate\":\"https:\/\/www.bagnoitalia.com\/es?s={search_term_string}\"},\"query-input\":{\"@type\":\"PropertyValueSpecification\",\"valueRequired\":true,\"valueName\":\"search_term_string\"}}],\"inLanguage\":\"es\"},{\"@type\":\"Organization\",\"@id\":\"https:\/\/www.bagnoitalia.com\/es#organization\",\"name\":\"Bagno Italia\",\"url\":\"https:\/\/www.bagnoitalia.com\/es\",\"logo\":{\"@type\":\"ImageObject\",\"inLanguage\":\"es\",\"@id\":\"https:\/\/www.bagnoitalia.com\/es#\/schema\/logo\/image\/\",\"url\":\"https:\/\/img.bagnoitalia.com\/wp-content\/uploads\/logo-bagnoitalia.webp\",\"contentUrl\":\"https:\/\/img.bagnoitalia.com\/wp-content\/uploads\/logo-bagnoitalia.webp\",\"width\":400,\"height\":70,\"caption\":\"Bagno Italia\"},\"image\":{\"@id\":\"https:\/\/www.bagnoitalia.com\/es#\/schema\/logo\/image\/\"}}]}<\/script>\n<!-- \/ Yoast SEO plugin. -->","yoast_head_json":{"title":"Hidromasaje 210x160 cm con interior azul 33 jets calentador y LEDs MP72 - Bagno Italia","robots":{"index":"index","follow":"follow","max-snippet":"max-snippet:-1","max-image-preview":"max-image-preview:large","max-video-preview":"max-video-preview:-1"},"canonical":"https:\/\/www.bagnoitalia.com\/es\/producto\/whirlpool-210x160-cm-with-blue-interior-33-jets-heater-and-leds-mp72.html","og_locale":"es_ES","og_type":"article","og_title":"Hidromasaje 210x160 cm con interior azul 33 jets calentador y LEDs MP72 - Bagno Italia","og_description":"Mini hidromasaje con agua y aire, 33 chorros, para 3 personas, Desinfectante UV, calentador.","og_url":"https:\/\/www.bagnoitalia.com\/es\/producto\/whirlpool-210x160-cm-with-blue-interior-33-jets-heater-and-leds-mp72.html","og_site_name":"Bagno Italia","article_modified_time":"2025-06-13T12:48:32+00:00","og_image":[{"width":1000,"height":1000,"url":"https:\/\/img.bagnoitalia.com\/wp-content\/uploads\/1-31.jpg","type":"image\/jpeg"}],"twitter_card":"summary_large_image","twitter_misc":{"Tiempo de lectura":"2 minutos"},"schema":{"@context":"https:\/\/schema.org","@graph":[{"@type":"WebPage","@id":"https:\/\/www.bagnoitalia.com\/es\/producto\/whirlpool-210x160-cm-with-blue-interior-33-jets-heater-and-leds-mp72.html","url":"https:\/\/www.bagnoitalia.com\/es\/producto\/whirlpool-210x160-cm-with-blue-interior-33-jets-heater-and-leds-mp72.html","name":"Hidromasaje 210x160 cm con interior azul 33 jets calentador y LEDs MP72 - Bagno Italia","isPartOf":{"@id":"https:\/\/www.bagnoitalia.com\/es#website"},"primaryImageOfPage":{"@id":"https:\/\/www.bagnoitalia.com\/es\/producto\/whirlpool-210x160-cm-with-blue-interior-33-jets-heater-and-leds-mp72.html#primaryimage"},"image":{"@id":"https:\/\/www.bagnoitalia.com\/es\/producto\/whirlpool-210x160-cm-with-blue-interior-33-jets-heater-and-leds-mp72.html#primaryimage"},"thumbnailUrl":"https:\/\/img.bagnoitalia.com\/wp-content\/uploads\/1-31.jpg","datePublished":"2025-06-11T13:34:31+00:00","dateModified":"2025-06-13T12:48:32+00:00","breadcrumb":{"@id":"https:\/\/www.bagnoitalia.com\/es\/producto\/whirlpool-210x160-cm-with-blue-interior-33-jets-heater-and-leds-mp72.html#breadcrumb"},"inLanguage":"es","potentialAction":[{"@type":"ReadAction","target":["https:\/\/www.bagnoitalia.com\/es\/producto\/whirlpool-210x160-cm-with-blue-interior-33-jets-heater-and-leds-mp72.html"]}]},{"@type":"ImageObject","inLanguage":"es","@id":"https:\/\/www.bagnoitalia.com\/es\/producto\/whirlpool-210x160-cm-with-blue-interior-33-jets-heater-and-leds-mp72.html#primaryimage","url":"https:\/\/img.bagnoitalia.com\/wp-content\/uploads\/1-31.jpg","contentUrl":"https:\/\/img.bagnoitalia.com\/wp-content\/uploads\/1-31.jpg","width":1000,"height":1000},{"@type":"BreadcrumbList","@id":"https:\/\/www.bagnoitalia.com\/es\/producto\/whirlpool-210x160-cm-with-blue-interior-33-jets-heater-and-leds-mp72.html#breadcrumb","itemListElement":[{"@type":"ListItem","position":1,"name":"Home","item":"https:\/\/www.bagnoitalia.com\/es"},{"@type":"ListItem","position":2,"name":"Productos","item":"https:\/\/www.bagnoitalia.com\/es\/shop"},{"@type":"ListItem","position":3,"name":"Hidromasaje 210&#215;160 cm con interior azul 33 jets calentador y LEDs MP72"}]},{"@type":"WebSite","@id":"https:\/\/www.bagnoitalia.com\/es#website","url":"https:\/\/www.bagnoitalia.com\/es","name":"Bagno Italia","description":"","publisher":{"@id":"https:\/\/www.bagnoitalia.com\/es#organization"},"potentialAction":[{"@type":"SearchAction","target":{"@type":"EntryPoint","urlTemplate":"https:\/\/www.bagnoitalia.com\/es?s={search_term_string}"},"query-input":{"@type":"PropertyValueSpecification","valueRequired":true,"valueName":"search_term_string"}}],"inLanguage":"es"},{"@type":"Organization","@id":"https:\/\/www.bagnoitalia.com\/es#organization","name":"Bagno Italia","url":"https:\/\/www.bagnoitalia.com\/es","logo":{"@type":"ImageObject","inLanguage":"es","@id":"https:\/\/www.bagnoitalia.com\/es#\/schema\/logo\/image\/","url":"https:\/\/img.bagnoitalia.com\/wp-content\/uploads\/logo-bagnoitalia.webp","contentUrl":"https:\/\/img.bagnoitalia.com\/wp-content\/uploads\/logo-bagnoitalia.webp","width":400,"height":70,"caption":"Bagno Italia"},"image":{"@id":"https:\/\/www.bagnoitalia.com\/es#\/schema\/logo\/image\/"}}]}},"_links":{"self":[{"href":"https:\/\/www.bagnoitalia.com\/es\/wp-json\/wp\/v2\/product\/109005","targetHints":{"allow":["GET"]}}],"collection":[{"href":"https:\/\/www.bagnoitalia.com\/es\/wp-json\/wp\/v2\/product"}],"about":[{"href":"https:\/\/www.bagnoitalia.com\/es\/wp-json\/wp\/v2\/types\/product"}],"replies":[{"embeddable":true,"href":"https:\/\/www.bagnoitalia.com\/es\/wp-json\/wp\/v2\/comments?post=109005"}],"version-history":[{"count":3,"href":"https:\/\/www.bagnoitalia.com\/es\/wp-json\/wp\/v2\/product\/109005\/revisions"}],"predecessor-version":[{"id":109019,"href":"https:\/\/www.bagnoitalia.com\/es\/wp-json\/wp\/v2\/product\/109005\/revisions\/109019"}],"wp:featuredmedia":[{"embeddable":true,"href":"https:\/\/www.bagnoitalia.com\/es\/wp-json\/wp\/v2\/media\/108984"}],"wp:attachment":[{"href":"https:\/\/www.bagnoitalia.com\/es\/wp-json\/wp\/v2\/media?parent=109005"}],"wp:term":[{"taxonomy":"product_brand","embeddable":true,"href":"https:\/\/www.bagnoitalia.com\/es\/wp-json\/wp\/v2\/product_brand?post=109005"},{"taxonomy":"product_cat","embeddable":true,"href":"https:\/\/www.bagnoitalia.com\/es\/wp-json\/wp\/v2\/product_cat?post=109005"},{"taxonomy":"product_tag","embeddable":true,"href":"https:\/\/www.bagnoitalia.com\/es\/wp-json\/wp\/v2\/product_tag?post=109005"}],"curies":[{"name":"wp","href":"https:\/\/api.w.org\/{rel}","templated":true}]}}