{"id":108494,"date":"2025-05-28T16:03:28","date_gmt":"2025-05-28T14:03:28","guid":{"rendered":"https:\/\/www.bagnoitalia.com\/thermostatic-shower-set-with-led-overhead-shower-hand-shower-and-bath-faucet-rb183.html"},"modified":"2025-05-28T16:10:41","modified_gmt":"2025-05-28T14:10:41","slug":"thermostatic-shower-set-with-led-overhead-shower-hand-shower-and-bath-faucet-rb183","status":"publish","type":"product","link":"https:\/\/www.bagnoitalia.com\/es\/producto\/thermostatic-shower-set-with-led-overhead-shower-hand-shower-and-bath-faucet-rb183.html","title":{"rendered":"Conjunto termost\u00e1tico de ducha con LED para ducha mural, teleducha y grifer\u00eda de ba\u00f1era RB183"},"content":{"rendered":"<p>RB183&#8242; SET DE DUCHA<\/p>\n<p>&nbsp;<\/p>\n<p>caracter\u00edsticas y accesorios incluidos<\/p>\n<p>Ducha mural de 40&#215;40 cm y chorro de lluvia<\/p>\n<p>Brazo para instalaci\u00f3n mural<\/p>\n<p>Cromoterapia, con luces LED en el cabezal de ducha<\/p>\n<p>Grifo inferior, ideal para ba\u00f1era, con cuello giratorio<\/p>\n<p>Ducha lateral con soporte mural<\/p>\n<p>Flexo de 150 cm<\/p>\n<p>Mezclador termost\u00e1tico para ajustar la temperatura<\/p>\n<p>Botones de desviaci\u00f3n del agua<\/p>\n<p>&nbsp;<\/p>\n<p>MATERIAL y DETALLES T\u00c9CNICOS<\/p>\n<p>conjunto fabricado en lat\u00f3n con acabado en negro<\/p>\n<p>v\u00e1lvula cer\u00e1mica<\/p>\n<p>r\u00f3tula giratoria y junta de goma<\/p>\n<p>boquillas de goma<\/p>\n<p>caudal de agua 9 L \/ min<\/p>\n","protected":false},"excerpt":{"rendered":"<p>Kit completo de grifer\u00eda de ducha fabricado en lat\u00f3n negro. Compuesto por: rociador de ducha con brazo mural y luces LED, teleducha lateral con soporte mural y flexo, mezclador termost\u00e1tico, desviador pulsador, grifo de ba\u00f1era giratorio.<\/p>\n","protected":false},"featured_media":108437,"comment_status":"open","ping_status":"closed","template":"","meta":[],"product_brand":[9881],"product_cat":[10047],"product_tag":[],"class_list":{"0":"post-108494","1":"product","2":"type-product","3":"status-publish","4":"has-post-thumbnail","6":"product_brand-vari-produttori-es","7":"product_cat-griferias-de-ducha","9":"first","10":"instock","11":"sale","12":"taxable","13":"shipping-taxable","14":"purchasable","15":"product-type-simple"},"exclude_global_add_ons":[],"addons":[],"yoast_head":"<!-- This site is optimized with the Yoast SEO plugin v26.7 - https:\/\/yoast.com\/wordpress\/plugins\/seo\/ -->\n<title>Conjunto termost\u00e1tico de ducha con LED para ducha mural, teleducha y grifer\u00eda de ba\u00f1era RB183 - Bagno Italia<\/title>\n<meta name=\"robots\" content=\"index, follow, max-snippet:-1, max-image-preview:large, max-video-preview:-1\" \/>\n<link rel=\"canonical\" href=\"https:\/\/www.bagnoitalia.com\/es\/producto\/thermostatic-shower-set-with-led-overhead-shower-hand-shower-and-bath-faucet-rb183.html\" \/>\n<meta property=\"og:locale\" content=\"es_ES\" \/>\n<meta property=\"og:type\" content=\"article\" \/>\n<meta property=\"og:title\" content=\"Conjunto termost\u00e1tico de ducha con LED para ducha mural, teleducha y grifer\u00eda de ba\u00f1era RB183 - Bagno Italia\" \/>\n<meta property=\"og:description\" content=\"Kit completo de grifer\u00eda de ducha fabricado en lat\u00f3n negro. Compuesto por: rociador de ducha con brazo mural y luces LED, teleducha lateral con soporte mural y flexo, mezclador termost\u00e1tico, desviador pulsador, grifo de ba\u00f1era giratorio.\" \/>\n<meta property=\"og:url\" content=\"https:\/\/www.bagnoitalia.com\/es\/producto\/thermostatic-shower-set-with-led-overhead-shower-hand-shower-and-bath-faucet-rb183.html\" \/>\n<meta property=\"og:site_name\" content=\"Bagno Italia\" \/>\n<meta property=\"article:modified_time\" content=\"2025-05-28T14:10:41+00:00\" \/>\n<meta property=\"og:image\" content=\"https:\/\/img.bagnoitalia.com\/wp-content\/uploads\/1-29.jpg\" \/>\n\t<meta property=\"og:image:width\" content=\"800\" \/>\n\t<meta property=\"og:image:height\" content=\"800\" \/>\n\t<meta property=\"og:image:type\" content=\"image\/jpeg\" \/>\n<meta name=\"twitter:card\" content=\"summary_large_image\" \/>\n<meta name=\"twitter:label1\" content=\"Tiempo de lectura\" \/>\n\t<meta name=\"twitter:data1\" content=\"1 minuto\" \/>\n<script type=\"application\/ld+json\" class=\"yoast-schema-graph\">{\"@context\":\"https:\/\/schema.org\",\"@graph\":[{\"@type\":\"WebPage\",\"@id\":\"https:\/\/www.bagnoitalia.com\/es\/producto\/thermostatic-shower-set-with-led-overhead-shower-hand-shower-and-bath-faucet-rb183.html\",\"url\":\"https:\/\/www.bagnoitalia.com\/es\/producto\/thermostatic-shower-set-with-led-overhead-shower-hand-shower-and-bath-faucet-rb183.html\",\"name\":\"Conjunto termost\u00e1tico de ducha con LED para ducha mural, teleducha y grifer\u00eda de ba\u00f1era RB183 - Bagno Italia\",\"isPartOf\":{\"@id\":\"https:\/\/www.bagnoitalia.com\/es#website\"},\"primaryImageOfPage\":{\"@id\":\"https:\/\/www.bagnoitalia.com\/es\/producto\/thermostatic-shower-set-with-led-overhead-shower-hand-shower-and-bath-faucet-rb183.html#primaryimage\"},\"image\":{\"@id\":\"https:\/\/www.bagnoitalia.com\/es\/producto\/thermostatic-shower-set-with-led-overhead-shower-hand-shower-and-bath-faucet-rb183.html#primaryimage\"},\"thumbnailUrl\":\"https:\/\/img.bagnoitalia.com\/wp-content\/uploads\/1-29.jpg\",\"datePublished\":\"2025-05-28T14:03:28+00:00\",\"dateModified\":\"2025-05-28T14:10:41+00:00\",\"breadcrumb\":{\"@id\":\"https:\/\/www.bagnoitalia.com\/es\/producto\/thermostatic-shower-set-with-led-overhead-shower-hand-shower-and-bath-faucet-rb183.html#breadcrumb\"},\"inLanguage\":\"es\",\"potentialAction\":[{\"@type\":\"ReadAction\",\"target\":[\"https:\/\/www.bagnoitalia.com\/es\/producto\/thermostatic-shower-set-with-led-overhead-shower-hand-shower-and-bath-faucet-rb183.html\"]}]},{\"@type\":\"ImageObject\",\"inLanguage\":\"es\",\"@id\":\"https:\/\/www.bagnoitalia.com\/es\/producto\/thermostatic-shower-set-with-led-overhead-shower-hand-shower-and-bath-faucet-rb183.html#primaryimage\",\"url\":\"https:\/\/img.bagnoitalia.com\/wp-content\/uploads\/1-29.jpg\",\"contentUrl\":\"https:\/\/img.bagnoitalia.com\/wp-content\/uploads\/1-29.jpg\",\"width\":800,\"height\":800},{\"@type\":\"BreadcrumbList\",\"@id\":\"https:\/\/www.bagnoitalia.com\/es\/producto\/thermostatic-shower-set-with-led-overhead-shower-hand-shower-and-bath-faucet-rb183.html#breadcrumb\",\"itemListElement\":[{\"@type\":\"ListItem\",\"position\":1,\"name\":\"Home\",\"item\":\"https:\/\/www.bagnoitalia.com\/es\"},{\"@type\":\"ListItem\",\"position\":2,\"name\":\"Productos\",\"item\":\"https:\/\/www.bagnoitalia.com\/es\/shop\"},{\"@type\":\"ListItem\",\"position\":3,\"name\":\"Conjunto termost\u00e1tico de ducha con LED para ducha mural, teleducha y grifer\u00eda de ba\u00f1era RB183\"}]},{\"@type\":\"WebSite\",\"@id\":\"https:\/\/www.bagnoitalia.com\/es#website\",\"url\":\"https:\/\/www.bagnoitalia.com\/es\",\"name\":\"Bagno Italia\",\"description\":\"\",\"publisher\":{\"@id\":\"https:\/\/www.bagnoitalia.com\/es#organization\"},\"potentialAction\":[{\"@type\":\"SearchAction\",\"target\":{\"@type\":\"EntryPoint\",\"urlTemplate\":\"https:\/\/www.bagnoitalia.com\/es?s={search_term_string}\"},\"query-input\":{\"@type\":\"PropertyValueSpecification\",\"valueRequired\":true,\"valueName\":\"search_term_string\"}}],\"inLanguage\":\"es\"},{\"@type\":\"Organization\",\"@id\":\"https:\/\/www.bagnoitalia.com\/es#organization\",\"name\":\"Bagno Italia\",\"url\":\"https:\/\/www.bagnoitalia.com\/es\",\"logo\":{\"@type\":\"ImageObject\",\"inLanguage\":\"es\",\"@id\":\"https:\/\/www.bagnoitalia.com\/es#\/schema\/logo\/image\/\",\"url\":\"https:\/\/img.bagnoitalia.com\/wp-content\/uploads\/logo-bagnoitalia.webp\",\"contentUrl\":\"https:\/\/img.bagnoitalia.com\/wp-content\/uploads\/logo-bagnoitalia.webp\",\"width\":400,\"height\":70,\"caption\":\"Bagno Italia\"},\"image\":{\"@id\":\"https:\/\/www.bagnoitalia.com\/es#\/schema\/logo\/image\/\"}}]}<\/script>\n<!-- \/ Yoast SEO plugin. -->","yoast_head_json":{"title":"Conjunto termost\u00e1tico de ducha con LED para ducha mural, teleducha y grifer\u00eda de ba\u00f1era RB183 - Bagno Italia","robots":{"index":"index","follow":"follow","max-snippet":"max-snippet:-1","max-image-preview":"max-image-preview:large","max-video-preview":"max-video-preview:-1"},"canonical":"https:\/\/www.bagnoitalia.com\/es\/producto\/thermostatic-shower-set-with-led-overhead-shower-hand-shower-and-bath-faucet-rb183.html","og_locale":"es_ES","og_type":"article","og_title":"Conjunto termost\u00e1tico de ducha con LED para ducha mural, teleducha y grifer\u00eda de ba\u00f1era RB183 - Bagno Italia","og_description":"Kit completo de grifer\u00eda de ducha fabricado en lat\u00f3n negro. Compuesto por: rociador de ducha con brazo mural y luces LED, teleducha lateral con soporte mural y flexo, mezclador termost\u00e1tico, desviador pulsador, grifo de ba\u00f1era giratorio.","og_url":"https:\/\/www.bagnoitalia.com\/es\/producto\/thermostatic-shower-set-with-led-overhead-shower-hand-shower-and-bath-faucet-rb183.html","og_site_name":"Bagno Italia","article_modified_time":"2025-05-28T14:10:41+00:00","og_image":[{"width":800,"height":800,"url":"https:\/\/img.bagnoitalia.com\/wp-content\/uploads\/1-29.jpg","type":"image\/jpeg"}],"twitter_card":"summary_large_image","twitter_misc":{"Tiempo de lectura":"1 minuto"},"schema":{"@context":"https:\/\/schema.org","@graph":[{"@type":"WebPage","@id":"https:\/\/www.bagnoitalia.com\/es\/producto\/thermostatic-shower-set-with-led-overhead-shower-hand-shower-and-bath-faucet-rb183.html","url":"https:\/\/www.bagnoitalia.com\/es\/producto\/thermostatic-shower-set-with-led-overhead-shower-hand-shower-and-bath-faucet-rb183.html","name":"Conjunto termost\u00e1tico de ducha con LED para ducha mural, teleducha y grifer\u00eda de ba\u00f1era RB183 - Bagno Italia","isPartOf":{"@id":"https:\/\/www.bagnoitalia.com\/es#website"},"primaryImageOfPage":{"@id":"https:\/\/www.bagnoitalia.com\/es\/producto\/thermostatic-shower-set-with-led-overhead-shower-hand-shower-and-bath-faucet-rb183.html#primaryimage"},"image":{"@id":"https:\/\/www.bagnoitalia.com\/es\/producto\/thermostatic-shower-set-with-led-overhead-shower-hand-shower-and-bath-faucet-rb183.html#primaryimage"},"thumbnailUrl":"https:\/\/img.bagnoitalia.com\/wp-content\/uploads\/1-29.jpg","datePublished":"2025-05-28T14:03:28+00:00","dateModified":"2025-05-28T14:10:41+00:00","breadcrumb":{"@id":"https:\/\/www.bagnoitalia.com\/es\/producto\/thermostatic-shower-set-with-led-overhead-shower-hand-shower-and-bath-faucet-rb183.html#breadcrumb"},"inLanguage":"es","potentialAction":[{"@type":"ReadAction","target":["https:\/\/www.bagnoitalia.com\/es\/producto\/thermostatic-shower-set-with-led-overhead-shower-hand-shower-and-bath-faucet-rb183.html"]}]},{"@type":"ImageObject","inLanguage":"es","@id":"https:\/\/www.bagnoitalia.com\/es\/producto\/thermostatic-shower-set-with-led-overhead-shower-hand-shower-and-bath-faucet-rb183.html#primaryimage","url":"https:\/\/img.bagnoitalia.com\/wp-content\/uploads\/1-29.jpg","contentUrl":"https:\/\/img.bagnoitalia.com\/wp-content\/uploads\/1-29.jpg","width":800,"height":800},{"@type":"BreadcrumbList","@id":"https:\/\/www.bagnoitalia.com\/es\/producto\/thermostatic-shower-set-with-led-overhead-shower-hand-shower-and-bath-faucet-rb183.html#breadcrumb","itemListElement":[{"@type":"ListItem","position":1,"name":"Home","item":"https:\/\/www.bagnoitalia.com\/es"},{"@type":"ListItem","position":2,"name":"Productos","item":"https:\/\/www.bagnoitalia.com\/es\/shop"},{"@type":"ListItem","position":3,"name":"Conjunto termost\u00e1tico de ducha con LED para ducha mural, teleducha y grifer\u00eda de ba\u00f1era RB183"}]},{"@type":"WebSite","@id":"https:\/\/www.bagnoitalia.com\/es#website","url":"https:\/\/www.bagnoitalia.com\/es","name":"Bagno Italia","description":"","publisher":{"@id":"https:\/\/www.bagnoitalia.com\/es#organization"},"potentialAction":[{"@type":"SearchAction","target":{"@type":"EntryPoint","urlTemplate":"https:\/\/www.bagnoitalia.com\/es?s={search_term_string}"},"query-input":{"@type":"PropertyValueSpecification","valueRequired":true,"valueName":"search_term_string"}}],"inLanguage":"es"},{"@type":"Organization","@id":"https:\/\/www.bagnoitalia.com\/es#organization","name":"Bagno Italia","url":"https:\/\/www.bagnoitalia.com\/es","logo":{"@type":"ImageObject","inLanguage":"es","@id":"https:\/\/www.bagnoitalia.com\/es#\/schema\/logo\/image\/","url":"https:\/\/img.bagnoitalia.com\/wp-content\/uploads\/logo-bagnoitalia.webp","contentUrl":"https:\/\/img.bagnoitalia.com\/wp-content\/uploads\/logo-bagnoitalia.webp","width":400,"height":70,"caption":"Bagno Italia"},"image":{"@id":"https:\/\/www.bagnoitalia.com\/es#\/schema\/logo\/image\/"}}]}},"_links":{"self":[{"href":"https:\/\/www.bagnoitalia.com\/es\/wp-json\/wp\/v2\/product\/108494","targetHints":{"allow":["GET"]}}],"collection":[{"href":"https:\/\/www.bagnoitalia.com\/es\/wp-json\/wp\/v2\/product"}],"about":[{"href":"https:\/\/www.bagnoitalia.com\/es\/wp-json\/wp\/v2\/types\/product"}],"replies":[{"embeddable":true,"href":"https:\/\/www.bagnoitalia.com\/es\/wp-json\/wp\/v2\/comments?post=108494"}],"version-history":[{"count":1,"href":"https:\/\/www.bagnoitalia.com\/es\/wp-json\/wp\/v2\/product\/108494\/revisions"}],"predecessor-version":[{"id":108497,"href":"https:\/\/www.bagnoitalia.com\/es\/wp-json\/wp\/v2\/product\/108494\/revisions\/108497"}],"wp:featuredmedia":[{"embeddable":true,"href":"https:\/\/www.bagnoitalia.com\/es\/wp-json\/wp\/v2\/media\/108437"}],"wp:attachment":[{"href":"https:\/\/www.bagnoitalia.com\/es\/wp-json\/wp\/v2\/media?parent=108494"}],"wp:term":[{"taxonomy":"product_brand","embeddable":true,"href":"https:\/\/www.bagnoitalia.com\/es\/wp-json\/wp\/v2\/product_brand?post=108494"},{"taxonomy":"product_cat","embeddable":true,"href":"https:\/\/www.bagnoitalia.com\/es\/wp-json\/wp\/v2\/product_cat?post=108494"},{"taxonomy":"product_tag","embeddable":true,"href":"https:\/\/www.bagnoitalia.com\/es\/wp-json\/wp\/v2\/product_tag?post=108494"}],"curies":[{"name":"wp","href":"https:\/\/api.w.org\/{rel}","templated":true}]}}