{"id":108373,"date":"2025-05-27T16:36:27","date_gmt":"2025-05-27T14:36:27","guid":{"rendered":"https:\/\/www.bagnoitalia.com\/portable-infrared-sauna-90x90-cm-with-6-radiators-and-chromotherapy-sn108.html"},"modified":"2025-05-27T16:42:15","modified_gmt":"2025-05-27T14:42:15","slug":"portable-infrared-sauna-90x90-cm-with-6-radiators-and-chromotherapy-sn108","status":"publish","type":"product","link":"https:\/\/www.bagnoitalia.com\/es\/producto\/portable-infrared-sauna-90x90-cm-with-6-radiators-and-chromotherapy-sn108.html","title":{"rendered":"Sauna de infrarrojos port\u00e1til 90&#215;90 cm con 6 radiadores y cromoterapia SN108"},"content":{"rendered":"<p>SN108 Sauna de infrarrojos port\u00e1til<\/p>\n<p>&nbsp;<\/p>\n<p>CARACTER\u00cdSTICAS DEL PRODUCTO<\/p>\n<p>sauna port\u00e1til de 90x90x190 cm<\/p>\n<p>con 6 placas de infrarrojos<\/p>\n<p>Cromoterapia con luz LED (3 colores)<\/p>\n<p>Panel de control<\/p>\n<p>Silla plegable<\/p>\n<p>Colchoneta absorbente<\/p>\n<p>Mando a distancia<\/p>\n<p>Armaz\u00f3n de tubo de fibra de vidrio<\/p>\n<p>Cortina de tejido impermeable de tres capas (brillante, PVC, algod\u00f3n)<\/p>\n<p>Temperatura: 65\u00b0C<\/p>\n<p>Potencia: 1465 W<\/p>\n<p>Tensi\u00f3n de alimentaci\u00f3n: 220-240V<\/p>\n<p>&nbsp;<\/p>\n<p>&nbsp;<\/p>\n<p>&nbsp;<\/p>\n<p>&nbsp;<\/p>\n<p>&nbsp;<\/p>\n<p>&nbsp;<\/p>\n<p>&nbsp;<\/p>\n<p>&nbsp;<\/p>\n<p>&nbsp;<\/p>\n<p>&nbsp;<\/p>\n<p>&nbsp;<\/p>\n<p>&nbsp;<\/p>\n<p>&nbsp;<\/p>\n<p>&nbsp;<\/p>\n<p>&nbsp;<\/p>\n<p>&nbsp;<\/p>\n<p>&nbsp;<\/p>\n<p>&nbsp;<\/p>\n<p>KPI90<\/p>\n","protected":false},"excerpt":{"rendered":"<p>Cabina port\u00e1til completa con paneles de radiaci\u00f3n infrarroja, silla plegable, mando a distancia, luz LED de 3 colores para cromoterapia.<\/p>\n","protected":false},"featured_media":108325,"comment_status":"open","ping_status":"closed","template":"","meta":[],"product_brand":[9944],"product_cat":[10117],"product_tag":[],"class_list":{"0":"post-108373","1":"product","2":"type-product","3":"status-publish","4":"has-post-thumbnail","6":"product_brand-sanotechnik-italia-es","7":"product_cat-senza-categoria-es","9":"first","10":"outofstock","11":"taxable","12":"shipping-taxable","13":"purchasable","14":"product-type-simple"},"exclude_global_add_ons":[],"addons":[],"yoast_head":"<!-- This site is optimized with the Yoast SEO plugin v26.7 - https:\/\/yoast.com\/wordpress\/plugins\/seo\/ -->\n<title>Sauna de infrarrojos port\u00e1til 90x90 cm con 6 radiadores y cromoterapia SN108 - Bagno Italia<\/title>\n<meta name=\"robots\" content=\"index, follow, max-snippet:-1, max-image-preview:large, max-video-preview:-1\" \/>\n<link rel=\"canonical\" href=\"https:\/\/www.bagnoitalia.com\/es\/producto\/portable-infrared-sauna-90x90-cm-with-6-radiators-and-chromotherapy-sn108.html\" \/>\n<meta property=\"og:locale\" content=\"es_ES\" \/>\n<meta property=\"og:type\" content=\"article\" \/>\n<meta property=\"og:title\" content=\"Sauna de infrarrojos port\u00e1til 90x90 cm con 6 radiadores y cromoterapia SN108 - Bagno Italia\" \/>\n<meta property=\"og:description\" content=\"Cabina port\u00e1til completa con paneles de radiaci\u00f3n infrarroja, silla plegable, mando a distancia, luz LED de 3 colores para cromoterapia.\" \/>\n<meta property=\"og:url\" content=\"https:\/\/www.bagnoitalia.com\/es\/producto\/portable-infrared-sauna-90x90-cm-with-6-radiators-and-chromotherapy-sn108.html\" \/>\n<meta property=\"og:site_name\" content=\"Bagno Italia\" \/>\n<meta property=\"article:modified_time\" content=\"2025-05-27T14:42:15+00:00\" \/>\n<meta property=\"og:image\" content=\"https:\/\/img.bagnoitalia.com\/wp-content\/uploads\/1-27.jpg\" \/>\n\t<meta property=\"og:image:width\" content=\"800\" \/>\n\t<meta property=\"og:image:height\" content=\"800\" \/>\n\t<meta property=\"og:image:type\" content=\"image\/jpeg\" \/>\n<meta name=\"twitter:card\" content=\"summary_large_image\" \/>\n<meta name=\"twitter:label1\" content=\"Tiempo de lectura\" \/>\n\t<meta name=\"twitter:data1\" content=\"1 minuto\" \/>\n<script type=\"application\/ld+json\" class=\"yoast-schema-graph\">{\"@context\":\"https:\/\/schema.org\",\"@graph\":[{\"@type\":\"WebPage\",\"@id\":\"https:\/\/www.bagnoitalia.com\/es\/producto\/portable-infrared-sauna-90x90-cm-with-6-radiators-and-chromotherapy-sn108.html\",\"url\":\"https:\/\/www.bagnoitalia.com\/es\/producto\/portable-infrared-sauna-90x90-cm-with-6-radiators-and-chromotherapy-sn108.html\",\"name\":\"Sauna de infrarrojos port\u00e1til 90x90 cm con 6 radiadores y cromoterapia SN108 - Bagno Italia\",\"isPartOf\":{\"@id\":\"https:\/\/www.bagnoitalia.com\/es#website\"},\"primaryImageOfPage\":{\"@id\":\"https:\/\/www.bagnoitalia.com\/es\/producto\/portable-infrared-sauna-90x90-cm-with-6-radiators-and-chromotherapy-sn108.html#primaryimage\"},\"image\":{\"@id\":\"https:\/\/www.bagnoitalia.com\/es\/producto\/portable-infrared-sauna-90x90-cm-with-6-radiators-and-chromotherapy-sn108.html#primaryimage\"},\"thumbnailUrl\":\"https:\/\/img.bagnoitalia.com\/wp-content\/uploads\/1-27.jpg\",\"datePublished\":\"2025-05-27T14:36:27+00:00\",\"dateModified\":\"2025-05-27T14:42:15+00:00\",\"breadcrumb\":{\"@id\":\"https:\/\/www.bagnoitalia.com\/es\/producto\/portable-infrared-sauna-90x90-cm-with-6-radiators-and-chromotherapy-sn108.html#breadcrumb\"},\"inLanguage\":\"es\",\"potentialAction\":[{\"@type\":\"ReadAction\",\"target\":[\"https:\/\/www.bagnoitalia.com\/es\/producto\/portable-infrared-sauna-90x90-cm-with-6-radiators-and-chromotherapy-sn108.html\"]}]},{\"@type\":\"ImageObject\",\"inLanguage\":\"es\",\"@id\":\"https:\/\/www.bagnoitalia.com\/es\/producto\/portable-infrared-sauna-90x90-cm-with-6-radiators-and-chromotherapy-sn108.html#primaryimage\",\"url\":\"https:\/\/img.bagnoitalia.com\/wp-content\/uploads\/1-27.jpg\",\"contentUrl\":\"https:\/\/img.bagnoitalia.com\/wp-content\/uploads\/1-27.jpg\",\"width\":800,\"height\":800},{\"@type\":\"BreadcrumbList\",\"@id\":\"https:\/\/www.bagnoitalia.com\/es\/producto\/portable-infrared-sauna-90x90-cm-with-6-radiators-and-chromotherapy-sn108.html#breadcrumb\",\"itemListElement\":[{\"@type\":\"ListItem\",\"position\":1,\"name\":\"Home\",\"item\":\"https:\/\/www.bagnoitalia.com\/es\"},{\"@type\":\"ListItem\",\"position\":2,\"name\":\"Productos\",\"item\":\"https:\/\/www.bagnoitalia.com\/es\/shop\"},{\"@type\":\"ListItem\",\"position\":3,\"name\":\"Sauna de infrarrojos port\u00e1til 90&#215;90 cm con 6 radiadores y cromoterapia SN108\"}]},{\"@type\":\"WebSite\",\"@id\":\"https:\/\/www.bagnoitalia.com\/es#website\",\"url\":\"https:\/\/www.bagnoitalia.com\/es\",\"name\":\"Bagno Italia\",\"description\":\"\",\"publisher\":{\"@id\":\"https:\/\/www.bagnoitalia.com\/es#organization\"},\"potentialAction\":[{\"@type\":\"SearchAction\",\"target\":{\"@type\":\"EntryPoint\",\"urlTemplate\":\"https:\/\/www.bagnoitalia.com\/es?s={search_term_string}\"},\"query-input\":{\"@type\":\"PropertyValueSpecification\",\"valueRequired\":true,\"valueName\":\"search_term_string\"}}],\"inLanguage\":\"es\"},{\"@type\":\"Organization\",\"@id\":\"https:\/\/www.bagnoitalia.com\/es#organization\",\"name\":\"Bagno Italia\",\"url\":\"https:\/\/www.bagnoitalia.com\/es\",\"logo\":{\"@type\":\"ImageObject\",\"inLanguage\":\"es\",\"@id\":\"https:\/\/www.bagnoitalia.com\/es#\/schema\/logo\/image\/\",\"url\":\"https:\/\/img.bagnoitalia.com\/wp-content\/uploads\/logo-bagnoitalia.webp\",\"contentUrl\":\"https:\/\/img.bagnoitalia.com\/wp-content\/uploads\/logo-bagnoitalia.webp\",\"width\":400,\"height\":70,\"caption\":\"Bagno Italia\"},\"image\":{\"@id\":\"https:\/\/www.bagnoitalia.com\/es#\/schema\/logo\/image\/\"}}]}<\/script>\n<!-- \/ Yoast SEO plugin. -->","yoast_head_json":{"title":"Sauna de infrarrojos port\u00e1til 90x90 cm con 6 radiadores y cromoterapia SN108 - Bagno Italia","robots":{"index":"index","follow":"follow","max-snippet":"max-snippet:-1","max-image-preview":"max-image-preview:large","max-video-preview":"max-video-preview:-1"},"canonical":"https:\/\/www.bagnoitalia.com\/es\/producto\/portable-infrared-sauna-90x90-cm-with-6-radiators-and-chromotherapy-sn108.html","og_locale":"es_ES","og_type":"article","og_title":"Sauna de infrarrojos port\u00e1til 90x90 cm con 6 radiadores y cromoterapia SN108 - Bagno Italia","og_description":"Cabina port\u00e1til completa con paneles de radiaci\u00f3n infrarroja, silla plegable, mando a distancia, luz LED de 3 colores para cromoterapia.","og_url":"https:\/\/www.bagnoitalia.com\/es\/producto\/portable-infrared-sauna-90x90-cm-with-6-radiators-and-chromotherapy-sn108.html","og_site_name":"Bagno Italia","article_modified_time":"2025-05-27T14:42:15+00:00","og_image":[{"width":800,"height":800,"url":"https:\/\/img.bagnoitalia.com\/wp-content\/uploads\/1-27.jpg","type":"image\/jpeg"}],"twitter_card":"summary_large_image","twitter_misc":{"Tiempo de lectura":"1 minuto"},"schema":{"@context":"https:\/\/schema.org","@graph":[{"@type":"WebPage","@id":"https:\/\/www.bagnoitalia.com\/es\/producto\/portable-infrared-sauna-90x90-cm-with-6-radiators-and-chromotherapy-sn108.html","url":"https:\/\/www.bagnoitalia.com\/es\/producto\/portable-infrared-sauna-90x90-cm-with-6-radiators-and-chromotherapy-sn108.html","name":"Sauna de infrarrojos port\u00e1til 90x90 cm con 6 radiadores y cromoterapia SN108 - Bagno Italia","isPartOf":{"@id":"https:\/\/www.bagnoitalia.com\/es#website"},"primaryImageOfPage":{"@id":"https:\/\/www.bagnoitalia.com\/es\/producto\/portable-infrared-sauna-90x90-cm-with-6-radiators-and-chromotherapy-sn108.html#primaryimage"},"image":{"@id":"https:\/\/www.bagnoitalia.com\/es\/producto\/portable-infrared-sauna-90x90-cm-with-6-radiators-and-chromotherapy-sn108.html#primaryimage"},"thumbnailUrl":"https:\/\/img.bagnoitalia.com\/wp-content\/uploads\/1-27.jpg","datePublished":"2025-05-27T14:36:27+00:00","dateModified":"2025-05-27T14:42:15+00:00","breadcrumb":{"@id":"https:\/\/www.bagnoitalia.com\/es\/producto\/portable-infrared-sauna-90x90-cm-with-6-radiators-and-chromotherapy-sn108.html#breadcrumb"},"inLanguage":"es","potentialAction":[{"@type":"ReadAction","target":["https:\/\/www.bagnoitalia.com\/es\/producto\/portable-infrared-sauna-90x90-cm-with-6-radiators-and-chromotherapy-sn108.html"]}]},{"@type":"ImageObject","inLanguage":"es","@id":"https:\/\/www.bagnoitalia.com\/es\/producto\/portable-infrared-sauna-90x90-cm-with-6-radiators-and-chromotherapy-sn108.html#primaryimage","url":"https:\/\/img.bagnoitalia.com\/wp-content\/uploads\/1-27.jpg","contentUrl":"https:\/\/img.bagnoitalia.com\/wp-content\/uploads\/1-27.jpg","width":800,"height":800},{"@type":"BreadcrumbList","@id":"https:\/\/www.bagnoitalia.com\/es\/producto\/portable-infrared-sauna-90x90-cm-with-6-radiators-and-chromotherapy-sn108.html#breadcrumb","itemListElement":[{"@type":"ListItem","position":1,"name":"Home","item":"https:\/\/www.bagnoitalia.com\/es"},{"@type":"ListItem","position":2,"name":"Productos","item":"https:\/\/www.bagnoitalia.com\/es\/shop"},{"@type":"ListItem","position":3,"name":"Sauna de infrarrojos port\u00e1til 90&#215;90 cm con 6 radiadores y cromoterapia SN108"}]},{"@type":"WebSite","@id":"https:\/\/www.bagnoitalia.com\/es#website","url":"https:\/\/www.bagnoitalia.com\/es","name":"Bagno Italia","description":"","publisher":{"@id":"https:\/\/www.bagnoitalia.com\/es#organization"},"potentialAction":[{"@type":"SearchAction","target":{"@type":"EntryPoint","urlTemplate":"https:\/\/www.bagnoitalia.com\/es?s={search_term_string}"},"query-input":{"@type":"PropertyValueSpecification","valueRequired":true,"valueName":"search_term_string"}}],"inLanguage":"es"},{"@type":"Organization","@id":"https:\/\/www.bagnoitalia.com\/es#organization","name":"Bagno Italia","url":"https:\/\/www.bagnoitalia.com\/es","logo":{"@type":"ImageObject","inLanguage":"es","@id":"https:\/\/www.bagnoitalia.com\/es#\/schema\/logo\/image\/","url":"https:\/\/img.bagnoitalia.com\/wp-content\/uploads\/logo-bagnoitalia.webp","contentUrl":"https:\/\/img.bagnoitalia.com\/wp-content\/uploads\/logo-bagnoitalia.webp","width":400,"height":70,"caption":"Bagno Italia"},"image":{"@id":"https:\/\/www.bagnoitalia.com\/es#\/schema\/logo\/image\/"}}]}},"_links":{"self":[{"href":"https:\/\/www.bagnoitalia.com\/es\/wp-json\/wp\/v2\/product\/108373","targetHints":{"allow":["GET"]}}],"collection":[{"href":"https:\/\/www.bagnoitalia.com\/es\/wp-json\/wp\/v2\/product"}],"about":[{"href":"https:\/\/www.bagnoitalia.com\/es\/wp-json\/wp\/v2\/types\/product"}],"replies":[{"embeddable":true,"href":"https:\/\/www.bagnoitalia.com\/es\/wp-json\/wp\/v2\/comments?post=108373"}],"version-history":[{"count":1,"href":"https:\/\/www.bagnoitalia.com\/es\/wp-json\/wp\/v2\/product\/108373\/revisions"}],"predecessor-version":[{"id":108378,"href":"https:\/\/www.bagnoitalia.com\/es\/wp-json\/wp\/v2\/product\/108373\/revisions\/108378"}],"wp:featuredmedia":[{"embeddable":true,"href":"https:\/\/www.bagnoitalia.com\/es\/wp-json\/wp\/v2\/media\/108325"}],"wp:attachment":[{"href":"https:\/\/www.bagnoitalia.com\/es\/wp-json\/wp\/v2\/media?parent=108373"}],"wp:term":[{"taxonomy":"product_brand","embeddable":true,"href":"https:\/\/www.bagnoitalia.com\/es\/wp-json\/wp\/v2\/product_brand?post=108373"},{"taxonomy":"product_cat","embeddable":true,"href":"https:\/\/www.bagnoitalia.com\/es\/wp-json\/wp\/v2\/product_cat?post=108373"},{"taxonomy":"product_tag","embeddable":true,"href":"https:\/\/www.bagnoitalia.com\/es\/wp-json\/wp\/v2\/product_tag?post=108373"}],"curies":[{"name":"wp","href":"https:\/\/api.w.org\/{rel}","templated":true}]}}