{"id":107706,"date":"2025-05-15T14:14:16","date_gmt":"2025-05-15T12:14:16","guid":{"rendered":"https:\/\/www.bagnoitalia.com\/finnish-infrared-combi-sauna-170x120-cm-with-bluetooth-stove-and-full-spectrum-radiation-sn103.html"},"modified":"2025-09-30T15:06:12","modified_gmt":"2025-09-30T13:06:12","slug":"finnish-infrared-combi-sauna-170x120-cm-with-bluetooth-stove-and-full-spectrum-radiation-sn103","status":"publish","type":"product","link":"https:\/\/www.bagnoitalia.com\/es\/producto\/finnish-infrared-combi-sauna-170x120-cm-with-bluetooth-stove-and-full-spectrum-radiation-sn103.html","title":{"rendered":"Sauna combinada de infrarrojos finlandeses 170&#215;120 cm con bluetooth, estufa y radiaci\u00f3n de espectro completo SN103"},"content":{"rendered":"<p>Sauna finlandesa de infrarrojos &#8216;SN103<\/p>\n<p>&nbsp;<\/p>\n<p>CARACTER\u00cdSTICAS:<\/p>\n<p>Sauna combinada finlandesa-infrarrojos<\/p>\n<p>Dimensiones exteriores: 170x120xH200 cm<\/p>\n<p>Capacidad: 4-5 personas<\/p>\n<p>Incluye<\/p>\n<p>2 radiadores de espectro completo<br \/>\n1 estufa Harvia<\/p>\n<p>Cromoterapia con 7 variaciones de color<\/p>\n<p>Iluminaci\u00f3n interior<\/p>\n<p>Panel de control digital<\/p>\n<p>Radio FM con lector mp3 &#8211; mp4 &#8211; USB<\/p>\n<p>Conexi\u00f3n Bluetooth<\/p>\n<p>2 altavoces<\/p>\n<p>Aromaterapia<\/p>\n<p>Ozonoterapia<\/p>\n<p>Cubo de madera con cuchar\u00f3n<\/p>\n<p>Reloj de arena<\/p>\n<p>Temporizador (para apagado)<\/p>\n<p>Sistema de ventilaci\u00f3n<\/p>\n<p>Profundidad del asiento 48 cm<\/p>\n<p>ATENCI\u00d3N: los 2 respaldos ergon\u00f3micos NO est\u00e1n incluidos en la oferta<\/p>\n<p>&nbsp;<\/p>\n<p>otras especificaciones y materiales:<\/p>\n<p>Estructura de madera Hemlock<\/p>\n<p>Cristal templado de 8 mm<\/p>\n<p>Paredes con aislamiento<\/p>\n<p>Estufa Harvia Eco-Tech de 4,5 kW<\/p>\n<p>Radiadores 2 x 350 vatios = 700 vatios<\/p>\n<p>Temperatura m\u00e1xima 90\u00b0C<\/p>\n<p>Alimentaci\u00f3n el\u00e9ctrica 220-240 V (tambi\u00e9n apta para 380 V)<\/p>\n<p>&nbsp;<\/p>\n<p>&nbsp;<\/p>\n<p>&nbsp;<\/p>\n<p>&nbsp;<\/p>\n<p>&nbsp;<\/p>\n<p>&nbsp;<\/p>\n<p>&nbsp;<\/p>\n<p>&nbsp;<\/p>\n","protected":false},"excerpt":{"rendered":"<p>Sauna con 4-5 plazas, caracterizada por la combinaci\u00f3n de los dos tipos: Finlandesa e infrarrojos. Funciones adicionales incluidas: cromoterapia, conexi\u00f3n Bluetooth, aromaterapia, radio mp3, ozonoterapia.<\/p>\n","protected":false},"featured_media":107666,"comment_status":"open","ping_status":"closed","template":"","meta":[],"product_brand":[9926],"product_cat":[9753,9733],"product_tag":[],"class_list":{"0":"post-107706","1":"product","2":"type-product","3":"status-publish","4":"has-post-thumbnail","6":"product_brand-predator-arredo-casa-es","7":"product_cat-sauna-de-infrarrojos","8":"product_cat-sauna-finlandesa","10":"first","11":"instock","12":"sale","13":"taxable","14":"shipping-taxable","15":"purchasable","16":"product-type-simple"},"exclude_global_add_ons":[],"addons":[],"yoast_head":"<!-- This site is optimized with the Yoast SEO plugin v26.7 - https:\/\/yoast.com\/wordpress\/plugins\/seo\/ -->\n<title>Sauna combinada de infrarrojos finlandeses 170x120 cm con bluetooth, estufa y radiaci\u00f3n de espectro completo SN103 - Bagno Italia<\/title>\n<meta name=\"robots\" content=\"index, follow, max-snippet:-1, max-image-preview:large, max-video-preview:-1\" \/>\n<link rel=\"canonical\" href=\"https:\/\/www.bagnoitalia.com\/es\/producto\/finnish-infrared-combi-sauna-170x120-cm-with-bluetooth-stove-and-full-spectrum-radiation-sn103.html\" \/>\n<meta property=\"og:locale\" content=\"es_ES\" \/>\n<meta property=\"og:type\" content=\"article\" \/>\n<meta property=\"og:title\" content=\"Sauna combinada de infrarrojos finlandeses 170x120 cm con bluetooth, estufa y radiaci\u00f3n de espectro completo SN103 - Bagno Italia\" \/>\n<meta property=\"og:description\" content=\"Sauna con 4-5 plazas, caracterizada por la combinaci\u00f3n de los dos tipos: Finlandesa e infrarrojos. Funciones adicionales incluidas: cromoterapia, conexi\u00f3n Bluetooth, aromaterapia, radio mp3, ozonoterapia.\" \/>\n<meta property=\"og:url\" content=\"https:\/\/www.bagnoitalia.com\/es\/producto\/finnish-infrared-combi-sauna-170x120-cm-with-bluetooth-stove-and-full-spectrum-radiation-sn103.html\" \/>\n<meta property=\"og:site_name\" content=\"Bagno Italia\" \/>\n<meta property=\"article:modified_time\" content=\"2025-09-30T13:06:12+00:00\" \/>\n<meta property=\"og:image\" content=\"https:\/\/img.bagnoitalia.com\/wp-content\/uploads\/1-20.jpg\" \/>\n\t<meta property=\"og:image:width\" content=\"1000\" \/>\n\t<meta property=\"og:image:height\" content=\"1000\" \/>\n\t<meta property=\"og:image:type\" content=\"image\/jpeg\" \/>\n<meta name=\"twitter:card\" content=\"summary_large_image\" \/>\n<meta name=\"twitter:label1\" content=\"Tiempo de lectura\" \/>\n\t<meta name=\"twitter:data1\" content=\"1 minuto\" \/>\n<script type=\"application\/ld+json\" class=\"yoast-schema-graph\">{\"@context\":\"https:\/\/schema.org\",\"@graph\":[{\"@type\":\"WebPage\",\"@id\":\"https:\/\/www.bagnoitalia.com\/es\/producto\/finnish-infrared-combi-sauna-170x120-cm-with-bluetooth-stove-and-full-spectrum-radiation-sn103.html\",\"url\":\"https:\/\/www.bagnoitalia.com\/es\/producto\/finnish-infrared-combi-sauna-170x120-cm-with-bluetooth-stove-and-full-spectrum-radiation-sn103.html\",\"name\":\"Sauna combinada de infrarrojos finlandeses 170x120 cm con bluetooth, estufa y radiaci\u00f3n de espectro completo SN103 - Bagno Italia\",\"isPartOf\":{\"@id\":\"https:\/\/www.bagnoitalia.com\/es#website\"},\"primaryImageOfPage\":{\"@id\":\"https:\/\/www.bagnoitalia.com\/es\/producto\/finnish-infrared-combi-sauna-170x120-cm-with-bluetooth-stove-and-full-spectrum-radiation-sn103.html#primaryimage\"},\"image\":{\"@id\":\"https:\/\/www.bagnoitalia.com\/es\/producto\/finnish-infrared-combi-sauna-170x120-cm-with-bluetooth-stove-and-full-spectrum-radiation-sn103.html#primaryimage\"},\"thumbnailUrl\":\"https:\/\/img.bagnoitalia.com\/wp-content\/uploads\/1-20.jpg\",\"datePublished\":\"2025-05-15T12:14:16+00:00\",\"dateModified\":\"2025-09-30T13:06:12+00:00\",\"breadcrumb\":{\"@id\":\"https:\/\/www.bagnoitalia.com\/es\/producto\/finnish-infrared-combi-sauna-170x120-cm-with-bluetooth-stove-and-full-spectrum-radiation-sn103.html#breadcrumb\"},\"inLanguage\":\"es\",\"potentialAction\":[{\"@type\":\"ReadAction\",\"target\":[\"https:\/\/www.bagnoitalia.com\/es\/producto\/finnish-infrared-combi-sauna-170x120-cm-with-bluetooth-stove-and-full-spectrum-radiation-sn103.html\"]}]},{\"@type\":\"ImageObject\",\"inLanguage\":\"es\",\"@id\":\"https:\/\/www.bagnoitalia.com\/es\/producto\/finnish-infrared-combi-sauna-170x120-cm-with-bluetooth-stove-and-full-spectrum-radiation-sn103.html#primaryimage\",\"url\":\"https:\/\/img.bagnoitalia.com\/wp-content\/uploads\/1-20.jpg\",\"contentUrl\":\"https:\/\/img.bagnoitalia.com\/wp-content\/uploads\/1-20.jpg\",\"width\":1000,\"height\":1000},{\"@type\":\"BreadcrumbList\",\"@id\":\"https:\/\/www.bagnoitalia.com\/es\/producto\/finnish-infrared-combi-sauna-170x120-cm-with-bluetooth-stove-and-full-spectrum-radiation-sn103.html#breadcrumb\",\"itemListElement\":[{\"@type\":\"ListItem\",\"position\":1,\"name\":\"Home\",\"item\":\"https:\/\/www.bagnoitalia.com\/es\"},{\"@type\":\"ListItem\",\"position\":2,\"name\":\"Productos\",\"item\":\"https:\/\/www.bagnoitalia.com\/es\/shop\"},{\"@type\":\"ListItem\",\"position\":3,\"name\":\"Sauna combinada de infrarrojos finlandeses 170&#215;120 cm con bluetooth, estufa y radiaci\u00f3n de espectro completo SN103\"}]},{\"@type\":\"WebSite\",\"@id\":\"https:\/\/www.bagnoitalia.com\/es#website\",\"url\":\"https:\/\/www.bagnoitalia.com\/es\",\"name\":\"Bagno Italia\",\"description\":\"\",\"publisher\":{\"@id\":\"https:\/\/www.bagnoitalia.com\/es#organization\"},\"potentialAction\":[{\"@type\":\"SearchAction\",\"target\":{\"@type\":\"EntryPoint\",\"urlTemplate\":\"https:\/\/www.bagnoitalia.com\/es?s={search_term_string}\"},\"query-input\":{\"@type\":\"PropertyValueSpecification\",\"valueRequired\":true,\"valueName\":\"search_term_string\"}}],\"inLanguage\":\"es\"},{\"@type\":\"Organization\",\"@id\":\"https:\/\/www.bagnoitalia.com\/es#organization\",\"name\":\"Bagno Italia\",\"url\":\"https:\/\/www.bagnoitalia.com\/es\",\"logo\":{\"@type\":\"ImageObject\",\"inLanguage\":\"es\",\"@id\":\"https:\/\/www.bagnoitalia.com\/es#\/schema\/logo\/image\/\",\"url\":\"https:\/\/img.bagnoitalia.com\/wp-content\/uploads\/logo-bagnoitalia.webp\",\"contentUrl\":\"https:\/\/img.bagnoitalia.com\/wp-content\/uploads\/logo-bagnoitalia.webp\",\"width\":400,\"height\":70,\"caption\":\"Bagno Italia\"},\"image\":{\"@id\":\"https:\/\/www.bagnoitalia.com\/es#\/schema\/logo\/image\/\"}}]}<\/script>\n<!-- \/ Yoast SEO plugin. -->","yoast_head_json":{"title":"Sauna combinada de infrarrojos finlandeses 170x120 cm con bluetooth, estufa y radiaci\u00f3n de espectro completo SN103 - Bagno Italia","robots":{"index":"index","follow":"follow","max-snippet":"max-snippet:-1","max-image-preview":"max-image-preview:large","max-video-preview":"max-video-preview:-1"},"canonical":"https:\/\/www.bagnoitalia.com\/es\/producto\/finnish-infrared-combi-sauna-170x120-cm-with-bluetooth-stove-and-full-spectrum-radiation-sn103.html","og_locale":"es_ES","og_type":"article","og_title":"Sauna combinada de infrarrojos finlandeses 170x120 cm con bluetooth, estufa y radiaci\u00f3n de espectro completo SN103 - Bagno Italia","og_description":"Sauna con 4-5 plazas, caracterizada por la combinaci\u00f3n de los dos tipos: Finlandesa e infrarrojos. Funciones adicionales incluidas: cromoterapia, conexi\u00f3n Bluetooth, aromaterapia, radio mp3, ozonoterapia.","og_url":"https:\/\/www.bagnoitalia.com\/es\/producto\/finnish-infrared-combi-sauna-170x120-cm-with-bluetooth-stove-and-full-spectrum-radiation-sn103.html","og_site_name":"Bagno Italia","article_modified_time":"2025-09-30T13:06:12+00:00","og_image":[{"width":1000,"height":1000,"url":"https:\/\/img.bagnoitalia.com\/wp-content\/uploads\/1-20.jpg","type":"image\/jpeg"}],"twitter_card":"summary_large_image","twitter_misc":{"Tiempo de lectura":"1 minuto"},"schema":{"@context":"https:\/\/schema.org","@graph":[{"@type":"WebPage","@id":"https:\/\/www.bagnoitalia.com\/es\/producto\/finnish-infrared-combi-sauna-170x120-cm-with-bluetooth-stove-and-full-spectrum-radiation-sn103.html","url":"https:\/\/www.bagnoitalia.com\/es\/producto\/finnish-infrared-combi-sauna-170x120-cm-with-bluetooth-stove-and-full-spectrum-radiation-sn103.html","name":"Sauna combinada de infrarrojos finlandeses 170x120 cm con bluetooth, estufa y radiaci\u00f3n de espectro completo SN103 - Bagno Italia","isPartOf":{"@id":"https:\/\/www.bagnoitalia.com\/es#website"},"primaryImageOfPage":{"@id":"https:\/\/www.bagnoitalia.com\/es\/producto\/finnish-infrared-combi-sauna-170x120-cm-with-bluetooth-stove-and-full-spectrum-radiation-sn103.html#primaryimage"},"image":{"@id":"https:\/\/www.bagnoitalia.com\/es\/producto\/finnish-infrared-combi-sauna-170x120-cm-with-bluetooth-stove-and-full-spectrum-radiation-sn103.html#primaryimage"},"thumbnailUrl":"https:\/\/img.bagnoitalia.com\/wp-content\/uploads\/1-20.jpg","datePublished":"2025-05-15T12:14:16+00:00","dateModified":"2025-09-30T13:06:12+00:00","breadcrumb":{"@id":"https:\/\/www.bagnoitalia.com\/es\/producto\/finnish-infrared-combi-sauna-170x120-cm-with-bluetooth-stove-and-full-spectrum-radiation-sn103.html#breadcrumb"},"inLanguage":"es","potentialAction":[{"@type":"ReadAction","target":["https:\/\/www.bagnoitalia.com\/es\/producto\/finnish-infrared-combi-sauna-170x120-cm-with-bluetooth-stove-and-full-spectrum-radiation-sn103.html"]}]},{"@type":"ImageObject","inLanguage":"es","@id":"https:\/\/www.bagnoitalia.com\/es\/producto\/finnish-infrared-combi-sauna-170x120-cm-with-bluetooth-stove-and-full-spectrum-radiation-sn103.html#primaryimage","url":"https:\/\/img.bagnoitalia.com\/wp-content\/uploads\/1-20.jpg","contentUrl":"https:\/\/img.bagnoitalia.com\/wp-content\/uploads\/1-20.jpg","width":1000,"height":1000},{"@type":"BreadcrumbList","@id":"https:\/\/www.bagnoitalia.com\/es\/producto\/finnish-infrared-combi-sauna-170x120-cm-with-bluetooth-stove-and-full-spectrum-radiation-sn103.html#breadcrumb","itemListElement":[{"@type":"ListItem","position":1,"name":"Home","item":"https:\/\/www.bagnoitalia.com\/es"},{"@type":"ListItem","position":2,"name":"Productos","item":"https:\/\/www.bagnoitalia.com\/es\/shop"},{"@type":"ListItem","position":3,"name":"Sauna combinada de infrarrojos finlandeses 170&#215;120 cm con bluetooth, estufa y radiaci\u00f3n de espectro completo SN103"}]},{"@type":"WebSite","@id":"https:\/\/www.bagnoitalia.com\/es#website","url":"https:\/\/www.bagnoitalia.com\/es","name":"Bagno Italia","description":"","publisher":{"@id":"https:\/\/www.bagnoitalia.com\/es#organization"},"potentialAction":[{"@type":"SearchAction","target":{"@type":"EntryPoint","urlTemplate":"https:\/\/www.bagnoitalia.com\/es?s={search_term_string}"},"query-input":{"@type":"PropertyValueSpecification","valueRequired":true,"valueName":"search_term_string"}}],"inLanguage":"es"},{"@type":"Organization","@id":"https:\/\/www.bagnoitalia.com\/es#organization","name":"Bagno Italia","url":"https:\/\/www.bagnoitalia.com\/es","logo":{"@type":"ImageObject","inLanguage":"es","@id":"https:\/\/www.bagnoitalia.com\/es#\/schema\/logo\/image\/","url":"https:\/\/img.bagnoitalia.com\/wp-content\/uploads\/logo-bagnoitalia.webp","contentUrl":"https:\/\/img.bagnoitalia.com\/wp-content\/uploads\/logo-bagnoitalia.webp","width":400,"height":70,"caption":"Bagno Italia"},"image":{"@id":"https:\/\/www.bagnoitalia.com\/es#\/schema\/logo\/image\/"}}]}},"_links":{"self":[{"href":"https:\/\/www.bagnoitalia.com\/es\/wp-json\/wp\/v2\/product\/107706","targetHints":{"allow":["GET"]}}],"collection":[{"href":"https:\/\/www.bagnoitalia.com\/es\/wp-json\/wp\/v2\/product"}],"about":[{"href":"https:\/\/www.bagnoitalia.com\/es\/wp-json\/wp\/v2\/types\/product"}],"replies":[{"embeddable":true,"href":"https:\/\/www.bagnoitalia.com\/es\/wp-json\/wp\/v2\/comments?post=107706"}],"version-history":[{"count":2,"href":"https:\/\/www.bagnoitalia.com\/es\/wp-json\/wp\/v2\/product\/107706\/revisions"}],"predecessor-version":[{"id":112089,"href":"https:\/\/www.bagnoitalia.com\/es\/wp-json\/wp\/v2\/product\/107706\/revisions\/112089"}],"wp:featuredmedia":[{"embeddable":true,"href":"https:\/\/www.bagnoitalia.com\/es\/wp-json\/wp\/v2\/media\/107666"}],"wp:attachment":[{"href":"https:\/\/www.bagnoitalia.com\/es\/wp-json\/wp\/v2\/media?parent=107706"}],"wp:term":[{"taxonomy":"product_brand","embeddable":true,"href":"https:\/\/www.bagnoitalia.com\/es\/wp-json\/wp\/v2\/product_brand?post=107706"},{"taxonomy":"product_cat","embeddable":true,"href":"https:\/\/www.bagnoitalia.com\/es\/wp-json\/wp\/v2\/product_cat?post=107706"},{"taxonomy":"product_tag","embeddable":true,"href":"https:\/\/www.bagnoitalia.com\/es\/wp-json\/wp\/v2\/product_tag?post=107706"}],"curies":[{"name":"wp","href":"https:\/\/api.w.org\/{rel}","templated":true}]}}