{"id":106936,"date":"2025-04-22T15:23:10","date_gmt":"2025-04-22T13:23:10","guid":{"rendered":"https:\/\/www.bagnoitalia.com\/half-freestanding-white-ceramic-washbasin-45xh38-cm-round-without-holes-lav107.html"},"modified":"2025-04-22T15:25:31","modified_gmt":"2025-04-22T13:25:31","slug":"half-freestanding-white-ceramic-washbasin-45xh38-cm-round-without-holes-lav107","status":"publish","type":"product","link":"https:\/\/www.bagnoitalia.com\/es\/producto\/half-freestanding-white-ceramic-washbasin-45xh38-cm-round-without-holes-lav107.html","title":{"rendered":"Lavabo semiencastrable de cer\u00e1mica blanca 45xA38 cm redondo sin agujeros LAV107"},"content":{"rendered":"<p>Lavabo redondo semiencastrable sin orificios \u00abLAV107\u00bb<\/p>\n<p>&nbsp;<\/p>\n<p>&nbsp;<\/p>\n<p>&nbsp;<\/p>\n<p>&nbsp;<\/p>\n<p>DETALLES DEL PRODUCTO<\/p>\n<p>Lavabo redondo \u00d8 45 cm<\/p>\n<p>Altura total: 38 cm<\/p>\n<p>Altura interior del lavabo: 15,5 cm<\/p>\n<p>Instalaci\u00f3n semiencastrable<\/p>\n<p>Material: cer\u00e1mica<\/p>\n<p>Color: blanco<\/p>\n<p>Acabado: pulido<\/p>\n<p>SIN orificio para rebosadero<\/p>\n<p>SIN orificio para mezclador<\/p>\n<p>&nbsp;<\/p>\n<p>&nbsp;<\/p>\n<p>&nbsp;<\/p>\n<p>&nbsp;<\/p>\n<p>ATENCI\u00d3N: grifer\u00eda, desag\u00fce y kit de desag\u00fce NO incluidos en el precio<\/p>\n<p>&nbsp;<\/p>\n<p>&nbsp;<\/p>\n<p>&nbsp;<\/p>\n<p>&nbsp;<\/p>\n<p>&nbsp;<\/p>\n<p>&nbsp;<\/p>\n<p>&nbsp;<\/p>\n<p>&nbsp;<\/p>\n<p>&nbsp;<\/p>\n<p>&nbsp;<\/p>\n<p>&nbsp;<\/p>\n<p>&nbsp;<\/p>\n<p>&nbsp;<\/p>\n<p>&nbsp;<\/p>\n<p>&nbsp;<\/p>\n<p>&nbsp;<\/p>\n<p>&nbsp;<\/p>\n<p>&nbsp;<\/p>\n<p>&nbsp;<\/p>\n<p>&nbsp;<\/p>\n<p>&nbsp;<\/p>\n<p>&nbsp;<\/p>\n<p>&nbsp;<\/p>\n<p>&nbsp;<\/p>\n<p>&nbsp;<\/p>\n<p>&nbsp;<\/p>\n<p>&nbsp;<\/p>\n<p>&nbsp;<\/p>\n<p>&nbsp;<\/p>\n<p>&nbsp;<\/p>\n<p>&nbsp;<\/p>\n<p>&nbsp;<\/p>\n<p>&nbsp;<\/p>\n<p>&nbsp;<\/p>\n<p>guinea<br \/>\nGNA-F4BL<\/p>\n","protected":false},"excerpt":{"rendered":"<p>Lavabo redondeado de cer\u00e1mica blanca con acabado pulido. Instalaci\u00f3n semiindependiente. Sin orificios (ni para grifo ni para rebosadero).<\/p>\n","protected":false},"featured_media":106924,"comment_status":"open","ping_status":"closed","template":"","meta":[],"product_brand":[9884],"product_cat":[9990],"product_tag":[],"class_list":{"0":"post-106936","1":"product","2":"type-product","3":"status-publish","4":"has-post-thumbnail","6":"product_brand-deghi-es","7":"product_cat-lavabo-independiente","9":"first","10":"instock","11":"sale","12":"taxable","13":"shipping-taxable","14":"purchasable","15":"product-type-simple"},"exclude_global_add_ons":[],"addons":[],"yoast_head":"<!-- This site is optimized with the Yoast SEO plugin v26.7 - https:\/\/yoast.com\/wordpress\/plugins\/seo\/ -->\n<title>Lavabo semiencastrable de cer\u00e1mica blanca 45xA38 cm redondo sin agujeros LAV107 - Bagno Italia<\/title>\n<meta name=\"robots\" content=\"index, follow, max-snippet:-1, max-image-preview:large, max-video-preview:-1\" \/>\n<link rel=\"canonical\" href=\"https:\/\/www.bagnoitalia.com\/es\/producto\/half-freestanding-white-ceramic-washbasin-45xh38-cm-round-without-holes-lav107.html\" \/>\n<meta property=\"og:locale\" content=\"es_ES\" \/>\n<meta property=\"og:type\" content=\"article\" \/>\n<meta property=\"og:title\" content=\"Lavabo semiencastrable de cer\u00e1mica blanca 45xA38 cm redondo sin agujeros LAV107 - Bagno Italia\" \/>\n<meta property=\"og:description\" content=\"Lavabo redondeado de cer\u00e1mica blanca con acabado pulido. Instalaci\u00f3n semiindependiente. Sin orificios (ni para grifo ni para rebosadero).\" \/>\n<meta property=\"og:url\" content=\"https:\/\/www.bagnoitalia.com\/es\/producto\/half-freestanding-white-ceramic-washbasin-45xh38-cm-round-without-holes-lav107.html\" \/>\n<meta property=\"og:site_name\" content=\"Bagno Italia\" \/>\n<meta property=\"article:modified_time\" content=\"2025-04-22T13:25:31+00:00\" \/>\n<meta property=\"og:image\" content=\"https:\/\/img.bagnoitalia.com\/wp-content\/uploads\/1-9.jpg\" \/>\n\t<meta property=\"og:image:width\" content=\"1000\" \/>\n\t<meta property=\"og:image:height\" content=\"1000\" \/>\n\t<meta property=\"og:image:type\" content=\"image\/jpeg\" \/>\n<meta name=\"twitter:card\" content=\"summary_large_image\" \/>\n<meta name=\"twitter:label1\" content=\"Tiempo de lectura\" \/>\n\t<meta name=\"twitter:data1\" content=\"1 minuto\" \/>\n<script type=\"application\/ld+json\" class=\"yoast-schema-graph\">{\"@context\":\"https:\/\/schema.org\",\"@graph\":[{\"@type\":\"WebPage\",\"@id\":\"https:\/\/www.bagnoitalia.com\/es\/producto\/half-freestanding-white-ceramic-washbasin-45xh38-cm-round-without-holes-lav107.html\",\"url\":\"https:\/\/www.bagnoitalia.com\/es\/producto\/half-freestanding-white-ceramic-washbasin-45xh38-cm-round-without-holes-lav107.html\",\"name\":\"Lavabo semiencastrable de cer\u00e1mica blanca 45xA38 cm redondo sin agujeros LAV107 - Bagno Italia\",\"isPartOf\":{\"@id\":\"https:\/\/www.bagnoitalia.com\/es#website\"},\"primaryImageOfPage\":{\"@id\":\"https:\/\/www.bagnoitalia.com\/es\/producto\/half-freestanding-white-ceramic-washbasin-45xh38-cm-round-without-holes-lav107.html#primaryimage\"},\"image\":{\"@id\":\"https:\/\/www.bagnoitalia.com\/es\/producto\/half-freestanding-white-ceramic-washbasin-45xh38-cm-round-without-holes-lav107.html#primaryimage\"},\"thumbnailUrl\":\"https:\/\/img.bagnoitalia.com\/wp-content\/uploads\/1-9.jpg\",\"datePublished\":\"2025-04-22T13:23:10+00:00\",\"dateModified\":\"2025-04-22T13:25:31+00:00\",\"breadcrumb\":{\"@id\":\"https:\/\/www.bagnoitalia.com\/es\/producto\/half-freestanding-white-ceramic-washbasin-45xh38-cm-round-without-holes-lav107.html#breadcrumb\"},\"inLanguage\":\"es\",\"potentialAction\":[{\"@type\":\"ReadAction\",\"target\":[\"https:\/\/www.bagnoitalia.com\/es\/producto\/half-freestanding-white-ceramic-washbasin-45xh38-cm-round-without-holes-lav107.html\"]}]},{\"@type\":\"ImageObject\",\"inLanguage\":\"es\",\"@id\":\"https:\/\/www.bagnoitalia.com\/es\/producto\/half-freestanding-white-ceramic-washbasin-45xh38-cm-round-without-holes-lav107.html#primaryimage\",\"url\":\"https:\/\/img.bagnoitalia.com\/wp-content\/uploads\/1-9.jpg\",\"contentUrl\":\"https:\/\/img.bagnoitalia.com\/wp-content\/uploads\/1-9.jpg\",\"width\":1000,\"height\":1000},{\"@type\":\"BreadcrumbList\",\"@id\":\"https:\/\/www.bagnoitalia.com\/es\/producto\/half-freestanding-white-ceramic-washbasin-45xh38-cm-round-without-holes-lav107.html#breadcrumb\",\"itemListElement\":[{\"@type\":\"ListItem\",\"position\":1,\"name\":\"Home\",\"item\":\"https:\/\/www.bagnoitalia.com\/es\"},{\"@type\":\"ListItem\",\"position\":2,\"name\":\"Productos\",\"item\":\"https:\/\/www.bagnoitalia.com\/es\/shop\"},{\"@type\":\"ListItem\",\"position\":3,\"name\":\"Lavabo semiencastrable de cer\u00e1mica blanca 45xA38 cm redondo sin agujeros LAV107\"}]},{\"@type\":\"WebSite\",\"@id\":\"https:\/\/www.bagnoitalia.com\/es#website\",\"url\":\"https:\/\/www.bagnoitalia.com\/es\",\"name\":\"Bagno Italia\",\"description\":\"\",\"publisher\":{\"@id\":\"https:\/\/www.bagnoitalia.com\/es#organization\"},\"potentialAction\":[{\"@type\":\"SearchAction\",\"target\":{\"@type\":\"EntryPoint\",\"urlTemplate\":\"https:\/\/www.bagnoitalia.com\/es?s={search_term_string}\"},\"query-input\":{\"@type\":\"PropertyValueSpecification\",\"valueRequired\":true,\"valueName\":\"search_term_string\"}}],\"inLanguage\":\"es\"},{\"@type\":\"Organization\",\"@id\":\"https:\/\/www.bagnoitalia.com\/es#organization\",\"name\":\"Bagno Italia\",\"url\":\"https:\/\/www.bagnoitalia.com\/es\",\"logo\":{\"@type\":\"ImageObject\",\"inLanguage\":\"es\",\"@id\":\"https:\/\/www.bagnoitalia.com\/es#\/schema\/logo\/image\/\",\"url\":\"https:\/\/img.bagnoitalia.com\/wp-content\/uploads\/logo-bagnoitalia.webp\",\"contentUrl\":\"https:\/\/img.bagnoitalia.com\/wp-content\/uploads\/logo-bagnoitalia.webp\",\"width\":400,\"height\":70,\"caption\":\"Bagno Italia\"},\"image\":{\"@id\":\"https:\/\/www.bagnoitalia.com\/es#\/schema\/logo\/image\/\"}}]}<\/script>\n<!-- \/ Yoast SEO plugin. -->","yoast_head_json":{"title":"Lavabo semiencastrable de cer\u00e1mica blanca 45xA38 cm redondo sin agujeros LAV107 - Bagno Italia","robots":{"index":"index","follow":"follow","max-snippet":"max-snippet:-1","max-image-preview":"max-image-preview:large","max-video-preview":"max-video-preview:-1"},"canonical":"https:\/\/www.bagnoitalia.com\/es\/producto\/half-freestanding-white-ceramic-washbasin-45xh38-cm-round-without-holes-lav107.html","og_locale":"es_ES","og_type":"article","og_title":"Lavabo semiencastrable de cer\u00e1mica blanca 45xA38 cm redondo sin agujeros LAV107 - Bagno Italia","og_description":"Lavabo redondeado de cer\u00e1mica blanca con acabado pulido. Instalaci\u00f3n semiindependiente. Sin orificios (ni para grifo ni para rebosadero).","og_url":"https:\/\/www.bagnoitalia.com\/es\/producto\/half-freestanding-white-ceramic-washbasin-45xh38-cm-round-without-holes-lav107.html","og_site_name":"Bagno Italia","article_modified_time":"2025-04-22T13:25:31+00:00","og_image":[{"width":1000,"height":1000,"url":"https:\/\/img.bagnoitalia.com\/wp-content\/uploads\/1-9.jpg","type":"image\/jpeg"}],"twitter_card":"summary_large_image","twitter_misc":{"Tiempo de lectura":"1 minuto"},"schema":{"@context":"https:\/\/schema.org","@graph":[{"@type":"WebPage","@id":"https:\/\/www.bagnoitalia.com\/es\/producto\/half-freestanding-white-ceramic-washbasin-45xh38-cm-round-without-holes-lav107.html","url":"https:\/\/www.bagnoitalia.com\/es\/producto\/half-freestanding-white-ceramic-washbasin-45xh38-cm-round-without-holes-lav107.html","name":"Lavabo semiencastrable de cer\u00e1mica blanca 45xA38 cm redondo sin agujeros LAV107 - Bagno Italia","isPartOf":{"@id":"https:\/\/www.bagnoitalia.com\/es#website"},"primaryImageOfPage":{"@id":"https:\/\/www.bagnoitalia.com\/es\/producto\/half-freestanding-white-ceramic-washbasin-45xh38-cm-round-without-holes-lav107.html#primaryimage"},"image":{"@id":"https:\/\/www.bagnoitalia.com\/es\/producto\/half-freestanding-white-ceramic-washbasin-45xh38-cm-round-without-holes-lav107.html#primaryimage"},"thumbnailUrl":"https:\/\/img.bagnoitalia.com\/wp-content\/uploads\/1-9.jpg","datePublished":"2025-04-22T13:23:10+00:00","dateModified":"2025-04-22T13:25:31+00:00","breadcrumb":{"@id":"https:\/\/www.bagnoitalia.com\/es\/producto\/half-freestanding-white-ceramic-washbasin-45xh38-cm-round-without-holes-lav107.html#breadcrumb"},"inLanguage":"es","potentialAction":[{"@type":"ReadAction","target":["https:\/\/www.bagnoitalia.com\/es\/producto\/half-freestanding-white-ceramic-washbasin-45xh38-cm-round-without-holes-lav107.html"]}]},{"@type":"ImageObject","inLanguage":"es","@id":"https:\/\/www.bagnoitalia.com\/es\/producto\/half-freestanding-white-ceramic-washbasin-45xh38-cm-round-without-holes-lav107.html#primaryimage","url":"https:\/\/img.bagnoitalia.com\/wp-content\/uploads\/1-9.jpg","contentUrl":"https:\/\/img.bagnoitalia.com\/wp-content\/uploads\/1-9.jpg","width":1000,"height":1000},{"@type":"BreadcrumbList","@id":"https:\/\/www.bagnoitalia.com\/es\/producto\/half-freestanding-white-ceramic-washbasin-45xh38-cm-round-without-holes-lav107.html#breadcrumb","itemListElement":[{"@type":"ListItem","position":1,"name":"Home","item":"https:\/\/www.bagnoitalia.com\/es"},{"@type":"ListItem","position":2,"name":"Productos","item":"https:\/\/www.bagnoitalia.com\/es\/shop"},{"@type":"ListItem","position":3,"name":"Lavabo semiencastrable de cer\u00e1mica blanca 45xA38 cm redondo sin agujeros LAV107"}]},{"@type":"WebSite","@id":"https:\/\/www.bagnoitalia.com\/es#website","url":"https:\/\/www.bagnoitalia.com\/es","name":"Bagno Italia","description":"","publisher":{"@id":"https:\/\/www.bagnoitalia.com\/es#organization"},"potentialAction":[{"@type":"SearchAction","target":{"@type":"EntryPoint","urlTemplate":"https:\/\/www.bagnoitalia.com\/es?s={search_term_string}"},"query-input":{"@type":"PropertyValueSpecification","valueRequired":true,"valueName":"search_term_string"}}],"inLanguage":"es"},{"@type":"Organization","@id":"https:\/\/www.bagnoitalia.com\/es#organization","name":"Bagno Italia","url":"https:\/\/www.bagnoitalia.com\/es","logo":{"@type":"ImageObject","inLanguage":"es","@id":"https:\/\/www.bagnoitalia.com\/es#\/schema\/logo\/image\/","url":"https:\/\/img.bagnoitalia.com\/wp-content\/uploads\/logo-bagnoitalia.webp","contentUrl":"https:\/\/img.bagnoitalia.com\/wp-content\/uploads\/logo-bagnoitalia.webp","width":400,"height":70,"caption":"Bagno Italia"},"image":{"@id":"https:\/\/www.bagnoitalia.com\/es#\/schema\/logo\/image\/"}}]}},"_links":{"self":[{"href":"https:\/\/www.bagnoitalia.com\/es\/wp-json\/wp\/v2\/product\/106936","targetHints":{"allow":["GET"]}}],"collection":[{"href":"https:\/\/www.bagnoitalia.com\/es\/wp-json\/wp\/v2\/product"}],"about":[{"href":"https:\/\/www.bagnoitalia.com\/es\/wp-json\/wp\/v2\/types\/product"}],"replies":[{"embeddable":true,"href":"https:\/\/www.bagnoitalia.com\/es\/wp-json\/wp\/v2\/comments?post=106936"}],"version-history":[{"count":1,"href":"https:\/\/www.bagnoitalia.com\/es\/wp-json\/wp\/v2\/product\/106936\/revisions"}],"predecessor-version":[{"id":106938,"href":"https:\/\/www.bagnoitalia.com\/es\/wp-json\/wp\/v2\/product\/106936\/revisions\/106938"}],"wp:featuredmedia":[{"embeddable":true,"href":"https:\/\/www.bagnoitalia.com\/es\/wp-json\/wp\/v2\/media\/106924"}],"wp:attachment":[{"href":"https:\/\/www.bagnoitalia.com\/es\/wp-json\/wp\/v2\/media?parent=106936"}],"wp:term":[{"taxonomy":"product_brand","embeddable":true,"href":"https:\/\/www.bagnoitalia.com\/es\/wp-json\/wp\/v2\/product_brand?post=106936"},{"taxonomy":"product_cat","embeddable":true,"href":"https:\/\/www.bagnoitalia.com\/es\/wp-json\/wp\/v2\/product_cat?post=106936"},{"taxonomy":"product_tag","embeddable":true,"href":"https:\/\/www.bagnoitalia.com\/es\/wp-json\/wp\/v2\/product_tag?post=106936"}],"curies":[{"name":"wp","href":"https:\/\/api.w.org\/{rel}","templated":true}]}}