{"id":106528,"date":"2025-04-14T15:07:54","date_gmt":"2025-04-14T13:07:54","guid":{"rendered":"https:\/\/www.bagnoitalia.com\/mini-whirlpool-210x160-cm-4-5-seats-50-jets-chromotherapy-and-bluetooth-mp70.html"},"modified":"2026-02-02T11:10:00","modified_gmt":"2026-02-02T10:10:00","slug":"mini-whirlpool-210x160-cm-4-5-seats-50-jets-chromotherapy-and-bluetooth-mp70","status":"publish","type":"product","link":"https:\/\/www.bagnoitalia.com\/es\/producto\/mini-whirlpool-210x160-cm-4-5-seats-50-jets-chromotherapy-and-bluetooth-mp70.html","title":{"rendered":"Mini hidromasaje 210&#215;160 cm 4-5 plazas 50 chorros cromoterapia y Bluetooth MP70"},"content":{"rendered":"<p>Hidromasaje 210&#215;160 cm MP70<\/p>\n<p>&nbsp;<\/p>\n<p>&nbsp;<\/p>\n<p>&nbsp;<\/p>\n<p>&nbsp;<\/p>\n<p>CARACTER\u00cdSTICAS<\/p>\n<p>Ba\u00f1era de hidromasaje exterior<\/p>\n<p>Dimensiones: 210x160xAl90 cm<\/p>\n<p>Color negro jaspeado<\/p>\n<p>Apto para 4-5 personas<\/p>\n<p>50 chorros (de los cuales 16 en el fondo, retroiluminados)<\/p>\n<p>Cromoterapia con 7 variaciones de color (con LED interiores y exteriores)<\/p>\n<p>Altavoces envolventes<\/p>\n<p>Bluetooth<\/p>\n<p>Ozonoterapia<\/p>\n<p>Calentador de 1,5 kW de consumo ecol\u00f3gico con prefiltrado y sistema anticongelante<\/p>\n<p>Usb<\/p>\n<p>n.4 bombas<\/p>\n<p>n.2 bombas de agua de 1.5cv<br \/>\nn.1 bomba de aire de 0,5 cv<br \/>\nn.1 bomba de recirculaci\u00f3n de 1 cv<\/p>\n<p>Tiras Led Perimetrales + Dos Cajas Led Rgb Innovation Design<\/p>\n<p>Aislamiento T\u00e9rmico<\/p>\n<p>Sensor electr\u00f3nico de nivel de agua<\/p>\n<p>Grifer\u00eda incluida<\/p>\n<p>Panel de control t\u00e1ctil<\/p>\n<p>&nbsp;<\/p>\n<p>&nbsp;<\/p>\n<p>&nbsp;<\/p>\n<p>&nbsp;<\/p>\n<p>MATERIALES Y OTRAS ESPECIFICACIONES<\/p>\n<p>Carcasa de fibra de vidrio de 2,2 cm<\/p>\n<p>Acr\u00edlico de alta calidad resistente a los ara\u00f1azos con aislamiento t\u00e9rmico<\/p>\n<p>Marco de acero<\/p>\n<p>Revestimiento exterior de resina de abs<\/p>\n<p>Bomba de ahorro energ\u00e9tico Ecoplus<\/p>\n<p>Capacidad: 1080 litros<\/p>\n<p>&nbsp;<\/p>\n<p>&nbsp;<\/p>\n<p>&nbsp;<\/p>\n<p>&nbsp;<\/p>\n<p>&nbsp;<\/p>\n","protected":false},"excerpt":{"rendered":"<p>Ba\u00f1era exterior opcional completa, de dise\u00f1o moderno, apta para hasta 5 personas. Sus funciones incluyen: ozonoterapia, cromoterapia (con LED internos y externos), calentador, 50 chorros de hidromasaje de aire y agua.<\/p>\n","protected":false},"featured_media":106460,"comment_status":"open","ping_status":"closed","template":"","meta":[],"product_brand":[9926],"product_cat":[10071],"product_tag":[],"class_list":{"0":"post-106528","1":"product","2":"type-product","3":"status-publish","4":"has-post-thumbnail","6":"product_brand-predator-arredo-casa-es","7":"product_cat-piscinas-de-hidromasaje-al-aire-libre","9":"first","10":"instock","11":"sale","12":"taxable","13":"shipping-taxable","14":"purchasable","15":"product-type-simple"},"exclude_global_add_ons":false,"addons":[{"name":"Accesorios","type":"multiple_choice","position":0,"required":false,"title_format":"label","default":"","description_enable":false,"description":"","placeholder_enable":false,"placeholder":"","display":"select","restrictions_type":"any_text","adjust_price":false,"price":"","price_type":"flat_fee","restrictions":false,"min":"0","max":"0","options":[{"label":"No","price":"","price_type":"flat_fee","image":0,"visibility":true},{"label":"con escalera","price":"229","price_type":"flat_fee","image":0,"visibility":true}],"id":1744643275},{"name":"cubierta","type":"multiple_choice","position":1,"required":true,"title_format":"heading","default":"","description_enable":false,"description":"","placeholder_enable":false,"placeholder":"","display":"select","restrictions_type":"any_text","adjust_price":false,"price":"","price_type":"flat_fee","restrictions":false,"min":"0","max":"0","options":[{"label":"no","price":"","price_type":"quantity_based","image":0,"visibility":true},{"label":"cubierta isot\u00e9rmica","price":"300","price_type":"quantity_based","image":0,"visibility":true}],"id":1770030601}],"yoast_head":"<!-- This site is optimized with the Yoast SEO plugin v26.7 - https:\/\/yoast.com\/wordpress\/plugins\/seo\/ -->\n<title>Mini hidromasaje 210x160 cm 4-5 plazas 50 chorros cromoterapia y Bluetooth MP70 - Bagno Italia<\/title>\n<meta name=\"robots\" content=\"index, follow, max-snippet:-1, max-image-preview:large, max-video-preview:-1\" \/>\n<link rel=\"canonical\" href=\"https:\/\/www.bagnoitalia.com\/es\/producto\/mini-whirlpool-210x160-cm-4-5-seats-50-jets-chromotherapy-and-bluetooth-mp70.html\" \/>\n<meta property=\"og:locale\" content=\"es_ES\" \/>\n<meta property=\"og:type\" content=\"article\" \/>\n<meta property=\"og:title\" content=\"Mini hidromasaje 210x160 cm 4-5 plazas 50 chorros cromoterapia y Bluetooth MP70 - Bagno Italia\" \/>\n<meta property=\"og:description\" content=\"Ba\u00f1era exterior opcional completa, de dise\u00f1o moderno, apta para hasta 5 personas. Sus funciones incluyen: ozonoterapia, cromoterapia (con LED internos y externos), calentador, 50 chorros de hidromasaje de aire y agua.\" \/>\n<meta property=\"og:url\" content=\"https:\/\/www.bagnoitalia.com\/es\/producto\/mini-whirlpool-210x160-cm-4-5-seats-50-jets-chromotherapy-and-bluetooth-mp70.html\" \/>\n<meta property=\"og:site_name\" content=\"Bagno Italia\" \/>\n<meta property=\"article:modified_time\" content=\"2026-02-02T10:10:00+00:00\" \/>\n<meta property=\"og:image\" content=\"https:\/\/img.bagnoitalia.com\/wp-content\/uploads\/1-265.webp\" \/>\n\t<meta property=\"og:image:width\" content=\"1500\" \/>\n\t<meta property=\"og:image:height\" content=\"1500\" \/>\n\t<meta property=\"og:image:type\" content=\"image\/webp\" \/>\n<meta name=\"twitter:card\" content=\"summary_large_image\" \/>\n<meta name=\"twitter:label1\" content=\"Tiempo de lectura\" \/>\n\t<meta name=\"twitter:data1\" content=\"1 minuto\" \/>\n<script type=\"application\/ld+json\" class=\"yoast-schema-graph\">{\"@context\":\"https:\/\/schema.org\",\"@graph\":[{\"@type\":\"WebPage\",\"@id\":\"https:\/\/www.bagnoitalia.com\/es\/producto\/mini-whirlpool-210x160-cm-4-5-seats-50-jets-chromotherapy-and-bluetooth-mp70.html\",\"url\":\"https:\/\/www.bagnoitalia.com\/es\/producto\/mini-whirlpool-210x160-cm-4-5-seats-50-jets-chromotherapy-and-bluetooth-mp70.html\",\"name\":\"Mini hidromasaje 210x160 cm 4-5 plazas 50 chorros cromoterapia y Bluetooth MP70 - Bagno Italia\",\"isPartOf\":{\"@id\":\"https:\/\/www.bagnoitalia.com\/es#website\"},\"primaryImageOfPage\":{\"@id\":\"https:\/\/www.bagnoitalia.com\/es\/producto\/mini-whirlpool-210x160-cm-4-5-seats-50-jets-chromotherapy-and-bluetooth-mp70.html#primaryimage\"},\"image\":{\"@id\":\"https:\/\/www.bagnoitalia.com\/es\/producto\/mini-whirlpool-210x160-cm-4-5-seats-50-jets-chromotherapy-and-bluetooth-mp70.html#primaryimage\"},\"thumbnailUrl\":\"https:\/\/img.bagnoitalia.com\/wp-content\/uploads\/1-265.webp\",\"datePublished\":\"2025-04-14T13:07:54+00:00\",\"dateModified\":\"2026-02-02T10:10:00+00:00\",\"breadcrumb\":{\"@id\":\"https:\/\/www.bagnoitalia.com\/es\/producto\/mini-whirlpool-210x160-cm-4-5-seats-50-jets-chromotherapy-and-bluetooth-mp70.html#breadcrumb\"},\"inLanguage\":\"es\",\"potentialAction\":[{\"@type\":\"ReadAction\",\"target\":[\"https:\/\/www.bagnoitalia.com\/es\/producto\/mini-whirlpool-210x160-cm-4-5-seats-50-jets-chromotherapy-and-bluetooth-mp70.html\"]}]},{\"@type\":\"ImageObject\",\"inLanguage\":\"es\",\"@id\":\"https:\/\/www.bagnoitalia.com\/es\/producto\/mini-whirlpool-210x160-cm-4-5-seats-50-jets-chromotherapy-and-bluetooth-mp70.html#primaryimage\",\"url\":\"https:\/\/img.bagnoitalia.com\/wp-content\/uploads\/1-265.webp\",\"contentUrl\":\"https:\/\/img.bagnoitalia.com\/wp-content\/uploads\/1-265.webp\",\"width\":1500,\"height\":1500},{\"@type\":\"BreadcrumbList\",\"@id\":\"https:\/\/www.bagnoitalia.com\/es\/producto\/mini-whirlpool-210x160-cm-4-5-seats-50-jets-chromotherapy-and-bluetooth-mp70.html#breadcrumb\",\"itemListElement\":[{\"@type\":\"ListItem\",\"position\":1,\"name\":\"Home\",\"item\":\"https:\/\/www.bagnoitalia.com\/es\"},{\"@type\":\"ListItem\",\"position\":2,\"name\":\"Productos\",\"item\":\"https:\/\/www.bagnoitalia.com\/es\/shop\"},{\"@type\":\"ListItem\",\"position\":3,\"name\":\"Mini hidromasaje 210&#215;160 cm 4-5 plazas 50 chorros cromoterapia y Bluetooth MP70\"}]},{\"@type\":\"WebSite\",\"@id\":\"https:\/\/www.bagnoitalia.com\/es#website\",\"url\":\"https:\/\/www.bagnoitalia.com\/es\",\"name\":\"Bagno Italia\",\"description\":\"\",\"publisher\":{\"@id\":\"https:\/\/www.bagnoitalia.com\/es#organization\"},\"potentialAction\":[{\"@type\":\"SearchAction\",\"target\":{\"@type\":\"EntryPoint\",\"urlTemplate\":\"https:\/\/www.bagnoitalia.com\/es?s={search_term_string}\"},\"query-input\":{\"@type\":\"PropertyValueSpecification\",\"valueRequired\":true,\"valueName\":\"search_term_string\"}}],\"inLanguage\":\"es\"},{\"@type\":\"Organization\",\"@id\":\"https:\/\/www.bagnoitalia.com\/es#organization\",\"name\":\"Bagno Italia\",\"url\":\"https:\/\/www.bagnoitalia.com\/es\",\"logo\":{\"@type\":\"ImageObject\",\"inLanguage\":\"es\",\"@id\":\"https:\/\/www.bagnoitalia.com\/es#\/schema\/logo\/image\/\",\"url\":\"https:\/\/img.bagnoitalia.com\/wp-content\/uploads\/logo-bagnoitalia.webp\",\"contentUrl\":\"https:\/\/img.bagnoitalia.com\/wp-content\/uploads\/logo-bagnoitalia.webp\",\"width\":400,\"height\":70,\"caption\":\"Bagno Italia\"},\"image\":{\"@id\":\"https:\/\/www.bagnoitalia.com\/es#\/schema\/logo\/image\/\"}}]}<\/script>\n<!-- \/ Yoast SEO plugin. -->","yoast_head_json":{"title":"Mini hidromasaje 210x160 cm 4-5 plazas 50 chorros cromoterapia y Bluetooth MP70 - Bagno Italia","robots":{"index":"index","follow":"follow","max-snippet":"max-snippet:-1","max-image-preview":"max-image-preview:large","max-video-preview":"max-video-preview:-1"},"canonical":"https:\/\/www.bagnoitalia.com\/es\/producto\/mini-whirlpool-210x160-cm-4-5-seats-50-jets-chromotherapy-and-bluetooth-mp70.html","og_locale":"es_ES","og_type":"article","og_title":"Mini hidromasaje 210x160 cm 4-5 plazas 50 chorros cromoterapia y Bluetooth MP70 - Bagno Italia","og_description":"Ba\u00f1era exterior opcional completa, de dise\u00f1o moderno, apta para hasta 5 personas. Sus funciones incluyen: ozonoterapia, cromoterapia (con LED internos y externos), calentador, 50 chorros de hidromasaje de aire y agua.","og_url":"https:\/\/www.bagnoitalia.com\/es\/producto\/mini-whirlpool-210x160-cm-4-5-seats-50-jets-chromotherapy-and-bluetooth-mp70.html","og_site_name":"Bagno Italia","article_modified_time":"2026-02-02T10:10:00+00:00","og_image":[{"width":1500,"height":1500,"url":"https:\/\/img.bagnoitalia.com\/wp-content\/uploads\/1-265.webp","type":"image\/webp"}],"twitter_card":"summary_large_image","twitter_misc":{"Tiempo de lectura":"1 minuto"},"schema":{"@context":"https:\/\/schema.org","@graph":[{"@type":"WebPage","@id":"https:\/\/www.bagnoitalia.com\/es\/producto\/mini-whirlpool-210x160-cm-4-5-seats-50-jets-chromotherapy-and-bluetooth-mp70.html","url":"https:\/\/www.bagnoitalia.com\/es\/producto\/mini-whirlpool-210x160-cm-4-5-seats-50-jets-chromotherapy-and-bluetooth-mp70.html","name":"Mini hidromasaje 210x160 cm 4-5 plazas 50 chorros cromoterapia y Bluetooth MP70 - Bagno Italia","isPartOf":{"@id":"https:\/\/www.bagnoitalia.com\/es#website"},"primaryImageOfPage":{"@id":"https:\/\/www.bagnoitalia.com\/es\/producto\/mini-whirlpool-210x160-cm-4-5-seats-50-jets-chromotherapy-and-bluetooth-mp70.html#primaryimage"},"image":{"@id":"https:\/\/www.bagnoitalia.com\/es\/producto\/mini-whirlpool-210x160-cm-4-5-seats-50-jets-chromotherapy-and-bluetooth-mp70.html#primaryimage"},"thumbnailUrl":"https:\/\/img.bagnoitalia.com\/wp-content\/uploads\/1-265.webp","datePublished":"2025-04-14T13:07:54+00:00","dateModified":"2026-02-02T10:10:00+00:00","breadcrumb":{"@id":"https:\/\/www.bagnoitalia.com\/es\/producto\/mini-whirlpool-210x160-cm-4-5-seats-50-jets-chromotherapy-and-bluetooth-mp70.html#breadcrumb"},"inLanguage":"es","potentialAction":[{"@type":"ReadAction","target":["https:\/\/www.bagnoitalia.com\/es\/producto\/mini-whirlpool-210x160-cm-4-5-seats-50-jets-chromotherapy-and-bluetooth-mp70.html"]}]},{"@type":"ImageObject","inLanguage":"es","@id":"https:\/\/www.bagnoitalia.com\/es\/producto\/mini-whirlpool-210x160-cm-4-5-seats-50-jets-chromotherapy-and-bluetooth-mp70.html#primaryimage","url":"https:\/\/img.bagnoitalia.com\/wp-content\/uploads\/1-265.webp","contentUrl":"https:\/\/img.bagnoitalia.com\/wp-content\/uploads\/1-265.webp","width":1500,"height":1500},{"@type":"BreadcrumbList","@id":"https:\/\/www.bagnoitalia.com\/es\/producto\/mini-whirlpool-210x160-cm-4-5-seats-50-jets-chromotherapy-and-bluetooth-mp70.html#breadcrumb","itemListElement":[{"@type":"ListItem","position":1,"name":"Home","item":"https:\/\/www.bagnoitalia.com\/es"},{"@type":"ListItem","position":2,"name":"Productos","item":"https:\/\/www.bagnoitalia.com\/es\/shop"},{"@type":"ListItem","position":3,"name":"Mini hidromasaje 210&#215;160 cm 4-5 plazas 50 chorros cromoterapia y Bluetooth MP70"}]},{"@type":"WebSite","@id":"https:\/\/www.bagnoitalia.com\/es#website","url":"https:\/\/www.bagnoitalia.com\/es","name":"Bagno Italia","description":"","publisher":{"@id":"https:\/\/www.bagnoitalia.com\/es#organization"},"potentialAction":[{"@type":"SearchAction","target":{"@type":"EntryPoint","urlTemplate":"https:\/\/www.bagnoitalia.com\/es?s={search_term_string}"},"query-input":{"@type":"PropertyValueSpecification","valueRequired":true,"valueName":"search_term_string"}}],"inLanguage":"es"},{"@type":"Organization","@id":"https:\/\/www.bagnoitalia.com\/es#organization","name":"Bagno Italia","url":"https:\/\/www.bagnoitalia.com\/es","logo":{"@type":"ImageObject","inLanguage":"es","@id":"https:\/\/www.bagnoitalia.com\/es#\/schema\/logo\/image\/","url":"https:\/\/img.bagnoitalia.com\/wp-content\/uploads\/logo-bagnoitalia.webp","contentUrl":"https:\/\/img.bagnoitalia.com\/wp-content\/uploads\/logo-bagnoitalia.webp","width":400,"height":70,"caption":"Bagno Italia"},"image":{"@id":"https:\/\/www.bagnoitalia.com\/es#\/schema\/logo\/image\/"}}]}},"_links":{"self":[{"href":"https:\/\/www.bagnoitalia.com\/es\/wp-json\/wp\/v2\/product\/106528","targetHints":{"allow":["GET"]}}],"collection":[{"href":"https:\/\/www.bagnoitalia.com\/es\/wp-json\/wp\/v2\/product"}],"about":[{"href":"https:\/\/www.bagnoitalia.com\/es\/wp-json\/wp\/v2\/types\/product"}],"replies":[{"embeddable":true,"href":"https:\/\/www.bagnoitalia.com\/es\/wp-json\/wp\/v2\/comments?post=106528"}],"version-history":[{"count":2,"href":"https:\/\/www.bagnoitalia.com\/es\/wp-json\/wp\/v2\/product\/106528\/revisions"}],"predecessor-version":[{"id":106531,"href":"https:\/\/www.bagnoitalia.com\/es\/wp-json\/wp\/v2\/product\/106528\/revisions\/106531"}],"wp:featuredmedia":[{"embeddable":true,"href":"https:\/\/www.bagnoitalia.com\/es\/wp-json\/wp\/v2\/media\/106460"}],"wp:attachment":[{"href":"https:\/\/www.bagnoitalia.com\/es\/wp-json\/wp\/v2\/media?parent=106528"}],"wp:term":[{"taxonomy":"product_brand","embeddable":true,"href":"https:\/\/www.bagnoitalia.com\/es\/wp-json\/wp\/v2\/product_brand?post=106528"},{"taxonomy":"product_cat","embeddable":true,"href":"https:\/\/www.bagnoitalia.com\/es\/wp-json\/wp\/v2\/product_cat?post=106528"},{"taxonomy":"product_tag","embeddable":true,"href":"https:\/\/www.bagnoitalia.com\/es\/wp-json\/wp\/v2\/product_tag?post=106528"}],"curies":[{"name":"wp","href":"https:\/\/api.w.org\/{rel}","templated":true}]}}