{"id":105718,"date":"2025-03-31T15:12:57","date_gmt":"2025-03-31T13:12:57","guid":{"rendered":"https:\/\/www.bagnoitalia.com\/120-cm-ariete3-wall-hung-bathroom-furniture-with-washbasin-top-drawers-and-doors-or-compartments.html"},"modified":"2025-03-31T15:17:28","modified_gmt":"2025-03-31T13:17:28","slug":"120-cm-ariete3-wall-hung-bathroom-furniture-with-washbasin-top-drawers-and-doors-or-compartments","status":"publish","type":"product","link":"https:\/\/www.bagnoitalia.com\/es\/producto\/120-cm-ariete3-wall-hung-bathroom-furniture-with-washbasin-top-drawers-and-doors-or-compartments.html","title":{"rendered":"Mueble de ba\u00f1o suspendido Ariete3 de 120 cm con encimera de lavabo, cajones y puertas o compartimentos"},"content":{"rendered":"<p>Mueble de ba\u00f1o &#8216;Ariete3&#8217; de 120 cm con encimera y espejo<\/p>\n<p>&nbsp;<\/p>\n<p>CARACTER\u00cdSTICAS PRINCIPALES<\/p>\n<p>Mueble de ba\u00f1o moderno suspendido de 120 cm<\/p>\n<p>Mueble bajo a elegir entre dos tipos<\/p>\n<p>con 2 cajones centrales y 4 compartimentos laterales abiertos<br \/>\ncon 2 cajones centrales y 2 puertas laterales<\/p>\n<p>5 colores disponibles<\/p>\n<p>blanco mate<br \/>\nroble<br \/>\nnogal<br \/>\nroble azul<br \/>\nnegro mate<\/p>\n<p>SELECCIONE TIPO Y COLOR EN EL MEN\u00da DESPLEGABLE DE ARRIBA<\/p>\n<p>Espejo reversible Filolucido 70&#215;110 cm<\/p>\n<p>Encimera de lavabo de resina blanca mate<\/p>\n<p>Disposici\u00f3n para agujero de grifo<\/p>\n<p>Con agujero rebosadero<\/p>\n<p>Mueble bajo de madera chapada<\/p>\n<p>Apertura caj\u00f3n\/puerta: ranura<\/p>\n<p>Cierre caj\u00f3n\/puerta: soft-close<\/p>\n<p>Profundidad: cm 45,2<\/p>\n<p>Altura: cm 54<\/p>\n<p>&nbsp;<\/p>\n<p>Nota: grifer\u00eda, desag\u00fce y sumidero NO incluidos en el precio<\/p>\n<p>&nbsp;<\/p>\n<p>Mediante el men\u00fa desplegable, tambi\u00e9n es posible a\u00f1adir el aplique LED (cromo o negro) y la columna suspendida a juego de 30xD24xH140 cm<\/p>\n<p>&nbsp;<\/p>\n<p>&nbsp;<\/p>\n<p>&nbsp;<\/p>\n<p>&nbsp;<\/p>\n<p>&nbsp;<\/p>\n<p>&nbsp;<\/p>\n<p>&nbsp;<\/p>\n<p>&nbsp;<\/p>\n<p>&nbsp;<\/p>\n<p>&nbsp;<\/p>\n<p>&nbsp;<\/p>\n<p>&nbsp;<\/p>\n<p>&nbsp;<\/p>\n<p>&nbsp;<\/p>\n<p>&nbsp;<\/p>\n<p>&nbsp;<\/p>\n<p>&nbsp;<\/p>\n<p>&nbsp;<\/p>\n<p>&nbsp;<\/p>\n<p>Anami<\/p>\n<p>&nbsp;<\/p>\n<p>&nbsp;<\/p>\n","protected":false},"excerpt":{"rendered":"<p>Mueble moderno disponible en 5 colores: negro, azul-roble, roble, nogal y blanco. La base del centro tiene 2 cajones, mientras que en los laterales puede elegir entre 2 puertas o 4 compartimentos abiertos (2 a la derecha y 2 a la izquierda). La encimera de resina blanca mate y el espejo est\u00e1n incluidos en el precio. Tambi\u00e9n es posible combinar una columna suspendida y un foco LED para el espejo.<\/p>\n","protected":false},"featured_media":105638,"comment_status":"open","ping_status":"closed","template":"","meta":[],"product_brand":[9884],"product_cat":[9725],"product_tag":[],"class_list":{"0":"post-105718","1":"product","2":"type-product","3":"status-publish","4":"has-post-thumbnail","6":"product_brand-deghi-es","7":"product_cat-mueble-de-bano-de-101-a-220-cm-muebles-modernos","9":"first","10":"instock","11":"sale","12":"taxable","13":"shipping-taxable","14":"purchasable","15":"product-type-simple"},"exclude_global_add_ons":false,"addons":[{"name":"Tipo","type":"multiple_choice","position":0,"required":false,"title_format":"label","default":"","description_enable":false,"description":"","placeholder_enable":false,"placeholder":"","display":"select","restrictions_type":"any_text","adjust_price":false,"price":"","price_type":"flat_fee","restrictions":false,"min":"0","max":"0","options":[{"label":"blanco mate con compartimentos abiertos","price":"","price_type":"flat_fee","image":0,"visibility":true},{"label":"negro mate con compartimentos abiertos","price":"","price_type":"flat_fee","image":0,"visibility":true},{"label":"No disponible - roble con compartimentos abiertos","price":"","price_type":"flat_fee","image":0,"visibility":true},{"label":"nogal con compartimentos abiertos","price":"","price_type":"flat_fee","image":0,"visibility":true},{"label":"roble-azul con compartimentos abiertos","price":"","price_type":"flat_fee","image":0,"visibility":true},{"label":"blanco mate con Puertas","price":"170","price_type":"flat_fee","image":0,"visibility":true},{"label":"negro mate con Puertas","price":"170","price_type":"flat_fee","image":0,"visibility":true},{"label":"roble con Puertas","price":"170","price_type":"flat_fee","image":0,"visibility":true},{"label":"nogal con Puertas","price":"170","price_type":"flat_fee","image":0,"visibility":true},{"label":"roble-azul con Puertas","price":"170","price_type":"flat_fee","image":0,"visibility":true}],"id":1743433978},{"name":"Columna","type":"multiple_choice","position":1,"required":false,"title_format":"label","default":"","description_enable":false,"description":"","placeholder_enable":false,"placeholder":"","display":"select","restrictions_type":"any_text","adjust_price":false,"price":"","price_type":"flat_fee","restrictions":false,"min":"0","max":"0","options":[{"label":"No","price":"","price_type":"flat_fee","image":0,"visibility":true},{"label":"1 columna 30xP24xH140 cm","price":"319","price_type":"flat_fee","image":0,"visibility":true}],"id":1743433979},{"name":"Aplique","type":"multiple_choice","position":2,"required":false,"title_format":"label","default":"","description_enable":false,"description":"","placeholder_enable":false,"placeholder":"","display":"select","restrictions_type":"any_text","adjust_price":false,"price":"","price_type":"flat_fee","restrictions":false,"min":"0","max":"0","options":[{"label":"No","price":"","price_type":"flat_fee","image":0,"visibility":true},{"label":"Foco led cromado","price":"20","price_type":"flat_fee","image":0,"visibility":true},{"label":"Foco led negro mate","price":"25","price_type":"flat_fee","image":0,"visibility":true}],"id":1743433980}],"yoast_head":"<!-- This site is optimized with the Yoast SEO plugin v26.7 - https:\/\/yoast.com\/wordpress\/plugins\/seo\/ -->\n<title>Mueble de ba\u00f1o suspendido Ariete3 de 120 cm con encimera de lavabo, cajones y puertas o compartimentos - Bagno Italia<\/title>\n<meta name=\"robots\" content=\"index, follow, max-snippet:-1, max-image-preview:large, max-video-preview:-1\" \/>\n<link rel=\"canonical\" href=\"https:\/\/www.bagnoitalia.com\/es\/producto\/120-cm-ariete3-wall-hung-bathroom-furniture-with-washbasin-top-drawers-and-doors-or-compartments.html\" \/>\n<meta property=\"og:locale\" content=\"es_ES\" \/>\n<meta property=\"og:type\" content=\"article\" \/>\n<meta property=\"og:title\" content=\"Mueble de ba\u00f1o suspendido Ariete3 de 120 cm con encimera de lavabo, cajones y puertas o compartimentos - Bagno Italia\" \/>\n<meta property=\"og:description\" content=\"Mueble moderno disponible en 5 colores: negro, azul-roble, roble, nogal y blanco. La base del centro tiene 2 cajones, mientras que en los laterales puede elegir entre 2 puertas o 4 compartimentos abiertos (2 a la derecha y 2 a la izquierda). La encimera de resina blanca mate y el espejo est\u00e1n incluidos en el precio. Tambi\u00e9n es posible combinar una columna suspendida y un foco LED para el espejo.\" \/>\n<meta property=\"og:url\" content=\"https:\/\/www.bagnoitalia.com\/es\/producto\/120-cm-ariete3-wall-hung-bathroom-furniture-with-washbasin-top-drawers-and-doors-or-compartments.html\" \/>\n<meta property=\"og:site_name\" content=\"Bagno Italia\" \/>\n<meta property=\"article:modified_time\" content=\"2025-03-31T13:17:28+00:00\" \/>\n<meta property=\"og:image\" content=\"https:\/\/img.bagnoitalia.com\/wp-content\/uploads\/1-250.webp\" \/>\n\t<meta property=\"og:image:width\" content=\"1000\" \/>\n\t<meta property=\"og:image:height\" content=\"1000\" \/>\n\t<meta property=\"og:image:type\" content=\"image\/webp\" \/>\n<meta name=\"twitter:card\" content=\"summary_large_image\" \/>\n<meta name=\"twitter:label1\" content=\"Tiempo de lectura\" \/>\n\t<meta name=\"twitter:data1\" content=\"1 minuto\" \/>\n<script type=\"application\/ld+json\" class=\"yoast-schema-graph\">{\"@context\":\"https:\/\/schema.org\",\"@graph\":[{\"@type\":\"WebPage\",\"@id\":\"https:\/\/www.bagnoitalia.com\/es\/producto\/120-cm-ariete3-wall-hung-bathroom-furniture-with-washbasin-top-drawers-and-doors-or-compartments.html\",\"url\":\"https:\/\/www.bagnoitalia.com\/es\/producto\/120-cm-ariete3-wall-hung-bathroom-furniture-with-washbasin-top-drawers-and-doors-or-compartments.html\",\"name\":\"Mueble de ba\u00f1o suspendido Ariete3 de 120 cm con encimera de lavabo, cajones y puertas o compartimentos - Bagno Italia\",\"isPartOf\":{\"@id\":\"https:\/\/www.bagnoitalia.com\/es#website\"},\"primaryImageOfPage\":{\"@id\":\"https:\/\/www.bagnoitalia.com\/es\/producto\/120-cm-ariete3-wall-hung-bathroom-furniture-with-washbasin-top-drawers-and-doors-or-compartments.html#primaryimage\"},\"image\":{\"@id\":\"https:\/\/www.bagnoitalia.com\/es\/producto\/120-cm-ariete3-wall-hung-bathroom-furniture-with-washbasin-top-drawers-and-doors-or-compartments.html#primaryimage\"},\"thumbnailUrl\":\"https:\/\/img.bagnoitalia.com\/wp-content\/uploads\/1-250.webp\",\"datePublished\":\"2025-03-31T13:12:57+00:00\",\"dateModified\":\"2025-03-31T13:17:28+00:00\",\"breadcrumb\":{\"@id\":\"https:\/\/www.bagnoitalia.com\/es\/producto\/120-cm-ariete3-wall-hung-bathroom-furniture-with-washbasin-top-drawers-and-doors-or-compartments.html#breadcrumb\"},\"inLanguage\":\"es\",\"potentialAction\":[{\"@type\":\"ReadAction\",\"target\":[\"https:\/\/www.bagnoitalia.com\/es\/producto\/120-cm-ariete3-wall-hung-bathroom-furniture-with-washbasin-top-drawers-and-doors-or-compartments.html\"]}]},{\"@type\":\"ImageObject\",\"inLanguage\":\"es\",\"@id\":\"https:\/\/www.bagnoitalia.com\/es\/producto\/120-cm-ariete3-wall-hung-bathroom-furniture-with-washbasin-top-drawers-and-doors-or-compartments.html#primaryimage\",\"url\":\"https:\/\/img.bagnoitalia.com\/wp-content\/uploads\/1-250.webp\",\"contentUrl\":\"https:\/\/img.bagnoitalia.com\/wp-content\/uploads\/1-250.webp\",\"width\":1000,\"height\":1000},{\"@type\":\"BreadcrumbList\",\"@id\":\"https:\/\/www.bagnoitalia.com\/es\/producto\/120-cm-ariete3-wall-hung-bathroom-furniture-with-washbasin-top-drawers-and-doors-or-compartments.html#breadcrumb\",\"itemListElement\":[{\"@type\":\"ListItem\",\"position\":1,\"name\":\"Home\",\"item\":\"https:\/\/www.bagnoitalia.com\/es\"},{\"@type\":\"ListItem\",\"position\":2,\"name\":\"Productos\",\"item\":\"https:\/\/www.bagnoitalia.com\/es\/shop\"},{\"@type\":\"ListItem\",\"position\":3,\"name\":\"Mueble de ba\u00f1o suspendido Ariete3 de 120 cm con encimera de lavabo, cajones y puertas o compartimentos\"}]},{\"@type\":\"WebSite\",\"@id\":\"https:\/\/www.bagnoitalia.com\/es#website\",\"url\":\"https:\/\/www.bagnoitalia.com\/es\",\"name\":\"Bagno Italia\",\"description\":\"\",\"publisher\":{\"@id\":\"https:\/\/www.bagnoitalia.com\/es#organization\"},\"potentialAction\":[{\"@type\":\"SearchAction\",\"target\":{\"@type\":\"EntryPoint\",\"urlTemplate\":\"https:\/\/www.bagnoitalia.com\/es?s={search_term_string}\"},\"query-input\":{\"@type\":\"PropertyValueSpecification\",\"valueRequired\":true,\"valueName\":\"search_term_string\"}}],\"inLanguage\":\"es\"},{\"@type\":\"Organization\",\"@id\":\"https:\/\/www.bagnoitalia.com\/es#organization\",\"name\":\"Bagno Italia\",\"url\":\"https:\/\/www.bagnoitalia.com\/es\",\"logo\":{\"@type\":\"ImageObject\",\"inLanguage\":\"es\",\"@id\":\"https:\/\/www.bagnoitalia.com\/es#\/schema\/logo\/image\/\",\"url\":\"https:\/\/img.bagnoitalia.com\/wp-content\/uploads\/logo-bagnoitalia.webp\",\"contentUrl\":\"https:\/\/img.bagnoitalia.com\/wp-content\/uploads\/logo-bagnoitalia.webp\",\"width\":400,\"height\":70,\"caption\":\"Bagno Italia\"},\"image\":{\"@id\":\"https:\/\/www.bagnoitalia.com\/es#\/schema\/logo\/image\/\"}}]}<\/script>\n<!-- \/ Yoast SEO plugin. -->","yoast_head_json":{"title":"Mueble de ba\u00f1o suspendido Ariete3 de 120 cm con encimera de lavabo, cajones y puertas o compartimentos - Bagno Italia","robots":{"index":"index","follow":"follow","max-snippet":"max-snippet:-1","max-image-preview":"max-image-preview:large","max-video-preview":"max-video-preview:-1"},"canonical":"https:\/\/www.bagnoitalia.com\/es\/producto\/120-cm-ariete3-wall-hung-bathroom-furniture-with-washbasin-top-drawers-and-doors-or-compartments.html","og_locale":"es_ES","og_type":"article","og_title":"Mueble de ba\u00f1o suspendido Ariete3 de 120 cm con encimera de lavabo, cajones y puertas o compartimentos - Bagno Italia","og_description":"Mueble moderno disponible en 5 colores: negro, azul-roble, roble, nogal y blanco. La base del centro tiene 2 cajones, mientras que en los laterales puede elegir entre 2 puertas o 4 compartimentos abiertos (2 a la derecha y 2 a la izquierda). La encimera de resina blanca mate y el espejo est\u00e1n incluidos en el precio. Tambi\u00e9n es posible combinar una columna suspendida y un foco LED para el espejo.","og_url":"https:\/\/www.bagnoitalia.com\/es\/producto\/120-cm-ariete3-wall-hung-bathroom-furniture-with-washbasin-top-drawers-and-doors-or-compartments.html","og_site_name":"Bagno Italia","article_modified_time":"2025-03-31T13:17:28+00:00","og_image":[{"width":1000,"height":1000,"url":"https:\/\/img.bagnoitalia.com\/wp-content\/uploads\/1-250.webp","type":"image\/webp"}],"twitter_card":"summary_large_image","twitter_misc":{"Tiempo de lectura":"1 minuto"},"schema":{"@context":"https:\/\/schema.org","@graph":[{"@type":"WebPage","@id":"https:\/\/www.bagnoitalia.com\/es\/producto\/120-cm-ariete3-wall-hung-bathroom-furniture-with-washbasin-top-drawers-and-doors-or-compartments.html","url":"https:\/\/www.bagnoitalia.com\/es\/producto\/120-cm-ariete3-wall-hung-bathroom-furniture-with-washbasin-top-drawers-and-doors-or-compartments.html","name":"Mueble de ba\u00f1o suspendido Ariete3 de 120 cm con encimera de lavabo, cajones y puertas o compartimentos - Bagno Italia","isPartOf":{"@id":"https:\/\/www.bagnoitalia.com\/es#website"},"primaryImageOfPage":{"@id":"https:\/\/www.bagnoitalia.com\/es\/producto\/120-cm-ariete3-wall-hung-bathroom-furniture-with-washbasin-top-drawers-and-doors-or-compartments.html#primaryimage"},"image":{"@id":"https:\/\/www.bagnoitalia.com\/es\/producto\/120-cm-ariete3-wall-hung-bathroom-furniture-with-washbasin-top-drawers-and-doors-or-compartments.html#primaryimage"},"thumbnailUrl":"https:\/\/img.bagnoitalia.com\/wp-content\/uploads\/1-250.webp","datePublished":"2025-03-31T13:12:57+00:00","dateModified":"2025-03-31T13:17:28+00:00","breadcrumb":{"@id":"https:\/\/www.bagnoitalia.com\/es\/producto\/120-cm-ariete3-wall-hung-bathroom-furniture-with-washbasin-top-drawers-and-doors-or-compartments.html#breadcrumb"},"inLanguage":"es","potentialAction":[{"@type":"ReadAction","target":["https:\/\/www.bagnoitalia.com\/es\/producto\/120-cm-ariete3-wall-hung-bathroom-furniture-with-washbasin-top-drawers-and-doors-or-compartments.html"]}]},{"@type":"ImageObject","inLanguage":"es","@id":"https:\/\/www.bagnoitalia.com\/es\/producto\/120-cm-ariete3-wall-hung-bathroom-furniture-with-washbasin-top-drawers-and-doors-or-compartments.html#primaryimage","url":"https:\/\/img.bagnoitalia.com\/wp-content\/uploads\/1-250.webp","contentUrl":"https:\/\/img.bagnoitalia.com\/wp-content\/uploads\/1-250.webp","width":1000,"height":1000},{"@type":"BreadcrumbList","@id":"https:\/\/www.bagnoitalia.com\/es\/producto\/120-cm-ariete3-wall-hung-bathroom-furniture-with-washbasin-top-drawers-and-doors-or-compartments.html#breadcrumb","itemListElement":[{"@type":"ListItem","position":1,"name":"Home","item":"https:\/\/www.bagnoitalia.com\/es"},{"@type":"ListItem","position":2,"name":"Productos","item":"https:\/\/www.bagnoitalia.com\/es\/shop"},{"@type":"ListItem","position":3,"name":"Mueble de ba\u00f1o suspendido Ariete3 de 120 cm con encimera de lavabo, cajones y puertas o compartimentos"}]},{"@type":"WebSite","@id":"https:\/\/www.bagnoitalia.com\/es#website","url":"https:\/\/www.bagnoitalia.com\/es","name":"Bagno Italia","description":"","publisher":{"@id":"https:\/\/www.bagnoitalia.com\/es#organization"},"potentialAction":[{"@type":"SearchAction","target":{"@type":"EntryPoint","urlTemplate":"https:\/\/www.bagnoitalia.com\/es?s={search_term_string}"},"query-input":{"@type":"PropertyValueSpecification","valueRequired":true,"valueName":"search_term_string"}}],"inLanguage":"es"},{"@type":"Organization","@id":"https:\/\/www.bagnoitalia.com\/es#organization","name":"Bagno Italia","url":"https:\/\/www.bagnoitalia.com\/es","logo":{"@type":"ImageObject","inLanguage":"es","@id":"https:\/\/www.bagnoitalia.com\/es#\/schema\/logo\/image\/","url":"https:\/\/img.bagnoitalia.com\/wp-content\/uploads\/logo-bagnoitalia.webp","contentUrl":"https:\/\/img.bagnoitalia.com\/wp-content\/uploads\/logo-bagnoitalia.webp","width":400,"height":70,"caption":"Bagno Italia"},"image":{"@id":"https:\/\/www.bagnoitalia.com\/es#\/schema\/logo\/image\/"}}]}},"_links":{"self":[{"href":"https:\/\/www.bagnoitalia.com\/es\/wp-json\/wp\/v2\/product\/105718","targetHints":{"allow":["GET"]}}],"collection":[{"href":"https:\/\/www.bagnoitalia.com\/es\/wp-json\/wp\/v2\/product"}],"about":[{"href":"https:\/\/www.bagnoitalia.com\/es\/wp-json\/wp\/v2\/types\/product"}],"replies":[{"embeddable":true,"href":"https:\/\/www.bagnoitalia.com\/es\/wp-json\/wp\/v2\/comments?post=105718"}],"version-history":[{"count":2,"href":"https:\/\/www.bagnoitalia.com\/es\/wp-json\/wp\/v2\/product\/105718\/revisions"}],"predecessor-version":[{"id":105722,"href":"https:\/\/www.bagnoitalia.com\/es\/wp-json\/wp\/v2\/product\/105718\/revisions\/105722"}],"wp:featuredmedia":[{"embeddable":true,"href":"https:\/\/www.bagnoitalia.com\/es\/wp-json\/wp\/v2\/media\/105638"}],"wp:attachment":[{"href":"https:\/\/www.bagnoitalia.com\/es\/wp-json\/wp\/v2\/media?parent=105718"}],"wp:term":[{"taxonomy":"product_brand","embeddable":true,"href":"https:\/\/www.bagnoitalia.com\/es\/wp-json\/wp\/v2\/product_brand?post=105718"},{"taxonomy":"product_cat","embeddable":true,"href":"https:\/\/www.bagnoitalia.com\/es\/wp-json\/wp\/v2\/product_cat?post=105718"},{"taxonomy":"product_tag","embeddable":true,"href":"https:\/\/www.bagnoitalia.com\/es\/wp-json\/wp\/v2\/product_tag?post=105718"}],"curies":[{"name":"wp","href":"https:\/\/api.w.org\/{rel}","templated":true}]}}