{"id":105380,"date":"2025-03-26T15:50:05","date_gmt":"2025-03-26T14:50:05","guid":{"rendered":"https:\/\/www.bagnoitalia.com\/base-unit-for-double-washbasin-luke2-120-or-140-cm-in-9-colours-4-drawers-mirror-included.html"},"modified":"2025-03-26T15:54:45","modified_gmt":"2025-03-26T14:54:45","slug":"base-unit-for-double-washbasin-luke2-120-or-140-cm-in-9-colours-4-drawers-mirror-included","status":"publish","type":"product","link":"https:\/\/www.bagnoitalia.com\/es\/producto\/base-unit-for-double-washbasin-luke2-120-or-140-cm-in-9-colours-4-drawers-mirror-included.html","title":{"rendered":"Mueble bajo para lavabo doble Luke2 120 o 140 cm en 9 colores 4 cajones espejo incluido"},"content":{"rendered":"<p>Mueble lavabo &#8216;Luke2&#8217; 120 \u00f3 140 cm<\/p>\n<p>&nbsp;<\/p>\n<p>&nbsp;<\/p>\n<p>&nbsp;<\/p>\n<p>&nbsp;<\/p>\n<p>PRINCIPALES CARACTER\u00cdSTICAS DEL PRODUCTO<\/p>\n<p>Mueble bajo de ba\u00f1o moderno, adecuado para lavabos sobre encimera<\/p>\n<p>Instalaci\u00f3n suspendida<\/p>\n<p>Consta de 4 cajones<\/p>\n<p>Tipos disponibles<\/p>\n<p>120cm blanco mate con espejo RECTANGULAR 70x110cm<br \/>\n120cm negro mate con espejo RECTANGULAR 70x110cm<br \/>\n120cm nogal con 70x110cm espejo RECTANGULAR<br \/>\n120cm azul mate con 70x110cm espejo RECTANGULAR<br \/>\n120cm roble con 2 espejos OVALADOS de 50x100cm<br \/>\n120cm blanco mate con tapa de roble y 2 espejos OVALADOS de 50&#215;100 cm<br \/>\n120cm azul mate con tapa de roble y 2 espejos OVALADOS de 50&#215;100 cm<br \/>\n120cm negro mate con tapa de roble y 2 espejos OVAL de 50&#215;100 cm<br \/>\n120cm nogal con tapa de roble y 2 espejos OVAL de 50&#215;100 cm<br \/>\n140cm blanco mate con 70x120cm espejo RECTANGULAR<br \/>\n140cm negro mate con 70x120cm espejo RECTANGULAR<br \/>\n140 cm nogal con 70x120cm espejo RECTANGULAR<br \/>\n140cm azul mate con 70x120cm espejo RECTANGULAR<br \/>\n140cm roble con 2 espejos OVALADOS de 50x100cm<br \/>\n140cm blanco mate con tapa de roble y 2 espejos OVALADOS de 50&#215;100 cm<br \/>\n140cm azul mate con tapa de roble y 2 espejos OVALADOS de 50&#215;100 cm<br \/>\n140cm negro mate con tapa de roble y 2 espejos OVAL de 50&#215;100 cm<br \/>\n140cm nogal con tapa de roble y 2 espejos OVAL 50&#215;100 cm<\/p>\n<p>SELECCIONE EN EL MEN\u00da DESPLEGABLE DE ARRIBA EL TIPO<\/p>\n<p>ATENCI\u00d3N: los lavabos y grifos NO est\u00e1n incluidos en el precio<\/p>\n<p>Haga clic aqu\u00ed para ver los lavabos de encimera a juego<\/p>\n<p>Espejo filolucido y reversible<\/p>\n<p>Instalaci\u00f3n suspendida<\/p>\n<p>Cajones sin tirador (apertura ranurada)<\/p>\n<p>Cierre lento (soft-close)<\/p>\n<p>Estructura de madera revestida de melamina<\/p>\n<p>La columna NO est\u00e1 incluida en el precio, se puede a\u00f1adir utilizando el men\u00fa desplegable (tama\u00f1o 30xD24xH140 cm)<\/p>\n<p>&nbsp;<\/p>\n<p>&nbsp;<\/p>\n<p>&nbsp;<\/p>\n<p>&nbsp;<\/p>\n<p>&nbsp;<\/p>\n<p>&nbsp;<\/p>\n<p>&nbsp;<\/p>\n<p>&nbsp;<\/p>\n<p>&nbsp;<\/p>\n<p>&nbsp;<\/p>\n<p>&nbsp;<\/p>\n<p>&nbsp;<\/p>\n<p>&nbsp;<\/p>\n<p>&nbsp;<\/p>\n<p>&nbsp;<\/p>\n<p>&nbsp;<\/p>\n<p>&nbsp;<\/p>\n<p>&nbsp;<\/p>\n<p>&nbsp;<\/p>\n<p>&nbsp;<\/p>\n<p>&nbsp;<\/p>\n<p>&nbsp;<\/p>\n<p>&nbsp;<\/p>\n<p>&nbsp;<\/p>\n<p>&nbsp;<\/p>\n<p>&nbsp;<\/p>\n<p>&nbsp;<\/p>\n<p>Anami<\/p>\n<p>&nbsp;<\/p>\n<p>&nbsp;<\/p>\n","protected":false},"excerpt":{"rendered":"<p>Mueble de ba\u00f1o moderno para instalaci\u00f3n suspendida, ideal para 2 lavabos de encimera. Colores a elegir: blanco, negro, roble, azul, nogal, blanco con encimera de roble, azul con encimera de roble, negro con encimera de roble, nogal con encimera de roble. Consta de 4 cajones, con doble espejo ovalado para muebles con encimera de roble, y un espejo rectangular para otros muebles. Los lavabos NO est\u00e1n incluidos.<\/p>\n<p>&nbsp;<\/p>\n","protected":false},"featured_media":105316,"comment_status":"open","ping_status":"closed","template":"","meta":[],"product_brand":[9883],"product_cat":[9705],"product_tag":[],"class_list":{"0":"post-105380","1":"product","2":"type-product","3":"status-publish","4":"has-post-thumbnail","6":"product_brand-deghi-de","7":"product_cat-muebles-de-bano-con-doble-lavabo","9":"first","10":"instock","11":"sale","12":"taxable","13":"shipping-taxable","14":"purchasable","15":"product-type-simple"},"exclude_global_add_ons":false,"addons":[{"name":"Tipo","type":"multiple_choice","position":0,"required":false,"title_format":"label","default":"","description_enable":false,"description":"","placeholder_enable":false,"placeholder":"","display":"select","restrictions_type":"any_text","adjust_price":false,"price":"","price_type":"flat_fee","restrictions":false,"min":"0","max":"0","options":[{"label":"120 cm blanco mate","price":"","price_type":"flat_fee","image":0,"visibility":true},{"label":"120 cm negro mate","price":"","price_type":"flat_fee","image":0,"visibility":true},{"label":"120 cm nogal","price":"","price_type":"flat_fee","image":0,"visibility":true},{"label":"120 cm azul mate","price":"","price_type":"flat_fee","image":0,"visibility":true},{"label":"120 cm roble","price":"","price_type":"flat_fee","image":0,"visibility":true},{"label":"120 cm roble-blanco","price":"","price_type":"flat_fee","image":0,"visibility":true},{"label":"120 cm polvo-azul","price":"","price_type":"flat_fee","image":0,"visibility":true},{"label":"120 cm negro-polvo","price":"","price_type":"flat_fee","image":0,"visibility":true},{"label":"120 cm nogal-polvo","price":"","price_type":"flat_fee","image":0,"visibility":true},{"label":"140 cm blanco mate","price":"60","price_type":"flat_fee","image":0,"visibility":true},{"label":"140 cm negro mate","price":"60","price_type":"flat_fee","image":0,"visibility":true},{"label":"140 cm nogal","price":"60","price_type":"flat_fee","image":0,"visibility":true},{"label":"140 cm azul mate","price":"60","price_type":"flat_fee","image":0,"visibility":true},{"label":"140 cm roble","price":"60","price_type":"flat_fee","image":0,"visibility":true},{"label":"140 cm roble-blanco","price":"60","price_type":"flat_fee","image":0,"visibility":true},{"label":"140 cm polvo-azul","price":"60","price_type":"flat_fee","image":0,"visibility":true},{"label":"140 cm negro-polvo","price":"60","price_type":"flat_fee","image":0,"visibility":true},{"label":"140 cm nogal-polvo","price":"60","price_type":"flat_fee","image":0,"visibility":true}],"id":1743004207},{"name":"Columna","type":"multiple_choice","position":1,"required":false,"title_format":"label","default":"","description_enable":false,"description":"","placeholder_enable":false,"placeholder":"","display":"select","restrictions_type":"any_text","adjust_price":false,"price":"","price_type":"flat_fee","restrictions":false,"min":"0","max":"0","options":[{"label":"No","price":"","price_type":"flat_fee","image":0,"visibility":true},{"label":"1 columna 30xP24xH140 cm","price":"319","price_type":"flat_fee","image":0,"visibility":true}],"id":1743004208}],"yoast_head":"<!-- This site is optimized with the Yoast SEO plugin v26.7 - https:\/\/yoast.com\/wordpress\/plugins\/seo\/ -->\n<title>Mueble bajo para lavabo doble Luke2 120 o 140 cm en 9 colores 4 cajones espejo incluido - Bagno Italia<\/title>\n<meta name=\"robots\" content=\"index, follow, max-snippet:-1, max-image-preview:large, max-video-preview:-1\" \/>\n<link rel=\"canonical\" href=\"https:\/\/www.bagnoitalia.com\/es\/producto\/base-unit-for-double-washbasin-luke2-120-or-140-cm-in-9-colours-4-drawers-mirror-included.html\" \/>\n<meta property=\"og:locale\" content=\"es_ES\" \/>\n<meta property=\"og:type\" content=\"article\" \/>\n<meta property=\"og:title\" content=\"Mueble bajo para lavabo doble Luke2 120 o 140 cm en 9 colores 4 cajones espejo incluido - Bagno Italia\" \/>\n<meta property=\"og:description\" content=\"Mueble de ba\u00f1o moderno para instalaci\u00f3n suspendida, ideal para 2 lavabos de encimera. Colores a elegir: blanco, negro, roble, azul, nogal, blanco con encimera de roble, azul con encimera de roble, negro con encimera de roble, nogal con encimera de roble. Consta de 4 cajones, con doble espejo ovalado para muebles con encimera de roble, y un espejo rectangular para otros muebles. Los lavabos NO est\u00e1n incluidos.  &nbsp;\" \/>\n<meta property=\"og:url\" content=\"https:\/\/www.bagnoitalia.com\/es\/producto\/base-unit-for-double-washbasin-luke2-120-or-140-cm-in-9-colours-4-drawers-mirror-included.html\" \/>\n<meta property=\"og:site_name\" content=\"Bagno Italia\" \/>\n<meta property=\"article:modified_time\" content=\"2025-03-26T14:54:45+00:00\" \/>\n<meta property=\"og:image\" content=\"https:\/\/img.bagnoitalia.com\/wp-content\/uploads\/1-247.webp\" \/>\n\t<meta property=\"og:image:width\" content=\"1000\" \/>\n\t<meta property=\"og:image:height\" content=\"1000\" \/>\n\t<meta property=\"og:image:type\" content=\"image\/webp\" \/>\n<meta name=\"twitter:card\" content=\"summary_large_image\" \/>\n<meta name=\"twitter:label1\" content=\"Tiempo de lectura\" \/>\n\t<meta name=\"twitter:data1\" content=\"2 minutos\" \/>\n<script type=\"application\/ld+json\" class=\"yoast-schema-graph\">{\"@context\":\"https:\/\/schema.org\",\"@graph\":[{\"@type\":\"WebPage\",\"@id\":\"https:\/\/www.bagnoitalia.com\/es\/producto\/base-unit-for-double-washbasin-luke2-120-or-140-cm-in-9-colours-4-drawers-mirror-included.html\",\"url\":\"https:\/\/www.bagnoitalia.com\/es\/producto\/base-unit-for-double-washbasin-luke2-120-or-140-cm-in-9-colours-4-drawers-mirror-included.html\",\"name\":\"Mueble bajo para lavabo doble Luke2 120 o 140 cm en 9 colores 4 cajones espejo incluido - Bagno Italia\",\"isPartOf\":{\"@id\":\"https:\/\/www.bagnoitalia.com\/es#website\"},\"primaryImageOfPage\":{\"@id\":\"https:\/\/www.bagnoitalia.com\/es\/producto\/base-unit-for-double-washbasin-luke2-120-or-140-cm-in-9-colours-4-drawers-mirror-included.html#primaryimage\"},\"image\":{\"@id\":\"https:\/\/www.bagnoitalia.com\/es\/producto\/base-unit-for-double-washbasin-luke2-120-or-140-cm-in-9-colours-4-drawers-mirror-included.html#primaryimage\"},\"thumbnailUrl\":\"https:\/\/img.bagnoitalia.com\/wp-content\/uploads\/1-247.webp\",\"datePublished\":\"2025-03-26T14:50:05+00:00\",\"dateModified\":\"2025-03-26T14:54:45+00:00\",\"breadcrumb\":{\"@id\":\"https:\/\/www.bagnoitalia.com\/es\/producto\/base-unit-for-double-washbasin-luke2-120-or-140-cm-in-9-colours-4-drawers-mirror-included.html#breadcrumb\"},\"inLanguage\":\"es\",\"potentialAction\":[{\"@type\":\"ReadAction\",\"target\":[\"https:\/\/www.bagnoitalia.com\/es\/producto\/base-unit-for-double-washbasin-luke2-120-or-140-cm-in-9-colours-4-drawers-mirror-included.html\"]}]},{\"@type\":\"ImageObject\",\"inLanguage\":\"es\",\"@id\":\"https:\/\/www.bagnoitalia.com\/es\/producto\/base-unit-for-double-washbasin-luke2-120-or-140-cm-in-9-colours-4-drawers-mirror-included.html#primaryimage\",\"url\":\"https:\/\/img.bagnoitalia.com\/wp-content\/uploads\/1-247.webp\",\"contentUrl\":\"https:\/\/img.bagnoitalia.com\/wp-content\/uploads\/1-247.webp\",\"width\":1000,\"height\":1000},{\"@type\":\"BreadcrumbList\",\"@id\":\"https:\/\/www.bagnoitalia.com\/es\/producto\/base-unit-for-double-washbasin-luke2-120-or-140-cm-in-9-colours-4-drawers-mirror-included.html#breadcrumb\",\"itemListElement\":[{\"@type\":\"ListItem\",\"position\":1,\"name\":\"Home\",\"item\":\"https:\/\/www.bagnoitalia.com\/es\"},{\"@type\":\"ListItem\",\"position\":2,\"name\":\"Productos\",\"item\":\"https:\/\/www.bagnoitalia.com\/es\/shop\"},{\"@type\":\"ListItem\",\"position\":3,\"name\":\"Mueble bajo para lavabo doble Luke2 120 o 140 cm en 9 colores 4 cajones espejo incluido\"}]},{\"@type\":\"WebSite\",\"@id\":\"https:\/\/www.bagnoitalia.com\/es#website\",\"url\":\"https:\/\/www.bagnoitalia.com\/es\",\"name\":\"Bagno Italia\",\"description\":\"\",\"publisher\":{\"@id\":\"https:\/\/www.bagnoitalia.com\/es#organization\"},\"potentialAction\":[{\"@type\":\"SearchAction\",\"target\":{\"@type\":\"EntryPoint\",\"urlTemplate\":\"https:\/\/www.bagnoitalia.com\/es?s={search_term_string}\"},\"query-input\":{\"@type\":\"PropertyValueSpecification\",\"valueRequired\":true,\"valueName\":\"search_term_string\"}}],\"inLanguage\":\"es\"},{\"@type\":\"Organization\",\"@id\":\"https:\/\/www.bagnoitalia.com\/es#organization\",\"name\":\"Bagno Italia\",\"url\":\"https:\/\/www.bagnoitalia.com\/es\",\"logo\":{\"@type\":\"ImageObject\",\"inLanguage\":\"es\",\"@id\":\"https:\/\/www.bagnoitalia.com\/es#\/schema\/logo\/image\/\",\"url\":\"https:\/\/img.bagnoitalia.com\/wp-content\/uploads\/logo-bagnoitalia.webp\",\"contentUrl\":\"https:\/\/img.bagnoitalia.com\/wp-content\/uploads\/logo-bagnoitalia.webp\",\"width\":400,\"height\":70,\"caption\":\"Bagno Italia\"},\"image\":{\"@id\":\"https:\/\/www.bagnoitalia.com\/es#\/schema\/logo\/image\/\"}}]}<\/script>\n<!-- \/ Yoast SEO plugin. -->","yoast_head_json":{"title":"Mueble bajo para lavabo doble Luke2 120 o 140 cm en 9 colores 4 cajones espejo incluido - Bagno Italia","robots":{"index":"index","follow":"follow","max-snippet":"max-snippet:-1","max-image-preview":"max-image-preview:large","max-video-preview":"max-video-preview:-1"},"canonical":"https:\/\/www.bagnoitalia.com\/es\/producto\/base-unit-for-double-washbasin-luke2-120-or-140-cm-in-9-colours-4-drawers-mirror-included.html","og_locale":"es_ES","og_type":"article","og_title":"Mueble bajo para lavabo doble Luke2 120 o 140 cm en 9 colores 4 cajones espejo incluido - Bagno Italia","og_description":"Mueble de ba\u00f1o moderno para instalaci\u00f3n suspendida, ideal para 2 lavabos de encimera. Colores a elegir: blanco, negro, roble, azul, nogal, blanco con encimera de roble, azul con encimera de roble, negro con encimera de roble, nogal con encimera de roble. Consta de 4 cajones, con doble espejo ovalado para muebles con encimera de roble, y un espejo rectangular para otros muebles. Los lavabos NO est\u00e1n incluidos.  &nbsp;","og_url":"https:\/\/www.bagnoitalia.com\/es\/producto\/base-unit-for-double-washbasin-luke2-120-or-140-cm-in-9-colours-4-drawers-mirror-included.html","og_site_name":"Bagno Italia","article_modified_time":"2025-03-26T14:54:45+00:00","og_image":[{"width":1000,"height":1000,"url":"https:\/\/img.bagnoitalia.com\/wp-content\/uploads\/1-247.webp","type":"image\/webp"}],"twitter_card":"summary_large_image","twitter_misc":{"Tiempo de lectura":"2 minutos"},"schema":{"@context":"https:\/\/schema.org","@graph":[{"@type":"WebPage","@id":"https:\/\/www.bagnoitalia.com\/es\/producto\/base-unit-for-double-washbasin-luke2-120-or-140-cm-in-9-colours-4-drawers-mirror-included.html","url":"https:\/\/www.bagnoitalia.com\/es\/producto\/base-unit-for-double-washbasin-luke2-120-or-140-cm-in-9-colours-4-drawers-mirror-included.html","name":"Mueble bajo para lavabo doble Luke2 120 o 140 cm en 9 colores 4 cajones espejo incluido - Bagno Italia","isPartOf":{"@id":"https:\/\/www.bagnoitalia.com\/es#website"},"primaryImageOfPage":{"@id":"https:\/\/www.bagnoitalia.com\/es\/producto\/base-unit-for-double-washbasin-luke2-120-or-140-cm-in-9-colours-4-drawers-mirror-included.html#primaryimage"},"image":{"@id":"https:\/\/www.bagnoitalia.com\/es\/producto\/base-unit-for-double-washbasin-luke2-120-or-140-cm-in-9-colours-4-drawers-mirror-included.html#primaryimage"},"thumbnailUrl":"https:\/\/img.bagnoitalia.com\/wp-content\/uploads\/1-247.webp","datePublished":"2025-03-26T14:50:05+00:00","dateModified":"2025-03-26T14:54:45+00:00","breadcrumb":{"@id":"https:\/\/www.bagnoitalia.com\/es\/producto\/base-unit-for-double-washbasin-luke2-120-or-140-cm-in-9-colours-4-drawers-mirror-included.html#breadcrumb"},"inLanguage":"es","potentialAction":[{"@type":"ReadAction","target":["https:\/\/www.bagnoitalia.com\/es\/producto\/base-unit-for-double-washbasin-luke2-120-or-140-cm-in-9-colours-4-drawers-mirror-included.html"]}]},{"@type":"ImageObject","inLanguage":"es","@id":"https:\/\/www.bagnoitalia.com\/es\/producto\/base-unit-for-double-washbasin-luke2-120-or-140-cm-in-9-colours-4-drawers-mirror-included.html#primaryimage","url":"https:\/\/img.bagnoitalia.com\/wp-content\/uploads\/1-247.webp","contentUrl":"https:\/\/img.bagnoitalia.com\/wp-content\/uploads\/1-247.webp","width":1000,"height":1000},{"@type":"BreadcrumbList","@id":"https:\/\/www.bagnoitalia.com\/es\/producto\/base-unit-for-double-washbasin-luke2-120-or-140-cm-in-9-colours-4-drawers-mirror-included.html#breadcrumb","itemListElement":[{"@type":"ListItem","position":1,"name":"Home","item":"https:\/\/www.bagnoitalia.com\/es"},{"@type":"ListItem","position":2,"name":"Productos","item":"https:\/\/www.bagnoitalia.com\/es\/shop"},{"@type":"ListItem","position":3,"name":"Mueble bajo para lavabo doble Luke2 120 o 140 cm en 9 colores 4 cajones espejo incluido"}]},{"@type":"WebSite","@id":"https:\/\/www.bagnoitalia.com\/es#website","url":"https:\/\/www.bagnoitalia.com\/es","name":"Bagno Italia","description":"","publisher":{"@id":"https:\/\/www.bagnoitalia.com\/es#organization"},"potentialAction":[{"@type":"SearchAction","target":{"@type":"EntryPoint","urlTemplate":"https:\/\/www.bagnoitalia.com\/es?s={search_term_string}"},"query-input":{"@type":"PropertyValueSpecification","valueRequired":true,"valueName":"search_term_string"}}],"inLanguage":"es"},{"@type":"Organization","@id":"https:\/\/www.bagnoitalia.com\/es#organization","name":"Bagno Italia","url":"https:\/\/www.bagnoitalia.com\/es","logo":{"@type":"ImageObject","inLanguage":"es","@id":"https:\/\/www.bagnoitalia.com\/es#\/schema\/logo\/image\/","url":"https:\/\/img.bagnoitalia.com\/wp-content\/uploads\/logo-bagnoitalia.webp","contentUrl":"https:\/\/img.bagnoitalia.com\/wp-content\/uploads\/logo-bagnoitalia.webp","width":400,"height":70,"caption":"Bagno Italia"},"image":{"@id":"https:\/\/www.bagnoitalia.com\/es#\/schema\/logo\/image\/"}}]}},"_links":{"self":[{"href":"https:\/\/www.bagnoitalia.com\/es\/wp-json\/wp\/v2\/product\/105380","targetHints":{"allow":["GET"]}}],"collection":[{"href":"https:\/\/www.bagnoitalia.com\/es\/wp-json\/wp\/v2\/product"}],"about":[{"href":"https:\/\/www.bagnoitalia.com\/es\/wp-json\/wp\/v2\/types\/product"}],"replies":[{"embeddable":true,"href":"https:\/\/www.bagnoitalia.com\/es\/wp-json\/wp\/v2\/comments?post=105380"}],"version-history":[{"count":2,"href":"https:\/\/www.bagnoitalia.com\/es\/wp-json\/wp\/v2\/product\/105380\/revisions"}],"predecessor-version":[{"id":105384,"href":"https:\/\/www.bagnoitalia.com\/es\/wp-json\/wp\/v2\/product\/105380\/revisions\/105384"}],"wp:featuredmedia":[{"embeddable":true,"href":"https:\/\/www.bagnoitalia.com\/es\/wp-json\/wp\/v2\/media\/105316"}],"wp:attachment":[{"href":"https:\/\/www.bagnoitalia.com\/es\/wp-json\/wp\/v2\/media?parent=105380"}],"wp:term":[{"taxonomy":"product_brand","embeddable":true,"href":"https:\/\/www.bagnoitalia.com\/es\/wp-json\/wp\/v2\/product_brand?post=105380"},{"taxonomy":"product_cat","embeddable":true,"href":"https:\/\/www.bagnoitalia.com\/es\/wp-json\/wp\/v2\/product_cat?post=105380"},{"taxonomy":"product_tag","embeddable":true,"href":"https:\/\/www.bagnoitalia.com\/es\/wp-json\/wp\/v2\/product_tag?post=105380"}],"curies":[{"name":"wp","href":"https:\/\/api.w.org\/{rel}","templated":true}]}}