{"id":104623,"date":"2025-03-20T10:09:49","date_gmt":"2025-03-20T09:09:49","guid":{"rendered":"https:\/\/www.bagnoitalia.com\/ariel-90-or-100-cm-wall-mounted-bathroom-furniture-2-drawers-1-door-washbasin-right-or-left-and-mirror.html"},"modified":"2025-03-20T10:16:00","modified_gmt":"2025-03-20T09:16:00","slug":"ariel-90-or-100-cm-wall-mounted-bathroom-furniture-2-drawers-1-door-washbasin-right-or-left-and-mirror","status":"publish","type":"product","link":"https:\/\/www.bagnoitalia.com\/es\/producto\/ariel-90-or-100-cm-wall-mounted-bathroom-furniture-2-drawers-1-door-washbasin-right-or-left-and-mirror.html","title":{"rendered":"Ariel 90 o 100 cm mueble de ba\u00f1o suspendido 2 cajones 1 puerta lavabo derecha o izquierda y espejo"},"content":{"rendered":"<p>Ariel &#8216; mueble de ba\u00f1o con lavabo a la derecha o a la izquierda<\/p>\n<p>&nbsp;<\/p>\n<p>TIPOS DISPONIBLES<\/p>\n<p>Mueble de ba\u00f1o disponible a partir de<\/p>\n<p>90 cm con espejo 70&#215;90 cm<br \/>\n100 cm con espejo 70&#215;100 cm<\/p>\n<p>Versiones disponibles:<\/p>\n<p>IZQUIERDA: con cubeta de lavabo (y cajones) a la izquierda<br \/>\nDERECHA: con cubeta de lavabo (y cajones) a la derecha<\/p>\n<p>5 Colores disponibles<\/p>\n<p>azul-roble<br \/>\nblanco mate<br \/>\nroble<br \/>\nnogal<br \/>\nnegro mate<\/p>\n<p>SELECCIONE EL TAMA\u00d1O, LA VERSI\u00d3N Y EL COLOR EN EL MEN\u00da DESPLEGABLE DE ARRIBA<\/p>\n<p>&nbsp;<\/p>\n<p>M\u00c1S DETALLES DEL PRODUCTO<\/p>\n<p>Mueble de ba\u00f1o suspendido<\/p>\n<p>Profundidad: cm 45,2<\/p>\n<p>Altura: 54 cm<\/p>\n<p>Compuesto por dos cajones y una puerta<\/p>\n<p>Lavabo de cer\u00e1mica blanca brillante<\/p>\n<p>Con orificio para mezclador<\/p>\n<p>Con agujero rebosadero<\/p>\n<p>Espejo filolucido reversible<\/p>\n<p>Base de madera chapada<\/p>\n<p>Apertura caj\u00f3n\/puerta: ranura<\/p>\n<p>Cierre de caj\u00f3n\/puerta: soft-close<\/p>\n<p>&nbsp;<\/p>\n<p>&nbsp;<\/p>\n<p>&nbsp;<\/p>\n<p>&nbsp;<\/p>\n<p>Nota: grifer\u00eda, desag\u00fce y sumidero NO incluidos en el precio<\/p>\n<p>&nbsp;<\/p>\n<p>Mediante el men\u00fa desplegable, tambi\u00e9n es posible a\u00f1adir el aplique LED (cromo o negro) y la columna suspendida a juego de 30xD24xH140 cm<\/p>\n<p>&nbsp;<\/p>\n<p>&nbsp;<\/p>\n<p>&nbsp;<\/p>\n<p>&nbsp;<\/p>\n<p>&nbsp;<\/p>\n<p>&nbsp;<\/p>\n<p>&nbsp;<\/p>\n<p>&nbsp;<\/p>\n<p>&nbsp;<\/p>\n<p>&nbsp;<\/p>\n<p>&nbsp;<\/p>\n<p>&nbsp;<\/p>\n<p>&nbsp;<\/p>\n<p>&nbsp;<\/p>\n<p>&nbsp;<\/p>\n<p>&nbsp;<\/p>\n<p>&nbsp;<\/p>\n<p>&nbsp;<\/p>\n<p>&nbsp;<\/p>\n<p>Anami<\/p>\n<p>&nbsp;<\/p>\n<p>&nbsp;<\/p>\n","protected":false},"excerpt":{"rendered":"<p>Mueble moderno para instalaci\u00f3n suspendida, compuesto por 2 cajones y una puerta, disponible en 2 tama\u00f1os y en versi\u00f3n derecha o izquierda. Base en varios colores a elegir: blanco, azul-roble, negro, roble, nogal. El lavabo de cer\u00e1mica blanca brillante y el espejo est\u00e1n incluidos en el precio. Tambi\u00e9n es posible combinar una columna suspendida.<\/p>\n","protected":false},"featured_media":104515,"comment_status":"open","ping_status":"closed","template":"","meta":[],"product_brand":[5006],"product_cat":[9721],"product_tag":[],"class_list":{"0":"post-104623","1":"product","2":"type-product","3":"status-publish","4":"has-post-thumbnail","6":"product_brand-deghi","7":"product_cat-mueble-de-bano-de-71-a-100-cm-muebles-modernos","9":"first","10":"instock","11":"sale","12":"taxable","13":"shipping-taxable","14":"purchasable","15":"product-type-simple"},"exclude_global_add_ons":false,"addons":[{"name":"Tipo","type":"multiple_choice","position":0,"required":false,"title_format":"label","default":"","description_enable":false,"description":"","placeholder_enable":false,"placeholder":"","display":"select","restrictions_type":"any_text","adjust_price":false,"price":"","price_type":"flat_fee","restrictions":false,"min":"0","max":"0","options":[{"label":"90 cm blanco mate Versi\u00f3n DERECHA","price":"","price_type":"flat_fee","image":0,"visibility":true},{"label":"90 cm blanco mate versi\u00f3n IZQUIERDA","price":"","price_type":"flat_fee","image":0,"visibility":true},{"label":"90 cm roble versi\u00f3n DERECHA","price":"","price_type":"flat_fee","image":0,"visibility":true},{"label":"90 cm roble, versi\u00f3n IZQUIERDA","price":"","price_type":"flat_fee","image":0,"visibility":true},{"label":"90 cm nogal versi\u00f3n DERECHA","price":"","price_type":"flat_fee","image":0,"visibility":true},{"label":"90 cm nogal versi\u00f3n IZQUIERDA","price":"","price_type":"flat_fee","image":0,"visibility":true},{"label":"90 cm roble-azul versi\u00f3n DERECHA","price":"","price_type":"flat_fee","image":0,"visibility":true},{"label":"90 cm roble azul versi\u00f3n IZQUIERDA","price":"","price_type":"flat_fee","image":0,"visibility":true},{"label":"90 cm negro mate versi\u00f3n DERECHA","price":"","price_type":"flat_fee","image":0,"visibility":true},{"label":"90 cm negro mate versi\u00f3n IZQUIERDA","price":"","price_type":"flat_fee","image":0,"visibility":true},{"label":"100 cm blanco mate versi\u00f3n DERECHA","price":"40","price_type":"flat_fee","image":0,"visibility":true},{"label":"100 cm blanco mate versi\u00f3n IZQUIERDA","price":"40","price_type":"flat_fee","image":0,"visibility":true},{"label":"100 cm roble versi\u00f3n DERECHA","price":"40","price_type":"flat_fee","image":0,"visibility":true},{"label":"100 cm roble versi\u00f3n IZQUIERDA","price":"40","price_type":"flat_fee","image":0,"visibility":true},{"label":"100 cm nogal versi\u00f3n DERECHA","price":"40","price_type":"flat_fee","image":0,"visibility":true},{"label":"100 cm nogal versi\u00f3n IZQUIERDA","price":"40","price_type":"flat_fee","image":0,"visibility":true},{"label":"100 cm roble azul versi\u00f3n DERECHA","price":"40","price_type":"flat_fee","image":0,"visibility":true},{"label":"100 cm roble azul versi\u00f3n IZQUIERDA","price":"40","price_type":"flat_fee","image":0,"visibility":true},{"label":"100 cm negro mate versi\u00f3n DERECHA","price":"40","price_type":"flat_fee","image":0,"visibility":true},{"label":"100 cm negro mate versi\u00f3n IZQUIERDA","price":"40","price_type":"flat_fee","image":0,"visibility":true}],"id":1742465390},{"name":"Columna","type":"multiple_choice","position":1,"required":false,"title_format":"label","default":"","description_enable":false,"description":"","placeholder_enable":false,"placeholder":"","display":"select","restrictions_type":"any_text","adjust_price":false,"price":"","price_type":"flat_fee","restrictions":false,"min":"0","max":"0","options":[{"label":"No","price":"","price_type":"flat_fee","image":0,"visibility":true},{"label":"1 columna 30xP24xH140 cm","price":"319","price_type":"flat_fee","image":0,"visibility":true}],"id":1742465391},{"name":"Aplique","type":"multiple_choice","position":2,"required":false,"title_format":"label","default":"","description_enable":false,"description":"","placeholder_enable":false,"placeholder":"","display":"select","restrictions_type":"any_text","adjust_price":false,"price":"","price_type":"flat_fee","restrictions":false,"min":"0","max":"0","options":[{"label":"No","price":"","price_type":"flat_fee","image":0,"visibility":true},{"label":"Foco led cromado","price":"20","price_type":"flat_fee","image":0,"visibility":true},{"label":"Foco led negro mate","price":"25","price_type":"flat_fee","image":0,"visibility":true}],"id":1742465392}],"yoast_head":"<!-- This site is optimized with the Yoast SEO plugin v26.7 - https:\/\/yoast.com\/wordpress\/plugins\/seo\/ -->\n<title>Ariel 90 o 100 cm mueble de ba\u00f1o suspendido 2 cajones 1 puerta lavabo derecha o izquierda y espejo - Bagno Italia<\/title>\n<meta name=\"robots\" content=\"index, follow, max-snippet:-1, max-image-preview:large, max-video-preview:-1\" \/>\n<link rel=\"canonical\" href=\"https:\/\/www.bagnoitalia.com\/es\/producto\/ariel-90-or-100-cm-wall-mounted-bathroom-furniture-2-drawers-1-door-washbasin-right-or-left-and-mirror.html\" \/>\n<meta property=\"og:locale\" content=\"es_ES\" \/>\n<meta property=\"og:type\" content=\"article\" \/>\n<meta property=\"og:title\" content=\"Ariel 90 o 100 cm mueble de ba\u00f1o suspendido 2 cajones 1 puerta lavabo derecha o izquierda y espejo - Bagno Italia\" \/>\n<meta property=\"og:description\" content=\"Mueble moderno para instalaci\u00f3n suspendida, compuesto por 2 cajones y una puerta, disponible en 2 tama\u00f1os y en versi\u00f3n derecha o izquierda. Base en varios colores a elegir: blanco, azul-roble, negro, roble, nogal. El lavabo de cer\u00e1mica blanca brillante y el espejo est\u00e1n incluidos en el precio. Tambi\u00e9n es posible combinar una columna suspendida.\" \/>\n<meta property=\"og:url\" content=\"https:\/\/www.bagnoitalia.com\/es\/producto\/ariel-90-or-100-cm-wall-mounted-bathroom-furniture-2-drawers-1-door-washbasin-right-or-left-and-mirror.html\" \/>\n<meta property=\"og:site_name\" content=\"Bagno Italia\" \/>\n<meta property=\"article:modified_time\" content=\"2025-03-20T09:16:00+00:00\" \/>\n<meta property=\"og:image\" content=\"https:\/\/img.bagnoitalia.com\/wp-content\/uploads\/1-238.webp\" \/>\n\t<meta property=\"og:image:width\" content=\"1000\" \/>\n\t<meta property=\"og:image:height\" content=\"1000\" \/>\n\t<meta property=\"og:image:type\" content=\"image\/webp\" \/>\n<meta name=\"twitter:card\" content=\"summary_large_image\" \/>\n<meta name=\"twitter:label1\" content=\"Tiempo de lectura\" \/>\n\t<meta name=\"twitter:data1\" content=\"1 minuto\" \/>\n<script type=\"application\/ld+json\" class=\"yoast-schema-graph\">{\"@context\":\"https:\/\/schema.org\",\"@graph\":[{\"@type\":\"WebPage\",\"@id\":\"https:\/\/www.bagnoitalia.com\/es\/producto\/ariel-90-or-100-cm-wall-mounted-bathroom-furniture-2-drawers-1-door-washbasin-right-or-left-and-mirror.html\",\"url\":\"https:\/\/www.bagnoitalia.com\/es\/producto\/ariel-90-or-100-cm-wall-mounted-bathroom-furniture-2-drawers-1-door-washbasin-right-or-left-and-mirror.html\",\"name\":\"Ariel 90 o 100 cm mueble de ba\u00f1o suspendido 2 cajones 1 puerta lavabo derecha o izquierda y espejo - Bagno Italia\",\"isPartOf\":{\"@id\":\"https:\/\/www.bagnoitalia.com\/es#website\"},\"primaryImageOfPage\":{\"@id\":\"https:\/\/www.bagnoitalia.com\/es\/producto\/ariel-90-or-100-cm-wall-mounted-bathroom-furniture-2-drawers-1-door-washbasin-right-or-left-and-mirror.html#primaryimage\"},\"image\":{\"@id\":\"https:\/\/www.bagnoitalia.com\/es\/producto\/ariel-90-or-100-cm-wall-mounted-bathroom-furniture-2-drawers-1-door-washbasin-right-or-left-and-mirror.html#primaryimage\"},\"thumbnailUrl\":\"https:\/\/img.bagnoitalia.com\/wp-content\/uploads\/1-238.webp\",\"datePublished\":\"2025-03-20T09:09:49+00:00\",\"dateModified\":\"2025-03-20T09:16:00+00:00\",\"breadcrumb\":{\"@id\":\"https:\/\/www.bagnoitalia.com\/es\/producto\/ariel-90-or-100-cm-wall-mounted-bathroom-furniture-2-drawers-1-door-washbasin-right-or-left-and-mirror.html#breadcrumb\"},\"inLanguage\":\"es\",\"potentialAction\":[{\"@type\":\"ReadAction\",\"target\":[\"https:\/\/www.bagnoitalia.com\/es\/producto\/ariel-90-or-100-cm-wall-mounted-bathroom-furniture-2-drawers-1-door-washbasin-right-or-left-and-mirror.html\"]}]},{\"@type\":\"ImageObject\",\"inLanguage\":\"es\",\"@id\":\"https:\/\/www.bagnoitalia.com\/es\/producto\/ariel-90-or-100-cm-wall-mounted-bathroom-furniture-2-drawers-1-door-washbasin-right-or-left-and-mirror.html#primaryimage\",\"url\":\"https:\/\/img.bagnoitalia.com\/wp-content\/uploads\/1-238.webp\",\"contentUrl\":\"https:\/\/img.bagnoitalia.com\/wp-content\/uploads\/1-238.webp\",\"width\":1000,\"height\":1000},{\"@type\":\"BreadcrumbList\",\"@id\":\"https:\/\/www.bagnoitalia.com\/es\/producto\/ariel-90-or-100-cm-wall-mounted-bathroom-furniture-2-drawers-1-door-washbasin-right-or-left-and-mirror.html#breadcrumb\",\"itemListElement\":[{\"@type\":\"ListItem\",\"position\":1,\"name\":\"Home\",\"item\":\"https:\/\/www.bagnoitalia.com\/es\"},{\"@type\":\"ListItem\",\"position\":2,\"name\":\"Productos\",\"item\":\"https:\/\/www.bagnoitalia.com\/es\/shop\"},{\"@type\":\"ListItem\",\"position\":3,\"name\":\"Ariel 90 o 100 cm mueble de ba\u00f1o suspendido 2 cajones 1 puerta lavabo derecha o izquierda y espejo\"}]},{\"@type\":\"WebSite\",\"@id\":\"https:\/\/www.bagnoitalia.com\/es#website\",\"url\":\"https:\/\/www.bagnoitalia.com\/es\",\"name\":\"Bagno Italia\",\"description\":\"\",\"publisher\":{\"@id\":\"https:\/\/www.bagnoitalia.com\/es#organization\"},\"potentialAction\":[{\"@type\":\"SearchAction\",\"target\":{\"@type\":\"EntryPoint\",\"urlTemplate\":\"https:\/\/www.bagnoitalia.com\/es?s={search_term_string}\"},\"query-input\":{\"@type\":\"PropertyValueSpecification\",\"valueRequired\":true,\"valueName\":\"search_term_string\"}}],\"inLanguage\":\"es\"},{\"@type\":\"Organization\",\"@id\":\"https:\/\/www.bagnoitalia.com\/es#organization\",\"name\":\"Bagno Italia\",\"url\":\"https:\/\/www.bagnoitalia.com\/es\",\"logo\":{\"@type\":\"ImageObject\",\"inLanguage\":\"es\",\"@id\":\"https:\/\/www.bagnoitalia.com\/es#\/schema\/logo\/image\/\",\"url\":\"https:\/\/img.bagnoitalia.com\/wp-content\/uploads\/logo-bagnoitalia.webp\",\"contentUrl\":\"https:\/\/img.bagnoitalia.com\/wp-content\/uploads\/logo-bagnoitalia.webp\",\"width\":400,\"height\":70,\"caption\":\"Bagno Italia\"},\"image\":{\"@id\":\"https:\/\/www.bagnoitalia.com\/es#\/schema\/logo\/image\/\"}}]}<\/script>\n<!-- \/ Yoast SEO plugin. -->","yoast_head_json":{"title":"Ariel 90 o 100 cm mueble de ba\u00f1o suspendido 2 cajones 1 puerta lavabo derecha o izquierda y espejo - Bagno Italia","robots":{"index":"index","follow":"follow","max-snippet":"max-snippet:-1","max-image-preview":"max-image-preview:large","max-video-preview":"max-video-preview:-1"},"canonical":"https:\/\/www.bagnoitalia.com\/es\/producto\/ariel-90-or-100-cm-wall-mounted-bathroom-furniture-2-drawers-1-door-washbasin-right-or-left-and-mirror.html","og_locale":"es_ES","og_type":"article","og_title":"Ariel 90 o 100 cm mueble de ba\u00f1o suspendido 2 cajones 1 puerta lavabo derecha o izquierda y espejo - Bagno Italia","og_description":"Mueble moderno para instalaci\u00f3n suspendida, compuesto por 2 cajones y una puerta, disponible en 2 tama\u00f1os y en versi\u00f3n derecha o izquierda. Base en varios colores a elegir: blanco, azul-roble, negro, roble, nogal. El lavabo de cer\u00e1mica blanca brillante y el espejo est\u00e1n incluidos en el precio. Tambi\u00e9n es posible combinar una columna suspendida.","og_url":"https:\/\/www.bagnoitalia.com\/es\/producto\/ariel-90-or-100-cm-wall-mounted-bathroom-furniture-2-drawers-1-door-washbasin-right-or-left-and-mirror.html","og_site_name":"Bagno Italia","article_modified_time":"2025-03-20T09:16:00+00:00","og_image":[{"width":1000,"height":1000,"url":"https:\/\/img.bagnoitalia.com\/wp-content\/uploads\/1-238.webp","type":"image\/webp"}],"twitter_card":"summary_large_image","twitter_misc":{"Tiempo de lectura":"1 minuto"},"schema":{"@context":"https:\/\/schema.org","@graph":[{"@type":"WebPage","@id":"https:\/\/www.bagnoitalia.com\/es\/producto\/ariel-90-or-100-cm-wall-mounted-bathroom-furniture-2-drawers-1-door-washbasin-right-or-left-and-mirror.html","url":"https:\/\/www.bagnoitalia.com\/es\/producto\/ariel-90-or-100-cm-wall-mounted-bathroom-furniture-2-drawers-1-door-washbasin-right-or-left-and-mirror.html","name":"Ariel 90 o 100 cm mueble de ba\u00f1o suspendido 2 cajones 1 puerta lavabo derecha o izquierda y espejo - Bagno Italia","isPartOf":{"@id":"https:\/\/www.bagnoitalia.com\/es#website"},"primaryImageOfPage":{"@id":"https:\/\/www.bagnoitalia.com\/es\/producto\/ariel-90-or-100-cm-wall-mounted-bathroom-furniture-2-drawers-1-door-washbasin-right-or-left-and-mirror.html#primaryimage"},"image":{"@id":"https:\/\/www.bagnoitalia.com\/es\/producto\/ariel-90-or-100-cm-wall-mounted-bathroom-furniture-2-drawers-1-door-washbasin-right-or-left-and-mirror.html#primaryimage"},"thumbnailUrl":"https:\/\/img.bagnoitalia.com\/wp-content\/uploads\/1-238.webp","datePublished":"2025-03-20T09:09:49+00:00","dateModified":"2025-03-20T09:16:00+00:00","breadcrumb":{"@id":"https:\/\/www.bagnoitalia.com\/es\/producto\/ariel-90-or-100-cm-wall-mounted-bathroom-furniture-2-drawers-1-door-washbasin-right-or-left-and-mirror.html#breadcrumb"},"inLanguage":"es","potentialAction":[{"@type":"ReadAction","target":["https:\/\/www.bagnoitalia.com\/es\/producto\/ariel-90-or-100-cm-wall-mounted-bathroom-furniture-2-drawers-1-door-washbasin-right-or-left-and-mirror.html"]}]},{"@type":"ImageObject","inLanguage":"es","@id":"https:\/\/www.bagnoitalia.com\/es\/producto\/ariel-90-or-100-cm-wall-mounted-bathroom-furniture-2-drawers-1-door-washbasin-right-or-left-and-mirror.html#primaryimage","url":"https:\/\/img.bagnoitalia.com\/wp-content\/uploads\/1-238.webp","contentUrl":"https:\/\/img.bagnoitalia.com\/wp-content\/uploads\/1-238.webp","width":1000,"height":1000},{"@type":"BreadcrumbList","@id":"https:\/\/www.bagnoitalia.com\/es\/producto\/ariel-90-or-100-cm-wall-mounted-bathroom-furniture-2-drawers-1-door-washbasin-right-or-left-and-mirror.html#breadcrumb","itemListElement":[{"@type":"ListItem","position":1,"name":"Home","item":"https:\/\/www.bagnoitalia.com\/es"},{"@type":"ListItem","position":2,"name":"Productos","item":"https:\/\/www.bagnoitalia.com\/es\/shop"},{"@type":"ListItem","position":3,"name":"Ariel 90 o 100 cm mueble de ba\u00f1o suspendido 2 cajones 1 puerta lavabo derecha o izquierda y espejo"}]},{"@type":"WebSite","@id":"https:\/\/www.bagnoitalia.com\/es#website","url":"https:\/\/www.bagnoitalia.com\/es","name":"Bagno Italia","description":"","publisher":{"@id":"https:\/\/www.bagnoitalia.com\/es#organization"},"potentialAction":[{"@type":"SearchAction","target":{"@type":"EntryPoint","urlTemplate":"https:\/\/www.bagnoitalia.com\/es?s={search_term_string}"},"query-input":{"@type":"PropertyValueSpecification","valueRequired":true,"valueName":"search_term_string"}}],"inLanguage":"es"},{"@type":"Organization","@id":"https:\/\/www.bagnoitalia.com\/es#organization","name":"Bagno Italia","url":"https:\/\/www.bagnoitalia.com\/es","logo":{"@type":"ImageObject","inLanguage":"es","@id":"https:\/\/www.bagnoitalia.com\/es#\/schema\/logo\/image\/","url":"https:\/\/img.bagnoitalia.com\/wp-content\/uploads\/logo-bagnoitalia.webp","contentUrl":"https:\/\/img.bagnoitalia.com\/wp-content\/uploads\/logo-bagnoitalia.webp","width":400,"height":70,"caption":"Bagno Italia"},"image":{"@id":"https:\/\/www.bagnoitalia.com\/es#\/schema\/logo\/image\/"}}]}},"_links":{"self":[{"href":"https:\/\/www.bagnoitalia.com\/es\/wp-json\/wp\/v2\/product\/104623","targetHints":{"allow":["GET"]}}],"collection":[{"href":"https:\/\/www.bagnoitalia.com\/es\/wp-json\/wp\/v2\/product"}],"about":[{"href":"https:\/\/www.bagnoitalia.com\/es\/wp-json\/wp\/v2\/types\/product"}],"replies":[{"embeddable":true,"href":"https:\/\/www.bagnoitalia.com\/es\/wp-json\/wp\/v2\/comments?post=104623"}],"version-history":[{"count":2,"href":"https:\/\/www.bagnoitalia.com\/es\/wp-json\/wp\/v2\/product\/104623\/revisions"}],"predecessor-version":[{"id":104627,"href":"https:\/\/www.bagnoitalia.com\/es\/wp-json\/wp\/v2\/product\/104623\/revisions\/104627"}],"wp:featuredmedia":[{"embeddable":true,"href":"https:\/\/www.bagnoitalia.com\/es\/wp-json\/wp\/v2\/media\/104515"}],"wp:attachment":[{"href":"https:\/\/www.bagnoitalia.com\/es\/wp-json\/wp\/v2\/media?parent=104623"}],"wp:term":[{"taxonomy":"product_brand","embeddable":true,"href":"https:\/\/www.bagnoitalia.com\/es\/wp-json\/wp\/v2\/product_brand?post=104623"},{"taxonomy":"product_cat","embeddable":true,"href":"https:\/\/www.bagnoitalia.com\/es\/wp-json\/wp\/v2\/product_cat?post=104623"},{"taxonomy":"product_tag","embeddable":true,"href":"https:\/\/www.bagnoitalia.com\/es\/wp-json\/wp\/v2\/product_tag?post=104623"}],"curies":[{"name":"wp","href":"https:\/\/api.w.org\/{rel}","templated":true}]}}