{"id":103979,"date":"2025-03-14T15:25:44","date_gmt":"2025-03-14T14:25:44","guid":{"rendered":"https:\/\/www.bagnoitalia.com\/oval-freestanding-bathtub-170x80-cm-modern-design-white-vs167.html"},"modified":"2025-03-14T15:27:36","modified_gmt":"2025-03-14T14:27:36","slug":"oval-freestanding-bathtub-170x80-cm-modern-design-white-vs167","status":"publish","type":"product","link":"https:\/\/www.bagnoitalia.com\/es\/producto\/oval-freestanding-bathtub-170x80-cm-modern-design-white-vs167.html","title":{"rendered":"Ba\u00f1era exenta ovalada 170&#215;80 cm dise\u00f1o moderno blanco VS167"},"content":{"rendered":"<p>&nbsp;<\/p>\n<p>BA\u00d1ERA OVALADA 170&#215;80 cm &#8216;VS167<\/p>\n<p>&nbsp;<\/p>\n<p>&nbsp;<\/p>\n<p>&nbsp;<\/p>\n<p>&nbsp;<\/p>\n<p>CARACTER\u00cdSTICAS<\/p>\n<p>Ba\u00f1era exenta<\/p>\n<p>Medidas: 170xP80xAl60 cm<\/p>\n<p>Con bordes redondeados<\/p>\n<p>Adecuada para el centro de la habitaci\u00f3n<\/p>\n<p>De acr\u00edlico blanco de doble pared<\/p>\n<p>Completo con desag\u00fce y rebosadero<\/p>\n<p>Capacidad: 263 litros<\/p>\n<p>&nbsp;<\/p>\n<p>&nbsp;<\/p>\n<p>&nbsp;<\/p>\n<p>&nbsp;<\/p>\n<p>NB: la grifer\u00eda no est\u00e1 incluida en el precio, es posible a\u00f1adir un mezclador de columna en el men\u00fa desplegable de arriba<\/p>\n<p>&nbsp;<\/p>\n<p>&nbsp;<\/p>\n<p>&nbsp;<\/p>\n<p>&nbsp;<\/p>\n<p>&nbsp;<\/p>\n<p>&nbsp;<\/p>\n<p>&nbsp;<\/p>\n<p>&nbsp;<\/p>\n<p>&nbsp;<\/p>\n<p>&nbsp;<\/p>\n<p>&nbsp;<\/p>\n<p>&nbsp;<\/p>\n<p>&nbsp;<\/p>\n<p>&nbsp;<\/p>\n<p>&nbsp;<\/p>\n<p>&nbsp;<\/p>\n<p>&nbsp;<\/p>\n<p>&nbsp;<\/p>\n<p>&nbsp;<\/p>\n<p>&nbsp;<\/p>\n<p>&nbsp;<\/p>\n<p>&nbsp;<\/p>\n<p>&nbsp;<\/p>\n<p>&nbsp;<\/p>\n<p>G9021<\/p>\n<p>&nbsp;<\/p>\n<p>&nbsp;<\/p>\n","protected":false},"excerpt":{"rendered":"<p>Ba\u00f1era con bordes redondeados, adecuada para instalaci\u00f3n independiente. Es posible a\u00f1adir un accesorio de columna a la ba\u00f1era, disponible en varios tipos.<\/p>\n","protected":false},"featured_media":103951,"comment_status":"open","ping_status":"closed","template":"","meta":[],"product_brand":[9944],"product_cat":[9841],"product_tag":[],"class_list":{"0":"post-103979","1":"product","2":"type-product","3":"status-publish","4":"has-post-thumbnail","6":"product_brand-sanotechnik-italia-es","7":"product_cat-bano-independiente","9":"first","10":"instock","11":"sale","12":"taxable","13":"shipping-taxable","14":"purchasable","15":"product-type-simple"},"exclude_global_add_ons":false,"addons":[{"name":"Mezclador","type":"multiple_choice","position":0,"required":false,"title_format":"label","default":"","description_enable":false,"description":"","placeholder_enable":false,"placeholder":"","display":"select","restrictions_type":"any_text","adjust_price":false,"price":"","price_type":"flat_fee","restrictions":false,"min":"0","max":"0","options":[{"label":"No","price":"","price_type":"flat_fee","image":0,"visibility":true},{"label":"GL03","price":"279","price_type":"flat_fee","image":0,"visibility":true},{"label":"GL04 - negro mate","price":"319","price_type":"flat_fee","image":0,"visibility":true},{"label":"GL02","price":"279","price_type":"flat_fee","image":0,"visibility":true},{"label":"GL016","price":"279","price_type":"flat_fee","image":0,"visibility":true}],"id":1741965945}],"yoast_head":"<!-- This site is optimized with the Yoast SEO plugin v26.7 - https:\/\/yoast.com\/wordpress\/plugins\/seo\/ -->\n<title>Ba\u00f1era exenta ovalada 170x80 cm dise\u00f1o moderno blanco VS167 - Bagno Italia<\/title>\n<meta name=\"robots\" content=\"index, follow, max-snippet:-1, max-image-preview:large, max-video-preview:-1\" \/>\n<link rel=\"canonical\" href=\"https:\/\/www.bagnoitalia.com\/es\/producto\/oval-freestanding-bathtub-170x80-cm-modern-design-white-vs167.html\" \/>\n<meta property=\"og:locale\" content=\"es_ES\" \/>\n<meta property=\"og:type\" content=\"article\" \/>\n<meta property=\"og:title\" content=\"Ba\u00f1era exenta ovalada 170x80 cm dise\u00f1o moderno blanco VS167 - Bagno Italia\" \/>\n<meta property=\"og:description\" content=\"Ba\u00f1era con bordes redondeados, adecuada para instalaci\u00f3n independiente. Es posible a\u00f1adir un accesorio de columna a la ba\u00f1era, disponible en varios tipos.\" \/>\n<meta property=\"og:url\" content=\"https:\/\/www.bagnoitalia.com\/es\/producto\/oval-freestanding-bathtub-170x80-cm-modern-design-white-vs167.html\" \/>\n<meta property=\"og:site_name\" content=\"Bagno Italia\" \/>\n<meta property=\"article:modified_time\" content=\"2025-03-14T14:27:36+00:00\" \/>\n<meta property=\"og:image\" content=\"https:\/\/img.bagnoitalia.com\/wp-content\/uploads\/1-230.webp\" \/>\n\t<meta property=\"og:image:width\" content=\"600\" \/>\n\t<meta property=\"og:image:height\" content=\"600\" \/>\n\t<meta property=\"og:image:type\" content=\"image\/webp\" \/>\n<meta name=\"twitter:card\" content=\"summary_large_image\" \/>\n<meta name=\"twitter:label1\" content=\"Tiempo de lectura\" \/>\n\t<meta name=\"twitter:data1\" content=\"1 minuto\" \/>\n<script type=\"application\/ld+json\" class=\"yoast-schema-graph\">{\"@context\":\"https:\/\/schema.org\",\"@graph\":[{\"@type\":\"WebPage\",\"@id\":\"https:\/\/www.bagnoitalia.com\/es\/producto\/oval-freestanding-bathtub-170x80-cm-modern-design-white-vs167.html\",\"url\":\"https:\/\/www.bagnoitalia.com\/es\/producto\/oval-freestanding-bathtub-170x80-cm-modern-design-white-vs167.html\",\"name\":\"Ba\u00f1era exenta ovalada 170x80 cm dise\u00f1o moderno blanco VS167 - Bagno Italia\",\"isPartOf\":{\"@id\":\"https:\/\/www.bagnoitalia.com\/es#website\"},\"primaryImageOfPage\":{\"@id\":\"https:\/\/www.bagnoitalia.com\/es\/producto\/oval-freestanding-bathtub-170x80-cm-modern-design-white-vs167.html#primaryimage\"},\"image\":{\"@id\":\"https:\/\/www.bagnoitalia.com\/es\/producto\/oval-freestanding-bathtub-170x80-cm-modern-design-white-vs167.html#primaryimage\"},\"thumbnailUrl\":\"https:\/\/img.bagnoitalia.com\/wp-content\/uploads\/1-230.webp\",\"datePublished\":\"2025-03-14T14:25:44+00:00\",\"dateModified\":\"2025-03-14T14:27:36+00:00\",\"breadcrumb\":{\"@id\":\"https:\/\/www.bagnoitalia.com\/es\/producto\/oval-freestanding-bathtub-170x80-cm-modern-design-white-vs167.html#breadcrumb\"},\"inLanguage\":\"es\",\"potentialAction\":[{\"@type\":\"ReadAction\",\"target\":[\"https:\/\/www.bagnoitalia.com\/es\/producto\/oval-freestanding-bathtub-170x80-cm-modern-design-white-vs167.html\"]}]},{\"@type\":\"ImageObject\",\"inLanguage\":\"es\",\"@id\":\"https:\/\/www.bagnoitalia.com\/es\/producto\/oval-freestanding-bathtub-170x80-cm-modern-design-white-vs167.html#primaryimage\",\"url\":\"https:\/\/img.bagnoitalia.com\/wp-content\/uploads\/1-230.webp\",\"contentUrl\":\"https:\/\/img.bagnoitalia.com\/wp-content\/uploads\/1-230.webp\",\"width\":600,\"height\":600},{\"@type\":\"BreadcrumbList\",\"@id\":\"https:\/\/www.bagnoitalia.com\/es\/producto\/oval-freestanding-bathtub-170x80-cm-modern-design-white-vs167.html#breadcrumb\",\"itemListElement\":[{\"@type\":\"ListItem\",\"position\":1,\"name\":\"Home\",\"item\":\"https:\/\/www.bagnoitalia.com\/es\"},{\"@type\":\"ListItem\",\"position\":2,\"name\":\"Productos\",\"item\":\"https:\/\/www.bagnoitalia.com\/es\/shop\"},{\"@type\":\"ListItem\",\"position\":3,\"name\":\"Ba\u00f1era exenta ovalada 170&#215;80 cm dise\u00f1o moderno blanco VS167\"}]},{\"@type\":\"WebSite\",\"@id\":\"https:\/\/www.bagnoitalia.com\/es#website\",\"url\":\"https:\/\/www.bagnoitalia.com\/es\",\"name\":\"Bagno Italia\",\"description\":\"\",\"publisher\":{\"@id\":\"https:\/\/www.bagnoitalia.com\/es#organization\"},\"potentialAction\":[{\"@type\":\"SearchAction\",\"target\":{\"@type\":\"EntryPoint\",\"urlTemplate\":\"https:\/\/www.bagnoitalia.com\/es?s={search_term_string}\"},\"query-input\":{\"@type\":\"PropertyValueSpecification\",\"valueRequired\":true,\"valueName\":\"search_term_string\"}}],\"inLanguage\":\"es\"},{\"@type\":\"Organization\",\"@id\":\"https:\/\/www.bagnoitalia.com\/es#organization\",\"name\":\"Bagno Italia\",\"url\":\"https:\/\/www.bagnoitalia.com\/es\",\"logo\":{\"@type\":\"ImageObject\",\"inLanguage\":\"es\",\"@id\":\"https:\/\/www.bagnoitalia.com\/es#\/schema\/logo\/image\/\",\"url\":\"https:\/\/img.bagnoitalia.com\/wp-content\/uploads\/logo-bagnoitalia.webp\",\"contentUrl\":\"https:\/\/img.bagnoitalia.com\/wp-content\/uploads\/logo-bagnoitalia.webp\",\"width\":400,\"height\":70,\"caption\":\"Bagno Italia\"},\"image\":{\"@id\":\"https:\/\/www.bagnoitalia.com\/es#\/schema\/logo\/image\/\"}}]}<\/script>\n<!-- \/ Yoast SEO plugin. -->","yoast_head_json":{"title":"Ba\u00f1era exenta ovalada 170x80 cm dise\u00f1o moderno blanco VS167 - Bagno Italia","robots":{"index":"index","follow":"follow","max-snippet":"max-snippet:-1","max-image-preview":"max-image-preview:large","max-video-preview":"max-video-preview:-1"},"canonical":"https:\/\/www.bagnoitalia.com\/es\/producto\/oval-freestanding-bathtub-170x80-cm-modern-design-white-vs167.html","og_locale":"es_ES","og_type":"article","og_title":"Ba\u00f1era exenta ovalada 170x80 cm dise\u00f1o moderno blanco VS167 - Bagno Italia","og_description":"Ba\u00f1era con bordes redondeados, adecuada para instalaci\u00f3n independiente. Es posible a\u00f1adir un accesorio de columna a la ba\u00f1era, disponible en varios tipos.","og_url":"https:\/\/www.bagnoitalia.com\/es\/producto\/oval-freestanding-bathtub-170x80-cm-modern-design-white-vs167.html","og_site_name":"Bagno Italia","article_modified_time":"2025-03-14T14:27:36+00:00","og_image":[{"width":600,"height":600,"url":"https:\/\/img.bagnoitalia.com\/wp-content\/uploads\/1-230.webp","type":"image\/webp"}],"twitter_card":"summary_large_image","twitter_misc":{"Tiempo de lectura":"1 minuto"},"schema":{"@context":"https:\/\/schema.org","@graph":[{"@type":"WebPage","@id":"https:\/\/www.bagnoitalia.com\/es\/producto\/oval-freestanding-bathtub-170x80-cm-modern-design-white-vs167.html","url":"https:\/\/www.bagnoitalia.com\/es\/producto\/oval-freestanding-bathtub-170x80-cm-modern-design-white-vs167.html","name":"Ba\u00f1era exenta ovalada 170x80 cm dise\u00f1o moderno blanco VS167 - Bagno Italia","isPartOf":{"@id":"https:\/\/www.bagnoitalia.com\/es#website"},"primaryImageOfPage":{"@id":"https:\/\/www.bagnoitalia.com\/es\/producto\/oval-freestanding-bathtub-170x80-cm-modern-design-white-vs167.html#primaryimage"},"image":{"@id":"https:\/\/www.bagnoitalia.com\/es\/producto\/oval-freestanding-bathtub-170x80-cm-modern-design-white-vs167.html#primaryimage"},"thumbnailUrl":"https:\/\/img.bagnoitalia.com\/wp-content\/uploads\/1-230.webp","datePublished":"2025-03-14T14:25:44+00:00","dateModified":"2025-03-14T14:27:36+00:00","breadcrumb":{"@id":"https:\/\/www.bagnoitalia.com\/es\/producto\/oval-freestanding-bathtub-170x80-cm-modern-design-white-vs167.html#breadcrumb"},"inLanguage":"es","potentialAction":[{"@type":"ReadAction","target":["https:\/\/www.bagnoitalia.com\/es\/producto\/oval-freestanding-bathtub-170x80-cm-modern-design-white-vs167.html"]}]},{"@type":"ImageObject","inLanguage":"es","@id":"https:\/\/www.bagnoitalia.com\/es\/producto\/oval-freestanding-bathtub-170x80-cm-modern-design-white-vs167.html#primaryimage","url":"https:\/\/img.bagnoitalia.com\/wp-content\/uploads\/1-230.webp","contentUrl":"https:\/\/img.bagnoitalia.com\/wp-content\/uploads\/1-230.webp","width":600,"height":600},{"@type":"BreadcrumbList","@id":"https:\/\/www.bagnoitalia.com\/es\/producto\/oval-freestanding-bathtub-170x80-cm-modern-design-white-vs167.html#breadcrumb","itemListElement":[{"@type":"ListItem","position":1,"name":"Home","item":"https:\/\/www.bagnoitalia.com\/es"},{"@type":"ListItem","position":2,"name":"Productos","item":"https:\/\/www.bagnoitalia.com\/es\/shop"},{"@type":"ListItem","position":3,"name":"Ba\u00f1era exenta ovalada 170&#215;80 cm dise\u00f1o moderno blanco VS167"}]},{"@type":"WebSite","@id":"https:\/\/www.bagnoitalia.com\/es#website","url":"https:\/\/www.bagnoitalia.com\/es","name":"Bagno Italia","description":"","publisher":{"@id":"https:\/\/www.bagnoitalia.com\/es#organization"},"potentialAction":[{"@type":"SearchAction","target":{"@type":"EntryPoint","urlTemplate":"https:\/\/www.bagnoitalia.com\/es?s={search_term_string}"},"query-input":{"@type":"PropertyValueSpecification","valueRequired":true,"valueName":"search_term_string"}}],"inLanguage":"es"},{"@type":"Organization","@id":"https:\/\/www.bagnoitalia.com\/es#organization","name":"Bagno Italia","url":"https:\/\/www.bagnoitalia.com\/es","logo":{"@type":"ImageObject","inLanguage":"es","@id":"https:\/\/www.bagnoitalia.com\/es#\/schema\/logo\/image\/","url":"https:\/\/img.bagnoitalia.com\/wp-content\/uploads\/logo-bagnoitalia.webp","contentUrl":"https:\/\/img.bagnoitalia.com\/wp-content\/uploads\/logo-bagnoitalia.webp","width":400,"height":70,"caption":"Bagno Italia"},"image":{"@id":"https:\/\/www.bagnoitalia.com\/es#\/schema\/logo\/image\/"}}]}},"_links":{"self":[{"href":"https:\/\/www.bagnoitalia.com\/es\/wp-json\/wp\/v2\/product\/103979","targetHints":{"allow":["GET"]}}],"collection":[{"href":"https:\/\/www.bagnoitalia.com\/es\/wp-json\/wp\/v2\/product"}],"about":[{"href":"https:\/\/www.bagnoitalia.com\/es\/wp-json\/wp\/v2\/types\/product"}],"replies":[{"embeddable":true,"href":"https:\/\/www.bagnoitalia.com\/es\/wp-json\/wp\/v2\/comments?post=103979"}],"version-history":[{"count":1,"href":"https:\/\/www.bagnoitalia.com\/es\/wp-json\/wp\/v2\/product\/103979\/revisions"}],"predecessor-version":[{"id":103981,"href":"https:\/\/www.bagnoitalia.com\/es\/wp-json\/wp\/v2\/product\/103979\/revisions\/103981"}],"wp:featuredmedia":[{"embeddable":true,"href":"https:\/\/www.bagnoitalia.com\/es\/wp-json\/wp\/v2\/media\/103951"}],"wp:attachment":[{"href":"https:\/\/www.bagnoitalia.com\/es\/wp-json\/wp\/v2\/media?parent=103979"}],"wp:term":[{"taxonomy":"product_brand","embeddable":true,"href":"https:\/\/www.bagnoitalia.com\/es\/wp-json\/wp\/v2\/product_brand?post=103979"},{"taxonomy":"product_cat","embeddable":true,"href":"https:\/\/www.bagnoitalia.com\/es\/wp-json\/wp\/v2\/product_cat?post=103979"},{"taxonomy":"product_tag","embeddable":true,"href":"https:\/\/www.bagnoitalia.com\/es\/wp-json\/wp\/v2\/product_tag?post=103979"}],"curies":[{"name":"wp","href":"https:\/\/api.w.org\/{rel}","templated":true}]}}