{"id":103185,"date":"2025-02-27T16:12:54","date_gmt":"2025-02-27T15:12:54","guid":{"rendered":"https:\/\/www.bagnoitalia.com\/whirlpool-cabin-90x90-cm-with-bluetooth-radio-and-quick-line-system-cb100.html"},"modified":"2026-04-07T17:14:41","modified_gmt":"2026-04-07T15:14:41","slug":"whirlpool-cabin-90x90-cm-with-bluetooth-radio-and-quick-line-system-cb100","status":"publish","type":"product","link":"https:\/\/www.bagnoitalia.com\/es\/producto\/whirlpool-cabin-90x90-cm-with-bluetooth-radio-and-quick-line-system-cb100.html","title":{"rendered":"Cabina de hidromasaje de 90&#215;90 cm con radio Bluetooth y sistema de l\u00ednea r\u00e1pida CB100"},"content":{"rendered":"<p>&nbsp;<\/p>\n<p>Cabina de hidromasaje Quick-line 90x90cm CB100<\/p>\n<p>&nbsp;<\/p>\n<p>&nbsp;<\/p>\n<p>&nbsp;<\/p>\n<p>CARACTER\u00cdSTICAS<\/p>\n<p>&nbsp;<\/p>\n<p>Cabina de hidromasaje semicircular<\/p>\n<p>Dimensiones: 90x90xAl215<\/p>\n<p>Equipada con micro-jets de hidromasaje a lo largo de la columna de ducha<\/p>\n<p>Cristal de 5 mm<\/p>\n<p>Plato de ducha acr\u00edlico<\/p>\n<p>Panel trasero de cristal negro<\/p>\n<p>Pantalla t\u00e1ctil de control<\/p>\n<p>Techo con ducha superior y altavoces<\/p>\n<p>Radio<\/p>\n<p>Conexi\u00f3n Bluetooth<\/p>\n<p>Ducha lateral<\/p>\n<p>Puerta corredera<\/p>\n<p>Sistema de ventilaci\u00f3n<\/p>\n<p>Perfiles de aluminio cromado<\/p>\n<p>Tiradores ABS cromados<\/p>\n<p>Sistema de montaje r\u00e1pido Quick-Line<\/p>\n<p>&nbsp;<\/p>\n<p>Montaje r\u00e1pido en 5 minutos innovador sistema quick line, v\u00eddeo:<\/p>\n<div class=\"video-container\"><iframe title=\"Montaggio rapido cabina idromassaggio Bagno Italia sistema Quick Line\" width=\"1170\" height=\"658\" src=\"https:\/\/www.youtube.com\/embed\/t6U-M3CwurE?feature=oembed\" frameborder=\"0\" allow=\"accelerometer; autoplay; clipboard-write; encrypted-media; gyroscope; picture-in-picture; web-share\" referrerpolicy=\"strict-origin-when-cross-origin\" allowfullscreen><\/iframe><\/div>\n<p>&nbsp;<\/p>\n<p>&nbsp;<\/p>\n<p>&nbsp;<\/p>\n<p>&nbsp;<\/p>\n<p>&nbsp;<\/p>\n<p>&nbsp;<\/p>\n<p>&nbsp;<\/p>\n<p>&nbsp;<\/p>\n<p>&nbsp;<\/p>\n<p>CL70<\/p>\n<p>&nbsp;<\/p>\n","protected":false},"excerpt":{"rendered":"<p>Cabina de ducha semicircular con plato de ducha acr\u00edlico y microjets de hidromasaje a lo largo de la columna de ducha. Equipada con sistema de montaje r\u00e1pido<\/p>\n","protected":false},"featured_media":103153,"comment_status":"open","ping_status":"closed","template":"","meta":[],"product_brand":[9944],"product_cat":[9737],"product_tag":[],"class_list":{"0":"post-103185","1":"product","2":"type-product","3":"status-publish","4":"has-post-thumbnail","6":"product_brand-sanotechnik-italia-es","7":"product_cat-cabina-de-hidromasaje","9":"first","10":"instock","11":"sale","12":"taxable","13":"shipping-taxable","14":"purchasable","15":"product-type-simple"},"exclude_global_add_ons":[],"addons":[],"yoast_head":"<!-- This site is optimized with the Yoast SEO plugin v26.7 - https:\/\/yoast.com\/wordpress\/plugins\/seo\/ -->\n<title>Cabina de hidromasaje de 90x90 cm con radio Bluetooth y sistema de l\u00ednea r\u00e1pida CB100 - Bagno Italia<\/title>\n<meta name=\"robots\" content=\"index, follow, max-snippet:-1, max-image-preview:large, max-video-preview:-1\" \/>\n<link rel=\"canonical\" href=\"https:\/\/www.bagnoitalia.com\/es\/producto\/whirlpool-cabin-90x90-cm-with-bluetooth-radio-and-quick-line-system-cb100.html\" \/>\n<meta property=\"og:locale\" content=\"es_ES\" \/>\n<meta property=\"og:type\" content=\"article\" \/>\n<meta property=\"og:title\" content=\"Cabina de hidromasaje de 90x90 cm con radio Bluetooth y sistema de l\u00ednea r\u00e1pida CB100 - Bagno Italia\" \/>\n<meta property=\"og:description\" content=\"Cabina de ducha semicircular con plato de ducha acr\u00edlico y microjets de hidromasaje a lo largo de la columna de ducha. Equipada con sistema de montaje r\u00e1pido\" \/>\n<meta property=\"og:url\" content=\"https:\/\/www.bagnoitalia.com\/es\/producto\/whirlpool-cabin-90x90-cm-with-bluetooth-radio-and-quick-line-system-cb100.html\" \/>\n<meta property=\"og:site_name\" content=\"Bagno Italia\" \/>\n<meta property=\"article:modified_time\" content=\"2026-04-07T15:14:41+00:00\" \/>\n<meta property=\"og:image\" content=\"https:\/\/img.bagnoitalia.com\/wp-content\/uploads\/1-211.webp\" \/>\n\t<meta property=\"og:image:width\" content=\"800\" \/>\n\t<meta property=\"og:image:height\" content=\"800\" \/>\n\t<meta property=\"og:image:type\" content=\"image\/webp\" \/>\n<meta name=\"twitter:card\" content=\"summary_large_image\" \/>\n<meta name=\"twitter:label1\" content=\"Tiempo de lectura\" \/>\n\t<meta name=\"twitter:data1\" content=\"1 minuto\" \/>\n<script type=\"application\/ld+json\" class=\"yoast-schema-graph\">{\"@context\":\"https:\/\/schema.org\",\"@graph\":[{\"@type\":\"WebPage\",\"@id\":\"https:\/\/www.bagnoitalia.com\/es\/producto\/whirlpool-cabin-90x90-cm-with-bluetooth-radio-and-quick-line-system-cb100.html\",\"url\":\"https:\/\/www.bagnoitalia.com\/es\/producto\/whirlpool-cabin-90x90-cm-with-bluetooth-radio-and-quick-line-system-cb100.html\",\"name\":\"Cabina de hidromasaje de 90x90 cm con radio Bluetooth y sistema de l\u00ednea r\u00e1pida CB100 - Bagno Italia\",\"isPartOf\":{\"@id\":\"https:\/\/www.bagnoitalia.com\/es#website\"},\"primaryImageOfPage\":{\"@id\":\"https:\/\/www.bagnoitalia.com\/es\/producto\/whirlpool-cabin-90x90-cm-with-bluetooth-radio-and-quick-line-system-cb100.html#primaryimage\"},\"image\":{\"@id\":\"https:\/\/www.bagnoitalia.com\/es\/producto\/whirlpool-cabin-90x90-cm-with-bluetooth-radio-and-quick-line-system-cb100.html#primaryimage\"},\"thumbnailUrl\":\"https:\/\/img.bagnoitalia.com\/wp-content\/uploads\/1-211.webp\",\"datePublished\":\"2025-02-27T15:12:54+00:00\",\"dateModified\":\"2026-04-07T15:14:41+00:00\",\"breadcrumb\":{\"@id\":\"https:\/\/www.bagnoitalia.com\/es\/producto\/whirlpool-cabin-90x90-cm-with-bluetooth-radio-and-quick-line-system-cb100.html#breadcrumb\"},\"inLanguage\":\"es\",\"potentialAction\":[{\"@type\":\"ReadAction\",\"target\":[\"https:\/\/www.bagnoitalia.com\/es\/producto\/whirlpool-cabin-90x90-cm-with-bluetooth-radio-and-quick-line-system-cb100.html\"]}]},{\"@type\":\"ImageObject\",\"inLanguage\":\"es\",\"@id\":\"https:\/\/www.bagnoitalia.com\/es\/producto\/whirlpool-cabin-90x90-cm-with-bluetooth-radio-and-quick-line-system-cb100.html#primaryimage\",\"url\":\"https:\/\/img.bagnoitalia.com\/wp-content\/uploads\/1-211.webp\",\"contentUrl\":\"https:\/\/img.bagnoitalia.com\/wp-content\/uploads\/1-211.webp\",\"width\":800,\"height\":800},{\"@type\":\"BreadcrumbList\",\"@id\":\"https:\/\/www.bagnoitalia.com\/es\/producto\/whirlpool-cabin-90x90-cm-with-bluetooth-radio-and-quick-line-system-cb100.html#breadcrumb\",\"itemListElement\":[{\"@type\":\"ListItem\",\"position\":1,\"name\":\"Home\",\"item\":\"https:\/\/www.bagnoitalia.com\/es\"},{\"@type\":\"ListItem\",\"position\":2,\"name\":\"Productos\",\"item\":\"https:\/\/www.bagnoitalia.com\/es\/shop\"},{\"@type\":\"ListItem\",\"position\":3,\"name\":\"Cabina de hidromasaje de 90&#215;90 cm con radio Bluetooth y sistema de l\u00ednea r\u00e1pida CB100\"}]},{\"@type\":\"WebSite\",\"@id\":\"https:\/\/www.bagnoitalia.com\/es#website\",\"url\":\"https:\/\/www.bagnoitalia.com\/es\",\"name\":\"Bagno Italia\",\"description\":\"\",\"publisher\":{\"@id\":\"https:\/\/www.bagnoitalia.com\/es#organization\"},\"potentialAction\":[{\"@type\":\"SearchAction\",\"target\":{\"@type\":\"EntryPoint\",\"urlTemplate\":\"https:\/\/www.bagnoitalia.com\/es?s={search_term_string}\"},\"query-input\":{\"@type\":\"PropertyValueSpecification\",\"valueRequired\":true,\"valueName\":\"search_term_string\"}}],\"inLanguage\":\"es\"},{\"@type\":\"Organization\",\"@id\":\"https:\/\/www.bagnoitalia.com\/es#organization\",\"name\":\"Bagno Italia\",\"url\":\"https:\/\/www.bagnoitalia.com\/es\",\"logo\":{\"@type\":\"ImageObject\",\"inLanguage\":\"es\",\"@id\":\"https:\/\/www.bagnoitalia.com\/es#\/schema\/logo\/image\/\",\"url\":\"https:\/\/img.bagnoitalia.com\/wp-content\/uploads\/logo-bagnoitalia.webp\",\"contentUrl\":\"https:\/\/img.bagnoitalia.com\/wp-content\/uploads\/logo-bagnoitalia.webp\",\"width\":400,\"height\":70,\"caption\":\"Bagno Italia\"},\"image\":{\"@id\":\"https:\/\/www.bagnoitalia.com\/es#\/schema\/logo\/image\/\"}}]}<\/script>\n<!-- \/ Yoast SEO plugin. -->","yoast_head_json":{"title":"Cabina de hidromasaje de 90x90 cm con radio Bluetooth y sistema de l\u00ednea r\u00e1pida CB100 - Bagno Italia","robots":{"index":"index","follow":"follow","max-snippet":"max-snippet:-1","max-image-preview":"max-image-preview:large","max-video-preview":"max-video-preview:-1"},"canonical":"https:\/\/www.bagnoitalia.com\/es\/producto\/whirlpool-cabin-90x90-cm-with-bluetooth-radio-and-quick-line-system-cb100.html","og_locale":"es_ES","og_type":"article","og_title":"Cabina de hidromasaje de 90x90 cm con radio Bluetooth y sistema de l\u00ednea r\u00e1pida CB100 - Bagno Italia","og_description":"Cabina de ducha semicircular con plato de ducha acr\u00edlico y microjets de hidromasaje a lo largo de la columna de ducha. Equipada con sistema de montaje r\u00e1pido","og_url":"https:\/\/www.bagnoitalia.com\/es\/producto\/whirlpool-cabin-90x90-cm-with-bluetooth-radio-and-quick-line-system-cb100.html","og_site_name":"Bagno Italia","article_modified_time":"2026-04-07T15:14:41+00:00","og_image":[{"width":800,"height":800,"url":"https:\/\/img.bagnoitalia.com\/wp-content\/uploads\/1-211.webp","type":"image\/webp"}],"twitter_card":"summary_large_image","twitter_misc":{"Tiempo de lectura":"1 minuto"},"schema":{"@context":"https:\/\/schema.org","@graph":[{"@type":"WebPage","@id":"https:\/\/www.bagnoitalia.com\/es\/producto\/whirlpool-cabin-90x90-cm-with-bluetooth-radio-and-quick-line-system-cb100.html","url":"https:\/\/www.bagnoitalia.com\/es\/producto\/whirlpool-cabin-90x90-cm-with-bluetooth-radio-and-quick-line-system-cb100.html","name":"Cabina de hidromasaje de 90x90 cm con radio Bluetooth y sistema de l\u00ednea r\u00e1pida CB100 - Bagno Italia","isPartOf":{"@id":"https:\/\/www.bagnoitalia.com\/es#website"},"primaryImageOfPage":{"@id":"https:\/\/www.bagnoitalia.com\/es\/producto\/whirlpool-cabin-90x90-cm-with-bluetooth-radio-and-quick-line-system-cb100.html#primaryimage"},"image":{"@id":"https:\/\/www.bagnoitalia.com\/es\/producto\/whirlpool-cabin-90x90-cm-with-bluetooth-radio-and-quick-line-system-cb100.html#primaryimage"},"thumbnailUrl":"https:\/\/img.bagnoitalia.com\/wp-content\/uploads\/1-211.webp","datePublished":"2025-02-27T15:12:54+00:00","dateModified":"2026-04-07T15:14:41+00:00","breadcrumb":{"@id":"https:\/\/www.bagnoitalia.com\/es\/producto\/whirlpool-cabin-90x90-cm-with-bluetooth-radio-and-quick-line-system-cb100.html#breadcrumb"},"inLanguage":"es","potentialAction":[{"@type":"ReadAction","target":["https:\/\/www.bagnoitalia.com\/es\/producto\/whirlpool-cabin-90x90-cm-with-bluetooth-radio-and-quick-line-system-cb100.html"]}]},{"@type":"ImageObject","inLanguage":"es","@id":"https:\/\/www.bagnoitalia.com\/es\/producto\/whirlpool-cabin-90x90-cm-with-bluetooth-radio-and-quick-line-system-cb100.html#primaryimage","url":"https:\/\/img.bagnoitalia.com\/wp-content\/uploads\/1-211.webp","contentUrl":"https:\/\/img.bagnoitalia.com\/wp-content\/uploads\/1-211.webp","width":800,"height":800},{"@type":"BreadcrumbList","@id":"https:\/\/www.bagnoitalia.com\/es\/producto\/whirlpool-cabin-90x90-cm-with-bluetooth-radio-and-quick-line-system-cb100.html#breadcrumb","itemListElement":[{"@type":"ListItem","position":1,"name":"Home","item":"https:\/\/www.bagnoitalia.com\/es"},{"@type":"ListItem","position":2,"name":"Productos","item":"https:\/\/www.bagnoitalia.com\/es\/shop"},{"@type":"ListItem","position":3,"name":"Cabina de hidromasaje de 90&#215;90 cm con radio Bluetooth y sistema de l\u00ednea r\u00e1pida CB100"}]},{"@type":"WebSite","@id":"https:\/\/www.bagnoitalia.com\/es#website","url":"https:\/\/www.bagnoitalia.com\/es","name":"Bagno Italia","description":"","publisher":{"@id":"https:\/\/www.bagnoitalia.com\/es#organization"},"potentialAction":[{"@type":"SearchAction","target":{"@type":"EntryPoint","urlTemplate":"https:\/\/www.bagnoitalia.com\/es?s={search_term_string}"},"query-input":{"@type":"PropertyValueSpecification","valueRequired":true,"valueName":"search_term_string"}}],"inLanguage":"es"},{"@type":"Organization","@id":"https:\/\/www.bagnoitalia.com\/es#organization","name":"Bagno Italia","url":"https:\/\/www.bagnoitalia.com\/es","logo":{"@type":"ImageObject","inLanguage":"es","@id":"https:\/\/www.bagnoitalia.com\/es#\/schema\/logo\/image\/","url":"https:\/\/img.bagnoitalia.com\/wp-content\/uploads\/logo-bagnoitalia.webp","contentUrl":"https:\/\/img.bagnoitalia.com\/wp-content\/uploads\/logo-bagnoitalia.webp","width":400,"height":70,"caption":"Bagno Italia"},"image":{"@id":"https:\/\/www.bagnoitalia.com\/es#\/schema\/logo\/image\/"}}]}},"_links":{"self":[{"href":"https:\/\/www.bagnoitalia.com\/es\/wp-json\/wp\/v2\/product\/103185","targetHints":{"allow":["GET"]}}],"collection":[{"href":"https:\/\/www.bagnoitalia.com\/es\/wp-json\/wp\/v2\/product"}],"about":[{"href":"https:\/\/www.bagnoitalia.com\/es\/wp-json\/wp\/v2\/types\/product"}],"replies":[{"embeddable":true,"href":"https:\/\/www.bagnoitalia.com\/es\/wp-json\/wp\/v2\/comments?post=103185"}],"version-history":[{"count":3,"href":"https:\/\/www.bagnoitalia.com\/es\/wp-json\/wp\/v2\/product\/103185\/revisions"}],"predecessor-version":[{"id":117067,"href":"https:\/\/www.bagnoitalia.com\/es\/wp-json\/wp\/v2\/product\/103185\/revisions\/117067"}],"wp:featuredmedia":[{"embeddable":true,"href":"https:\/\/www.bagnoitalia.com\/es\/wp-json\/wp\/v2\/media\/103153"}],"wp:attachment":[{"href":"https:\/\/www.bagnoitalia.com\/es\/wp-json\/wp\/v2\/media?parent=103185"}],"wp:term":[{"taxonomy":"product_brand","embeddable":true,"href":"https:\/\/www.bagnoitalia.com\/es\/wp-json\/wp\/v2\/product_brand?post=103185"},{"taxonomy":"product_cat","embeddable":true,"href":"https:\/\/www.bagnoitalia.com\/es\/wp-json\/wp\/v2\/product_cat?post=103185"},{"taxonomy":"product_tag","embeddable":true,"href":"https:\/\/www.bagnoitalia.com\/es\/wp-json\/wp\/v2\/product_tag?post=103185"}],"curies":[{"name":"wp","href":"https:\/\/api.w.org\/{rel}","templated":true}]}}