{"id":103145,"date":"2025-02-27T15:44:36","date_gmt":"2025-02-27T14:44:36","guid":{"rendered":"https:\/\/www.bagnoitalia.com\/6-person-outdoor-finnish-barrel-sauna-189x220-cm-sn092.html"},"modified":"2025-10-01T10:58:05","modified_gmt":"2025-10-01T08:58:05","slug":"6-person-outdoor-finnish-barrel-sauna-189x220-cm-sn092","status":"publish","type":"product","link":"https:\/\/www.bagnoitalia.com\/es\/producto\/6-person-outdoor-finnish-barrel-sauna-189x220-cm-sn092.html","title":{"rendered":"Sauna finlandesa de barril para exteriores para 6 personas 189&#215;220 cm SN092"},"content":{"rendered":"<p>6 plazas SAUNA FINLANDESA &#8216;SN092<\/p>\n<p>&nbsp;<\/p>\n<p>caracter\u00edsticas y accesorios incluidos<\/p>\n<p>Sauna exterior, para 6 personas<\/p>\n<p>Tipo: Finlandesa<\/p>\n<p>Forma: de barril<\/p>\n<p>Con 2 orificios de ventilaci\u00f3n, para una circulaci\u00f3n \u00f3ptima del aire<\/p>\n<p>Completa con:<\/p>\n<p>&#8211; Hornillo con piedras<\/p>\n<p>&#8211; Cubo con cuchar\u00f3n<\/p>\n<p>&#8211; Term\u00f3metro<\/p>\n<p>&#8211; Reloj de arena<\/p>\n<p>&nbsp;<\/p>\n<p>&nbsp;<\/p>\n<p>&nbsp;<\/p>\n<p>&nbsp;<\/p>\n<p>DIMENSIONES Y ESPECIFICACIONES T\u00c9CNICAS<\/p>\n<p>Dimensiones exteriores 189xD220xH191,5 cm<\/p>\n<p>Dimensiones interiores: 176,8xP193,8xAl176,8 cm<\/p>\n<p>Medidas de la base: 135&#215;190 cm aprox.<\/p>\n<p>Paredes de 3,8 cm de grosor<\/p>\n<p>n.2 asientos de 193,5&#215;48 cm<\/p>\n<p>Estructura de madera de abeto<\/p>\n<p>Cristal de 6 mm<\/p>\n<p>Techo de asfalto<\/p>\n<p>Estufa de 8 kW<\/p>\n<p>Temperatura m\u00e1xima: 70-90\u00b0C<\/p>\n<p>Carga de nieve en el tejado: aprox. 150 kg\/m2<\/p>\n<p>\u00c1ngulo de apertura de la puerta: 180<\/p>\n<p>Tensi\u00f3n de alimentaci\u00f3n 220V+380V<\/p>\n<p>&nbsp;<\/p>\n<p>&nbsp;<\/p>\n<p>&nbsp;<\/p>\n<p>&nbsp;<\/p>\n<p>&nbsp;<\/p>\n<p>&nbsp;<\/p>\n<p>&nbsp;<\/p>\n<p>&nbsp;<\/p>\n<p>&nbsp;<\/p>\n<p>&nbsp;<\/p>\n<p>&nbsp;<\/p>\n<p>&nbsp;<\/p>\n<p>&nbsp;<\/p>\n<p>&nbsp;<\/p>\n<p>&nbsp;<\/p>\n<p>&nbsp;<\/p>\n<p>&nbsp;<\/p>\n<p>&nbsp;<\/p>\n<p>&nbsp;<\/p>\n<p>&nbsp;<\/p>\n<p>&nbsp;<\/p>\n<p>&nbsp;<\/p>\n<p>F50220<\/p>\n<p>&nbsp;<\/p>\n<p>&nbsp;<\/p>\n","protected":false},"excerpt":{"rendered":"<p>Sauna finlandesa con estructura en forma de barril, apta para 6 personas. Fabricada en madera de abeto, incluye: estufa con piedras, term\u00f3metro, reloj de arena y cubo con cuchar\u00f3n.<\/p>\n","protected":false},"featured_media":115761,"comment_status":"open","ping_status":"closed","template":"","meta":[],"product_brand":[9944],"product_cat":[9733],"product_tag":[],"class_list":{"0":"post-103145","1":"product","2":"type-product","3":"status-publish","4":"has-post-thumbnail","6":"product_brand-sanotechnik-italia-es","7":"product_cat-sauna-finlandesa","9":"first","10":"instock","11":"sale","12":"taxable","13":"shipping-taxable","14":"purchasable","15":"product-type-simple"},"exclude_global_add_ons":[],"addons":[],"yoast_head":"<!-- This site is optimized with the Yoast SEO plugin v26.7 - https:\/\/yoast.com\/wordpress\/plugins\/seo\/ -->\n<title>Sauna finlandesa de barril para exteriores para 6 personas 189x220 cm SN092 - Bagno Italia<\/title>\n<meta name=\"robots\" content=\"index, follow, max-snippet:-1, max-image-preview:large, max-video-preview:-1\" \/>\n<link rel=\"canonical\" href=\"https:\/\/www.bagnoitalia.com\/es\/producto\/6-person-outdoor-finnish-barrel-sauna-189x220-cm-sn092.html\" \/>\n<meta property=\"og:locale\" content=\"es_ES\" \/>\n<meta property=\"og:type\" content=\"article\" \/>\n<meta property=\"og:title\" content=\"Sauna finlandesa de barril para exteriores para 6 personas 189x220 cm SN092 - Bagno Italia\" \/>\n<meta property=\"og:description\" content=\"Sauna finlandesa con estructura en forma de barril, apta para 6 personas. Fabricada en madera de abeto, incluye: estufa con piedras, term\u00f3metro, reloj de arena y cubo con cuchar\u00f3n.\" \/>\n<meta property=\"og:url\" content=\"https:\/\/www.bagnoitalia.com\/es\/producto\/6-person-outdoor-finnish-barrel-sauna-189x220-cm-sn092.html\" \/>\n<meta property=\"og:site_name\" content=\"Bagno Italia\" \/>\n<meta property=\"article:modified_time\" content=\"2025-10-01T08:58:05+00:00\" \/>\n<meta property=\"og:image\" content=\"https:\/\/img.bagnoitalia.com\/wp-content\/uploads\/1-210.webp\" \/>\n\t<meta property=\"og:image:width\" content=\"1000\" \/>\n\t<meta property=\"og:image:height\" content=\"1000\" \/>\n\t<meta property=\"og:image:type\" content=\"image\/webp\" \/>\n<meta name=\"twitter:card\" content=\"summary_large_image\" \/>\n<meta name=\"twitter:label1\" content=\"Tiempo de lectura\" \/>\n\t<meta name=\"twitter:data1\" content=\"1 minuto\" \/>\n<script type=\"application\/ld+json\" class=\"yoast-schema-graph\">{\"@context\":\"https:\/\/schema.org\",\"@graph\":[{\"@type\":\"WebPage\",\"@id\":\"https:\/\/www.bagnoitalia.com\/es\/producto\/6-person-outdoor-finnish-barrel-sauna-189x220-cm-sn092.html\",\"url\":\"https:\/\/www.bagnoitalia.com\/es\/producto\/6-person-outdoor-finnish-barrel-sauna-189x220-cm-sn092.html\",\"name\":\"Sauna finlandesa de barril para exteriores para 6 personas 189x220 cm SN092 - Bagno Italia\",\"isPartOf\":{\"@id\":\"https:\/\/www.bagnoitalia.com\/es#website\"},\"primaryImageOfPage\":{\"@id\":\"https:\/\/www.bagnoitalia.com\/es\/producto\/6-person-outdoor-finnish-barrel-sauna-189x220-cm-sn092.html#primaryimage\"},\"image\":{\"@id\":\"https:\/\/www.bagnoitalia.com\/es\/producto\/6-person-outdoor-finnish-barrel-sauna-189x220-cm-sn092.html#primaryimage\"},\"thumbnailUrl\":\"https:\/\/img.bagnoitalia.com\/wp-content\/uploads\/sauna-finlandese-botte-189x220-cm-sn092-dettagli.jpg\",\"datePublished\":\"2025-02-27T14:44:36+00:00\",\"dateModified\":\"2025-10-01T08:58:05+00:00\",\"breadcrumb\":{\"@id\":\"https:\/\/www.bagnoitalia.com\/es\/producto\/6-person-outdoor-finnish-barrel-sauna-189x220-cm-sn092.html#breadcrumb\"},\"inLanguage\":\"es\",\"potentialAction\":[{\"@type\":\"ReadAction\",\"target\":[\"https:\/\/www.bagnoitalia.com\/es\/producto\/6-person-outdoor-finnish-barrel-sauna-189x220-cm-sn092.html\"]}]},{\"@type\":\"ImageObject\",\"inLanguage\":\"es\",\"@id\":\"https:\/\/www.bagnoitalia.com\/es\/producto\/6-person-outdoor-finnish-barrel-sauna-189x220-cm-sn092.html#primaryimage\",\"url\":\"https:\/\/img.bagnoitalia.com\/wp-content\/uploads\/sauna-finlandese-botte-189x220-cm-sn092-dettagli.jpg\",\"contentUrl\":\"https:\/\/img.bagnoitalia.com\/wp-content\/uploads\/sauna-finlandese-botte-189x220-cm-sn092-dettagli.jpg\",\"width\":999,\"height\":1000},{\"@type\":\"BreadcrumbList\",\"@id\":\"https:\/\/www.bagnoitalia.com\/es\/producto\/6-person-outdoor-finnish-barrel-sauna-189x220-cm-sn092.html#breadcrumb\",\"itemListElement\":[{\"@type\":\"ListItem\",\"position\":1,\"name\":\"Home\",\"item\":\"https:\/\/www.bagnoitalia.com\/es\"},{\"@type\":\"ListItem\",\"position\":2,\"name\":\"Productos\",\"item\":\"https:\/\/www.bagnoitalia.com\/es\/shop\"},{\"@type\":\"ListItem\",\"position\":3,\"name\":\"Sauna finlandesa de barril para exteriores para 6 personas 189&#215;220 cm SN092\"}]},{\"@type\":\"WebSite\",\"@id\":\"https:\/\/www.bagnoitalia.com\/es#website\",\"url\":\"https:\/\/www.bagnoitalia.com\/es\",\"name\":\"Bagno Italia\",\"description\":\"\",\"publisher\":{\"@id\":\"https:\/\/www.bagnoitalia.com\/es#organization\"},\"potentialAction\":[{\"@type\":\"SearchAction\",\"target\":{\"@type\":\"EntryPoint\",\"urlTemplate\":\"https:\/\/www.bagnoitalia.com\/es?s={search_term_string}\"},\"query-input\":{\"@type\":\"PropertyValueSpecification\",\"valueRequired\":true,\"valueName\":\"search_term_string\"}}],\"inLanguage\":\"es\"},{\"@type\":\"Organization\",\"@id\":\"https:\/\/www.bagnoitalia.com\/es#organization\",\"name\":\"Bagno Italia\",\"url\":\"https:\/\/www.bagnoitalia.com\/es\",\"logo\":{\"@type\":\"ImageObject\",\"inLanguage\":\"es\",\"@id\":\"https:\/\/www.bagnoitalia.com\/es#\/schema\/logo\/image\/\",\"url\":\"https:\/\/img.bagnoitalia.com\/wp-content\/uploads\/logo-bagnoitalia.webp\",\"contentUrl\":\"https:\/\/img.bagnoitalia.com\/wp-content\/uploads\/logo-bagnoitalia.webp\",\"width\":400,\"height\":70,\"caption\":\"Bagno Italia\"},\"image\":{\"@id\":\"https:\/\/www.bagnoitalia.com\/es#\/schema\/logo\/image\/\"}}]}<\/script>\n<!-- \/ Yoast SEO plugin. -->","yoast_head_json":{"title":"Sauna finlandesa de barril para exteriores para 6 personas 189x220 cm SN092 - Bagno Italia","robots":{"index":"index","follow":"follow","max-snippet":"max-snippet:-1","max-image-preview":"max-image-preview:large","max-video-preview":"max-video-preview:-1"},"canonical":"https:\/\/www.bagnoitalia.com\/es\/producto\/6-person-outdoor-finnish-barrel-sauna-189x220-cm-sn092.html","og_locale":"es_ES","og_type":"article","og_title":"Sauna finlandesa de barril para exteriores para 6 personas 189x220 cm SN092 - Bagno Italia","og_description":"Sauna finlandesa con estructura en forma de barril, apta para 6 personas. Fabricada en madera de abeto, incluye: estufa con piedras, term\u00f3metro, reloj de arena y cubo con cuchar\u00f3n.","og_url":"https:\/\/www.bagnoitalia.com\/es\/producto\/6-person-outdoor-finnish-barrel-sauna-189x220-cm-sn092.html","og_site_name":"Bagno Italia","article_modified_time":"2025-10-01T08:58:05+00:00","og_image":[{"width":1000,"height":1000,"url":"https:\/\/img.bagnoitalia.com\/wp-content\/uploads\/1-210.webp","type":"image\/webp"}],"twitter_card":"summary_large_image","twitter_misc":{"Tiempo de lectura":"1 minuto"},"schema":{"@context":"https:\/\/schema.org","@graph":[{"@type":"WebPage","@id":"https:\/\/www.bagnoitalia.com\/es\/producto\/6-person-outdoor-finnish-barrel-sauna-189x220-cm-sn092.html","url":"https:\/\/www.bagnoitalia.com\/es\/producto\/6-person-outdoor-finnish-barrel-sauna-189x220-cm-sn092.html","name":"Sauna finlandesa de barril para exteriores para 6 personas 189x220 cm SN092 - Bagno Italia","isPartOf":{"@id":"https:\/\/www.bagnoitalia.com\/es#website"},"primaryImageOfPage":{"@id":"https:\/\/www.bagnoitalia.com\/es\/producto\/6-person-outdoor-finnish-barrel-sauna-189x220-cm-sn092.html#primaryimage"},"image":{"@id":"https:\/\/www.bagnoitalia.com\/es\/producto\/6-person-outdoor-finnish-barrel-sauna-189x220-cm-sn092.html#primaryimage"},"thumbnailUrl":"https:\/\/img.bagnoitalia.com\/wp-content\/uploads\/sauna-finlandese-botte-189x220-cm-sn092-dettagli.jpg","datePublished":"2025-02-27T14:44:36+00:00","dateModified":"2025-10-01T08:58:05+00:00","breadcrumb":{"@id":"https:\/\/www.bagnoitalia.com\/es\/producto\/6-person-outdoor-finnish-barrel-sauna-189x220-cm-sn092.html#breadcrumb"},"inLanguage":"es","potentialAction":[{"@type":"ReadAction","target":["https:\/\/www.bagnoitalia.com\/es\/producto\/6-person-outdoor-finnish-barrel-sauna-189x220-cm-sn092.html"]}]},{"@type":"ImageObject","inLanguage":"es","@id":"https:\/\/www.bagnoitalia.com\/es\/producto\/6-person-outdoor-finnish-barrel-sauna-189x220-cm-sn092.html#primaryimage","url":"https:\/\/img.bagnoitalia.com\/wp-content\/uploads\/sauna-finlandese-botte-189x220-cm-sn092-dettagli.jpg","contentUrl":"https:\/\/img.bagnoitalia.com\/wp-content\/uploads\/sauna-finlandese-botte-189x220-cm-sn092-dettagli.jpg","width":999,"height":1000},{"@type":"BreadcrumbList","@id":"https:\/\/www.bagnoitalia.com\/es\/producto\/6-person-outdoor-finnish-barrel-sauna-189x220-cm-sn092.html#breadcrumb","itemListElement":[{"@type":"ListItem","position":1,"name":"Home","item":"https:\/\/www.bagnoitalia.com\/es"},{"@type":"ListItem","position":2,"name":"Productos","item":"https:\/\/www.bagnoitalia.com\/es\/shop"},{"@type":"ListItem","position":3,"name":"Sauna finlandesa de barril para exteriores para 6 personas 189&#215;220 cm SN092"}]},{"@type":"WebSite","@id":"https:\/\/www.bagnoitalia.com\/es#website","url":"https:\/\/www.bagnoitalia.com\/es","name":"Bagno Italia","description":"","publisher":{"@id":"https:\/\/www.bagnoitalia.com\/es#organization"},"potentialAction":[{"@type":"SearchAction","target":{"@type":"EntryPoint","urlTemplate":"https:\/\/www.bagnoitalia.com\/es?s={search_term_string}"},"query-input":{"@type":"PropertyValueSpecification","valueRequired":true,"valueName":"search_term_string"}}],"inLanguage":"es"},{"@type":"Organization","@id":"https:\/\/www.bagnoitalia.com\/es#organization","name":"Bagno Italia","url":"https:\/\/www.bagnoitalia.com\/es","logo":{"@type":"ImageObject","inLanguage":"es","@id":"https:\/\/www.bagnoitalia.com\/es#\/schema\/logo\/image\/","url":"https:\/\/img.bagnoitalia.com\/wp-content\/uploads\/logo-bagnoitalia.webp","contentUrl":"https:\/\/img.bagnoitalia.com\/wp-content\/uploads\/logo-bagnoitalia.webp","width":400,"height":70,"caption":"Bagno Italia"},"image":{"@id":"https:\/\/www.bagnoitalia.com\/es#\/schema\/logo\/image\/"}}]}},"_links":{"self":[{"href":"https:\/\/www.bagnoitalia.com\/es\/wp-json\/wp\/v2\/product\/103145","targetHints":{"allow":["GET"]}}],"collection":[{"href":"https:\/\/www.bagnoitalia.com\/es\/wp-json\/wp\/v2\/product"}],"about":[{"href":"https:\/\/www.bagnoitalia.com\/es\/wp-json\/wp\/v2\/types\/product"}],"replies":[{"embeddable":true,"href":"https:\/\/www.bagnoitalia.com\/es\/wp-json\/wp\/v2\/comments?post=103145"}],"version-history":[{"count":3,"href":"https:\/\/www.bagnoitalia.com\/es\/wp-json\/wp\/v2\/product\/103145\/revisions"}],"predecessor-version":[{"id":112162,"href":"https:\/\/www.bagnoitalia.com\/es\/wp-json\/wp\/v2\/product\/103145\/revisions\/112162"}],"wp:featuredmedia":[{"embeddable":true,"href":"https:\/\/www.bagnoitalia.com\/es\/wp-json\/wp\/v2\/media\/115761"}],"wp:attachment":[{"href":"https:\/\/www.bagnoitalia.com\/es\/wp-json\/wp\/v2\/media?parent=103145"}],"wp:term":[{"taxonomy":"product_brand","embeddable":true,"href":"https:\/\/www.bagnoitalia.com\/es\/wp-json\/wp\/v2\/product_brand?post=103145"},{"taxonomy":"product_cat","embeddable":true,"href":"https:\/\/www.bagnoitalia.com\/es\/wp-json\/wp\/v2\/product_cat?post=103145"},{"taxonomy":"product_tag","embeddable":true,"href":"https:\/\/www.bagnoitalia.com\/es\/wp-json\/wp\/v2\/product_tag?post=103145"}],"curies":[{"name":"wp","href":"https:\/\/api.w.org\/{rel}","templated":true}]}}