{"id":102889,"date":"2025-02-24T15:31:54","date_gmt":"2025-02-24T14:31:54","guid":{"rendered":"https:\/\/www.bagnoitalia.com\/freestanding-bathtub-170x81-cm-matt-black-with-white-interior-vs162.html"},"modified":"2026-03-23T14:12:41","modified_gmt":"2026-03-23T13:12:41","slug":"freestanding-bathtub-170x81-cm-matt-black-with-white-interior-vs162","status":"publish","type":"product","link":"https:\/\/www.bagnoitalia.com\/es\/producto\/freestanding-bathtub-170x81-cm-matt-black-with-white-interior-vs162.html","title":{"rendered":"Ba\u00f1era exenta 170&#215;81 cm negro brillante con interior blanco VS162"},"content":{"rendered":"<p>&nbsp;<\/p>\n<p>BA\u00d1ERA INDEPENDIENTE NEGRA 170&#215;81 cm &#8216;VS162<\/p>\n<p>&nbsp;<\/p>\n<p>&nbsp;<\/p>\n<p>&nbsp;<\/p>\n<p>&nbsp;<\/p>\n<p>DETALLES DEL PRODUCTO<\/p>\n<p>Ba\u00f1era exenta, para instalar en el centro de la habitaci\u00f3n<\/p>\n<p>Forma ovalada<\/p>\n<p>Dimensiones: 170xP80,6xAl60 cm<\/p>\n<p>Color exterior: negro brillante<\/p>\n<p>Color interior: blanco<\/p>\n<p>Material: acr\u00edlico de doble pared<\/p>\n<p>Completo con desag\u00fce y rebosadero<\/p>\n<p>Capacidad: 268 litros<\/p>\n<p>ATENCI\u00d3N: la grifer\u00eda no est\u00e1 incluida en el precio, es posible a\u00f1adir un mezclador de columna de los propuestos en el men\u00fa desplegable de arriba<\/p>\n<p>&nbsp;<\/p>\n<p>&nbsp;<\/p>\n<p>&nbsp;<\/p>\n<p>&nbsp;<\/p>\n<p>&nbsp;<\/p>\n<p>&nbsp;<\/p>\n<p>&nbsp;<\/p>\n<p>&nbsp;<\/p>\n<p>&nbsp;<\/p>\n<p>&nbsp;<\/p>\n<p>&nbsp;<\/p>\n<p>&nbsp;<\/p>\n<p>&nbsp;<\/p>\n<p>&nbsp;<\/p>\n<p>&nbsp;<\/p>\n<p>&nbsp;<\/p>\n<p>&nbsp;<\/p>\n<p>&nbsp;<\/p>\n<p>&nbsp;<\/p>\n<p>&nbsp;<\/p>\n<p>&nbsp;<\/p>\n<p>&nbsp;<\/p>\n<p>&nbsp;<\/p>\n<p>&nbsp;<\/p>\n<p>G9030<\/p>\n<p>&nbsp;<\/p>\n<p>&nbsp;<\/p>\n","protected":false},"excerpt":{"rendered":"<p>Ba\u00f1era para instalaci\u00f3n en el centro de la habitaci\u00f3n, de forma ovalada, con exterior negro brillante y acabado interior blanco. Tambi\u00e9n es posible combinarla con un mezclador de columna.<\/p>\n","protected":false},"featured_media":102861,"comment_status":"open","ping_status":"closed","template":"","meta":[],"product_brand":[9944],"product_cat":[9841],"product_tag":[],"class_list":{"0":"post-102889","1":"product","2":"type-product","3":"status-publish","4":"has-post-thumbnail","6":"product_brand-sanotechnik-italia-es","7":"product_cat-bano-independiente","9":"first","10":"instock","11":"sale","12":"taxable","13":"shipping-taxable","14":"purchasable","15":"product-type-simple"},"exclude_global_add_ons":false,"addons":[{"name":"Mezclador","type":"multiple_choice","position":0,"required":false,"title_format":"label","default":"","description_enable":false,"description":"","placeholder_enable":false,"placeholder":"","display":"select","restrictions_type":"any_text","adjust_price":false,"price":"","price_type":"flat_fee","restrictions":false,"min":"0","max":"0","options":[{"label":"No","price":"","price_type":"flat_fee","image":0,"visibility":true},{"label":"Mod. GL03","price":"279","price_type":"flat_fee","image":0,"visibility":true},{"label":"Mod. GL04 - negro mate","price":"319","price_type":"flat_fee","image":0,"visibility":true},{"label":"Mod. GL02","price":"279","price_type":"flat_fee","image":0,"visibility":true},{"label":"Mod. GL016","price":"279","price_type":"flat_fee","image":0,"visibility":true}],"id":1740411115}],"yoast_head":"<!-- This site is optimized with the Yoast SEO plugin v26.7 - https:\/\/yoast.com\/wordpress\/plugins\/seo\/ -->\n<title>Ba\u00f1era exenta 170x81 cm negro brillante con interior blanco VS162 - Bagno Italia<\/title>\n<meta name=\"robots\" content=\"index, follow, max-snippet:-1, max-image-preview:large, max-video-preview:-1\" \/>\n<link rel=\"canonical\" href=\"https:\/\/www.bagnoitalia.com\/es\/producto\/freestanding-bathtub-170x81-cm-matt-black-with-white-interior-vs162.html\" \/>\n<meta property=\"og:locale\" content=\"es_ES\" \/>\n<meta property=\"og:type\" content=\"article\" \/>\n<meta property=\"og:title\" content=\"Ba\u00f1era exenta 170x81 cm negro brillante con interior blanco VS162 - Bagno Italia\" \/>\n<meta property=\"og:description\" content=\"Ba\u00f1era para instalaci\u00f3n en el centro de la habitaci\u00f3n, de forma ovalada, con exterior negro brillante y acabado interior blanco. Tambi\u00e9n es posible combinarla con un mezclador de columna.\" \/>\n<meta property=\"og:url\" content=\"https:\/\/www.bagnoitalia.com\/es\/producto\/freestanding-bathtub-170x81-cm-matt-black-with-white-interior-vs162.html\" \/>\n<meta property=\"og:site_name\" content=\"Bagno Italia\" \/>\n<meta property=\"article:modified_time\" content=\"2026-03-23T13:12:41+00:00\" \/>\n<meta property=\"og:image\" content=\"https:\/\/img.bagnoitalia.com\/wp-content\/uploads\/1-195.webp\" \/>\n\t<meta property=\"og:image:width\" content=\"1000\" \/>\n\t<meta property=\"og:image:height\" content=\"1000\" \/>\n\t<meta property=\"og:image:type\" content=\"image\/webp\" \/>\n<meta name=\"twitter:card\" content=\"summary_large_image\" \/>\n<meta name=\"twitter:label1\" content=\"Tiempo de lectura\" \/>\n\t<meta name=\"twitter:data1\" content=\"1 minuto\" \/>\n<script type=\"application\/ld+json\" class=\"yoast-schema-graph\">{\"@context\":\"https:\/\/schema.org\",\"@graph\":[{\"@type\":\"WebPage\",\"@id\":\"https:\/\/www.bagnoitalia.com\/es\/producto\/freestanding-bathtub-170x81-cm-matt-black-with-white-interior-vs162.html\",\"url\":\"https:\/\/www.bagnoitalia.com\/es\/producto\/freestanding-bathtub-170x81-cm-matt-black-with-white-interior-vs162.html\",\"name\":\"Ba\u00f1era exenta 170x81 cm negro brillante con interior blanco VS162 - Bagno Italia\",\"isPartOf\":{\"@id\":\"https:\/\/www.bagnoitalia.com\/es#website\"},\"primaryImageOfPage\":{\"@id\":\"https:\/\/www.bagnoitalia.com\/es\/producto\/freestanding-bathtub-170x81-cm-matt-black-with-white-interior-vs162.html#primaryimage\"},\"image\":{\"@id\":\"https:\/\/www.bagnoitalia.com\/es\/producto\/freestanding-bathtub-170x81-cm-matt-black-with-white-interior-vs162.html#primaryimage\"},\"thumbnailUrl\":\"https:\/\/img.bagnoitalia.com\/wp-content\/uploads\/1-195.webp\",\"datePublished\":\"2025-02-24T14:31:54+00:00\",\"dateModified\":\"2026-03-23T13:12:41+00:00\",\"breadcrumb\":{\"@id\":\"https:\/\/www.bagnoitalia.com\/es\/producto\/freestanding-bathtub-170x81-cm-matt-black-with-white-interior-vs162.html#breadcrumb\"},\"inLanguage\":\"es\",\"potentialAction\":[{\"@type\":\"ReadAction\",\"target\":[\"https:\/\/www.bagnoitalia.com\/es\/producto\/freestanding-bathtub-170x81-cm-matt-black-with-white-interior-vs162.html\"]}]},{\"@type\":\"ImageObject\",\"inLanguage\":\"es\",\"@id\":\"https:\/\/www.bagnoitalia.com\/es\/producto\/freestanding-bathtub-170x81-cm-matt-black-with-white-interior-vs162.html#primaryimage\",\"url\":\"https:\/\/img.bagnoitalia.com\/wp-content\/uploads\/1-195.webp\",\"contentUrl\":\"https:\/\/img.bagnoitalia.com\/wp-content\/uploads\/1-195.webp\",\"width\":1000,\"height\":1000},{\"@type\":\"BreadcrumbList\",\"@id\":\"https:\/\/www.bagnoitalia.com\/es\/producto\/freestanding-bathtub-170x81-cm-matt-black-with-white-interior-vs162.html#breadcrumb\",\"itemListElement\":[{\"@type\":\"ListItem\",\"position\":1,\"name\":\"Home\",\"item\":\"https:\/\/www.bagnoitalia.com\/es\"},{\"@type\":\"ListItem\",\"position\":2,\"name\":\"Productos\",\"item\":\"https:\/\/www.bagnoitalia.com\/es\/shop\"},{\"@type\":\"ListItem\",\"position\":3,\"name\":\"Ba\u00f1era exenta 170&#215;81 cm negro brillante con interior blanco VS162\"}]},{\"@type\":\"WebSite\",\"@id\":\"https:\/\/www.bagnoitalia.com\/es#website\",\"url\":\"https:\/\/www.bagnoitalia.com\/es\",\"name\":\"Bagno Italia\",\"description\":\"\",\"publisher\":{\"@id\":\"https:\/\/www.bagnoitalia.com\/es#organization\"},\"potentialAction\":[{\"@type\":\"SearchAction\",\"target\":{\"@type\":\"EntryPoint\",\"urlTemplate\":\"https:\/\/www.bagnoitalia.com\/es?s={search_term_string}\"},\"query-input\":{\"@type\":\"PropertyValueSpecification\",\"valueRequired\":true,\"valueName\":\"search_term_string\"}}],\"inLanguage\":\"es\"},{\"@type\":\"Organization\",\"@id\":\"https:\/\/www.bagnoitalia.com\/es#organization\",\"name\":\"Bagno Italia\",\"url\":\"https:\/\/www.bagnoitalia.com\/es\",\"logo\":{\"@type\":\"ImageObject\",\"inLanguage\":\"es\",\"@id\":\"https:\/\/www.bagnoitalia.com\/es#\/schema\/logo\/image\/\",\"url\":\"https:\/\/img.bagnoitalia.com\/wp-content\/uploads\/logo-bagnoitalia.webp\",\"contentUrl\":\"https:\/\/img.bagnoitalia.com\/wp-content\/uploads\/logo-bagnoitalia.webp\",\"width\":400,\"height\":70,\"caption\":\"Bagno Italia\"},\"image\":{\"@id\":\"https:\/\/www.bagnoitalia.com\/es#\/schema\/logo\/image\/\"}}]}<\/script>\n<!-- \/ Yoast SEO plugin. -->","yoast_head_json":{"title":"Ba\u00f1era exenta 170x81 cm negro brillante con interior blanco VS162 - Bagno Italia","robots":{"index":"index","follow":"follow","max-snippet":"max-snippet:-1","max-image-preview":"max-image-preview:large","max-video-preview":"max-video-preview:-1"},"canonical":"https:\/\/www.bagnoitalia.com\/es\/producto\/freestanding-bathtub-170x81-cm-matt-black-with-white-interior-vs162.html","og_locale":"es_ES","og_type":"article","og_title":"Ba\u00f1era exenta 170x81 cm negro brillante con interior blanco VS162 - Bagno Italia","og_description":"Ba\u00f1era para instalaci\u00f3n en el centro de la habitaci\u00f3n, de forma ovalada, con exterior negro brillante y acabado interior blanco. Tambi\u00e9n es posible combinarla con un mezclador de columna.","og_url":"https:\/\/www.bagnoitalia.com\/es\/producto\/freestanding-bathtub-170x81-cm-matt-black-with-white-interior-vs162.html","og_site_name":"Bagno Italia","article_modified_time":"2026-03-23T13:12:41+00:00","og_image":[{"width":1000,"height":1000,"url":"https:\/\/img.bagnoitalia.com\/wp-content\/uploads\/1-195.webp","type":"image\/webp"}],"twitter_card":"summary_large_image","twitter_misc":{"Tiempo de lectura":"1 minuto"},"schema":{"@context":"https:\/\/schema.org","@graph":[{"@type":"WebPage","@id":"https:\/\/www.bagnoitalia.com\/es\/producto\/freestanding-bathtub-170x81-cm-matt-black-with-white-interior-vs162.html","url":"https:\/\/www.bagnoitalia.com\/es\/producto\/freestanding-bathtub-170x81-cm-matt-black-with-white-interior-vs162.html","name":"Ba\u00f1era exenta 170x81 cm negro brillante con interior blanco VS162 - Bagno Italia","isPartOf":{"@id":"https:\/\/www.bagnoitalia.com\/es#website"},"primaryImageOfPage":{"@id":"https:\/\/www.bagnoitalia.com\/es\/producto\/freestanding-bathtub-170x81-cm-matt-black-with-white-interior-vs162.html#primaryimage"},"image":{"@id":"https:\/\/www.bagnoitalia.com\/es\/producto\/freestanding-bathtub-170x81-cm-matt-black-with-white-interior-vs162.html#primaryimage"},"thumbnailUrl":"https:\/\/img.bagnoitalia.com\/wp-content\/uploads\/1-195.webp","datePublished":"2025-02-24T14:31:54+00:00","dateModified":"2026-03-23T13:12:41+00:00","breadcrumb":{"@id":"https:\/\/www.bagnoitalia.com\/es\/producto\/freestanding-bathtub-170x81-cm-matt-black-with-white-interior-vs162.html#breadcrumb"},"inLanguage":"es","potentialAction":[{"@type":"ReadAction","target":["https:\/\/www.bagnoitalia.com\/es\/producto\/freestanding-bathtub-170x81-cm-matt-black-with-white-interior-vs162.html"]}]},{"@type":"ImageObject","inLanguage":"es","@id":"https:\/\/www.bagnoitalia.com\/es\/producto\/freestanding-bathtub-170x81-cm-matt-black-with-white-interior-vs162.html#primaryimage","url":"https:\/\/img.bagnoitalia.com\/wp-content\/uploads\/1-195.webp","contentUrl":"https:\/\/img.bagnoitalia.com\/wp-content\/uploads\/1-195.webp","width":1000,"height":1000},{"@type":"BreadcrumbList","@id":"https:\/\/www.bagnoitalia.com\/es\/producto\/freestanding-bathtub-170x81-cm-matt-black-with-white-interior-vs162.html#breadcrumb","itemListElement":[{"@type":"ListItem","position":1,"name":"Home","item":"https:\/\/www.bagnoitalia.com\/es"},{"@type":"ListItem","position":2,"name":"Productos","item":"https:\/\/www.bagnoitalia.com\/es\/shop"},{"@type":"ListItem","position":3,"name":"Ba\u00f1era exenta 170&#215;81 cm negro brillante con interior blanco VS162"}]},{"@type":"WebSite","@id":"https:\/\/www.bagnoitalia.com\/es#website","url":"https:\/\/www.bagnoitalia.com\/es","name":"Bagno Italia","description":"","publisher":{"@id":"https:\/\/www.bagnoitalia.com\/es#organization"},"potentialAction":[{"@type":"SearchAction","target":{"@type":"EntryPoint","urlTemplate":"https:\/\/www.bagnoitalia.com\/es?s={search_term_string}"},"query-input":{"@type":"PropertyValueSpecification","valueRequired":true,"valueName":"search_term_string"}}],"inLanguage":"es"},{"@type":"Organization","@id":"https:\/\/www.bagnoitalia.com\/es#organization","name":"Bagno Italia","url":"https:\/\/www.bagnoitalia.com\/es","logo":{"@type":"ImageObject","inLanguage":"es","@id":"https:\/\/www.bagnoitalia.com\/es#\/schema\/logo\/image\/","url":"https:\/\/img.bagnoitalia.com\/wp-content\/uploads\/logo-bagnoitalia.webp","contentUrl":"https:\/\/img.bagnoitalia.com\/wp-content\/uploads\/logo-bagnoitalia.webp","width":400,"height":70,"caption":"Bagno Italia"},"image":{"@id":"https:\/\/www.bagnoitalia.com\/es#\/schema\/logo\/image\/"}}]}},"_links":{"self":[{"href":"https:\/\/www.bagnoitalia.com\/es\/wp-json\/wp\/v2\/product\/102889","targetHints":{"allow":["GET"]}}],"collection":[{"href":"https:\/\/www.bagnoitalia.com\/es\/wp-json\/wp\/v2\/product"}],"about":[{"href":"https:\/\/www.bagnoitalia.com\/es\/wp-json\/wp\/v2\/types\/product"}],"replies":[{"embeddable":true,"href":"https:\/\/www.bagnoitalia.com\/es\/wp-json\/wp\/v2\/comments?post=102889"}],"version-history":[{"count":3,"href":"https:\/\/www.bagnoitalia.com\/es\/wp-json\/wp\/v2\/product\/102889\/revisions"}],"predecessor-version":[{"id":116936,"href":"https:\/\/www.bagnoitalia.com\/es\/wp-json\/wp\/v2\/product\/102889\/revisions\/116936"}],"wp:featuredmedia":[{"embeddable":true,"href":"https:\/\/www.bagnoitalia.com\/es\/wp-json\/wp\/v2\/media\/102861"}],"wp:attachment":[{"href":"https:\/\/www.bagnoitalia.com\/es\/wp-json\/wp\/v2\/media?parent=102889"}],"wp:term":[{"taxonomy":"product_brand","embeddable":true,"href":"https:\/\/www.bagnoitalia.com\/es\/wp-json\/wp\/v2\/product_brand?post=102889"},{"taxonomy":"product_cat","embeddable":true,"href":"https:\/\/www.bagnoitalia.com\/es\/wp-json\/wp\/v2\/product_cat?post=102889"},{"taxonomy":"product_tag","embeddable":true,"href":"https:\/\/www.bagnoitalia.com\/es\/wp-json\/wp\/v2\/product_tag?post=102889"}],"curies":[{"name":"wp","href":"https:\/\/api.w.org\/{rel}","templated":true}]}}