{"id":101439,"date":"2025-01-23T14:57:31","date_gmt":"2025-01-23T13:57:31","guid":{"rendered":"https:\/\/www.bagnoitalia.com\/120x80-or-150x80-cm-desk-also-available-with-corner-tl041.html"},"modified":"2025-01-23T15:00:01","modified_gmt":"2025-01-23T14:00:01","slug":"120x80-or-150x80-cm-desk-also-available-with-corner-tl041","status":"publish","type":"product","link":"https:\/\/www.bagnoitalia.com\/es\/producto\/120x80-or-150x80-cm-desk-also-available-with-corner-tl041.html","title":{"rendered":"Escritorio de 120&#215;80 o 150&#215;80 cm tambi\u00e9n disponible con esquina TL041"},"content":{"rendered":"<p>TL041&#8242; ESCRITORIO 120 o 150 cm con o sin esquina<\/p>\n<p>&nbsp;<\/p>\n<p>&nbsp;<\/p>\n<p>&nbsp;<\/p>\n<p>&nbsp;<\/p>\n<p>DETALLES DEL PRODUCTO<\/p>\n<p>Mesa de escritorio adecuada para oficinas o habitaciones<\/p>\n<p>Altura: 74cm<\/p>\n<p>Profundidad: 80cm<\/p>\n<p>Longitud disponible a partir de: 120cm o 150cm, seleccione el tama\u00f1o a trav\u00e9s del men\u00fa de arriba<\/p>\n<p>Es posible a\u00f1adir una esquina de 80&#215;80 cm (con pata central de metal) seleccionando esta opci\u00f3n en el men\u00fa de arriba<\/p>\n<p>Color: roble con patas blancas<\/p>\n<p>Estructura de madera con revestimiento de melamina<\/p>\n<p>F\u00e1cil de montar y limpiar<\/p>\n<p>&nbsp;<\/p>\n<p>&nbsp;<\/p>\n<p>&nbsp;<\/p>\n<p>&nbsp;<\/p>\n<p>&nbsp;<\/p>\n<p>&nbsp;<\/p>\n<p>&nbsp;<\/p>\n<p>&nbsp;<\/p>\n<p>&nbsp;<\/p>\n<p>&nbsp;<\/p>\n<p>&nbsp;<\/p>\n<p>&nbsp;<\/p>\n<p>&nbsp;<\/p>\n<p>&nbsp;<\/p>\n<p>&nbsp;<\/p>\n<p>94876<br \/>\n94877<br \/>\n94878<\/p>\n<p>&nbsp;<\/p>\n<p>&nbsp;<\/p>\n<p>&nbsp;<\/p>\n","protected":false},"excerpt":{"rendered":"<p>Moderna mesa de estudio-oficina en dos medidas a elegir, 120 \u00f3 150 cm, con posibilidad de a\u00f1adir una esquina adicional de 80 cm. Fabricada en madera, revestimiento de melamina color roble y patas blancas.<\/p>\n","protected":false},"featured_media":101422,"comment_status":"open","ping_status":"closed","template":"","meta":[],"product_brand":[10113],"product_cat":[9999],"product_tag":[],"class_list":{"0":"post-101439","1":"product","2":"type-product","3":"status-publish","4":"has-post-thumbnail","6":"product_brand-antonio-capaldo","7":"product_cat-escritorios","9":"first","10":"instock","11":"sale","12":"taxable","13":"shipping-taxable","14":"purchasable","15":"product-type-simple"},"exclude_global_add_ons":false,"addons":[{"name":"Dimensiones","type":"multiple_choice","position":0,"required":false,"title_format":"label","default":"","description_enable":false,"description":"","placeholder_enable":false,"placeholder":"","display":"select","restrictions_type":"any_text","adjust_price":false,"price":"","price_type":"flat_fee","restrictions":false,"min":"0","max":"0","options":[{"label":"120x80 cm","price":"","price_type":"flat_fee","image":0,"visibility":true},{"label":"no disponible - 150x80 cm","price":"10","price_type":"flat_fee","image":0,"visibility":true}],"id":1737644252},{"name":"Esquina","type":"multiple_choice","position":1,"required":false,"title_format":"label","default":"","description_enable":false,"description":"","placeholder_enable":false,"placeholder":"","display":"select","restrictions_type":"any_text","adjust_price":false,"price":"","price_type":"flat_fee","restrictions":false,"min":"0","max":"0","options":[{"label":"No","price":"","price_type":"flat_fee","image":0,"visibility":true},{"label":"Esquina adicional de 80x80 cm","price":"99","price_type":"flat_fee","image":0,"visibility":true}],"id":1737644253}],"yoast_head":"<!-- This site is optimized with the Yoast SEO plugin v26.7 - https:\/\/yoast.com\/wordpress\/plugins\/seo\/ -->\n<title>Escritorio de 120x80 o 150x80 cm tambi\u00e9n disponible con esquina TL041 - Bagno Italia<\/title>\n<meta name=\"robots\" content=\"index, follow, max-snippet:-1, max-image-preview:large, max-video-preview:-1\" \/>\n<link rel=\"canonical\" href=\"https:\/\/www.bagnoitalia.com\/es\/producto\/120x80-or-150x80-cm-desk-also-available-with-corner-tl041.html\" \/>\n<meta property=\"og:locale\" content=\"es_ES\" \/>\n<meta property=\"og:type\" content=\"article\" \/>\n<meta property=\"og:title\" content=\"Escritorio de 120x80 o 150x80 cm tambi\u00e9n disponible con esquina TL041 - Bagno Italia\" \/>\n<meta property=\"og:description\" content=\"Moderna mesa de estudio-oficina en dos medidas a elegir, 120 \u00f3 150 cm, con posibilidad de a\u00f1adir una esquina adicional de 80 cm. Fabricada en madera, revestimiento de melamina color roble y patas blancas.\" \/>\n<meta property=\"og:url\" content=\"https:\/\/www.bagnoitalia.com\/es\/producto\/120x80-or-150x80-cm-desk-also-available-with-corner-tl041.html\" \/>\n<meta property=\"og:site_name\" content=\"Bagno Italia\" \/>\n<meta property=\"article:modified_time\" content=\"2025-01-23T14:00:01+00:00\" \/>\n<meta property=\"og:image\" content=\"https:\/\/img.bagnoitalia.com\/wp-content\/uploads\/1-153.webp\" \/>\n\t<meta property=\"og:image:width\" content=\"1000\" \/>\n\t<meta property=\"og:image:height\" content=\"1000\" \/>\n\t<meta property=\"og:image:type\" content=\"image\/webp\" \/>\n<meta name=\"twitter:card\" content=\"summary_large_image\" \/>\n<meta name=\"twitter:label1\" content=\"Tiempo de lectura\" \/>\n\t<meta name=\"twitter:data1\" content=\"1 minuto\" \/>\n<script type=\"application\/ld+json\" class=\"yoast-schema-graph\">{\"@context\":\"https:\/\/schema.org\",\"@graph\":[{\"@type\":\"WebPage\",\"@id\":\"https:\/\/www.bagnoitalia.com\/es\/producto\/120x80-or-150x80-cm-desk-also-available-with-corner-tl041.html\",\"url\":\"https:\/\/www.bagnoitalia.com\/es\/producto\/120x80-or-150x80-cm-desk-also-available-with-corner-tl041.html\",\"name\":\"Escritorio de 120x80 o 150x80 cm tambi\u00e9n disponible con esquina TL041 - Bagno Italia\",\"isPartOf\":{\"@id\":\"https:\/\/www.bagnoitalia.com\/es#website\"},\"primaryImageOfPage\":{\"@id\":\"https:\/\/www.bagnoitalia.com\/es\/producto\/120x80-or-150x80-cm-desk-also-available-with-corner-tl041.html#primaryimage\"},\"image\":{\"@id\":\"https:\/\/www.bagnoitalia.com\/es\/producto\/120x80-or-150x80-cm-desk-also-available-with-corner-tl041.html#primaryimage\"},\"thumbnailUrl\":\"https:\/\/img.bagnoitalia.com\/wp-content\/uploads\/1-153.webp\",\"datePublished\":\"2025-01-23T13:57:31+00:00\",\"dateModified\":\"2025-01-23T14:00:01+00:00\",\"breadcrumb\":{\"@id\":\"https:\/\/www.bagnoitalia.com\/es\/producto\/120x80-or-150x80-cm-desk-also-available-with-corner-tl041.html#breadcrumb\"},\"inLanguage\":\"es\",\"potentialAction\":[{\"@type\":\"ReadAction\",\"target\":[\"https:\/\/www.bagnoitalia.com\/es\/producto\/120x80-or-150x80-cm-desk-also-available-with-corner-tl041.html\"]}]},{\"@type\":\"ImageObject\",\"inLanguage\":\"es\",\"@id\":\"https:\/\/www.bagnoitalia.com\/es\/producto\/120x80-or-150x80-cm-desk-also-available-with-corner-tl041.html#primaryimage\",\"url\":\"https:\/\/img.bagnoitalia.com\/wp-content\/uploads\/1-153.webp\",\"contentUrl\":\"https:\/\/img.bagnoitalia.com\/wp-content\/uploads\/1-153.webp\",\"width\":1000,\"height\":1000},{\"@type\":\"BreadcrumbList\",\"@id\":\"https:\/\/www.bagnoitalia.com\/es\/producto\/120x80-or-150x80-cm-desk-also-available-with-corner-tl041.html#breadcrumb\",\"itemListElement\":[{\"@type\":\"ListItem\",\"position\":1,\"name\":\"Home\",\"item\":\"https:\/\/www.bagnoitalia.com\/es\"},{\"@type\":\"ListItem\",\"position\":2,\"name\":\"Productos\",\"item\":\"https:\/\/www.bagnoitalia.com\/es\/shop\"},{\"@type\":\"ListItem\",\"position\":3,\"name\":\"Escritorio de 120&#215;80 o 150&#215;80 cm tambi\u00e9n disponible con esquina TL041\"}]},{\"@type\":\"WebSite\",\"@id\":\"https:\/\/www.bagnoitalia.com\/es#website\",\"url\":\"https:\/\/www.bagnoitalia.com\/es\",\"name\":\"Bagno Italia\",\"description\":\"\",\"publisher\":{\"@id\":\"https:\/\/www.bagnoitalia.com\/es#organization\"},\"potentialAction\":[{\"@type\":\"SearchAction\",\"target\":{\"@type\":\"EntryPoint\",\"urlTemplate\":\"https:\/\/www.bagnoitalia.com\/es?s={search_term_string}\"},\"query-input\":{\"@type\":\"PropertyValueSpecification\",\"valueRequired\":true,\"valueName\":\"search_term_string\"}}],\"inLanguage\":\"es\"},{\"@type\":\"Organization\",\"@id\":\"https:\/\/www.bagnoitalia.com\/es#organization\",\"name\":\"Bagno Italia\",\"url\":\"https:\/\/www.bagnoitalia.com\/es\",\"logo\":{\"@type\":\"ImageObject\",\"inLanguage\":\"es\",\"@id\":\"https:\/\/www.bagnoitalia.com\/es#\/schema\/logo\/image\/\",\"url\":\"https:\/\/img.bagnoitalia.com\/wp-content\/uploads\/logo-bagnoitalia.webp\",\"contentUrl\":\"https:\/\/img.bagnoitalia.com\/wp-content\/uploads\/logo-bagnoitalia.webp\",\"width\":400,\"height\":70,\"caption\":\"Bagno Italia\"},\"image\":{\"@id\":\"https:\/\/www.bagnoitalia.com\/es#\/schema\/logo\/image\/\"}}]}<\/script>\n<!-- \/ Yoast SEO plugin. -->","yoast_head_json":{"title":"Escritorio de 120x80 o 150x80 cm tambi\u00e9n disponible con esquina TL041 - Bagno Italia","robots":{"index":"index","follow":"follow","max-snippet":"max-snippet:-1","max-image-preview":"max-image-preview:large","max-video-preview":"max-video-preview:-1"},"canonical":"https:\/\/www.bagnoitalia.com\/es\/producto\/120x80-or-150x80-cm-desk-also-available-with-corner-tl041.html","og_locale":"es_ES","og_type":"article","og_title":"Escritorio de 120x80 o 150x80 cm tambi\u00e9n disponible con esquina TL041 - Bagno Italia","og_description":"Moderna mesa de estudio-oficina en dos medidas a elegir, 120 \u00f3 150 cm, con posibilidad de a\u00f1adir una esquina adicional de 80 cm. Fabricada en madera, revestimiento de melamina color roble y patas blancas.","og_url":"https:\/\/www.bagnoitalia.com\/es\/producto\/120x80-or-150x80-cm-desk-also-available-with-corner-tl041.html","og_site_name":"Bagno Italia","article_modified_time":"2025-01-23T14:00:01+00:00","og_image":[{"width":1000,"height":1000,"url":"https:\/\/img.bagnoitalia.com\/wp-content\/uploads\/1-153.webp","type":"image\/webp"}],"twitter_card":"summary_large_image","twitter_misc":{"Tiempo de lectura":"1 minuto"},"schema":{"@context":"https:\/\/schema.org","@graph":[{"@type":"WebPage","@id":"https:\/\/www.bagnoitalia.com\/es\/producto\/120x80-or-150x80-cm-desk-also-available-with-corner-tl041.html","url":"https:\/\/www.bagnoitalia.com\/es\/producto\/120x80-or-150x80-cm-desk-also-available-with-corner-tl041.html","name":"Escritorio de 120x80 o 150x80 cm tambi\u00e9n disponible con esquina TL041 - Bagno Italia","isPartOf":{"@id":"https:\/\/www.bagnoitalia.com\/es#website"},"primaryImageOfPage":{"@id":"https:\/\/www.bagnoitalia.com\/es\/producto\/120x80-or-150x80-cm-desk-also-available-with-corner-tl041.html#primaryimage"},"image":{"@id":"https:\/\/www.bagnoitalia.com\/es\/producto\/120x80-or-150x80-cm-desk-also-available-with-corner-tl041.html#primaryimage"},"thumbnailUrl":"https:\/\/img.bagnoitalia.com\/wp-content\/uploads\/1-153.webp","datePublished":"2025-01-23T13:57:31+00:00","dateModified":"2025-01-23T14:00:01+00:00","breadcrumb":{"@id":"https:\/\/www.bagnoitalia.com\/es\/producto\/120x80-or-150x80-cm-desk-also-available-with-corner-tl041.html#breadcrumb"},"inLanguage":"es","potentialAction":[{"@type":"ReadAction","target":["https:\/\/www.bagnoitalia.com\/es\/producto\/120x80-or-150x80-cm-desk-also-available-with-corner-tl041.html"]}]},{"@type":"ImageObject","inLanguage":"es","@id":"https:\/\/www.bagnoitalia.com\/es\/producto\/120x80-or-150x80-cm-desk-also-available-with-corner-tl041.html#primaryimage","url":"https:\/\/img.bagnoitalia.com\/wp-content\/uploads\/1-153.webp","contentUrl":"https:\/\/img.bagnoitalia.com\/wp-content\/uploads\/1-153.webp","width":1000,"height":1000},{"@type":"BreadcrumbList","@id":"https:\/\/www.bagnoitalia.com\/es\/producto\/120x80-or-150x80-cm-desk-also-available-with-corner-tl041.html#breadcrumb","itemListElement":[{"@type":"ListItem","position":1,"name":"Home","item":"https:\/\/www.bagnoitalia.com\/es"},{"@type":"ListItem","position":2,"name":"Productos","item":"https:\/\/www.bagnoitalia.com\/es\/shop"},{"@type":"ListItem","position":3,"name":"Escritorio de 120&#215;80 o 150&#215;80 cm tambi\u00e9n disponible con esquina TL041"}]},{"@type":"WebSite","@id":"https:\/\/www.bagnoitalia.com\/es#website","url":"https:\/\/www.bagnoitalia.com\/es","name":"Bagno Italia","description":"","publisher":{"@id":"https:\/\/www.bagnoitalia.com\/es#organization"},"potentialAction":[{"@type":"SearchAction","target":{"@type":"EntryPoint","urlTemplate":"https:\/\/www.bagnoitalia.com\/es?s={search_term_string}"},"query-input":{"@type":"PropertyValueSpecification","valueRequired":true,"valueName":"search_term_string"}}],"inLanguage":"es"},{"@type":"Organization","@id":"https:\/\/www.bagnoitalia.com\/es#organization","name":"Bagno Italia","url":"https:\/\/www.bagnoitalia.com\/es","logo":{"@type":"ImageObject","inLanguage":"es","@id":"https:\/\/www.bagnoitalia.com\/es#\/schema\/logo\/image\/","url":"https:\/\/img.bagnoitalia.com\/wp-content\/uploads\/logo-bagnoitalia.webp","contentUrl":"https:\/\/img.bagnoitalia.com\/wp-content\/uploads\/logo-bagnoitalia.webp","width":400,"height":70,"caption":"Bagno Italia"},"image":{"@id":"https:\/\/www.bagnoitalia.com\/es#\/schema\/logo\/image\/"}}]}},"_links":{"self":[{"href":"https:\/\/www.bagnoitalia.com\/es\/wp-json\/wp\/v2\/product\/101439","targetHints":{"allow":["GET"]}}],"collection":[{"href":"https:\/\/www.bagnoitalia.com\/es\/wp-json\/wp\/v2\/product"}],"about":[{"href":"https:\/\/www.bagnoitalia.com\/es\/wp-json\/wp\/v2\/types\/product"}],"replies":[{"embeddable":true,"href":"https:\/\/www.bagnoitalia.com\/es\/wp-json\/wp\/v2\/comments?post=101439"}],"version-history":[{"count":1,"href":"https:\/\/www.bagnoitalia.com\/es\/wp-json\/wp\/v2\/product\/101439\/revisions"}],"predecessor-version":[{"id":101441,"href":"https:\/\/www.bagnoitalia.com\/es\/wp-json\/wp\/v2\/product\/101439\/revisions\/101441"}],"wp:featuredmedia":[{"embeddable":true,"href":"https:\/\/www.bagnoitalia.com\/es\/wp-json\/wp\/v2\/media\/101422"}],"wp:attachment":[{"href":"https:\/\/www.bagnoitalia.com\/es\/wp-json\/wp\/v2\/media?parent=101439"}],"wp:term":[{"taxonomy":"product_brand","embeddable":true,"href":"https:\/\/www.bagnoitalia.com\/es\/wp-json\/wp\/v2\/product_brand?post=101439"},{"taxonomy":"product_cat","embeddable":true,"href":"https:\/\/www.bagnoitalia.com\/es\/wp-json\/wp\/v2\/product_cat?post=101439"},{"taxonomy":"product_tag","embeddable":true,"href":"https:\/\/www.bagnoitalia.com\/es\/wp-json\/wp\/v2\/product_tag?post=101439"}],"curies":[{"name":"wp","href":"https:\/\/api.w.org\/{rel}","templated":true}]}}