{"id":101094,"date":"2025-01-20T16:09:21","date_gmt":"2025-01-20T15:09:21","guid":{"rendered":"https:\/\/www.bagnoitalia.com\/multipurpose-cabinet-69x35xh170-cm-white-with-2-doors-and-5-shelves-bm128.html"},"modified":"2025-01-20T16:10:40","modified_gmt":"2025-01-20T15:10:40","slug":"multipurpose-cabinet-69x35xh170-cm-white-with-2-doors-and-5-shelves-bm128","status":"publish","type":"product","link":"https:\/\/www.bagnoitalia.com\/es\/producto\/multipurpose-cabinet-69x35xh170-cm-white-with-2-doors-and-5-shelves-bm128.html","title":{"rendered":"Armario multiusos 69x35xAl170 cm blanco con 2 puertas y 5 estantes BM128"},"content":{"rendered":"<p>ARMARIO MULTIUSOS BLANCO 5 ESTANTES &#8216;BM128<\/p>\n<p>&nbsp;<\/p>\n<p>&nbsp;<\/p>\n<p>&nbsp;<\/p>\n<p>&nbsp;<\/p>\n<p>CARACTER\u00cdSTICAS<\/p>\n<p>Mueble bajo multiusos, adecuado para dormitorios, pero tambi\u00e9n para salones o cuartos de ba\u00f1o<\/p>\n<p>Dimensiones: 69xP35xAl170 cm<\/p>\n<p>2 puertas batientes, con tiradores<\/p>\n<p>Consta de 5 estantes interiores<\/p>\n<p>Color blanco<\/p>\n<p>F\u00e1cil de montar y limpiar<\/p>\n<p>&nbsp;<\/p>\n<p>&nbsp;<\/p>\n<p>&nbsp;<\/p>\n<p>&nbsp;<\/p>\n<p>&nbsp;<\/p>\n<p>&nbsp;<\/p>\n<p>&nbsp;<\/p>\n<p>&nbsp;<\/p>\n<p>&nbsp;<\/p>\n<p>&nbsp;<\/p>\n<p>&nbsp;<\/p>\n<p>&nbsp;<\/p>\n<p>&nbsp;<\/p>\n<p>&nbsp;<\/p>\n<p>&nbsp;<\/p>\n<p>&nbsp;<\/p>\n<p>&nbsp;<\/p>\n<p>&nbsp;<\/p>\n<p>75945<\/p>\n<p>&nbsp;<\/p>\n","protected":false},"excerpt":{"rendered":"<p>Moderno mueble multiusos, se puede colocar en el dormitorio, el sal\u00f3n o el ba\u00f1o. Incluye 5 estantes interiores, tambi\u00e9n se puede utilizar como zapatero.<\/p>\n","protected":false},"featured_media":101090,"comment_status":"open","ping_status":"closed","template":"","meta":[],"product_brand":[10113],"product_cat":[9789,9773],"product_tag":[],"class_list":{"0":"post-101094","1":"product","2":"type-product","3":"status-publish","4":"has-post-thumbnail","6":"product_brand-antonio-capaldo","7":"product_cat-muebles-varios-muebles-de-interior","8":"product_cat-muebles-de-interior","10":"first","11":"instock","12":"sale","13":"taxable","14":"shipping-taxable","15":"purchasable","16":"product-type-simple"},"exclude_global_add_ons":[],"addons":[],"yoast_head":"<!-- This site is optimized with the Yoast SEO plugin v26.7 - https:\/\/yoast.com\/wordpress\/plugins\/seo\/ -->\n<title>Armario multiusos 69x35xAl170 cm blanco con 2 puertas y 5 estantes BM128 - Bagno Italia<\/title>\n<meta name=\"robots\" content=\"index, follow, max-snippet:-1, max-image-preview:large, max-video-preview:-1\" \/>\n<link rel=\"canonical\" href=\"https:\/\/www.bagnoitalia.com\/es\/producto\/multipurpose-cabinet-69x35xh170-cm-white-with-2-doors-and-5-shelves-bm128.html\" \/>\n<meta property=\"og:locale\" content=\"es_ES\" \/>\n<meta property=\"og:type\" content=\"article\" \/>\n<meta property=\"og:title\" content=\"Armario multiusos 69x35xAl170 cm blanco con 2 puertas y 5 estantes BM128 - Bagno Italia\" \/>\n<meta property=\"og:description\" content=\"Moderno mueble multiusos, se puede colocar en el dormitorio, el sal\u00f3n o el ba\u00f1o. Incluye 5 estantes interiores, tambi\u00e9n se puede utilizar como zapatero.\" \/>\n<meta property=\"og:url\" content=\"https:\/\/www.bagnoitalia.com\/es\/producto\/multipurpose-cabinet-69x35xh170-cm-white-with-2-doors-and-5-shelves-bm128.html\" \/>\n<meta property=\"og:site_name\" content=\"Bagno Italia\" \/>\n<meta property=\"article:modified_time\" content=\"2025-01-20T15:10:40+00:00\" \/>\n<meta property=\"og:image\" content=\"https:\/\/img.bagnoitalia.com\/wp-content\/uploads\/1-146.webp\" \/>\n\t<meta property=\"og:image:width\" content=\"600\" \/>\n\t<meta property=\"og:image:height\" content=\"600\" \/>\n\t<meta property=\"og:image:type\" content=\"image\/webp\" \/>\n<meta name=\"twitter:card\" content=\"summary_large_image\" \/>\n<meta name=\"twitter:label1\" content=\"Tiempo de lectura\" \/>\n\t<meta name=\"twitter:data1\" content=\"1 minuto\" \/>\n<script type=\"application\/ld+json\" class=\"yoast-schema-graph\">{\"@context\":\"https:\/\/schema.org\",\"@graph\":[{\"@type\":\"WebPage\",\"@id\":\"https:\/\/www.bagnoitalia.com\/es\/producto\/multipurpose-cabinet-69x35xh170-cm-white-with-2-doors-and-5-shelves-bm128.html\",\"url\":\"https:\/\/www.bagnoitalia.com\/es\/producto\/multipurpose-cabinet-69x35xh170-cm-white-with-2-doors-and-5-shelves-bm128.html\",\"name\":\"Armario multiusos 69x35xAl170 cm blanco con 2 puertas y 5 estantes BM128 - Bagno Italia\",\"isPartOf\":{\"@id\":\"https:\/\/www.bagnoitalia.com\/es#website\"},\"primaryImageOfPage\":{\"@id\":\"https:\/\/www.bagnoitalia.com\/es\/producto\/multipurpose-cabinet-69x35xh170-cm-white-with-2-doors-and-5-shelves-bm128.html#primaryimage\"},\"image\":{\"@id\":\"https:\/\/www.bagnoitalia.com\/es\/producto\/multipurpose-cabinet-69x35xh170-cm-white-with-2-doors-and-5-shelves-bm128.html#primaryimage\"},\"thumbnailUrl\":\"https:\/\/img.bagnoitalia.com\/wp-content\/uploads\/1-146.webp\",\"datePublished\":\"2025-01-20T15:09:21+00:00\",\"dateModified\":\"2025-01-20T15:10:40+00:00\",\"breadcrumb\":{\"@id\":\"https:\/\/www.bagnoitalia.com\/es\/producto\/multipurpose-cabinet-69x35xh170-cm-white-with-2-doors-and-5-shelves-bm128.html#breadcrumb\"},\"inLanguage\":\"es\",\"potentialAction\":[{\"@type\":\"ReadAction\",\"target\":[\"https:\/\/www.bagnoitalia.com\/es\/producto\/multipurpose-cabinet-69x35xh170-cm-white-with-2-doors-and-5-shelves-bm128.html\"]}]},{\"@type\":\"ImageObject\",\"inLanguage\":\"es\",\"@id\":\"https:\/\/www.bagnoitalia.com\/es\/producto\/multipurpose-cabinet-69x35xh170-cm-white-with-2-doors-and-5-shelves-bm128.html#primaryimage\",\"url\":\"https:\/\/img.bagnoitalia.com\/wp-content\/uploads\/1-146.webp\",\"contentUrl\":\"https:\/\/img.bagnoitalia.com\/wp-content\/uploads\/1-146.webp\",\"width\":600,\"height\":600},{\"@type\":\"BreadcrumbList\",\"@id\":\"https:\/\/www.bagnoitalia.com\/es\/producto\/multipurpose-cabinet-69x35xh170-cm-white-with-2-doors-and-5-shelves-bm128.html#breadcrumb\",\"itemListElement\":[{\"@type\":\"ListItem\",\"position\":1,\"name\":\"Home\",\"item\":\"https:\/\/www.bagnoitalia.com\/es\"},{\"@type\":\"ListItem\",\"position\":2,\"name\":\"Productos\",\"item\":\"https:\/\/www.bagnoitalia.com\/es\/shop\"},{\"@type\":\"ListItem\",\"position\":3,\"name\":\"Armario multiusos 69x35xAl170 cm blanco con 2 puertas y 5 estantes BM128\"}]},{\"@type\":\"WebSite\",\"@id\":\"https:\/\/www.bagnoitalia.com\/es#website\",\"url\":\"https:\/\/www.bagnoitalia.com\/es\",\"name\":\"Bagno Italia\",\"description\":\"\",\"publisher\":{\"@id\":\"https:\/\/www.bagnoitalia.com\/es#organization\"},\"potentialAction\":[{\"@type\":\"SearchAction\",\"target\":{\"@type\":\"EntryPoint\",\"urlTemplate\":\"https:\/\/www.bagnoitalia.com\/es?s={search_term_string}\"},\"query-input\":{\"@type\":\"PropertyValueSpecification\",\"valueRequired\":true,\"valueName\":\"search_term_string\"}}],\"inLanguage\":\"es\"},{\"@type\":\"Organization\",\"@id\":\"https:\/\/www.bagnoitalia.com\/es#organization\",\"name\":\"Bagno Italia\",\"url\":\"https:\/\/www.bagnoitalia.com\/es\",\"logo\":{\"@type\":\"ImageObject\",\"inLanguage\":\"es\",\"@id\":\"https:\/\/www.bagnoitalia.com\/es#\/schema\/logo\/image\/\",\"url\":\"https:\/\/img.bagnoitalia.com\/wp-content\/uploads\/logo-bagnoitalia.webp\",\"contentUrl\":\"https:\/\/img.bagnoitalia.com\/wp-content\/uploads\/logo-bagnoitalia.webp\",\"width\":400,\"height\":70,\"caption\":\"Bagno Italia\"},\"image\":{\"@id\":\"https:\/\/www.bagnoitalia.com\/es#\/schema\/logo\/image\/\"}}]}<\/script>\n<!-- \/ Yoast SEO plugin. -->","yoast_head_json":{"title":"Armario multiusos 69x35xAl170 cm blanco con 2 puertas y 5 estantes BM128 - Bagno Italia","robots":{"index":"index","follow":"follow","max-snippet":"max-snippet:-1","max-image-preview":"max-image-preview:large","max-video-preview":"max-video-preview:-1"},"canonical":"https:\/\/www.bagnoitalia.com\/es\/producto\/multipurpose-cabinet-69x35xh170-cm-white-with-2-doors-and-5-shelves-bm128.html","og_locale":"es_ES","og_type":"article","og_title":"Armario multiusos 69x35xAl170 cm blanco con 2 puertas y 5 estantes BM128 - Bagno Italia","og_description":"Moderno mueble multiusos, se puede colocar en el dormitorio, el sal\u00f3n o el ba\u00f1o. Incluye 5 estantes interiores, tambi\u00e9n se puede utilizar como zapatero.","og_url":"https:\/\/www.bagnoitalia.com\/es\/producto\/multipurpose-cabinet-69x35xh170-cm-white-with-2-doors-and-5-shelves-bm128.html","og_site_name":"Bagno Italia","article_modified_time":"2025-01-20T15:10:40+00:00","og_image":[{"width":600,"height":600,"url":"https:\/\/img.bagnoitalia.com\/wp-content\/uploads\/1-146.webp","type":"image\/webp"}],"twitter_card":"summary_large_image","twitter_misc":{"Tiempo de lectura":"1 minuto"},"schema":{"@context":"https:\/\/schema.org","@graph":[{"@type":"WebPage","@id":"https:\/\/www.bagnoitalia.com\/es\/producto\/multipurpose-cabinet-69x35xh170-cm-white-with-2-doors-and-5-shelves-bm128.html","url":"https:\/\/www.bagnoitalia.com\/es\/producto\/multipurpose-cabinet-69x35xh170-cm-white-with-2-doors-and-5-shelves-bm128.html","name":"Armario multiusos 69x35xAl170 cm blanco con 2 puertas y 5 estantes BM128 - Bagno Italia","isPartOf":{"@id":"https:\/\/www.bagnoitalia.com\/es#website"},"primaryImageOfPage":{"@id":"https:\/\/www.bagnoitalia.com\/es\/producto\/multipurpose-cabinet-69x35xh170-cm-white-with-2-doors-and-5-shelves-bm128.html#primaryimage"},"image":{"@id":"https:\/\/www.bagnoitalia.com\/es\/producto\/multipurpose-cabinet-69x35xh170-cm-white-with-2-doors-and-5-shelves-bm128.html#primaryimage"},"thumbnailUrl":"https:\/\/img.bagnoitalia.com\/wp-content\/uploads\/1-146.webp","datePublished":"2025-01-20T15:09:21+00:00","dateModified":"2025-01-20T15:10:40+00:00","breadcrumb":{"@id":"https:\/\/www.bagnoitalia.com\/es\/producto\/multipurpose-cabinet-69x35xh170-cm-white-with-2-doors-and-5-shelves-bm128.html#breadcrumb"},"inLanguage":"es","potentialAction":[{"@type":"ReadAction","target":["https:\/\/www.bagnoitalia.com\/es\/producto\/multipurpose-cabinet-69x35xh170-cm-white-with-2-doors-and-5-shelves-bm128.html"]}]},{"@type":"ImageObject","inLanguage":"es","@id":"https:\/\/www.bagnoitalia.com\/es\/producto\/multipurpose-cabinet-69x35xh170-cm-white-with-2-doors-and-5-shelves-bm128.html#primaryimage","url":"https:\/\/img.bagnoitalia.com\/wp-content\/uploads\/1-146.webp","contentUrl":"https:\/\/img.bagnoitalia.com\/wp-content\/uploads\/1-146.webp","width":600,"height":600},{"@type":"BreadcrumbList","@id":"https:\/\/www.bagnoitalia.com\/es\/producto\/multipurpose-cabinet-69x35xh170-cm-white-with-2-doors-and-5-shelves-bm128.html#breadcrumb","itemListElement":[{"@type":"ListItem","position":1,"name":"Home","item":"https:\/\/www.bagnoitalia.com\/es"},{"@type":"ListItem","position":2,"name":"Productos","item":"https:\/\/www.bagnoitalia.com\/es\/shop"},{"@type":"ListItem","position":3,"name":"Armario multiusos 69x35xAl170 cm blanco con 2 puertas y 5 estantes BM128"}]},{"@type":"WebSite","@id":"https:\/\/www.bagnoitalia.com\/es#website","url":"https:\/\/www.bagnoitalia.com\/es","name":"Bagno Italia","description":"","publisher":{"@id":"https:\/\/www.bagnoitalia.com\/es#organization"},"potentialAction":[{"@type":"SearchAction","target":{"@type":"EntryPoint","urlTemplate":"https:\/\/www.bagnoitalia.com\/es?s={search_term_string}"},"query-input":{"@type":"PropertyValueSpecification","valueRequired":true,"valueName":"search_term_string"}}],"inLanguage":"es"},{"@type":"Organization","@id":"https:\/\/www.bagnoitalia.com\/es#organization","name":"Bagno Italia","url":"https:\/\/www.bagnoitalia.com\/es","logo":{"@type":"ImageObject","inLanguage":"es","@id":"https:\/\/www.bagnoitalia.com\/es#\/schema\/logo\/image\/","url":"https:\/\/img.bagnoitalia.com\/wp-content\/uploads\/logo-bagnoitalia.webp","contentUrl":"https:\/\/img.bagnoitalia.com\/wp-content\/uploads\/logo-bagnoitalia.webp","width":400,"height":70,"caption":"Bagno Italia"},"image":{"@id":"https:\/\/www.bagnoitalia.com\/es#\/schema\/logo\/image\/"}}]}},"_links":{"self":[{"href":"https:\/\/www.bagnoitalia.com\/es\/wp-json\/wp\/v2\/product\/101094","targetHints":{"allow":["GET"]}}],"collection":[{"href":"https:\/\/www.bagnoitalia.com\/es\/wp-json\/wp\/v2\/product"}],"about":[{"href":"https:\/\/www.bagnoitalia.com\/es\/wp-json\/wp\/v2\/types\/product"}],"replies":[{"embeddable":true,"href":"https:\/\/www.bagnoitalia.com\/es\/wp-json\/wp\/v2\/comments?post=101094"}],"version-history":[{"count":1,"href":"https:\/\/www.bagnoitalia.com\/es\/wp-json\/wp\/v2\/product\/101094\/revisions"}],"predecessor-version":[{"id":101096,"href":"https:\/\/www.bagnoitalia.com\/es\/wp-json\/wp\/v2\/product\/101094\/revisions\/101096"}],"wp:featuredmedia":[{"embeddable":true,"href":"https:\/\/www.bagnoitalia.com\/es\/wp-json\/wp\/v2\/media\/101090"}],"wp:attachment":[{"href":"https:\/\/www.bagnoitalia.com\/es\/wp-json\/wp\/v2\/media?parent=101094"}],"wp:term":[{"taxonomy":"product_brand","embeddable":true,"href":"https:\/\/www.bagnoitalia.com\/es\/wp-json\/wp\/v2\/product_brand?post=101094"},{"taxonomy":"product_cat","embeddable":true,"href":"https:\/\/www.bagnoitalia.com\/es\/wp-json\/wp\/v2\/product_cat?post=101094"},{"taxonomy":"product_tag","embeddable":true,"href":"https:\/\/www.bagnoitalia.com\/es\/wp-json\/wp\/v2\/product_tag?post=101094"}],"curies":[{"name":"wp","href":"https:\/\/api.w.org\/{rel}","templated":true}]}}