{"id":100790,"date":"2025-01-15T15:24:31","date_gmt":"2025-01-15T14:24:31","guid":{"rendered":"https:\/\/www.bagnoitalia.com\/bedside-table-40x40xh50-cm-concrete-grey-with-one-white-drawer-bm119.html"},"modified":"2025-01-15T15:25:50","modified_gmt":"2025-01-15T14:25:50","slug":"bedside-table-40x40xh50-cm-concrete-grey-with-one-white-drawer-bm119","status":"publish","type":"product","link":"https:\/\/www.bagnoitalia.com\/es\/producto\/bedside-table-40x40xh50-cm-concrete-grey-with-one-white-drawer-bm119.html","title":{"rendered":"Mesilla de noche 40x40xH50 cm gris hormig\u00f3n con un caj\u00f3n blanco BM119"},"content":{"rendered":"<p>Aparador blanco-gris con compartimento abierto y caj\u00f3n &#8216;BM119<\/p>\n<p>&nbsp;<\/p>\n<p>&nbsp;<\/p>\n<p>&nbsp;<\/p>\n<p>&nbsp;<\/p>\n<p>CARACTER\u00cdSTICAS PRINCIPALES<\/p>\n<p>Mesilla de noche para dormitorios<\/p>\n<p>Medidas: 40x40xH50 cm<\/p>\n<p>Color: gris cemento con frontal blanco<\/p>\n<p>Compuesto por: un caj\u00f3n y un compartimento abierto en la parte inferior<\/p>\n<p>Apertura sin tirador, facilitada por una ranura<\/p>\n<p>Estructura de madera revestida de melamina<\/p>\n<p>F\u00e1cil de montar y limpiar<\/p>\n<p>&nbsp;<\/p>\n<p>&nbsp;<\/p>\n<p>&nbsp;<\/p>\n<p>&nbsp;<\/p>\n<p>&nbsp;<\/p>\n<p>&nbsp;<\/p>\n<p>&nbsp;<\/p>\n<p>&nbsp;<\/p>\n<p>&nbsp;<\/p>\n<p>&nbsp;<\/p>\n<p>&nbsp;<\/p>\n<p>&nbsp;<\/p>\n<p>&nbsp;<\/p>\n<p>&nbsp;<\/p>\n<p>&nbsp;<\/p>\n<p>90836<\/p>\n<p>&nbsp;<\/p>\n<p>&nbsp;<\/p>\n","protected":false},"excerpt":{"rendered":"<p>Mesilla de noche moderna para dormitorio, bicolor: marco gris cemento y frente blanco. Consta de un caj\u00f3n y un compartimento de almacenaje abierto.<\/p>\n","protected":false},"featured_media":100782,"comment_status":"open","ping_status":"closed","template":"","meta":[],"product_brand":[10113],"product_cat":[9789,9773],"product_tag":[],"class_list":{"0":"post-100790","1":"product","2":"type-product","3":"status-publish","4":"has-post-thumbnail","6":"product_brand-antonio-capaldo","7":"product_cat-muebles-varios-muebles-de-interior","8":"product_cat-muebles-de-interior","10":"first","11":"instock","12":"sale","13":"taxable","14":"shipping-taxable","15":"purchasable","16":"product-type-simple"},"exclude_global_add_ons":[],"addons":[],"yoast_head":"<!-- This site is optimized with the Yoast SEO plugin v26.7 - https:\/\/yoast.com\/wordpress\/plugins\/seo\/ -->\n<title>Mesilla de noche 40x40xH50 cm gris hormig\u00f3n con un caj\u00f3n blanco BM119 - Bagno Italia<\/title>\n<meta name=\"robots\" content=\"index, follow, max-snippet:-1, max-image-preview:large, max-video-preview:-1\" \/>\n<link rel=\"canonical\" href=\"https:\/\/www.bagnoitalia.com\/es\/producto\/bedside-table-40x40xh50-cm-concrete-grey-with-one-white-drawer-bm119.html\" \/>\n<meta property=\"og:locale\" content=\"es_ES\" \/>\n<meta property=\"og:type\" content=\"article\" \/>\n<meta property=\"og:title\" content=\"Mesilla de noche 40x40xH50 cm gris hormig\u00f3n con un caj\u00f3n blanco BM119 - Bagno Italia\" \/>\n<meta property=\"og:description\" content=\"Mesilla de noche moderna para dormitorio, bicolor: marco gris cemento y frente blanco. Consta de un caj\u00f3n y un compartimento de almacenaje abierto.\" \/>\n<meta property=\"og:url\" content=\"https:\/\/www.bagnoitalia.com\/es\/producto\/bedside-table-40x40xh50-cm-concrete-grey-with-one-white-drawer-bm119.html\" \/>\n<meta property=\"og:site_name\" content=\"Bagno Italia\" \/>\n<meta property=\"article:modified_time\" content=\"2025-01-15T14:25:50+00:00\" \/>\n<meta property=\"og:image\" content=\"https:\/\/img.bagnoitalia.com\/wp-content\/uploads\/1-133.webp\" \/>\n\t<meta property=\"og:image:width\" content=\"600\" \/>\n\t<meta property=\"og:image:height\" content=\"600\" \/>\n\t<meta property=\"og:image:type\" content=\"image\/webp\" \/>\n<meta name=\"twitter:card\" content=\"summary_large_image\" \/>\n<meta name=\"twitter:label1\" content=\"Tiempo de lectura\" \/>\n\t<meta name=\"twitter:data1\" content=\"1 minuto\" \/>\n<script type=\"application\/ld+json\" class=\"yoast-schema-graph\">{\"@context\":\"https:\/\/schema.org\",\"@graph\":[{\"@type\":\"WebPage\",\"@id\":\"https:\/\/www.bagnoitalia.com\/es\/producto\/bedside-table-40x40xh50-cm-concrete-grey-with-one-white-drawer-bm119.html\",\"url\":\"https:\/\/www.bagnoitalia.com\/es\/producto\/bedside-table-40x40xh50-cm-concrete-grey-with-one-white-drawer-bm119.html\",\"name\":\"Mesilla de noche 40x40xH50 cm gris hormig\u00f3n con un caj\u00f3n blanco BM119 - Bagno Italia\",\"isPartOf\":{\"@id\":\"https:\/\/www.bagnoitalia.com\/es#website\"},\"primaryImageOfPage\":{\"@id\":\"https:\/\/www.bagnoitalia.com\/es\/producto\/bedside-table-40x40xh50-cm-concrete-grey-with-one-white-drawer-bm119.html#primaryimage\"},\"image\":{\"@id\":\"https:\/\/www.bagnoitalia.com\/es\/producto\/bedside-table-40x40xh50-cm-concrete-grey-with-one-white-drawer-bm119.html#primaryimage\"},\"thumbnailUrl\":\"https:\/\/img.bagnoitalia.com\/wp-content\/uploads\/1-133.webp\",\"datePublished\":\"2025-01-15T14:24:31+00:00\",\"dateModified\":\"2025-01-15T14:25:50+00:00\",\"breadcrumb\":{\"@id\":\"https:\/\/www.bagnoitalia.com\/es\/producto\/bedside-table-40x40xh50-cm-concrete-grey-with-one-white-drawer-bm119.html#breadcrumb\"},\"inLanguage\":\"es\",\"potentialAction\":[{\"@type\":\"ReadAction\",\"target\":[\"https:\/\/www.bagnoitalia.com\/es\/producto\/bedside-table-40x40xh50-cm-concrete-grey-with-one-white-drawer-bm119.html\"]}]},{\"@type\":\"ImageObject\",\"inLanguage\":\"es\",\"@id\":\"https:\/\/www.bagnoitalia.com\/es\/producto\/bedside-table-40x40xh50-cm-concrete-grey-with-one-white-drawer-bm119.html#primaryimage\",\"url\":\"https:\/\/img.bagnoitalia.com\/wp-content\/uploads\/1-133.webp\",\"contentUrl\":\"https:\/\/img.bagnoitalia.com\/wp-content\/uploads\/1-133.webp\",\"width\":600,\"height\":600},{\"@type\":\"BreadcrumbList\",\"@id\":\"https:\/\/www.bagnoitalia.com\/es\/producto\/bedside-table-40x40xh50-cm-concrete-grey-with-one-white-drawer-bm119.html#breadcrumb\",\"itemListElement\":[{\"@type\":\"ListItem\",\"position\":1,\"name\":\"Home\",\"item\":\"https:\/\/www.bagnoitalia.com\/es\"},{\"@type\":\"ListItem\",\"position\":2,\"name\":\"Productos\",\"item\":\"https:\/\/www.bagnoitalia.com\/es\/shop\"},{\"@type\":\"ListItem\",\"position\":3,\"name\":\"Mesilla de noche 40x40xH50 cm gris hormig\u00f3n con un caj\u00f3n blanco BM119\"}]},{\"@type\":\"WebSite\",\"@id\":\"https:\/\/www.bagnoitalia.com\/es#website\",\"url\":\"https:\/\/www.bagnoitalia.com\/es\",\"name\":\"Bagno Italia\",\"description\":\"\",\"publisher\":{\"@id\":\"https:\/\/www.bagnoitalia.com\/es#organization\"},\"potentialAction\":[{\"@type\":\"SearchAction\",\"target\":{\"@type\":\"EntryPoint\",\"urlTemplate\":\"https:\/\/www.bagnoitalia.com\/es?s={search_term_string}\"},\"query-input\":{\"@type\":\"PropertyValueSpecification\",\"valueRequired\":true,\"valueName\":\"search_term_string\"}}],\"inLanguage\":\"es\"},{\"@type\":\"Organization\",\"@id\":\"https:\/\/www.bagnoitalia.com\/es#organization\",\"name\":\"Bagno Italia\",\"url\":\"https:\/\/www.bagnoitalia.com\/es\",\"logo\":{\"@type\":\"ImageObject\",\"inLanguage\":\"es\",\"@id\":\"https:\/\/www.bagnoitalia.com\/es#\/schema\/logo\/image\/\",\"url\":\"https:\/\/img.bagnoitalia.com\/wp-content\/uploads\/logo-bagnoitalia.webp\",\"contentUrl\":\"https:\/\/img.bagnoitalia.com\/wp-content\/uploads\/logo-bagnoitalia.webp\",\"width\":400,\"height\":70,\"caption\":\"Bagno Italia\"},\"image\":{\"@id\":\"https:\/\/www.bagnoitalia.com\/es#\/schema\/logo\/image\/\"}}]}<\/script>\n<!-- \/ Yoast SEO plugin. -->","yoast_head_json":{"title":"Mesilla de noche 40x40xH50 cm gris hormig\u00f3n con un caj\u00f3n blanco BM119 - Bagno Italia","robots":{"index":"index","follow":"follow","max-snippet":"max-snippet:-1","max-image-preview":"max-image-preview:large","max-video-preview":"max-video-preview:-1"},"canonical":"https:\/\/www.bagnoitalia.com\/es\/producto\/bedside-table-40x40xh50-cm-concrete-grey-with-one-white-drawer-bm119.html","og_locale":"es_ES","og_type":"article","og_title":"Mesilla de noche 40x40xH50 cm gris hormig\u00f3n con un caj\u00f3n blanco BM119 - Bagno Italia","og_description":"Mesilla de noche moderna para dormitorio, bicolor: marco gris cemento y frente blanco. Consta de un caj\u00f3n y un compartimento de almacenaje abierto.","og_url":"https:\/\/www.bagnoitalia.com\/es\/producto\/bedside-table-40x40xh50-cm-concrete-grey-with-one-white-drawer-bm119.html","og_site_name":"Bagno Italia","article_modified_time":"2025-01-15T14:25:50+00:00","og_image":[{"width":600,"height":600,"url":"https:\/\/img.bagnoitalia.com\/wp-content\/uploads\/1-133.webp","type":"image\/webp"}],"twitter_card":"summary_large_image","twitter_misc":{"Tiempo de lectura":"1 minuto"},"schema":{"@context":"https:\/\/schema.org","@graph":[{"@type":"WebPage","@id":"https:\/\/www.bagnoitalia.com\/es\/producto\/bedside-table-40x40xh50-cm-concrete-grey-with-one-white-drawer-bm119.html","url":"https:\/\/www.bagnoitalia.com\/es\/producto\/bedside-table-40x40xh50-cm-concrete-grey-with-one-white-drawer-bm119.html","name":"Mesilla de noche 40x40xH50 cm gris hormig\u00f3n con un caj\u00f3n blanco BM119 - Bagno Italia","isPartOf":{"@id":"https:\/\/www.bagnoitalia.com\/es#website"},"primaryImageOfPage":{"@id":"https:\/\/www.bagnoitalia.com\/es\/producto\/bedside-table-40x40xh50-cm-concrete-grey-with-one-white-drawer-bm119.html#primaryimage"},"image":{"@id":"https:\/\/www.bagnoitalia.com\/es\/producto\/bedside-table-40x40xh50-cm-concrete-grey-with-one-white-drawer-bm119.html#primaryimage"},"thumbnailUrl":"https:\/\/img.bagnoitalia.com\/wp-content\/uploads\/1-133.webp","datePublished":"2025-01-15T14:24:31+00:00","dateModified":"2025-01-15T14:25:50+00:00","breadcrumb":{"@id":"https:\/\/www.bagnoitalia.com\/es\/producto\/bedside-table-40x40xh50-cm-concrete-grey-with-one-white-drawer-bm119.html#breadcrumb"},"inLanguage":"es","potentialAction":[{"@type":"ReadAction","target":["https:\/\/www.bagnoitalia.com\/es\/producto\/bedside-table-40x40xh50-cm-concrete-grey-with-one-white-drawer-bm119.html"]}]},{"@type":"ImageObject","inLanguage":"es","@id":"https:\/\/www.bagnoitalia.com\/es\/producto\/bedside-table-40x40xh50-cm-concrete-grey-with-one-white-drawer-bm119.html#primaryimage","url":"https:\/\/img.bagnoitalia.com\/wp-content\/uploads\/1-133.webp","contentUrl":"https:\/\/img.bagnoitalia.com\/wp-content\/uploads\/1-133.webp","width":600,"height":600},{"@type":"BreadcrumbList","@id":"https:\/\/www.bagnoitalia.com\/es\/producto\/bedside-table-40x40xh50-cm-concrete-grey-with-one-white-drawer-bm119.html#breadcrumb","itemListElement":[{"@type":"ListItem","position":1,"name":"Home","item":"https:\/\/www.bagnoitalia.com\/es"},{"@type":"ListItem","position":2,"name":"Productos","item":"https:\/\/www.bagnoitalia.com\/es\/shop"},{"@type":"ListItem","position":3,"name":"Mesilla de noche 40x40xH50 cm gris hormig\u00f3n con un caj\u00f3n blanco BM119"}]},{"@type":"WebSite","@id":"https:\/\/www.bagnoitalia.com\/es#website","url":"https:\/\/www.bagnoitalia.com\/es","name":"Bagno Italia","description":"","publisher":{"@id":"https:\/\/www.bagnoitalia.com\/es#organization"},"potentialAction":[{"@type":"SearchAction","target":{"@type":"EntryPoint","urlTemplate":"https:\/\/www.bagnoitalia.com\/es?s={search_term_string}"},"query-input":{"@type":"PropertyValueSpecification","valueRequired":true,"valueName":"search_term_string"}}],"inLanguage":"es"},{"@type":"Organization","@id":"https:\/\/www.bagnoitalia.com\/es#organization","name":"Bagno Italia","url":"https:\/\/www.bagnoitalia.com\/es","logo":{"@type":"ImageObject","inLanguage":"es","@id":"https:\/\/www.bagnoitalia.com\/es#\/schema\/logo\/image\/","url":"https:\/\/img.bagnoitalia.com\/wp-content\/uploads\/logo-bagnoitalia.webp","contentUrl":"https:\/\/img.bagnoitalia.com\/wp-content\/uploads\/logo-bagnoitalia.webp","width":400,"height":70,"caption":"Bagno Italia"},"image":{"@id":"https:\/\/www.bagnoitalia.com\/es#\/schema\/logo\/image\/"}}]}},"_links":{"self":[{"href":"https:\/\/www.bagnoitalia.com\/es\/wp-json\/wp\/v2\/product\/100790","targetHints":{"allow":["GET"]}}],"collection":[{"href":"https:\/\/www.bagnoitalia.com\/es\/wp-json\/wp\/v2\/product"}],"about":[{"href":"https:\/\/www.bagnoitalia.com\/es\/wp-json\/wp\/v2\/types\/product"}],"replies":[{"embeddable":true,"href":"https:\/\/www.bagnoitalia.com\/es\/wp-json\/wp\/v2\/comments?post=100790"}],"version-history":[{"count":1,"href":"https:\/\/www.bagnoitalia.com\/es\/wp-json\/wp\/v2\/product\/100790\/revisions"}],"predecessor-version":[{"id":100792,"href":"https:\/\/www.bagnoitalia.com\/es\/wp-json\/wp\/v2\/product\/100790\/revisions\/100792"}],"wp:featuredmedia":[{"embeddable":true,"href":"https:\/\/www.bagnoitalia.com\/es\/wp-json\/wp\/v2\/media\/100782"}],"wp:attachment":[{"href":"https:\/\/www.bagnoitalia.com\/es\/wp-json\/wp\/v2\/media?parent=100790"}],"wp:term":[{"taxonomy":"product_brand","embeddable":true,"href":"https:\/\/www.bagnoitalia.com\/es\/wp-json\/wp\/v2\/product_brand?post=100790"},{"taxonomy":"product_cat","embeddable":true,"href":"https:\/\/www.bagnoitalia.com\/es\/wp-json\/wp\/v2\/product_cat?post=100790"},{"taxonomy":"product_tag","embeddable":true,"href":"https:\/\/www.bagnoitalia.com\/es\/wp-json\/wp\/v2\/product_tag?post=100790"}],"curies":[{"name":"wp","href":"https:\/\/api.w.org\/{rel}","templated":true}]}}