{"id":76748,"date":"2006-10-11T03:10:59","date_gmt":"2006-10-11T01:10:59","guid":{"rendered":"https:\/\/www.bagnoitalia.com\/costo-de-envios"},"modified":"2025-04-24T17:29:25","modified_gmt":"2025-04-24T15:29:25","slug":"costo-de-envios","status":"publish","type":"page","link":"https:\/\/www.bagnoitalia.com\/es\/costo-de-envios","title":{"rendered":"Costo de env\u00edos"},"content":{"rendered":"<p>70% de los productos presentes en nuestro sitio est\u00e1n listos para la entrega. Los tiempos de env\u00edo tambi\u00e9n se pueden ver en la p\u00e1gina de cada producto individual.<\/p>\n<p>Tambi\u00e9n enviamos al extranjero, env\u00ede un correo electr\u00f3nico a <a href=\"mailto:info@bagnoitalia.it\">info@bagnoitalia.it<\/a> con los productos que le interesan para calcular el costo de env\u00edo<\/p>\n<p><strong>Env\u00edo Gratuito\u00a0 es v\u00e1lido para Italia ( para pedidos superiores a \u20ac 49.90) *<\/strong><\/p>\n<p><strong>Las entregas se realizan en nivel inicial de la edificaci\u00f3n, el servicio de mensajer\u00eda no transporta equipaje ni entrega al piso superior (o dentro de la casa).<\/strong><\/p>\n<p><strong>ATENCI\u00d3N:<\/strong> Tan pronto como reciba el producto, le pedimos que por favor visualice el estado exterior de las cajas, si se encuentra alguna anomal\u00eda debe escribirla en el recibo del correo o la factura: \u00abse recibe n. x paquetes con cart\u00f3n perforado\/ aplastado\/ abierto o la anomal\u00eda encontrada\u00bb (No es suficiente escribir simplemente que acepta con reserva) <strong>Ya que si encuentra alguna caja que presenta anomal\u00edas, la falta de dicha especificaci\u00f3n no nos permitir\u00e1 realizar una aplicaci\u00f3n del seguro y por lo tanto realizar un eventual reembolso o sustituci\u00f3n del paquete<\/strong>. Si no es posible revisar los paquetes, porque por ejemplo se reciben dentro de una caja de madera o est\u00e1n aparentemente perfectos, se debe escribir \u201cAcepto con reserva de control\u201d en el albar\u00e1n o recibo del correo.<\/p>\n<p>Si, en cambio, los paquetes resultan aparentemente perfectos (que va demostrado con el env\u00edo de documentaci\u00f3n fotogr\u00e1fica) Pero, luego de abrir las cajas se encuentra cualquier ruptura o da\u00f1o, nos lo debe informar el mismo d\u00eda en que recibe la mercanc\u00eda, por correo electr\u00f3nico y telef\u00f3nicamente al n\u00famero 393.7383930393.7383930. Tambi\u00e9n en este caso es absolutamente necesario firmar \u201ccon reserva de control\u201d para abrir una aplicaci\u00f3n del seguro.<\/p>\n<p><strong>\u00a0<\/strong><\/p>\n<h2>Retiro en la oficina<\/h2>\n<p>Es posible recoger la mercanc\u00eda en nuestro almac\u00e9n con previa notificaci\u00f3n telef\u00f3nica.<\/p>\n<p>&nbsp;<\/p>\n<h2>Embalaje<\/h2>\n<p>Bagno Italia garantiza la m\u00e1xima profesionalidad en el embalaje (protecci\u00f3n) del producto, garantizando el m\u00ednimo riesgo de recibir los productos da\u00f1ados, teniendo en cuenta que los paquetes se colocan en un pal\u00e9 cubierto completamente con papel celof\u00e1n.<\/p>\n","protected":false},"excerpt":{"rendered":"<p>70% de los productos presentes en nuestro sitio est\u00e1n listos para la entrega. Los tiempos de env\u00edo tambi\u00e9n se pueden ver en la p\u00e1gina de cada producto individual. Tambi\u00e9n enviamos al extranjero, env\u00ede un correo electr\u00f3nico a info@bagnoitalia.it con los productos que le interesan para calcular el costo de env\u00edo Env\u00edo Gratuito\u00a0 es v\u00e1lido para [&hellip;]<\/p>\n","protected":false},"author":1,"featured_media":0,"parent":0,"menu_order":8,"comment_status":"closed","ping_status":"closed","template":"","meta":{"footnotes":""},"categories":[5044],"tags":[],"class_list":["post-76748","page","type-page","status-publish","hentry","category-base-3"],"yoast_head":"<!-- This site is optimized with the Yoast SEO plugin v26.7 - https:\/\/yoast.com\/wordpress\/plugins\/seo\/ -->\n<title>Costo de env\u00edos - Bagno Italia<\/title>\n<meta name=\"robots\" content=\"index, follow, max-snippet:-1, max-image-preview:large, max-video-preview:-1\" \/>\n<link rel=\"canonical\" href=\"https:\/\/www.bagnoitalia.com\/es\/costo-de-envios\" \/>\n<meta property=\"og:locale\" content=\"es_ES\" \/>\n<meta property=\"og:type\" content=\"article\" \/>\n<meta property=\"og:title\" content=\"Costo de env\u00edos - Bagno Italia\" \/>\n<meta property=\"og:description\" content=\"70% de los productos presentes en nuestro sitio est\u00e1n listos para la entrega. Los tiempos de env\u00edo tambi\u00e9n se pueden ver en la p\u00e1gina de cada producto individual. Tambi\u00e9n enviamos al extranjero, env\u00ede un correo electr\u00f3nico a info@bagnoitalia.it con los productos que le interesan para calcular el costo de env\u00edo Env\u00edo Gratuito\u00a0 es v\u00e1lido para [&hellip;]\" \/>\n<meta property=\"og:url\" content=\"https:\/\/www.bagnoitalia.com\/es\/costo-de-envios\" \/>\n<meta property=\"og:site_name\" content=\"Bagno Italia\" \/>\n<meta property=\"article:modified_time\" content=\"2025-04-24T15:29:25+00:00\" \/>\n<meta name=\"twitter:card\" content=\"summary_large_image\" \/>\n<meta name=\"twitter:label1\" content=\"Tiempo de lectura\" \/>\n\t<meta name=\"twitter:data1\" content=\"2 minutos\" \/>\n<script type=\"application\/ld+json\" class=\"yoast-schema-graph\">{\"@context\":\"https:\/\/schema.org\",\"@graph\":[{\"@type\":\"WebPage\",\"@id\":\"https:\/\/www.bagnoitalia.com\/es\/costo-de-envios\",\"url\":\"https:\/\/www.bagnoitalia.com\/es\/costo-de-envios\",\"name\":\"Costo de env\u00edos - Bagno Italia\",\"isPartOf\":{\"@id\":\"https:\/\/www.bagnoitalia.com\/es#website\"},\"datePublished\":\"2006-10-11T01:10:59+00:00\",\"dateModified\":\"2025-04-24T15:29:25+00:00\",\"breadcrumb\":{\"@id\":\"https:\/\/www.bagnoitalia.com\/es\/costo-de-envios#breadcrumb\"},\"inLanguage\":\"es\",\"potentialAction\":[{\"@type\":\"ReadAction\",\"target\":[\"https:\/\/www.bagnoitalia.com\/es\/costo-de-envios\"]}]},{\"@type\":\"BreadcrumbList\",\"@id\":\"https:\/\/www.bagnoitalia.com\/es\/costo-de-envios#breadcrumb\",\"itemListElement\":[{\"@type\":\"ListItem\",\"position\":1,\"name\":\"Home\",\"item\":\"https:\/\/www.bagnoitalia.com\/es\"},{\"@type\":\"ListItem\",\"position\":2,\"name\":\"Costo de env\u00edos\"}]},{\"@type\":\"WebSite\",\"@id\":\"https:\/\/www.bagnoitalia.com\/es#website\",\"url\":\"https:\/\/www.bagnoitalia.com\/es\",\"name\":\"Bagno Italia\",\"description\":\"\",\"publisher\":{\"@id\":\"https:\/\/www.bagnoitalia.com\/es#organization\"},\"potentialAction\":[{\"@type\":\"SearchAction\",\"target\":{\"@type\":\"EntryPoint\",\"urlTemplate\":\"https:\/\/www.bagnoitalia.com\/es?s={search_term_string}\"},\"query-input\":{\"@type\":\"PropertyValueSpecification\",\"valueRequired\":true,\"valueName\":\"search_term_string\"}}],\"inLanguage\":\"es\"},{\"@type\":\"Organization\",\"@id\":\"https:\/\/www.bagnoitalia.com\/es#organization\",\"name\":\"Bagno Italia\",\"url\":\"https:\/\/www.bagnoitalia.com\/es\",\"logo\":{\"@type\":\"ImageObject\",\"inLanguage\":\"es\",\"@id\":\"https:\/\/www.bagnoitalia.com\/es#\/schema\/logo\/image\/\",\"url\":\"https:\/\/img.bagnoitalia.com\/wp-content\/uploads\/logo-bagnoitalia.webp\",\"contentUrl\":\"https:\/\/img.bagnoitalia.com\/wp-content\/uploads\/logo-bagnoitalia.webp\",\"width\":400,\"height\":70,\"caption\":\"Bagno Italia\"},\"image\":{\"@id\":\"https:\/\/www.bagnoitalia.com\/es#\/schema\/logo\/image\/\"}}]}<\/script>\n<!-- \/ Yoast SEO plugin. -->","yoast_head_json":{"title":"Costo de env\u00edos - Bagno Italia","robots":{"index":"index","follow":"follow","max-snippet":"max-snippet:-1","max-image-preview":"max-image-preview:large","max-video-preview":"max-video-preview:-1"},"canonical":"https:\/\/www.bagnoitalia.com\/es\/costo-de-envios","og_locale":"es_ES","og_type":"article","og_title":"Costo de env\u00edos - Bagno Italia","og_description":"70% de los productos presentes en nuestro sitio est\u00e1n listos para la entrega. Los tiempos de env\u00edo tambi\u00e9n se pueden ver en la p\u00e1gina de cada producto individual. Tambi\u00e9n enviamos al extranjero, env\u00ede un correo electr\u00f3nico a info@bagnoitalia.it con los productos que le interesan para calcular el costo de env\u00edo Env\u00edo Gratuito\u00a0 es v\u00e1lido para [&hellip;]","og_url":"https:\/\/www.bagnoitalia.com\/es\/costo-de-envios","og_site_name":"Bagno Italia","article_modified_time":"2025-04-24T15:29:25+00:00","twitter_card":"summary_large_image","twitter_misc":{"Tiempo de lectura":"2 minutos"},"schema":{"@context":"https:\/\/schema.org","@graph":[{"@type":"WebPage","@id":"https:\/\/www.bagnoitalia.com\/es\/costo-de-envios","url":"https:\/\/www.bagnoitalia.com\/es\/costo-de-envios","name":"Costo de env\u00edos - Bagno Italia","isPartOf":{"@id":"https:\/\/www.bagnoitalia.com\/es#website"},"datePublished":"2006-10-11T01:10:59+00:00","dateModified":"2025-04-24T15:29:25+00:00","breadcrumb":{"@id":"https:\/\/www.bagnoitalia.com\/es\/costo-de-envios#breadcrumb"},"inLanguage":"es","potentialAction":[{"@type":"ReadAction","target":["https:\/\/www.bagnoitalia.com\/es\/costo-de-envios"]}]},{"@type":"BreadcrumbList","@id":"https:\/\/www.bagnoitalia.com\/es\/costo-de-envios#breadcrumb","itemListElement":[{"@type":"ListItem","position":1,"name":"Home","item":"https:\/\/www.bagnoitalia.com\/es"},{"@type":"ListItem","position":2,"name":"Costo de env\u00edos"}]},{"@type":"WebSite","@id":"https:\/\/www.bagnoitalia.com\/es#website","url":"https:\/\/www.bagnoitalia.com\/es","name":"Bagno Italia","description":"","publisher":{"@id":"https:\/\/www.bagnoitalia.com\/es#organization"},"potentialAction":[{"@type":"SearchAction","target":{"@type":"EntryPoint","urlTemplate":"https:\/\/www.bagnoitalia.com\/es?s={search_term_string}"},"query-input":{"@type":"PropertyValueSpecification","valueRequired":true,"valueName":"search_term_string"}}],"inLanguage":"es"},{"@type":"Organization","@id":"https:\/\/www.bagnoitalia.com\/es#organization","name":"Bagno Italia","url":"https:\/\/www.bagnoitalia.com\/es","logo":{"@type":"ImageObject","inLanguage":"es","@id":"https:\/\/www.bagnoitalia.com\/es#\/schema\/logo\/image\/","url":"https:\/\/img.bagnoitalia.com\/wp-content\/uploads\/logo-bagnoitalia.webp","contentUrl":"https:\/\/img.bagnoitalia.com\/wp-content\/uploads\/logo-bagnoitalia.webp","width":400,"height":70,"caption":"Bagno Italia"},"image":{"@id":"https:\/\/www.bagnoitalia.com\/es#\/schema\/logo\/image\/"}}]}},"_links":{"self":[{"href":"https:\/\/www.bagnoitalia.com\/es\/wp-json\/wp\/v2\/pages\/76748","targetHints":{"allow":["GET"]}}],"collection":[{"href":"https:\/\/www.bagnoitalia.com\/es\/wp-json\/wp\/v2\/pages"}],"about":[{"href":"https:\/\/www.bagnoitalia.com\/es\/wp-json\/wp\/v2\/types\/page"}],"author":[{"embeddable":true,"href":"https:\/\/www.bagnoitalia.com\/es\/wp-json\/wp\/v2\/users\/1"}],"replies":[{"embeddable":true,"href":"https:\/\/www.bagnoitalia.com\/es\/wp-json\/wp\/v2\/comments?post=76748"}],"version-history":[{"count":2,"href":"https:\/\/www.bagnoitalia.com\/es\/wp-json\/wp\/v2\/pages\/76748\/revisions"}],"predecessor-version":[{"id":107333,"href":"https:\/\/www.bagnoitalia.com\/es\/wp-json\/wp\/v2\/pages\/76748\/revisions\/107333"}],"wp:attachment":[{"href":"https:\/\/www.bagnoitalia.com\/es\/wp-json\/wp\/v2\/media?parent=76748"}],"wp:term":[{"taxonomy":"category","embeddable":true,"href":"https:\/\/www.bagnoitalia.com\/es\/wp-json\/wp\/v2\/categories?post=76748"},{"taxonomy":"post_tag","embeddable":true,"href":"https:\/\/www.bagnoitalia.com\/es\/wp-json\/wp\/v2\/tags?post=76748"}],"curies":[{"name":"wp","href":"https:\/\/api.w.org\/{rel}","templated":true}]}}