{"id":76747,"date":"2006-10-11T17:14:11","date_gmt":"2006-10-11T15:14:11","guid":{"rendered":"https:\/\/www.bagnoitalia.com\/formas-de-pago"},"modified":"2006-10-11T17:14:11","modified_gmt":"2006-10-11T15:14:11","slug":"formas-de-pago","status":"publish","type":"page","link":"https:\/\/www.bagnoitalia.com\/es\/formas-de-pago","title":{"rendered":"Formas de Pago"},"content":{"rendered":"<h2>Bagno Italia os ofrece muchas formas de pagar vuestras compras:<\/h2>\n<ul>\n<li><strong>Contra entrega (anticipando el 30% del total del pedido) *<\/strong><\/li>\n<li><strong>PayPal o tarjeta de cr\u00e9dito<\/strong><\/li>\n<li><strong>Transferencia bancaria por adelantado<\/strong><\/li>\n<li><strong>Bolet\u00edn postal<\/strong><\/li>\n<li><strong>Una tarifa (6,12,18,24,30 cuotas) aceptada para pedidos m\u00ednimos de 500 euros <a href=\"http:\/\/www.e-consel.it\/trasparenza\/Ecommerce_dealer.htm\">http:\/\/www.e-consel.it\/trasparenza\/Ecommerce_dealer.htm<\/a><\/strong><\/li>\n<\/ul>\n<p>ATENCI\u00d3N: emitimos una factura de impuestos, solo si se solicita dentro de un d\u00eda de la compra.<\/p>\n<p>&nbsp;<\/p>\n<h2>Contra entrega<\/h2>\n<p>La Contra entrega se acepta solo si el 30% del monto del pedido se paga por adelantado, por transferencia bancaria o postal, el saldo debe pagarse en efectivo al mensajero (la marca se acepta para pedidos m\u00ednimos de 300,00 euros), en este caso de que el total ser\u00e1 aumentado del 6%.<\/p>\n<p>&nbsp;<\/p>\n<h2>Pago por PayPal<\/h2>\n<p>El m\u00e9todo de pago a trav\u00e9s de PayPal implica el uso de una cuenta de PayPal. M\u00e1s informaci\u00f3n sobre este m\u00e9todo de pago est\u00e1 disponible en el sitio web de PayPal.<\/p>\n<p>&nbsp;<\/p>\n<h2>Pago mediante tarjeta de recarga PostePay o transferencia bancaria<\/h2>\n<p>Una vez realizado el pedido, se mostrar\u00e1n los datos para realizar el pago.<\/p>\n<p>&nbsp;<\/p>\n<h2>Pago con tarjeta de cr\u00e9dito VISA &#8211; VISA ELECTRON &#8211; POSTEPAY (usado como tarjeta Visa) &#8211; MASTER CARD &#8211; IWSMILE<\/h2>\n<p>&nbsp;<\/p>\n<h2>Bolet\u00edn Postal<\/h2>\n<p>Puede hacer este pago rellenando un bolet\u00edn en blanco.<\/p>\n<p>&nbsp;<\/p>\n<h2>N\u00f3tese bien<\/h2>\n<p>Algunos sistemas de pago (contra entrega, Paypal y tarjeta de cr\u00e9dito) proporcionan una contribuci\u00f3n adicional que a\u00fan se muestra y cuantifica al elegir el m\u00e9todo de pago.<\/p>\n<p>\u00a1La orden o bolet\u00edn postal y la transferencia bancaria no requieren impuestos adicionales!<\/p>\n","protected":false},"excerpt":{"rendered":"<p>Bagno Italia os ofrece muchas formas de pagar vuestras compras: Contra entrega (anticipando el 30% del total del pedido) * PayPal o tarjeta de cr\u00e9dito Transferencia bancaria por adelantado Bolet\u00edn postal Una tarifa (6,12,18,24,30 cuotas) aceptada para pedidos m\u00ednimos de 500 euros http:\/\/www.e-consel.it\/trasparenza\/Ecommerce_dealer.htm ATENCI\u00d3N: emitimos una factura de impuestos, solo si se solicita dentro de [&hellip;]<\/p>\n","protected":false},"author":1,"featured_media":0,"parent":0,"menu_order":7,"comment_status":"closed","ping_status":"closed","template":"","meta":{"footnotes":""},"categories":[5044],"tags":[],"class_list":["post-76747","page","type-page","status-publish","hentry","category-base-3"],"yoast_head":"<!-- This site is optimized with the Yoast SEO plugin v26.7 - https:\/\/yoast.com\/wordpress\/plugins\/seo\/ -->\n<title>Formas de Pago - Bagno Italia<\/title>\n<meta name=\"robots\" content=\"index, follow, max-snippet:-1, max-image-preview:large, max-video-preview:-1\" \/>\n<link rel=\"canonical\" href=\"https:\/\/www.bagnoitalia.com\/es\/formas-de-pago\" \/>\n<meta property=\"og:locale\" content=\"es_ES\" \/>\n<meta property=\"og:type\" content=\"article\" \/>\n<meta property=\"og:title\" content=\"Formas de Pago - Bagno Italia\" \/>\n<meta property=\"og:description\" content=\"Bagno Italia os ofrece muchas formas de pagar vuestras compras: Contra entrega (anticipando el 30% del total del pedido) * PayPal o tarjeta de cr\u00e9dito Transferencia bancaria por adelantado Bolet\u00edn postal Una tarifa (6,12,18,24,30 cuotas) aceptada para pedidos m\u00ednimos de 500 euros http:\/\/www.e-consel.it\/trasparenza\/Ecommerce_dealer.htm ATENCI\u00d3N: emitimos una factura de impuestos, solo si se solicita dentro de [&hellip;]\" \/>\n<meta property=\"og:url\" content=\"https:\/\/www.bagnoitalia.com\/es\/formas-de-pago\" \/>\n<meta property=\"og:site_name\" content=\"Bagno Italia\" \/>\n<meta name=\"twitter:card\" content=\"summary_large_image\" \/>\n<meta name=\"twitter:label1\" content=\"Tiempo de lectura\" \/>\n\t<meta name=\"twitter:data1\" content=\"1 minuto\" \/>\n<script type=\"application\/ld+json\" class=\"yoast-schema-graph\">{\"@context\":\"https:\/\/schema.org\",\"@graph\":[{\"@type\":\"WebPage\",\"@id\":\"https:\/\/www.bagnoitalia.com\/es\/formas-de-pago\",\"url\":\"https:\/\/www.bagnoitalia.com\/es\/formas-de-pago\",\"name\":\"Formas de Pago - Bagno Italia\",\"isPartOf\":{\"@id\":\"https:\/\/www.bagnoitalia.com\/es#website\"},\"datePublished\":\"2006-10-11T15:14:11+00:00\",\"breadcrumb\":{\"@id\":\"https:\/\/www.bagnoitalia.com\/es\/formas-de-pago#breadcrumb\"},\"inLanguage\":\"es\",\"potentialAction\":[{\"@type\":\"ReadAction\",\"target\":[\"https:\/\/www.bagnoitalia.com\/es\/formas-de-pago\"]}]},{\"@type\":\"BreadcrumbList\",\"@id\":\"https:\/\/www.bagnoitalia.com\/es\/formas-de-pago#breadcrumb\",\"itemListElement\":[{\"@type\":\"ListItem\",\"position\":1,\"name\":\"Home\",\"item\":\"https:\/\/www.bagnoitalia.com\/es\"},{\"@type\":\"ListItem\",\"position\":2,\"name\":\"Formas de Pago\"}]},{\"@type\":\"WebSite\",\"@id\":\"https:\/\/www.bagnoitalia.com\/es#website\",\"url\":\"https:\/\/www.bagnoitalia.com\/es\",\"name\":\"Bagno Italia\",\"description\":\"\",\"publisher\":{\"@id\":\"https:\/\/www.bagnoitalia.com\/es#organization\"},\"potentialAction\":[{\"@type\":\"SearchAction\",\"target\":{\"@type\":\"EntryPoint\",\"urlTemplate\":\"https:\/\/www.bagnoitalia.com\/es?s={search_term_string}\"},\"query-input\":{\"@type\":\"PropertyValueSpecification\",\"valueRequired\":true,\"valueName\":\"search_term_string\"}}],\"inLanguage\":\"es\"},{\"@type\":\"Organization\",\"@id\":\"https:\/\/www.bagnoitalia.com\/es#organization\",\"name\":\"Bagno Italia\",\"url\":\"https:\/\/www.bagnoitalia.com\/es\",\"logo\":{\"@type\":\"ImageObject\",\"inLanguage\":\"es\",\"@id\":\"https:\/\/www.bagnoitalia.com\/es#\/schema\/logo\/image\/\",\"url\":\"https:\/\/img.bagnoitalia.com\/wp-content\/uploads\/logo-bagnoitalia.webp\",\"contentUrl\":\"https:\/\/img.bagnoitalia.com\/wp-content\/uploads\/logo-bagnoitalia.webp\",\"width\":400,\"height\":70,\"caption\":\"Bagno Italia\"},\"image\":{\"@id\":\"https:\/\/www.bagnoitalia.com\/es#\/schema\/logo\/image\/\"}}]}<\/script>\n<!-- \/ Yoast SEO plugin. -->","yoast_head_json":{"title":"Formas de Pago - Bagno Italia","robots":{"index":"index","follow":"follow","max-snippet":"max-snippet:-1","max-image-preview":"max-image-preview:large","max-video-preview":"max-video-preview:-1"},"canonical":"https:\/\/www.bagnoitalia.com\/es\/formas-de-pago","og_locale":"es_ES","og_type":"article","og_title":"Formas de Pago - Bagno Italia","og_description":"Bagno Italia os ofrece muchas formas de pagar vuestras compras: Contra entrega (anticipando el 30% del total del pedido) * PayPal o tarjeta de cr\u00e9dito Transferencia bancaria por adelantado Bolet\u00edn postal Una tarifa (6,12,18,24,30 cuotas) aceptada para pedidos m\u00ednimos de 500 euros http:\/\/www.e-consel.it\/trasparenza\/Ecommerce_dealer.htm ATENCI\u00d3N: emitimos una factura de impuestos, solo si se solicita dentro de [&hellip;]","og_url":"https:\/\/www.bagnoitalia.com\/es\/formas-de-pago","og_site_name":"Bagno Italia","twitter_card":"summary_large_image","twitter_misc":{"Tiempo de lectura":"1 minuto"},"schema":{"@context":"https:\/\/schema.org","@graph":[{"@type":"WebPage","@id":"https:\/\/www.bagnoitalia.com\/es\/formas-de-pago","url":"https:\/\/www.bagnoitalia.com\/es\/formas-de-pago","name":"Formas de Pago - Bagno Italia","isPartOf":{"@id":"https:\/\/www.bagnoitalia.com\/es#website"},"datePublished":"2006-10-11T15:14:11+00:00","breadcrumb":{"@id":"https:\/\/www.bagnoitalia.com\/es\/formas-de-pago#breadcrumb"},"inLanguage":"es","potentialAction":[{"@type":"ReadAction","target":["https:\/\/www.bagnoitalia.com\/es\/formas-de-pago"]}]},{"@type":"BreadcrumbList","@id":"https:\/\/www.bagnoitalia.com\/es\/formas-de-pago#breadcrumb","itemListElement":[{"@type":"ListItem","position":1,"name":"Home","item":"https:\/\/www.bagnoitalia.com\/es"},{"@type":"ListItem","position":2,"name":"Formas de Pago"}]},{"@type":"WebSite","@id":"https:\/\/www.bagnoitalia.com\/es#website","url":"https:\/\/www.bagnoitalia.com\/es","name":"Bagno Italia","description":"","publisher":{"@id":"https:\/\/www.bagnoitalia.com\/es#organization"},"potentialAction":[{"@type":"SearchAction","target":{"@type":"EntryPoint","urlTemplate":"https:\/\/www.bagnoitalia.com\/es?s={search_term_string}"},"query-input":{"@type":"PropertyValueSpecification","valueRequired":true,"valueName":"search_term_string"}}],"inLanguage":"es"},{"@type":"Organization","@id":"https:\/\/www.bagnoitalia.com\/es#organization","name":"Bagno Italia","url":"https:\/\/www.bagnoitalia.com\/es","logo":{"@type":"ImageObject","inLanguage":"es","@id":"https:\/\/www.bagnoitalia.com\/es#\/schema\/logo\/image\/","url":"https:\/\/img.bagnoitalia.com\/wp-content\/uploads\/logo-bagnoitalia.webp","contentUrl":"https:\/\/img.bagnoitalia.com\/wp-content\/uploads\/logo-bagnoitalia.webp","width":400,"height":70,"caption":"Bagno Italia"},"image":{"@id":"https:\/\/www.bagnoitalia.com\/es#\/schema\/logo\/image\/"}}]}},"_links":{"self":[{"href":"https:\/\/www.bagnoitalia.com\/es\/wp-json\/wp\/v2\/pages\/76747","targetHints":{"allow":["GET"]}}],"collection":[{"href":"https:\/\/www.bagnoitalia.com\/es\/wp-json\/wp\/v2\/pages"}],"about":[{"href":"https:\/\/www.bagnoitalia.com\/es\/wp-json\/wp\/v2\/types\/page"}],"author":[{"embeddable":true,"href":"https:\/\/www.bagnoitalia.com\/es\/wp-json\/wp\/v2\/users\/1"}],"replies":[{"embeddable":true,"href":"https:\/\/www.bagnoitalia.com\/es\/wp-json\/wp\/v2\/comments?post=76747"}],"version-history":[{"count":0,"href":"https:\/\/www.bagnoitalia.com\/es\/wp-json\/wp\/v2\/pages\/76747\/revisions"}],"wp:attachment":[{"href":"https:\/\/www.bagnoitalia.com\/es\/wp-json\/wp\/v2\/media?parent=76747"}],"wp:term":[{"taxonomy":"category","embeddable":true,"href":"https:\/\/www.bagnoitalia.com\/es\/wp-json\/wp\/v2\/categories?post=76747"},{"taxonomy":"post_tag","embeddable":true,"href":"https:\/\/www.bagnoitalia.com\/es\/wp-json\/wp\/v2\/tags?post=76747"}],"curies":[{"name":"wp","href":"https:\/\/api.w.org\/{rel}","templated":true}]}}