{"id":76746,"date":"2006-10-11T01:15:36","date_gmt":"2006-10-10T23:15:36","guid":{"rendered":"https:\/\/www.bagnoitalia.com\/quienes-somos"},"modified":"2006-10-11T01:15:36","modified_gmt":"2006-10-10T23:15:36","slug":"quienes-somos","status":"publish","type":"page","link":"https:\/\/www.bagnoitalia.com\/es\/quienes-somos","title":{"rendered":"\u00bfQui\u00e9nes somos?"},"content":{"rendered":"<p>&nbsp;<\/p>\n<\/p>\n<h3>Bagno Italia<\/h3>\n<p>Es una empresa especializada en la venta on-line a trav\u00e9s del sitio web de muebles de ba\u00f1o, cabinas de hidromasaje, ba\u00f1eras, sanitarios, mezcladores de lavabos, con m\u00e1s de dos d\u00e9cadas de experiencia.<\/p>\n<p>En nuestro sitio, pod\u00e9is buscar, elegir y comprar de forma segura productos de marca y de calidad a los mejores precios, sin salir de casa. Todos nuestros productos tambi\u00e9n pueden ser vistos en nuestra sede con previa notificaci\u00f3n telef\u00f3nica.<\/p>\n<p>&nbsp;<\/p>\n<h3>Los Mejores productos<\/h3>\n<p>En Bagno Italia encontrar\u00e1s muebles y accesorios de diferentes tipos: cl\u00e1sico, moderno o tradicional. Una amplia gama de productos que est\u00e1n acompa\u00f1ados por una pol\u00edtica de venta precisa: garantizar a nuestros clientes la mejor confiabilidad SIEMPRE.<\/p>\n<p>&nbsp;<\/p>\n<h3>Precios de F\u00e1brica y m\u00e1s&#8230;<\/h3>\n<p>Bagno Italia no solo vende muebles y complementos modernos, econ\u00f3micos, etc. a precio de f\u00e1brica, sino que tambi\u00e9n brinda asistencia pre \/ post venta, experiencia profesional y muchos otros servicios, completamente gratis, asimismo ofrece en todos los productos la garant\u00eda de satisfacci\u00f3n o la devoluci\u00f3n del dinero.<\/p>\n<p>&nbsp;<\/p>\n<h3>R\u00e1pidamente en tu casa<\/h3>\n<p>Bagno Italia gestiona una gran cantidad de pedidos todos los d\u00edas, porque nuestra m\u00e1quina organizativa le permite cumplir con tus solicitudes lo m\u00e1s r\u00e1pido posible. Gracias a la b\u00fasqueda constante de los mejores socios en log\u00edstica, Bagno Italia tambi\u00e9n puede entregar tus compras en cualquier direcci\u00f3n de Italia, durante un tiempo promedio de 7 d\u00edas h\u00e1biles.<\/p>\n<p>Adem\u00e1s, es posible recoger las mercanc\u00edas en nuestra sede o en los dep\u00f3sitos de nuestro Mensajero (correo) ARCO SPA que se encuentran dispersos en toda Italia.<\/p>\n<p>&nbsp;<\/p>\n<h3>Pagos seguros<\/h3>\n<p>Con Bagno Italia, sus compras SIEMPRE est\u00e1n protegidas, cualquier m\u00e9todo de pago que elija: Contra Entrega (con pago anticipado del 30%), Tarjeta prepago, Transferencia bancaria anticipada o PayPal.<\/p>\n<p>Las transacciones en l\u00ednea con PayPal se realizan directamente en el sitio web del Banco, a trav\u00e9s de un servidor seguro que utiliza el sistema de seguridad SSL, que significa \u00abSecure Socket Layer\u00bb. Nadie, ni siquiera Bagno Italia, puede conocer los c\u00f3digos de tarjetas de cr\u00e9dito utilizados por sus clientes.<br \/>Para aquellos que prefieren un pago mediante Transferencia Bancaria o Recargas PostePay, Bagno Italia enviar\u00e1 el producto cuyo pago sea visible.<\/p>\n<p>&nbsp;<\/p>\n<h3>Respeto de la privacidad<\/h3>\n<p>En Bagno Italia es obligatorio registrarse a la hora de realizar una compra, para garantizar un alto nivel de seguridad.<\/p>\n<p>Con el cumplimiento correcto y completo de la legislaci\u00f3n vigente sobre el procesamiento de datos personales, Bagno Italia te garantiza el respeto total de tu privacidad, brind\u00e1ndote la certeza de que tus datos personales no se utilizar\u00e1n por ning\u00fan motivo, sin su autorizaci\u00f3n expl\u00edcita y espec\u00edfica.<\/p>\n<p>&nbsp;<\/p>\n<h3>Trabajamos para ti<\/h3>\n<p>Bagno Italia hace que las compras en l\u00ednea sean a\u00fan m\u00e1s f\u00e1ciles, con un sitio web siempre f\u00e1cil de navegar, explorar y buscar el producto que ha sido hecho realmente para ti.<\/p>\n<p>Pleno en servicios dise\u00f1ados para informarte y orientarte hacia el producto que necesitas, para ahorrarte tiempo y dinero: sistemas de b\u00fasqueda guiada, noticias e informaci\u00f3n sobre productores.<\/p>\n<p>&nbsp;<\/p>\n<h4>\u00a1Excelente estancia en Bagno Italia!<\/h4>\n","protected":false},"excerpt":{"rendered":"<p>&nbsp; Bagno Italia Es una empresa especializada en la venta on-line a trav\u00e9s del sitio web de muebles de ba\u00f1o, cabinas de hidromasaje, ba\u00f1eras, sanitarios, mezcladores de lavabos, con m\u00e1s de dos d\u00e9cadas de experiencia. En nuestro sitio, pod\u00e9is buscar, elegir y comprar de forma segura productos de marca y de calidad a los mejores [&hellip;]<\/p>\n","protected":false},"author":1,"featured_media":37598,"parent":0,"menu_order":4,"comment_status":"closed","ping_status":"closed","template":"","meta":{"footnotes":""},"categories":[5044],"tags":[],"class_list":["post-76746","page","type-page","status-publish","has-post-thumbnail","hentry","category-base-3"],"yoast_head":"<!-- This site is optimized with the Yoast SEO plugin v26.7 - https:\/\/yoast.com\/wordpress\/plugins\/seo\/ -->\n<title>\u00bfQui\u00e9nes somos? - Bagno Italia<\/title>\n<meta name=\"robots\" content=\"index, follow, max-snippet:-1, max-image-preview:large, max-video-preview:-1\" \/>\n<link rel=\"canonical\" href=\"https:\/\/www.bagnoitalia.com\/es\/quienes-somos\" \/>\n<meta property=\"og:locale\" content=\"es_ES\" \/>\n<meta property=\"og:type\" content=\"article\" \/>\n<meta property=\"og:title\" content=\"\u00bfQui\u00e9nes somos? - Bagno Italia\" \/>\n<meta property=\"og:description\" content=\"&nbsp; Bagno Italia Es una empresa especializada en la venta on-line a trav\u00e9s del sitio web de muebles de ba\u00f1o, cabinas de hidromasaje, ba\u00f1eras, sanitarios, mezcladores de lavabos, con m\u00e1s de dos d\u00e9cadas de experiencia. En nuestro sitio, pod\u00e9is buscar, elegir y comprar de forma segura productos de marca y de calidad a los mejores [&hellip;]\" \/>\n<meta property=\"og:url\" content=\"https:\/\/www.bagnoitalia.com\/es\/quienes-somos\" \/>\n<meta property=\"og:site_name\" content=\"Bagno Italia\" \/>\n<meta property=\"og:image\" content=\"https:\/\/img.bagnoitalia.com\/wp-content\/uploads\/virtuemart\/product\/azienda1.jpg\" \/>\n\t<meta property=\"og:image:width\" content=\"577\" \/>\n\t<meta property=\"og:image:height\" content=\"417\" \/>\n\t<meta property=\"og:image:type\" content=\"image\/jpeg\" \/>\n<meta name=\"twitter:card\" content=\"summary_large_image\" \/>\n<meta name=\"twitter:label1\" content=\"Tiempo de lectura\" \/>\n\t<meta name=\"twitter:data1\" content=\"3 minutos\" \/>\n<script type=\"application\/ld+json\" class=\"yoast-schema-graph\">{\"@context\":\"https:\/\/schema.org\",\"@graph\":[{\"@type\":\"WebPage\",\"@id\":\"https:\/\/www.bagnoitalia.com\/es\/quienes-somos\",\"url\":\"https:\/\/www.bagnoitalia.com\/es\/quienes-somos\",\"name\":\"\u00bfQui\u00e9nes somos? - Bagno Italia\",\"isPartOf\":{\"@id\":\"https:\/\/www.bagnoitalia.com\/es#website\"},\"primaryImageOfPage\":{\"@id\":\"https:\/\/www.bagnoitalia.com\/es\/quienes-somos#primaryimage\"},\"image\":{\"@id\":\"https:\/\/www.bagnoitalia.com\/es\/quienes-somos#primaryimage\"},\"thumbnailUrl\":\"https:\/\/img.bagnoitalia.com\/wp-content\/uploads\/virtuemart\/product\/azienda1.jpg\",\"datePublished\":\"2006-10-10T23:15:36+00:00\",\"breadcrumb\":{\"@id\":\"https:\/\/www.bagnoitalia.com\/es\/quienes-somos#breadcrumb\"},\"inLanguage\":\"es\",\"potentialAction\":[{\"@type\":\"ReadAction\",\"target\":[\"https:\/\/www.bagnoitalia.com\/es\/quienes-somos\"]}]},{\"@type\":\"ImageObject\",\"inLanguage\":\"es\",\"@id\":\"https:\/\/www.bagnoitalia.com\/es\/quienes-somos#primaryimage\",\"url\":\"https:\/\/img.bagnoitalia.com\/wp-content\/uploads\/virtuemart\/product\/azienda1.jpg\",\"contentUrl\":\"https:\/\/img.bagnoitalia.com\/wp-content\/uploads\/virtuemart\/product\/azienda1.jpg\",\"width\":577,\"height\":417},{\"@type\":\"BreadcrumbList\",\"@id\":\"https:\/\/www.bagnoitalia.com\/es\/quienes-somos#breadcrumb\",\"itemListElement\":[{\"@type\":\"ListItem\",\"position\":1,\"name\":\"Home\",\"item\":\"https:\/\/www.bagnoitalia.com\/es\"},{\"@type\":\"ListItem\",\"position\":2,\"name\":\"\u00bfQui\u00e9nes somos?\"}]},{\"@type\":\"WebSite\",\"@id\":\"https:\/\/www.bagnoitalia.com\/es#website\",\"url\":\"https:\/\/www.bagnoitalia.com\/es\",\"name\":\"Bagno Italia\",\"description\":\"\",\"publisher\":{\"@id\":\"https:\/\/www.bagnoitalia.com\/es#organization\"},\"potentialAction\":[{\"@type\":\"SearchAction\",\"target\":{\"@type\":\"EntryPoint\",\"urlTemplate\":\"https:\/\/www.bagnoitalia.com\/es?s={search_term_string}\"},\"query-input\":{\"@type\":\"PropertyValueSpecification\",\"valueRequired\":true,\"valueName\":\"search_term_string\"}}],\"inLanguage\":\"es\"},{\"@type\":\"Organization\",\"@id\":\"https:\/\/www.bagnoitalia.com\/es#organization\",\"name\":\"Bagno Italia\",\"url\":\"https:\/\/www.bagnoitalia.com\/es\",\"logo\":{\"@type\":\"ImageObject\",\"inLanguage\":\"es\",\"@id\":\"https:\/\/www.bagnoitalia.com\/es#\/schema\/logo\/image\/\",\"url\":\"https:\/\/img.bagnoitalia.com\/wp-content\/uploads\/logo-bagnoitalia.webp\",\"contentUrl\":\"https:\/\/img.bagnoitalia.com\/wp-content\/uploads\/logo-bagnoitalia.webp\",\"width\":400,\"height\":70,\"caption\":\"Bagno Italia\"},\"image\":{\"@id\":\"https:\/\/www.bagnoitalia.com\/es#\/schema\/logo\/image\/\"}}]}<\/script>\n<!-- \/ Yoast SEO plugin. -->","yoast_head_json":{"title":"\u00bfQui\u00e9nes somos? - Bagno Italia","robots":{"index":"index","follow":"follow","max-snippet":"max-snippet:-1","max-image-preview":"max-image-preview:large","max-video-preview":"max-video-preview:-1"},"canonical":"https:\/\/www.bagnoitalia.com\/es\/quienes-somos","og_locale":"es_ES","og_type":"article","og_title":"\u00bfQui\u00e9nes somos? - Bagno Italia","og_description":"&nbsp; Bagno Italia Es una empresa especializada en la venta on-line a trav\u00e9s del sitio web de muebles de ba\u00f1o, cabinas de hidromasaje, ba\u00f1eras, sanitarios, mezcladores de lavabos, con m\u00e1s de dos d\u00e9cadas de experiencia. En nuestro sitio, pod\u00e9is buscar, elegir y comprar de forma segura productos de marca y de calidad a los mejores [&hellip;]","og_url":"https:\/\/www.bagnoitalia.com\/es\/quienes-somos","og_site_name":"Bagno Italia","og_image":[{"width":577,"height":417,"url":"https:\/\/img.bagnoitalia.com\/wp-content\/uploads\/virtuemart\/product\/azienda1.jpg","type":"image\/jpeg"}],"twitter_card":"summary_large_image","twitter_misc":{"Tiempo de lectura":"3 minutos"},"schema":{"@context":"https:\/\/schema.org","@graph":[{"@type":"WebPage","@id":"https:\/\/www.bagnoitalia.com\/es\/quienes-somos","url":"https:\/\/www.bagnoitalia.com\/es\/quienes-somos","name":"\u00bfQui\u00e9nes somos? - Bagno Italia","isPartOf":{"@id":"https:\/\/www.bagnoitalia.com\/es#website"},"primaryImageOfPage":{"@id":"https:\/\/www.bagnoitalia.com\/es\/quienes-somos#primaryimage"},"image":{"@id":"https:\/\/www.bagnoitalia.com\/es\/quienes-somos#primaryimage"},"thumbnailUrl":"https:\/\/img.bagnoitalia.com\/wp-content\/uploads\/virtuemart\/product\/azienda1.jpg","datePublished":"2006-10-10T23:15:36+00:00","breadcrumb":{"@id":"https:\/\/www.bagnoitalia.com\/es\/quienes-somos#breadcrumb"},"inLanguage":"es","potentialAction":[{"@type":"ReadAction","target":["https:\/\/www.bagnoitalia.com\/es\/quienes-somos"]}]},{"@type":"ImageObject","inLanguage":"es","@id":"https:\/\/www.bagnoitalia.com\/es\/quienes-somos#primaryimage","url":"https:\/\/img.bagnoitalia.com\/wp-content\/uploads\/virtuemart\/product\/azienda1.jpg","contentUrl":"https:\/\/img.bagnoitalia.com\/wp-content\/uploads\/virtuemart\/product\/azienda1.jpg","width":577,"height":417},{"@type":"BreadcrumbList","@id":"https:\/\/www.bagnoitalia.com\/es\/quienes-somos#breadcrumb","itemListElement":[{"@type":"ListItem","position":1,"name":"Home","item":"https:\/\/www.bagnoitalia.com\/es"},{"@type":"ListItem","position":2,"name":"\u00bfQui\u00e9nes somos?"}]},{"@type":"WebSite","@id":"https:\/\/www.bagnoitalia.com\/es#website","url":"https:\/\/www.bagnoitalia.com\/es","name":"Bagno Italia","description":"","publisher":{"@id":"https:\/\/www.bagnoitalia.com\/es#organization"},"potentialAction":[{"@type":"SearchAction","target":{"@type":"EntryPoint","urlTemplate":"https:\/\/www.bagnoitalia.com\/es?s={search_term_string}"},"query-input":{"@type":"PropertyValueSpecification","valueRequired":true,"valueName":"search_term_string"}}],"inLanguage":"es"},{"@type":"Organization","@id":"https:\/\/www.bagnoitalia.com\/es#organization","name":"Bagno Italia","url":"https:\/\/www.bagnoitalia.com\/es","logo":{"@type":"ImageObject","inLanguage":"es","@id":"https:\/\/www.bagnoitalia.com\/es#\/schema\/logo\/image\/","url":"https:\/\/img.bagnoitalia.com\/wp-content\/uploads\/logo-bagnoitalia.webp","contentUrl":"https:\/\/img.bagnoitalia.com\/wp-content\/uploads\/logo-bagnoitalia.webp","width":400,"height":70,"caption":"Bagno Italia"},"image":{"@id":"https:\/\/www.bagnoitalia.com\/es#\/schema\/logo\/image\/"}}]}},"_links":{"self":[{"href":"https:\/\/www.bagnoitalia.com\/es\/wp-json\/wp\/v2\/pages\/76746","targetHints":{"allow":["GET"]}}],"collection":[{"href":"https:\/\/www.bagnoitalia.com\/es\/wp-json\/wp\/v2\/pages"}],"about":[{"href":"https:\/\/www.bagnoitalia.com\/es\/wp-json\/wp\/v2\/types\/page"}],"author":[{"embeddable":true,"href":"https:\/\/www.bagnoitalia.com\/es\/wp-json\/wp\/v2\/users\/1"}],"replies":[{"embeddable":true,"href":"https:\/\/www.bagnoitalia.com\/es\/wp-json\/wp\/v2\/comments?post=76746"}],"version-history":[{"count":0,"href":"https:\/\/www.bagnoitalia.com\/es\/wp-json\/wp\/v2\/pages\/76746\/revisions"}],"wp:featuredmedia":[{"embeddable":true,"href":"https:\/\/www.bagnoitalia.com\/es\/wp-json\/wp\/v2\/media\/37598"}],"wp:attachment":[{"href":"https:\/\/www.bagnoitalia.com\/es\/wp-json\/wp\/v2\/media?parent=76746"}],"wp:term":[{"taxonomy":"category","embeddable":true,"href":"https:\/\/www.bagnoitalia.com\/es\/wp-json\/wp\/v2\/categories?post=76746"},{"taxonomy":"post_tag","embeddable":true,"href":"https:\/\/www.bagnoitalia.com\/es\/wp-json\/wp\/v2\/tags?post=76746"}],"curies":[{"name":"wp","href":"https:\/\/api.w.org\/{rel}","templated":true}]}}