{"id":99910,"date":"2024-12-18T14:14:25","date_gmt":"2024-12-18T13:14:25","guid":{"rendered":"https:\/\/www.bagnoitalia.com\/dining-table-extendable-from-140-to-190-cm-available-in-4-colours-tl038.html"},"modified":"2024-12-18T14:15:46","modified_gmt":"2024-12-18T13:15:46","slug":"dining-table-extendable-from-140-to-190-cm-available-in-4-colours-tl038","status":"publish","type":"product","link":"https:\/\/www.bagnoitalia.com\/de\/produkt\/dining-table-extendable-from-140-to-190-cm-available-in-4-colours-tl038.html","title":{"rendered":"Esstisch ausziehbar von 140 bis 190 cm erh\u00e4ltlich in 4 Farben TL038"},"content":{"rendered":"<p>AUSZIEHBARER TISCH IN 4 FARBEN &#8218;TL038<\/p>\n<p>&nbsp;<\/p>\n<p>HAUPTMERKMALE<\/p>\n<p>Ausziehbarer rechteckiger Esstisch<\/p>\n<p>Erh\u00e4ltlich in den Farben<\/p>\n<p>Eiche<br \/>\nWei\u00df gl\u00e4nzend<br \/>\nwei\u00df mit Eichenplatte<br \/>\nwei\u00df mit Zementplatte<\/p>\n<p>W\u00e4hlen Sie die gew\u00fcnschte Farbe aus dem Dropdown-Men\u00fc<\/p>\n<p>Mit Metallverriegelung, zum Verriegeln des Tisches im geschlossenen Zustand<\/p>\n<p>Leicht zu montieren<\/p>\n<p>MATERIAL<\/p>\n<p>Holzstruktur mit Melaminharzbeschichtung und PVC-Kanten<\/p>\n<p>Metallgleitf\u00fchrungen zum \u00d6ffnen des Tisches<\/p>\n<p>Ger\u00e4usch- und kratzfeste ABS-Noppen<\/p>\n<p>ABMESSUNGEN<\/p>\n<p>Minimale L\u00e4nge 140 cm<\/p>\n<p>Maximale L\u00e4nge 190 cm<\/p>\n<p>Tiefe 90 cm<\/p>\n<p>H\u00f6he 78 cm<\/p>\n<p>&nbsp;<\/p>\n<p>NB: St\u00fchle nicht im Angebot enthalten<\/p>\n<p>&nbsp;<\/p>\n<p>&nbsp;<\/p>\n<p>&nbsp;<\/p>\n<p>&nbsp;<\/p>\n<p>&nbsp;<\/p>\n<p>&nbsp;<\/p>\n<p>&nbsp;<\/p>\n<p>&nbsp;<\/p>\n<p>&nbsp;<\/p>\n<p>&nbsp;<\/p>\n<p>&nbsp;<\/p>\n<p>&nbsp;<\/p>\n<p>&nbsp;<\/p>\n<p>&nbsp;<\/p>\n<p>&nbsp;<\/p>\n<p>95686<br \/>\n96245<br \/>\n96405<br \/>\n94610<\/p>\n<p>&nbsp;<\/p>\n<p>&nbsp;<\/p>\n","protected":false},"excerpt":{"rendered":"<p>Ausziehbarer Esstisch, Abmessungen: 140\/190 x T90 x H78 cm. Erh\u00e4ltlich in den Farben: Eiche, Wei\u00df gl\u00e4nzend, Wei\u00df mit Eichenplatte oder Wei\u00df mit Zementplatte.<\/p>\n","protected":false},"featured_media":99861,"comment_status":"open","ping_status":"closed","template":"","meta":[],"product_brand":[10113],"product_cat":[10007],"product_tag":[],"class_list":{"0":"post-99910","1":"product","2":"type-product","3":"status-publish","4":"has-post-thumbnail","6":"product_brand-antonio-capaldo","7":"product_cat-tische","9":"first","10":"instock","11":"sale","12":"taxable","13":"shipping-taxable","14":"purchasable","15":"product-type-simple"},"exclude_global_add_ons":false,"addons":[{"name":"Farbe","type":"multiple_choice","position":0,"required":false,"title_format":"label","default":"","description_enable":false,"description":"","placeholder_enable":false,"placeholder":"","display":"select","restrictions_type":"any_text","adjust_price":false,"price":"","price_type":"flat_fee","restrictions":false,"min":"0","max":"0","options":[{"label":"Wei\u00df mit Eichenholzplatte","price":"","price_type":"flat_fee","image":0,"visibility":true},{"label":"Wei\u00df gl\u00e4nzend","price":"6","price_type":"flat_fee","image":0,"visibility":true},{"label":"Wei\u00df mit Betonplatte","price":"6","price_type":"flat_fee","image":0,"visibility":true},{"label":"Eiche","price":"6","price_type":"flat_fee","image":0,"visibility":true}],"id":1734531267}],"yoast_head":"<!-- This site is optimized with the Yoast SEO plugin v26.7 - https:\/\/yoast.com\/wordpress\/plugins\/seo\/ -->\n<title>Esstisch ausziehbar von 140 bis 190 cm erh\u00e4ltlich in 4 Farben TL038 - Bagno Italia<\/title>\n<meta name=\"robots\" content=\"index, follow, max-snippet:-1, max-image-preview:large, max-video-preview:-1\" \/>\n<link rel=\"canonical\" href=\"https:\/\/www.bagnoitalia.com\/de\/produkt\/dining-table-extendable-from-140-to-190-cm-available-in-4-colours-tl038.html\" \/>\n<meta property=\"og:locale\" content=\"de_DE\" \/>\n<meta property=\"og:type\" content=\"article\" \/>\n<meta property=\"og:title\" content=\"Esstisch ausziehbar von 140 bis 190 cm erh\u00e4ltlich in 4 Farben TL038 - Bagno Italia\" \/>\n<meta property=\"og:description\" content=\"Ausziehbarer Esstisch, Abmessungen: 140\/190 x T90 x H78 cm. Erh\u00e4ltlich in den Farben: Eiche, Wei\u00df gl\u00e4nzend, Wei\u00df mit Eichenplatte oder Wei\u00df mit Zementplatte.\" \/>\n<meta property=\"og:url\" content=\"https:\/\/www.bagnoitalia.com\/de\/produkt\/dining-table-extendable-from-140-to-190-cm-available-in-4-colours-tl038.html\" \/>\n<meta property=\"og:site_name\" content=\"Bagno Italia\" \/>\n<meta property=\"article:modified_time\" content=\"2024-12-18T13:15:46+00:00\" \/>\n<meta property=\"og:image\" content=\"https:\/\/img.bagnoitalia.com\/wp-content\/uploads\/1-101.webp\" \/>\n\t<meta property=\"og:image:width\" content=\"1000\" \/>\n\t<meta property=\"og:image:height\" content=\"1000\" \/>\n\t<meta property=\"og:image:type\" content=\"image\/webp\" \/>\n<meta name=\"twitter:card\" content=\"summary_large_image\" \/>\n<meta name=\"twitter:label1\" content=\"Gesch\u00e4tzte Lesezeit\" \/>\n\t<meta name=\"twitter:data1\" content=\"1\u00a0Minute\" \/>\n<script type=\"application\/ld+json\" class=\"yoast-schema-graph\">{\"@context\":\"https:\/\/schema.org\",\"@graph\":[{\"@type\":\"WebPage\",\"@id\":\"https:\/\/www.bagnoitalia.com\/de\/produkt\/dining-table-extendable-from-140-to-190-cm-available-in-4-colours-tl038.html\",\"url\":\"https:\/\/www.bagnoitalia.com\/de\/produkt\/dining-table-extendable-from-140-to-190-cm-available-in-4-colours-tl038.html\",\"name\":\"Esstisch ausziehbar von 140 bis 190 cm erh\u00e4ltlich in 4 Farben TL038 - Bagno Italia\",\"isPartOf\":{\"@id\":\"https:\/\/www.bagnoitalia.com\/de#website\"},\"primaryImageOfPage\":{\"@id\":\"https:\/\/www.bagnoitalia.com\/de\/produkt\/dining-table-extendable-from-140-to-190-cm-available-in-4-colours-tl038.html#primaryimage\"},\"image\":{\"@id\":\"https:\/\/www.bagnoitalia.com\/de\/produkt\/dining-table-extendable-from-140-to-190-cm-available-in-4-colours-tl038.html#primaryimage\"},\"thumbnailUrl\":\"https:\/\/img.bagnoitalia.com\/wp-content\/uploads\/1-101.webp\",\"datePublished\":\"2024-12-18T13:14:25+00:00\",\"dateModified\":\"2024-12-18T13:15:46+00:00\",\"breadcrumb\":{\"@id\":\"https:\/\/www.bagnoitalia.com\/de\/produkt\/dining-table-extendable-from-140-to-190-cm-available-in-4-colours-tl038.html#breadcrumb\"},\"inLanguage\":\"de\",\"potentialAction\":[{\"@type\":\"ReadAction\",\"target\":[\"https:\/\/www.bagnoitalia.com\/de\/produkt\/dining-table-extendable-from-140-to-190-cm-available-in-4-colours-tl038.html\"]}]},{\"@type\":\"ImageObject\",\"inLanguage\":\"de\",\"@id\":\"https:\/\/www.bagnoitalia.com\/de\/produkt\/dining-table-extendable-from-140-to-190-cm-available-in-4-colours-tl038.html#primaryimage\",\"url\":\"https:\/\/img.bagnoitalia.com\/wp-content\/uploads\/1-101.webp\",\"contentUrl\":\"https:\/\/img.bagnoitalia.com\/wp-content\/uploads\/1-101.webp\",\"width\":1000,\"height\":1000},{\"@type\":\"BreadcrumbList\",\"@id\":\"https:\/\/www.bagnoitalia.com\/de\/produkt\/dining-table-extendable-from-140-to-190-cm-available-in-4-colours-tl038.html#breadcrumb\",\"itemListElement\":[{\"@type\":\"ListItem\",\"position\":1,\"name\":\"Home\",\"item\":\"https:\/\/www.bagnoitalia.com\/de\"},{\"@type\":\"ListItem\",\"position\":2,\"name\":\"Produkte\",\"item\":\"https:\/\/www.bagnoitalia.com\/de\/shop\"},{\"@type\":\"ListItem\",\"position\":3,\"name\":\"Esstisch ausziehbar von 140 bis 190 cm erh\u00e4ltlich in 4 Farben TL038\"}]},{\"@type\":\"WebSite\",\"@id\":\"https:\/\/www.bagnoitalia.com\/de#website\",\"url\":\"https:\/\/www.bagnoitalia.com\/de\",\"name\":\"Bagno Italia\",\"description\":\"\",\"publisher\":{\"@id\":\"https:\/\/www.bagnoitalia.com\/de#organization\"},\"potentialAction\":[{\"@type\":\"SearchAction\",\"target\":{\"@type\":\"EntryPoint\",\"urlTemplate\":\"https:\/\/www.bagnoitalia.com\/de?s={search_term_string}\"},\"query-input\":{\"@type\":\"PropertyValueSpecification\",\"valueRequired\":true,\"valueName\":\"search_term_string\"}}],\"inLanguage\":\"de\"},{\"@type\":\"Organization\",\"@id\":\"https:\/\/www.bagnoitalia.com\/de#organization\",\"name\":\"Bagno Italia\",\"url\":\"https:\/\/www.bagnoitalia.com\/de\",\"logo\":{\"@type\":\"ImageObject\",\"inLanguage\":\"de\",\"@id\":\"https:\/\/www.bagnoitalia.com\/de#\/schema\/logo\/image\/\",\"url\":\"https:\/\/img.bagnoitalia.com\/wp-content\/uploads\/logo-bagnoitalia.webp\",\"contentUrl\":\"https:\/\/img.bagnoitalia.com\/wp-content\/uploads\/logo-bagnoitalia.webp\",\"width\":400,\"height\":70,\"caption\":\"Bagno Italia\"},\"image\":{\"@id\":\"https:\/\/www.bagnoitalia.com\/de#\/schema\/logo\/image\/\"}}]}<\/script>\n<!-- \/ Yoast SEO plugin. -->","yoast_head_json":{"title":"Esstisch ausziehbar von 140 bis 190 cm erh\u00e4ltlich in 4 Farben TL038 - Bagno Italia","robots":{"index":"index","follow":"follow","max-snippet":"max-snippet:-1","max-image-preview":"max-image-preview:large","max-video-preview":"max-video-preview:-1"},"canonical":"https:\/\/www.bagnoitalia.com\/de\/produkt\/dining-table-extendable-from-140-to-190-cm-available-in-4-colours-tl038.html","og_locale":"de_DE","og_type":"article","og_title":"Esstisch ausziehbar von 140 bis 190 cm erh\u00e4ltlich in 4 Farben TL038 - Bagno Italia","og_description":"Ausziehbarer Esstisch, Abmessungen: 140\/190 x T90 x H78 cm. Erh\u00e4ltlich in den Farben: Eiche, Wei\u00df gl\u00e4nzend, Wei\u00df mit Eichenplatte oder Wei\u00df mit Zementplatte.","og_url":"https:\/\/www.bagnoitalia.com\/de\/produkt\/dining-table-extendable-from-140-to-190-cm-available-in-4-colours-tl038.html","og_site_name":"Bagno Italia","article_modified_time":"2024-12-18T13:15:46+00:00","og_image":[{"width":1000,"height":1000,"url":"https:\/\/img.bagnoitalia.com\/wp-content\/uploads\/1-101.webp","type":"image\/webp"}],"twitter_card":"summary_large_image","twitter_misc":{"Gesch\u00e4tzte Lesezeit":"1\u00a0Minute"},"schema":{"@context":"https:\/\/schema.org","@graph":[{"@type":"WebPage","@id":"https:\/\/www.bagnoitalia.com\/de\/produkt\/dining-table-extendable-from-140-to-190-cm-available-in-4-colours-tl038.html","url":"https:\/\/www.bagnoitalia.com\/de\/produkt\/dining-table-extendable-from-140-to-190-cm-available-in-4-colours-tl038.html","name":"Esstisch ausziehbar von 140 bis 190 cm erh\u00e4ltlich in 4 Farben TL038 - Bagno Italia","isPartOf":{"@id":"https:\/\/www.bagnoitalia.com\/de#website"},"primaryImageOfPage":{"@id":"https:\/\/www.bagnoitalia.com\/de\/produkt\/dining-table-extendable-from-140-to-190-cm-available-in-4-colours-tl038.html#primaryimage"},"image":{"@id":"https:\/\/www.bagnoitalia.com\/de\/produkt\/dining-table-extendable-from-140-to-190-cm-available-in-4-colours-tl038.html#primaryimage"},"thumbnailUrl":"https:\/\/img.bagnoitalia.com\/wp-content\/uploads\/1-101.webp","datePublished":"2024-12-18T13:14:25+00:00","dateModified":"2024-12-18T13:15:46+00:00","breadcrumb":{"@id":"https:\/\/www.bagnoitalia.com\/de\/produkt\/dining-table-extendable-from-140-to-190-cm-available-in-4-colours-tl038.html#breadcrumb"},"inLanguage":"de","potentialAction":[{"@type":"ReadAction","target":["https:\/\/www.bagnoitalia.com\/de\/produkt\/dining-table-extendable-from-140-to-190-cm-available-in-4-colours-tl038.html"]}]},{"@type":"ImageObject","inLanguage":"de","@id":"https:\/\/www.bagnoitalia.com\/de\/produkt\/dining-table-extendable-from-140-to-190-cm-available-in-4-colours-tl038.html#primaryimage","url":"https:\/\/img.bagnoitalia.com\/wp-content\/uploads\/1-101.webp","contentUrl":"https:\/\/img.bagnoitalia.com\/wp-content\/uploads\/1-101.webp","width":1000,"height":1000},{"@type":"BreadcrumbList","@id":"https:\/\/www.bagnoitalia.com\/de\/produkt\/dining-table-extendable-from-140-to-190-cm-available-in-4-colours-tl038.html#breadcrumb","itemListElement":[{"@type":"ListItem","position":1,"name":"Home","item":"https:\/\/www.bagnoitalia.com\/de"},{"@type":"ListItem","position":2,"name":"Produkte","item":"https:\/\/www.bagnoitalia.com\/de\/shop"},{"@type":"ListItem","position":3,"name":"Esstisch ausziehbar von 140 bis 190 cm erh\u00e4ltlich in 4 Farben TL038"}]},{"@type":"WebSite","@id":"https:\/\/www.bagnoitalia.com\/de#website","url":"https:\/\/www.bagnoitalia.com\/de","name":"Bagno Italia","description":"","publisher":{"@id":"https:\/\/www.bagnoitalia.com\/de#organization"},"potentialAction":[{"@type":"SearchAction","target":{"@type":"EntryPoint","urlTemplate":"https:\/\/www.bagnoitalia.com\/de?s={search_term_string}"},"query-input":{"@type":"PropertyValueSpecification","valueRequired":true,"valueName":"search_term_string"}}],"inLanguage":"de"},{"@type":"Organization","@id":"https:\/\/www.bagnoitalia.com\/de#organization","name":"Bagno Italia","url":"https:\/\/www.bagnoitalia.com\/de","logo":{"@type":"ImageObject","inLanguage":"de","@id":"https:\/\/www.bagnoitalia.com\/de#\/schema\/logo\/image\/","url":"https:\/\/img.bagnoitalia.com\/wp-content\/uploads\/logo-bagnoitalia.webp","contentUrl":"https:\/\/img.bagnoitalia.com\/wp-content\/uploads\/logo-bagnoitalia.webp","width":400,"height":70,"caption":"Bagno Italia"},"image":{"@id":"https:\/\/www.bagnoitalia.com\/de#\/schema\/logo\/image\/"}}]}},"_links":{"self":[{"href":"https:\/\/www.bagnoitalia.com\/de\/wp-json\/wp\/v2\/product\/99910","targetHints":{"allow":["GET"]}}],"collection":[{"href":"https:\/\/www.bagnoitalia.com\/de\/wp-json\/wp\/v2\/product"}],"about":[{"href":"https:\/\/www.bagnoitalia.com\/de\/wp-json\/wp\/v2\/types\/product"}],"replies":[{"embeddable":true,"href":"https:\/\/www.bagnoitalia.com\/de\/wp-json\/wp\/v2\/comments?post=99910"}],"version-history":[{"count":1,"href":"https:\/\/www.bagnoitalia.com\/de\/wp-json\/wp\/v2\/product\/99910\/revisions"}],"predecessor-version":[{"id":99912,"href":"https:\/\/www.bagnoitalia.com\/de\/wp-json\/wp\/v2\/product\/99910\/revisions\/99912"}],"wp:featuredmedia":[{"embeddable":true,"href":"https:\/\/www.bagnoitalia.com\/de\/wp-json\/wp\/v2\/media\/99861"}],"wp:attachment":[{"href":"https:\/\/www.bagnoitalia.com\/de\/wp-json\/wp\/v2\/media?parent=99910"}],"wp:term":[{"taxonomy":"product_brand","embeddable":true,"href":"https:\/\/www.bagnoitalia.com\/de\/wp-json\/wp\/v2\/product_brand?post=99910"},{"taxonomy":"product_cat","embeddable":true,"href":"https:\/\/www.bagnoitalia.com\/de\/wp-json\/wp\/v2\/product_cat?post=99910"},{"taxonomy":"product_tag","embeddable":true,"href":"https:\/\/www.bagnoitalia.com\/de\/wp-json\/wp\/v2\/product_tag?post=99910"}],"curies":[{"name":"wp","href":"https:\/\/api.w.org\/{rel}","templated":true}]}}