{"id":99090,"date":"2024-12-11T12:13:04","date_gmt":"2024-12-11T11:13:04","guid":{"rendered":"https:\/\/www.bagnoitalia.com\/outdoor-whirlpool-180x180-cm-6-8-seats-148-water-and-air-jets-wi-fi-smart-and-heater-mp65.html"},"modified":"2024-12-11T12:14:20","modified_gmt":"2024-12-11T11:14:20","slug":"outdoor-whirlpool-180x180-cm-6-8-seats-148-water-and-air-jets-wi-fi-smart-and-heater-mp65","status":"publish","type":"product","link":"https:\/\/www.bagnoitalia.com\/de\/produkt\/outdoor-whirlpool-180x180-cm-6-8-seats-148-water-and-air-jets-wi-fi-smart-and-heater-mp65.html","title":{"rendered":"Au\u00dfenwhirlpool 180&#215;180 cm 6-8 Pl\u00e4tze 148 Wasser- und Luftd\u00fcsen, WI-FI smart und Heizung MP65"},"content":{"rendered":"<p>Whirlpool 180x180cm MP65<\/p>\n<p>&nbsp;<\/p>\n<p>&nbsp;<\/p>\n<p>&nbsp;<\/p>\n<p>&nbsp;<\/p>\n<p>HAUPTEIGENSCHAFTEN<\/p>\n<p>&nbsp;<\/p>\n<p>&nbsp;<\/p>\n<p>&nbsp;<\/p>\n<p>Quadratischer Au\u00dfenpool<\/p>\n<p>Abmessungen K\u00f6nig 180x180xH65 cm<\/p>\n<p>Von 6 bis 8 Sitzpl\u00e4tzen<\/p>\n<p>Mit 148 Hydromassaged\u00fcsen (davon 8 Wasserd\u00fcsen, R\u00fcckend\u00fcsen, unter den Kopfst\u00fctzen) mit 3 Intensit\u00e4tsstufen<\/p>\n<p>4 Kopfst\u00fctzen-Kissen<\/p>\n<p>Ozon-Therapie<\/p>\n<p>Chromotherapie<\/p>\n<p>Heizung<\/p>\n<p>Externer Steuercomputer mit OLED-Touch-Display<\/p>\n<p>4 mehrfarbige LED-Streifen am Umfang (\u00fcber die mitgelieferte Fernbedienung steuerbar)<\/p>\n<p>Wi-Fi-Fernbedienung f\u00fcr Smartphone-App<\/p>\n<p>Doppelpumpe: Luft und Wasser<\/p>\n<p>Frostschutzsystem<\/p>\n<p>Antibakterielles UVC-Desinfektionsmittel<\/p>\n<p>Kindersicherung<\/p>\n<p>Antibakterielles Gewebe<\/p>\n<p>\u00d6ko-Verbrauchstimer<\/p>\n<p>Rei\u00dfverschlussabdeckung<\/p>\n<p>Produktabsch\u00e4umer\/Spender<\/p>\n<p>Schaumstoffmatte<\/p>\n<p>Manometer<\/p>\n<p>Digitale Uhr<\/p>\n<p>Rasterschl\u00fcssel<\/p>\n<p>Adapter f\u00fcr Ablassschlauch<\/p>\n<p>&nbsp;<\/p>\n<p>&nbsp;<\/p>\n<p>&nbsp;<\/p>\n<p>&nbsp;<\/p>\n<p>TECHNISCHE DATEN<\/p>\n<p>Maximales Fassungsverm\u00f6gen: 1150 Liter<\/p>\n<p>12v\/60w intelligentes Wasserfiltersystem (2 Filter enthalten)<\/p>\n<p>Stromversorgung: 220-240 Volt<\/p>\n<p>Heizung: 2200W<\/p>\n<p>Pumpe: 720W \/1100W (Stufe1: 300W; Stufe2: 500W; Stufe3: 720W + Wasserpumpe)<\/p>\n<p>Zertifizierungen: CE, ISO9001-2008<\/p>\n<p>&nbsp;<\/p>\n<p>&nbsp;<\/p>\n<p>&nbsp;<\/p>\n<p>&nbsp;<\/p>\n<p>&nbsp;<\/p>\n","protected":false},"excerpt":{"rendered":"<p>Quadratische Badewanne f\u00fcr den Au\u00dfenbereich, &#8218;King&#8216;-Version, geeignet f\u00fcr 6-8 Personen. Mit Whirlpool und Airpool-Pumpe f\u00fcr insgesamt 148 Hydromassaged\u00fcsen, 4 mehrfarbigen LED-Streifen am Rand, Ozontherapie, Heizung, Vollbildschirm mit LED-Anzeige und Wi-Fi-Anschluss.<\/p>\n","protected":false},"featured_media":99042,"comment_status":"open","ping_status":"closed","template":"","meta":[],"product_brand":[9925],"product_cat":[10070],"product_tag":[],"class_list":{"0":"post-99090","1":"product","2":"type-product","3":"status-publish","4":"has-post-thumbnail","6":"product_brand-predator-arredo-casa-de","7":"product_cat-whirlpools-im-freien","9":"first","10":"instock","11":"sale","12":"taxable","13":"shipping-taxable","14":"purchasable","15":"product-type-simple"},"exclude_global_add_ons":false,"addons":[{"name":"Zubeh\u00f6r","type":"multiple_choice","position":0,"required":false,"title_format":"label","default":"","description_enable":false,"description":"","placeholder_enable":false,"placeholder":"","display":"select","restrictions_type":"any_text","adjust_price":false,"price":"","price_type":"flat_fee","restrictions":false,"min":"0","max":"0","options":[{"label":"ohne Leiter","price":"","price_type":"flat_fee","image":0,"visibility":true},{"label":"mit Leiter","price":"229","price_type":"flat_fee","image":0,"visibility":true}],"id":1733919185}],"yoast_head":"<!-- This site is optimized with the Yoast SEO plugin v26.7 - https:\/\/yoast.com\/wordpress\/plugins\/seo\/ -->\n<title>Au\u00dfenwhirlpool 180x180 cm 6-8 Pl\u00e4tze 148 Wasser- und Luftd\u00fcsen, WI-FI smart und Heizung MP65 - Bagno Italia<\/title>\n<meta name=\"robots\" content=\"index, follow, max-snippet:-1, max-image-preview:large, max-video-preview:-1\" \/>\n<link rel=\"canonical\" href=\"https:\/\/www.bagnoitalia.com\/de\/produkt\/outdoor-whirlpool-180x180-cm-6-8-seats-148-water-and-air-jets-wi-fi-smart-and-heater-mp65.html\" \/>\n<meta property=\"og:locale\" content=\"de_DE\" \/>\n<meta property=\"og:type\" content=\"article\" \/>\n<meta property=\"og:title\" content=\"Au\u00dfenwhirlpool 180x180 cm 6-8 Pl\u00e4tze 148 Wasser- und Luftd\u00fcsen, WI-FI smart und Heizung MP65 - Bagno Italia\" \/>\n<meta property=\"og:description\" content=\"Quadratische Badewanne f\u00fcr den Au\u00dfenbereich, &#039;King&#039;-Version, geeignet f\u00fcr 6-8 Personen. Mit Whirlpool und Airpool-Pumpe f\u00fcr insgesamt 148 Hydromassaged\u00fcsen, 4 mehrfarbigen LED-Streifen am Rand, Ozontherapie, Heizung, Vollbildschirm mit LED-Anzeige und Wi-Fi-Anschluss.\" \/>\n<meta property=\"og:url\" content=\"https:\/\/www.bagnoitalia.com\/de\/produkt\/outdoor-whirlpool-180x180-cm-6-8-seats-148-water-and-air-jets-wi-fi-smart-and-heater-mp65.html\" \/>\n<meta property=\"og:site_name\" content=\"Bagno Italia\" \/>\n<meta property=\"article:modified_time\" content=\"2024-12-11T11:14:20+00:00\" \/>\n<meta property=\"og:image\" content=\"https:\/\/img.bagnoitalia.com\/wp-content\/uploads\/1-77.webp\" \/>\n\t<meta property=\"og:image:width\" content=\"686\" \/>\n\t<meta property=\"og:image:height\" content=\"686\" \/>\n\t<meta property=\"og:image:type\" content=\"image\/webp\" \/>\n<meta name=\"twitter:card\" content=\"summary_large_image\" \/>\n<meta name=\"twitter:label1\" content=\"Gesch\u00e4tzte Lesezeit\" \/>\n\t<meta name=\"twitter:data1\" content=\"1\u00a0Minute\" \/>\n<script type=\"application\/ld+json\" class=\"yoast-schema-graph\">{\"@context\":\"https:\/\/schema.org\",\"@graph\":[{\"@type\":\"WebPage\",\"@id\":\"https:\/\/www.bagnoitalia.com\/de\/produkt\/outdoor-whirlpool-180x180-cm-6-8-seats-148-water-and-air-jets-wi-fi-smart-and-heater-mp65.html\",\"url\":\"https:\/\/www.bagnoitalia.com\/de\/produkt\/outdoor-whirlpool-180x180-cm-6-8-seats-148-water-and-air-jets-wi-fi-smart-and-heater-mp65.html\",\"name\":\"Au\u00dfenwhirlpool 180x180 cm 6-8 Pl\u00e4tze 148 Wasser- und Luftd\u00fcsen, WI-FI smart und Heizung MP65 - Bagno Italia\",\"isPartOf\":{\"@id\":\"https:\/\/www.bagnoitalia.com\/de#website\"},\"primaryImageOfPage\":{\"@id\":\"https:\/\/www.bagnoitalia.com\/de\/produkt\/outdoor-whirlpool-180x180-cm-6-8-seats-148-water-and-air-jets-wi-fi-smart-and-heater-mp65.html#primaryimage\"},\"image\":{\"@id\":\"https:\/\/www.bagnoitalia.com\/de\/produkt\/outdoor-whirlpool-180x180-cm-6-8-seats-148-water-and-air-jets-wi-fi-smart-and-heater-mp65.html#primaryimage\"},\"thumbnailUrl\":\"https:\/\/img.bagnoitalia.com\/wp-content\/uploads\/1-77.webp\",\"datePublished\":\"2024-12-11T11:13:04+00:00\",\"dateModified\":\"2024-12-11T11:14:20+00:00\",\"breadcrumb\":{\"@id\":\"https:\/\/www.bagnoitalia.com\/de\/produkt\/outdoor-whirlpool-180x180-cm-6-8-seats-148-water-and-air-jets-wi-fi-smart-and-heater-mp65.html#breadcrumb\"},\"inLanguage\":\"de\",\"potentialAction\":[{\"@type\":\"ReadAction\",\"target\":[\"https:\/\/www.bagnoitalia.com\/de\/produkt\/outdoor-whirlpool-180x180-cm-6-8-seats-148-water-and-air-jets-wi-fi-smart-and-heater-mp65.html\"]}]},{\"@type\":\"ImageObject\",\"inLanguage\":\"de\",\"@id\":\"https:\/\/www.bagnoitalia.com\/de\/produkt\/outdoor-whirlpool-180x180-cm-6-8-seats-148-water-and-air-jets-wi-fi-smart-and-heater-mp65.html#primaryimage\",\"url\":\"https:\/\/img.bagnoitalia.com\/wp-content\/uploads\/1-77.webp\",\"contentUrl\":\"https:\/\/img.bagnoitalia.com\/wp-content\/uploads\/1-77.webp\",\"width\":686,\"height\":686},{\"@type\":\"BreadcrumbList\",\"@id\":\"https:\/\/www.bagnoitalia.com\/de\/produkt\/outdoor-whirlpool-180x180-cm-6-8-seats-148-water-and-air-jets-wi-fi-smart-and-heater-mp65.html#breadcrumb\",\"itemListElement\":[{\"@type\":\"ListItem\",\"position\":1,\"name\":\"Home\",\"item\":\"https:\/\/www.bagnoitalia.com\/de\"},{\"@type\":\"ListItem\",\"position\":2,\"name\":\"Produkte\",\"item\":\"https:\/\/www.bagnoitalia.com\/de\/shop\"},{\"@type\":\"ListItem\",\"position\":3,\"name\":\"Au\u00dfenwhirlpool 180&#215;180 cm 6-8 Pl\u00e4tze 148 Wasser- und Luftd\u00fcsen, WI-FI smart und Heizung MP65\"}]},{\"@type\":\"WebSite\",\"@id\":\"https:\/\/www.bagnoitalia.com\/de#website\",\"url\":\"https:\/\/www.bagnoitalia.com\/de\",\"name\":\"Bagno Italia\",\"description\":\"\",\"publisher\":{\"@id\":\"https:\/\/www.bagnoitalia.com\/de#organization\"},\"potentialAction\":[{\"@type\":\"SearchAction\",\"target\":{\"@type\":\"EntryPoint\",\"urlTemplate\":\"https:\/\/www.bagnoitalia.com\/de?s={search_term_string}\"},\"query-input\":{\"@type\":\"PropertyValueSpecification\",\"valueRequired\":true,\"valueName\":\"search_term_string\"}}],\"inLanguage\":\"de\"},{\"@type\":\"Organization\",\"@id\":\"https:\/\/www.bagnoitalia.com\/de#organization\",\"name\":\"Bagno Italia\",\"url\":\"https:\/\/www.bagnoitalia.com\/de\",\"logo\":{\"@type\":\"ImageObject\",\"inLanguage\":\"de\",\"@id\":\"https:\/\/www.bagnoitalia.com\/de#\/schema\/logo\/image\/\",\"url\":\"https:\/\/img.bagnoitalia.com\/wp-content\/uploads\/logo-bagnoitalia.webp\",\"contentUrl\":\"https:\/\/img.bagnoitalia.com\/wp-content\/uploads\/logo-bagnoitalia.webp\",\"width\":400,\"height\":70,\"caption\":\"Bagno Italia\"},\"image\":{\"@id\":\"https:\/\/www.bagnoitalia.com\/de#\/schema\/logo\/image\/\"}}]}<\/script>\n<!-- \/ Yoast SEO plugin. -->","yoast_head_json":{"title":"Au\u00dfenwhirlpool 180x180 cm 6-8 Pl\u00e4tze 148 Wasser- und Luftd\u00fcsen, WI-FI smart und Heizung MP65 - Bagno Italia","robots":{"index":"index","follow":"follow","max-snippet":"max-snippet:-1","max-image-preview":"max-image-preview:large","max-video-preview":"max-video-preview:-1"},"canonical":"https:\/\/www.bagnoitalia.com\/de\/produkt\/outdoor-whirlpool-180x180-cm-6-8-seats-148-water-and-air-jets-wi-fi-smart-and-heater-mp65.html","og_locale":"de_DE","og_type":"article","og_title":"Au\u00dfenwhirlpool 180x180 cm 6-8 Pl\u00e4tze 148 Wasser- und Luftd\u00fcsen, WI-FI smart und Heizung MP65 - Bagno Italia","og_description":"Quadratische Badewanne f\u00fcr den Au\u00dfenbereich, 'King'-Version, geeignet f\u00fcr 6-8 Personen. Mit Whirlpool und Airpool-Pumpe f\u00fcr insgesamt 148 Hydromassaged\u00fcsen, 4 mehrfarbigen LED-Streifen am Rand, Ozontherapie, Heizung, Vollbildschirm mit LED-Anzeige und Wi-Fi-Anschluss.","og_url":"https:\/\/www.bagnoitalia.com\/de\/produkt\/outdoor-whirlpool-180x180-cm-6-8-seats-148-water-and-air-jets-wi-fi-smart-and-heater-mp65.html","og_site_name":"Bagno Italia","article_modified_time":"2024-12-11T11:14:20+00:00","og_image":[{"width":686,"height":686,"url":"https:\/\/img.bagnoitalia.com\/wp-content\/uploads\/1-77.webp","type":"image\/webp"}],"twitter_card":"summary_large_image","twitter_misc":{"Gesch\u00e4tzte Lesezeit":"1\u00a0Minute"},"schema":{"@context":"https:\/\/schema.org","@graph":[{"@type":"WebPage","@id":"https:\/\/www.bagnoitalia.com\/de\/produkt\/outdoor-whirlpool-180x180-cm-6-8-seats-148-water-and-air-jets-wi-fi-smart-and-heater-mp65.html","url":"https:\/\/www.bagnoitalia.com\/de\/produkt\/outdoor-whirlpool-180x180-cm-6-8-seats-148-water-and-air-jets-wi-fi-smart-and-heater-mp65.html","name":"Au\u00dfenwhirlpool 180x180 cm 6-8 Pl\u00e4tze 148 Wasser- und Luftd\u00fcsen, WI-FI smart und Heizung MP65 - Bagno Italia","isPartOf":{"@id":"https:\/\/www.bagnoitalia.com\/de#website"},"primaryImageOfPage":{"@id":"https:\/\/www.bagnoitalia.com\/de\/produkt\/outdoor-whirlpool-180x180-cm-6-8-seats-148-water-and-air-jets-wi-fi-smart-and-heater-mp65.html#primaryimage"},"image":{"@id":"https:\/\/www.bagnoitalia.com\/de\/produkt\/outdoor-whirlpool-180x180-cm-6-8-seats-148-water-and-air-jets-wi-fi-smart-and-heater-mp65.html#primaryimage"},"thumbnailUrl":"https:\/\/img.bagnoitalia.com\/wp-content\/uploads\/1-77.webp","datePublished":"2024-12-11T11:13:04+00:00","dateModified":"2024-12-11T11:14:20+00:00","breadcrumb":{"@id":"https:\/\/www.bagnoitalia.com\/de\/produkt\/outdoor-whirlpool-180x180-cm-6-8-seats-148-water-and-air-jets-wi-fi-smart-and-heater-mp65.html#breadcrumb"},"inLanguage":"de","potentialAction":[{"@type":"ReadAction","target":["https:\/\/www.bagnoitalia.com\/de\/produkt\/outdoor-whirlpool-180x180-cm-6-8-seats-148-water-and-air-jets-wi-fi-smart-and-heater-mp65.html"]}]},{"@type":"ImageObject","inLanguage":"de","@id":"https:\/\/www.bagnoitalia.com\/de\/produkt\/outdoor-whirlpool-180x180-cm-6-8-seats-148-water-and-air-jets-wi-fi-smart-and-heater-mp65.html#primaryimage","url":"https:\/\/img.bagnoitalia.com\/wp-content\/uploads\/1-77.webp","contentUrl":"https:\/\/img.bagnoitalia.com\/wp-content\/uploads\/1-77.webp","width":686,"height":686},{"@type":"BreadcrumbList","@id":"https:\/\/www.bagnoitalia.com\/de\/produkt\/outdoor-whirlpool-180x180-cm-6-8-seats-148-water-and-air-jets-wi-fi-smart-and-heater-mp65.html#breadcrumb","itemListElement":[{"@type":"ListItem","position":1,"name":"Home","item":"https:\/\/www.bagnoitalia.com\/de"},{"@type":"ListItem","position":2,"name":"Produkte","item":"https:\/\/www.bagnoitalia.com\/de\/shop"},{"@type":"ListItem","position":3,"name":"Au\u00dfenwhirlpool 180&#215;180 cm 6-8 Pl\u00e4tze 148 Wasser- und Luftd\u00fcsen, WI-FI smart und Heizung MP65"}]},{"@type":"WebSite","@id":"https:\/\/www.bagnoitalia.com\/de#website","url":"https:\/\/www.bagnoitalia.com\/de","name":"Bagno Italia","description":"","publisher":{"@id":"https:\/\/www.bagnoitalia.com\/de#organization"},"potentialAction":[{"@type":"SearchAction","target":{"@type":"EntryPoint","urlTemplate":"https:\/\/www.bagnoitalia.com\/de?s={search_term_string}"},"query-input":{"@type":"PropertyValueSpecification","valueRequired":true,"valueName":"search_term_string"}}],"inLanguage":"de"},{"@type":"Organization","@id":"https:\/\/www.bagnoitalia.com\/de#organization","name":"Bagno Italia","url":"https:\/\/www.bagnoitalia.com\/de","logo":{"@type":"ImageObject","inLanguage":"de","@id":"https:\/\/www.bagnoitalia.com\/de#\/schema\/logo\/image\/","url":"https:\/\/img.bagnoitalia.com\/wp-content\/uploads\/logo-bagnoitalia.webp","contentUrl":"https:\/\/img.bagnoitalia.com\/wp-content\/uploads\/logo-bagnoitalia.webp","width":400,"height":70,"caption":"Bagno Italia"},"image":{"@id":"https:\/\/www.bagnoitalia.com\/de#\/schema\/logo\/image\/"}}]}},"_links":{"self":[{"href":"https:\/\/www.bagnoitalia.com\/de\/wp-json\/wp\/v2\/product\/99090","targetHints":{"allow":["GET"]}}],"collection":[{"href":"https:\/\/www.bagnoitalia.com\/de\/wp-json\/wp\/v2\/product"}],"about":[{"href":"https:\/\/www.bagnoitalia.com\/de\/wp-json\/wp\/v2\/types\/product"}],"replies":[{"embeddable":true,"href":"https:\/\/www.bagnoitalia.com\/de\/wp-json\/wp\/v2\/comments?post=99090"}],"version-history":[{"count":1,"href":"https:\/\/www.bagnoitalia.com\/de\/wp-json\/wp\/v2\/product\/99090\/revisions"}],"predecessor-version":[{"id":99092,"href":"https:\/\/www.bagnoitalia.com\/de\/wp-json\/wp\/v2\/product\/99090\/revisions\/99092"}],"wp:featuredmedia":[{"embeddable":true,"href":"https:\/\/www.bagnoitalia.com\/de\/wp-json\/wp\/v2\/media\/99042"}],"wp:attachment":[{"href":"https:\/\/www.bagnoitalia.com\/de\/wp-json\/wp\/v2\/media?parent=99090"}],"wp:term":[{"taxonomy":"product_brand","embeddable":true,"href":"https:\/\/www.bagnoitalia.com\/de\/wp-json\/wp\/v2\/product_brand?post=99090"},{"taxonomy":"product_cat","embeddable":true,"href":"https:\/\/www.bagnoitalia.com\/de\/wp-json\/wp\/v2\/product_cat?post=99090"},{"taxonomy":"product_tag","embeddable":true,"href":"https:\/\/www.bagnoitalia.com\/de\/wp-json\/wp\/v2\/product_tag?post=99090"}],"curies":[{"name":"wp","href":"https:\/\/api.w.org\/{rel}","templated":true}]}}