{"id":99030,"date":"2024-12-10T16:30:40","date_gmt":"2024-12-10T15:30:40","guid":{"rendered":"https:\/\/www.bagnoitalia.com\/nigel5-wall-mounted-vanity-unit-with-integral-washbasin-60-or-80-cm-3-coloured-ribbed-effect-mirror-included.html"},"modified":"2024-12-10T16:32:44","modified_gmt":"2024-12-10T15:32:44","slug":"nigel5-wall-mounted-vanity-unit-with-integral-washbasin-60-or-80-cm-3-coloured-ribbed-effect-mirror-included","status":"publish","type":"product","link":"https:\/\/www.bagnoitalia.com\/de\/produkt\/nigel5-wall-mounted-vanity-unit-with-integral-washbasin-60-or-80-cm-3-coloured-ribbed-effect-mirror-included.html","title":{"rendered":"Nigel5 Wand-Waschtischunterschrank mit integriertem Waschbecken 60 oder 80 cm Inklusive 3-farbigem Spiegel mit Rippeneffekt"},"content":{"rendered":"<p>NIGEL5&#8242; BADEZIMMERM\u00d6BEL in 2 Gr\u00f6\u00dfen<\/p>\n<p>&nbsp;<\/p>\n<p>&nbsp;<\/p>\n<p>&nbsp;<\/p>\n<p>&nbsp;<\/p>\n<p>PRODUKTABMESSUNGEN<\/p>\n<p>Verf\u00fcgbare L\u00e4ngen (Gr\u00f6\u00dfe aus dem Dropdown-Men\u00fc ausw\u00e4hlen)<\/p>\n<p>60 cm mit Spiegel 60&#215;75 cm<br \/>\n80 cm mit Spiegel 80&#215;70 cm<\/p>\n<p>Tiefe: 44 cm<\/p>\n<p>H\u00f6he: 50 cm<\/p>\n<p>&nbsp;<\/p>\n<p>PRODUKTMERKMALE<\/p>\n<p>Wandmontierter Badezimmerschrank aus Melaminholz<\/p>\n<p>Erh\u00e4ltlich in drei Farben: Wei\u00df matt, Eiche hell, Zementgr\u00fcn<\/p>\n<p>Unterschrank mit zwei T\u00fcren mit Rippeneffekt<\/p>\n<p>Rillenf\u00f6rmige \u00d6ffnung<\/p>\n<p>Soft-close-Verschluss<\/p>\n<p>Gl\u00e4nzend wei\u00dfes Keramik-Waschtischbecken<\/p>\n<p>Umkehrbarer Filolucido-Spiegel (die LED-Wandleuchte ist nicht im Preis inbegriffen, sie kann \u00fcber das Dropdown-Men\u00fc hinzugef\u00fcgt werden)<\/p>\n<p>Mit \u00dcberlaufloch<\/p>\n<p>Mit Bohrung f\u00fcr Mischbatterie<\/p>\n<p>&nbsp;<\/p>\n<p>ACHTUNG: Mischbatterie NICHT im Preis enthalten<\/p>\n<p>&nbsp;<\/p>\n<p>&nbsp;<\/p>\n<p>&nbsp;<\/p>\n<p>&nbsp;<\/p>\n<p>&nbsp;<\/p>\n<p>&nbsp;<\/p>\n<p>&nbsp;<\/p>\n<p>&nbsp;<\/p>\n<p>&nbsp;<\/p>\n<p>&nbsp;<\/p>\n<p>&nbsp;<\/p>\n<p>&nbsp;<\/p>\n<p>&nbsp;<\/p>\n<p>&nbsp;<\/p>\n<p>&nbsp;<\/p>\n<p>&nbsp;<\/p>\n<p>&nbsp;<\/p>\n<p>&nbsp;<\/p>\n<p>&nbsp;<\/p>\n<p>&nbsp;<\/p>\n<p>&nbsp;<\/p>\n<p>&nbsp;<\/p>\n<p>&nbsp;<\/p>\n<p>&nbsp;<\/p>\n<p>&nbsp;<\/p>\n<p>&nbsp;<\/p>\n<p>&nbsp;<\/p>\n<p>&nbsp;<\/p>\n<p>&nbsp;<\/p>\n<p>&nbsp;<\/p>\n<p>&nbsp;<\/p>\n<p>Nerk<\/p>\n<p>&nbsp;<\/p>\n<p>&nbsp;<\/p>\n","protected":false},"excerpt":{"rendered":"<p>Modernes H\u00e4ngem\u00f6bel, in 2 Gr\u00f6\u00dfen und mit zwei T\u00fcren. Erh\u00e4ltlich in matt wei\u00df, entschieden Eiche oder Zement gr\u00fcn, mit einem gerippten Effekt. Das Keramik-Waschbecken und filolucido Spiegel sind im Preis inbegriffen.<\/p>\n","protected":false},"featured_media":98982,"comment_status":"open","ping_status":"closed","template":"","meta":[],"product_brand":[9882],"product_cat":[10116],"product_tag":[],"class_list":{"0":"post-99030","1":"product","2":"type-product","3":"status-publish","4":"has-post-thumbnail","6":"product_brand-deghi-fr","7":"product_cat-senza-categoria-de","9":"first","10":"outofstock","11":"taxable","12":"shipping-taxable","13":"purchasable","14":"product-type-simple"},"exclude_global_add_ons":false,"addons":[{"name":"Typ","type":"multiple_choice","position":0,"required":false,"title_format":"label","default":"","description_enable":false,"description":"","placeholder_enable":false,"placeholder":"","display":"select","restrictions_type":"any_text","adjust_price":false,"price":"","price_type":"flat_fee","restrictions":false,"min":"0","max":"0","options":[{"label":"60 cm matt wei\u00df","price":"","price_type":"flat_fee","image":0,"visibility":true},{"label":"60 cm Eiche entschieden","price":"","price_type":"flat_fee","image":0,"visibility":true},{"label":"60 cm Beton gr\u00fcn","price":"","price_type":"flat_fee","image":0,"visibility":true},{"label":"80 cm matt wei\u00df","price":"60","price_type":"flat_fee","image":0,"visibility":true},{"label":"Nicht verf\u00fcgbar - 80 cm Eiche entschieden","price":"60","price_type":"flat_fee","image":0,"visibility":true},{"label":"80 cm Beton gr\u00fcn","price":"60","price_type":"flat_fee","image":0,"visibility":true}],"id":1733848241},{"name":"appliziert","type":"multiple_choice","position":1,"required":false,"title_format":"label","default":"","description_enable":false,"description":"","placeholder_enable":false,"placeholder":"","display":"select","restrictions_type":"any_text","adjust_price":false,"price":"","price_type":"flat_fee","restrictions":false,"min":"0","max":"0","options":[{"label":"Nein","price":"","price_type":"flat_fee","image":0,"visibility":true},{"label":"Led-Strahler chrom","price":"20","price_type":"flat_fee","image":0,"visibility":true},{"label":"Mattschwarz Led-Scheinwerfer","price":"25","price_type":"flat_fee","image":0,"visibility":true}],"id":1733848242}],"yoast_head":"<!-- This site is optimized with the Yoast SEO plugin v26.7 - https:\/\/yoast.com\/wordpress\/plugins\/seo\/ -->\n<title>Nigel5 Wand-Waschtischunterschrank mit integriertem Waschbecken 60 oder 80 cm Inklusive 3-farbigem Spiegel mit Rippeneffekt - Bagno Italia<\/title>\n<meta name=\"robots\" content=\"index, follow, max-snippet:-1, max-image-preview:large, max-video-preview:-1\" \/>\n<link rel=\"canonical\" href=\"https:\/\/www.bagnoitalia.com\/de\/produkt\/nigel5-wall-mounted-vanity-unit-with-integral-washbasin-60-or-80-cm-3-coloured-ribbed-effect-mirror-included.html\" \/>\n<meta property=\"og:locale\" content=\"de_DE\" \/>\n<meta property=\"og:type\" content=\"article\" \/>\n<meta property=\"og:title\" content=\"Nigel5 Wand-Waschtischunterschrank mit integriertem Waschbecken 60 oder 80 cm Inklusive 3-farbigem Spiegel mit Rippeneffekt - Bagno Italia\" \/>\n<meta property=\"og:description\" content=\"Modernes H\u00e4ngem\u00f6bel, in 2 Gr\u00f6\u00dfen und mit zwei T\u00fcren. Erh\u00e4ltlich in matt wei\u00df, entschieden Eiche oder Zement gr\u00fcn, mit einem gerippten Effekt. Das Keramik-Waschbecken und filolucido Spiegel sind im Preis inbegriffen.\" \/>\n<meta property=\"og:url\" content=\"https:\/\/www.bagnoitalia.com\/de\/produkt\/nigel5-wall-mounted-vanity-unit-with-integral-washbasin-60-or-80-cm-3-coloured-ribbed-effect-mirror-included.html\" \/>\n<meta property=\"og:site_name\" content=\"Bagno Italia\" \/>\n<meta property=\"article:modified_time\" content=\"2024-12-10T15:32:44+00:00\" \/>\n<meta property=\"og:image\" content=\"https:\/\/img.bagnoitalia.com\/wp-content\/uploads\/1-76.webp\" \/>\n\t<meta property=\"og:image:width\" content=\"1000\" \/>\n\t<meta property=\"og:image:height\" content=\"1000\" \/>\n\t<meta property=\"og:image:type\" content=\"image\/webp\" \/>\n<meta name=\"twitter:card\" content=\"summary_large_image\" \/>\n<meta name=\"twitter:label1\" content=\"Gesch\u00e4tzte Lesezeit\" \/>\n\t<meta name=\"twitter:data1\" content=\"1\u00a0Minute\" \/>\n<script type=\"application\/ld+json\" class=\"yoast-schema-graph\">{\"@context\":\"https:\/\/schema.org\",\"@graph\":[{\"@type\":\"WebPage\",\"@id\":\"https:\/\/www.bagnoitalia.com\/de\/produkt\/nigel5-wall-mounted-vanity-unit-with-integral-washbasin-60-or-80-cm-3-coloured-ribbed-effect-mirror-included.html\",\"url\":\"https:\/\/www.bagnoitalia.com\/de\/produkt\/nigel5-wall-mounted-vanity-unit-with-integral-washbasin-60-or-80-cm-3-coloured-ribbed-effect-mirror-included.html\",\"name\":\"Nigel5 Wand-Waschtischunterschrank mit integriertem Waschbecken 60 oder 80 cm Inklusive 3-farbigem Spiegel mit Rippeneffekt - Bagno Italia\",\"isPartOf\":{\"@id\":\"https:\/\/www.bagnoitalia.com\/de#website\"},\"primaryImageOfPage\":{\"@id\":\"https:\/\/www.bagnoitalia.com\/de\/produkt\/nigel5-wall-mounted-vanity-unit-with-integral-washbasin-60-or-80-cm-3-coloured-ribbed-effect-mirror-included.html#primaryimage\"},\"image\":{\"@id\":\"https:\/\/www.bagnoitalia.com\/de\/produkt\/nigel5-wall-mounted-vanity-unit-with-integral-washbasin-60-or-80-cm-3-coloured-ribbed-effect-mirror-included.html#primaryimage\"},\"thumbnailUrl\":\"https:\/\/img.bagnoitalia.com\/wp-content\/uploads\/1-76.webp\",\"datePublished\":\"2024-12-10T15:30:40+00:00\",\"dateModified\":\"2024-12-10T15:32:44+00:00\",\"breadcrumb\":{\"@id\":\"https:\/\/www.bagnoitalia.com\/de\/produkt\/nigel5-wall-mounted-vanity-unit-with-integral-washbasin-60-or-80-cm-3-coloured-ribbed-effect-mirror-included.html#breadcrumb\"},\"inLanguage\":\"de\",\"potentialAction\":[{\"@type\":\"ReadAction\",\"target\":[\"https:\/\/www.bagnoitalia.com\/de\/produkt\/nigel5-wall-mounted-vanity-unit-with-integral-washbasin-60-or-80-cm-3-coloured-ribbed-effect-mirror-included.html\"]}]},{\"@type\":\"ImageObject\",\"inLanguage\":\"de\",\"@id\":\"https:\/\/www.bagnoitalia.com\/de\/produkt\/nigel5-wall-mounted-vanity-unit-with-integral-washbasin-60-or-80-cm-3-coloured-ribbed-effect-mirror-included.html#primaryimage\",\"url\":\"https:\/\/img.bagnoitalia.com\/wp-content\/uploads\/1-76.webp\",\"contentUrl\":\"https:\/\/img.bagnoitalia.com\/wp-content\/uploads\/1-76.webp\",\"width\":1000,\"height\":1000},{\"@type\":\"BreadcrumbList\",\"@id\":\"https:\/\/www.bagnoitalia.com\/de\/produkt\/nigel5-wall-mounted-vanity-unit-with-integral-washbasin-60-or-80-cm-3-coloured-ribbed-effect-mirror-included.html#breadcrumb\",\"itemListElement\":[{\"@type\":\"ListItem\",\"position\":1,\"name\":\"Home\",\"item\":\"https:\/\/www.bagnoitalia.com\/de\"},{\"@type\":\"ListItem\",\"position\":2,\"name\":\"Produkte\",\"item\":\"https:\/\/www.bagnoitalia.com\/de\/shop\"},{\"@type\":\"ListItem\",\"position\":3,\"name\":\"Nigel5 Wand-Waschtischunterschrank mit integriertem Waschbecken 60 oder 80 cm Inklusive 3-farbigem Spiegel mit Rippeneffekt\"}]},{\"@type\":\"WebSite\",\"@id\":\"https:\/\/www.bagnoitalia.com\/de#website\",\"url\":\"https:\/\/www.bagnoitalia.com\/de\",\"name\":\"Bagno Italia\",\"description\":\"\",\"publisher\":{\"@id\":\"https:\/\/www.bagnoitalia.com\/de#organization\"},\"potentialAction\":[{\"@type\":\"SearchAction\",\"target\":{\"@type\":\"EntryPoint\",\"urlTemplate\":\"https:\/\/www.bagnoitalia.com\/de?s={search_term_string}\"},\"query-input\":{\"@type\":\"PropertyValueSpecification\",\"valueRequired\":true,\"valueName\":\"search_term_string\"}}],\"inLanguage\":\"de\"},{\"@type\":\"Organization\",\"@id\":\"https:\/\/www.bagnoitalia.com\/de#organization\",\"name\":\"Bagno Italia\",\"url\":\"https:\/\/www.bagnoitalia.com\/de\",\"logo\":{\"@type\":\"ImageObject\",\"inLanguage\":\"de\",\"@id\":\"https:\/\/www.bagnoitalia.com\/de#\/schema\/logo\/image\/\",\"url\":\"https:\/\/img.bagnoitalia.com\/wp-content\/uploads\/logo-bagnoitalia.webp\",\"contentUrl\":\"https:\/\/img.bagnoitalia.com\/wp-content\/uploads\/logo-bagnoitalia.webp\",\"width\":400,\"height\":70,\"caption\":\"Bagno Italia\"},\"image\":{\"@id\":\"https:\/\/www.bagnoitalia.com\/de#\/schema\/logo\/image\/\"}}]}<\/script>\n<!-- \/ Yoast SEO plugin. -->","yoast_head_json":{"title":"Nigel5 Wand-Waschtischunterschrank mit integriertem Waschbecken 60 oder 80 cm Inklusive 3-farbigem Spiegel mit Rippeneffekt - Bagno Italia","robots":{"index":"index","follow":"follow","max-snippet":"max-snippet:-1","max-image-preview":"max-image-preview:large","max-video-preview":"max-video-preview:-1"},"canonical":"https:\/\/www.bagnoitalia.com\/de\/produkt\/nigel5-wall-mounted-vanity-unit-with-integral-washbasin-60-or-80-cm-3-coloured-ribbed-effect-mirror-included.html","og_locale":"de_DE","og_type":"article","og_title":"Nigel5 Wand-Waschtischunterschrank mit integriertem Waschbecken 60 oder 80 cm Inklusive 3-farbigem Spiegel mit Rippeneffekt - Bagno Italia","og_description":"Modernes H\u00e4ngem\u00f6bel, in 2 Gr\u00f6\u00dfen und mit zwei T\u00fcren. Erh\u00e4ltlich in matt wei\u00df, entschieden Eiche oder Zement gr\u00fcn, mit einem gerippten Effekt. Das Keramik-Waschbecken und filolucido Spiegel sind im Preis inbegriffen.","og_url":"https:\/\/www.bagnoitalia.com\/de\/produkt\/nigel5-wall-mounted-vanity-unit-with-integral-washbasin-60-or-80-cm-3-coloured-ribbed-effect-mirror-included.html","og_site_name":"Bagno Italia","article_modified_time":"2024-12-10T15:32:44+00:00","og_image":[{"width":1000,"height":1000,"url":"https:\/\/img.bagnoitalia.com\/wp-content\/uploads\/1-76.webp","type":"image\/webp"}],"twitter_card":"summary_large_image","twitter_misc":{"Gesch\u00e4tzte Lesezeit":"1\u00a0Minute"},"schema":{"@context":"https:\/\/schema.org","@graph":[{"@type":"WebPage","@id":"https:\/\/www.bagnoitalia.com\/de\/produkt\/nigel5-wall-mounted-vanity-unit-with-integral-washbasin-60-or-80-cm-3-coloured-ribbed-effect-mirror-included.html","url":"https:\/\/www.bagnoitalia.com\/de\/produkt\/nigel5-wall-mounted-vanity-unit-with-integral-washbasin-60-or-80-cm-3-coloured-ribbed-effect-mirror-included.html","name":"Nigel5 Wand-Waschtischunterschrank mit integriertem Waschbecken 60 oder 80 cm Inklusive 3-farbigem Spiegel mit Rippeneffekt - Bagno Italia","isPartOf":{"@id":"https:\/\/www.bagnoitalia.com\/de#website"},"primaryImageOfPage":{"@id":"https:\/\/www.bagnoitalia.com\/de\/produkt\/nigel5-wall-mounted-vanity-unit-with-integral-washbasin-60-or-80-cm-3-coloured-ribbed-effect-mirror-included.html#primaryimage"},"image":{"@id":"https:\/\/www.bagnoitalia.com\/de\/produkt\/nigel5-wall-mounted-vanity-unit-with-integral-washbasin-60-or-80-cm-3-coloured-ribbed-effect-mirror-included.html#primaryimage"},"thumbnailUrl":"https:\/\/img.bagnoitalia.com\/wp-content\/uploads\/1-76.webp","datePublished":"2024-12-10T15:30:40+00:00","dateModified":"2024-12-10T15:32:44+00:00","breadcrumb":{"@id":"https:\/\/www.bagnoitalia.com\/de\/produkt\/nigel5-wall-mounted-vanity-unit-with-integral-washbasin-60-or-80-cm-3-coloured-ribbed-effect-mirror-included.html#breadcrumb"},"inLanguage":"de","potentialAction":[{"@type":"ReadAction","target":["https:\/\/www.bagnoitalia.com\/de\/produkt\/nigel5-wall-mounted-vanity-unit-with-integral-washbasin-60-or-80-cm-3-coloured-ribbed-effect-mirror-included.html"]}]},{"@type":"ImageObject","inLanguage":"de","@id":"https:\/\/www.bagnoitalia.com\/de\/produkt\/nigel5-wall-mounted-vanity-unit-with-integral-washbasin-60-or-80-cm-3-coloured-ribbed-effect-mirror-included.html#primaryimage","url":"https:\/\/img.bagnoitalia.com\/wp-content\/uploads\/1-76.webp","contentUrl":"https:\/\/img.bagnoitalia.com\/wp-content\/uploads\/1-76.webp","width":1000,"height":1000},{"@type":"BreadcrumbList","@id":"https:\/\/www.bagnoitalia.com\/de\/produkt\/nigel5-wall-mounted-vanity-unit-with-integral-washbasin-60-or-80-cm-3-coloured-ribbed-effect-mirror-included.html#breadcrumb","itemListElement":[{"@type":"ListItem","position":1,"name":"Home","item":"https:\/\/www.bagnoitalia.com\/de"},{"@type":"ListItem","position":2,"name":"Produkte","item":"https:\/\/www.bagnoitalia.com\/de\/shop"},{"@type":"ListItem","position":3,"name":"Nigel5 Wand-Waschtischunterschrank mit integriertem Waschbecken 60 oder 80 cm Inklusive 3-farbigem Spiegel mit Rippeneffekt"}]},{"@type":"WebSite","@id":"https:\/\/www.bagnoitalia.com\/de#website","url":"https:\/\/www.bagnoitalia.com\/de","name":"Bagno Italia","description":"","publisher":{"@id":"https:\/\/www.bagnoitalia.com\/de#organization"},"potentialAction":[{"@type":"SearchAction","target":{"@type":"EntryPoint","urlTemplate":"https:\/\/www.bagnoitalia.com\/de?s={search_term_string}"},"query-input":{"@type":"PropertyValueSpecification","valueRequired":true,"valueName":"search_term_string"}}],"inLanguage":"de"},{"@type":"Organization","@id":"https:\/\/www.bagnoitalia.com\/de#organization","name":"Bagno Italia","url":"https:\/\/www.bagnoitalia.com\/de","logo":{"@type":"ImageObject","inLanguage":"de","@id":"https:\/\/www.bagnoitalia.com\/de#\/schema\/logo\/image\/","url":"https:\/\/img.bagnoitalia.com\/wp-content\/uploads\/logo-bagnoitalia.webp","contentUrl":"https:\/\/img.bagnoitalia.com\/wp-content\/uploads\/logo-bagnoitalia.webp","width":400,"height":70,"caption":"Bagno Italia"},"image":{"@id":"https:\/\/www.bagnoitalia.com\/de#\/schema\/logo\/image\/"}}]}},"_links":{"self":[{"href":"https:\/\/www.bagnoitalia.com\/de\/wp-json\/wp\/v2\/product\/99030","targetHints":{"allow":["GET"]}}],"collection":[{"href":"https:\/\/www.bagnoitalia.com\/de\/wp-json\/wp\/v2\/product"}],"about":[{"href":"https:\/\/www.bagnoitalia.com\/de\/wp-json\/wp\/v2\/types\/product"}],"replies":[{"embeddable":true,"href":"https:\/\/www.bagnoitalia.com\/de\/wp-json\/wp\/v2\/comments?post=99030"}],"version-history":[{"count":2,"href":"https:\/\/www.bagnoitalia.com\/de\/wp-json\/wp\/v2\/product\/99030\/revisions"}],"predecessor-version":[{"id":99033,"href":"https:\/\/www.bagnoitalia.com\/de\/wp-json\/wp\/v2\/product\/99030\/revisions\/99033"}],"wp:featuredmedia":[{"embeddable":true,"href":"https:\/\/www.bagnoitalia.com\/de\/wp-json\/wp\/v2\/media\/98982"}],"wp:attachment":[{"href":"https:\/\/www.bagnoitalia.com\/de\/wp-json\/wp\/v2\/media?parent=99030"}],"wp:term":[{"taxonomy":"product_brand","embeddable":true,"href":"https:\/\/www.bagnoitalia.com\/de\/wp-json\/wp\/v2\/product_brand?post=99030"},{"taxonomy":"product_cat","embeddable":true,"href":"https:\/\/www.bagnoitalia.com\/de\/wp-json\/wp\/v2\/product_cat?post=99030"},{"taxonomy":"product_tag","embeddable":true,"href":"https:\/\/www.bagnoitalia.com\/de\/wp-json\/wp\/v2\/product_tag?post=99030"}],"curies":[{"name":"wp","href":"https:\/\/api.w.org\/{rel}","templated":true}]}}