{"id":98898,"date":"2024-12-10T15:39:51","date_gmt":"2024-12-10T14:39:51","guid":{"rendered":"https:\/\/www.bagnoitalia.com\/nigel4-double-washbasin-vanity-unit-120-or-160-cm-3-coloured-ribbed-effect-and-mirror.html"},"modified":"2025-10-01T15:03:01","modified_gmt":"2025-10-01T13:03:01","slug":"nigel4-double-washbasin-vanity-unit-120-or-160-cm-3-coloured-ribbed-effect-and-mirror","status":"publish","type":"product","link":"https:\/\/www.bagnoitalia.com\/de\/produkt\/nigel4-double-washbasin-vanity-unit-120-or-160-cm-3-coloured-ribbed-effect-and-mirror.html","title":{"rendered":"Nigel4 Doppelwaschbecken-Badezimmerschrank 120 oder 160 cm 7 Farben Rippeneffekt und Spiegel"},"content":{"rendered":"<p><strong><span dir=\"auto\">Doppelsp\u00fclbeckenschrank \u201eNIGEL4\u201c<\/span><br \/>\n<\/strong><\/p>\n<p>&nbsp;<\/p>\n<p>&nbsp;<\/p>\n<p><strong><span dir=\"auto\">PRODUKTABMESSUNGEN<\/span><\/strong><\/p>\n<p><span dir=\"auto\">Verf\u00fcgbare L\u00e4ngen ab:<\/span><\/p>\n<ul>\n<li><span dir=\"auto\">120 cm, mit 70\u00d7110 cm rechteckigem Spiegel<\/span><\/li>\n<li><span dir=\"auto\">160 cm, mit 2 ovalen Spiegeln 45&#215;80 cm<\/span><\/li>\n<\/ul>\n<p><span dir=\"auto\">Tiefe: 44 cm<\/span><\/p>\n<p><span dir=\"auto\">H\u00f6he: 50 cm<\/span><\/p>\n<p>&nbsp;<\/p>\n<p><strong><span dir=\"auto\">PRODUKT-HIGHLIGHTS<\/span><br \/>\n<\/strong><\/p>\n<p>&nbsp;<\/p>\n<p><span dir=\"auto\">H\u00e4ngender Badezimmerschrank aus Melaminholz<\/span><\/p>\n<p><span dir=\"auto\">Gl\u00e4nzend wei\u00dfes Keramikwaschbecken mit Doppelbecken<\/span><\/p>\n<p><span dir=\"auto\">Mit Hahnloch<\/span><\/p>\n<p><span dir=\"auto\">Mit \u00dcberlaufloch<\/span><\/p>\n<p><span dir=\"auto\">4 T\u00fcren, in Schilfoptik, mit Rillen\u00f6ffnung und Soft-Close-Verschluss<\/span><\/p>\n<p><span dir=\"auto\">Erh\u00e4ltlich in folgenden Farben: Mattwei\u00df, Dunkle Eiche, Betongr\u00fcn, Goldeiche, Zuckerpapier, Anthrazit, Terrakotta<\/span><\/p>\n<p>&nbsp;<\/p>\n<p>&nbsp;<\/p>\n<p>&nbsp;<\/p>\n<p><strong><span dir=\"auto\">NB: Wasserh\u00e4hne und Wandleuchten NICHT im Preis inbegriffen<\/span><\/strong><\/p>\n<p>&nbsp;<\/p>\n<p>&nbsp;<\/p>\n<p>&nbsp;<\/p>\n","protected":false},"excerpt":{"rendered":"<div class=\"woocommerce-product-details__short-description\">\n<p><span dir=\"auto\">Wandh\u00e4ngender Badezimmerschrank mit Doppelwaschbecken und vier T\u00fcren. <\/span>Erh\u00e4ltlich in folgenden Farben: Mattwei\u00df, Dunkle Eiche, Betongr\u00fcn, Goldeiche, Zuckerpapier, Anthrazit, Terrakotta <span dir=\"auto\">mit Rippeneffekt. Der Spiegel ist im Preis inbegriffen.<\/span><\/p>\n<\/div>\n<div class=\"woocommerce-product-rating\">\n<div class=\"star-rating\" role=\"img\" aria-label=\"Bewertet mit 5.00 von 5\"><\/div>\n<\/div>\n","protected":false},"featured_media":98842,"comment_status":"open","ping_status":"closed","template":"","meta":[],"product_brand":[9883],"product_cat":[9704],"product_tag":[],"class_list":{"0":"post-98898","1":"product","2":"type-product","3":"status-publish","4":"has-post-thumbnail","6":"product_brand-deghi-de","7":"product_cat-badmobel-mit-doppelwaschbecken","9":"first","10":"instock","11":"sale","12":"taxable","13":"shipping-taxable","14":"purchasable","15":"product-type-simple"},"exclude_global_add_ons":false,"addons":[{"name":"Typ","type":"multiple_choice","position":0,"required":true,"title_format":"heading","default":"","description_enable":false,"description":"","placeholder_enable":false,"placeholder":"","display":"select","restrictions_type":"any_text","adjust_price":false,"price":"","price_type":"flat_fee","restrictions":false,"min":"0","max":"0","options":[{"label":"120 cm matt wei\u00df","price":"","price_type":"quantity_based","image":0,"visibility":true},{"label":"120 cm Eiche entschieden","price":"","price_type":"quantity_based","image":0,"visibility":true},{"label":"120 cm Beton gr\u00fcn","price":"","price_type":"quantity_based","image":0,"visibility":true},{"label":"120 cm Goldeiche","price":"","price_type":"quantity_based","image":0,"visibility":true},{"label":"120 cm Zuckerpapier","price":"","price_type":"quantity_based","image":0,"visibility":true},{"label":"120 cm Anthrazit","price":"","price_type":"quantity_based","image":0,"visibility":true},{"label":"(Nicht verf\u00fcgbar)120 cm Terrakotta","price":"","price_type":"quantity_based","image":0,"visibility":true},{"label":"160 cm matt wei\u00df","price":"580","price_type":"quantity_based","image":0,"visibility":true},{"label":"160 cm Eiche entschieden","price":"580","price_type":"quantity_based","image":0,"visibility":true},{"label":"160 cm Beton gr\u00fcn","price":"580","price_type":"quantity_based","image":0,"visibility":true},{"label":"160 cm Goldeiche","price":"580","price_type":"quantity_based","image":0,"visibility":true},{"label":"160 cm Zuckerpapier","price":"580","price_type":"quantity_based","image":0,"visibility":true},{"label":"160 cm Anthrazit","price":"580","price_type":"quantity_based","image":0,"visibility":true},{"label":"160 cm Terrakotta","price":"580","price_type":"quantity_based","image":0,"visibility":true}],"id":1733845192}],"yoast_head":"<!-- This site is optimized with the Yoast SEO plugin v26.7 - https:\/\/yoast.com\/wordpress\/plugins\/seo\/ -->\n<title>Nigel4 Doppelwaschbecken-Badezimmerschrank 120 oder 160 cm 7 Farben Rippeneffekt und Spiegel - Bagno Italia<\/title>\n<meta name=\"robots\" content=\"index, follow, max-snippet:-1, max-image-preview:large, max-video-preview:-1\" \/>\n<link rel=\"canonical\" href=\"https:\/\/www.bagnoitalia.com\/de\/produkt\/nigel4-double-washbasin-vanity-unit-120-or-160-cm-3-coloured-ribbed-effect-and-mirror.html\" \/>\n<meta property=\"og:locale\" content=\"de_DE\" \/>\n<meta property=\"og:type\" content=\"article\" \/>\n<meta property=\"og:title\" content=\"Nigel4 Doppelwaschbecken-Badezimmerschrank 120 oder 160 cm 7 Farben Rippeneffekt und Spiegel - Bagno Italia\" \/>\n<meta property=\"og:description\" content=\"Wandh\u00e4ngender Badezimmerschrank mit Doppelwaschbecken und vier T\u00fcren. Erh\u00e4ltlich in folgenden Farben: Mattwei\u00df, Dunkle Eiche, Betongr\u00fcn, Goldeiche, Zuckerpapier, Anthrazit, Terrakotta mit Rippeneffekt. Der Spiegel ist im Preis inbegriffen.\" \/>\n<meta property=\"og:url\" content=\"https:\/\/www.bagnoitalia.com\/de\/produkt\/nigel4-double-washbasin-vanity-unit-120-or-160-cm-3-coloured-ribbed-effect-and-mirror.html\" \/>\n<meta property=\"og:site_name\" content=\"Bagno Italia\" \/>\n<meta property=\"article:modified_time\" content=\"2025-10-01T13:03:01+00:00\" \/>\n<meta property=\"og:image\" content=\"https:\/\/img.bagnoitalia.com\/wp-content\/uploads\/1-74.webp\" \/>\n\t<meta property=\"og:image:width\" content=\"1000\" \/>\n\t<meta property=\"og:image:height\" content=\"1000\" \/>\n\t<meta property=\"og:image:type\" content=\"image\/webp\" \/>\n<meta name=\"twitter:card\" content=\"summary_large_image\" \/>\n<meta name=\"twitter:label1\" content=\"Gesch\u00e4tzte Lesezeit\" \/>\n\t<meta name=\"twitter:data1\" content=\"1\u00a0Minute\" \/>\n<script type=\"application\/ld+json\" class=\"yoast-schema-graph\">{\"@context\":\"https:\/\/schema.org\",\"@graph\":[{\"@type\":\"WebPage\",\"@id\":\"https:\/\/www.bagnoitalia.com\/de\/produkt\/nigel4-double-washbasin-vanity-unit-120-or-160-cm-3-coloured-ribbed-effect-and-mirror.html\",\"url\":\"https:\/\/www.bagnoitalia.com\/de\/produkt\/nigel4-double-washbasin-vanity-unit-120-or-160-cm-3-coloured-ribbed-effect-and-mirror.html\",\"name\":\"Nigel4 Doppelwaschbecken-Badezimmerschrank 120 oder 160 cm 7 Farben Rippeneffekt und Spiegel - Bagno Italia\",\"isPartOf\":{\"@id\":\"https:\/\/www.bagnoitalia.com\/de#website\"},\"primaryImageOfPage\":{\"@id\":\"https:\/\/www.bagnoitalia.com\/de\/produkt\/nigel4-double-washbasin-vanity-unit-120-or-160-cm-3-coloured-ribbed-effect-and-mirror.html#primaryimage\"},\"image\":{\"@id\":\"https:\/\/www.bagnoitalia.com\/de\/produkt\/nigel4-double-washbasin-vanity-unit-120-or-160-cm-3-coloured-ribbed-effect-and-mirror.html#primaryimage\"},\"thumbnailUrl\":\"https:\/\/img.bagnoitalia.com\/wp-content\/uploads\/1-74.webp\",\"datePublished\":\"2024-12-10T14:39:51+00:00\",\"dateModified\":\"2025-10-01T13:03:01+00:00\",\"breadcrumb\":{\"@id\":\"https:\/\/www.bagnoitalia.com\/de\/produkt\/nigel4-double-washbasin-vanity-unit-120-or-160-cm-3-coloured-ribbed-effect-and-mirror.html#breadcrumb\"},\"inLanguage\":\"de\",\"potentialAction\":[{\"@type\":\"ReadAction\",\"target\":[\"https:\/\/www.bagnoitalia.com\/de\/produkt\/nigel4-double-washbasin-vanity-unit-120-or-160-cm-3-coloured-ribbed-effect-and-mirror.html\"]}]},{\"@type\":\"ImageObject\",\"inLanguage\":\"de\",\"@id\":\"https:\/\/www.bagnoitalia.com\/de\/produkt\/nigel4-double-washbasin-vanity-unit-120-or-160-cm-3-coloured-ribbed-effect-and-mirror.html#primaryimage\",\"url\":\"https:\/\/img.bagnoitalia.com\/wp-content\/uploads\/1-74.webp\",\"contentUrl\":\"https:\/\/img.bagnoitalia.com\/wp-content\/uploads\/1-74.webp\",\"width\":1000,\"height\":1000},{\"@type\":\"BreadcrumbList\",\"@id\":\"https:\/\/www.bagnoitalia.com\/de\/produkt\/nigel4-double-washbasin-vanity-unit-120-or-160-cm-3-coloured-ribbed-effect-and-mirror.html#breadcrumb\",\"itemListElement\":[{\"@type\":\"ListItem\",\"position\":1,\"name\":\"Home\",\"item\":\"https:\/\/www.bagnoitalia.com\/de\"},{\"@type\":\"ListItem\",\"position\":2,\"name\":\"Produkte\",\"item\":\"https:\/\/www.bagnoitalia.com\/de\/shop\"},{\"@type\":\"ListItem\",\"position\":3,\"name\":\"Nigel4 Doppelwaschbecken-Badezimmerschrank 120 oder 160 cm 7 Farben Rippeneffekt und Spiegel\"}]},{\"@type\":\"WebSite\",\"@id\":\"https:\/\/www.bagnoitalia.com\/de#website\",\"url\":\"https:\/\/www.bagnoitalia.com\/de\",\"name\":\"Bagno Italia\",\"description\":\"\",\"publisher\":{\"@id\":\"https:\/\/www.bagnoitalia.com\/de#organization\"},\"potentialAction\":[{\"@type\":\"SearchAction\",\"target\":{\"@type\":\"EntryPoint\",\"urlTemplate\":\"https:\/\/www.bagnoitalia.com\/de?s={search_term_string}\"},\"query-input\":{\"@type\":\"PropertyValueSpecification\",\"valueRequired\":true,\"valueName\":\"search_term_string\"}}],\"inLanguage\":\"de\"},{\"@type\":\"Organization\",\"@id\":\"https:\/\/www.bagnoitalia.com\/de#organization\",\"name\":\"Bagno Italia\",\"url\":\"https:\/\/www.bagnoitalia.com\/de\",\"logo\":{\"@type\":\"ImageObject\",\"inLanguage\":\"de\",\"@id\":\"https:\/\/www.bagnoitalia.com\/de#\/schema\/logo\/image\/\",\"url\":\"https:\/\/img.bagnoitalia.com\/wp-content\/uploads\/logo-bagnoitalia.webp\",\"contentUrl\":\"https:\/\/img.bagnoitalia.com\/wp-content\/uploads\/logo-bagnoitalia.webp\",\"width\":400,\"height\":70,\"caption\":\"Bagno Italia\"},\"image\":{\"@id\":\"https:\/\/www.bagnoitalia.com\/de#\/schema\/logo\/image\/\"}}]}<\/script>\n<!-- \/ Yoast SEO plugin. -->","yoast_head_json":{"title":"Nigel4 Doppelwaschbecken-Badezimmerschrank 120 oder 160 cm 7 Farben Rippeneffekt und Spiegel - Bagno Italia","robots":{"index":"index","follow":"follow","max-snippet":"max-snippet:-1","max-image-preview":"max-image-preview:large","max-video-preview":"max-video-preview:-1"},"canonical":"https:\/\/www.bagnoitalia.com\/de\/produkt\/nigel4-double-washbasin-vanity-unit-120-or-160-cm-3-coloured-ribbed-effect-and-mirror.html","og_locale":"de_DE","og_type":"article","og_title":"Nigel4 Doppelwaschbecken-Badezimmerschrank 120 oder 160 cm 7 Farben Rippeneffekt und Spiegel - Bagno Italia","og_description":"Wandh\u00e4ngender Badezimmerschrank mit Doppelwaschbecken und vier T\u00fcren. Erh\u00e4ltlich in folgenden Farben: Mattwei\u00df, Dunkle Eiche, Betongr\u00fcn, Goldeiche, Zuckerpapier, Anthrazit, Terrakotta mit Rippeneffekt. Der Spiegel ist im Preis inbegriffen.","og_url":"https:\/\/www.bagnoitalia.com\/de\/produkt\/nigel4-double-washbasin-vanity-unit-120-or-160-cm-3-coloured-ribbed-effect-and-mirror.html","og_site_name":"Bagno Italia","article_modified_time":"2025-10-01T13:03:01+00:00","og_image":[{"width":1000,"height":1000,"url":"https:\/\/img.bagnoitalia.com\/wp-content\/uploads\/1-74.webp","type":"image\/webp"}],"twitter_card":"summary_large_image","twitter_misc":{"Gesch\u00e4tzte Lesezeit":"1\u00a0Minute"},"schema":{"@context":"https:\/\/schema.org","@graph":[{"@type":"WebPage","@id":"https:\/\/www.bagnoitalia.com\/de\/produkt\/nigel4-double-washbasin-vanity-unit-120-or-160-cm-3-coloured-ribbed-effect-and-mirror.html","url":"https:\/\/www.bagnoitalia.com\/de\/produkt\/nigel4-double-washbasin-vanity-unit-120-or-160-cm-3-coloured-ribbed-effect-and-mirror.html","name":"Nigel4 Doppelwaschbecken-Badezimmerschrank 120 oder 160 cm 7 Farben Rippeneffekt und Spiegel - Bagno Italia","isPartOf":{"@id":"https:\/\/www.bagnoitalia.com\/de#website"},"primaryImageOfPage":{"@id":"https:\/\/www.bagnoitalia.com\/de\/produkt\/nigel4-double-washbasin-vanity-unit-120-or-160-cm-3-coloured-ribbed-effect-and-mirror.html#primaryimage"},"image":{"@id":"https:\/\/www.bagnoitalia.com\/de\/produkt\/nigel4-double-washbasin-vanity-unit-120-or-160-cm-3-coloured-ribbed-effect-and-mirror.html#primaryimage"},"thumbnailUrl":"https:\/\/img.bagnoitalia.com\/wp-content\/uploads\/1-74.webp","datePublished":"2024-12-10T14:39:51+00:00","dateModified":"2025-10-01T13:03:01+00:00","breadcrumb":{"@id":"https:\/\/www.bagnoitalia.com\/de\/produkt\/nigel4-double-washbasin-vanity-unit-120-or-160-cm-3-coloured-ribbed-effect-and-mirror.html#breadcrumb"},"inLanguage":"de","potentialAction":[{"@type":"ReadAction","target":["https:\/\/www.bagnoitalia.com\/de\/produkt\/nigel4-double-washbasin-vanity-unit-120-or-160-cm-3-coloured-ribbed-effect-and-mirror.html"]}]},{"@type":"ImageObject","inLanguage":"de","@id":"https:\/\/www.bagnoitalia.com\/de\/produkt\/nigel4-double-washbasin-vanity-unit-120-or-160-cm-3-coloured-ribbed-effect-and-mirror.html#primaryimage","url":"https:\/\/img.bagnoitalia.com\/wp-content\/uploads\/1-74.webp","contentUrl":"https:\/\/img.bagnoitalia.com\/wp-content\/uploads\/1-74.webp","width":1000,"height":1000},{"@type":"BreadcrumbList","@id":"https:\/\/www.bagnoitalia.com\/de\/produkt\/nigel4-double-washbasin-vanity-unit-120-or-160-cm-3-coloured-ribbed-effect-and-mirror.html#breadcrumb","itemListElement":[{"@type":"ListItem","position":1,"name":"Home","item":"https:\/\/www.bagnoitalia.com\/de"},{"@type":"ListItem","position":2,"name":"Produkte","item":"https:\/\/www.bagnoitalia.com\/de\/shop"},{"@type":"ListItem","position":3,"name":"Nigel4 Doppelwaschbecken-Badezimmerschrank 120 oder 160 cm 7 Farben Rippeneffekt und Spiegel"}]},{"@type":"WebSite","@id":"https:\/\/www.bagnoitalia.com\/de#website","url":"https:\/\/www.bagnoitalia.com\/de","name":"Bagno Italia","description":"","publisher":{"@id":"https:\/\/www.bagnoitalia.com\/de#organization"},"potentialAction":[{"@type":"SearchAction","target":{"@type":"EntryPoint","urlTemplate":"https:\/\/www.bagnoitalia.com\/de?s={search_term_string}"},"query-input":{"@type":"PropertyValueSpecification","valueRequired":true,"valueName":"search_term_string"}}],"inLanguage":"de"},{"@type":"Organization","@id":"https:\/\/www.bagnoitalia.com\/de#organization","name":"Bagno Italia","url":"https:\/\/www.bagnoitalia.com\/de","logo":{"@type":"ImageObject","inLanguage":"de","@id":"https:\/\/www.bagnoitalia.com\/de#\/schema\/logo\/image\/","url":"https:\/\/img.bagnoitalia.com\/wp-content\/uploads\/logo-bagnoitalia.webp","contentUrl":"https:\/\/img.bagnoitalia.com\/wp-content\/uploads\/logo-bagnoitalia.webp","width":400,"height":70,"caption":"Bagno Italia"},"image":{"@id":"https:\/\/www.bagnoitalia.com\/de#\/schema\/logo\/image\/"}}]}},"_links":{"self":[{"href":"https:\/\/www.bagnoitalia.com\/de\/wp-json\/wp\/v2\/product\/98898","targetHints":{"allow":["GET"]}}],"collection":[{"href":"https:\/\/www.bagnoitalia.com\/de\/wp-json\/wp\/v2\/product"}],"about":[{"href":"https:\/\/www.bagnoitalia.com\/de\/wp-json\/wp\/v2\/types\/product"}],"replies":[{"embeddable":true,"href":"https:\/\/www.bagnoitalia.com\/de\/wp-json\/wp\/v2\/comments?post=98898"}],"version-history":[{"count":8,"href":"https:\/\/www.bagnoitalia.com\/de\/wp-json\/wp\/v2\/product\/98898\/revisions"}],"predecessor-version":[{"id":112178,"href":"https:\/\/www.bagnoitalia.com\/de\/wp-json\/wp\/v2\/product\/98898\/revisions\/112178"}],"wp:featuredmedia":[{"embeddable":true,"href":"https:\/\/www.bagnoitalia.com\/de\/wp-json\/wp\/v2\/media\/98842"}],"wp:attachment":[{"href":"https:\/\/www.bagnoitalia.com\/de\/wp-json\/wp\/v2\/media?parent=98898"}],"wp:term":[{"taxonomy":"product_brand","embeddable":true,"href":"https:\/\/www.bagnoitalia.com\/de\/wp-json\/wp\/v2\/product_brand?post=98898"},{"taxonomy":"product_cat","embeddable":true,"href":"https:\/\/www.bagnoitalia.com\/de\/wp-json\/wp\/v2\/product_cat?post=98898"},{"taxonomy":"product_tag","embeddable":true,"href":"https:\/\/www.bagnoitalia.com\/de\/wp-json\/wp\/v2\/product_tag?post=98898"}],"curies":[{"name":"wp","href":"https:\/\/api.w.org\/{rel}","templated":true}]}}