{"id":98732,"date":"2024-12-10T14:40:38","date_gmt":"2024-12-10T13:40:38","guid":{"rendered":"https:\/\/www.bagnoitalia.com\/nigel2-120-cm-wall-hung-base-unit-for-double-washbasin-3-coloured-ribbed-effect-and-mirror.html"},"modified":"2025-10-01T15:05:10","modified_gmt":"2025-10-01T13:05:10","slug":"nigel2-120-cm-wall-hung-base-unit-for-double-washbasin-3-coloured-ribbed-effect-and-mirror","status":"publish","type":"product","link":"https:\/\/www.bagnoitalia.com\/de\/produkt\/nigel2-120-cm-wall-hung-base-unit-for-double-washbasin-3-coloured-ribbed-effect-and-mirror.html","title":{"rendered":"Nigel2 120 cm H\u00e4ngeunterschrank f\u00fcr Doppelwaschbecken 3-farbig gerippt und Spiegel"},"content":{"rendered":"<p>Unterschrank f\u00fcr Doppelwaschtisch &#8218;NIGEL2<\/p>\n<p>&nbsp;<\/p>\n<p>&nbsp;<\/p>\n<p>&nbsp;<\/p>\n<p>&nbsp;<\/p>\n<p>FEATURES<\/p>\n<p>&nbsp;<\/p>\n<p>&nbsp;<\/p>\n<p>&nbsp;<\/p>\n<p>Wandh\u00e4ngender Badezimmerschrank aus melaminharzbeschichtetem Holz<\/p>\n<p>Geeignet f\u00fcr 2 Aufsatzwaschtische (NICHT im Preis inbegriffen)<\/p>\n<p>Bestehend aus 4 T\u00fcren, mit Rippeneffekt<\/p>\n<p>Rillenf\u00f6rmige \u00d6ffnung<\/p>\n<p>Soft-close-Verschluss<\/p>\n<p>Erh\u00e4ltlich in drei Farben: Wei\u00df opak, Eiche hell, Zement gr\u00fcn<\/p>\n<p>Umkehrbarer Filolucido-Spiegel (die Led-Applikation ist nicht im Preis inbegriffen, sie kann \u00fcber das Dropdown-Men\u00fc oben hinzugef\u00fcgt werden)<\/p>\n<p>&nbsp;<\/p>\n<p>PRODUKTABMESSUNGEN<\/p>\n<p>L\u00e4nge: 120 cm<\/p>\n<p>Tiefe: 46 cm<\/p>\n<p>H\u00f6he: 51,8 cm<\/p>\n<p>Spiegel: 70&#215;110 cm (wendbar)<\/p>\n<p>&nbsp;<\/p>\n<p>&nbsp;<\/p>\n<p>&nbsp;<\/p>\n<p>&nbsp;<\/p>\n<p>ACHTUNG: Waschtisch und Armaturen sind NICHT im Preis enthalten<\/p>\n<p><a href=\"https:\/\/www.bagnoitalia.com\/de\/aufsatzwaschbecken.html\">Klicken Sie hier, um passende Aufsatzwaschtische zu sehen<\/a><\/p>\n<p>&nbsp;<\/p>\n<p>&nbsp;<\/p>\n<p>&nbsp;<\/p>\n<p>&nbsp;<\/p>\n<p>&nbsp;<\/p>\n<p>&nbsp;<\/p>\n<p>&nbsp;<\/p>\n<p>&nbsp;<\/p>\n<p>&nbsp;<\/p>\n<p>&nbsp;<\/p>\n<p>&nbsp;<\/p>\n<p>&nbsp;<\/p>\n<p>&nbsp;<\/p>\n<p>&nbsp;<\/p>\n<p>&nbsp;<\/p>\n<p>&nbsp;<\/p>\n<p>&nbsp;<\/p>\n<p>&nbsp;<\/p>\n<p>&nbsp;<\/p>\n<p>&nbsp;<\/p>\n<p>&nbsp;<\/p>\n<p>&nbsp;<\/p>\n<p>&nbsp;<\/p>\n<p>&nbsp;<\/p>\n<p>&nbsp;<\/p>\n<p>&nbsp;<\/p>\n<p>&nbsp;<\/p>\n<p>&nbsp;<\/p>\n<p>Nerk<\/p>\n<p>&nbsp;<\/p>\n<p>&nbsp;<\/p>\n","protected":false},"excerpt":{"rendered":"<p>Wandh\u00e4ngeschrank f\u00fcr Badezimmer, ideal f\u00fcr 2 Aufsatzwaschbecken, bestehend aus 4 T\u00fcren. Hergestellt in mattem Wei\u00df, entschiedener Eiche oder Zementgr\u00fcn, mit einem gerippten Effekt. Der Spiegel ist im Preis inbegriffen.<\/p>\n","protected":false},"featured_media":98700,"comment_status":"open","ping_status":"closed","template":"","meta":[],"product_brand":[9883],"product_cat":[9704],"product_tag":[],"class_list":{"0":"post-98732","1":"product","2":"type-product","3":"status-publish","4":"has-post-thumbnail","6":"product_brand-deghi-de","7":"product_cat-badmobel-mit-doppelwaschbecken","9":"first","10":"instock","11":"sale","12":"taxable","13":"shipping-taxable","14":"purchasable","15":"product-type-simple"},"exclude_global_add_ons":false,"addons":[{"name":"Farbe","type":"multiple_choice","position":0,"required":false,"title_format":"label","default":"","description_enable":false,"description":"","placeholder_enable":false,"placeholder":"","display":"select","restrictions_type":"any_text","adjust_price":false,"price":"","price_type":"flat_fee","restrictions":false,"min":"0","max":"0","options":[{"label":"mattes Wei\u00df","price":"","price_type":"flat_fee","image":0,"visibility":true},{"label":"Eiche kr\u00e4ftig","price":"","price_type":"flat_fee","image":0,"visibility":true},{"label":"zementgr\u00fcn","price":"","price_type":"flat_fee","image":0,"visibility":true}],"id":1733841639},{"name":"appliziert","type":"multiple_choice","position":1,"required":false,"title_format":"label","default":"","description_enable":false,"description":"","placeholder_enable":false,"placeholder":"","display":"select","restrictions_type":"any_text","adjust_price":false,"price":"","price_type":"flat_fee","restrictions":false,"min":"0","max":"0","options":[{"label":"Nein","price":"","price_type":"flat_fee","image":0,"visibility":true},{"label":"Chrom Led-Strahler","price":"20","price_type":"flat_fee","image":0,"visibility":true},{"label":"Mattschwarzer Led-Scheinwerfer","price":"25","price_type":"flat_fee","image":0,"visibility":true}],"id":1733841640}],"yoast_head":"<!-- This site is optimized with the Yoast SEO plugin v26.7 - https:\/\/yoast.com\/wordpress\/plugins\/seo\/ -->\n<title>Nigel2 120 cm H\u00e4ngeunterschrank f\u00fcr Doppelwaschbecken 3-farbig gerippt und Spiegel - Bagno Italia<\/title>\n<meta name=\"robots\" content=\"index, follow, max-snippet:-1, max-image-preview:large, max-video-preview:-1\" \/>\n<link rel=\"canonical\" href=\"https:\/\/www.bagnoitalia.com\/de\/produkt\/nigel2-120-cm-wall-hung-base-unit-for-double-washbasin-3-coloured-ribbed-effect-and-mirror.html\" \/>\n<meta property=\"og:locale\" content=\"de_DE\" \/>\n<meta property=\"og:type\" content=\"article\" \/>\n<meta property=\"og:title\" content=\"Nigel2 120 cm H\u00e4ngeunterschrank f\u00fcr Doppelwaschbecken 3-farbig gerippt und Spiegel - Bagno Italia\" \/>\n<meta property=\"og:description\" content=\"Wandh\u00e4ngeschrank f\u00fcr Badezimmer, ideal f\u00fcr 2 Aufsatzwaschbecken, bestehend aus 4 T\u00fcren. Hergestellt in mattem Wei\u00df, entschiedener Eiche oder Zementgr\u00fcn, mit einem gerippten Effekt. Der Spiegel ist im Preis inbegriffen.\" \/>\n<meta property=\"og:url\" content=\"https:\/\/www.bagnoitalia.com\/de\/produkt\/nigel2-120-cm-wall-hung-base-unit-for-double-washbasin-3-coloured-ribbed-effect-and-mirror.html\" \/>\n<meta property=\"og:site_name\" content=\"Bagno Italia\" \/>\n<meta property=\"article:modified_time\" content=\"2025-10-01T13:05:10+00:00\" \/>\n<meta property=\"og:image\" content=\"https:\/\/img.bagnoitalia.com\/wp-content\/uploads\/1-72.webp\" \/>\n\t<meta property=\"og:image:width\" content=\"1000\" \/>\n\t<meta property=\"og:image:height\" content=\"1000\" \/>\n\t<meta property=\"og:image:type\" content=\"image\/webp\" \/>\n<meta name=\"twitter:card\" content=\"summary_large_image\" \/>\n<meta name=\"twitter:label1\" content=\"Gesch\u00e4tzte Lesezeit\" \/>\n\t<meta name=\"twitter:data1\" content=\"1\u00a0Minute\" \/>\n<script type=\"application\/ld+json\" class=\"yoast-schema-graph\">{\"@context\":\"https:\/\/schema.org\",\"@graph\":[{\"@type\":\"WebPage\",\"@id\":\"https:\/\/www.bagnoitalia.com\/de\/produkt\/nigel2-120-cm-wall-hung-base-unit-for-double-washbasin-3-coloured-ribbed-effect-and-mirror.html\",\"url\":\"https:\/\/www.bagnoitalia.com\/de\/produkt\/nigel2-120-cm-wall-hung-base-unit-for-double-washbasin-3-coloured-ribbed-effect-and-mirror.html\",\"name\":\"Nigel2 120 cm H\u00e4ngeunterschrank f\u00fcr Doppelwaschbecken 3-farbig gerippt und Spiegel - Bagno Italia\",\"isPartOf\":{\"@id\":\"https:\/\/www.bagnoitalia.com\/de#website\"},\"primaryImageOfPage\":{\"@id\":\"https:\/\/www.bagnoitalia.com\/de\/produkt\/nigel2-120-cm-wall-hung-base-unit-for-double-washbasin-3-coloured-ribbed-effect-and-mirror.html#primaryimage\"},\"image\":{\"@id\":\"https:\/\/www.bagnoitalia.com\/de\/produkt\/nigel2-120-cm-wall-hung-base-unit-for-double-washbasin-3-coloured-ribbed-effect-and-mirror.html#primaryimage\"},\"thumbnailUrl\":\"https:\/\/img.bagnoitalia.com\/wp-content\/uploads\/1-72.webp\",\"datePublished\":\"2024-12-10T13:40:38+00:00\",\"dateModified\":\"2025-10-01T13:05:10+00:00\",\"breadcrumb\":{\"@id\":\"https:\/\/www.bagnoitalia.com\/de\/produkt\/nigel2-120-cm-wall-hung-base-unit-for-double-washbasin-3-coloured-ribbed-effect-and-mirror.html#breadcrumb\"},\"inLanguage\":\"de\",\"potentialAction\":[{\"@type\":\"ReadAction\",\"target\":[\"https:\/\/www.bagnoitalia.com\/de\/produkt\/nigel2-120-cm-wall-hung-base-unit-for-double-washbasin-3-coloured-ribbed-effect-and-mirror.html\"]}]},{\"@type\":\"ImageObject\",\"inLanguage\":\"de\",\"@id\":\"https:\/\/www.bagnoitalia.com\/de\/produkt\/nigel2-120-cm-wall-hung-base-unit-for-double-washbasin-3-coloured-ribbed-effect-and-mirror.html#primaryimage\",\"url\":\"https:\/\/img.bagnoitalia.com\/wp-content\/uploads\/1-72.webp\",\"contentUrl\":\"https:\/\/img.bagnoitalia.com\/wp-content\/uploads\/1-72.webp\",\"width\":1000,\"height\":1000},{\"@type\":\"BreadcrumbList\",\"@id\":\"https:\/\/www.bagnoitalia.com\/de\/produkt\/nigel2-120-cm-wall-hung-base-unit-for-double-washbasin-3-coloured-ribbed-effect-and-mirror.html#breadcrumb\",\"itemListElement\":[{\"@type\":\"ListItem\",\"position\":1,\"name\":\"Home\",\"item\":\"https:\/\/www.bagnoitalia.com\/de\"},{\"@type\":\"ListItem\",\"position\":2,\"name\":\"Produkte\",\"item\":\"https:\/\/www.bagnoitalia.com\/de\/shop\"},{\"@type\":\"ListItem\",\"position\":3,\"name\":\"Nigel2 120 cm H\u00e4ngeunterschrank f\u00fcr Doppelwaschbecken 3-farbig gerippt und Spiegel\"}]},{\"@type\":\"WebSite\",\"@id\":\"https:\/\/www.bagnoitalia.com\/de#website\",\"url\":\"https:\/\/www.bagnoitalia.com\/de\",\"name\":\"Bagno Italia\",\"description\":\"\",\"publisher\":{\"@id\":\"https:\/\/www.bagnoitalia.com\/de#organization\"},\"potentialAction\":[{\"@type\":\"SearchAction\",\"target\":{\"@type\":\"EntryPoint\",\"urlTemplate\":\"https:\/\/www.bagnoitalia.com\/de?s={search_term_string}\"},\"query-input\":{\"@type\":\"PropertyValueSpecification\",\"valueRequired\":true,\"valueName\":\"search_term_string\"}}],\"inLanguage\":\"de\"},{\"@type\":\"Organization\",\"@id\":\"https:\/\/www.bagnoitalia.com\/de#organization\",\"name\":\"Bagno Italia\",\"url\":\"https:\/\/www.bagnoitalia.com\/de\",\"logo\":{\"@type\":\"ImageObject\",\"inLanguage\":\"de\",\"@id\":\"https:\/\/www.bagnoitalia.com\/de#\/schema\/logo\/image\/\",\"url\":\"https:\/\/img.bagnoitalia.com\/wp-content\/uploads\/logo-bagnoitalia.webp\",\"contentUrl\":\"https:\/\/img.bagnoitalia.com\/wp-content\/uploads\/logo-bagnoitalia.webp\",\"width\":400,\"height\":70,\"caption\":\"Bagno Italia\"},\"image\":{\"@id\":\"https:\/\/www.bagnoitalia.com\/de#\/schema\/logo\/image\/\"}}]}<\/script>\n<!-- \/ Yoast SEO plugin. -->","yoast_head_json":{"title":"Nigel2 120 cm H\u00e4ngeunterschrank f\u00fcr Doppelwaschbecken 3-farbig gerippt und Spiegel - Bagno Italia","robots":{"index":"index","follow":"follow","max-snippet":"max-snippet:-1","max-image-preview":"max-image-preview:large","max-video-preview":"max-video-preview:-1"},"canonical":"https:\/\/www.bagnoitalia.com\/de\/produkt\/nigel2-120-cm-wall-hung-base-unit-for-double-washbasin-3-coloured-ribbed-effect-and-mirror.html","og_locale":"de_DE","og_type":"article","og_title":"Nigel2 120 cm H\u00e4ngeunterschrank f\u00fcr Doppelwaschbecken 3-farbig gerippt und Spiegel - Bagno Italia","og_description":"Wandh\u00e4ngeschrank f\u00fcr Badezimmer, ideal f\u00fcr 2 Aufsatzwaschbecken, bestehend aus 4 T\u00fcren. Hergestellt in mattem Wei\u00df, entschiedener Eiche oder Zementgr\u00fcn, mit einem gerippten Effekt. Der Spiegel ist im Preis inbegriffen.","og_url":"https:\/\/www.bagnoitalia.com\/de\/produkt\/nigel2-120-cm-wall-hung-base-unit-for-double-washbasin-3-coloured-ribbed-effect-and-mirror.html","og_site_name":"Bagno Italia","article_modified_time":"2025-10-01T13:05:10+00:00","og_image":[{"width":1000,"height":1000,"url":"https:\/\/img.bagnoitalia.com\/wp-content\/uploads\/1-72.webp","type":"image\/webp"}],"twitter_card":"summary_large_image","twitter_misc":{"Gesch\u00e4tzte Lesezeit":"1\u00a0Minute"},"schema":{"@context":"https:\/\/schema.org","@graph":[{"@type":"WebPage","@id":"https:\/\/www.bagnoitalia.com\/de\/produkt\/nigel2-120-cm-wall-hung-base-unit-for-double-washbasin-3-coloured-ribbed-effect-and-mirror.html","url":"https:\/\/www.bagnoitalia.com\/de\/produkt\/nigel2-120-cm-wall-hung-base-unit-for-double-washbasin-3-coloured-ribbed-effect-and-mirror.html","name":"Nigel2 120 cm H\u00e4ngeunterschrank f\u00fcr Doppelwaschbecken 3-farbig gerippt und Spiegel - Bagno Italia","isPartOf":{"@id":"https:\/\/www.bagnoitalia.com\/de#website"},"primaryImageOfPage":{"@id":"https:\/\/www.bagnoitalia.com\/de\/produkt\/nigel2-120-cm-wall-hung-base-unit-for-double-washbasin-3-coloured-ribbed-effect-and-mirror.html#primaryimage"},"image":{"@id":"https:\/\/www.bagnoitalia.com\/de\/produkt\/nigel2-120-cm-wall-hung-base-unit-for-double-washbasin-3-coloured-ribbed-effect-and-mirror.html#primaryimage"},"thumbnailUrl":"https:\/\/img.bagnoitalia.com\/wp-content\/uploads\/1-72.webp","datePublished":"2024-12-10T13:40:38+00:00","dateModified":"2025-10-01T13:05:10+00:00","breadcrumb":{"@id":"https:\/\/www.bagnoitalia.com\/de\/produkt\/nigel2-120-cm-wall-hung-base-unit-for-double-washbasin-3-coloured-ribbed-effect-and-mirror.html#breadcrumb"},"inLanguage":"de","potentialAction":[{"@type":"ReadAction","target":["https:\/\/www.bagnoitalia.com\/de\/produkt\/nigel2-120-cm-wall-hung-base-unit-for-double-washbasin-3-coloured-ribbed-effect-and-mirror.html"]}]},{"@type":"ImageObject","inLanguage":"de","@id":"https:\/\/www.bagnoitalia.com\/de\/produkt\/nigel2-120-cm-wall-hung-base-unit-for-double-washbasin-3-coloured-ribbed-effect-and-mirror.html#primaryimage","url":"https:\/\/img.bagnoitalia.com\/wp-content\/uploads\/1-72.webp","contentUrl":"https:\/\/img.bagnoitalia.com\/wp-content\/uploads\/1-72.webp","width":1000,"height":1000},{"@type":"BreadcrumbList","@id":"https:\/\/www.bagnoitalia.com\/de\/produkt\/nigel2-120-cm-wall-hung-base-unit-for-double-washbasin-3-coloured-ribbed-effect-and-mirror.html#breadcrumb","itemListElement":[{"@type":"ListItem","position":1,"name":"Home","item":"https:\/\/www.bagnoitalia.com\/de"},{"@type":"ListItem","position":2,"name":"Produkte","item":"https:\/\/www.bagnoitalia.com\/de\/shop"},{"@type":"ListItem","position":3,"name":"Nigel2 120 cm H\u00e4ngeunterschrank f\u00fcr Doppelwaschbecken 3-farbig gerippt und Spiegel"}]},{"@type":"WebSite","@id":"https:\/\/www.bagnoitalia.com\/de#website","url":"https:\/\/www.bagnoitalia.com\/de","name":"Bagno Italia","description":"","publisher":{"@id":"https:\/\/www.bagnoitalia.com\/de#organization"},"potentialAction":[{"@type":"SearchAction","target":{"@type":"EntryPoint","urlTemplate":"https:\/\/www.bagnoitalia.com\/de?s={search_term_string}"},"query-input":{"@type":"PropertyValueSpecification","valueRequired":true,"valueName":"search_term_string"}}],"inLanguage":"de"},{"@type":"Organization","@id":"https:\/\/www.bagnoitalia.com\/de#organization","name":"Bagno Italia","url":"https:\/\/www.bagnoitalia.com\/de","logo":{"@type":"ImageObject","inLanguage":"de","@id":"https:\/\/www.bagnoitalia.com\/de#\/schema\/logo\/image\/","url":"https:\/\/img.bagnoitalia.com\/wp-content\/uploads\/logo-bagnoitalia.webp","contentUrl":"https:\/\/img.bagnoitalia.com\/wp-content\/uploads\/logo-bagnoitalia.webp","width":400,"height":70,"caption":"Bagno Italia"},"image":{"@id":"https:\/\/www.bagnoitalia.com\/de#\/schema\/logo\/image\/"}}]}},"_links":{"self":[{"href":"https:\/\/www.bagnoitalia.com\/de\/wp-json\/wp\/v2\/product\/98732","targetHints":{"allow":["GET"]}}],"collection":[{"href":"https:\/\/www.bagnoitalia.com\/de\/wp-json\/wp\/v2\/product"}],"about":[{"href":"https:\/\/www.bagnoitalia.com\/de\/wp-json\/wp\/v2\/types\/product"}],"replies":[{"embeddable":true,"href":"https:\/\/www.bagnoitalia.com\/de\/wp-json\/wp\/v2\/comments?post=98732"}],"version-history":[{"count":3,"href":"https:\/\/www.bagnoitalia.com\/de\/wp-json\/wp\/v2\/product\/98732\/revisions"}],"predecessor-version":[{"id":112182,"href":"https:\/\/www.bagnoitalia.com\/de\/wp-json\/wp\/v2\/product\/98732\/revisions\/112182"}],"wp:featuredmedia":[{"embeddable":true,"href":"https:\/\/www.bagnoitalia.com\/de\/wp-json\/wp\/v2\/media\/98700"}],"wp:attachment":[{"href":"https:\/\/www.bagnoitalia.com\/de\/wp-json\/wp\/v2\/media?parent=98732"}],"wp:term":[{"taxonomy":"product_brand","embeddable":true,"href":"https:\/\/www.bagnoitalia.com\/de\/wp-json\/wp\/v2\/product_brand?post=98732"},{"taxonomy":"product_cat","embeddable":true,"href":"https:\/\/www.bagnoitalia.com\/de\/wp-json\/wp\/v2\/product_cat?post=98732"},{"taxonomy":"product_tag","embeddable":true,"href":"https:\/\/www.bagnoitalia.com\/de\/wp-json\/wp\/v2\/product_tag?post=98732"}],"curies":[{"name":"wp","href":"https:\/\/api.w.org\/{rel}","templated":true}]}}