{"id":96904,"date":"2024-11-20T14:43:05","date_gmt":"2024-11-20T13:43:05","guid":{"rendered":"https:\/\/www.bagnoitalia.com\/mini-whirlpool-200x200-cm-with-40-jets-chromotherapy-heater-and-bluetooth-mp56.html"},"modified":"2025-10-13T15:34:13","modified_gmt":"2025-10-13T13:34:13","slug":"mini-whirlpool-200x200-cm-with-40-jets-chromotherapy-heater-and-bluetooth-mp56","status":"publish","type":"product","link":"https:\/\/www.bagnoitalia.com\/de\/produkt\/mini-whirlpool-200x200-cm-with-40-jets-chromotherapy-heater-and-bluetooth-mp56.html","title":{"rendered":"Mini-Whirlpool 200&#215;200 cm mit 40 D\u00fcsen Chromotherapie Heizung und Bluetooth MP56"},"content":{"rendered":"<p>HYDROMASSAGE SCHWIMMBECKEN 200&#215;200 cm &#8218;MP56<\/p>\n<p>&nbsp;<\/p>\n<p>&nbsp;<\/p>\n<p>&nbsp;<\/p>\n<p>&nbsp;<\/p>\n<p>HAUPTMERKMALE DES PRODUKTS<\/p>\n<p>&nbsp;<\/p>\n<p>Quadratischer Au\u00dfenwhirlpool<\/p>\n<p>Abmessungen 200x200xH83 cm<\/p>\n<p>5 Sitzpl\u00e4tze (3 Sitzpl\u00e4tze + 2 Chaiselongues)<\/p>\n<p>40 Hydromassaged\u00fcsen mit einstellbarer Intensit\u00e4t<\/p>\n<p>Chromotherapie mit 16 mehrfarbigen LEDs<\/p>\n<p>Heizung<\/p>\n<p>Wasserfall + Springbrunnen-D\u00fcsen<\/p>\n<p>Bluetooth-Audiosystem und wasserdichte LED-Lautsprecher<\/p>\n<p>Leiter und thermische Abdeckung NICHT im Preis inbegriffen, Sie k\u00f6nnen diese Optionen \u00fcber die Dropdown-Men\u00fcs oben hinzuf\u00fcgen<\/p>\n<p>&nbsp;<\/p>\n<p>TECHNISCHE DATEN<\/p>\n<p>&nbsp;<\/p>\n<p>&nbsp;<\/p>\n<p>&nbsp;<\/p>\n<p>Gewicht: 290kg<\/p>\n<p>Fassungsverm\u00f6gen: 900Liter<\/p>\n<p>Steuerungssystem: Balboa<\/p>\n<p>Geh\u00e4use: Aristech-Oberfl\u00e4chen<\/p>\n<p>Rahmen: Rostfreier Stahl<\/p>\n<p>Unterer Schutz: abs<\/p>\n<p>Schalenisolierung: 25mm<\/p>\n<p>Energiesparanschluss inklusive<\/p>\n<p>2 kW Heizung<\/p>\n<p>Umw\u00e4lzpumpe und 2,2 kW Whirlpoolpumpe mit doppelter Geschwindigkeit<\/p>\n<p>Patronenfilter-System<\/p>\n<p>&nbsp;<\/p>\n<p><strong><span dir=\"auto\">ZUS\u00c4TZLICHE OPTION:<\/span><\/strong><\/p>\n<p><span dir=\"auto\">FERNBEDIENUNGSFUNKTION: Balboa BWA zur Smartphone-Steuerung<\/span><\/p>\n<p><span dir=\"auto\">Diese optionale Funktion bietet Ihnen die M\u00f6glichkeit, \u00fcber eine Wi-Fi-Verbindung eine App auf Ihr Telefon herunterzuladen und die Funktionen direkt \u00fcber die App fernzusteuern<\/span><\/p>\n<p>&nbsp;<\/p>\n<p>ERH\u00c4LTLICHE FARBEN (w\u00e4hlen Sie eine Farbe aus dem Dropdown-Men\u00fc)<\/p>\n<p>Innenseite silberwei\u00dfer Marmor, mit grauer Au\u00dfenverkleidung<\/p>\n<p>innen wei\u00df perlglanz, mit brauner Au\u00dfenverkleidung<\/p>\n<p>&nbsp;<\/p>\n<p>&nbsp;<\/p>\n<p><img fetchpriority=\"high\" decoding=\"async\" class=\"alignnone size-full wp-image-108655\" src=\"https:\/\/www.bagnoitalia.it\/wp-content\/uploads\/colori-interni-esterni-minipiscine-idromassaggio.jpg\" alt=\"\" width=\"1000\" height=\"1000\" \/><\/p>\n","protected":false},"excerpt":{"rendered":"<p>Mini-Whirlpool im Freien, quadratische Form, f\u00fcr 5 Personen. Komplett mit: 40 Hydromassaged\u00fcsen mit einstellbarer Intensit\u00e4t, Balboa-Steuerungssystem, Heizung, Kartuschenfiltersystem, Springbrunnen- und Wasserfalld\u00fcsen, Bluetooth-Verbindung und 16 Multicolor-LEDs f\u00fcr die Farbtherapie.<\/p>\n","protected":false},"featured_media":96876,"comment_status":"open","ping_status":"closed","template":"","meta":[],"product_brand":[10111],"product_cat":[10070],"product_tag":[],"class_list":{"0":"post-96904","1":"product","2":"type-product","3":"status-publish","4":"has-post-thumbnail","6":"product_brand-joyee","7":"product_cat-whirlpools-im-freien","9":"first","10":"instock","11":"sale","12":"taxable","13":"shipping-taxable","14":"purchasable","15":"product-type-simple"},"exclude_global_add_ons":false,"addons":[{"name":"Leiter","type":"multiple_choice","position":0,"required":false,"title_format":"label","default":"","description_enable":false,"description":"","placeholder_enable":false,"placeholder":"","display":"select","restrictions_type":"any_text","adjust_price":false,"price":"","price_type":"flat_fee","restrictions":false,"min":"0","max":"0","options":[{"label":"nein","price":"","price_type":"flat_fee","image":0,"visibility":true},{"label":"Mit Stufenleiter","price":"189","price_type":"flat_fee","image":0,"visibility":true}],"id":1732113786},{"name":"Abdeckung","type":"multiple_choice","position":1,"required":false,"title_format":"label","default":"","description_enable":false,"description":"","placeholder_enable":false,"placeholder":"","display":"select","restrictions_type":"any_text","adjust_price":false,"price":"","price_type":"flat_fee","restrictions":false,"min":"0","max":"0","options":[{"label":"nein","price":"","price_type":"flat_fee","image":0,"visibility":true},{"label":"Mit thermischer Abdeckung","price":"319","price_type":"flat_fee","image":0,"visibility":true}],"id":1732113787},{"name":"Farbe","type":"multiple_choice","position":2,"required":false,"title_format":"label","default":"","description_enable":false,"description":"","placeholder_enable":false,"placeholder":"","display":"select","restrictions_type":"any_text","adjust_price":false,"price":"","price_type":"flat_fee","restrictions":false,"min":"0","max":"0","options":[{"label":"silberwei\u00df marmoriert mit grauer Verkleidung","price":"","price_type":"flat_fee","image":0,"visibility":true},{"label":"nicht verf\u00fcgbar - wei\u00dfer Perlglanz mit brauner Vert\u00e4felung","price":"","price_type":"flat_fee","image":0,"visibility":true}],"id":1732113788},{"name":"optional","type":"multiple_choice","position":3,"required":false,"title_format":"label","default":"","description_enable":false,"description":"","placeholder_enable":false,"placeholder":"","display":"select","restrictions_type":"any_text","adjust_price":false,"price":"","price_type":"flat_fee","restrictions":false,"min":"0","max":"0","options":[{"label":"keine","price":"","price_type":"flat_fee","image":0,"visibility":true},{"label":"Fernbedienung","price":"500","price_type":"flat_fee","image":0,"visibility":true}],"id":1760369654}],"yoast_head":"<!-- This site is optimized with the Yoast SEO plugin v26.7 - https:\/\/yoast.com\/wordpress\/plugins\/seo\/ -->\n<title>Mini-Whirlpool 200x200 cm mit 40 D\u00fcsen Chromotherapie Heizung und Bluetooth MP56 - Bagno Italia<\/title>\n<meta name=\"robots\" content=\"index, follow, max-snippet:-1, max-image-preview:large, max-video-preview:-1\" \/>\n<link rel=\"canonical\" href=\"https:\/\/www.bagnoitalia.com\/de\/produkt\/mini-whirlpool-200x200-cm-with-40-jets-chromotherapy-heater-and-bluetooth-mp56.html\" \/>\n<meta property=\"og:locale\" content=\"de_DE\" \/>\n<meta property=\"og:type\" content=\"article\" \/>\n<meta property=\"og:title\" content=\"Mini-Whirlpool 200x200 cm mit 40 D\u00fcsen Chromotherapie Heizung und Bluetooth MP56 - Bagno Italia\" \/>\n<meta property=\"og:description\" content=\"Mini-Whirlpool im Freien, quadratische Form, f\u00fcr 5 Personen. Komplett mit: 40 Hydromassaged\u00fcsen mit einstellbarer Intensit\u00e4t, Balboa-Steuerungssystem, Heizung, Kartuschenfiltersystem, Springbrunnen- und Wasserfalld\u00fcsen, Bluetooth-Verbindung und 16 Multicolor-LEDs f\u00fcr die Farbtherapie.\" \/>\n<meta property=\"og:url\" content=\"https:\/\/www.bagnoitalia.com\/de\/produkt\/mini-whirlpool-200x200-cm-with-40-jets-chromotherapy-heater-and-bluetooth-mp56.html\" \/>\n<meta property=\"og:site_name\" content=\"Bagno Italia\" \/>\n<meta property=\"article:modified_time\" content=\"2025-10-13T13:34:13+00:00\" \/>\n<meta property=\"og:image\" content=\"https:\/\/img.bagnoitalia.com\/wp-content\/uploads\/1-40.webp\" \/>\n\t<meta property=\"og:image:width\" content=\"1000\" \/>\n\t<meta property=\"og:image:height\" content=\"1000\" \/>\n\t<meta property=\"og:image:type\" content=\"image\/webp\" \/>\n<meta name=\"twitter:card\" content=\"summary_large_image\" \/>\n<meta name=\"twitter:label1\" content=\"Gesch\u00e4tzte Lesezeit\" \/>\n\t<meta name=\"twitter:data1\" content=\"2\u00a0Minuten\" \/>\n<script type=\"application\/ld+json\" class=\"yoast-schema-graph\">{\"@context\":\"https:\/\/schema.org\",\"@graph\":[{\"@type\":\"WebPage\",\"@id\":\"https:\/\/www.bagnoitalia.com\/de\/produkt\/mini-whirlpool-200x200-cm-with-40-jets-chromotherapy-heater-and-bluetooth-mp56.html\",\"url\":\"https:\/\/www.bagnoitalia.com\/de\/produkt\/mini-whirlpool-200x200-cm-with-40-jets-chromotherapy-heater-and-bluetooth-mp56.html\",\"name\":\"Mini-Whirlpool 200x200 cm mit 40 D\u00fcsen Chromotherapie Heizung und Bluetooth MP56 - Bagno Italia\",\"isPartOf\":{\"@id\":\"https:\/\/www.bagnoitalia.com\/de#website\"},\"primaryImageOfPage\":{\"@id\":\"https:\/\/www.bagnoitalia.com\/de\/produkt\/mini-whirlpool-200x200-cm-with-40-jets-chromotherapy-heater-and-bluetooth-mp56.html#primaryimage\"},\"image\":{\"@id\":\"https:\/\/www.bagnoitalia.com\/de\/produkt\/mini-whirlpool-200x200-cm-with-40-jets-chromotherapy-heater-and-bluetooth-mp56.html#primaryimage\"},\"thumbnailUrl\":\"https:\/\/img.bagnoitalia.com\/wp-content\/uploads\/1-40.webp\",\"datePublished\":\"2024-11-20T13:43:05+00:00\",\"dateModified\":\"2025-10-13T13:34:13+00:00\",\"breadcrumb\":{\"@id\":\"https:\/\/www.bagnoitalia.com\/de\/produkt\/mini-whirlpool-200x200-cm-with-40-jets-chromotherapy-heater-and-bluetooth-mp56.html#breadcrumb\"},\"inLanguage\":\"de\",\"potentialAction\":[{\"@type\":\"ReadAction\",\"target\":[\"https:\/\/www.bagnoitalia.com\/de\/produkt\/mini-whirlpool-200x200-cm-with-40-jets-chromotherapy-heater-and-bluetooth-mp56.html\"]}]},{\"@type\":\"ImageObject\",\"inLanguage\":\"de\",\"@id\":\"https:\/\/www.bagnoitalia.com\/de\/produkt\/mini-whirlpool-200x200-cm-with-40-jets-chromotherapy-heater-and-bluetooth-mp56.html#primaryimage\",\"url\":\"https:\/\/img.bagnoitalia.com\/wp-content\/uploads\/1-40.webp\",\"contentUrl\":\"https:\/\/img.bagnoitalia.com\/wp-content\/uploads\/1-40.webp\",\"width\":1000,\"height\":1000},{\"@type\":\"BreadcrumbList\",\"@id\":\"https:\/\/www.bagnoitalia.com\/de\/produkt\/mini-whirlpool-200x200-cm-with-40-jets-chromotherapy-heater-and-bluetooth-mp56.html#breadcrumb\",\"itemListElement\":[{\"@type\":\"ListItem\",\"position\":1,\"name\":\"Home\",\"item\":\"https:\/\/www.bagnoitalia.com\/de\"},{\"@type\":\"ListItem\",\"position\":2,\"name\":\"Produkte\",\"item\":\"https:\/\/www.bagnoitalia.com\/de\/shop\"},{\"@type\":\"ListItem\",\"position\":3,\"name\":\"Mini-Whirlpool 200&#215;200 cm mit 40 D\u00fcsen Chromotherapie Heizung und Bluetooth MP56\"}]},{\"@type\":\"WebSite\",\"@id\":\"https:\/\/www.bagnoitalia.com\/de#website\",\"url\":\"https:\/\/www.bagnoitalia.com\/de\",\"name\":\"Bagno Italia\",\"description\":\"\",\"publisher\":{\"@id\":\"https:\/\/www.bagnoitalia.com\/de#organization\"},\"potentialAction\":[{\"@type\":\"SearchAction\",\"target\":{\"@type\":\"EntryPoint\",\"urlTemplate\":\"https:\/\/www.bagnoitalia.com\/de?s={search_term_string}\"},\"query-input\":{\"@type\":\"PropertyValueSpecification\",\"valueRequired\":true,\"valueName\":\"search_term_string\"}}],\"inLanguage\":\"de\"},{\"@type\":\"Organization\",\"@id\":\"https:\/\/www.bagnoitalia.com\/de#organization\",\"name\":\"Bagno Italia\",\"url\":\"https:\/\/www.bagnoitalia.com\/de\",\"logo\":{\"@type\":\"ImageObject\",\"inLanguage\":\"de\",\"@id\":\"https:\/\/www.bagnoitalia.com\/de#\/schema\/logo\/image\/\",\"url\":\"https:\/\/img.bagnoitalia.com\/wp-content\/uploads\/logo-bagnoitalia.webp\",\"contentUrl\":\"https:\/\/img.bagnoitalia.com\/wp-content\/uploads\/logo-bagnoitalia.webp\",\"width\":400,\"height\":70,\"caption\":\"Bagno Italia\"},\"image\":{\"@id\":\"https:\/\/www.bagnoitalia.com\/de#\/schema\/logo\/image\/\"}}]}<\/script>\n<!-- \/ Yoast SEO plugin. -->","yoast_head_json":{"title":"Mini-Whirlpool 200x200 cm mit 40 D\u00fcsen Chromotherapie Heizung und Bluetooth MP56 - Bagno Italia","robots":{"index":"index","follow":"follow","max-snippet":"max-snippet:-1","max-image-preview":"max-image-preview:large","max-video-preview":"max-video-preview:-1"},"canonical":"https:\/\/www.bagnoitalia.com\/de\/produkt\/mini-whirlpool-200x200-cm-with-40-jets-chromotherapy-heater-and-bluetooth-mp56.html","og_locale":"de_DE","og_type":"article","og_title":"Mini-Whirlpool 200x200 cm mit 40 D\u00fcsen Chromotherapie Heizung und Bluetooth MP56 - Bagno Italia","og_description":"Mini-Whirlpool im Freien, quadratische Form, f\u00fcr 5 Personen. Komplett mit: 40 Hydromassaged\u00fcsen mit einstellbarer Intensit\u00e4t, Balboa-Steuerungssystem, Heizung, Kartuschenfiltersystem, Springbrunnen- und Wasserfalld\u00fcsen, Bluetooth-Verbindung und 16 Multicolor-LEDs f\u00fcr die Farbtherapie.","og_url":"https:\/\/www.bagnoitalia.com\/de\/produkt\/mini-whirlpool-200x200-cm-with-40-jets-chromotherapy-heater-and-bluetooth-mp56.html","og_site_name":"Bagno Italia","article_modified_time":"2025-10-13T13:34:13+00:00","og_image":[{"width":1000,"height":1000,"url":"https:\/\/img.bagnoitalia.com\/wp-content\/uploads\/1-40.webp","type":"image\/webp"}],"twitter_card":"summary_large_image","twitter_misc":{"Gesch\u00e4tzte Lesezeit":"2\u00a0Minuten"},"schema":{"@context":"https:\/\/schema.org","@graph":[{"@type":"WebPage","@id":"https:\/\/www.bagnoitalia.com\/de\/produkt\/mini-whirlpool-200x200-cm-with-40-jets-chromotherapy-heater-and-bluetooth-mp56.html","url":"https:\/\/www.bagnoitalia.com\/de\/produkt\/mini-whirlpool-200x200-cm-with-40-jets-chromotherapy-heater-and-bluetooth-mp56.html","name":"Mini-Whirlpool 200x200 cm mit 40 D\u00fcsen Chromotherapie Heizung und Bluetooth MP56 - Bagno Italia","isPartOf":{"@id":"https:\/\/www.bagnoitalia.com\/de#website"},"primaryImageOfPage":{"@id":"https:\/\/www.bagnoitalia.com\/de\/produkt\/mini-whirlpool-200x200-cm-with-40-jets-chromotherapy-heater-and-bluetooth-mp56.html#primaryimage"},"image":{"@id":"https:\/\/www.bagnoitalia.com\/de\/produkt\/mini-whirlpool-200x200-cm-with-40-jets-chromotherapy-heater-and-bluetooth-mp56.html#primaryimage"},"thumbnailUrl":"https:\/\/img.bagnoitalia.com\/wp-content\/uploads\/1-40.webp","datePublished":"2024-11-20T13:43:05+00:00","dateModified":"2025-10-13T13:34:13+00:00","breadcrumb":{"@id":"https:\/\/www.bagnoitalia.com\/de\/produkt\/mini-whirlpool-200x200-cm-with-40-jets-chromotherapy-heater-and-bluetooth-mp56.html#breadcrumb"},"inLanguage":"de","potentialAction":[{"@type":"ReadAction","target":["https:\/\/www.bagnoitalia.com\/de\/produkt\/mini-whirlpool-200x200-cm-with-40-jets-chromotherapy-heater-and-bluetooth-mp56.html"]}]},{"@type":"ImageObject","inLanguage":"de","@id":"https:\/\/www.bagnoitalia.com\/de\/produkt\/mini-whirlpool-200x200-cm-with-40-jets-chromotherapy-heater-and-bluetooth-mp56.html#primaryimage","url":"https:\/\/img.bagnoitalia.com\/wp-content\/uploads\/1-40.webp","contentUrl":"https:\/\/img.bagnoitalia.com\/wp-content\/uploads\/1-40.webp","width":1000,"height":1000},{"@type":"BreadcrumbList","@id":"https:\/\/www.bagnoitalia.com\/de\/produkt\/mini-whirlpool-200x200-cm-with-40-jets-chromotherapy-heater-and-bluetooth-mp56.html#breadcrumb","itemListElement":[{"@type":"ListItem","position":1,"name":"Home","item":"https:\/\/www.bagnoitalia.com\/de"},{"@type":"ListItem","position":2,"name":"Produkte","item":"https:\/\/www.bagnoitalia.com\/de\/shop"},{"@type":"ListItem","position":3,"name":"Mini-Whirlpool 200&#215;200 cm mit 40 D\u00fcsen Chromotherapie Heizung und Bluetooth MP56"}]},{"@type":"WebSite","@id":"https:\/\/www.bagnoitalia.com\/de#website","url":"https:\/\/www.bagnoitalia.com\/de","name":"Bagno Italia","description":"","publisher":{"@id":"https:\/\/www.bagnoitalia.com\/de#organization"},"potentialAction":[{"@type":"SearchAction","target":{"@type":"EntryPoint","urlTemplate":"https:\/\/www.bagnoitalia.com\/de?s={search_term_string}"},"query-input":{"@type":"PropertyValueSpecification","valueRequired":true,"valueName":"search_term_string"}}],"inLanguage":"de"},{"@type":"Organization","@id":"https:\/\/www.bagnoitalia.com\/de#organization","name":"Bagno Italia","url":"https:\/\/www.bagnoitalia.com\/de","logo":{"@type":"ImageObject","inLanguage":"de","@id":"https:\/\/www.bagnoitalia.com\/de#\/schema\/logo\/image\/","url":"https:\/\/img.bagnoitalia.com\/wp-content\/uploads\/logo-bagnoitalia.webp","contentUrl":"https:\/\/img.bagnoitalia.com\/wp-content\/uploads\/logo-bagnoitalia.webp","width":400,"height":70,"caption":"Bagno Italia"},"image":{"@id":"https:\/\/www.bagnoitalia.com\/de#\/schema\/logo\/image\/"}}]}},"_links":{"self":[{"href":"https:\/\/www.bagnoitalia.com\/de\/wp-json\/wp\/v2\/product\/96904","targetHints":{"allow":["GET"]}}],"collection":[{"href":"https:\/\/www.bagnoitalia.com\/de\/wp-json\/wp\/v2\/product"}],"about":[{"href":"https:\/\/www.bagnoitalia.com\/de\/wp-json\/wp\/v2\/types\/product"}],"replies":[{"embeddable":true,"href":"https:\/\/www.bagnoitalia.com\/de\/wp-json\/wp\/v2\/comments?post=96904"}],"version-history":[{"count":4,"href":"https:\/\/www.bagnoitalia.com\/de\/wp-json\/wp\/v2\/product\/96904\/revisions"}],"predecessor-version":[{"id":112726,"href":"https:\/\/www.bagnoitalia.com\/de\/wp-json\/wp\/v2\/product\/96904\/revisions\/112726"}],"wp:featuredmedia":[{"embeddable":true,"href":"https:\/\/www.bagnoitalia.com\/de\/wp-json\/wp\/v2\/media\/96876"}],"wp:attachment":[{"href":"https:\/\/www.bagnoitalia.com\/de\/wp-json\/wp\/v2\/media?parent=96904"}],"wp:term":[{"taxonomy":"product_brand","embeddable":true,"href":"https:\/\/www.bagnoitalia.com\/de\/wp-json\/wp\/v2\/product_brand?post=96904"},{"taxonomy":"product_cat","embeddable":true,"href":"https:\/\/www.bagnoitalia.com\/de\/wp-json\/wp\/v2\/product_cat?post=96904"},{"taxonomy":"product_tag","embeddable":true,"href":"https:\/\/www.bagnoitalia.com\/de\/wp-json\/wp\/v2\/product_tag?post=96904"}],"curies":[{"name":"wp","href":"https:\/\/api.w.org\/{rel}","templated":true}]}}