{"id":95274,"date":"2022-08-04T12:21:00","date_gmt":"2022-08-04T10:21:00","guid":{"rendered":"https:\/\/www.bagnoitalia.com\/product\/table-console-table-extendable-from-54-to-239-cm-10-seats-grey-oak-tl015"},"modified":"2025-10-10T11:28:12","modified_gmt":"2025-10-10T09:28:12","slug":"table-console-table-extendable-from-54-to-239-cm-10-seats-grey-oak-tl015","status":"publish","type":"product","link":"https:\/\/www.bagnoitalia.com\/de\/produkt\/table-console-table-extendable-from-54-to-239-cm-10-seats-grey-oak-tl015.html","title":{"rendered":"Ausziehbarer Tisch\/Konsole von 54 bis 239 cm, 1 bis 10 Sitzpl\u00e4tze, Eiche, Schwarz oder Wei\u00df TL015"},"content":{"rendered":"<p><strong><span dir=\"auto\">AUSZIEHBARER TISCH\/KONSOLE \u201eTL015\u201c<\/span><\/strong><\/p>\n<p>&nbsp;<\/p>\n<p><strong><span dir=\"auto\">PRODUKTSPEZIFIKATIONEN:<\/span><\/strong><\/p>\n<p><span dir=\"auto\">Ausziehbarer rechteckiger Tisch<\/span><\/p>\n<p><span dir=\"auto\">Mindestma\u00dfe: 54xT90 cm<\/span><\/p>\n<p><span dir=\"auto\">Nr. 3 Verl\u00e4ngerungen von je 61,6 cm<\/span><\/p>\n<p><span dir=\"auto\">Maximale Abmessungen: 239xT90 cm<\/span><\/p>\n<p><span dir=\"auto\">H\u00f6he: 77 cm<\/span><\/p>\n<p><span dir=\"auto\">Plattenmaterial: MDF<\/span><\/p>\n<p><span dir=\"auto\">Dicke der Oberseite: 18 mm<\/span><\/p>\n<p><span dir=\"auto\">Rahmenmaterial: MDF<\/span><\/p>\n<p><span dir=\"auto\">Verf\u00fcgbare Farben: Eiche, Schwarz oder Wei\u00df<\/span><\/p>\n<p><span dir=\"auto\">Kratzfeste und ger\u00e4uscharme F\u00fc\u00dfe<\/span><\/p>\n<p><span dir=\"auto\">Bestuhlung: 1\/4\/6\/10 Sitzpl\u00e4tze<\/span><\/p>\n<p>&nbsp;<\/p>\n<p><span dir=\"auto\">NB: St\u00fchle sind NICHT im Angebot enthalten<\/span><\/p>\n","protected":false},"excerpt":{"rendered":"<div class=\"woocommerce-product-details__short-description\">\n<p><span dir=\"auto\">Konsolentisch f\u00fcr einen oder mehrere Personen, ausziehbar zu einem Tisch f\u00fcr 10 Personen. Komplett aus MDF gefertigt und in drei modernen Ausf\u00fchrungen erh\u00e4ltlich.<\/span><\/p>\n<\/div>\n<div class=\"woocommerce-product-rating\">\n<div class=\"star-rating\" role=\"img\" aria-label=\"Bewertet mit 5.00 von 5\"><\/div>\n<\/div>\n","protected":false},"featured_media":112634,"comment_status":"open","ping_status":"closed","template":"","meta":[],"product_brand":[9883],"product_cat":[10007],"product_tag":[],"class_list":{"0":"post-95274","1":"product","2":"type-product","3":"status-publish","4":"has-post-thumbnail","6":"product_brand-deghi-de","7":"product_cat-tische","9":"first","10":"instock","11":"sale","12":"taxable","13":"shipping-taxable","14":"purchasable","15":"product-type-simple"},"exclude_global_add_ons":false,"addons":[{"name":"Farbe","type":"multiple_choice","position":0,"required":true,"title_format":"heading","default":"","description_enable":false,"description":"","placeholder_enable":false,"placeholder":"","display":"select","restrictions_type":"any_text","adjust_price":false,"price":"","price_type":"flat_fee","restrictions":false,"min":"0","max":"0","options":[{"label":"wei\u00df","price":"","price_type":"quantity_based","image":0,"visibility":true},{"label":"Eiche","price":"","price_type":"quantity_based","image":0,"visibility":true},{"label":"Schwarz","price":"","price_type":"quantity_based","image":0,"visibility":true}],"id":1731083473}],"yoast_head":"<!-- This site is optimized with the Yoast SEO plugin v26.7 - https:\/\/yoast.com\/wordpress\/plugins\/seo\/ -->\n<title>Table\/console table extendable from 54 to 239 cm 10 seats grey oak TL015<\/title>\n<meta name=\"description\" content=\"Extendable console\/table in configurations 54\/98\/145\/192\/239x90cm. In grey oak-effect wood. Up to 10 seats.\" \/>\n<meta name=\"robots\" content=\"index, follow, max-snippet:-1, max-image-preview:large, max-video-preview:-1\" \/>\n<link rel=\"canonical\" href=\"https:\/\/www.bagnoitalia.com\/de\/produkt\/table-console-table-extendable-from-54-to-239-cm-10-seats-grey-oak-tl015.html\" \/>\n<meta property=\"og:locale\" content=\"de_DE\" \/>\n<meta property=\"og:type\" content=\"article\" \/>\n<meta property=\"og:title\" content=\"Table\/console table extendable from 54 to 239 cm 10 seats grey oak TL015\" \/>\n<meta property=\"og:description\" content=\"Extendable console\/table in configurations 54\/98\/145\/192\/239x90cm. In grey oak-effect wood. Up to 10 seats.\" \/>\n<meta property=\"og:url\" content=\"https:\/\/www.bagnoitalia.com\/de\/produkt\/table-console-table-extendable-from-54-to-239-cm-10-seats-grey-oak-tl015.html\" \/>\n<meta property=\"og:site_name\" content=\"Bagno Italia\" \/>\n<meta property=\"article:modified_time\" content=\"2025-10-10T09:28:12+00:00\" \/>\n<meta property=\"og:image\" content=\"https:\/\/img.bagnoitalia.com\/wp-content\/uploads\/1-26.webp\" \/>\n\t<meta property=\"og:image:width\" content=\"550\" \/>\n\t<meta property=\"og:image:height\" content=\"550\" \/>\n\t<meta property=\"og:image:type\" content=\"image\/webp\" \/>\n<meta name=\"twitter:card\" content=\"summary_large_image\" \/>\n<meta name=\"twitter:label1\" content=\"Gesch\u00e4tzte Lesezeit\" \/>\n\t<meta name=\"twitter:data1\" content=\"1\u00a0Minute\" \/>\n<script type=\"application\/ld+json\" class=\"yoast-schema-graph\">{\"@context\":\"https:\/\/schema.org\",\"@graph\":[{\"@type\":\"WebPage\",\"@id\":\"https:\/\/www.bagnoitalia.com\/de\/produkt\/table-console-table-extendable-from-54-to-239-cm-10-seats-grey-oak-tl015.html\",\"url\":\"https:\/\/www.bagnoitalia.com\/de\/produkt\/table-console-table-extendable-from-54-to-239-cm-10-seats-grey-oak-tl015.html\",\"name\":\"Table\/console table extendable from 54 to 239 cm 10 seats grey oak TL015\",\"isPartOf\":{\"@id\":\"https:\/\/www.bagnoitalia.com\/de#website\"},\"primaryImageOfPage\":{\"@id\":\"https:\/\/www.bagnoitalia.com\/de\/produkt\/table-console-table-extendable-from-54-to-239-cm-10-seats-grey-oak-tl015.html#primaryimage\"},\"image\":{\"@id\":\"https:\/\/www.bagnoitalia.com\/de\/produkt\/table-console-table-extendable-from-54-to-239-cm-10-seats-grey-oak-tl015.html#primaryimage\"},\"thumbnailUrl\":\"https:\/\/img.bagnoitalia.com\/wp-content\/uploads\/tavolo-consolle-estensibile-da-54-a-239-cm-3-colori.jpg\",\"datePublished\":\"2022-08-04T10:21:00+00:00\",\"dateModified\":\"2025-10-10T09:28:12+00:00\",\"description\":\"Extendable console\/table in configurations 54\/98\/145\/192\/239x90cm. In grey oak-effect wood. Up to 10 seats.\",\"breadcrumb\":{\"@id\":\"https:\/\/www.bagnoitalia.com\/de\/produkt\/table-console-table-extendable-from-54-to-239-cm-10-seats-grey-oak-tl015.html#breadcrumb\"},\"inLanguage\":\"de\",\"potentialAction\":[{\"@type\":\"ReadAction\",\"target\":[\"https:\/\/www.bagnoitalia.com\/de\/produkt\/table-console-table-extendable-from-54-to-239-cm-10-seats-grey-oak-tl015.html\"]}]},{\"@type\":\"ImageObject\",\"inLanguage\":\"de\",\"@id\":\"https:\/\/www.bagnoitalia.com\/de\/produkt\/table-console-table-extendable-from-54-to-239-cm-10-seats-grey-oak-tl015.html#primaryimage\",\"url\":\"https:\/\/img.bagnoitalia.com\/wp-content\/uploads\/tavolo-consolle-estensibile-da-54-a-239-cm-3-colori.jpg\",\"contentUrl\":\"https:\/\/img.bagnoitalia.com\/wp-content\/uploads\/tavolo-consolle-estensibile-da-54-a-239-cm-3-colori.jpg\",\"width\":1000,\"height\":1000},{\"@type\":\"BreadcrumbList\",\"@id\":\"https:\/\/www.bagnoitalia.com\/de\/produkt\/table-console-table-extendable-from-54-to-239-cm-10-seats-grey-oak-tl015.html#breadcrumb\",\"itemListElement\":[{\"@type\":\"ListItem\",\"position\":1,\"name\":\"Home\",\"item\":\"https:\/\/www.bagnoitalia.com\/de\"},{\"@type\":\"ListItem\",\"position\":2,\"name\":\"Produkte\",\"item\":\"https:\/\/www.bagnoitalia.com\/de\/shop\"},{\"@type\":\"ListItem\",\"position\":3,\"name\":\"Ausziehbarer Tisch\/Konsole von 54 bis 239 cm, 1 bis 10 Sitzpl\u00e4tze, Eiche, Schwarz oder Wei\u00df TL015\"}]},{\"@type\":\"WebSite\",\"@id\":\"https:\/\/www.bagnoitalia.com\/de#website\",\"url\":\"https:\/\/www.bagnoitalia.com\/de\",\"name\":\"Bagno Italia\",\"description\":\"\",\"publisher\":{\"@id\":\"https:\/\/www.bagnoitalia.com\/de#organization\"},\"potentialAction\":[{\"@type\":\"SearchAction\",\"target\":{\"@type\":\"EntryPoint\",\"urlTemplate\":\"https:\/\/www.bagnoitalia.com\/de?s={search_term_string}\"},\"query-input\":{\"@type\":\"PropertyValueSpecification\",\"valueRequired\":true,\"valueName\":\"search_term_string\"}}],\"inLanguage\":\"de\"},{\"@type\":\"Organization\",\"@id\":\"https:\/\/www.bagnoitalia.com\/de#organization\",\"name\":\"Bagno Italia\",\"url\":\"https:\/\/www.bagnoitalia.com\/de\",\"logo\":{\"@type\":\"ImageObject\",\"inLanguage\":\"de\",\"@id\":\"https:\/\/www.bagnoitalia.com\/de#\/schema\/logo\/image\/\",\"url\":\"https:\/\/img.bagnoitalia.com\/wp-content\/uploads\/logo-bagnoitalia.webp\",\"contentUrl\":\"https:\/\/img.bagnoitalia.com\/wp-content\/uploads\/logo-bagnoitalia.webp\",\"width\":400,\"height\":70,\"caption\":\"Bagno Italia\"},\"image\":{\"@id\":\"https:\/\/www.bagnoitalia.com\/de#\/schema\/logo\/image\/\"}}]}<\/script>\n<!-- \/ Yoast SEO plugin. -->","yoast_head_json":{"title":"Table\/console table extendable from 54 to 239 cm 10 seats grey oak TL015","description":"Extendable console\/table in configurations 54\/98\/145\/192\/239x90cm. In grey oak-effect wood. Up to 10 seats.","robots":{"index":"index","follow":"follow","max-snippet":"max-snippet:-1","max-image-preview":"max-image-preview:large","max-video-preview":"max-video-preview:-1"},"canonical":"https:\/\/www.bagnoitalia.com\/de\/produkt\/table-console-table-extendable-from-54-to-239-cm-10-seats-grey-oak-tl015.html","og_locale":"de_DE","og_type":"article","og_title":"Table\/console table extendable from 54 to 239 cm 10 seats grey oak TL015","og_description":"Extendable console\/table in configurations 54\/98\/145\/192\/239x90cm. In grey oak-effect wood. Up to 10 seats.","og_url":"https:\/\/www.bagnoitalia.com\/de\/produkt\/table-console-table-extendable-from-54-to-239-cm-10-seats-grey-oak-tl015.html","og_site_name":"Bagno Italia","article_modified_time":"2025-10-10T09:28:12+00:00","og_image":[{"width":550,"height":550,"url":"https:\/\/img.bagnoitalia.com\/wp-content\/uploads\/1-26.webp","type":"image\/webp"}],"twitter_card":"summary_large_image","twitter_misc":{"Gesch\u00e4tzte Lesezeit":"1\u00a0Minute"},"schema":{"@context":"https:\/\/schema.org","@graph":[{"@type":"WebPage","@id":"https:\/\/www.bagnoitalia.com\/de\/produkt\/table-console-table-extendable-from-54-to-239-cm-10-seats-grey-oak-tl015.html","url":"https:\/\/www.bagnoitalia.com\/de\/produkt\/table-console-table-extendable-from-54-to-239-cm-10-seats-grey-oak-tl015.html","name":"Table\/console table extendable from 54 to 239 cm 10 seats grey oak TL015","isPartOf":{"@id":"https:\/\/www.bagnoitalia.com\/de#website"},"primaryImageOfPage":{"@id":"https:\/\/www.bagnoitalia.com\/de\/produkt\/table-console-table-extendable-from-54-to-239-cm-10-seats-grey-oak-tl015.html#primaryimage"},"image":{"@id":"https:\/\/www.bagnoitalia.com\/de\/produkt\/table-console-table-extendable-from-54-to-239-cm-10-seats-grey-oak-tl015.html#primaryimage"},"thumbnailUrl":"https:\/\/img.bagnoitalia.com\/wp-content\/uploads\/tavolo-consolle-estensibile-da-54-a-239-cm-3-colori.jpg","datePublished":"2022-08-04T10:21:00+00:00","dateModified":"2025-10-10T09:28:12+00:00","description":"Extendable console\/table in configurations 54\/98\/145\/192\/239x90cm. In grey oak-effect wood. Up to 10 seats.","breadcrumb":{"@id":"https:\/\/www.bagnoitalia.com\/de\/produkt\/table-console-table-extendable-from-54-to-239-cm-10-seats-grey-oak-tl015.html#breadcrumb"},"inLanguage":"de","potentialAction":[{"@type":"ReadAction","target":["https:\/\/www.bagnoitalia.com\/de\/produkt\/table-console-table-extendable-from-54-to-239-cm-10-seats-grey-oak-tl015.html"]}]},{"@type":"ImageObject","inLanguage":"de","@id":"https:\/\/www.bagnoitalia.com\/de\/produkt\/table-console-table-extendable-from-54-to-239-cm-10-seats-grey-oak-tl015.html#primaryimage","url":"https:\/\/img.bagnoitalia.com\/wp-content\/uploads\/tavolo-consolle-estensibile-da-54-a-239-cm-3-colori.jpg","contentUrl":"https:\/\/img.bagnoitalia.com\/wp-content\/uploads\/tavolo-consolle-estensibile-da-54-a-239-cm-3-colori.jpg","width":1000,"height":1000},{"@type":"BreadcrumbList","@id":"https:\/\/www.bagnoitalia.com\/de\/produkt\/table-console-table-extendable-from-54-to-239-cm-10-seats-grey-oak-tl015.html#breadcrumb","itemListElement":[{"@type":"ListItem","position":1,"name":"Home","item":"https:\/\/www.bagnoitalia.com\/de"},{"@type":"ListItem","position":2,"name":"Produkte","item":"https:\/\/www.bagnoitalia.com\/de\/shop"},{"@type":"ListItem","position":3,"name":"Ausziehbarer Tisch\/Konsole von 54 bis 239 cm, 1 bis 10 Sitzpl\u00e4tze, Eiche, Schwarz oder Wei\u00df TL015"}]},{"@type":"WebSite","@id":"https:\/\/www.bagnoitalia.com\/de#website","url":"https:\/\/www.bagnoitalia.com\/de","name":"Bagno Italia","description":"","publisher":{"@id":"https:\/\/www.bagnoitalia.com\/de#organization"},"potentialAction":[{"@type":"SearchAction","target":{"@type":"EntryPoint","urlTemplate":"https:\/\/www.bagnoitalia.com\/de?s={search_term_string}"},"query-input":{"@type":"PropertyValueSpecification","valueRequired":true,"valueName":"search_term_string"}}],"inLanguage":"de"},{"@type":"Organization","@id":"https:\/\/www.bagnoitalia.com\/de#organization","name":"Bagno Italia","url":"https:\/\/www.bagnoitalia.com\/de","logo":{"@type":"ImageObject","inLanguage":"de","@id":"https:\/\/www.bagnoitalia.com\/de#\/schema\/logo\/image\/","url":"https:\/\/img.bagnoitalia.com\/wp-content\/uploads\/logo-bagnoitalia.webp","contentUrl":"https:\/\/img.bagnoitalia.com\/wp-content\/uploads\/logo-bagnoitalia.webp","width":400,"height":70,"caption":"Bagno Italia"},"image":{"@id":"https:\/\/www.bagnoitalia.com\/de#\/schema\/logo\/image\/"}}]}},"_links":{"self":[{"href":"https:\/\/www.bagnoitalia.com\/de\/wp-json\/wp\/v2\/product\/95274","targetHints":{"allow":["GET"]}}],"collection":[{"href":"https:\/\/www.bagnoitalia.com\/de\/wp-json\/wp\/v2\/product"}],"about":[{"href":"https:\/\/www.bagnoitalia.com\/de\/wp-json\/wp\/v2\/types\/product"}],"replies":[{"embeddable":true,"href":"https:\/\/www.bagnoitalia.com\/de\/wp-json\/wp\/v2\/comments?post=95274"}],"version-history":[{"count":3,"href":"https:\/\/www.bagnoitalia.com\/de\/wp-json\/wp\/v2\/product\/95274\/revisions"}],"predecessor-version":[{"id":112501,"href":"https:\/\/www.bagnoitalia.com\/de\/wp-json\/wp\/v2\/product\/95274\/revisions\/112501"}],"wp:featuredmedia":[{"embeddable":true,"href":"https:\/\/www.bagnoitalia.com\/de\/wp-json\/wp\/v2\/media\/112634"}],"wp:attachment":[{"href":"https:\/\/www.bagnoitalia.com\/de\/wp-json\/wp\/v2\/media?parent=95274"}],"wp:term":[{"taxonomy":"product_brand","embeddable":true,"href":"https:\/\/www.bagnoitalia.com\/de\/wp-json\/wp\/v2\/product_brand?post=95274"},{"taxonomy":"product_cat","embeddable":true,"href":"https:\/\/www.bagnoitalia.com\/de\/wp-json\/wp\/v2\/product_cat?post=95274"},{"taxonomy":"product_tag","embeddable":true,"href":"https:\/\/www.bagnoitalia.com\/de\/wp-json\/wp\/v2\/product_tag?post=95274"}],"curies":[{"name":"wp","href":"https:\/\/api.w.org\/{rel}","templated":true}]}}